{"id":11778,"date":"2020-12-13T08:28:52","date_gmt":"2020-12-13T08:28:52","guid":{"rendered":"https:\/\/www.ticketswhales.com\/?post_type=product&#038;p=11778"},"modified":"2023-11-07T21:16:27","modified_gmt":"2023-11-07T21:16:27","slug":"hiking-trails-in-barahona-dominican-republic-cachote-mountains-tropical-fruits-swim","status":"publish","type":"product","link":"https:\/\/www.boattoursamana.com\/hr\/turneja\/pjesacke-staze-u-barahoni-dominikanska-republika-cachote-planine-tropsko-voce-plivati","title":{"rendered":"Pje\u0161a\u010dke staze u Barahoni (Dominikanska Republika). Planine Cachote, tropsko vo\u0107e i plivanje"},"content":{"rendered":"<div class=\"vc_row wpb_row vc_row-fluid\" ><div class=\"wpb_column vc_column_container vc_col-sm-12\"><div class=\"vc_column-inner\"><div class=\"wpb_wrapper\">\n\t<div class=\"wpb_text_column wpb_content_element\" >\n\t\t<div class=\"wpb_wrapper\">\n\t\t\t<p><span style=\"vertical-align: inherit;\"><span style=\"vertical-align: inherit;\"><\/p>\n\n\t\t<\/div>\n\t<\/div>\n<div class=\"vc_btn3-container vc_btn3-inline\" ><button class=\"vc_general vc_btn3 vc_btn3-size-md vc_btn3-shape-rounded vc_btn3-style-modern vc_btn3-color-green\">REZERVIRAJTE SADA<\/button><\/div>\n\t<div class=\"wpb_text_column wpb_content_element\" >\n\t\t<div class=\"wpb_wrapper\">\n\t\t\t<p><\/span><\/span><\/p>\n<div class=\"vc_row wpb_row vc_row-fluid\">\n<div class=\"wpb_column vc_column_container vc_col-sm-12\">\n<div class=\"vc_column-inner\">\n<div class=\"wpb_wrapper\">\n<div class=\"mkdf-section-title-holder\">\n<div class=\"mkdf-st-inner\">\n<h5 class=\"mkdf-st-subtitle\">Planine Cachote, tropsko vo\u0107e i plivanje<\/h5>\n<h3 class=\"mkdf-st-title\">Pje\u0161a\u010dke staze u Barahoni (Dominikanska Republika).<\/h3>\n<\/div>\n<\/div>\n<\/div>\n<\/div>\n<\/div>\n<\/div>\n<div class=\"vc_row wpb_row vc_row-fluid\">\n<div class=\"wpb_column vc_column_container vc_col-sm-12\">\n<div class=\"vc_column-inner\">\n<div class=\"wpb_wrapper\">\n<div class=\"wpb_text_column wpb_content_element\">\n<div class=\"wpb_wrapper\">\n<h4><b><i>Pregled<\/i><\/b><\/h4>\n<p>U\u017eivajte u dnevnom planinarenju planinama Cachote, Barahona. Po\u010dev\u0161i od zajednice Paraiso. U\u010denje o podru\u010djima planta\u017ea kave. Kupanje u prirodnim izvorima i jedna od najljep\u0161ih pla\u017ea u Dominikanskoj Republici sa slikovitim fotografijama.<\/p>\n<h4><b>Uklju\u010divanja i isklju\u010denja<\/b><\/h4>\n<p>&nbsp;<\/p>\n<p><b>Uklju\u010divanja<\/b><\/p>\n<ol>\n<li>Lokalni vodi\u010d s iskustvom u sigurnosti na tom podru\u010dju.<\/li>\n<li>Privatni prijevoz za manje grupe<\/li>\n<li>Svi porezi, naknade i manipulativni tro\u0161kovi<\/li>\n<li>Preuzimanje \/ Prijevoz iz va\u0161eg hotela (podru\u010dje Barahona \/ Para\u00edso \/ Los Patos)<\/li>\n<li>Lokalni vodi\u010d koji govori engleski ili francuski<\/li>\n<li>Tipi\u010dan ru\u010dak (tip sendvi\u010da) i boca vode<\/li>\n<li>Lokalni porezi<\/li>\n<li>Planinarenje<\/li>\n<li>Prirodni bazeni<\/li>\n<\/ol>\n<p><b>Isklju\u010divanja<\/b><\/p>\n<ol>\n<li>Napojnice<\/li>\n<li>Sva pi\u0107a<\/li>\n<li>Sve usluge koje nisu posebno navedene<\/li>\n<li>Osobni tro\u0161kovi i napojnice<\/li>\n<\/ol>\n<h4><em><strong>Polazak &amp; Povratak<\/strong><\/em><\/h4>\n<p>Putnik \u0107e dobiti mjesto sastanka nakon procesa rezervacije. Ture po\u010dinju i zavr\u0161avaju na na\u0161im sastajali\u0161tima.<\/p>\n<p>Te\u017eina: srednje te\u0161ka<br \/>\nTrajanje \u0161etnje: 5-6 sati<br \/>\nNadmorska visina: 800 metara<br \/>\nPolazak iz hotela: 08.00 sati<br \/>\nPovratak u hotel: 17.00 sati<\/p>\n<h2 class=\"styles__heading___mD4_3\" data-radium=\"true\">Pje\u0161a\u010dke staze u Barahoni (Dominikanska Republika). Planine Cachote, tropsko vo\u0107e i plivanje<\/h2>\n<h4><em>\u0160to o\u010dekivati?<\/em><\/h4>\n<p>Ovu \u0161etnju \u0107emo zapo\u010deti u gradu Ojeda koji je poznat po velikoj proizvodnji tipi\u010dnog karipskog vo\u0107a i povr\u0107a. Usput mo\u017eemo ku\u0161ati avokado, naran\u010du, grejpfrut, limun, guavu, mango, papaju, sapote i soup!<\/p>\n<p>Nakon 1 sat i pol penjanja, do\u0107i \u0107emo do impresivnog vidikovca na grad Para\u00edso, Riosito i visoke planine Cachote.<\/p>\n<p>Nastavit \u0107emo se penjati u hladnijoj i vla\u017enijoj klimi sve do mjesta Barrio Nuevo gdje \u0107emo ru\u010dati.<\/p>\n<p>Poslijepodne \u0107emo prije\u0107i veli\u010danstvenu farmu kave na vrhu planine na 800 metara nadmorske visine. Zatim \u0107emo se spu\u0161tati 1 sat dok ne stignemo do klanca Riosito gdje se mo\u017eemo okupati u prekrasnom prirodnom bazenu okru\u017eenom tropskom \u0161umom.<\/p>\n<p>Nastavite hodati dolinom Riosito da zavr\u0161ite dan kupanjem na pla\u017ei Paraiso.<\/p>\n<h4><em><strong>\u0160to trebate ponijeti?<\/strong><\/em><\/h4>\n<ul>\n<li>Fotoaparat<\/li>\n<li>Repelentni pupoljci<\/li>\n<li>Krema za sun\u010danje<\/li>\n<li>WC<\/li>\n<li>\u0160e\u0161ir<\/li>\n<li>Udobne hla\u010de<\/li>\n<li>Planinarske cipele za \u0161umu<\/li>\n<li>Sandale za proljetna podru\u010dja.<\/li>\n<li>Odje\u0107a za kupanje<\/li>\n<\/ul>\n<p>&nbsp;<\/p>\n<h4><b><i>Preuzimanje hotela<\/i><\/b><\/h4>\n<p>Za ovu turu nudi se prijevoz iz hotela. Preuzimanje\/prijevoz od va\u0161eg hotela (podru\u010dje Barahona\/Paraiso\/Los Patos).<\/p>\n<p><b>Bilje\u0161ka:<\/b>\u00a0Ako ste rezervirani unutar 24 sata od vremena polaska ture\/izleta, mo\u017eemo organizirati prijevoz iz hotela. Samo preuzimamo u podru\u010djima Barahone. Nakon \u0161to je va\u0161a kupnja dovr\u0161ena, poslat \u0107emo vam potpune podatke za kontakt (telefonski broj, adresu e-po\u0161te, itd.) za na\u0161eg lokalnog vodi\u010da kako bismo organizirali preuzimanje.<\/p>\n<h4><b><i>Potvrda dodatnih informacija<\/i><\/b><\/h4>\n<ol>\n<li>Ulaznice su ra\u010dun nakon pla\u0107anja ovog putovanja. Uplatu mo\u017eete prikazati na svom telefonu.<\/li>\n<li>Mjesto sastanka bit \u0107e primljeno nakon procesa rezervacije.<\/li>\n<li>Djeca moraju biti u pratnji odrasle osobe.<\/li>\n<li>Nije pristupa\u010dno za invalidska kolica<\/li>\n<li>Dojen\u010dad moraju sjediti u krilu<\/li>\n<li>Ne preporu\u010duje se putnicima koji imaju problema s le\u0111ima<\/li>\n<li>Ne preporu\u010duje se trudnicama koje putuju<\/li>\n<li>Nema problema sa srcem ili drugih ozbiljnih zdravstvenih stanja<\/li>\n<li>Ve\u0107ina putnika mo\u017ee sudjelovati<\/li>\n<\/ol>\n<h4><b><i>Politika otkazivanja<\/i><\/b><\/h4>\n<p>Za puni povrat novca otka\u017eite najmanje 72 sata prije datuma po\u010detka iskustva. Sredstva \u0107e biti izgubljena ako se rezervacija otka\u017ee isti dan putovanja.<\/p>\n<\/div>\n<\/div>\n<\/div>\n<\/div>\n<\/div>\n<\/div>\n\n\t\t<\/div>\n\t<\/div>\n<\/div><\/div><\/div><\/div><div class=\"wpb_column vc_column_container vc_col-sm-12\"><div class=\"vc_column-inner\"><div class=\"wpb_wrapper\"><\/div><\/div><\/div><div class=\"wpb_column vc_column_container vc_col-sm-12\"><div class=\"vc_column-inner\"><div class=\"wpb_wrapper\"><\/div><\/div><\/div>","protected":false},"excerpt":{"rendered":"<p>Kupite dnevnu kartu za Bahia las Aguilas iz Barahone. Vo\u017enja nacionalnim parkom Jaragua i odlazak do Cabo Roja gdje vas \u010deka brod. Nakon 15 minuta vo\u017enje brodom sti\u017eete do prekrasne i izolirane pla\u017ee Bah\u00eda de las \u00c1guilas, koja se smatra najljep\u0161om pla\u017eom u zemlji. Ru\u010dak \u0107e biti poslu\u017een na pla\u017ei i imate priliku plivati ili se samo opustiti na pla\u017ei. U\u017eivajte u netaknutom bijelom pijesku ove 8 km duge pla\u017ee.<\/p>\n<p>&nbsp;<\/p>\n<p><strong>Odaberite dan za ovo putovanje:<\/strong><\/p>","protected":false},"featured_media":11651,"template":"","meta":[],"product_cat":[160,847],"product_tag":[850,566,849,848],"class_list":["post-11778","product","type-product","status-publish","has-post-thumbnail","hentry","product_cat-lunch","product_cat-barahona","product_tag-barahona-hiking","product_tag-barahona-tours","product_tag-cachote-tour","product_tag-paraiso-tour"],"_links":{"self":[{"href":"https:\/\/www.boattoursamana.com\/hr\/wp-json\/wp\/v2\/product\/11778","targetHints":{"allow":["GET"]}}],"collection":[{"href":"https:\/\/www.boattoursamana.com\/hr\/wp-json\/wp\/v2\/product"}],"about":[{"href":"https:\/\/www.boattoursamana.com\/hr\/wp-json\/wp\/v2\/types\/product"}],"wp:featuredmedia":[{"embeddable":true,"href":"https:\/\/www.boattoursamana.com\/hr\/wp-json\/wp\/v2\/media\/11651"}],"wp:attachment":[{"href":"https:\/\/www.boattoursamana.com\/hr\/wp-json\/wp\/v2\/media?parent=11778"}],"wp:term":[{"taxonomy":"product_cat","embeddable":true,"href":"https:\/\/www.boattoursamana.com\/hr\/wp-json\/wp\/v2\/product_cat?post=11778"},{"taxonomy":"product_tag","embeddable":true,"href":"https:\/\/www.boattoursamana.com\/hr\/wp-json\/wp\/v2\/product_tag?post=11778"}],"curies":[{"name":"wp","href":"https:\/\/api.w.org\/{rel}","templated":true}]}}