{"id":12064,"date":"2021-01-29T09:07:31","date_gmt":"2021-01-29T09:07:31","guid":{"rendered":"https:\/\/www.ticketswhales.com\/Tours-Excursions\/uncategorized\/import-placeholder-for-8651\/"},"modified":"2023-10-03T11:26:02","modified_gmt":"2023-10-03T11:26:02","slug":"excursion-whale-watching-samana-bay-cano-hondo-los-haitises-from-samana-port","status":"publish","type":"product","link":"https:\/\/www.boattoursamana.com\/hr\/turneja\/izlet-promatranje-kitova-samana-bay-cano-hondo-los-haitises-iz-luke-samana","title":{"rendered":"Izlet Promatranje kitova Saman\u00e1 Bay + Ca\u00f1o Hondo + Los Haitises iz luke Saman\u00e1"},"content":{"rendered":"<div class=\"vc_row wpb_row vc_row-fluid\" ><\/div><div class=\"wpb_column vc_column_container vc_col-sm-12\"><div class=\"vc_column-inner\"><div class=\"wpb_wrapper\"><\/div><\/div><\/div><div class=\"mkdf-section-title-holder\" style=\"text-align: left\">\n\t<div class=\"mkdf-st-inner\">\n\t\t\t\t\t<h5 class=\"mkdf-st-subtitle\" >\n\t\t\t\tTure i izleti\t\t\t<\/h5>\n\t\t\t\t\t\t\t<h3 class=\"mkdf-st-title\" >\n\t\t\t\tIzlet Whale Watching Samana bay + Cano Hondo + Los Haitises iz luke Samana\t\t\t<\/h3>\n\t\t\t\t\t<\/div>\n<\/div>\n\t<div class=\"wpb_text_column wpb_content_element\" >\n\t\t<div class=\"wpb_wrapper\">\n\t\t\t<div class=\"vc_row wpb_row vc_row-fluid\">\n<div class=\"wpb_column vc_column_container vc_col-sm-12\">\n<div class=\"vc_column-inner\">\n<div class=\"wpb_wrapper\">\n<div class=\"wpb_text_column wpb_content_element\">\n<div class=\"wpb_wrapper\">\n<h3><\/h3>\n<p>Promatranje kitova u Saman\u00e1 po\u010dinje iz luke Saman\u00e1 nakon promatranja kitova \u0107emo prije\u0107i zaljev da posjetimo prirodne bazene Ca\u00f1o Hondo plus ru\u010dak i cijeli izlet u Nacionalni park Los Haitises.<\/p>\n<p>Ovo putovanje \u0107e zapo\u010deti u 9:00 ujutro i zavr\u0161iti u 17:00 sati. Prethodni sastanak u na\u0161em uredu. Nakon prekida na\u0161eg privatnog broda kako bismo posjetili kitove u njihovom stani\u0161tu. Od 9:00 do 11:00 sati Opservatorij za kitove i nakon ovog izleta za promatranje kitova posjetit \u0107emo Ca\u00f1o Hondo za ru\u010dak plus kupanje u prirodnim bazenima i zavr\u0161iti punim izletom u Nacionalni park Los Haitises. Ovaj izlet \u0107e zavr\u0161iti u istoj luci odakle \u0107e krenuti u 17:00 sati.<\/p>\n<p><strong>Napomena: ovo je privatni izlet.\u00a0<\/strong><\/p>\n<ul>\n<li>Promatranje kitova<\/li>\n<li>Obilazak nacionalnog parka Los Haitises<\/li>\n<li>Ca\u00f1o Hondo, ru\u010dak i bazeni<\/li>\n<li>Ulaznice u Zvjezdarnicu<\/li>\n<li>Transfer brodom<\/li>\n<li>Kapetan daje upute i nadzor<\/li>\n<li>Turisti\u010dki vodi\u010d<\/li>\n<\/ul>\n<p>&nbsp;<\/p>\n<h4><b>Uklju\u010divanja i isklju\u010denja<\/b><\/h4>\n<p>&nbsp;<\/p>\n<p><b>Uklju\u010divanja<\/b><\/p>\n<ol>\n<li>Buffet ru\u010dak u Ca\u00f1o Hondo<\/li>\n<li>Prirodni bazeni<\/li>\n<li>Promatranje kitova u zaljevu Saman\u00e1<\/li>\n<li>Nacionalni park Los Haitises, \u0161pilje, mangrove i zaljev San Lorenzo<\/li>\n<li>Turisti\u010dki vodi\u010d<\/li>\n<li>Izlet katamaranom ili brodom<\/li>\n<li>Svi porezi, naknade i manipulativni tro\u0161kovi<\/li>\n<li>Lokalni porezi<\/li>\n<li>Pi\u0107a<\/li>\n<\/ol>\n<p><b>Isklju\u010divanja<\/b><\/p>\n<ol>\n<li>Napojnice<\/li>\n<li>Transfer Auto<\/li>\n<li>Alkoholna pi\u0107a<\/li>\n<\/ol>\n<p>&nbsp;<\/p>\n<h4><em><strong>Polazak &amp; Povratak<\/strong><\/em><\/h4>\n<p>Putnik \u0107e dobiti mjesto sastanka nakon procesa rezervacije. Ture po\u010dinju i zavr\u0161avaju na na\u0161im sastajali\u0161tima.<\/p>\n<p>&nbsp;<\/p>\n<h4><b><i>\u0160to o\u010dekivati?<\/i><\/b><\/h4>\n<p>&nbsp;<\/p>\n<p><em><strong>Nabavite svoje ulaznice<\/strong><\/em> za jednodnevnu turu promatranja kitova u zaljevu Samana plus prekrasan ru\u010dak i vrijeme na pla\u017ei te posjet Nacionalnom parku Los Haitises.<\/p>\n<p>Izleti promatranja kitova organizirani su od strane \u201cBooking Adventures\u201d i po\u010dinju na mjestu sastanka koje je odredio vodi\u010d. Ru\u010dak na pla\u017ei i mo\u017eete ostati koliko god \u017eelite kupaju\u0107i se. Ako ste vegan, tako\u0111er mo\u017eemo pripremiti hranu za vas.<\/p>\n<p><strong>Raspored:<\/strong><\/p>\n<p>8:45 \u2013 17:00 sati<\/p>\n<p>&nbsp;<\/p>\n<h4><em><strong>\u0160to trebate ponijeti?<\/strong><\/em><\/h4>\n<ul>\n<li>Fotoaparat<\/li>\n<li>Repelentni pupoljci<\/li>\n<li>krema za sun\u010danje<\/li>\n<li>\u0160e\u0161ir<\/li>\n<li>Udobne hla\u010de<\/li>\n<li>Sandale za pla\u017eu<\/li>\n<li>Odje\u0107a za kupanje<\/li>\n<li>Gotovina za suvenire<\/li>\n<\/ul>\n<p>&nbsp;<\/p>\n<h4><b><i>Preuzimanje iz hotela<\/i><\/b><\/h4>\n<p>Prijevoz iz hotela nije ponu\u0111en za ovaj izlet.<\/p>\n<p>&nbsp;<\/p>\n<p><b>Bilje\u0161ka:<\/b>\u00a0Ako rezervirate u roku od 24 sata od vremena polaska putovanja\/izleta, mo\u017eemo organizirati prijevoz iz hotela uz dodatne naknade. Nakon \u0161to je va\u0161a kupnja dovr\u0161ena, poslat \u0107emo vam potpune podatke za kontakt (telefonski broj, adresu e-po\u0161te, itd.) za na\u0161eg lokalnog vodi\u010da kako bismo organizirali preuzimanje.<\/p>\n<h4><b><i>Potvrda dodatnih informacija<\/i><\/b><\/h4>\n<ol>\n<li>Ulaznice su ra\u010dun nakon pla\u0107anja ovog putovanja. Uplatu mo\u017eete prikazati na svom telefonu.<\/li>\n<li>Mjesto sastanka bit \u0107e primljeno nakon procesa rezervacije.<\/li>\n<li>Djeca moraju biti u pratnji odrasle osobe.<\/li>\n<li>Dostupno invalidskim kolicima<\/li>\n<li>Dojen\u010dad moraju sjediti u krilu<\/li>\n<li>Ve\u0107ina putnika mo\u017ee sudjelovati<\/li>\n<\/ol>\n<h4><b><i>Politika otkazivanja<\/i><\/b><\/h4>\n<p>Za potpuni povrat novca pro\u010ditajte na\u0161a pravila otkazivanja\u00a0<a href=\"https:\/\/www.boattoursamana.com\/hr\/online-rezervacija\/\" target=\"_blank\" rel=\"noopener\" data-saferedirecturl=\"https:\/\/www.google.com\/url?q=https:\/\/www.boattoursamana.com\/online-booking\/&amp;source=gmail&amp;ust=1672449202351000&amp;usg=AOvVaw1yAeVAPktmaVCqDujgUn90\">Kliknite ovdje<\/a>. Sredstva \u0107e biti izgubljena ako se rezervacija otka\u017ee isti dan putovanja.<\/p>\n<\/div>\n<\/div>\n<\/div>\n<\/div>\n<\/div>\n<\/div>\n<div class=\"vc_row wpb_row vc_row-fluid\">\n<div class=\"wpb_column vc_column_container vc_col-sm-12\">\n<div class=\"vc_column-inner\">\n<div class=\"wpb_wrapper\">\n<div class=\"wpb_text_column wpb_content_element\">\n<div class=\"wpb_wrapper\">\n<h4>Kontaktirajte nas?<\/h4>\n<h5><b><i>TOUR WALES SAMANA<\/i><\/b><\/h5>\n<p><em><strong>Mje\u0161tani<\/strong>\u00a0i\u00a0<strong>Dr\u017eavljani<\/strong>\u00a0Turisti\u010dki vodi\u010di i usluge za goste<\/em><\/p>\n<p><span class=\"text-turquoise\">Rezervacije:<\/span>\u00a0Ture i izleti u Dom. Rep.<\/p>\n<p><img decoding=\"async\" class=\"emoji\" draggable=\"false\" src=\"https:\/\/s.w.org\/images\/core\/emoji\/11.2.0\/svg\/1f4de.svg\" alt=\"\ud83d\udcde\" title=\"\">\u00a0Tel \/ Whatsapp\u00a0\u00a0<a href=\"tel:+1-809-720-6035\">+1-809-720-6035<\/a>.<\/p>\n<p><img decoding=\"async\" class=\"emoji\" draggable=\"false\" src=\"https:\/\/s.w.org\/images\/core\/emoji\/11.2.0\/svg\/1f4e9.svg\" alt=\"\ud83d\udce9\" title=\"\">\u00a0<a href=\"mailto:info@bookingadventures.com.do\">info@bookingadventures.com.do<\/a><\/p>\n<p><strong>Mi smo fleksibilni i postavljamo privatne obilaske putem Whatsappa:\u00a0<a href=\"tel:+18097206035\">+18097206035.<\/a><\/strong><\/p>\n<\/div>\n<\/div>\n<\/div>\n<\/div>\n<\/div>\n<\/div>\n\n\t\t<\/div>\n\t<\/div>\n<div class=\"mkdf-section-title-holder\" style=\"text-align: left\">\n\t<div class=\"mkdf-st-inner\">\n\t\t\t\t\t<h5 class=\"mkdf-st-subtitle\" >\n\t\t\t\tPrivatni obilasci i izleti\t\t\t<\/h5>\n\t\t\t\t\t\t\t<h3 class=\"mkdf-st-title\" >\n\t\t\t\tPrivatni izlet Promatranje kitova Samana Bay + Cano Hondo + Los Haitises iz luke Samana\t\t\t<\/h3>\n\t\t\t\t\t<\/div>\n<\/div>\n\t<div class=\"wpb_text_column wpb_content_element\" >\n\t\t<div class=\"wpb_wrapper\">\n\t\t\t<p>Ja sam blok teksta. Pritisnite gumb za ure\u0111ivanje da biste promijenili ovaj tekst. Lorem ipsum dolor sit amet, consectetur adipiscing elit. Ut elit tellus, luctus nec ullamcorper mattis, pulvinar dapibus leo.<\/p>\n\n\t\t<\/div>\n\t<\/div>","protected":false},"excerpt":{"rendered":"<p>Ovo je privatni izlet u zvjezdarnicu za promatranje kitova nakon ru\u010dka u Ca\u00f1o Hondo Ecolodge i Nacionalnom parku Los Haitises. Nitko drugi ne nudi ovo nevjerojatno iskustvo na jednodnevnom izletu s profesionalnim ekolo\u0161kim vodi\u010dima za promatranje kitova. Ako nas \u017eelite kontaktirati za savjet, po\u0161aljite e-po\u0161tu, Whatsapp ili dostupne pozive. Molimo vas da svoje ulaznice rezervirate na vrijeme.<\/p>\n<p>&nbsp;<\/p>\n<p><strong>Odaberite datum izleta:<\/strong><\/p>","protected":false},"featured_media":11955,"template":"","meta":[],"product_cat":[655,928,860,861,862,933,656,657,658,659,660,661,662,663,664,273,665],"product_tag":[184,176,223,171,186,667,668,524,669,276,274,863,670],"class_list":["post-12064","product","type-product","status-publish","has-post-thumbnail","hentry","product_cat-1-samana","product_cat-boat-trip-los-haitises","product_cat-cano-hondo","product_cat-cano-hondo-2021","product_cat-los-haitises-national-park","product_cat-natural-pools-los-haitises","product_cat-tour-excursion","product_cat-tours-excursions","product_cat-tours-excursions-whale-watching-samana-bay-dominican-republic","product_cat-whale-miches","product_cat-whale-sabana-de-la-mar","product_cat-whale-samana","product_cat-whale-watching","product_cat-whale-watching-puerto-plata","product_cat-whale-watching-punta-cana","product_cat-whale-watching-samana","product_cat-whale-watching-samana-bay","product_tag-bacardi-island","product_tag-cano-hondo","product_tag-cayo-levantado","product_tag-los-haitises","product_tag-samana","product_tag-samana-tour","product_tag-whale","product_tag-whale-punta-cana","product_tag-whale-sabana-de-la-mar","product_tag-whale-samana","product_tag-whale-watching-dominican-republic","product_tag-whales-in-samana","product_tag-whales-trips"],"_links":{"self":[{"href":"https:\/\/www.boattoursamana.com\/hr\/wp-json\/wp\/v2\/product\/12064","targetHints":{"allow":["GET"]}}],"collection":[{"href":"https:\/\/www.boattoursamana.com\/hr\/wp-json\/wp\/v2\/product"}],"about":[{"href":"https:\/\/www.boattoursamana.com\/hr\/wp-json\/wp\/v2\/types\/product"}],"wp:featuredmedia":[{"embeddable":true,"href":"https:\/\/www.boattoursamana.com\/hr\/wp-json\/wp\/v2\/media\/11955"}],"wp:attachment":[{"href":"https:\/\/www.boattoursamana.com\/hr\/wp-json\/wp\/v2\/media?parent=12064"}],"wp:term":[{"taxonomy":"product_cat","embeddable":true,"href":"https:\/\/www.boattoursamana.com\/hr\/wp-json\/wp\/v2\/product_cat?post=12064"},{"taxonomy":"product_tag","embeddable":true,"href":"https:\/\/www.boattoursamana.com\/hr\/wp-json\/wp\/v2\/product_tag?post=12064"}],"curies":[{"name":"wp","href":"https:\/\/api.w.org\/{rel}","templated":true}]}}