{"id":12607,"date":"2021-07-16T05:50:21","date_gmt":"2021-07-16T05:50:21","guid":{"rendered":"https:\/\/www.ticketswhales.com\/?post_type=product&#038;p=12607"},"modified":"2023-10-06T11:35:26","modified_gmt":"2023-10-06T11:35:26","slug":"los-haitises-kayaking-boat-trip-caves-and-swimming-at-private-beach-all-in-one","status":"publish","type":"product","link":"https:\/\/www.boattoursamana.com\/hr\/turneja\/los-haitises-voznja-kajakom-izlet-brodom-spilje-i-kupanje-na-privatnoj-plazi-sve-u-jednom","title":{"rendered":"Los Haitises Vo\u017enja kajakom + izlet brodom + \u0161pilje i kupanje na privatnoj pla\u017ei (sve u jednom)."},"content":{"rendered":"<div class=\"vc_row wpb_row vc_row-fluid\" ><div class=\"wpb_column vc_column_container vc_col-sm-12\"><div class=\"vc_column-inner\"><div class=\"wpb_wrapper\"><div class=\"vc_btn3-container vc_btn3-inline\" ><button class=\"vc_general vc_btn3 vc_btn3-size-md vc_btn3-shape-rounded vc_btn3-style-modern vc_btn3-color-green\">REZERVIRAJTE SADA<\/button><\/div>\n\t<div class=\"wpb_text_column wpb_content_element\" >\n\t\t<div class=\"wpb_wrapper\">\n\t\t\t<h4><b><i>Pregled <\/i><\/b><\/h4>\n<p><span style=\"font-weight: 400;\">Pobjegnite iz grada i uronite u ekoturizam provincije Hato Mayor, prve ekoturisti\u010dke pokrajine Dominikanske Republike. Po\u0111ite s nama i u\u017eivajte u svje\u017eim vodama jedne od neistra\u017eenih pla\u017ea Los Haitises, gdje se nalazi zaljev San Lorenzo. Mjesto je dostupno brodom, okru\u017eeno pra\u0161umom i \u0161umom mangrova. Tijekom plovidbe do\u0107i \u0107ete u dodir s prirodom i nezaboravnim krajolikom ovog nacionalnog parka. Ova \u0107e tura biti kombinacija vo\u017enje kajakom, vo\u017enje \u010damcem, posjeta jednoj \u0161pilji i plivanja u jednom od najva\u017enijih nacionalnih parkova u zemlji, ovdje se nalazi ve\u0107ina bioraznolikosti otoka i druga po veli\u010dini \u0161uma mangrova s vi\u0161e od 98 km2.\u00a0<\/span><\/p>\n<p>&nbsp;<\/p>\n<p><span style=\"font-weight: 400;\">Na\u0161e lokalno i stru\u010dno osoblje pobrinut \u0107e se da zaista upoznate kulturu Taina, njihovu povijest u Los Haitises i njihovu povezanost s prirodom. Ova tura je u na\u010dinu ekoturizma gdje zajednica igra vrlo va\u017enu ulogu, oni su vodi\u010di, Capitan brodovi i voza\u010di.<\/span><\/p>\n<p>&nbsp;<\/p>\n<p><span style=\"font-weight: 400;\">Prioritet Booking Adventurea je osigurati da dobijete najbolje od najboljeg, od trenutka kupnje karte do zavr\u0161etka putovanja. Na\u0161i obilasci usmjereni su na obrazovanje o okoli\u0161u, avanturu i lokalnu povijest, a tijekom ovog putovanja vidjet \u0107ete pomalo od svega.\u00a0<\/span><\/p>\n<h3><span style=\"font-weight: 400;\">Uklju\u010divanja i isklju\u010denja<\/span><\/h3>\n<h6><strong>Uklju\u010divanja<\/strong><\/h6>\n<ul>\n<li><span style=\"font-weight: 400;\">Brod i kapetan\u00a0<\/span><\/li>\n<li><span style=\"font-weight: 400;\">Kajaci\u00a0<\/span><\/li>\n<li><span style=\"font-weight: 400;\">Grickalice (voda, vo\u0107e, sendvi\u010di i sok)<\/span><\/li>\n<li><span style=\"font-weight: 400;\">Svi porezi, naknade i manipulativni tro\u0161kovi<\/span><\/li>\n<li><span style=\"font-weight: 400;\">Lokalni porezi<\/span><\/li>\n<li><span style=\"font-weight: 400;\">Slu\u017ebenici, ekolozi, turisti\u010dki vodi\u010di engleski\/\u0161panjolski<\/span><\/li>\n<li><span style=\"font-weight: 400;\">Prirodni bazeni za plivanje i neistra\u017eena pla\u017ea\u00a0<\/span><\/li>\n<li><span style=\"font-weight: 400;\">Jedna \u0161pilja\u00a0<\/span><\/li>\n<\/ul>\n<p>&nbsp;<\/p>\n<h6><strong>Isklju\u010divanja<\/strong><\/h6>\n<p>&nbsp;<\/p>\n<ul>\n<li><span style=\"font-weight: 400;\">Napojnice<\/span><\/li>\n<li><span style=\"font-weight: 400;\">Pi\u0107e<\/span><\/li>\n<li><span style=\"font-weight: 400;\">Prijenos\u00a0<\/span><\/li>\n<\/ul>\n<p><span style=\"font-weight: 400;\">\u00a0<\/span><\/p>\n<h6><strong>Polazak &amp; Povratak<\/strong><\/h6>\n<p>&nbsp;<\/p>\n<p><span style=\"font-weight: 400;\">Tura koju organizira \u201cBooking Adventures\u201d po\u010dinje na mjestu susreta s vodi\u010dem ili \u010dlanom osoblja. Putnik \u0107e dobiti mjesto sastanka nakon procesa rezervacije. Ture po\u010dinju i zavr\u0161avaju na na\u0161im sastajali\u0161tima.<\/span><\/p>\n<h2>Los Haitises vo\u017enja kajakom + izlet brodom + \u0161pilje i pla\u017ea za plivanje (sve u jednom).<\/h2>\n<p><span style=\"font-weight: 400;\">\u0160to o\u010dekivati?<\/span><\/p>\n<p>&nbsp;<\/p>\n<p><span style=\"font-weight: 400;\">Nabavite kartu za ekolo\u0161ki avanturisti\u010dki obilazak Nacionalnog parka Los Haitises, sve u jednom\u00a0<\/span><\/p>\n<p>&nbsp;<\/p>\n<p><span style=\"font-weight: 400;\">Ova ekskurzija po\u010dinje s mjesta sastanka koje morate potvrditi s na\u0161im putni\u010dkim agentima ili svojim vodi\u010dem prije nego krenete na bilo koju lokaciju. Nakon \u0161to upoznate svog vodi\u010da, dobit \u0107ete izvje\u0161\u0107e o obilasku i svemu vezanom za va\u0161 dan.<\/span><\/p>\n<p>&nbsp;<\/p>\n<p><span style=\"font-weight: 400;\">Kada svi budu spremni i pokupimo kajake krenut \u0107emo prema prvoj lokaciji a to je Playita Las Almejas gdje se nalaze prirodni bazeni, dok plovimo kroz \u0161umu mangrova i sloj zaljeva San Lorenzo podijelit \u0107emo s vama pri\u010de o Los Haitises, Geologija i pregledajte vrste mangrova koje se nalaze oko zaljeva San Lorenzo.\u00a0<\/span><\/p>\n<p>&nbsp;<\/p>\n<p><span style=\"font-weight: 400;\">Kad stignemo na prvu lokaciju, trebate pripremiti kupa\u0107i kostim za odlazak na kajak i veslati do Cave of line sa svojim vodi\u010dem, ostalo osoblje \u0107e vas \u010dekati dok ne zavr\u0161ite prvi dio aktivnosti.<\/span><\/p>\n<p>&nbsp;<\/p>\n<p><span style=\"font-weight: 400;\">Tijekom ovog dijela va\u0161eg putovanja, mo\u0107i \u0107ete obi\u0107i staru luku Las Perlas koja je jedna od prvih gra\u0111evina koju su izgradili Europljani na tom podru\u010dju, oko 1876. godine, a bila je povezana \u017eeljezni\u010dkom linijom koja je bila prijevoz za kava, banane i sve \u0161to je ova skupina Europljana uzgajala na podru\u010dju dana\u0161njeg Los Haitisesa.\u00a0<\/span><\/p>\n<p>&nbsp;<\/p>\n<p><span style=\"font-weight: 400;\">U \u0161pilji koju \u0107ete posjetiti nalazi se vi\u0161e od 1200 piktografija koje su naslikali Tainosi, to je bio na\u010din da se izraze, a danas nam ova umjetnost pri\u010da pri\u010de za koje nismo mislili da \u0107emo ih na\u0107i u dana\u0161nje vrijeme. Kada zavr\u0161ite ovdje, vratit \u0107emo se u Playa de las Almejas na grickalice i kupanje.\u00a0<\/span><\/p>\n<p>&nbsp;<\/p>\n<p><span style=\"font-weight: 400;\">Nakon plivanja u prirodnom bazenu vratit \u0107emo se u glavnu luku u podru\u010dju Cano Hondo, ovo je 5-satna tura koja vam daje priliku da nadgledate ve\u0107inu Sabana de la Mar i Nacionalni park Los Haitises, ova ekskurzija zavr\u0161ava u na istom mjestu gdje je i po\u010delo.<\/span><\/p>\n<p>&nbsp;<\/p>\n<p><span style=\"font-weight: 400;\">Napomena: Ove ture su s turisti\u010dkim vodi\u010dima slu\u017ebenih ekologa. Rezervirajte na vrijeme jer u parku nema previ\u0161e stru\u010dnjaka.<\/span><\/p>\n<p>&nbsp;<\/p>\n<h6><strong>\u0160to trebate ponijeti?<\/strong><\/h6>\n<ul>\n<li style=\"font-weight: 400;\" aria-level=\"1\"><span style=\"font-weight: 400;\">Fotoaparat<\/span><\/li>\n<li style=\"font-weight: 400;\" aria-level=\"1\"><span style=\"font-weight: 400;\">Sprej protiv insekata\u00a0<\/span><\/li>\n<li style=\"font-weight: 400;\" aria-level=\"1\"><span style=\"font-weight: 400;\">Krema za sun\u010danje<\/span><\/li>\n<li style=\"font-weight: 400;\" aria-level=\"1\"><span style=\"font-weight: 400;\">Udobne hla\u010de<\/span><\/li>\n<li style=\"font-weight: 400;\" aria-level=\"1\"><span style=\"font-weight: 400;\">Tenisice<\/span><\/li>\n<li style=\"font-weight: 400;\" aria-level=\"1\"><span style=\"font-weight: 400;\">Ki\u0161na jakna\u00a0<\/span><\/li>\n<li style=\"font-weight: 400;\" aria-level=\"1\"><span style=\"font-weight: 400;\">Kupa\u0107i kostim\u00a0<\/span><\/li>\n<li style=\"font-weight: 400;\" aria-level=\"1\"><span style=\"font-weight: 400;\">Ru\u010dnik\u00a0<\/span><\/li>\n<\/ul>\n<h4><b><i>Preuzimanje iz hotela <\/i><\/b><\/h4>\n<p><span style=\"font-weight: 400;\">Prijevoz iz hotela nije ponu\u0111en za ovaj izlet. Samo ako ste u hotelu Cano Hondo ili hotelima u podru\u010dju Sabana de la mar.<\/span><\/p>\n<p><b>Bilje\u0161ka:<\/b><span style=\"font-weight: 400;\"> Ako rezervirate u roku od 24 sata od vremena polaska putovanja\/izleta, mo\u017eemo organizirati prijevoz iz hotela uz dodatne naknade iz bilo kojeg mjesta u Dominikanskoj Republici. Nakon \u0161to je va\u0161a kupnja dovr\u0161ena, poslat \u0107emo vam potpune podatke za kontakt (telefonski broj, adresu e-po\u0161te, itd.) za na\u0161eg lokalnog vodi\u010da kako bismo organizirali preuzimanje.<\/span><\/p>\n<h4><b><i>Potvrda dodatnih informacija <\/i><\/b><\/h4>\n<ol>\n<li>Ulaznice su ra\u010dun nakon pla\u0107anja ovog putovanja. Uplatu mo\u017eete prikazati na svom telefonu.<\/li>\n<li style=\"font-weight: 400;\"><span style=\"font-weight: 400;\">Mjesto sastanka bit \u0107e primljeno nakon procesa rezervacije.<\/span><\/li>\n<li style=\"font-weight: 400;\"><span style=\"font-weight: 400;\">Djeca moraju biti u pratnji odrasle osobe.<\/span><\/li>\n<li style=\"font-weight: 400;\"><span style=\"font-weight: 400;\"> Nije pristupa\u010dno za invalidska kolica <\/span><\/li>\n<li style=\"font-weight: 400;\"><span style=\"font-weight: 400;\">Dojen\u010dad moraju sjediti u krilu <\/span><\/li>\n<li style=\"font-weight: 400;\"><span style=\"font-weight: 400;\">Ne preporu\u010duje se putnicima koji imaju problema s le\u0111ima<\/span><\/li>\n<li style=\"font-weight: 400;\"><span style=\"font-weight: 400;\">Ne preporu\u010duje se trudnicama koje putuju <\/span><\/li>\n<li style=\"font-weight: 400;\"><span style=\"font-weight: 400;\"> Nema problema sa srcem ili drugih ozbiljnih zdravstvenih stanja <\/span><\/li>\n<li style=\"font-weight: 400;\"><span style=\"font-weight: 400;\">Ve\u0107ina putnika mo\u017ee sudjelovati<\/span><\/li>\n<\/ol>\n<h4><b><i>Politika otkazivanja<\/i><\/b><\/h4>\n<p>Za potpuni povrat novca pro\u010ditajte na\u0161a pravila otkazivanja\u00a0<a href=\"https:\/\/www.boattoursamana.com\/hr\/online-rezervacija\/\" target=\"_blank\" rel=\"noopener\" data-saferedirecturl=\"https:\/\/www.google.com\/url?q=https:\/\/www.boattoursamana.com\/online-booking\/&amp;source=gmail&amp;ust=1672449202351000&amp;usg=AOvVaw1yAeVAPktmaVCqDujgUn90\">Kliknite ovdje<\/a>. Sredstva \u0107e biti izgubljena ako se rezervacija otka\u017ee isti dan putovanja.<\/p>\n\n\t\t<\/div>\n\t<\/div>\n<\/div><\/div><\/div><\/div><div class=\"vc_row wpb_row vc_row-fluid\" ><div class=\"wpb_column vc_column_container vc_col-sm-12\"><div class=\"vc_column-inner\"><div class=\"wpb_wrapper\"><\/div><\/div><\/div><\/div><div class=\"vc_row wpb_row vc_row-fluid\" ><div class=\"wpb_column vc_column_container vc_col-sm-12\"><div class=\"vc_column-inner\"><div class=\"wpb_wrapper\"><\/div><\/div><\/div><\/div><div class=\"wpb_column vc_column_container vc_col-sm-12\"><div class=\"vc_column-inner\"><div class=\"wpb_wrapper\"><\/div><\/div><\/div><div class=\"vc_row wpb_row vc_row-fluid\" ><div class=\"wpb_column vc_column_container vc_col-sm-12\"><div class=\"vc_column-inner\"><div class=\"wpb_wrapper\">\n\t<div class=\"wpb_video_widget wpb_content_element vc_clearfix   vc_video-aspect-ratio-169 vc_video-el-width-100 vc_video-align-left\" >\n\t\t<div class=\"wpb_wrapper\">\n\t\t\t<h2 class=\"wpb_heading wpb_video_heading\">Kajaci Los Haitises<\/h2>\n\t\t\t<div class=\"wpb_video_wrapper\"><iframe loading=\"lazy\" title=\"Kajaka\u0161ka i speleolo\u0161ka tura u Nacionalnom parku Los Haitises, Dominikanska Republika\" width=\"1100\" height=\"619\" src=\"https:\/\/www.youtube.com\/embed\/ucU1uwB57wQ?feature=oembed\" frameborder=\"0\" allow=\"accelerometer; autoplay; clipboard-write; encrypted-media; gyroscope; picture-in-picture; web-share\" allowfullscreen><\/iframe><\/div>\n\t\t<\/div>\n\t<\/div>\n<div class=\"vc_btn3-container vc_btn3-inline\" ><button class=\"vc_general vc_btn3 vc_btn3-size-md vc_btn3-shape-rounded vc_btn3-style-modern vc_btn3-color-green\">REZERVIRAJTE SADA<\/button><\/div><\/div><\/div><\/div><\/div>","protected":false},"excerpt":{"rendered":"<div>Kajak + vo\u017enja \u010damcem + \u0161pilje i pla\u017ea za kupanje (sve u jednom). Nacionalni park Los Haitises s lokalnim turisti\u010dkim vodi\u010dem iz Sabana de la Mar. Posjet pra\u0161umi, maloj privatnoj pla\u017ei, podru\u010djima kokosa, kave i kakaovca. U\u010denje o izvornoj povijesti Nacionalnog parka Los Haitises.<\/div>\n<div><\/div>\n<div>Odaberite datum za sveobuhvatno avanturisti\u010dko putovanje:<\/div>","protected":false},"featured_media":13254,"template":"","meta":[],"product_cat":[456,946,928,934,862,254,255],"product_tag":[422,268,174,173,577,576,571,570,569,317,316,206,209,575,441,574,572,499,175,498,200,187,573],"class_list":["post-12607","product","type-product","status-publish","has-post-thumbnail","hentry","product_cat-day-trips","product_cat-1-sabana-de-la-mar","product_cat-boat-trip-los-haitises","product_cat-kayaking-los-haitises","product_cat-los-haitises-national-park","product_cat-tours-excursions-los-haitises-national-park","product_cat-tours-excursions-samana-bay-dominican-republic","product_tag-cano-hondo-sabana-de-la-mar","product_tag-caves-los-haitises","product_tag-eco-tours","product_tag-excursion","product_tag-hike-kayak","product_tag-hike-kayak-los-haitises-national-park","product_tag-hiking-los-haitises","product_tag-hiking-sabana-de-la-mar","product_tag-hiking-samana","product_tag-kayak-tour","product_tag-kayaking","product_tag-kayaking-los-haitises","product_tag-los-haitises-national-park","product_tag-los-haitises-national-park-entrance-fee","product_tag-los-haitises-national-park-tour-from-las-terrenas","product_tag-los-haitises-national-park-tour-from-santo-domingo","product_tag-los-haitises-national-park-weather","product_tag-los-haitises-sabana-de-la-mar","product_tag-sabana-de-la-mar","product_tag-sabana-de-la-mar-tour","product_tag-samana-excursions","product_tag-samana-tours","product_tag-secrets-of-los-haitises"],"_links":{"self":[{"href":"https:\/\/www.boattoursamana.com\/hr\/wp-json\/wp\/v2\/product\/12607","targetHints":{"allow":["GET"]}}],"collection":[{"href":"https:\/\/www.boattoursamana.com\/hr\/wp-json\/wp\/v2\/product"}],"about":[{"href":"https:\/\/www.boattoursamana.com\/hr\/wp-json\/wp\/v2\/types\/product"}],"wp:featuredmedia":[{"embeddable":true,"href":"https:\/\/www.boattoursamana.com\/hr\/wp-json\/wp\/v2\/media\/13254"}],"wp:attachment":[{"href":"https:\/\/www.boattoursamana.com\/hr\/wp-json\/wp\/v2\/media?parent=12607"}],"wp:term":[{"taxonomy":"product_cat","embeddable":true,"href":"https:\/\/www.boattoursamana.com\/hr\/wp-json\/wp\/v2\/product_cat?post=12607"},{"taxonomy":"product_tag","embeddable":true,"href":"https:\/\/www.boattoursamana.com\/hr\/wp-json\/wp\/v2\/product_tag?post=12607"}],"curies":[{"name":"wp","href":"https:\/\/api.w.org\/{rel}","templated":true}]}}