{"id":14264,"date":"2017-08-26T15:47:04","date_gmt":"2017-08-26T15:47:04","guid":{"rendered":"https:\/\/www.ticketswhales.com\/?post_type=product&#038;p=14264"},"modified":"2023-10-06T11:37:36","modified_gmt":"2023-10-06T11:37:36","slug":"los-haitises-all-in-one-from-las-terrenas","status":"publish","type":"product","link":"https:\/\/www.boattoursamana.com\/hr\/turneja\/los-haitises-all-in-one-from-las-terrenas","title":{"rendered":"Los Haitises sve u jednom (vo\u017enja kajakom, planinarenje, vo\u017enja \u010damcem, speleologija, prirodni bazen i ru\u010dak) iz Las Terrenasa"},"content":{"rendered":"<div class=\"vc_row wpb_row vc_row-fluid\" ><div class=\"wpb_column vc_column_container vc_col-sm-12\"><div class=\"vc_column-inner\"><div class=\"wpb_wrapper\">\n\t<div class=\"wpb_text_column wpb_content_element\" >\n\t\t<div class=\"wpb_wrapper\">\n\t\t\t<h2>Los Haitises sve u jednom (vo\u017enja kajakom, planinarenje, vo\u017enja \u010damcem, speleologija, prirodni bazen i ru\u010dak) iz Las Terrenasa<\/h2>\n<h4><b><i>Pregled <\/i><\/b><\/h4>\n<p><span style=\"font-weight: 400;\">Los Haitises All In One je bijeg iz grada kako biste uronili izme\u0111u povijesnog i ribarskog gradi\u0107a Sanchez i glavnog grada Los Haitisesa Sabana de la Mar. Sanchez je poznat kao sredi\u0161te izvoza i po tome \u0161to ima vlak koji je dolazio iz Provincija La vega izgra\u0111ena krajem 1800. Po\u0111ite s nama i u\u017eivajte u svje\u017eim vodama jedne od neistra\u017eenih pla\u017ea Nacionalnog parka Los Haitises, gdje se nalazi zaljev San Lorenzo. <\/span><\/p>\n<p><span style=\"font-weight: 400;\">Mjesto je dostupno brodom, okru\u017eeno pra\u0161umom i \u0161umama mangrova. Dok plovite od Sancheza do Los Haitises do\u0107i \u0107ete u kontakt s prirodom i nezaboravnim krajolikom ovog parka. Ova \u0107e tura biti kombinacija vo\u017enje kajakom, vo\u017enje \u010damcem, posjeta jednoj \u0161pilji i kupanja u jednom od najva\u017enijih nacionalnih parkova u zemlji, ovdje je ve\u0107ina bioraznolikosti otoka i druga najve\u0107a \u0161uma mangrova s vi\u0161e od 98 km2.\u00a0<\/span><\/p>\n<p><span style=\"font-weight: 400;\">Na\u0161e lokalno i stru\u010dno osoblje pobrinut \u0107e se da zaista upoznate kulturu Taina, njihovu povijest u Los Haitises i njihovu povezanost s prirodom. Ova tura je u na\u010dinu ekoturizma gdje zajednica igra vrlo va\u017enu ulogu, oni su vodi\u010di, Capitan brodovi i voza\u010di.<\/span><\/p>\n<p><span style=\"font-weight: 400;\">Prioritet Booking Adventurea je osigurati da dobijete najbolje od najboljeg, od trenutka kupnje karte do zavr\u0161etka putovanja. Na\u0161i obilasci usmjereni su na obrazovanje o okoli\u0161u, avanturu i lokalnu povijest, a tijekom ovog putovanja vidjet \u0107ete pomalo od svega.\u00a0<\/span><\/p>\n<h3><span style=\"font-weight: 400;\">Uklju\u010divanja i isklju\u010denja<\/span><\/h3>\n<h6><strong>Uklju\u010divanja<\/strong><\/h6>\n<ul>\n<li><span style=\"font-weight: 400;\">Gliser i kapetan\u00a0<\/span><\/li>\n<li><span style=\"font-weight: 400;\">Vo\u017enja kajakom\u00a0<\/span><\/li>\n<li>Pje\u0161a\u010dka staza<\/li>\n<li><span style=\"font-weight: 400;\">Grickalice (voda, vo\u0107e, sok)<\/span><\/li>\n<li>Lokalni ru\u010dak<\/li>\n<li><span style=\"font-weight: 400;\">Svi porezi, naknade i manipulativni tro\u0161kovi<\/span><\/li>\n<li><span style=\"font-weight: 400;\">Slu\u017ebenici, ekolozi, turisti\u010dki vodi\u010di engleski\/\u0161panjolski<\/span><\/li>\n<li><span style=\"font-weight: 400;\">Kupanje u prirodnim bazenima ili neistra\u017eenoj pla\u017ei\u00a0<\/span><\/li>\n<li><span style=\"font-weight: 400;\">speleologija<\/span><\/li>\n<li>Preuzimanje iz hotela<\/li>\n<\/ul>\n<h6><strong>Isklju\u010divanja<\/strong><\/h6>\n<ul>\n<li><span style=\"font-weight: 400;\">Napojnice<\/span><\/li>\n<li><span style=\"font-weight: 400;\">Pi\u0107e<\/span><\/li>\n<\/ul>\n<h6><strong>Polazak &amp; Povratak<\/strong><\/h6>\n<p><span style=\"font-weight: 400;\">Tura koju organizira \u201cBooking Adventures\u201d po\u010dinje na mjestu susreta s vodi\u010dem ili \u010dlanom osoblja. Putnik \u0107e dobiti mjesto sastanka nakon procesa rezervacije. Ture po\u010dinju i zavr\u0161avaju na na\u0161im sastajali\u0161tima.<\/span><\/p>\n<h2>Los Haitises sve u jednom (vo\u017enja kajakom, planinarenje, vo\u017enja \u010damcem, speleologija, prirodni bazen i ru\u010dak) iz Las Terrenasa<\/h2>\n<p><span style=\"font-weight: 400;\">\u0160to o\u010dekivati?<\/span><\/p>\n<p><span style=\"font-weight: 400;\">Nabavite kartu za ekolo\u0161ki avanturisti\u010dki obilazak Nacionalnog parka Los Haitises, sve u jednom\u00a0<\/span><\/p>\n<p><span style=\"font-weight: 400;\">Ova ekskurzija po\u010dinje s mjesta sastanka koje morate potvrditi s na\u0161im putni\u010dkim agentima ili svojim vodi\u010dem prije nego krenete na bilo koju lokaciju. Nakon \u0161to upoznate svog vodi\u010da, dobit \u0107ete izvje\u0161\u0107e o obilasku i svemu vezanom za va\u0161 dan.<\/span><\/p>\n<p><span style=\"font-weight: 400;\">Kada svi budu spremni krenut \u0107emo na prvu lokaciju, a to je staza Los Haitises gdje \u0107ete imati 30-minutno pje\u0161a\u010denje, tijekom pje\u0161a\u010denja \u0107emo vidjeti razli\u010dite vrste endemskih biljaka i ptica.\u00a0<\/span><\/p>\n<p><span style=\"font-weight: 400;\">Nakon planinarenja vra\u0107amo se do broda i vozimo do Playita Las Almejas gdje se nalaze prirodni bazeni, dok plovimo kroz \u0161umu mangrova i zaljev San Lorenzo, podijelit \u0107emo s vama pri\u010de o Los Haitises, geologiji i pro\u0107i kroz vrste mangrova imaju\u0107i oko zaljeva San Lorenzo.\u00a0<\/span><\/p>\n<p><span style=\"font-weight: 400;\">Kad stignemo u Las Almejas, trebate pripremiti kupa\u0107i kostim za odlazak na kajak i veslati do Cave of line sa svojim vodi\u010dem, ostatak osoblja \u0107e vas \u010dekati dok ne zavr\u0161ite prvi dio aktivnosti.<\/span><\/p>\n<p><span style=\"font-weight: 400;\">Tijekom ovog dijela va\u0161eg putovanja, mo\u0107i \u0107ete obi\u0107i staru luku Las Perlas koja je jedna od prvih gra\u0111evina koju su izgradili Europljani na tom podru\u010dju, oko 1876. godine, a bila je povezana \u017eeljezni\u010dkom linijom koja je bila prijevoz za kava, banane i sve \u0161to je ova skupina Europljana uzgajala na podru\u010dju dana\u0161njeg Los Haitisesa.\u00a0<\/span><\/p>\n<p><span style=\"font-weight: 400;\">U \u0161pilji koju \u0107ete posjetiti nalazi se vi\u0161e od 1200 piktografija koje su naslikali Tainosi, to je bio na\u010din da se izraze, a danas nam ova umjetnost pri\u010da pri\u010de za koje nismo mislili da \u0107emo ih na\u0107i u dana\u0161nje vrijeme. Kada zavr\u0161ite ovdje, vratit \u0107emo se u Playa de las Almejas na grickalice i kupanje.\u00a0<\/span><\/p>\n<p><span style=\"font-weight: 400;\">Na povratku iz tog podru\u010dja pokazat \u0107emo vam nekoliko vrsta mangrova i razgovarati o va\u017enosti \u0161uma mangrova za ekologiju kao ekosustav.<\/span><\/p>\n<p><span style=\"font-weight: 400;\">Kada zavr\u0161imo s kajakom i plivanjem, napravit \u0107emo pauzu za lokalni ru\u010dak kako bismo prihvatili doma\u0107u kuhinju i ku\u0161ali najbolju bijelu ri\u017eu i crveni grah na karipskom otoku.\u00a0<\/span><\/p>\n<p><span style=\"font-weight: 400;\">Nakon ru\u010dka i malo kupanja u Nacionalnom parku Los Haitises vra\u0107amo se u Sanchez, na povratku u\u017eivajte u 30-minutnoj vo\u017enji do poluotoka Samana, ovaj izlet zavr\u0161ava na istom mjestu gdje je i zapo\u010deo.<\/span><\/p>\n<p><span style=\"font-weight: 400;\">Napomena: Ove ture su s turisti\u010dkim vodi\u010dima slu\u017ebenih ekologa. Rezervirajte na vrijeme jer u parku nema previ\u0161e stru\u010dnjaka.<\/span><\/p>\n<h6><strong>\u0160to trebate ponijeti?<\/strong><\/h6>\n<ul>\n<li style=\"font-weight: 400;\" aria-level=\"1\"><span style=\"font-weight: 400;\">Fotoaparat<\/span><\/li>\n<li style=\"font-weight: 400;\" aria-level=\"1\"><span style=\"font-weight: 400;\">Sprej protiv insekata\u00a0<\/span><\/li>\n<li style=\"font-weight: 400;\" aria-level=\"1\"><span style=\"font-weight: 400;\">Krema za sun\u010danje<\/span><\/li>\n<li style=\"font-weight: 400;\" aria-level=\"1\"><span style=\"font-weight: 400;\">Udobne hla\u010de<\/span><\/li>\n<li style=\"font-weight: 400;\" aria-level=\"1\"><span style=\"font-weight: 400;\">Cipele za planinarenje<\/span><\/li>\n<li style=\"font-weight: 400;\" aria-level=\"1\"><span style=\"font-weight: 400;\">Ki\u0161na jakna\u00a0<\/span><\/li>\n<li style=\"font-weight: 400;\" aria-level=\"1\"><span style=\"font-weight: 400;\">Kupa\u0107i kostim\u00a0<\/span><\/li>\n<li style=\"font-weight: 400;\" aria-level=\"1\"><span style=\"font-weight: 400;\">Ru\u010dnik<\/span><\/li>\n<li style=\"font-weight: 400;\" aria-level=\"1\"><span style=\"font-weight: 400;\">Drybag\u00a0\u00a0<\/span><\/li>\n<\/ul>\n<h4><b><i>Preuzimanje iz hotela <\/i><\/b><\/h4>\n<p><span style=\"font-weight: 400;\">Za ovu turu nudi se prijevoz iz hotela. Upravo ste u Santa Barbari de Samana, Las Terrenas, Las Galeras &amp; Sanchez\u00a0<\/span><\/p>\n<p><b>Bilje\u0161ka:<\/b><span style=\"font-weight: 400;\"> Ako rezervirate unutar 24 sata od vremena polaska putovanja\/izleta, mo\u017eemo organizirati prijevoz iz hotela uz dodatne naknade iz bilo kojeg mjesta u Dominikanskoj Republici. Nakon \u0161to je va\u0161a kupnja dovr\u0161ena, poslat \u0107emo vam potpune podatke za kontakt (telefonski broj, adresu e-po\u0161te, itd.) za na\u0161eg lokalnog vodi\u010da kako bismo organizirali preuzimanje.<\/span><\/p>\n<h4><b><i>Potvrda dodatnih informacija <\/i><\/b><\/h4>\n<ol>\n<li>Ulaznice su ra\u010dun nakon pla\u0107anja ovog putovanja. Uplatu mo\u017eete prikazati na svom telefonu.<\/li>\n<li style=\"font-weight: 400;\"><span style=\"font-weight: 400;\">Mjesto sastanka bit \u0107e primljeno nakon procesa rezervacije.<\/span><\/li>\n<li style=\"font-weight: 400;\"><span style=\"font-weight: 400;\">Djeca moraju biti u pratnji odrasle osobe.<\/span><\/li>\n<li style=\"font-weight: 400;\"><span style=\"font-weight: 400;\"> Nije pristupa\u010dno za invalidska kolica <\/span><\/li>\n<li style=\"font-weight: 400;\"><span style=\"font-weight: 400;\">Dojen\u010dad moraju sjediti u krilu <\/span><\/li>\n<li style=\"font-weight: 400;\"><span style=\"font-weight: 400;\">Ne preporu\u010duje se putnicima koji imaju problema s le\u0111ima<\/span><\/li>\n<li style=\"font-weight: 400;\"><span style=\"font-weight: 400;\">Ne preporu\u010duje se trudnicama koje putuju <\/span><\/li>\n<li style=\"font-weight: 400;\"><span style=\"font-weight: 400;\"> Nema problema sa srcem ili drugih ozbiljnih zdravstvenih stanja <\/span><\/li>\n<li style=\"font-weight: 400;\"><span style=\"font-weight: 400;\">Ve\u0107ina putnika mo\u017ee sudjelovati<\/span><\/li>\n<\/ol>\n<h4><b><i>Politika otkazivanja<\/i><\/b><\/h4>\n<p><span style=\"font-weight: 400;\">Za potpuni povrat novca pro\u010ditajte na\u0161a pravila otkazivanja\u00a0<a href=\"https:\/\/www.boattoursamana.com\/hr\/online-rezervacija\/\" target=\"_blank\" rel=\"noopener\" data-saferedirecturl=\"https:\/\/www.google.com\/url?q=https:\/\/www.boattoursamana.com\/online-booking\/&amp;source=gmail&amp;ust=1672449202351000&amp;usg=AOvVaw1yAeVAPktmaVCqDujgUn90\">Kliknite ovdje<\/a>. Sredstva \u0107e biti izgubljena ako se rezervacija otka\u017ee isti dan putovanja.<\/span><\/p>\n\n\t\t<\/div>\n\t<\/div>\n<div class=\"mkdf-section-title-holder\" style=\"text-align: left\">\n\t<div class=\"mkdf-st-inner\">\n\t\t\t\t\t<h5 class=\"mkdf-st-subtitle\" >\n\t\t\t\t(Sve u jednom)\t\t\t<\/h5>\n\t\t\t\t\t\t\t<h3 class=\"mkdf-st-title\" >\n\t\t\t\tLos Haitises sve u jednom (vo\u017enja kajakom, planinarenje, vo\u017enja \u010damcem, speleologija, prirodni bazen i ru\u010dak) iz Las Terrenasa\t\t\t<\/h3>\n\t\t\t\t\t\t\t<p class=\"mkdf-st-text\" >\n\t\t\t\tZa ovo iskustvo potrebna su najmanje 4 sudionika. Ako nemate 4 slobodno nas kontaktirajte!\t\t\t<\/p>\n\t\t\t<\/div>\n<\/div><\/div><\/div><\/div><\/div><div class=\"vc_row wpb_row vc_row-fluid\" ><div class=\"wpb_column vc_column_container vc_col-sm-12\"><div class=\"vc_column-inner\"><div class=\"wpb_wrapper\">\n\t<div class=\"wpb_video_widget wpb_content_element vc_clearfix   vc_video-aspect-ratio-169 vc_video-el-width-100 vc_video-align-left\" >\n\t\t<div class=\"wpb_wrapper\">\n\t\t\t<h2 class=\"wpb_heading wpb_video_heading\">Kajak Los Haitises <\/h2>\n\t\t\t<div class=\"wpb_video_wrapper\"><iframe loading=\"lazy\" title=\"Kajaka\u0161ka i speleolo\u0161ka tura u Nacionalnom parku Los Haitises, Dominikanska Republika\" width=\"1100\" height=\"619\" src=\"https:\/\/www.youtube.com\/embed\/ucU1uwB57wQ?feature=oembed\" frameborder=\"0\" allow=\"accelerometer; autoplay; clipboard-write; encrypted-media; gyroscope; picture-in-picture; web-share\" allowfullscreen><\/iframe><\/div>\n\t\t<\/div>\n\t<\/div>\n<\/div><\/div><\/div><\/div><div class=\"vc_row wpb_row vc_row-fluid\" ><\/div><div class=\"wpb_column vc_column_container vc_col-sm-12\"><div class=\"vc_column-inner\"><div class=\"wpb_wrapper\"><\/div><\/div><\/div><div class=\"vc_empty_space\"   style=\"height: 32px\"><span class=\"vc_empty_space_inner\"><\/span><\/div><div class=\"vc_empty_space\"   style=\"height: 32px\"><span class=\"vc_empty_space_inner\"><\/span><\/div>","protected":false},"excerpt":{"rendered":"<p><span style=\"font-weight: 400;\">Pobjegnite iz grada i uronite izme\u0111u povijesnog i ribarskog gradi\u0107a Sanchez i glavnog grada Los Haitises Sabana de la Mar. Sanchez je poznat kao sredi\u0161te izvoza i po tome \u0161to je krajem 1800. izgradio vlak koji je dolazio iz provincije La vega. Po\u0111ite s nama i u\u017eivajte u svje\u017eim vodama jedne od neistra\u017eenih pla\u017ea Nacionalnog parka Los Haitises, gdje se nalazi zaljev San Lorenzo. Mjesto je dostupno brodom, okru\u017eeno pra\u0161umom i \u0161umama mangrova. Dok plovite od Sancheza do Los Haitisesa, do\u0107i \u0107ete u kontakt s prirodom i nezaboravnim krajolikom ovog parka. Ova \u0107e tura biti kombinacija vo\u017enje kajakom, vo\u017enje \u010damcem, posjeta jednoj \u0161pilji i kupanja u jednom od najva\u017enijih nacionalnih parkova u zemlji, ovdje je ve\u0107ina bioraznolikosti otoka i druga najve\u0107a \u0161uma mangrova s vi\u0161e od 98 km2.\u00a0<\/span><\/p>\n<p>&nbsp;<\/p>\n<p><strong><span style=\"vertical-align: inherit;\"><span style=\"vertical-align: inherit;\">Odaberite datum za ovu avanturu:<\/span><\/span><\/strong><\/p>","protected":false},"featured_media":14267,"template":"","meta":[],"product_cat":[456,946,878,928,168,920,927,934,1046,862,160,773,254,255],"product_tag":[422,268,174,173,577,576,571,570,569,317,316,206,1047,522,209,575,441,574,572,499,175,498,200,187,573],"class_list":["post-14264","product","type-product","status-publish","has-post-thumbnail","hentry","product_cat-day-trips","product_cat-1-sabana-de-la-mar","product_cat-altos-de-cano-hondo","product_cat-boat-trip-los-haitises","product_cat-caves","product_cat-group-tours","product_cat-hiking-los-haitises","product_cat-kayaking-los-haitises","product_cat-las-terrenas","product_cat-los-haitises-national-park","product_cat-lunch","product_cat-private-tours-excursions","product_cat-tours-excursions-los-haitises-national-park","product_cat-tours-excursions-samana-bay-dominican-republic","product_tag-cano-hondo-sabana-de-la-mar","product_tag-caves-los-haitises","product_tag-eco-tours","product_tag-excursion","product_tag-hike-kayak","product_tag-hike-kayak-los-haitises-national-park","product_tag-hiking-los-haitises","product_tag-hiking-sabana-de-la-mar","product_tag-hiking-samana","product_tag-kayak-tour","product_tag-kayaking","product_tag-kayaking-los-haitises","product_tag-las-galeras-excursions","product_tag-las-terrenas-excursions","product_tag-los-haitises-national-park","product_tag-los-haitises-national-park-entrance-fee","product_tag-los-haitises-national-park-tour-from-las-terrenas","product_tag-los-haitises-national-park-tour-from-santo-domingo","product_tag-los-haitises-national-park-weather","product_tag-los-haitises-sabana-de-la-mar","product_tag-sabana-de-la-mar","product_tag-sabana-de-la-mar-tour","product_tag-samana-excursions","product_tag-samana-tours","product_tag-secrets-of-los-haitises"],"_links":{"self":[{"href":"https:\/\/www.boattoursamana.com\/hr\/wp-json\/wp\/v2\/product\/14264","targetHints":{"allow":["GET"]}}],"collection":[{"href":"https:\/\/www.boattoursamana.com\/hr\/wp-json\/wp\/v2\/product"}],"about":[{"href":"https:\/\/www.boattoursamana.com\/hr\/wp-json\/wp\/v2\/types\/product"}],"wp:featuredmedia":[{"embeddable":true,"href":"https:\/\/www.boattoursamana.com\/hr\/wp-json\/wp\/v2\/media\/14267"}],"wp:attachment":[{"href":"https:\/\/www.boattoursamana.com\/hr\/wp-json\/wp\/v2\/media?parent=14264"}],"wp:term":[{"taxonomy":"product_cat","embeddable":true,"href":"https:\/\/www.boattoursamana.com\/hr\/wp-json\/wp\/v2\/product_cat?post=14264"},{"taxonomy":"product_tag","embeddable":true,"href":"https:\/\/www.boattoursamana.com\/hr\/wp-json\/wp\/v2\/product_tag?post=14264"}],"curies":[{"name":"wp","href":"https:\/\/api.w.org\/{rel}","templated":true}]}}