{"id":15361,"date":"2023-02-06T10:44:02","date_gmt":"2023-02-06T10:44:02","guid":{"rendered":"https:\/\/www.ticketswhales.com\/?post_type=product&#038;p=15361"},"modified":"2025-12-21T17:09:04","modified_gmt":"2025-12-21T17:09:04","slug":"miches-samana-whale-watching-cayo-levantado-bacardi-island-limon-waterfalls","status":"publish","type":"product","link":"https:\/\/www.boattoursamana.com\/hr\/turneja\/miches-samana-promatranje-kitova-cayo-levantado-bacardi-island-limon-slapovi","title":{"rendered":"Miches: promatranje kitova Saman\u00e1 + Cayo Levantado (otok Bacardi) + slapovi El Lim\u00f3n"},"content":{"rendered":"<div class=\"vc_row wpb_row vc_row-fluid\" ><div class=\"wpb_column vc_column_container vc_col-sm-12\"><div class=\"vc_column-inner\"><div class=\"wpb_wrapper\"><div class=\"vc_empty_space\"   style=\"height: 32px\"><span class=\"vc_empty_space_inner\"><\/span><\/div><div class=\"vc_btn3-container vc_btn3-inline\" ><a class=\"vc_general vc_btn3 vc_btn3-size-md vc_btn3-shape-rounded vc_btn3-style-modern vc_btn3-color-green\" href=\"https:\/\/bookingadventures.tours\/booking.php?tour_id=37eeb6616d6bfb8565c383bedf525a4c\" title=\"\" rel=\"noopener\">REZERVIRAJTE SADA<\/a><\/div><div class=\"vc_empty_space\"   style=\"height: 32px\"><span class=\"vc_empty_space_inner\"><\/span><\/div><\/div><\/div><\/div><\/div><div class=\"wpb_column vc_column_container vc_col-sm-12\"><div class=\"vc_column-inner\"><div class=\"wpb_wrapper\">\n\t<div class=\"wpb_text_column wpb_content_element\" >\n\t\t<div class=\"wpb_wrapper\">\n\t\t\t<div class=\"vc_row wpb_row vc_row-fluid\">\n<div class=\"wpb_column vc_column_container vc_col-sm-12\">\n<div class=\"vc_column-inner\">\n<div class=\"wpb_wrapper\">\n<div class=\"mkdf-section-title-holder\">\n<div class=\"mkdf-st-inner\">\n<h5 class=\"mkdf-st-subtitle\">Cayo Levantado (otok Bacardi) + slapovi El Lim\u00f3n iz hotela Punta Cana.<\/h5>\n<h3 class=\"mkdf-st-title\">Promatranje kitova u Punta Cani do zaljeva Saman\u00e1<\/h3>\n<\/div>\n<\/div>\n<\/div>\n<\/div>\n<\/div>\n<\/div>\n<div class=\"vc_row wpb_row vc_row-fluid\"><\/div>\n<div class=\"wpb_column vc_column_container vc_col-sm-12\">\n<div class=\"vc_column-inner\">\n<div class=\"wpb_wrapper\"><\/div>\n<\/div>\n<\/div>\n<div class=\"wpb_text_column wpb_content_element\">\n<div class=\"wpb_wrapper\"><\/div>\n<\/div>\n<div class=\"vc_row wpb_row vc_row-fluid\">\n<div class=\"wpb_column vc_column_container vc_col-sm-12\">\n<div class=\"vc_column-inner\">\n<div class=\"wpb_wrapper\">\n<div class=\"wpb_text_column wpb_content_element\">\n<div class=\"wpb_wrapper\">\n<div class=\"vc_row wpb_row vc_row-fluid\">\n<div class=\"wpb_column vc_column_container vc_col-sm-12\">\n<div class=\"vc_column-inner\">\n<div class=\"wpb_wrapper\">\n<div class=\"wpb_text_column wpb_content_element\">\n<div class=\"wpb_wrapper\">\n<h4><b><i>Pregled\ud83d\udc33<\/i><\/b><\/h4>\n<p>nWhale Punta Cana, promatranje kitova u zaljevu Saman\u00e1 i posjetite Cayo Levantado plus Safari do slapova El limon tijekom ovog cjelodnevnog izleta iz hotela u Punta Cani. Putovanje do zaljeva Saman\u00e1 udobnim, klimatiziranim autobusom, zatim transfer do brodskog katamarana u Michesu. Krstarite otvorenim vodama kako biste potra\u017eili jata grbavih kitova koji dolaze u to podru\u010dje kako bi se parili i imali svoju mladun\u010dad. Saznajte vi\u0161e o pona\u0161anju i biologiji ovih morskih sisavaca od svog stru\u010dnog prirodoslovnog vodi\u010da. Nastavite do otoka Cayo Levantado \/ Bacardi, na ru\u010dak na pla\u017ei i kupanje u azurnim vodama nakon ovog safarija do slapova el Limon s jahanjem konja u \u0161umi kokosa prije povratka u Punta Canu.<\/p>\n<p>&nbsp;<\/p>\n<p><strong>Bilje\u0161ka:<\/strong> Ovaj obilazak nije privatan. Ova tura uklju\u010duje zaustavljanje na <strong>Vodopad El Lim\u00f3n<\/strong>. Molimo da rezervirate isti izlet i ne idete na slapove\u00a0<a href=\"https:\/\/www.boattoursamana.com\/hr\/Tours-Excursions\/tours-excursions-samana-bay-dominican-republic\/whale-watching-2020-in-punta-cana-to-samana-bay-cayo-levantado-bacardi-island-from-hotels\/\">KLIKNITE OVDJE.<\/a><\/p>\n<ul>\n<li>Promatranje kitova<\/li>\n<li>Otok Bacardi \/ Cayo Levantado<\/li>\n<li>Ulaznice u Zvjezdarnicu<\/li>\n<li>Samana Safari<\/li>\n<li>Slapovi El Limon Jahanje konja<\/li>\n<li>Uklju\u010duje buffet ru\u010dak na pla\u017ei<\/li>\n<li>Transfer brodom<\/li>\n<li>Kapetan daje upute i nadzor<\/li>\n<li>Turisti\u010dki vodi\u010d<\/li>\n<\/ul>\n<p>&nbsp;<\/p>\n<h4><b>Uklju\u010divanja i isklju\u010denja<\/b><\/h4>\n<p>&nbsp;<\/p>\n<p><b>Uklju\u010divanja<\/b><\/p>\n<p>&nbsp;<\/p>\n<ol>\n<li>Buffet ru\u010dak na pla\u017ei<\/li>\n<li>Prijevoz iz hotela<\/li>\n<li>Turisti\u010dki vodi\u010d<\/li>\n<li>Izlet katamaranom ili brodom<\/li>\n<li>Svi porezi, naknade i manipulativni tro\u0161kovi<\/li>\n<li>Lokalni porezi<\/li>\n<li>Pi\u0107a<\/li>\n<\/ol>\n<p><b>Isklju\u010divanja<\/b><\/p>\n<ol>\n<li>Napojnice<\/li>\n<\/ol>\n<p>&nbsp;<\/p>\n<h4><em><strong>Polazak &amp; Povratak<\/strong><\/em><\/h4>\n<p>Za ovu turu nudi se prijevoz iz hotela. U Bilje\u0161ke samo napi\u0161ite ime hotela koji \u0107e vas pokupiti. Dovoz vr\u0161imo u svim hotelima Punta Cana.<\/p>\n<p>&nbsp;<\/p>\n<h3>Promatranje kitova Saman\u00e1 + Cayo Levantado (otok Bacardi) + slapovi Lim\u00f3n iz Michesa.<\/h3>\n<h4><b><i>\u0160to o\u010dekivati?<\/i><\/b><\/h4>\n<p>nPribli\u017eite se nje\u017enim morskim divovima Dominikanske Republike tijekom ovog 12-satnog izleta promatranja grbavih kitova u zaljevu S\u00e1mana. Provedite nezaboravan dan promatraju\u0107i tisu\u0107e kitova koji svake godine hrle na otok kako bi se parili, hranili i igrali u toplim tropskim vodama. Dok budete promatrali ova prekrasna stvorenja, u\u017eivat \u0107ete u jedinstvenim uvidima va\u0161eg stru\u010dnog vodi\u010da za promatranje kitova. Zavr\u0161ite dan s uklju\u010denim ru\u010dkom i vremenom na pla\u017ei na prekrasnom otoku Cayo Levantado. Uklju\u010den je i povratni hotelski prijevoz.<\/p>\n<p>Od 9:00 do 12:00 sati Opservatorij za promatranje kitova i nakon ovog izleta s kitovima posjetit \u0107emo otok Bacardi \/ Cayo Levantado. Na otoku Bacardi bit \u0107e osiguran \u0161vedski stol za ru\u010dak u tipi\u010dnom dominikanskom stilu (ri\u017ea, grah, riba, salate\u2026). Kada je ru\u010dak gotov dopu\u0161teno vam je kupanje i spremanje za odlazak na slapove El limon do 16:30. Tura \u0107e zavr\u0161iti u 17:00 sati u istoj luci odakle \u0107e krenuti na\u0161im katamaranom i autobusom natrag do hotela Punta Cana.<\/p>\n<p><strong>Raspored:<\/strong><\/p>\n<p>6:00 \u2013 7:00 Preuzimanje gostiju iz razli\u010ditih hotela<br \/>\nn07:00 Polazak prema Las Canitas u Sabana de la mar<br \/>\n08:15 Dolazak na privatno pristani\u0161te<br \/>\nn08:15 \u2013 8:40 Doru\u010dak (sendvi\u010di, muffini, \u010daj, kava, sokovi)<br \/>\n8:45 Ukrcaj za po\u010detak na\u0161eg putovanja do uto\u010di\u0161ta grbavih kitova u Samani<br \/>\nn11:00 Potraga za kitovima u razdoblju od 45 minuta- Ovo je vrijeme prema vladinim pravilima.<br \/>\n11:45 Krenite prema Cayo Levantado u zaljevu Samana<br \/>\n12:30 Dolazak u Cayo Levantado<br \/>\n13:00 Ru\u010dak (\u0161vedski stol, tipi\u010dni dominikanski)*<br \/>\n13:45 \u2013 15:30 Slobodno vrijeme u Cayo Levantado<br \/>\nn15:00 \u2013 15:45 Ponovo na brodu pravac povratak u Miches<br \/>\n17:00 Dolazak u Miches i odlazak prema hotelima u Punta Cani<br \/>\n19:30 \u2013 20:00 Dolazak u hotele u Punta Cani<\/p>\n<p><strong>*Jelovnik za ru\u010dak (tipi\u010dno dominikanski)<br \/>\n<\/strong>Ri\u017ea, piletina na \u017earu ili riba na \u017earu, salata, povr\u0107e, svje\u017ee vo\u0107e.<\/p>\n<p><strong>*Kupci koji odlu\u010de dodati zaustavljanje na vodopadu El Limon nakon promatranja kitova premjestit \u0107e se na oglas vodopada imat \u0107e manje vremena za provesti u Cayo Levantado.<\/strong><\/p>\n<p>Ova tura uklju\u010duje zaustavljanje na <strong>Vodopad El Lim\u00f3n<\/strong>. Molimo da rezervirate isti izlet i ne idete na slapove\u00a0<a href=\"https:\/\/www.boattoursamana.com\/hr\/Tours-Excursions\/tours-excursions-samana-bay-dominican-republic\/whale-watching-2020-in-punta-cana-to-samana-bay-cayo-levantado-bacardi-island-from-hotels\/\">KLIKNITE OVDJE.<\/a><\/p>\n<p>&nbsp;<\/p>\n<h4><em><strong>\u0160to trebate ponijeti?<\/strong><\/em><\/h4>\n<ul>\n<li>Fotoaparat<\/li>\n<li>Repelentni pupoljci<\/li>\n<li>krema za sun\u010danje<\/li>\n<li>\u0160e\u0161ir<\/li>\n<li>Udobne hla\u010de<\/li>\n<li>Sandale za pla\u017eu<\/li>\n<li>Odje\u0107a za kupanje<\/li>\n<li>Gotovina za suvenire i napojnice<\/li>\n<\/ul>\n<p>&nbsp;<\/p>\n<h4><b><i>Preuzimanje iz hotela<\/i><\/b><\/h4>\n<p>Prijevoz iz hotela nije ponu\u0111en za ovaj izlet. U bilje\u0161kama Samo odaberite dodatne opcije na obrascu za rezervaciju za preuzimanje u Punta Cani i napi\u0161ite ime hotela koji \u0107e vas pokupiti. Dovoz vr\u0161imo u svim hotelima Punta Cana.<\/p>\n<p>&nbsp;<\/p>\n<p><b>Bilje\u0161ka:<\/b> Ako rezervirate u roku od 24 sata od vremena polaska putovanja\/izleta, mo\u017eemo organizirati prijevoz iz hotela uz dodatne naknade. Nakon \u0161to je va\u0161a kupnja dovr\u0161ena, poslat \u0107emo vam potpune podatke za kontakt (telefonski broj, adresu e-po\u0161te, itd.) za na\u0161eg lokalnog vodi\u010da kako bismo organizirali preuzimanje.<\/p>\n<h4><b><i>Potvrda dodatnih informacija<\/i><\/b><\/h4>\n<ol>\n<li>Ulaznice su ra\u010dun nakon pla\u0107anja ovog putovanja. Uplatu mo\u017eete prikazati na svom telefonu.<\/li>\n<li>Mjesto sastanka bit \u0107e primljeno nakon procesa rezervacije.<\/li>\n<li>Djeca moraju biti u pratnji odrasle osobe.<\/li>\n<li>Dostupno invalidskim kolicima<\/li>\n<li>Dojen\u010dad moraju sjediti u krilu<\/li>\n<li>Ve\u0107ina putnika mo\u017ee sudjelovati<\/li>\n<\/ol>\n<h4><b><i>Politika otkazivanja<\/i><\/b><\/h4>\n<p>nZa puni povrat novca otka\u017eite najmanje 24 sata prije datuma po\u010detka iskustva.<\/p>\n<\/div>\n<\/div>\n<\/div>\n<\/div>\n<\/div>\n<\/div>\n<\/div>\n<\/div>\n<\/div>\n<\/div>\n<\/div>\n<\/div>\n<div class=\"vc_row wpb_row vc_row-fluid\">\n<div class=\"wpb_column vc_column_container vc_col-sm-12\">\n<div class=\"vc_column-inner\">\n<div class=\"wpb_wrapper\">\n<div class=\"vc_empty_space\"><\/div>\n<div class=\"wpb_text_column wpb_content_element\">\n<div class=\"wpb_wrapper\">\n<h4>Kontaktirajte nas?<\/h4>\n<h5><b><i>TOUR WALES SAMAN\u00c1<\/i><\/b><\/h5>\n<p><em><strong>Mje\u0161tani<\/strong>\u00a0i\u00a0<strong>Dr\u017eavljani<\/strong>\u00a0Turisti\u010dki vodi\u010di i usluge za goste<\/em><\/p>\n<p><span class=\"text-turquoise\">Rezervacije:<\/span> \u00a0Obilasci i izleti u Domu. Rep.<\/p>\n<p>\ud83d\udcde Tel \/ Whatsapp\u00a0\u00a0\u00a0<a href=\"tel:+1-809-720-6035\">+ 1-809-720-6035<\/a>\u00a0.<\/p>\n<p>\ud83d\udce9\u00a0<a href=\"mailto:info@bookingadventures.com.do\">info@bookingadventures.com.do<\/a><\/p>\n<p><strong>Somos tours privados de configuraci\u00f3n flexible por Whatsapp:\u00a0\u00a0<a href=\"tel:+18097206035\">+18097206035.<\/a><\/strong><\/p>\n<\/div>\n<\/div>\n<\/div>\n<\/div>\n<\/div>\n<\/div>\n\n\t\t<\/div>\n\t<\/div>\n<\/div><\/div><\/div>","protected":false},"excerpt":{"rendered":"<p>Iz podru\u010dja Michesa u\u017eivat \u0107emo u prekrasnim krajolicima isto\u010dnja\u010dkog planinskog lanca dok se vozimo sjeverno od Punta Cane prije nego \u0161to stignemo u malo ribarsko mjesto Miches na ju\u017enoj obali zaljeva Saman\u00e1. U\u017eivat \u0107ete u brzom doru\u010dku prije ukrcaja na brod za Saman\u00e1. Krstarit \u0107emo duboko u zaljev kako bismo promatrali kitove. Prvo \u0107emo sti\u0107i do Cayo Levantado, poznatog i kao otok Bacardi zbog velike sli\u010dnosti s pla\u017eama koje je Bacardi Rum neko\u0107 koristio za svoje poznate reklame.<\/p>\n<p>nCayo Levantado nije ni\u0161ta drugo do tropska oaza \u2013 mali otok usred oceana s tirkiznom vodom i bijelim pijeskom. Nakon ovoga Safari u zajednici Samana do slapova. U slapovima, el Limon se priprema za jahanje ili planinarenje. Ovo je jedinstvena potpuna avantura.<\/p>\n<p>Ovaj izlet uklju\u010duje zaustavljanje kod vodopada Lim\u00f3n. Molimo da rezervirate isti izlet i ne idete na slapove <a href=\"https:\/\/www.boattoursamana.com\/hr\/tours-excursions\/miches-samana-promatranje-kitova-cayo-levantado-bacardi-island-limon-slapovi\/\">KLIKNITE OVDJE<\/a>.<\/p>\n<p>&nbsp;<\/p>\n<p><strong><em>Odaberite datum izleta:<\/em><\/strong><\/p>","protected":false},"featured_media":12008,"template":"","meta":[],"product_cat":[159,948,655,961,959,972,963,968,664],"product_tag":[631,184,328,480,296,380,428,649,327,222,527,313,199,526,458,342,650,524,276,529,528,274,525],"class_list":["post-15361","product","type-product","status-publish","has-post-thumbnail","hentry","product_cat-fees-entrace","product_cat-1-punta-cana","product_cat-1-samana","product_cat-el-limon-horseback-riding","product_cat-el-limon-punta-cana","product_cat-punta-cana-group-tours","product_cat-punta-cana-samana-day-trips","product_cat-punta-cana-whale-watching","product_cat-whale-watching-punta-cana","product_tag-631","product_tag-bacardi-island","product_tag-cayo-levantado-day-pass","product_tag-cheap-punta-cana-excursions","product_tag-day-trip-punta-cana","product_tag-el-limon-waterfall-and-bacardi-island-tour-from-punta-cana","product_tag-half-day-whale-watching-miches","product_tag-limon-from-punta-cana","product_tag-private-tours-samana","product_tag-punta-cana","product_tag-punta-cana-activities","product_tag-punta-cana-tours","product_tag-samana-bay","product_tag-samana-day-trip","product_tag-samana-day-trip-from-punta-cana","product_tag-samana-whale-watching","product_tag-waterfalls-punta-cana","product_tag-whale-punta-cana","product_tag-whale-samana","product_tag-whale-watching-2020","product_tag-whale-watching-2020-in-punta-cana-to-samana-bay-cayo-levantado-bacardi-island-from-hotels","product_tag-whale-watching-dominican-republic","product_tag-whale-watching-punta-cana"],"_links":{"self":[{"href":"https:\/\/www.boattoursamana.com\/hr\/wp-json\/wp\/v2\/product\/15361","targetHints":{"allow":["GET"]}}],"collection":[{"href":"https:\/\/www.boattoursamana.com\/hr\/wp-json\/wp\/v2\/product"}],"about":[{"href":"https:\/\/www.boattoursamana.com\/hr\/wp-json\/wp\/v2\/types\/product"}],"wp:featuredmedia":[{"embeddable":true,"href":"https:\/\/www.boattoursamana.com\/hr\/wp-json\/wp\/v2\/media\/12008"}],"wp:attachment":[{"href":"https:\/\/www.boattoursamana.com\/hr\/wp-json\/wp\/v2\/media?parent=15361"}],"wp:term":[{"taxonomy":"product_cat","embeddable":true,"href":"https:\/\/www.boattoursamana.com\/hr\/wp-json\/wp\/v2\/product_cat?post=15361"},{"taxonomy":"product_tag","embeddable":true,"href":"https:\/\/www.boattoursamana.com\/hr\/wp-json\/wp\/v2\/product_tag?post=15361"}],"curies":[{"name":"wp","href":"https:\/\/api.w.org\/{rel}","templated":true}]}}