{"id":16643,"date":"2023-11-06T07:14:14","date_gmt":"2023-11-06T07:14:14","guid":{"rendered":"https:\/\/www.ticketswhales.com\/?post_type=product&#038;p=16643"},"modified":"2023-11-06T08:59:17","modified_gmt":"2023-11-06T08:59:17","slug":"los-haitises-cueva-el-naranjo-y-laguna-cristal-from-samana","status":"publish","type":"product","link":"https:\/\/www.boattoursamana.com\/hr\/turneja\/los-haitises-cueva-el-naranjo-y-laguna-cristal-iz-samane","title":{"rendered":"Los Haitises: Cueva el Naranjo y Laguna Cristal iz Samane"},"content":{"rendered":"<div class=\"vc_row wpb_row vc_row-fluid\" ><div class=\"wpb_column vc_column_container vc_col-sm-12\"><div class=\"vc_column-inner\"><div class=\"wpb_wrapper\">\n\t<div class=\"wpb_text_column wpb_content_element\" >\n\t\t<div class=\"wpb_wrapper\">\n\t\t\t<h2><span style=\"font-weight: 400;\">Los Haitises: Cueva el Naranjo y Laguna Cristal<\/span><\/h2>\n<p>&nbsp;<\/p>\n<p><b>Pregled<\/b><span style=\"font-weight: 400;\">\u00a0<\/span><\/p>\n<p>&nbsp;<\/p>\n<p><span style=\"font-weight: 400;\">Nacionalni park Los Haitises prirodno je blago Dominikanske Republike gdje se nalazi 25% slatke vode u Hispanioli, tijekom ovog iskustva obilazimo neka od najva\u017enijih mjesta u ovom nevjerojatnom parku. Nabavite kartu za istra\u017eivanje \u0161pilje Ojo de Cielo, Laguna Cristal, rijeke Barracote i zaljeva Samana.\u00a0<\/span><\/p>\n<p>&nbsp;<\/p>\n<p><span style=\"font-weight: 400;\">S hidrografskog gledi\u0161ta<\/span><span style=\"font-weight: 400;\">, Los Haitises i njegova podru\u010dja utjecaja sastoje se od dvije regije: donjeg bazena rijeke Yuna i podru\u010dja Miches i Sabana de la Mar. Yuna otje\u010de kroz dva u\u0161\u0107a: ono u samu Yunu i ono u Barracote. Osim toga, u podru\u010dju se nalaze rijeke Payabo, Los Cocos i Naranjo, te Cabirma, Estero, Prieto i drugi kanali.<\/span><\/p>\n<p>&nbsp;<\/p>\n<p><span style=\"font-weight: 400;\">O krajoliku Los Haitises,<\/span><span style=\"font-weight: 400;\"> osim \u0161pilja, to su Ca\u00f1o Hondo, Punta Arena, Ca\u00f1o Salado, Bah\u00eda de San Lorenzo i Cayo de los P\u00e1jaros, koji su vrlo impresivni krajobrazni elementi. Potonji, smje\u0161ten izme\u0111u Boca del Infierna i El Naranjo Arriba, lako je prepoznati po gotovo stalnoj prisutnosti uhovratica i pelikana.<\/span><\/p>\n<p>&nbsp;<\/p>\n<p><span style=\"font-weight: 400;\">O Sanchez Cityju,<\/span><span style=\"font-weight: 400;\"> Prethodno je to bio gradi\u0107 koji se zvao Las Ca\u00f1itas, ali je 1888. podignut u status op\u0107ine nazvane po jednom od osniva\u010da Dominikanske Republike, Franciscu del Rosario S\u00e1nchezu. Porastao je na va\u017enosti i broju stanovnika nakon uspostave \u017eeljeznice 1865. Ta se pruga pro\u0161irila do sredi\u0161nje regije Cibao, pretvaraju\u0107i ovu malu karipsku zajednicu u najva\u017eniju luku u zemlji od kraja 19. stolje\u0107a do po\u010detka idu\u0107eg stolje\u0107a. .<\/span><\/p>\n<p>&nbsp;<\/p>\n<p><span style=\"font-weight: 400;\">O Laguni Cristal,<\/span><span style=\"font-weight: 400;\"> Laguna Cristal je prekrasan izvor slatke vode na vratima Nacionalnog parka Los Haitises, sjeverno od pokrajine Monte Plata, koji ima jedinstvenu ljepotu zbog svojih prirodnih atrakcija i mira koji nam pru\u017ea. Laguna se napaja podzemnom vodom koja dolazi iz susjednog parka. Iz lagune nekoliko stotina metara izvire mala plovna rijeka koja napaja rijeku Barracote, koja zatim utje\u010de u zaljev San Lorenzo. Bio bi dubok oko 200 metara i promjera 70 metara.\u00a0<\/span><\/p>\n<p>&nbsp;<\/p>\n<p><span style=\"font-weight: 400;\">\u0160pilja El Naranjo<\/span><span style=\"font-weight: 400;\">, Rijeka El Naranjo, plovna unato\u010d svojoj du\u017eini od 120 metara, izvire u \u0161pilji i mo\u017ee se smatrati draguljem prirode u Nacionalnom parku Los Haitises. To je atrakcija koju vrijedi upoznati, a koja vam omogu\u0107uje da cijenite najkra\u0107u rijeku u tom podru\u010dju otok, U \u010damcu se mo\u017ee do\u0107i do kraja \u0161pilje odakle izvire voda. \u0160pilja je rezervoar za \u0161i\u0161mi\u0161e i brzake, a njene vode dom su autohtonih vrsta riba, koje su u drugim rijekama i potocima stvar pro\u0161losti, kao \u0161to su guabine, dajaos, carpias, \u0161kampi i rakovi.<\/span><\/p>\n<p>&nbsp;<\/p>\n<p><b>Uklju\u010divanja<\/b><\/p>\n<p><span style=\"font-weight: 400;\">Svi porezi, naknade i manipulativni tro\u0161kovi<\/span><\/p>\n<p><span style=\"font-weight: 400;\">Lokalni porezi<\/span><\/p>\n<p><span style=\"font-weight: 400;\">Slu\u017ebenici, ekolozi, turisti\u010dki vodi\u010di engleski\/\u0161panjolski<\/span><\/p>\n<p><span style=\"font-weight: 400;\">Lokalni prijevoz (prijevoz iz hotela)<\/span><\/p>\n<p><span style=\"font-weight: 400;\">Gliser<\/span><\/p>\n<p><span style=\"font-weight: 400;\">Lokalni ru\u010dak<\/span><\/p>\n<p><span style=\"font-weight: 400;\">Laguna Cristal\u00a0\u00a0<\/span><\/p>\n<p><span style=\"font-weight: 400;\">Cueva del Naranjo\u00a0<\/span><\/p>\n<p>&nbsp;<\/p>\n<p><b>Isklju\u010divanja<\/b><\/p>\n<p>&nbsp;<\/p>\n<p><span style=\"font-weight: 400;\">Napojnice<\/span><\/p>\n<p><span style=\"font-weight: 400;\">Pi\u0107e<\/span><\/p>\n<p><span style=\"font-weight: 400;\">\u00a0<\/span><\/p>\n<p>&nbsp;<\/p>\n<p><b>Polazak &amp; Povratak<\/b><\/p>\n<p><span style=\"font-weight: 400;\">Tura u organizaciji \u201cBooking Adventures\u201d po\u010dinje na mjestu susreta s vodi\u010dem. Putnik \u0107e dobiti mjesto sastanka nakon procesa rezervacije. Ture po\u010dinju i zavr\u0161avaju na na\u0161im sastajali\u0161tima.<\/span><\/p>\n<p>&nbsp;<\/p>\n<p><b>\u0160to o\u010dekivati?<\/b><\/p>\n<p><span style=\"font-weight: 400;\">Nabavite svoju ulaznicu za Searching For The Los Haitises: Los Haitises: Cueva el Naranjo y Laguna Cristal, ovo \u0107e vam iskustvo pru\u017eiti priliku da vidite ve\u0107inu bioraznolikosti otoka.\u00a0<\/span><\/p>\n<p>&nbsp;<\/p>\n<p><span style=\"font-weight: 400;\">Ova \u0107e aktivnost zapo\u010deti va\u0161im preuzimanjem iz smje\u0161taja u bilo kojem od ovih podru\u010dja:<\/span><\/p>\n<ul>\n<li style=\"font-weight: 400;\" aria-level=\"1\"><span style=\"font-weight: 400;\">Las Terrenas\u00a0<\/span><\/li>\n<li style=\"font-weight: 400;\" aria-level=\"1\"><span style=\"font-weight: 400;\">Sanchez\u00a0<\/span><\/li>\n<li style=\"font-weight: 400;\" aria-level=\"1\"><span style=\"font-weight: 400;\">Las Galeras<\/span><\/li>\n<li style=\"font-weight: 400;\" aria-level=\"1\"><span style=\"font-weight: 400;\">Santa Barbara de Samana\u00a0<\/span><\/li>\n<\/ul>\n<h3><b>Raspored<\/b><b>\u00a0<\/b><\/h3>\n<p><b>Sanchez Samana, plivanje u Laguna Cristal i El Naranjo River &amp; Caves\u00a0<\/b><\/p>\n<p>&nbsp;<\/p>\n<p><span style=\"font-weight: 400;\">Dolazak iz hotela: po\u010dinje u 7:00 ujutro (ovisno o tome gdje se nalazite). Na obrascu za rezervaciju postoje razli\u010dite opcije vremena. Tura traje 8 sati.\u00a0<\/span><\/p>\n<p>&nbsp;<\/p>\n<p><span style=\"font-weight: 400;\">Ovo \u0107e biti rano jutro kada \u0107emo vas pokupiti iz va\u0161eg hotela i odvesti do na\u0161eg mjesta sastanka u Sanchez Samani, gdje \u0107ete se sastati sa svojim lokalnim turisti\u010dkim vodi\u010dem prije nego \u0161to krenete po itineraru za ostatak dana.\u00a0<\/span><\/p>\n<p>&nbsp;<\/p>\n<p><span style=\"font-weight: 400;\">Kada se pripremite, ukrcavamo se na na\u0161 gliser i kre\u0107emo prema El Naranju, \u0161to je prva stanica u danu, gdje \u0107emo \u010damcem oti\u0107i u \u0161pilju i kupati se u slatkoj vodi najkra\u0107e rijeke otoka.\u00a0<\/span><\/p>\n<p>&nbsp;<\/p>\n<p><span style=\"font-weight: 400;\">Va\u0161a druga vo\u017enja brodom bit \u0107e kroz rijeku Barracote do Lagune Cristal. Morat \u0107emo ploviti jednom od najve\u0107ih rijeka na sjeveroistoku zemlje. U Cristal Areau napravit \u0107emo pauzu za ru\u010dak prije skokova u vodu.<\/span><\/p>\n<p>&nbsp;<\/p>\n<p><span style=\"font-weight: 400;\">Nakon \u0161to smo isprobali lokalni ru\u010dak, imat \u0107emo siestu u Cristal Lagoonu i zatim oti\u0107i na kupanje, prije nego \u0161to se vratimo u Sanchez Samana.\u00a0<\/span><\/p>\n<p>&nbsp;<\/p>\n<p><span style=\"font-weight: 400;\">Odlazak u hotel: 16:00 ili kasnije, ovisno o vremenu kada ste krenuli na putovanje. Tura traje ukupno 8 sati.\u00a0<\/span><\/p>\n<p>&nbsp;<\/p>\n<p><span style=\"font-weight: 400;\">Dani plana puta i aktivnosti podlo\u017eni su promjenama bez prethodne najave zbog nepredvi\u0111enih okolnosti ili doga\u0111aja. Za vi\u0161e informacija pogledajte potpune uvjete i odredbe.<\/span><\/p>\n\n\t\t<\/div>\n\t<\/div>\n<\/div><\/div><\/div><\/div>","protected":false},"excerpt":{"rendered":"<p>Posjet rijeci el Naranjo sa \u0161piljom i Cristal Lagunom u Nacionalnom parku Los Haitises s lokalnim stru\u010dnim vodi\u010dem. Ru\u010dak i prijevoz uklju\u010deni su u provinciju Samana.<\/p>","protected":false},"featured_media":16644,"template":"","meta":[],"product_cat":[1096],"product_tag":[1097],"class_list":["post-16643","product","type-product","status-publish","has-post-thumbnail","hentry","product_cat-haitises","product_tag-haitises"],"_links":{"self":[{"href":"https:\/\/www.boattoursamana.com\/hr\/wp-json\/wp\/v2\/product\/16643","targetHints":{"allow":["GET"]}}],"collection":[{"href":"https:\/\/www.boattoursamana.com\/hr\/wp-json\/wp\/v2\/product"}],"about":[{"href":"https:\/\/www.boattoursamana.com\/hr\/wp-json\/wp\/v2\/types\/product"}],"wp:featuredmedia":[{"embeddable":true,"href":"https:\/\/www.boattoursamana.com\/hr\/wp-json\/wp\/v2\/media\/16644"}],"wp:attachment":[{"href":"https:\/\/www.boattoursamana.com\/hr\/wp-json\/wp\/v2\/media?parent=16643"}],"wp:term":[{"taxonomy":"product_cat","embeddable":true,"href":"https:\/\/www.boattoursamana.com\/hr\/wp-json\/wp\/v2\/product_cat?post=16643"},{"taxonomy":"product_tag","embeddable":true,"href":"https:\/\/www.boattoursamana.com\/hr\/wp-json\/wp\/v2\/product_tag?post=16643"}],"curies":[{"name":"wp","href":"https:\/\/api.w.org\/{rel}","templated":true}]}}