{"id":8856,"date":"2019-04-11T11:50:47","date_gmt":"2019-04-11T11:50:47","guid":{"rendered":"https:\/\/www.ticketswhales.com\/?post_type=product&#038;p=8856"},"modified":"2023-10-29T11:40:03","modified_gmt":"2023-10-29T11:40:03","slug":"los-haitises-national-park-lunch-at-cano-hondo-from-sabana-de-la-mar","status":"publish","type":"product","link":"https:\/\/www.boattoursamana.com\/hr\/turneja\/nacionalni-park-los-haitises-rucak-u-cano-hondo-iz-sabana-de-la-mar","title":{"rendered":"Nacionalni park Los Haitises + ru\u010dak u Ca\u00f1o Hondo iz Sabana de la Mar"},"content":{"rendered":"<div class=\"vc_row wpb_row vc_row-fluid\" ><div class=\"wpb_column vc_column_container vc_col-sm-12\"><div class=\"vc_column-inner\"><div class=\"wpb_wrapper\"><div class=\"vc_btn3-container vc_btn3-inline\" ><a class=\"vc_general vc_btn3 vc_btn3-size-md vc_btn3-shape-rounded vc_btn3-style-modern vc_btn3-color-green\" href=\"https:\/\/bookingadventures.tours\/booking.php?tour_id=564682de5ff3fb75370322d9bb29062a\" title=\"\" rel=\"noopener\">REZERVIRAJTE SADA<\/a><\/div><div class=\"mkdf-section-title-holder\" style=\"text-align: left\">\n\t<div class=\"mkdf-st-inner\">\n\t\t\t\t\t<h5 class=\"mkdf-st-subtitle\" >\n\t\t\t\tRu\u010dak i kupanje u prirodnim izvorima\t\t\t<\/h5>\n\t\t\t\t\t\t\t<h3 class=\"mkdf-st-title\" >\n\t\t\t\tNacionalni park Los Haitises + ru\u010dak u Cano Hondo iz Sabana de la Mar\t\t\t<\/h3>\n\t\t\t\t\t<\/div>\n<\/div><div class=\"vc_empty_space\"   style=\"height: 32px\"><span class=\"vc_empty_space_inner\"><\/span><\/div>\n\t<div class=\"wpb_text_column wpb_content_element\" >\n\t\t<div class=\"wpb_wrapper\">\n\t\t\t<div class=\"mkdf-single-product-content\">\n<div class=\"woocommerce-product-gallery woocommerce-product-gallery--with-images woocommerce-product-gallery--columns-4 images\" data-columns=\"4\"><\/div>\n<\/div>\n<div class=\"woocommerce-tabs wc-tabs-wrapper\">\n<div id=\"tab-description\" class=\"woocommerce-Tabs-panel woocommerce-Tabs-panel--description panel entry-content wc-tab\" role=\"tabpanel\" aria-labelledby=\"tab-title-description\">\n<div class=\"vc_row wpb_row vc_row-fluid\"><a id=\"overview\" class=\"aal_anchor\" style=\"font-size: 25px; font-weight: bold; letter-spacing: -0.005em;\" href=\"https:\/\/bookingadventures.com.do\/dominicantour\/los-haitises-national-park-lunch-at-cano-hondo-from-sabana-de-la-mar\/#overview\" aria-hidden=\"true\" rel=\"noopener\"><\/a><b style=\"color: #303030; font-size: 25px; letter-spacing: -0.005em;\"><i>Pregled<\/i><\/b><\/div>\n<p>Cjelodnevni izlet Nacionalni park Los Haitises i ru\u010dak u Ca\u00f1o Hondo plus kupanje u prirodnim izvorima. Po\u0111ite s nama i posjetite najljep\u0161i nacionalni park Dominikanske Republike, posjetite mangrove, \u0161pilje i zaljev San Lorenzo. Povratak u luku Ca\u00f1o Hondo do pje\u0161a\u010denja 15 minuta i u\u017eivanje u tipi\u010dnom ru\u010dku s pogledom na more do Nacionalnog parka Los Haitises. Nakon toga kupanje u prirodnom izvoru do 16:30 sati.<\/p>\n<p>Nakon ovog iskustva, dobit \u0107ete svoje vrijeme na pla\u017ei plus lokalni ru\u010dak na pla\u017ei.<\/p>\n<ul>\n<li>Uklju\u010duje \u0161vedski stol za ru\u010dak<\/li>\n<li>Kupanje u prirodnim izvorima<\/li>\n<li>Naknade uklju\u010dene<\/li>\n<li>Vodi\u010d daje upute i nadzor<\/li>\n<\/ul>\n<p>&nbsp;<\/p>\n<h4><a id=\"inclusions-exclusions\" class=\"aal_anchor\" href=\"https:\/\/bookingadventures.com.do\/dominicantour\/los-haitises-national-park-lunch-at-cano-hondo-from-sabana-de-la-mar\/#inclusions-exclusions\" aria-hidden=\"true\" rel=\"noopener\"><\/a><b>Uklju\u010divanja i isklju\u010denja<\/b><\/h4>\n<p>&nbsp;<\/p>\n<p><b>Uklju\u010divanja<\/b><\/p>\n<ol>\n<li>\u00a0ru\u010dak u Ecolodgeu<\/li>\n<li>Obilazak Los Haitises + \u0161pilje i piktografi<\/li>\n<li>Svi porezi, naknade i manipulativni tro\u0161kovi<\/li>\n<li>Lokalni porezi<\/li>\n<li>Pi\u0107a<\/li>\n<li>Sve aktivnosti<\/li>\n<li>Lokalni vodi\u010d<\/li>\n<\/ol>\n<p><b>Isklju\u010divanja<\/b><\/p>\n<ol>\n<li>Napojnice<\/li>\n<li>Prijenos<\/li>\n<li>Alkoholna pi\u0107a<\/li>\n<\/ol>\n<p>&nbsp;<\/p>\n<h4><a id=\"departure-return\" class=\"aal_anchor\" href=\"https:\/\/bookingadventures.com.do\/dominicantour\/los-haitises-national-park-lunch-at-cano-hondo-from-sabana-de-la-mar\/#departure-return\" aria-hidden=\"true\" rel=\"noopener\"><\/a><em><strong>Polazak &amp; Povratak<\/strong><\/em><\/h4>\n<p>Putnik \u0107e dobiti mjesto sastanka nakon procesa rezervacije. Ture po\u010dinju i zavr\u0161avaju na na\u0161im sastajali\u0161tima.<\/p>\n<p>&nbsp;<\/p>\n<h4><a id=\"what-to-expect\" class=\"aal_anchor\" href=\"https:\/\/bookingadventures.com.do\/dominicantour\/los-haitises-national-park-lunch-at-cano-hondo-from-sabana-de-la-mar\/#what-to-expect\" aria-hidden=\"true\" rel=\"noopener\"><\/a><b><i>\u0160to o\u010dekivati?<\/i><\/b><\/h4>\n<p>&nbsp;<\/p>\n<p><em><strong>Nabavite svoje ulaznice<\/strong><\/em>\u00a0za posjet nacionalnom parku Los Haitises uz prekrasan ru\u010dak u Cano Hondo i kupanje u prirodnim izvorima. Krenite u obilazak \u010damcem kroz mo\u010dvare mangrova, pokraj drevnih gusarskih \u0161pilja i u za\u0161ti\u0107ene \u0161ume u ovom slikovitom rezervatu po\u010dev\u0161i od podru\u010dja hotela Ca\u00f1o Hondo ili od Sabana de la Mar.<\/p>\n<p>Tura u organizaciji \u201cBooking Adventures\u201d po\u010dinje na mjestu susreta s vodi\u010dem. Do\u0111ite s Booking Adventuresom i po\u010dnite provjeravati neke mangrove pune ptica, valovita brda s bujnom vegetacijom i \u0161pilje\u00a0<em><strong>Nacionalni park Los Haitises<\/strong><\/em>. Vo\u017enja brodom Izlet od rijeke Ca\u00f1o Hondo, Sabana de la Mar.<\/p>\n<p>Kroz mangrove i kopno na otvorenom zaljevu San Lorenzo, odakle mo\u017eete fotografirati surov \u0161umski krajolik. Pogledajte u vodu da uo\u010dite\u00a0<em><strong>morske krave<\/strong><\/em>, rakovi i\u00a0<em><strong>dupini.<\/strong><\/em><\/p>\n<div class=\"body-description secondary\">\n<p>Naziv nacionalnog parka dolazi od njegovih izvornih stanovnika, Taino Indijanaca. Na njihovom jeziku &quot;Haitises&quot; zna\u010di gorje ili brda, \u0161to se odnosi na strme geolo\u0161ke formacije obale s vapnencima. Zaputite se dublje u park i istra\u017eite \u0161pilje poput\u00a0<em><strong>Cueva de la Arena<\/strong><\/em>\u00a0i\u00a0<strong><em>Cueva de la linea.<\/em><\/strong>\u00a0\u0160pilje u rezervatu koristili su kao skloni\u0161te Taino Indijanci, a kasnije gusari koji su se skrivali. Potra\u017eite crte\u017ee Indijanaca koji ukra\u0161avaju neke od zidova. Nakon posjeta Nacionalnom parku Los Haitises oti\u0107i \u0107emo do Ca\u00f1o Hondo. U Ca\u00f1o Hondo u\u010denje o povijesti ove ecolodge i vrijeme za ru\u010dak s tipi\u010dnom hranom iz zajednice Sabana de la Mar.<\/p>\n<p>Ru\u010dak \u0107e biti ukusan, ali jo\u0161 nismo zavr\u0161ili. Nakon ru\u010dka, plivat \u0107emo u prirodnom izvoru od rijeke Jibales, vje\u010dne rijeke do rijeke Ca\u00f1o Hondo. Ostanite u Ca\u00f1o Hondo do 18:00 ako \u017eelite ili manje.<\/p>\n<\/div>\n<p>U prirodnom izvoru Pools mo\u017eete ostati koliko god \u017eelite plivaju\u0107i i planinare\u0107i. Ako ste vegan, tako\u0111er mo\u017eemo pripremiti hranu za vas.<\/p>\n<p>&nbsp;<\/p>\n<h4><a id=\"what-you-should-bring\" class=\"aal_anchor\" href=\"https:\/\/bookingadventures.com.do\/dominicantour\/los-haitises-national-park-lunch-at-cano-hondo-from-sabana-de-la-mar\/#what-you-should-bring\" aria-hidden=\"true\" rel=\"noopener\"><\/a><em><strong>\u0160to trebate ponijeti?<\/strong><\/em><\/h4>\n<ul>\n<li>Fotoaparat<\/li>\n<li>Repelentni pupoljci<\/li>\n<li>krema za sun\u010danje<\/li>\n<li>\u0160e\u0161ir<\/li>\n<li>Udobne hla\u010de<\/li>\n<li>Planinarske cipele za \u0161umu<\/li>\n<li>Sandale za proljetna podru\u010dja.<\/li>\n<li>Odje\u0107a za kupanje<\/li>\n<\/ul>\n<p>&nbsp;<\/p>\n<h4><a id=\"hotel-pickup\" class=\"aal_anchor\" href=\"https:\/\/bookingadventures.com.do\/dominicantour\/los-haitises-national-park-lunch-at-cano-hondo-from-sabana-de-la-mar\/#hotel-pickup\" aria-hidden=\"true\" rel=\"noopener\"><\/a><b><i>Preuzimanje iz hotela<\/i><\/b><\/h4>\n<p>Prijevoz iz hotela nije ponu\u0111en za ovaj izlet.<\/p>\n<p>&nbsp;<\/p>\n<p><b>Bilje\u0161ka:<\/b>\u00a0Ako rezervirate u roku od 24 sata od vremena polaska putovanja\/izleta, mo\u017eemo organizirati prijevoz iz hotela uz dodatne naknade. Nakon \u0161to je va\u0161a kupnja dovr\u0161ena, poslat \u0107emo vam potpune podatke za kontakt (telefonski broj, adresu e-po\u0161te, itd.) za na\u0161eg lokalnog vodi\u010da kako bismo organizirali preuzimanje.<\/p>\n<h4><a id=\"additional-info-confirmation\" class=\"aal_anchor\" href=\"https:\/\/bookingadventures.com.do\/dominicantour\/los-haitises-national-park-lunch-at-cano-hondo-from-sabana-de-la-mar\/#additional-info-confirmation\" aria-hidden=\"true\" rel=\"noopener\"><\/a><b><i>Potvrda dodatnih informacija<\/i><\/b><\/h4>\n<ol>\n<li>Ulaznice su ra\u010dun nakon pla\u0107anja ovog putovanja. Uplatu mo\u017eete prikazati na svom telefonu.<\/li>\n<li>Mjesto sastanka bit \u0107e primljeno nakon procesa rezervacije.<\/li>\n<li>Djeca moraju biti u pratnji odrasle osobe.<\/li>\n<li>Nije pristupa\u010dno za invalidska kolica<\/li>\n<li>Dojen\u010dad moraju sjediti u krilu<\/li>\n<li>Ne preporu\u010duje se putnicima koji imaju problema s le\u0111ima<\/li>\n<li>Ne preporu\u010duje se trudnicama koje putuju<\/li>\n<li>Nema problema sa srcem ili drugih ozbiljnih zdravstvenih stanja<\/li>\n<li>Ve\u0107ina putnika mo\u017ee sudjelovati<\/li>\n<\/ol>\n<\/div>\n<\/div>\n\n\t\t<\/div>\n\t<\/div>\n<div class=\"vc_empty_space\"   style=\"height: 32px\"><span class=\"vc_empty_space_inner\"><\/span><\/div><\/div><\/div><\/div><\/div><div class=\"wpb_column vc_column_container vc_col-sm-12\"><div class=\"vc_column-inner\"><div class=\"wpb_wrapper\"><\/div><\/div><\/div><div class=\"wpb_column vc_column_container vc_col-sm-12\"><div class=\"vc_column-inner\"><div class=\"wpb_wrapper\"><\/div><\/div><\/div><div class=\"wpb_column vc_column_container vc_col-sm-12\"><div class=\"vc_column-inner\"><div class=\"wpb_wrapper\"><\/div><\/div><\/div>","protected":false},"excerpt":{"rendered":"<p>Izlet u Nacionalni park Los Haitises po\u010dev\u0161i od Sabana de la Mar, posjet mangrovama, \u0161piljama, piktogramima + ru\u010dak u obilascima Can\u00f1o Hondo i bazenima.<\/p>\n<p>Postavite ovu turu s pje\u0161a\u010dkom stazom i nau\u010dite o povijesti Nacionalnog parka Los Haitises od mje\u0161tana.<\/p>\n<p>&nbsp;<\/p>\n<p><strong>Odaberite datum za izlet:\u00a0<\/strong><\/p>","protected":false},"featured_media":12271,"template":"","meta":[],"product_cat":[254,946,928,933,255],"product_tag":[176,211,210,192,215,214,171,209,212,175,213],"class_list":["post-8856","product","type-product","status-publish","has-post-thumbnail","hentry","product_cat-tours-excursions-los-haitises-national-park","product_cat-1-sabana-de-la-mar","product_cat-boat-trip-los-haitises","product_cat-natural-pools-los-haitises","product_cat-tours-excursions-samana-bay-dominican-republic","product_tag-cano-hondo","product_tag-cano-hondo-hotel","product_tag-cano-hondo-tours","product_tag-day-tour-cano-hondo","product_tag-la-arena-cave","product_tag-line-cave","product_tag-los-haitises","product_tag-los-haitises-national-park","product_tag-mangroves-los-haitises","product_tag-sabana-de-la-mar","product_tag-san-lorenzo-bay"],"_links":{"self":[{"href":"https:\/\/www.boattoursamana.com\/hr\/wp-json\/wp\/v2\/product\/8856","targetHints":{"allow":["GET"]}}],"collection":[{"href":"https:\/\/www.boattoursamana.com\/hr\/wp-json\/wp\/v2\/product"}],"about":[{"href":"https:\/\/www.boattoursamana.com\/hr\/wp-json\/wp\/v2\/types\/product"}],"wp:featuredmedia":[{"embeddable":true,"href":"https:\/\/www.boattoursamana.com\/hr\/wp-json\/wp\/v2\/media\/12271"}],"wp:attachment":[{"href":"https:\/\/www.boattoursamana.com\/hr\/wp-json\/wp\/v2\/media?parent=8856"}],"wp:term":[{"taxonomy":"product_cat","embeddable":true,"href":"https:\/\/www.boattoursamana.com\/hr\/wp-json\/wp\/v2\/product_cat?post=8856"},{"taxonomy":"product_tag","embeddable":true,"href":"https:\/\/www.boattoursamana.com\/hr\/wp-json\/wp\/v2\/product_tag?post=8856"}],"curies":[{"name":"wp","href":"https:\/\/api.w.org\/{rel}","templated":true}]}}