{"id":9373,"date":"2019-09-07T08:01:28","date_gmt":"2019-09-07T08:01:28","guid":{"rendered":"https:\/\/www.ticketswhales.com\/?post_type=product&#038;p=9373"},"modified":"2023-02-20T21:20:29","modified_gmt":"2023-02-20T21:20:29","slug":"playa-rincon-rincon-beach-playa-fronton-playa-madame-beach-samana-dominican-republic","status":"publish","type":"product","link":"https:\/\/www.boattoursamana.com\/hr\/turneja\/playa-rincon-rincon-beach-playa-fronton-playa-madame-beach-samana-dominikanska-republika","title":{"rendered":"Playa Rinc\u00f3n (Pla\u017ea Rincon), Playa Fronton + Playa Madame Beach, Saman\u00e1 \u2013 Dominikanska Republika."},"content":{"rendered":"<div class=\"vc_row wpb_row vc_row-fluid\" ><div class=\"wpb_column vc_column_container vc_col-sm-12\"><div class=\"vc_column-inner\"><div class=\"wpb_wrapper\"><div class=\"vc_btn3-container vc_btn3-inline\" ><button class=\"vc_general vc_btn3 vc_btn3-size-md vc_btn3-shape-rounded vc_btn3-style-modern vc_btn3-color-green\">REZERVIRAJTE SADA<\/button><\/div><div class=\"mkdf-section-title-holder\" style=\"text-align: left\">\n\t<div class=\"mkdf-st-inner\">\n\t\t\t\t\t<h5 class=\"mkdf-st-subtitle\" >\n\t\t\t\tRu\u010dak, vo\u017enja brodom i privatni prijevoz iz hotela.\t\t\t<\/h5>\n\t\t\t\t\t\t\t<h3 class=\"mkdf-st-title\" >\n\t\t\t\tPlaya Rinc\u00f3n, Playa Fronton + Playa Madame Beach, Saman\u00e1 - Dominikanska Republika.\t\t\t<\/h3>\n\t\t\t\t\t<\/div>\n<\/div>\n\t<div class=\"wpb_text_column wpb_content_element\" >\n\t\t<div class=\"wpb_wrapper\">\n\t\t\t<h3><\/h3>\n<h4><b><i>Pregled <\/i><\/b><\/h4>\n<p>Putovanje po\u010dinje na mjestu gdje \u0107emo vas pokupiti u va\u0161em hotelu ili airbnbu u podru\u010dju Samana. Otkrijte s nama 3 tajne i divlje pla\u017ee regije El Rincon beach, Playa madame i Playa Fronton. Jedan od najljep\u0161ih izleta na poluotoku Saman\u00e1. U\u0111ite u jedinstveni ugo\u0111aj Playa Front\u00f3n, pla\u017ee do koje mo\u017eete do\u0107i samo brodom, okru\u017eene koraljnim grebenom oko kojeg mo\u017eete roniti, plivati s ribama i otkrivati njegove koralje te se opustiti i u\u017eivati u nevjerojatnom krajoliku. Opu\u0161tanje, kupanje i zatim odlazak do Playa madame, jo\u0161 jedne izolirane savr\u0161ene pla\u017ee za ronjenje, gdje tako\u0111er mo\u017eete posjetiti \u0161pilju i snimiti sjajne video zapise ili fotografije za sjajne uspomene.<\/p>\n<p>Ru\u010dat \u0107ete s no\u017enim prstima u pijesku uz zvuk Merengue i Bachate u \u201cEl Paraiso\u201d \u2013 Posljednjem restoranu prije d\u017eungle \u2013 gdje \u0107e Vam biti poslu\u017een kompletan obrok uklju\u010duju\u0107i jelo od ribe, uz lokalna pi\u0107a i koktele. U povratku \u0107emo se zaustaviti na pla\u017ei El Rincon, ovdje \u0107ete prona\u0107i prirodni biser koji se smatra jednom od najljep\u0161ih pla\u017ea u zemlji. Bijeli, sitni pijesak, tirkizno more i metar visoke palme govore sami za sebe.<\/p>\n<p>&nbsp;<\/p>\n<ul>\n<li><span style=\"font-weight: 400;\">Lokalni vodi\u010d s iskustvom u sigurnosti na tom podru\u010dju.<\/span><\/li>\n<li>Dihalica<\/li>\n<li>Privatni prijevoz<\/li>\n<li style=\"font-weight: 400;\">Naknade uklju\u010dene<\/li>\n<li>Ru\u010dak na pla\u017ei<\/li>\n<li>Vo\u017enja brodom<\/li>\n<li style=\"font-weight: 400;\">Lokalni turisti\u010dki vodi\u010d na \u0161panjolskom, engleskom ili francuskom jeziku.<\/li>\n<li>Planinarenje<\/li>\n<\/ul>\n<p>&nbsp;<\/p>\n<h4><b>Uklju\u010divanja i isklju\u010denja<\/b><\/h4>\n<p>&nbsp;<\/p>\n<p><b>Uklju\u010divanja<\/b><\/p>\n<ol>\n<li><span style=\"font-weight: 400;\">Lokalni vodi\u010d s iskustvom u sigurnosti na tom podru\u010dju.<\/span><\/li>\n<li>Privatni prijevoz za manje grupe<\/li>\n<li>Dihalica<\/li>\n<li style=\"font-weight: 400;\">Pla\u017ea El Rincon<\/li>\n<li>Madame Beach<\/li>\n<li>Pla\u017ea Fronton<\/li>\n<li style=\"font-weight: 400;\"><span style=\"font-weight: 400;\">Svi porezi, naknade i manipulativni tro\u0161kovi<\/span><\/li>\n<li style=\"font-weight: 400;\"><span style=\"font-weight: 400;\">Lokalni porezi<\/span><\/li>\n<li>Ru\u010dak na pla\u017ei<\/li>\n<li>Planinarenje<\/li>\n<li style=\"font-weight: 400;\"><span style=\"font-weight: 400;\">Sve aktivnosti<\/span><\/li>\n<\/ol>\n<p><b> Isklju\u010divanja<\/b><\/p>\n<ol>\n<li style=\"font-weight: 400;\"><span style=\"font-weight: 400;\">Napojnice<\/span><\/li>\n<\/ol>\n<h4><em><strong>Polazak &amp; Povratak<\/strong><\/em><\/h4>\n<p><span style=\"font-weight: 400;\">Putnik \u0107e dobiti mjesto sastanka nakon procesa rezervacije. Ture po\u010dinju i zavr\u0161avaju na na\u0161im sastajali\u0161tima.<\/span><\/p>\n<h3>Playa Rinc\u00f3n, Playa Fronton + Playa Madame Beach, Saman\u00e1 \u2013 Dominikanska Republika. Samana jednodnevni izlet.<\/h3>\n<h4><b><i>\u0160to o\u010dekivati?<\/i><\/b><\/h4>\n<p><em><strong>Nabavite svoje ulaznice<\/strong><\/em> za posjet Boca del Diablo i Fronton Beach u Samani. Jednodnevni izlet. Po\u010dev\u0161i od hotelskih podru\u010dja Samana, posjetite 3 najunikatnije pla\u017ee u Dominikanskoj Republici. Playa Rinc\u00f3n je netaknuta traka bijelog pijeska koja se prote\u017ee oko 2,5 milje (4 kilometra) du\u017e nerazvijenog dijela obale. Obrubljena rubom kokosovih palmi i okru\u017eena planinskim i liticama na oba kraja, ova osamljena pla\u017ea djeluje kao prava utopija, odsje\u010dena od civilizacije.<\/p>\n<p>Nakon pla\u017ee El Rincon posjetit \u0107emo Madame. Ova pla\u017ea je uobi\u010dajena prva stanica na turneji za ronjenje (uklju\u010duju\u0107i Playa Fronton, vidi dolje) i dostupna je samo \u010damcem ili konjem. Iako je krajolik bio dramati\u010dan i voljeli smo provjeravati obli\u017enje \u0161pilje i planinariti po liticama.<\/p>\n<p>Zadnja opcija u na\u0161em izletu je Fronton Beach. Ovdje je voda super bistra, prekrasne nijanse plave, a okolni koraljni greben osigurava da je pla\u017ea vrlo sigurna za kupanje<\/p>\n<p>&nbsp;<\/p>\n<p>nOva tura koju organizira \u201cBooking Adventures\u201d po\u010dinje na mjestu sastanka koje odredi na\u0161 vodi\u010d. Do\u0111ite s Booking Adventuresom i ru\u010dajte na pla\u017ei te u\u017eivajte na jednoj od najljep\u0161ih pla\u017ea u Samani, Dominikanska Republika.<\/p>\n<div class=\"body-description secondary\">\n<p>&nbsp;<\/p>\n<\/div>\n<h4><em><strong>\u0160to trebate ponijeti?<\/strong><\/em><\/h4>\n<ul>\n<li style=\"font-weight: 400;\"><span style=\"font-weight: 400;\">Fotoaparat<\/span><\/li>\n<li style=\"font-weight: 400;\"><span style=\"font-weight: 400;\">Repelentni pupoljci<\/span><\/li>\n<li style=\"font-weight: 400;\"><span style=\"font-weight: 400;\">Krema za sun\u010danje<\/span><\/li>\n<li>Voda<\/li>\n<li style=\"font-weight: 400;\"><span style=\"font-weight: 400;\">\u0160e\u0161ir<\/span><\/li>\n<li style=\"font-weight: 400;\"><span style=\"font-weight: 400;\">Udobne hla\u010de<\/span><\/li>\n<li style=\"font-weight: 400;\"><span style=\"font-weight: 400;\">Planinarske cipele za \u0161umu<\/span><\/li>\n<li style=\"font-weight: 400;\"><span style=\"font-weight: 400;\">Sandale za proljetna podru\u010dja.<\/span><\/li>\n<li style=\"font-weight: 400;\"><span style=\"font-weight: 400;\">Odje\u0107a za kupanje<\/span><\/li>\n<\/ul>\n<p>&nbsp;<\/p>\n<h4><b><i>Preuzimanje iz hotela <\/i><\/b><\/h4>\n<p><span style=\"font-weight: 400;\">Za ovu turu nudi se prijevoz iz hotela. <\/span><\/p>\n<p>&nbsp;<\/p>\n<p><b>Bilje\u0161ka:<\/b><span style=\"font-weight: 400;\"> Ako rezervirate unutar 24 sata od vremena polaska ture\/izleta, mo\u017eemo organizirati prijevoz iz hotela. Samo preuzimamo u podru\u010dju Samane. Nakon \u0161to je va\u0161a kupnja dovr\u0161ena, poslat \u0107emo vam potpune podatke za kontakt (telefonski broj, adresu e-po\u0161te, itd.) za na\u0161eg lokalnog vodi\u010da kako bismo organizirali preuzimanje.<\/span><\/p>\n<h4><b><i>Potvrda dodatnih informacija <\/i><\/b><\/h4>\n<ol>\n<li>Ulaznice su ra\u010dun nakon pla\u0107anja ovog putovanja. Uplatu mo\u017eete prikazati na svom telefonu.<\/li>\n<li style=\"font-weight: 400;\"><span style=\"font-weight: 400;\">Mjesto sastanka bit \u0107e primljeno nakon procesa rezervacije.<\/span><\/li>\n<li style=\"font-weight: 400;\"><span style=\"font-weight: 400;\">Djeca moraju biti u pratnji odrasle osobe.<\/span><\/li>\n<li style=\"font-weight: 400;\"><span style=\"font-weight: 400;\"> Nije pristupa\u010dno za invalidska kolica <\/span><\/li>\n<li style=\"font-weight: 400;\"><span style=\"font-weight: 400;\">Dojen\u010dad moraju sjediti u krilu <\/span><\/li>\n<li style=\"font-weight: 400;\"><span style=\"font-weight: 400;\">Ne preporu\u010duje se putnicima koji imaju problema s le\u0111ima<\/span><\/li>\n<li style=\"font-weight: 400;\"><span style=\"font-weight: 400;\">Ne preporu\u010duje se trudnicama koje putuju <\/span><\/li>\n<li style=\"font-weight: 400;\"><span style=\"font-weight: 400;\"> Nema problema sa srcem ili drugih ozbiljnih zdravstvenih stanja <\/span><\/li>\n<li style=\"font-weight: 400;\"><span style=\"font-weight: 400;\">Ve\u0107ina putnika mo\u017ee sudjelovati<\/span><\/li>\n<\/ol>\n<h4><b><i>Politika otkazivanja<\/i><\/b><\/h4>\n<p>Za potpuni povrat novca pro\u010ditajte na\u0161a pravila otkazivanja\u00a0<a href=\"https:\/\/www.boattoursamana.com\/hr\/online-rezervacija\/\" target=\"_blank\" rel=\"noopener\" data-saferedirecturl=\"https:\/\/www.google.com\/url?q=https:\/\/www.boattoursamana.com\/online-booking\/&amp;source=gmail&amp;ust=1672449202351000&amp;usg=AOvVaw1yAeVAPktmaVCqDujgUn90\">Kliknite ovdje<\/a>. Sredstva \u0107e biti izgubljena ako se rezervacija otka\u017ee isti dan putovanja.<\/p>\n\n\t\t<\/div>\n\t<\/div>\n<\/div><\/div><\/div><\/div><div class=\"vc_row wpb_row vc_row-fluid\" ><div class=\"wpb_column vc_column_container vc_col-sm-12\"><div class=\"vc_column-inner\"><div class=\"wpb_wrapper\">\n\t<div class=\"wpb_video_widget wpb_content_element vc_clearfix   vc_video-aspect-ratio-169 vc_video-el-width-100 vc_video-align-left\" >\n\t\t<div class=\"wpb_wrapper\">\n\t\t\t<h2 class=\"wpb_heading wpb_video_heading\">Boca del Diablo i pla\u017ea Fronton<\/h2>\n\t\t\t<div class=\"wpb_video_wrapper\"><iframe loading=\"lazy\" title=\"Poluotok Saman\u00e1, Dominikanska Republika (DJI Phantom 4 4K)\" width=\"1100\" height=\"619\" src=\"https:\/\/www.youtube.com\/embed\/DYDXVm8Q_iM?feature=oembed\" frameborder=\"0\" allow=\"accelerometer; autoplay; encrypted-media; gyroscope; picture-in-picture\" allowfullscreen><\/iframe><\/div>\n\t\t<\/div>\n\t<\/div>\n<\/div><\/div><\/div><\/div><div class=\"vc_row wpb_row vc_row-fluid\" ><div class=\"wpb_column vc_column_container vc_col-sm-12\"><div class=\"vc_column-inner\"><div class=\"wpb_wrapper\"><div class=\"vc_empty_space\"   style=\"height: 32px\"><span class=\"vc_empty_space_inner\"><\/span><\/div>\n\t<div class=\"wpb_text_column wpb_content_element\" >\n\t\t<div class=\"wpb_wrapper\">\n\t\t\t<h4>Kontaktirajte nas?<\/h4>\n<h5>Booking Adventures<\/h5>\n<p><em><strong>Mje\u0161tani<\/strong>\u00a0i\u00a0<strong>Dr\u017eavljani<\/strong>\u00a0Turisti\u010dki vodi\u010di i usluge za goste<\/em><\/p>\n<p><span class=\"text-turquoise\">Rezervacije:<\/span>\u00a0Ture i izleti u Dom. Rep.<\/p>\n<p><img decoding=\"async\" class=\"emoji\" draggable=\"false\" src=\"https:\/\/s.w.org\/images\/core\/emoji\/11.2.0\/svg\/1f4de.svg\" alt=\"\ud83d\udcde\" title=\"\">\u00a0Tel \/ Whatsapp\u00a0\u00a0<a href=\"tel:+1-809-720-6035\">+1-809-720-6035<\/a>.<\/p>\n<p><img decoding=\"async\" class=\"emoji\" draggable=\"false\" src=\"https:\/\/s.w.org\/images\/core\/emoji\/11.2.0\/svg\/1f4e9.svg\" alt=\"\ud83d\udce9\" title=\"\">\u00a0<a href=\"mailto:info@bookingadventures.com.do\">info@bookingadventures.com.do<\/a><\/p>\n<p><strong>Mi smo fleksibilni i postavljamo privatne obilaske putem Whatsappa:\u00a0<a href=\"tel:+18097206035\">+18097206035.<\/a><\/strong><\/p>\n\n\t\t<\/div>\n\t<\/div>\n<div class=\"vc_empty_space\"   style=\"height: 32px\"><span class=\"vc_empty_space_inner\"><\/span><\/div><\/div><\/div><\/div><\/div><div class=\"vc_row wpb_row vc_row-fluid\" ><div class=\"wpb_column vc_column_container vc_col-sm-12\"><div class=\"vc_column-inner\"><div class=\"wpb_wrapper\"><div class=\"vc_btn3-container vc_btn3-inline\" ><button class=\"vc_general vc_btn3 vc_btn3-size-md vc_btn3-shape-rounded vc_btn3-style-modern vc_btn3-color-green\">REZERVIRAJTE SADA<\/button><\/div><\/div><\/div><\/div><\/div>","protected":false},"excerpt":{"rendered":"<p>Putovanje po\u010dinje po vas u va\u0161em hotelu ili Airbnbu u podru\u010dju Samana. Otkrijte s nama 3 tajne i divlje pla\u017ee regije El Rincon beach, Playa madame i Playa Fronton. Jedan od najljep\u0161ih izleta na poluotoku Saman\u00e1. U\u0111ite u jedinstveni ugo\u0111aj Playa Front\u00f3n, pla\u017ee do koje mo\u017eete do\u0107i samo brodom, okru\u017eene koraljnim grebenom oko kojeg mo\u017eete roniti, plivati s ribama i otkrivati njegove koralje te se opustiti i u\u017eivati u nevjerojatnom krajoliku. Opu\u0161tanje, kupanje i zatim odlazak do Playa madame, jo\u0161 jedne izolirane savr\u0161ene pla\u017ee za ronjenje, gdje tako\u0111er mo\u017eete posjetiti \u0161pilju i snimiti sjajne video zapise ili fotografije za sjajne uspomene.<\/p>\n<p>&nbsp;<\/p>\n<p><strong>Odaberite datum obilaska:\u00a0<\/strong><\/p>","protected":false},"featured_media":8240,"template":"","meta":[],"product_cat":[160,655,170,255],"product_tag":[378,377,374,373,379,327,376,375,200,187],"class_list":["post-9373","product","type-product","status-publish","has-post-thumbnail","hentry","product_cat-lunch","product_cat-1-samana","product_cat-local-tour-guides","product_cat-tours-excursions-samana-bay-dominican-republic","product_tag-fronton-beach","product_tag-madame-beach","product_tag-playa-fronton-playa-madame-beach","product_tag-playa-rincon","product_tag-playa-rincon-tours","product_tag-private-tours-samana","product_tag-rincon-beach-tour","product_tag-samana-dominican-republic","product_tag-samana-excursions","product_tag-samana-tours"],"_links":{"self":[{"href":"https:\/\/www.boattoursamana.com\/hr\/wp-json\/wp\/v2\/product\/9373","targetHints":{"allow":["GET"]}}],"collection":[{"href":"https:\/\/www.boattoursamana.com\/hr\/wp-json\/wp\/v2\/product"}],"about":[{"href":"https:\/\/www.boattoursamana.com\/hr\/wp-json\/wp\/v2\/types\/product"}],"wp:featuredmedia":[{"embeddable":true,"href":"https:\/\/www.boattoursamana.com\/hr\/wp-json\/wp\/v2\/media\/8240"}],"wp:attachment":[{"href":"https:\/\/www.boattoursamana.com\/hr\/wp-json\/wp\/v2\/media?parent=9373"}],"wp:term":[{"taxonomy":"product_cat","embeddable":true,"href":"https:\/\/www.boattoursamana.com\/hr\/wp-json\/wp\/v2\/product_cat?post=9373"},{"taxonomy":"product_tag","embeddable":true,"href":"https:\/\/www.boattoursamana.com\/hr\/wp-json\/wp\/v2\/product_tag?post=9373"}],"curies":[{"name":"wp","href":"https:\/\/api.w.org\/{rel}","templated":true}]}}