{"id":9453,"date":"2019-09-23T17:16:42","date_gmt":"2019-09-23T17:16:42","guid":{"rendered":"https:\/\/www.ticketswhales.com\/Tours-Excursions\/uncategorized\/import-placeholder-for-977\/"},"modified":"2023-11-10T17:56:25","modified_gmt":"2023-11-10T17:56:25","slug":"day-pass-cano-hondo-natural-pools-lunch-included","status":"publish","type":"product","link":"https:\/\/www.boattoursamana.com\/hr\/turneja\/dnevna-propusnica-kano-hondo-prirodni-bazeni-ukljucen-rucak","title":{"rendered":"Dnevna propusnica Ca\u00f1o Hondo \u2013 prirodni bazeni i ru\u010dak uklju\u010deni"},"content":{"rendered":"<div class=\"vc_row wpb_row vc_row-fluid\" ><div class=\"wpb_column vc_column_container vc_col-sm-12\"><div class=\"vc_column-inner\"><div class=\"wpb_wrapper\"><div class=\"vc_message_box vc_message_box-standard vc_message_box-rounded vc_color-info\" ><div class=\"vc_message_box-icon\"><i class=\"fas fa-info-circle\"><\/i><\/div><p>Rezervirajte niske cijene u sobama Cano Hondo <a href=\"http:\/\/dominican-republic-hotels.com\/hotel\/cano-hondo-hotel-eco-lodge\/\" rel=\"noopener\">Kliknite ovdje.<\/a><\/p>\n<\/div><div class=\"vc_btn3-container vc_btn3-inline\" ><button class=\"vc_general vc_btn3 vc_btn3-size-md vc_btn3-shape-rounded vc_btn3-style-modern vc_btn3-color-green\">REZERVIRAJTE SADA<\/button><\/div>\n\t<div class=\"wpb_text_column wpb_content_element\" >\n\t\t<div class=\"wpb_wrapper\">\n\t\t\t<div class=\"vc_row wpb_row vc_row-fluid\">\n<div class=\"wpb_column vc_column_container vc_col-sm-12\">\n<div class=\"vc_column-inner\">\n<div class=\"wpb_wrapper\">\n<div class=\"wpb_text_column wpb_content_element\">\n<div class=\"wpb_wrapper\">\n<h2 class=\"mkdf-single-product-title\">Dnevna propusnica Ca\u00f1o Hondo \u2013 prirodni bazeni i ru\u010dak uklju\u010deni<\/h2>\n<h4><b><i>Opis<\/i><\/b><\/h4>\n<p>Dnevna ulaznica Ca\u00f1o Hondo za na\u0161e prirodne vanjske bazene s uklju\u010denim \u0161vedskim stolom za ru\u010dak. Svaki dan od 8:30 do 17:00 sati.<\/p>\n<div class=\"wpb_text_column wpb_content_element\">\n<div class=\"wpb_wrapper\">\n<p>Bazeni su potpuno biolo\u0161ki bez potrebe za klorom ili kemikalijama koji razvijaju vlastitu prirodnu ekologiju i uravnote\u017een ekosustav tako \u0161to su dizajnirani i izgra\u0111eni na odre\u0111eni na\u010din. Kada se postigne ravnote\u017ea voda je prirodno bistra kao u planinskom jezeru.<\/p>\n<\/div>\n<\/div>\n<div class=\"wpb_text_column wpb_content_element\">\n<div class=\"wpb_wrapper\">\n<p><strong>U\u017eivajte u prirodnim eko bazenima koji se prekrasno uklapaju u miran i originalan krajolik u nacionalnom parku Los Haitises, Sabana de la Mar. <\/strong><\/p>\n<p style=\"text-align: center;\"><strong>Provedite prekrasan dan sa svojom obitelji ili prijateljima.<\/strong><\/p>\n<\/div>\n<\/div>\n<p>&nbsp;<\/p>\n<h3><b>Uklju\u010divanje i isklju\u010divanje<\/b><\/h3>\n<p><b>Uklju\u010divanja<\/b><\/p>\n<ol>\n<li>Ru\u010dak \u2013 \u0161vedski sto<\/li>\n<li>Ulaz u prirodne bazene<\/li>\n<\/ol>\n<p><b>Izuzeci (nije uklju\u010deno)<\/b><\/p>\n<ol>\n<li>Prijevoz<\/li>\n<li>Alkoholna pi\u0107a<\/li>\n<\/ol>\n<p>&nbsp;<\/p>\n<h4><em><strong>Za\u0161to kupiti kartu?<\/strong><\/em><\/h4>\n<p>Molimo da izvr\u0161ite prethodnu rezervaciju kako bismo osigurali prostor u na\u0161em restoranu i pripremili za Vas \u0161vedski stol za ru\u010dak. Nakon \u0161to napravite rezervaciju, na\u0161i predstavnici \u0107e vas kontaktirati kako bi vam dali vi\u0161e informacija \u2013 kako do\u0107i do na\u0161eg lokala, koji je jelovnik \u0161vedskog stola za ru\u010dak i odgovoriti na sva va\u0161a pitanja.<\/p>\n<p><strong>Napomena: Besplatno za djecu do 3 godine. Djeca od 4 do 10 godina pla\u0107aju samo pola cijene.<\/strong><\/p>\n<h2 style=\"text-align: center;\"><strong>Bazeni s mineralnom vodom dizajnirani i izgra\u0111eni s pa\u017enjom na detalje i kreativno\u0161\u0107u.<\/strong><\/h2>\n<p><strong>Vrijeme:<\/strong><\/p>\n<p>8:30 \u2013 17:00 sati<\/p>\n<p>&nbsp;<\/p>\n<h4><em><strong>\u0160to trebate ponijeti sa sobom?<\/strong><\/em><\/h4>\n<ul>\n<li>Camara<\/li>\n<li>\u00a0Odbijaju\u0107i<\/li>\n<li>krema za sun\u010danje<\/li>\n<\/ul>\n<p>&nbsp;<\/p>\n<h4><i>Prijevoz: <\/i><\/h4>\n<p>Prijevoz nije uklju\u010den.<\/p>\n<p><b>Napomena: Ako \u017eelite transfer, kontaktirajte nas.<\/b><\/p>\n<h4><b><i>Politika otkazivanja<\/i><\/b><\/h4>\n<p>Za puni povrat pro\u010ditajte na\u0161a Pravila otkazivanja u podno\u017eju web stranice.<\/p>\n<\/div>\n<\/div>\n<\/div>\n<\/div>\n<\/div>\n<\/div>\n<div class=\"vc_row wpb_row vc_row-fluid\">\n<div class=\"wpb_column vc_column_container vc_col-sm-12\">\n<div class=\"vc_column-inner\">\n<div class=\"wpb_wrapper\">\n<div class=\"wpb_text_column wpb_content_element\">\n<div class=\"wpb_wrapper\">\n<p>&nbsp;<\/p>\n<h3 style=\"text-align: center;\">Tako\u0111er mo\u017eete u\u017eivati u brojnim aktivnostima i izletima s lokalnim turisti\u010dkim vodi\u010dem.<\/h3>\n<p><strong>Popis aktivnosti:<\/strong><br \/>\nZip podstava<br \/>\nPenjanje po stijenama<br \/>\nJahanje konja<br \/>\nVo\u0111ena ili samovo\u0111ena planinarenja u Los Haitises<br \/>\nVo\u017enja kajakom u Los Haitises<br \/>\nVo\u0111eni izleti brodom u Los Haitises<br \/>\nPromatranje kitova (od 15. sije\u010dnja do 20. o\u017eujka)<br \/>\nVo\u0111eno promatranje ptica<br \/>\nOtok Cayo Levantado\/Bacardi<br \/>\nDivlje \u017eivotinje i priroda<br \/>\nSlapovi El Limon, Samana<\/p>\n<p><strong>Za vi\u0161e informacija o aktivnostima i izletima slobodno nas kontaktirajte. Tako\u0111er mo\u017eete <a href=\"http:\/\/haitises.com\/\" rel=\"noopener\">Rezervirajte ovdje.<\/a><\/strong><\/p>\n<h4><b><i>Politika otkazivanja<\/i><\/b><\/h4>\n<p>Za potpuni povrat novca pro\u010ditajte na\u0161a pravila otkazivanja\u00a0<a href=\"https:\/\/www.boattoursamana.com\/hr\/online-rezervacija\/\" target=\"_blank\" rel=\"noopener\" data-saferedirecturl=\"https:\/\/www.google.com\/url?q=https:\/\/www.boattoursamana.com\/online-booking\/&amp;source=gmail&amp;ust=1672449202351000&amp;usg=AOvVaw1yAeVAPktmaVCqDujgUn90\">Kliknite ovdje<\/a>. Sredstva \u0107e biti izgubljena ako se rezervacija otka\u017ee isti dan putovanja.<\/p>\n<\/div>\n<\/div>\n<\/div>\n<\/div>\n<\/div>\n<\/div>\n\n\t\t<\/div>\n\t<\/div>\n<\/div><\/div><\/div><\/div><div class=\"vc_row wpb_row vc_row-fluid\" ><div class=\"wpb_column vc_column_container vc_col-sm-12\"><div class=\"vc_column-inner\"><div class=\"wpb_wrapper\"><div class=\"vc_btn3-container vc_btn3-inline\" ><button class=\"vc_general vc_btn3 vc_btn3-size-md vc_btn3-shape-rounded vc_btn3-style-modern vc_btn3-color-green\">REZERVIRAJTE SADA<\/button><\/div><\/div><\/div><\/div><\/div>","protected":false},"excerpt":{"rendered":"<p>Kupite dnevnu ulaznicu za prirodne bazene u hotelu Ca\u00f1o Hondo u nacionalnom parku Los Haitises, Sabana de la Mar. Ru\u010dak je uklju\u010den.<\/p>\n<p>Za vi\u0161e informacija, molimo kontaktirajte nas.<\/p>","protected":false},"featured_media":9457,"template":"","meta":[],"product_cat":[946,160,933,15],"product_tag":[425,176,421,422,171,209,426,423,424,175,186,187],"class_list":["post-9453","product","type-product","status-publish","has-post-thumbnail","hentry","product_cat-1-sabana-de-la-mar","product_cat-lunch","product_cat-natural-pools-los-haitises","product_cat-uncategorized","product_tag-altos-cano-hondo","product_tag-cano-hondo","product_tag-cano-hondo-day-pass","product_tag-cano-hondo-sabana-de-la-mar","product_tag-los-haitises","product_tag-los-haitises-national-park","product_tag-los-haitises-tours","product_tag-paraiso-cano-hondo","product_tag-parque-los-haitises","product_tag-sabana-de-la-mar","product_tag-samana","product_tag-samana-tours"],"_links":{"self":[{"href":"https:\/\/www.boattoursamana.com\/hr\/wp-json\/wp\/v2\/product\/9453","targetHints":{"allow":["GET"]}}],"collection":[{"href":"https:\/\/www.boattoursamana.com\/hr\/wp-json\/wp\/v2\/product"}],"about":[{"href":"https:\/\/www.boattoursamana.com\/hr\/wp-json\/wp\/v2\/types\/product"}],"wp:featuredmedia":[{"embeddable":true,"href":"https:\/\/www.boattoursamana.com\/hr\/wp-json\/wp\/v2\/media\/9457"}],"wp:attachment":[{"href":"https:\/\/www.boattoursamana.com\/hr\/wp-json\/wp\/v2\/media?parent=9453"}],"wp:term":[{"taxonomy":"product_cat","embeddable":true,"href":"https:\/\/www.boattoursamana.com\/hr\/wp-json\/wp\/v2\/product_cat?post=9453"},{"taxonomy":"product_tag","embeddable":true,"href":"https:\/\/www.boattoursamana.com\/hr\/wp-json\/wp\/v2\/product_tag?post=9453"}],"curies":[{"name":"wp","href":"https:\/\/api.w.org\/{rel}","templated":true}]}}