{"id":9613,"date":"2019-10-11T07:35:12","date_gmt":"2019-10-11T07:35:12","guid":{"rendered":"https:\/\/www.ticketswhales.com\/?post_type=product&#038;p=9613"},"modified":"2023-11-04T16:43:25","modified_gmt":"2023-11-04T16:43:25","slug":"samana-day-trip-from-punta-cana-el-limon-waterfall-and-bacardi-island","status":"publish","type":"product","link":"https:\/\/www.boattoursamana.com\/hr\/turneja\/jednodnevni-izlet-samana-od-slapa-punta-cana-el-limon-i-otoka-bacardi","title":{"rendered":"Punta Cana: Jednodnevni izlet Saman\u00e1 \u2013 vodopad El Lim\u00f3n i otok Bacardi"},"content":{"rendered":"<div class=\"vc_row wpb_row vc_row-fluid\" ><div class=\"wpb_column vc_column_container vc_col-sm-12\"><div class=\"vc_column-inner\"><div class=\"wpb_wrapper\"><div class=\"mkdf-section-title-holder\" style=\"text-align: left\">\n\t<div class=\"mkdf-st-inner\">\n\t\t\t\t\t<h5 class=\"mkdf-st-subtitle\" >\n\t\t\t\t(Preuzimanje u Punta Cani)\t\t\t<\/h5>\n\t\t\t\t\t\t\t<h3 class=\"mkdf-st-title\" >\n\t\t\t\tJednodnevni izlet Samana iz Punta Cane - vodopad El Limon i otok Bacardi\t\t\t<\/h3>\n\t\t\t\t\t<\/div>\n<\/div><div class=\"vc_empty_space\"   style=\"height: 32px\"><span class=\"vc_empty_space_inner\"><\/span><\/div>\n\t<div class=\"wpb_text_column wpb_content_element\" >\n\t\t<div class=\"wpb_wrapper\">\n\t\t\t<div class=\"vc_row wpb_row vc_row-fluid\">\n<div class=\"wpb_column vc_column_container vc_col-sm-12\">\n<div class=\"vc_column-inner\">\n<div class=\"wpb_wrapper\">\n<div class=\"mkdf-section-title-holder\">\n<div class=\"mkdf-st-inner\">\n<h5 class=\"mkdf-st-subtitle\">(Preuzimanje u Punta Cani)<\/h5>\n<h3 class=\"mkdf-st-title\">Jednodnevni izlet Samana iz Punta Cane \u2013 vodopad El Limon i otok Bacardi<\/h3>\n<\/div>\n<\/div>\n<\/div>\n<\/div>\n<\/div>\n<\/div>\n<div class=\"vc_row wpb_row vc_row-fluid\"><\/div>\n<div class=\"wpb_column vc_column_container vc_col-sm-12\">\n<div class=\"vc_column-inner\">\n<div class=\"wpb_wrapper\"><\/div>\n<\/div>\n<\/div>\n<div class=\"wpb_text_column wpb_content_element\">\n<div class=\"wpb_wrapper\"><\/div>\n<\/div>\n<h4><a id=\"overview\" class=\"aal_anchor\" href=\"https:\/\/bookingadventures.com.do\/dominicantour\/samana-day-trip-from-punta-cana-el-limon-waterfall-and-bacardi-island\/#overview\" aria-hidden=\"true\" rel=\"noopener\"><\/a><b><i>Pregled<\/i><\/b><\/h4>\n<p>Ako ste u Punta Cani ili Bavaru i \u017eelite jednodnevni izlet koji pla\u0107ate manje nego ina\u010de, samo naprijed i rezervirajte ovo putovanje. U sklopu ovog izleta odvest \u0107emo vas u Samanu, gdje \u0107ete na katamaranu biti odvedeni u Sabana de la Mar, grad Hato Mayor, dom Nacionalnog parka Los Haitises. Ovo putovanje uklju\u010duje posjet zajednicama Samana i El Limon gdje \u0107ete mo\u0107i jahati ili planinariti do vodopada odmah nakon prelaska zaljeva Samana. Ru\u010dak \u0107e biti poslu\u017een na otoku Bacardi. Izleti po\u010dinju u 6:00 ujutro i zavr\u0161avaju do 18:30 sati. Rezervirajte sada!<\/p>\n<p>Nakon ovog iskustva, odvest \u0107emo vas do va\u0161eg hotela.<\/p>\n<ul>\n<li>Naknade uklju\u010dene<\/li>\n<li>Uklju\u010den ru\u010dak na pla\u017ei<\/li>\n<li>Transfer uklju\u010den<\/li>\n<li>Vodi\u010d daje upute i nadzor<\/li>\n<\/ul>\n<p>&nbsp;<\/p>\n<h4><a id=\"inclusions-exclusions\" class=\"aal_anchor\" href=\"https:\/\/bookingadventures.com.do\/dominicantour\/samana-day-trip-from-punta-cana-el-limon-waterfall-and-bacardi-island\/#inclusions-exclusions\" aria-hidden=\"true\" rel=\"noopener\"><\/a><b>Uklju\u010divanja i isklju\u010denja<\/b><\/h4>\n<p>&nbsp;<\/p>\n<p><b>Uklju\u010divanja<\/b><\/p>\n<p>&nbsp;<\/p>\n<ol>\n<li>Preuzimanje iz hotela<\/li>\n<li>Zaljev Saman\u00e1<\/li>\n<li>Otok Bacardi, pla\u017ea i ru\u010dak<\/li>\n<li>Safari do El Limona<\/li>\n<li>Jahanje konja ili planinarenje do vodopada<\/li>\n<li>Dominikanski kokteli<\/li>\n<li>Svi porezi, naknade i manipulativni tro\u0161kovi<\/li>\n<li>Lokalni porezi<\/li>\n<li>Pi\u0107a<\/li>\n<li>Sve aktivnosti<\/li>\n<li>Lokalni vodi\u010d<\/li>\n<\/ol>\n<p><b>Isklju\u010divanja<\/b><\/p>\n<ol>\n<li>Napojnice<\/li>\n<li>Alkoholna pi\u0107a nakon koktela<\/li>\n<\/ol>\n<p>&nbsp;<\/p>\n<h4><a id=\"departure-return\" class=\"aal_anchor\" href=\"https:\/\/bookingadventures.com.do\/dominicantour\/samana-day-trip-from-punta-cana-el-limon-waterfall-and-bacardi-island\/#departure-return\" aria-hidden=\"true\" rel=\"noopener\"><\/a><em><strong>Polazak &amp; Povratak<\/strong><\/em><\/h4>\n<p>Putnik \u0107e dobiti mjesto sastanka nakon procesa rezervacije. Ture po\u010dinju i zavr\u0161avaju na na\u0161im sastajali\u0161tima.<\/p>\n<p>&nbsp;<\/p>\n<h3><a id=\"samana-day-trip-from-punta-cana-el-limon-waterfall-and-bacardi-island\" class=\"aal_anchor\" href=\"https:\/\/bookingadventures.com.do\/dominicantour\/samana-day-trip-from-punta-cana-el-limon-waterfall-and-bacardi-island\/#samana-day-trip-from-punta-cana-el-limon-waterfall-and-bacardi-island\" aria-hidden=\"true\" rel=\"noopener\"><\/a>Jednodnevni izlet Samana iz Punta Cane \u2013 vodopad El Limon i otok Bacardi<\/h3>\n<h4><a id=\"what-to-expect\" class=\"aal_anchor\" href=\"https:\/\/bookingadventures.com.do\/dominicantour\/samana-day-trip-from-punta-cana-el-limon-waterfall-and-bacardi-island\/#what-to-expect\" aria-hidden=\"true\" rel=\"noopener\"><\/a><b><i>\u0160to o\u010dekivati?<\/i><\/b><\/h4>\n<p>&nbsp;<\/p>\n<p><strong>Nabavite svoje ulaznice sada<\/strong>. Slapovi, jahanje, planinarenje i safari tura, kupanje u prirodnim izvorima, ru\u010dak na otoku Bacardi i druge zabavne aktivnosti \u010dekaju na vas.<\/p>\n<p>Polazak autobusom iz Punta Cane, uputit \u0107emo se prema luci Samana Bay. Kad stignemo u luku, ukrcat \u0107emo se na brod ili katamaran s lokalnim turisti\u010dkim vodi\u010dima koji \u0107e vas uputiti do zajednice Samana. U ovoj zajednici obilazak Safari vodit \u0107e vas uokolo i podu\u010davati vas o povijesti ovog grada. Ali to nije sve, slijede\u0107i je vodopad El Limon, ovdje \u0107ete mo\u0107i plivati i planinariti ili jahati. Vodopad El Limon je fantasti\u010dan spomenik prirode s tropskom \u0161umom i bistrim prirodnim izvorima. Na povratku u Samanu zaustavit \u0107emo se na otoku Bacardi gdje \u0107e biti poslu\u017een ru\u010dak i mo\u0107i \u0107ete plivati u jednom od najprirodnijih bazena Dominikanske Republike.<\/p>\n<p>&nbsp;<\/p>\n<p>U slu\u010daju da \u017eelite prilagoditi ovo putovanje tako da bude kra\u0107e ili du\u017ee, kontaktirajte nas.<\/p>\n<p>&nbsp;<\/p>\n<h4><a id=\"what-you-should-bring\" class=\"aal_anchor\" href=\"https:\/\/bookingadventures.com.do\/dominicantour\/samana-day-trip-from-punta-cana-el-limon-waterfall-and-bacardi-island\/#what-you-should-bring\" aria-hidden=\"true\" rel=\"noopener\"><\/a><em><strong>\u0160to trebate ponijeti?<\/strong><\/em><\/h4>\n<ul>\n<li>Fotoaparat<\/li>\n<li>Repelentni pupoljci<\/li>\n<li>krema za sun\u010danje<\/li>\n<li>\u0160e\u0161ir<\/li>\n<li>Udobne hla\u010de<\/li>\n<li>Planinarske cipele za \u0161umu<\/li>\n<li>Sandale za proljetna podru\u010dja.<\/li>\n<li>Odje\u0107a za kupanje<\/li>\n<\/ul>\n<p>&nbsp;<\/p>\n<h4><a id=\"hotel-pickup\" class=\"aal_anchor\" href=\"https:\/\/bookingadventures.com.do\/dominicantour\/samana-day-trip-from-punta-cana-el-limon-waterfall-and-bacardi-island\/#hotel-pickup\" aria-hidden=\"true\" rel=\"noopener\"><\/a><b><i>Preuzimanje iz hotela<\/i><\/b><\/h4>\n<p>Nudi se preuzimanje putnika!<\/p>\n<p>Dovozimo iz svih hotela u Punta Cani. Mjesto preuzimanja je predvorje hotela<br \/>\nnAko odsjedate u stanu u okolici, pokupit \u0107emo vas u stanu ili na ulazu u najbli\u017ee odmarali\u0161te. Postavili smo da nas preuzimanje kontaktira putem WhatsAppa.<\/p>\n<p><b>Bilje\u0161ka:<\/b>\u00a0Ako rezervirate u roku od 24 sata od vremena polaska putovanja\/izleta, mo\u017eemo organizirati prijevoz iz hotela uz dodatne naknade. Nakon \u0161to je va\u0161a kupnja dovr\u0161ena, poslat \u0107emo vam potpune podatke za kontakt (telefonski broj, adresu e-po\u0161te, itd.) za na\u0161eg lokalnog vodi\u010da kako bismo organizirali preuzimanje.<\/p>\n<h4><a id=\"additional-info-confirmation\" class=\"aal_anchor\" href=\"https:\/\/bookingadventures.com.do\/dominicantour\/samana-day-trip-from-punta-cana-el-limon-waterfall-and-bacardi-island\/#additional-info-confirmation\" aria-hidden=\"true\" rel=\"noopener\"><\/a><b><i>Potvrda dodatnih informacija<\/i><\/b><\/h4>\n<ol>\n<li>Ulaznice su ra\u010dun nakon pla\u0107anja ovog putovanja. Uplatu mo\u017eete prikazati na svom telefonu.<\/li>\n<li>Mjesto sastanka bit \u0107e primljeno nakon procesa rezervacije.<\/li>\n<li>Djeca moraju biti u pratnji odrasle osobe.<\/li>\n<li>Nije pristupa\u010dno za invalidska kolica<\/li>\n<li>Dojen\u010dad moraju sjediti u krilu<\/li>\n<li>Ne preporu\u010duje se putnicima koji imaju problema s le\u0111ima<\/li>\n<li>Ne preporu\u010duje se trudnicama koje putuju<\/li>\n<li>Nema problema sa srcem ili drugih ozbiljnih zdravstvenih stanja<\/li>\n<li>Ve\u0107ina putnika mo\u017ee sudjelovati<\/li>\n<\/ol>\n\n\t\t<\/div>\n\t<\/div>\n<\/div><\/div><\/div><\/div><div class=\"wpb_column vc_column_container vc_col-sm-12\"><div class=\"vc_column-inner\"><div class=\"wpb_wrapper\"><\/div><\/div><\/div><div class=\"wpb_column vc_column_container vc_col-sm-12\"><div class=\"vc_column-inner\"><div class=\"wpb_wrapper\"><\/div><\/div><\/div>","protected":false},"excerpt":{"rendered":"<p>Ako ste u Punta Cani ili Bavaru i \u017eelite oti\u0107i na jednodnevni izlet pla\u0107aju\u0107i manje nego ina\u010de, rezervirajte ovo putovanje. U okviru ovog izleta odvest \u0107emo vas u Samanu, gdje \u0107ete katamaranom biti odvedeni u Sabana de la Mar, op\u0107inu Hato Mayor, dom Nacionalnog parka Los Haitises. Ovo putovanje uklju\u010duje safari obilazak, katamaran, vodopad i kupanje na pla\u017ei i jo\u0161 mnogo toga. Putovanje po\u010dinje u 6:00 sati, a zavr\u0161ava u 18:30 sati.<\/p>\n<p><strong>Odaberite datum za obilazak\u00a0<\/strong><\/p>","protected":false},"featured_media":11580,"template":"","meta":[],"product_cat":[456,948,961,959,189,972,963,190,307,253,254,255],"product_tag":[184,183,384,223,382,380,185,381,222,175,383,186,458,457,200,187],"class_list":["post-9613","product","type-product","status-publish","has-post-thumbnail","hentry","product_cat-day-trips","product_cat-1-punta-cana","product_cat-el-limon-horseback-riding","product_cat-el-limon-punta-cana","product_cat-horse-riding-to-waterfalls","product_cat-punta-cana-group-tours","product_cat-punta-cana-samana-day-trips","product_cat-safari-samana","product_cat-salto-el-limon-and-bacardi-island","product_cat-tours-and-excursions","product_cat-tours-excursions-los-haitises-national-park","product_cat-tours-excursions-samana-bay-dominican-republic","product_tag-bacardi-island","product_tag-beach-time","product_tag-cascada-el-limon-salto-el-limon-samana-republica-dominicana","product_tag-cayo-levantado","product_tag-el-limon-waterfall-bacardi-island-from-punta-cana","product_tag-el-limon-waterfall-and-bacardi-island-tour-from-punta-cana","product_tag-el-limon-waterfalls","product_tag-guided-adventures","product_tag-punta-cana","product_tag-sabana-de-la-mar","product_tag-salto-de-limon-punta-cana","product_tag-samana","product_tag-samana-day-trip-from-punta-cana","product_tag-samana-day-trip-from-punta-cana-el-limon-waterfall-and-bacardi-island","product_tag-samana-excursions","product_tag-samana-tours"],"_links":{"self":[{"href":"https:\/\/www.boattoursamana.com\/hr\/wp-json\/wp\/v2\/product\/9613","targetHints":{"allow":["GET"]}}],"collection":[{"href":"https:\/\/www.boattoursamana.com\/hr\/wp-json\/wp\/v2\/product"}],"about":[{"href":"https:\/\/www.boattoursamana.com\/hr\/wp-json\/wp\/v2\/types\/product"}],"wp:featuredmedia":[{"embeddable":true,"href":"https:\/\/www.boattoursamana.com\/hr\/wp-json\/wp\/v2\/media\/11580"}],"wp:attachment":[{"href":"https:\/\/www.boattoursamana.com\/hr\/wp-json\/wp\/v2\/media?parent=9613"}],"wp:term":[{"taxonomy":"product_cat","embeddable":true,"href":"https:\/\/www.boattoursamana.com\/hr\/wp-json\/wp\/v2\/product_cat?post=9613"},{"taxonomy":"product_tag","embeddable":true,"href":"https:\/\/www.boattoursamana.com\/hr\/wp-json\/wp\/v2\/product_tag?post=9613"}],"curies":[{"name":"wp","href":"https:\/\/api.w.org\/{rel}","templated":true}]}}