{"id":9653,"date":"2019-10-15T08:33:05","date_gmt":"2019-10-15T08:33:05","guid":{"rendered":"https:\/\/www.ticketswhales.com\/?post_type=product&#038;p=9653"},"modified":"2023-11-10T17:27:37","modified_gmt":"2023-11-10T17:27:37","slug":"catalina-island-altos-de-chavon-from-punta-cana-snorkeling-with-catamaran-party","status":"publish","type":"product","link":"https:\/\/www.boattoursamana.com\/hr\/turneja\/otok-catalina-altos-de-chavon-iz-punta-cane-ronjenje-s-disalicom-i-zabavom-na-katamaranu","title":{"rendered":"Otok Catalina i Altos de Chavon iz Punta Cane (ronjenje s disalicom uz zabavu na katamaranu)"},"content":{"rendered":"<div class=\"vc_row wpb_row vc_row-fluid\" ><div class=\"wpb_column vc_column_container vc_col-sm-12\"><div class=\"vc_column-inner\"><div class=\"wpb_wrapper\"><div class=\"mkdf-section-title-holder\" style=\"text-align: left\">\n\t<div class=\"mkdf-st-inner\">\n\t\t\t\t\t<h5 class=\"mkdf-st-subtitle\" >\n\t\t\t\tPoludnevno iskustvo\t\t\t<\/h5>\n\t\t\t\t\t\t\t<h3 class=\"mkdf-st-title\" >\n\t\t\t\tOtok Catalina i ronjenje s disalicom uz zabavu na katamaranu iz Punta Cane\t\t\t<\/h3>\n\t\t\t\t\t<\/div>\n<\/div><div class=\"vc_btn3-container vc_btn3-inline\" ><button class=\"vc_general vc_btn3 vc_btn3-size-md vc_btn3-shape-rounded vc_btn3-style-modern vc_btn3-color-green\">REZERVIRAJTE SADA<\/button><\/div><\/div><\/div><\/div><\/div><div class=\"vc_row wpb_row vc_row-fluid\" ><div class=\"wpb_column vc_column_container vc_col-sm-12\"><div class=\"vc_column-inner\"><div class=\"wpb_wrapper\">\n\t<div class=\"wpb_text_column wpb_content_element\" >\n\t\t<div class=\"wpb_wrapper\">\n\t\t\t<div class=\"vc_row wpb_row vc_row-fluid\">\n<div class=\"wpb_column vc_column_container vc_col-sm-12\">\n<div class=\"vc_column-inner\">\n<div class=\"wpb_wrapper\">\n<div class=\"wpb_text_column wpb_content_element\">\n<div class=\"wpb_wrapper\">\n<div class=\"vc_row wpb_row vc_row-fluid\">\n<div class=\"wpb_column vc_column_container vc_col-sm-12\">\n<div class=\"vc_column-inner\">\n<div class=\"wpb_wrapper\">\n<div class=\"wpb_text_column wpb_content_element\">\n<div class=\"wpb_wrapper\">\n<h4><b><i>Pregled<\/i><\/b><\/h4>\n<p>U\u017eivamo u vo\u017enji katamaranom preko kristalno \u010distih voda do otoka Catalina, najpoznatijeg podru\u010dja za ronjenje u Dominikanskoj Republici.<\/p>\n<p>Va\u0161 dan zapo\u010dinje preuzimanjem u glavnom predvorju hotela ili na odre\u0111enom mjestu okupljanja. Zatim \u0107emo nastaviti do otoka Catalina kako bismo u\u017eivali u osvje\u017eavaju\u0107oj kupki i pi\u0107u, dok tko god mo\u017ee izvoditi 2 vrste ronjenja s disalicom s instruktorom, a nakon toga pojest \u0107emo ukusan \u0161vedski stol za ru\u010dak na pla\u017ei i i\u0107i \u0107emo na satove salse i Bachata, a tako\u0111er pripremamo i neke ukusne napitke. Nakon \u0161to se umorite od ljen\u010darenja na pla\u017ei, uzmite opremu za ronjenje i divite se Catalininom podvodnom svijetu.<\/p>\n<p>Ocean, tako nevjerojatno bistar, i pla\u017ea s bijelim pijeskom \u010dekaju na vas. Opustite se na le\u017ealjci ili ronite, sve je uklju\u010deno za vas. U\u017eivat \u0107ete gdje \u0107ete vidjeti tradiciju na\u0161e glazbe i plesa.<\/p>\n<p>Nakon ovoga idemo u Altos de Chavon Cattle and River!<\/p>\n<p><strong>Bilje\u0161ka:<\/strong> Ovaj obilazak nije privatan. Ako \u017eelite organizirati privatno putovanje, samo nas kontaktirajte!<\/p>\n<ul>\n<li>\n<div class=\"py-1 inclusions-exclusions-item d-flex\" lang=\"en-x-mtfrom-en\">\n<div class=\"d-inline-block inclusions-exclusions-text\">Privatni prijevoz<\/div>\n<\/div>\n<\/li>\n<li>Prirodni bazen za promatranje morskih zvijezda<\/li>\n<li>Ronjenje<\/li>\n<li>Ru\u010dak<\/li>\n<li>Prijevoz brodom katamaranom<\/li>\n<li>Kapetan daje upute i nadzor<\/li>\n<li>Turisti\u010dki vodi\u010d<\/li>\n<\/ul>\n<p>&nbsp;<\/p>\n<h4><b>Uklju\u010divanja i isklju\u010denja<\/b><\/h4>\n<p><b>Uklju\u010divanja<\/b><\/p>\n<ol>\n<li>Turisti\u010dki vodi\u010d<\/li>\n<li>ronjenje s disalicom<\/li>\n<li>Ru\u010dak<\/li>\n<li>Preuzimanje u hotelima<\/li>\n<li>Izlet katamaranom ili brodom<\/li>\n<li>Svi porezi, naknade i manipulativni tro\u0161kovi<\/li>\n<li>Lokalni porezi<\/li>\n<li>Pi\u0107a<\/li>\n<\/ol>\n<p><b>Isklju\u010divanja<\/b><\/p>\n<ol>\n<li>Napojnice<\/li>\n<li>Fotografije<\/li>\n<\/ol>\n<h4><em><strong>Polazak &amp; Povratak<\/strong><\/em><\/h4>\n<p>Putnik \u0107e dobiti mjesto sastanka nakon procesa rezervacije. Ture po\u010dinju i zavr\u0161avaju na na\u0161im sastajali\u0161tima.<\/p>\n<h3>Otok Catalina i ronjenje uz zabavu na katamaranu iz Punta Cane \u2013 poludnevno iskustvo.<\/h3>\n<h4><b><i>\u0160to o\u010dekivati?<\/i><\/b><\/h4>\n<p>Tijekom izleta na otok Catalina iz Punta Cane, gosti \u0107e imati priliku roniti u \u017eivopisnim koraljnim grebenima u Catalini, plivati me\u0111u \u017eivahnim jatima riba u\u017eivaju\u0107i u zapanjuju\u0107oj karipskoj podvodnoj fauni.<\/p>\n<p>Zapo\u010det \u0107emo izlet s snorkelingom polaze\u0107i ujutro prema La Romani. Tijekom vo\u017enje pro\u0107i \u0107emo pokraj polja \u0161e\u0107erne trske jer \u0107e va\u0161 vodi\u010d pru\u017eiti zanimljive informacije o povijesti podru\u010dja, op\u0107oj kulturi i tehnikama proizvodnje ruma u zemlji. Po dolasku u La Romanu, ukrcat \u0107emo se na na\u0161 katamaran i krenuti prema Catalini. Na\u0161a prva stanica na otoku bit \u0107e &quot;Zid&quot;, veli\u010danstveni koraljni zid koji se prote\u017ee od otoka do Karipskog mora.<\/p>\n<p>Nakon ronjenja, nastavit \u0107ete put do prekrasne pla\u017ee Catalina, ekskluzivnog mjesta. Po dolasku gosti \u0107e imati pristup 2 kilometra bijelih pje\u0161\u010danih pla\u017ea i kristalno \u010distog mora, baru na pla\u017ei s pi\u0107em i ukusnim dominikanskim ru\u010dkom na bazi \u0161vedskog stola s ro\u0161tiljem. Ukrcat \u0107emo se na katamaran oko 15:30 za povratak u Punta Canu nakon nevjerojatnog dana ronjenja i opu\u0161tanja na otoku Catalina. Otok Tijekom izleta na otok Catalina iz Punta Cane, gosti \u0107e imati priliku roniti u \u017eivopisnim koraljnim grebenima u Catalini, plivati me\u0111u \u017eivahnim jatima riba i u\u017eivati u zapanjuju\u0107oj karipskoj podvodnoj fauni.<\/p>\n<p>Zapo\u010det \u0107emo izlet s snorkelingom polaze\u0107i ujutro prema La Romani. Tijekom vo\u017enje pro\u0107i \u0107emo pokraj polja \u0161e\u0107erne trske jer \u0107e va\u0161 vodi\u010d pru\u017eiti zanimljive informacije o povijesti podru\u010dja, op\u0107oj kulturi i tehnikama proizvodnje ruma u zemlji. Po dolasku u La Romanu, ukrcat \u0107emo se na na\u0161 katamaran i krenuti prema Catalini.<\/p>\n<p>Na\u0161a prva stanica na otoku bit \u0107e &quot;Zid&quot;, veli\u010danstveni koraljni zid koji se prote\u017ee od otoka do Karipskog mora. Nakon ronjenja, nastavit \u0107ete put do prekrasne pla\u017ee Catalina, ekskluzivnog mjesta. Po dolasku gosti \u0107e imati pristup 2 kilometra bijelih pje\u0161\u010danih pla\u017ea i kristalno \u010distog mora, baru na pla\u017ei s pi\u0107em i ukusnim dominikanskim ru\u010dkom na bazi \u0161vedskog stola s ro\u0161tiljem. Ukrcat \u0107emo se na katamaran oko 15:30 za povratak u Punta Canu nakon nevjerojatnog dana ronjenja i opu\u0161tanja na otoku Catalina.<\/p>\n<div class=\"a-text--first-content _for-copy-large l-hide-for-large\">\n<p>Pusti da<strong>\u00a0O\u010darat \u0107e vas karipski raj otoka Catalina\u00a0<\/strong>i istra\u017eiti slikovito\u00a0<strong>Altos de Chav\u00f3n<\/strong>\u00a0na ovom nezaobilaznom jednodnevnom izletu iz La Romane.<\/p>\n<\/div>\n<div id=\"o-slider--activity-detail__container\" class=\"o-slider js-module-slider is-photos\"><\/div>\n<div id=\"l-768-calendar-anchor\"><\/div>\n<div id=\"new-fading-text\" class=\"new-fading-text _loaded u-no-before show-hidden-elements\">\n<div class=\"o-activity-description\">\n<h2>Otok Catalina i jednodnevni izlet Altos de Chav\u00f3n<\/h2>\n<p>Nakon \u0161to vas odmah ujutro pokupe iz hotela, krenut \u0107ete u svoju avanturu, prvo zaustavljanje u\u00a0<strong>Altos de Chav\u00f3n<\/strong>. Imat \u0107ete 40 minuta da ovo istra\u017eite<strong>\u00a0prekrasna rekreacija sela u mediteranskom stilu<\/strong>\u00a0i diviti se pogledu na rijeku Chav\u00f3n koja te\u010de pokraj njega. Zaista o\u010daravaju\u0107e!<\/p>\n<p class=\"new-fading-text__hidden-element\">Nastavljaju\u0107i obilazak, bit \u0107ete odvedeni do pristani\u0161ta na\u00a0<strong>Rijeka Salado\u00a0<\/strong>gdje je tvoj\u00a0<strong>katamaran\u00a0<\/strong>\u010dekat \u0107e vas da isplovite na Isla Catalina. Tijekom va\u0161eg krstarenja, koje \u0107e trajati oko 40 minuta, u\u017eivat \u0107ete u pi\u0107u na brodu dok se divite\u00a0<strong>prodorno plavetnilo pjenu\u0161avog Karipskog mora<\/strong>.<\/p>\n<p class=\"new-fading-text__hidden-element\">Na prilazu va\u0161em odredi\u0161tu uputit \u0107ete se izravno do koraljnog grebena poznatog kao La Pared ili The Wall, gdje \u0107ete imati priliku\u00a0<strong>rashladite se osvje\u017eavaju\u0107im kupanjem u moru i ronjenjem me\u0111u nevjerojatnim morskim \u017eivotom<\/strong>. Provedite 40 minuta istra\u017euju\u0107i pod vodom, prije nego \u0161to se vratite na katamaran i bacite sidro na doku na otoku Catalina.<\/p>\n<p class=\"new-fading-text__hidden-element\">S nogama na suhom odvest \u0107ete se do malog restorana s prekrasnim pogledom na more, gdje \u0107ete biti po\u010da\u0161\u0107eni\u00a0<strong>ukusan buffet ru\u010dak<\/strong>. S obnovljenom energijom imat \u0107ete tri sata slobodnog vremena da ga maksimalno iskoristite\u00a0<strong>rajske bijele pje\u0161\u010dane pla\u017ee<\/strong>. Bilo da se radije opu\u0161tate i sun\u010date ili se oku\u0161ate u zabavnoj aktivnosti poput surfanja s veslom, u\u017eivat \u0107ete u nezaboravnom poslijepodnevu.<\/p>\n<p class=\"new-fading-text__hidden-element\">Na kraju dana, vratit \u0107ete se do katamarana i otploviti natrag u La Romanu, gdje \u0107e vas ostaviti u va\u0161em hotelu.<\/p>\n<\/div>\n<\/div>\n<p>&nbsp;<\/p>\n<p><strong>Raspored:<\/strong><\/p>\n<p>7:00 \u2013 16:30<\/p>\n<p>&nbsp;<\/p>\n<\/div>\n<p>Vrijeme se mo\u017ee promijeniti ovisno o vremenu polaska iz hotela.<\/p>\n<div class=\"wpb_wrapper\">\n<p>&nbsp;<\/p>\n<h4><em><strong>\u0160to trebate ponijeti?<\/strong><\/em><\/h4>\n<ul>\n<li>Fotoaparat<\/li>\n<li>Repelentni pupoljci<\/li>\n<li>krema za sun\u010danje<\/li>\n<li>\u0160e\u0161ir<\/li>\n<li>Udobne hla\u010de<\/li>\n<li>Odje\u0107a za kupanje<\/li>\n<li>Gotovina za suvenire<\/li>\n<\/ul>\n<p>&nbsp;<\/p>\n<h4><b><i>Preuzimanje iz hotela<\/i><\/b><\/h4>\n<p>Za ovu turu nudi se prijevoz iz hotela. Mo\u017eemo ga postaviti putem Whatsappa. Iz hotela La Romana, Punta Cana, Bavaro i Bayahibe.<\/p>\n<p>&nbsp;<\/p>\n<p><b>Bilje\u0161ka:<\/b> Ako rezervirate u roku od 24 sata od vremena polaska putovanja\/izleta, mo\u017eemo organizirati prijevoz iz hotela uz dodatne naknade. Nakon \u0161to je va\u0161a kupnja dovr\u0161ena, poslat \u0107emo vam potpune podatke za kontakt (telefonski broj, adresu e-po\u0161te, itd.) za na\u0161eg lokalnog vodi\u010da kako bismo organizirali preuzimanje.<\/p>\n<h4><b><i>Potvrda dodatnih informacija<\/i><\/b><\/h4>\n<ol>\n<li>Ulaznice su ra\u010dun nakon pla\u0107anja ovog putovanja. Uplatu mo\u017eete prikazati na svom telefonu.<\/li>\n<li>Mjesto sastanka bit \u0107e primljeno nakon procesa rezervacije.<\/li>\n<li>Djeca moraju biti u pratnji odrasle osobe.<\/li>\n<li>Dostupno invalidskim kolicima<\/li>\n<li>Dojen\u010dad moraju sjediti u krilu<\/li>\n<li>Ve\u0107ina putnika mo\u017ee sudjelovati<\/li>\n<\/ol>\n<h4><b><i>Politika otkazivanja<\/i><\/b><\/h4>\n<p>Za potpuni povrat novca pro\u010ditajte na\u0161a pravila otkazivanja\u00a0<a href=\"https:\/\/www.boattoursamana.com\/hr\/online-rezervacija\/\" target=\"_blank\" rel=\"noopener\" data-saferedirecturl=\"https:\/\/www.google.com\/url?q=https:\/\/www.boattoursamana.com\/online-booking\/&amp;source=gmail&amp;ust=1672532492004000&amp;usg=AOvVaw3ylqI1cdbIPTimEqEWneyd\">Kliknite ovdje<\/a>. Sredstva \u0107e biti izgubljena ako se rezervacija otka\u017ee isti dan putovanja.<\/p>\n<\/div>\n<\/div>\n<\/div>\n<\/div>\n<\/div>\n<\/div>\n<\/div>\n<\/div>\n<\/div>\n<\/div>\n<\/div>\n<\/div>\n<div class=\"vc_row wpb_row vc_row-fluid\">\n<div class=\"wpb_column vc_column_container vc_col-sm-12\">\n<div class=\"vc_column-inner\">\n<div class=\"wpb_wrapper\">\n<div class=\"vc_empty_space\"><\/div>\n<div class=\"wpb_text_column wpb_content_element\">\n<div class=\"wpb_wrapper\">\n<h4>Kontaktirajte nas?<\/h4>\n<h5><b><i>Booking Adventures<\/i><\/b><\/h5>\n<p><em><strong>Mje\u0161tani<\/strong>\u00a0i\u00a0<strong>Dr\u017eavljani<\/strong>\u00a0Turisti\u010dki vodi\u010di i usluge za goste<\/em><\/p>\n<p><span class=\"text-turquoise\">Rezervacije:<\/span>\u00a0Ture i izleti u Dom. Rep.<\/p>\n<p><img decoding=\"async\" class=\"emoji\" src=\"https:\/\/s.w.org\/images\/core\/emoji\/11.2.0\/svg\/1f4de.svg\" alt=\"\ud83d\udcde\" title=\"\">\u00a0Tel \/ Whatsapp\u00a0\u00a0<a href=\"tel:+1-809-720-6035\">+1-809-720-6035<\/a>.<\/p>\n<p><img decoding=\"async\" class=\"emoji\" src=\"https:\/\/s.w.org\/images\/core\/emoji\/11.2.0\/svg\/1f4e9.svg\" alt=\"\ud83d\udce9\" title=\"\">\u00a0<a href=\"mailto:info@bookingadventures.com.do\">info@bookingadventures.com.do<\/a><\/p>\n<p><strong>Mi smo fleksibilni i postavljamo privatne obilaske putem Whatsappa:\u00a0<a href=\"tel:+18097206035\">+18097206035.<\/a><\/strong><\/p>\n<\/div>\n<\/div>\n<\/div>\n<\/div>\n<\/div>\n<\/div>\n\n\t\t<\/div>\n\t<\/div>\n<div class=\"vc_btn3-container vc_btn3-inline\" ><button class=\"vc_general vc_btn3 vc_btn3-size-md vc_btn3-shape-rounded vc_btn3-style-modern vc_btn3-color-green\">REZERVIRAJTE SADA<\/button><\/div><\/div><\/div><\/div><\/div><div class=\"vc_row wpb_row vc_row-fluid\" ><div class=\"wpb_column vc_column_container vc_col-sm-12\"><div class=\"vc_column-inner\"><div class=\"wpb_wrapper\"><\/div><\/div><\/div><\/div>","protected":false},"excerpt":{"rendered":"<p>Maleni otok Catalina (Isla Catalina), samo 1,5 milje (2,4 kilometra) od kopna Dominikanske Republike, idili\u010dna je pje\u0161\u010dana mrlja u tirkiznim vodama Kariba. Poznata po svojim dobro naseljenim koraljnim grebenima, Catalina je miran odmor za one koji \u017eele pobje\u0107i od u\u017eurbane Punta Cane i La Romane.<\/p>\n<p>Rezervirajte jednodnevni izlet s nama. Otok Catalina u katamaranu za zabave s ronjenjem!<\/p>\n<p>&nbsp;<\/p>\n<p>Odaberite datum izleta:<\/p>","protected":false},"featured_media":9658,"template":"","meta":[],"product_cat":[483,948,160,972,967,349,253,255],"product_tag":[973,974,975,485,976,480,296,471,484],"class_list":["post-9653","product","type-product","status-publish","has-post-thumbnail","hentry","product_cat-catalina-island-catamaran-and-snorkeling","product_cat-1-punta-cana","product_cat-lunch","product_cat-punta-cana-group-tours","product_cat-punta-cana-catalina-island","product_cat-tours-and-excursion-punta-cana","product_cat-tours-and-excursions","product_cat-tours-excursions-samana-bay-dominican-republic","product_tag-catalina-island","product_tag-catalina-island-dominican-republic-snorkeling","product_tag-catalina-island-packages","product_tag-catalina-island-snorkeling-dominican-republic","product_tag-catalina-island-tour","product_tag-cheap-punta-cana-excursions","product_tag-day-trip-punta-cana","product_tag-punta-cana-catamaran-party-with-snorkeling-and-parasailing","product_tag-talina-island-snorkeling"],"_links":{"self":[{"href":"https:\/\/www.boattoursamana.com\/hr\/wp-json\/wp\/v2\/product\/9653","targetHints":{"allow":["GET"]}}],"collection":[{"href":"https:\/\/www.boattoursamana.com\/hr\/wp-json\/wp\/v2\/product"}],"about":[{"href":"https:\/\/www.boattoursamana.com\/hr\/wp-json\/wp\/v2\/types\/product"}],"wp:featuredmedia":[{"embeddable":true,"href":"https:\/\/www.boattoursamana.com\/hr\/wp-json\/wp\/v2\/media\/9658"}],"wp:attachment":[{"href":"https:\/\/www.boattoursamana.com\/hr\/wp-json\/wp\/v2\/media?parent=9653"}],"wp:term":[{"taxonomy":"product_cat","embeddable":true,"href":"https:\/\/www.boattoursamana.com\/hr\/wp-json\/wp\/v2\/product_cat?post=9653"},{"taxonomy":"product_tag","embeddable":true,"href":"https:\/\/www.boattoursamana.com\/hr\/wp-json\/wp\/v2\/product_tag?post=9653"}],"curies":[{"name":"wp","href":"https:\/\/api.w.org\/{rel}","templated":true}]}}