{"id":9918,"date":"2020-03-29T08:08:03","date_gmt":"2020-03-29T08:08:03","guid":{"rendered":"https:\/\/www.ticketswhales.com\/Tours-Excursions\/uncategorized\/import-placeholder-for-9917\/"},"modified":"2023-11-10T16:12:30","modified_gmt":"2023-11-10T16:12:30","slug":"birdwatching-punta-cana-birding-tours-from-punta-cana-to-los-haitises-national-park","status":"publish","type":"product","link":"https:\/\/www.boattoursamana.com\/hr\/turneja\/promatranje-ptica-punta-cana-ture-za-promatranje-ptica-od-punta-cane-do-nacionalnog-parka-los-haitises","title":{"rendered":"Promatranje ptica Punta Cana \u2013 Pti\u010darske ture od Punta Cane do Nacionalnog parka Los Haitises"},"content":{"rendered":"<div class=\"vc_row wpb_row vc_row-fluid\" ><div class=\"wpb_column vc_column_container vc_col-sm-12\"><div class=\"vc_column-inner\"><div class=\"wpb_wrapper\">\n\t<div class=\"wpb_text_column wpb_content_element\" >\n\t\t<div class=\"wpb_wrapper\">\n\t\t\t<div class=\"vc_row wpb_row vc_row-fluid\">\n<div class=\"wpb_column vc_column_container vc_col-sm-12\">\n<div class=\"vc_column-inner\">\n<div class=\"wpb_wrapper\">\n<div class=\"mkdf-section-title-holder\">\n<div class=\"mkdf-st-inner\">\n<h5 class=\"mkdf-st-subtitle\">Promatranje ptica u Nacionalnom parku Los Haitises<\/h5>\n<h2 class=\"mkdf-st-title\">Pti\u010darske ture od Punta Cane do Nacionalnog parka Los Haitises<\/h2>\n<\/div>\n<\/div>\n<\/div>\n<\/div>\n<\/div>\n<\/div>\n<div class=\"vc_row wpb_row vc_row-fluid\">\n<div class=\"wpb_column vc_column_container vc_col-sm-12\">\n<div class=\"vc_column-inner\">\n<div class=\"wpb_wrapper\">\n<div class=\"wpb_text_column wpb_content_element\">\n<div class=\"wpb_wrapper\">\n<h4><b><i>Pregled<\/i><\/b><\/h4>\n<section><\/section>\n<p>Samo posjeti koji se nude u Dominikanskoj Republici s nacionalnim i lokalnim turisti\u010dkim vodi\u010dima koje je ovjerilo Ministarstvo turizma Dominikanske Republike. Kontaktirajte izravne lokalne stru\u010dnjake i posjetite Nacionalni park Los Haitises. Dok ve\u0107ina ljudi odlazi brodom u istra\u017eivanje parka i njegovih \u0161pilja, otoka. Bit \u0107emo usredoto\u010deni na studije ornitologa u Nacionalnom parku Los Haitises. U\u017eivanje i u\u010denje o projektima za\u0161tite divlja\u010di na privatnim putovanjima.<\/p>\n<p>\u010cuvamo 110 vrsta ptica koje mo\u017eete prona\u0107i u Nacionalnom parku Los Haitises. \u0160etnja kroz ovu \u010darobnu \u0161umu u potrazi za papigama, Todyjima, Ridgwayevim jastrebovima, tanagerima, kolibri\u0107ima i jo\u0161 mnogo toga. Pru\u017eanje zanimljive povijesti o svim tim pticama koje mo\u017eete vidjeti na stazi Humit. Znamo stani\u0161ta Ridgwayeve, pepeljaste sove i drugih endemskih vrsta. Ova tura je usredoto\u010dena na prirodu i vi\u0161e je koncentrirana na informacije o divljim \u017eivotinjama uz o\u010dekivanje lokalnih turisti\u010dkih vodi\u010da certificiranih kao ornitolog.<\/p>\n<p><strong>Obi\u010dno je to privatna tura za doista visokokvalitetno iskustvo.<\/strong><\/p>\n<p>Ovdje provjerite popis naj\u010de\u0161\u0107ih ptica na na\u0161im putovanjima:\u00a0<a href=\"https:\/\/avibase.bsc-eoc.org\/checklist.jsp?lang=ES&amp;p2=1&amp;list=clements&amp;synlang=EN&amp;region=DO0005&amp;version=text&amp;lifelist=&amp;highlight=0\" target=\"_blank\" rel=\"noopener\"><strong>KLIKNITE OVDJE<\/strong><\/a><\/p>\n<h4><\/h4>\n<h4><b>Uklju\u010divanja i isklju\u010denja<\/b><\/h4>\n<p><b>Uklju\u010divanja<\/b><\/p>\n<ol>\n<li>3 sata \u0161etnje pticama stazama parka<\/li>\n<li>Svi porezi, naknade i manipulativni tro\u0161kovi<\/li>\n<li>Lokalni porezi<\/li>\n<li>Ru\u010dak<\/li>\n<li>Slu\u017ebenici, ekolozi, turisti\u010dki vodi\u010di engleski\/\u0161panjolski<\/li>\n<li>Transfer iz Punta Cane<\/li>\n<\/ol>\n<p><b>Isklju\u010divanja<\/b><\/p>\n<ol>\n<li>Napojnice<\/li>\n<li>Alkoholna pi\u0107a<\/li>\n<\/ol>\n<p>&nbsp;<\/p>\n<h4><a id=\"departure-return\" class=\"aal_anchor\" href=\"https:\/\/www.boattoursamana.com\/hr\/tours-excursions\/fees-entrace\/promatranje-ptica-punta-cana-ture-za-promatranje-ptica-od-punta-cane-do-nacionalnog-parka-los-haitises\/#departure-return\" target=\"_blank\" rel=\"noopener\" aria-hidden=\"true\"><\/a><em><strong>Polazak &amp; Povratak<\/strong><\/em><\/h4>\n<p>Tura, organizirana od strane \u201cBooking Adventures locals Ornithologist tour Guides\u201d po\u010dinje na mjestu sastanka odre\u0111enom s vodi\u010dem. Putnik \u0107e dobiti mjesto sastanka nakon procesa rezervacije. Ture po\u010dinju i zavr\u0161avaju na na\u0161im sastajali\u0161tima.<\/p>\n<p>&nbsp;<\/p>\n<h4><a id=\"what-to-expect\" class=\"aal_anchor\" href=\"https:\/\/www.boattoursamana.com\/hr\/tours-excursions\/fees-entrace\/promatranje-ptica-punta-cana-ture-za-promatranje-ptica-od-punta-cane-do-nacionalnog-parka-los-haitises\/#what-to-expect\" target=\"_blank\" rel=\"noopener\" aria-hidden=\"true\"><\/a><b><i>\u0160to o\u010dekivati?<\/i><\/b><\/h4>\n<p><em><strong>Nabavite svoju kartu<\/strong><\/em>\u00a0za promatranje ptica u nacionalnom parku Los Haitises iz Punta Cane. Put od Punta Cane do Nacionalnog parka traje oko 1:45 minuta. Kada stignete u park, imamo 30 minuta pje\u0161a\u010denja i promatranja jastrebova, a imamo opciju da nastavimo planinariti okolo i provjeriti ima li papiga, pikuleta i drugih endemskih vrsta u Nacionalnom parku Los Haitises.<\/p>\n<p>Nacionalni park Los Haitises ima samo dvije staze za promatranje ptica u Sabana de la Maru. Na putu do Nacionalnog parka Los Hiatises zaustavljamo se na nekim mjestima kako bismo vidjeli jo\u0161 ptica.<\/p>\n<p>Nakon 4 i pol sata u\u010denja o pticama u Nacionalnom parku Los Haitises, ova ekskurzija zavr\u0161ava na istom mjestu gdje je i zapo\u010dela.<\/p>\n<p><strong>Napomena: Ove ture su s turisti\u010dkim vodi\u010dima slu\u017ebenih ekologa. Rezervirajte na vrijeme jer u parku nema previ\u0161e stru\u010dnjaka.<\/strong><\/p>\n<p>&nbsp;<\/p>\n<h4><a id=\"what-you-should-bring\" class=\"aal_anchor\" href=\"https:\/\/www.boattoursamana.com\/hr\/tours-excursions\/fees-entrace\/promatranje-ptica-punta-cana-ture-za-promatranje-ptica-od-punta-cane-do-nacionalnog-parka-los-haitises\/#what-you-should-bring\" target=\"_blank\" rel=\"noopener\" aria-hidden=\"true\"><\/a><em><strong>\u0160to trebate ponijeti?<\/strong><\/em><\/h4>\n<ul>\n<li>Fotoaparat<\/li>\n<li>Dalekozor<\/li>\n<li>Repelentni pupoljci<\/li>\n<li>krema za sun\u010danje<\/li>\n<li>\u0160e\u0161ir<\/li>\n<li>Udobne hla\u010de<\/li>\n<li>Planinarske cipele za \u0161umu<\/li>\n<li>Sandale za proljetna podru\u010dja.<\/li>\n<li>Odje\u0107a za kupanje<\/li>\n<\/ul>\n<p>&nbsp;<\/p>\n<h4><a id=\"hotel-pickup\" class=\"aal_anchor\" href=\"https:\/\/www.boattoursamana.com\/hr\/tours-excursions\/fees-entrace\/promatranje-ptica-punta-cana-ture-za-promatranje-ptica-od-punta-cane-do-nacionalnog-parka-los-haitises\/#hotel-pickup\" target=\"_blank\" rel=\"noopener\" aria-hidden=\"true\"><\/a><b><i>Preuzimanje hotela<\/i><\/b><\/h4>\n<p>Za ovu turu nudi se prijevoz iz hotela.<\/p>\n<p><b>Bilje\u0161ka:<\/b>\u00a0Ako rezervirate unutar 24 sata od vremena polaska putovanja\/izleta, mo\u017eemo organizirati preuzimanje iz hotela u Punta Cani. Nakon \u0161to je va\u0161a kupnja dovr\u0161ena, poslat \u0107emo vam potpune podatke za kontakt (telefonski broj, adresu e-po\u0161te, itd.) za na\u0161eg lokalnog vodi\u010da kako bismo organizirali preuzimanje.<\/p>\n<h4><a id=\"additional-info-confirmation\" class=\"aal_anchor\" href=\"https:\/\/www.boattoursamana.com\/hr\/tours-excursions\/fees-entrace\/promatranje-ptica-punta-cana-ture-za-promatranje-ptica-od-punta-cane-do-nacionalnog-parka-los-haitises\/#additional-info-confirmation\" target=\"_blank\" rel=\"noopener\" aria-hidden=\"true\"><\/a><b><i>Potvrda dodatnih informacija<\/i><\/b><\/h4>\n<ol>\n<li>Ulaznice su ra\u010dun nakon pla\u0107anja ovog putovanja. Uplatu mo\u017eete prikazati na svom telefonu.<\/li>\n<li>Mjesto sastanka bit \u0107e primljeno nakon procesa rezervacije.<\/li>\n<li>Djeca moraju biti u pratnji odrasle osobe.<\/li>\n<li>Nije pristupa\u010dno za invalidska kolica<\/li>\n<li>Dojen\u010dad moraju sjediti u krilu<\/li>\n<li>Ne preporu\u010duje se putnicima koji imaju problema s le\u0111ima<\/li>\n<li>Ne preporu\u010duje se trudnicama koje putuju<\/li>\n<li>Nema problema sa srcem ili drugih ozbiljnih zdravstvenih stanja<\/li>\n<li>Ve\u0107ina putnika mo\u017ee sudjelovati<\/li>\n<\/ol>\n<p>Ova tura se nudi za najmanje 2 osobe i maksimalno 15 osoba. U slu\u010daju manjeg broja ljudi, slobodno nas kontaktirajte.<\/p>\n<h4><a id=\"cancellation-policy\" class=\"aal_anchor\" href=\"https:\/\/www.boattoursamana.com\/hr\/tours-excursions\/fees-entrace\/promatranje-ptica-punta-cana-ture-za-promatranje-ptica-od-punta-cane-do-nacionalnog-parka-los-haitises\/#cancellation-policy\" target=\"_blank\" rel=\"noopener\" aria-hidden=\"true\"><\/a><b><i>Politika otkazivanja<\/i><\/b><\/h4>\n<p>nZa puni povrat novca otka\u017eite najmanje 24 sata prije datuma po\u010detka iskustva.<\/p>\n<\/div>\n<\/div>\n<\/div>\n<\/div>\n<\/div>\n<\/div>\n<div class=\"vc_row wpb_row vc_row-fluid\">\n<div class=\"wpb_column vc_column_container vc_col-sm-12\">\n<div class=\"vc_column-inner\">\n<div class=\"wpb_wrapper\">\n<div class=\"wpb_text_column wpb_content_element\">\n<div class=\"wpb_wrapper\">\n<h4>Kontaktirajte nas?<\/h4>\n<h5><em><strong>Booking Adventures<\/strong><\/em><\/h5>\n<p><em><strong>Mje\u0161tani<\/strong>\u00a0i\u00a0<strong>Dr\u017eavljani<\/strong>\u00a0Turisti\u010dki vodi\u010di i usluge za goste<\/em><\/p>\n<p><span class=\"text-turquoise\">Rezervacije:<\/span>\u00a0Ture i izleti u Dom. Rep.<\/p>\n<p>\ud83d\udcde Tel \/ Whatsapp\u00a0\u00a0<a href=\"tel: 1-809-720-6035\">+1-809-720-6035<\/a>.<\/p>\n<p>\ud83d\udce9\u00a0<a href=\"mailto:info@bookingadventures.com.do\">info@bookingadventures.com.do<\/a><\/p>\n<p><strong>Mi smo fleksibilni i postavljamo privatne obilaske putem Whatsappa:\u00a0<a href=\"tel: 18097206035\">+18097206035.<\/a><\/strong><\/p>\n<\/div>\n<\/div>\n<\/div>\n<\/div>\n<\/div>\n<\/div>\n\n\t\t<\/div>\n\t<\/div>\n<\/div><\/div><\/div><\/div><div class=\"wpb_column vc_column_container vc_col-sm-12\"><div class=\"vc_column-inner\"><div class=\"wpb_wrapper\"><\/div><\/div><\/div><div class=\"wpb_column vc_column_container vc_col-sm-12\"><div class=\"vc_column-inner\"><div class=\"wpb_wrapper\"><\/div><\/div><\/div>","protected":false},"excerpt":{"rendered":"<p><span style=\"vertical-align: inherit;\"><span style=\"vertical-align: inherit;\">Promatranje ptica: Cijelo jutro na stazama pra\u0161ume Nacionalnog parka Los Haitises. Ovaj park ima veliki izbor ptica i \u017eivotinjskih vrsta i omiljen je me\u0111u promatra\u010dima ptica. Iako bi broj vi\u0111enih mogao biti ve\u0107i nego drugdje, lokacija Cano Honda u blago vla\u017enom podru\u010dju zemlje zna\u010di da je pra\u0161uma otvorenija s manje planta\u017ea kakaovca i kave, \u0161to olak\u0161ava uo\u010davanje divljih \u017eivotinja.<\/span><\/span><\/p>\n<p>Ovo je privatno putovanje. Mo\u017eete odabrati vrijeme za po\u010detak iskustva promatranja ptica i kada se vratiti u Punta Canu.<\/p>\n<p><strong>Odaberite datum aktivnosti:<\/strong><\/p>","protected":false},"featured_media":9763,"template":"","meta":[],"product_cat":[178,948,946,932,168,159,927,170,169,773,971,964,253,254,255],"product_tag":[586,237,582,584,628,236,583,625,630,629,585,171,624,209,627,239,238,175,240],"class_list":["post-9918","product","type-product","status-publish","has-post-thumbnail","hentry","product_cat-hiking","product_cat-1-punta-cana","product_cat-1-sabana-de-la-mar","product_cat-birdwatching-los-haitises","product_cat-caves","product_cat-fees-entrace","product_cat-hiking-los-haitises","product_cat-local-tour-guides","product_cat-mangroves","product_cat-private-tours-excursions","product_cat-punta-cana-private-tours","product_cat-punta-cana-los-haitises","product_cat-tours-and-excursions","product_cat-tours-excursions-los-haitises-national-park","product_cat-tours-excursions-samana-bay-dominican-republic","product_tag-biding-sabana-de-la-mar","product_tag-birding","product_tag-birding-dominican-republic","product_tag-birding-in-los-haitises","product_tag-los-haitises-national-park-birding-tour-from-punta-cana","product_tag-birdwatching","product_tag-birdwatching-dominicana","product_tag-birdwtaching","product_tag-carretera-cano-hondo","product_tag-eco-lodge-paraiso-cano-hondo","product_tag-hire-a-guide-in-los-haitises","product_tag-los-haitises","product_tag-los-haitises-birding","product_tag-los-haitises-national-park","product_tag-los-haitises-national-park-cano-hondo","product_tag-nature","product_tag-ridgways-hawk","product_tag-sabana-de-la-mar","product_tag-wildlife"],"_links":{"self":[{"href":"https:\/\/www.boattoursamana.com\/hr\/wp-json\/wp\/v2\/product\/9918","targetHints":{"allow":["GET"]}}],"collection":[{"href":"https:\/\/www.boattoursamana.com\/hr\/wp-json\/wp\/v2\/product"}],"about":[{"href":"https:\/\/www.boattoursamana.com\/hr\/wp-json\/wp\/v2\/types\/product"}],"wp:featuredmedia":[{"embeddable":true,"href":"https:\/\/www.boattoursamana.com\/hr\/wp-json\/wp\/v2\/media\/9763"}],"wp:attachment":[{"href":"https:\/\/www.boattoursamana.com\/hr\/wp-json\/wp\/v2\/media?parent=9918"}],"wp:term":[{"taxonomy":"product_cat","embeddable":true,"href":"https:\/\/www.boattoursamana.com\/hr\/wp-json\/wp\/v2\/product_cat?post=9918"},{"taxonomy":"product_tag","embeddable":true,"href":"https:\/\/www.boattoursamana.com\/hr\/wp-json\/wp\/v2\/product_tag?post=9918"}],"curies":[{"name":"wp","href":"https:\/\/api.w.org\/{rel}","templated":true}]}}