{"id":15754,"date":"2023-07-15T07:43:13","date_gmt":"2023-07-15T07:43:13","guid":{"rendered":"https:\/\/www.ticketswhales.com\/el-limon-waterfall-cayo-levantado-private-tour\/"},"modified":"2023-07-15T07:43:13","modified_gmt":"2023-07-15T07:43:13","slug":"el-limon-waterfall-cayo-levantado-private-tour","status":"publish","type":"page","link":"https:\/\/www.boattoursamana.com\/hu\/el-limon-vizeses-cayo-levantado-privat-tura","title":{"rendered":"El Lim\u00f3n v\u00edzes\u00e9s \u00e9s Cayo Levantado priv\u00e1t t\u00fara"},"content":{"rendered":"<p><span class=\"Y2IQFc\" lang=\"en\">Priv\u00e1t kir\u00e1ndul\u00e1s az El Lim\u00f3n \u00e9s a Cayo Levantado v\u00edzes\u00e9sekhez (Bacardi-sziget) Sosu\u00e1b\u00f3l vagy Cabarete-b\u0151l. K\u00e9t tev\u00e9kenys\u00e9g egy nap alatt, az erd\u0151 sz\u00e9ps\u00e9g\u00e9nek \u00e9s az El Lim\u00f3n k\u00f6z\u00f6ss\u00e9g v\u00edzes\u00e9s\u00e9nek megtekint\u00e9se helyi idegenvezet\u0151vel. Ezt az utat gyalog vagy l\u00f3h\u00e1ton teheti meg a k\u00e1v\u00e9- \u00e9s k\u00f3kusz\u00f6sv\u00e9nyeken. Az El Lim\u00f3n v\u00edzes\u00e9s megl\u00e1togat\u00e1sa ut\u00e1n a Saman\u00e1 v\u00e1rosk\u00f6zpontj\u00e1ban tal\u00e1lhat\u00f3 m\u00f3l\u00f3hoz megy\u00fcnk, \u00e9s haj\u00f3val a Bacardi-szigetnek is nevezett Cayo Levantado-ba megy\u00fcnk. Ott sv\u00e9dasztalos eb\u00e9det \u00e9s d\u00e9lut\u00e1ni \u00fasz\u00e1st v\u00e1runk Cayo Levantado strandj\u00e1n, ahol lehet\u0151s\u00e9g ny\u00edlik sznorkelez\u00e9sre a korallz\u00e1tonyokon.<\/span><br \/>\nn<br \/>\nn&nbsp;<br \/>\nn<br \/>\nn<b>V\u00e1lassza ki az utaz\u00e1s d\u00e1tum\u00e1t: <\/b><\/p>\n<p>&nbsp;<\/p>\n<div class=\"vc_row wpb_row vc_row-fluid\" ><div class=\"wpb_column vc_column_container vc_col-sm-12\"><div class=\"vc_column-inner\"><div class=\"wpb_wrapper\"><div class=\"mkdf-section-title-holder\" style=\"text-align: left\">\n\t<div class=\"mkdf-st-inner\">\n\t\t\t\t\t<h5 class=\"mkdf-st-subtitle\" >\n\t\t\t\tA sz\u00e1ll\u00edt\u00e1st \u00e9s az eb\u00e9det tartalmazza\t\t\t<\/h5>\n\t\t\t\t\t\t\t<h3 class=\"mkdf-st-title\" >\n\t\t\t\tEl Limon v\u00edzes\u00e9sek \u00e9s Cayo Levantado priv\u00e1t utaz\u00e1s\t\t\t<\/h3>\n\t\t\t\t\t<\/div>\n<\/div><\/div><\/div><\/div><\/div><div class=\"vc_row wpb_row vc_row-fluid\" ><div class=\"wpb_column vc_column_container vc_col-sm-12\"><div class=\"vc_column-inner\"><div class=\"wpb_wrapper\"><div class=\"vc_btn3-container vc_btn3-inline\" ><button class=\"vc_general vc_btn3 vc_btn3-size-md vc_btn3-shape-rounded vc_btn3-style-modern vc_btn3-color-green\">FOGLALD LE MOST<\/button><\/div>\n\t<div class=\"wpb_text_column wpb_content_element\" >\n\t\t<div class=\"wpb_wrapper\">\n\t\t\t<p>\nn<\/p>\n<h3 class=\"LC20lb\">El Lim\u00f3n v\u00edzes\u00e9s + Cayo Levantado \u2013 Excursiones Saman\u00e1 eg\u00e9sz napos kir\u00e1ndul\u00e1s.<\/h3>\n<p>n<\/p>\n<h4><b><i>\u00c1ttekint\u00e9s <\/i><\/b><\/h4>\n<p>Priv\u00e1t kir\u00e1ndul\u00e1s az El Limon v\u00edzes\u00e9sek \u00e9s a Cayo Levantado (Bacardi-sziget) megl\u00e1togat\u00e1s\u00e1ra Puerto Plat\u00e1b\u00f3l. K\u00e9t tev\u00e9kenys\u00e9g egyetlen nap alatt, l\u00e1togat\u00e1s helyi t\u00far\u00e1val Vezesd a sz\u00e9ps\u00e9get az erd\u0151b\u0151l \u00e9s az el limon k\u00f6z\u00f6ss\u00e9g v\u00edzes\u00e9seib\u0151l. Ezt az utat t\u00far\u00e1z\u00e1ssal vagy lovagl\u00e1ssal teheti meg a k\u00e1v\u00e9- \u00e9s k\u00f3kusz\u00f6sv\u00e9nyeken kereszt\u00fcl. Az El limon v\u00edzes\u00e9sek megl\u00e1togat\u00e1sa ut\u00e1n a Samana v\u00e1rosk\u00f6zponti m\u00f3l\u00f3hoz \u00e9rkez\u00fcnk, \u00e9s haj\u00f3val indulunk a Cayo Levantado fel\u00e9, amelyet Bacardi-szigetnek is neveznek. Ott sv\u00e9dasztalos eb\u00e9det \u00e9s d\u00e9lut\u00e1ni \u00fasz\u00e1st v\u00e1runk a Cayo Levantado strandon, ahol lehet\u0151s\u00e9g ny\u00edlik sznorkelez\u00e9sre a korallz\u00e1tonyokon.<br \/>\nn<br \/>\nnE tapasztalat ut\u00e1n visszajut a tal\u00e1lkoz\u00e1si pontunkra, ahonnan felvesz\u00fcnk.<br \/>\nn<\/p>\n<ul>\nn \t<\/p>\n<li style=\"font-weight: 400;\">A d\u00edjak benne vannak<\/li>\n<p>n \t<\/p>\n<li>Eb\u00e9d<\/li>\n<p>n \t<\/p>\n<li>Snackek<\/li>\n<p>n \t<\/p>\n<li style=\"font-weight: 400;\">Helyi idegenvezet\u0151 angol vagy francia nyelven<\/li>\n<p>n \t<\/p>\n<li>Sz\u00e1ll\u00edt\u00e1s<\/li>\n<p>n \t<\/p>\n<li>Haj\u00f3kir\u00e1ndul\u00e1s<\/li>\n<p>n<\/ul>\n<p>n&nbsp;<br \/>\nn<\/p>\n<h4><b>Befoglal\u00e1sok \u00e9s kiz\u00e1r\u00e1sok<\/b><\/h4>\n<p>n&nbsp;<br \/>\nn<br \/>\nn<b>Z\u00e1rv\u00e1nyok<\/b><br \/>\nn<\/p>\n<ol>\nn \t<\/p>\n<li style=\"font-weight: 400;\">El Limon v\u00edzes\u00e9sek T\u00far\u00e1z\u00e1s vagy lovagl\u00e1s<\/li>\n<p>n \t<\/p>\n<li>Eb\u00e9d<\/li>\n<p>n \t<\/p>\n<li style=\"font-weight: 400;\"><span style=\"font-weight: 400;\">Minden ad\u00f3, d\u00edj \u00e9s kezel\u00e9si k\u00f6lts\u00e9g<\/span><\/li>\n<p>n \t<\/p>\n<li style=\"font-weight: 400;\"><span style=\"font-weight: 400;\">Helyi ad\u00f3k<\/span><\/li>\n<p>n \t<\/p>\n<li style=\"font-weight: 400;\"><span style=\"font-weight: 400;\">Italok<\/span><\/li>\n<p>n \t<\/p>\n<li>Snackek<\/li>\n<p>n \t<\/p>\n<li style=\"font-weight: 400;\"><span style=\"font-weight: 400;\">Minden tev\u00e9kenys\u00e9g<\/span><\/li>\n<p>n \t<\/p>\n<li style=\"font-weight: 400;\"><span style=\"font-weight: 400;\">Helyi idegenvezet\u0151<\/span><\/li>\n<p>n<\/ol>\n<p>n<b> Kiz\u00e1r\u00e1sok<\/b><br \/>\nn<\/p>\n<ol>\nn \t<\/p>\n<li style=\"font-weight: 400;\"><span style=\"font-weight: 400;\">h\u00e1lap\u00e9nz<\/span><\/li>\n<p>n \t<\/p>\n<li style=\"font-weight: 400;\"><span style=\"font-weight: 400;\">Alkoholos italok<\/span><\/li>\n<p>n<\/ol>\n<p>n&nbsp;<br \/>\nn<\/p>\n<h4><em><strong>Indul\u00e1s \u00e9s vissza\u00fat<\/strong><\/em><\/h4>\n<p>n<span style=\"font-weight: 400;\">A Foglal\u00e1si folyamat ut\u00e1n az utaz\u00f3 tal\u00e1lkoz\u00e1si pontot kap. A t\u00far\u00e1k tal\u00e1lkoz\u00e1si pontjainkon indulnak \u00e9s fejez\u0151dnek be.<\/span><br \/>\nn<\/p>\n<h4><\/h4>\n<p>n<\/p>\n<h3 class=\"LC20lb\">El Lim\u00f3n v\u00edzes\u00e9s + Cayo Levantado \u2013 Kir\u00e1ndul\u00e1sok Saman\u00e1ban<\/h3>\n<p>n<\/p>\n<h4><b><i>Mi v\u00e1rhat\u00f3?<\/i><\/b><\/h4>\n<p>n<em><strong>Vedd meg a jegyeidet<\/strong><\/em> az El limon v\u00edzes\u00e9sek \u00e9s a Cayo Levantado sziget megl\u00e1togat\u00e1s\u00e1hoz. Eg\u00e9sz napos kir\u00e1ndul\u00e1s. Saman\u00e1t\u00f3l indulva az El limon v\u00edzes\u00e9sekhez val\u00f3 sz\u00e1ll\u00edt\u00e1ssal<br \/>\nn<br \/>\nA \u201eBooking Adventures\u201d \u00e1ltal szervezett kir\u00e1ndul\u00e1s az idegenvezet\u0151vel megjel\u00f6lt tal\u00e1lkoz\u00e1si ponton indul. Foglaljon Adventures in Priv\u00e1t kir\u00e1ndul\u00e1sokat az El Limon v\u00edzes\u00e9sekhez helyi idegenvezet\u0151vel. Lovagl\u00e1s vagy gyalogt\u00fara az erd\u0151ben a Citrom-foly\u00f3 sz\u00e9l\u00e9n, kaka\u00f3- \u00e9s k\u00e1v\u00e9\u00fcltetv\u00e9nyek l\u00e1togat\u00e1sa a k\u00f3kuszdi\u00f3 \u00e1rny\u00e9k\u00e1ban, a p\u00e1lmaf\u00e1k alatt. El\u0151sz\u00f6r is \u00e1lljunk meg a Kis v\u00edzes\u00e9sn\u00e9l, ahol \u00e1ltal\u00e1ban nincs sok ember, \u00e9s k\u00f6rbe lehet \u00faszni. Ut\u00e1na tov\u00e1bbmegy\u00fcnk a nagy v\u00edzes\u00e9shez, ahol ha akarod, egy \u00f3r\u00e1t vagy m\u00e9g tov\u00e1bb maradunk.<br \/>\nn<br \/>\nLovak megszerz\u00e9se vagy gyalogt\u00fara vissza az aut\u00f3hoz \u00e9s visszavezet\u00e9s Samana kik\u00f6t\u0151j\u00e9be. Felsz\u00e1ll\u00e1s a Visit Bacardi szigetre, mert Grill halak tostones sal\u00e1t\u00e1val v\u00e1rnak r\u00e1nk egy \u00edzeb\u00e9dre, vagy fel\u00e1r ellen\u00e9ben m\u00e1s lehet\u0151s\u00e9geket, p\u00e9ld\u00e1ul hom\u00e1rt is beszerezhetsz az \u00e9tlapon.<br \/>\nn<br \/>\nn Nyugodtan \u00fasszon a Dominikai K\u00f6zt\u00e1rsas\u00e1g egyik legszebb strandj\u00e1n. \u00c9s hat\u00e1rozzon meg id\u0151t a befejez\u00e9sre az idegenvezet\u0151nkkel.<br \/>\nn<br \/>\nn&nbsp;<br \/>\nn<\/p>\n<h4><em><strong>Mit kell vinni?<\/strong><\/em><\/h4>\n<p>n<\/p>\n<ul>\nn \t<\/p>\n<li style=\"font-weight: 400;\"><span style=\"font-weight: 400;\">Kamera<\/span><\/li>\n<p>n \t<\/p>\n<li style=\"font-weight: 400;\"><span style=\"font-weight: 400;\">Riaszt\u00f3 bimb\u00f3k<\/span><\/li>\n<p>n \t<\/p>\n<li style=\"font-weight: 400;\"><span style=\"font-weight: 400;\">Naptej<\/span><\/li>\n<p>n \t<\/p>\n<li style=\"font-weight: 400;\"><span style=\"font-weight: 400;\">Kalap<\/span><\/li>\n<p>n \t<\/p>\n<li style=\"font-weight: 400;\"><span style=\"font-weight: 400;\">K\u00e9nyelmes nadr\u00e1g<\/span><\/li>\n<p>n \t<\/p>\n<li style=\"font-weight: 400;\"><span style=\"font-weight: 400;\">Erdei t\u00faracip\u0151<\/span><\/li>\n<p>n \t<\/p>\n<li style=\"font-weight: 400;\"><span style=\"font-weight: 400;\">Szand\u00e1lok a tavaszi ter\u00fcletekre.<\/span><\/li>\n<p>n \t<\/p>\n<li style=\"font-weight: 400;\"><span style=\"font-weight: 400;\">\u00dasz\u00f3ruha<\/span><\/li>\n<p>n<\/ul>\n<p>n&nbsp;<br \/>\nn<\/p>\n<h4><b><i>Sz\u00e1llodai \u00e1tv\u00e9tel <\/i><\/b><\/h4>\n<p>n<span style=\"font-weight: 400;\">Ezen a t\u00far\u00e1n nem k\u00edn\u00e1lnak transzfert a sz\u00e1llod\u00e1b\u00f3l. <\/span><br \/>\nn<br \/>\nn&nbsp;<br \/>\nn<br \/>\nn<b>Jegyzet:<\/b><span style=\"font-weight: 400;\"> Ha a t\u00fara\/kir\u00e1ndul\u00e1s indul\u00e1si id\u0151pontj\u00e1t\u00f3l sz\u00e1m\u00edtott 24 \u00f3r\u00e1n bel\u00fcl foglal, fel\u00e1r ellen\u00e9ben meg tudjuk szervezni a sz\u00e1llodai \u00e1tv\u00e9telt. Amint a v\u00e1s\u00e1rl\u00e1s befejez\u0151d\u00f6tt, elk\u00fcldj\u00fck \u00d6nnek a helyi idegenvezet\u0151nk teljes el\u00e9rhet\u0151s\u00e9gi adatait (telefonsz\u00e1m, e-mail c\u00edm stb.), hogy megszervezhess\u00fck az \u00e1tv\u00e9tel megszervez\u00e9s\u00e9t.<\/span><br \/>\nn<\/p>\n<h4><b><i>Tov\u00e1bbi inform\u00e1ci\u00f3k meger\u0151s\u00edt\u00e9se <\/i><\/b><\/h4>\n<p>n<\/p>\n<ol>\nn \t<\/p>\n<li>A jegyek a t\u00fara befizet\u00e9s\u00e9t k\u00f6vet\u0151 nyugt\u00e1k. A fizet\u00e9st a telefonon tudod megjelen\u00edteni.<\/li>\n<p>n \t<\/p>\n<li style=\"font-weight: 400;\"><span style=\"font-weight: 400;\">A tal\u00e1lkoz\u00e1si pontot a foglal\u00e1si folyamat ut\u00e1n veszik \u00e1t.<\/span><\/li>\n<p>n \t<\/p>\n<li style=\"font-weight: 400;\"><span style=\"font-weight: 400;\">A gyermekeket feln\u0151tt k\u00eds\u00e9ret\u00e9ben kell biztos\u00edtani.<\/span><\/li>\n<p>n \t<\/p>\n<li style=\"font-weight: 400;\"><span style=\"font-weight: 400;\"> Kerekessz\u00e9kkel nem megk\u00f6zel\u00edthet\u0151 <\/span><\/li>\n<p>n \t<\/p>\n<li style=\"font-weight: 400;\"><span style=\"font-weight: 400;\">A csecsem\u0151knek \u00f6lben kell \u00fclni\u00fck <\/span><\/li>\n<p>n \t<\/p>\n<li style=\"font-weight: 400;\"><span style=\"font-weight: 400;\">H\u00e1tprobl\u00e9m\u00e1kkal k\u00fczd\u0151 utaz\u00f3knak nem aj\u00e1nlott<\/span><\/li>\n<p>n \t<\/p>\n<li style=\"font-weight: 400;\"><span style=\"font-weight: 400;\">Terhes utaz\u00f3knak nem aj\u00e1nlott <\/span><\/li>\n<p>n \t<\/p>\n<li style=\"font-weight: 400;\"><span style=\"font-weight: 400;\"> Nincsenek sz\u00edvprobl\u00e9m\u00e1k vagy egy\u00e9b s\u00falyos eg\u00e9szs\u00e9g\u00fcgyi \u00e1llapotok <\/span><\/li>\n<p>n \t<\/p>\n<li style=\"font-weight: 400;\"><span style=\"font-weight: 400;\">A legt\u00f6bb utaz\u00f3 r\u00e9szt vehet<\/span><\/li>\n<p>n<\/ol>\n<p>n<\/p>\n<h4><b><i>Lemond\u00e1si felt\u00e9telek<\/i><\/b><\/h4>\n<p>A teljes visszat\u00e9r\u00edt\u00e9s\u00e9rt k\u00e9rj\u00fck, olvassa el lemond\u00e1si szab\u00e1lyzatunkat\u00a0<a href=\"https:\/\/www.boattoursamana.com\/hu\/online-foglalas\/\" target=\"_blank\" rel=\"noopener\" data-saferedirecturl=\"https:\/\/www.google.com\/url?q=https:\/\/www.boattoursamana.com\/online-booking\/&amp;source=gmail&amp;ust=1672529771100000&amp;usg=AOvVaw2NIGJBZ0qjB5RhPUl5Obc7\">Kattints ide<\/a>. Az \u00f6sszeg elveszik, ha a foglal\u00e1st az utaz\u00e1s napj\u00e1n lemondj\u00e1k.<\/p>\n\n\t\t<\/div>\n\t<\/div>\n<div class=\"vc_btn3-container vc_btn3-inline\" ><button class=\"vc_general vc_btn3 vc_btn3-size-md vc_btn3-shape-rounded vc_btn3-style-modern vc_btn3-color-green\">FOGLALD LE MOST<\/button><\/div><\/div><\/div><\/div><\/div><div class=\"vc_row wpb_row vc_row-fluid\" ><div class=\"wpb_column vc_column_container vc_col-sm-12\"><div class=\"vc_column-inner\"><div class=\"wpb_wrapper\">\n\t<div class=\"wpb_video_widget wpb_content_element vc_clearfix   vc_video-aspect-ratio-169 vc_video-el-width-100 vc_video-align-left\" >\n\t\t<div class=\"wpb_wrapper\">\n\t\t\t\n\t\t\t<div class=\"wpb_video_wrapper\"><a href=\"https:\/\/www.youtube.com\/watch?v=oWlwxZLQnVU\" rel=\"noopener\">https:\/\/www.youtube.com\/watch?v=oWlwxZLQnVU<\/a><\/div>\n\t\t<\/div>\n\t<\/div>\n<\/div><\/div><\/div><\/div><div class=\"vc_row wpb_row vc_row-fluid\" ><div class=\"wpb_column vc_column_container vc_col-sm-12\"><div class=\"vc_column-inner\"><div class=\"wpb_wrapper\"><div class=\"vc_empty_space\"   style=\"height: 32px\"><span class=\"vc_empty_space_inner\"><\/span><\/div>\n\t<div class=\"wpb_text_column wpb_content_element\" >\n\t\t<div class=\"wpb_wrapper\">\n\t\t\t<p>\nn<\/p>\n<h4>L\u00e9pjen kapcsolatba vel\u00fcnk?<\/h4>\n<p>n<\/p>\n<h5>Kalandok foglal\u00e1sa<\/h5>\n<p>n<em><strong>Helyiek<\/strong>\u00a0\u00e9s\u00a0<strong>Nemzetiek<\/strong>\u00a0Idegenvezet\u0151k \u00e9s vend\u00e9gszolg\u00e1ltat\u00e1sok<\/em><br \/>\nn<br \/>\nn<span class=\"text-turquoise\">Foglal\u00e1sok:<\/span>\u00a0T\u00far\u00e1k \u00e9s kir\u00e1ndul\u00e1sok Dom. Ism\u00e9tl\u00e9s.<br \/>\nn<br \/>\nn<img decoding=\"async\" class=\"emoji\" draggable=\"false\" src=\"https:\/\/s.w.org\/images\/core\/emoji\/11.2.0\/svg\/1f4de.svg\" alt=\" \" title=\"\">\u00a0Tel \/ Whatsapp\u00a0\u00a0<a href=\"tel:+1-809-720-6035\">+1-809-720-6035<\/a>.<br \/>\nn<br \/>\nn<img decoding=\"async\" class=\"emoji\" draggable=\"false\" src=\"https:\/\/s.w.org\/images\/core\/emoji\/11.2.0\/svg\/1f4e9.svg\" alt=\" \" title=\"\">\u00a0<a href=\"mailto:info@bookingadventures.com.do\">info@bookingadventures.com.do<\/a><br \/>\nn<br \/>\nn<strong>Rugalmasan \u00e1ll\u00edtjuk be a Whatsapp priv\u00e1t t\u00far\u00e1it:\u00a0<a href=\"tel:+18097206035\">+18097206035.<\/a><\/strong><\/p>\n\n\t\t<\/div>\n\t<\/div>\n<div class=\"vc_empty_space\"   style=\"height: 32px\"><span class=\"vc_empty_space_inner\"><\/span><\/div><\/div><\/div><\/div><\/div><div class=\"vc_row wpb_row vc_row-fluid\" ><div class=\"wpb_column vc_column_container vc_col-sm-12\"><div class=\"vc_column-inner\"><div class=\"wpb_wrapper\"><div class=\"vc_btn3-container vc_btn3-inline\" ><button class=\"vc_general vc_btn3 vc_btn3-size-md vc_btn3-shape-rounded vc_btn3-style-modern vc_btn3-color-green\">FOGLALD LE MOST<\/button><\/div><\/div><\/div><\/div><\/div>","protected":false},"excerpt":{"rendered":"<p>Private excursion to visit El Lim\u00f3n and Cayo Levantado Waterfalls (Bacardi Island). Two activities in one day, visiting the beauty of the forest and the waterfalls of the community of El Lim\u00f3n with a local tour guide. You can take this trip on foot or on horseback along the coffee and coconut trails. After visiting the El Lim\u00f3n Waterfalls, we will go to the pier in the center of the city of Saman\u00e1 and take a boat to Cayo Levantado, [&hellip;]<\/p>\n","protected":false},"author":2,"featured_media":0,"parent":0,"menu_order":0,"comment_status":"open","ping_status":"closed","template":"","meta":{"footnotes":""},"class_list":["post-15754","page","type-page","status-publish","hentry"],"_links":{"self":[{"href":"https:\/\/www.boattoursamana.com\/hu\/wp-json\/wp\/v2\/pages\/15754","targetHints":{"allow":["GET"]}}],"collection":[{"href":"https:\/\/www.boattoursamana.com\/hu\/wp-json\/wp\/v2\/pages"}],"about":[{"href":"https:\/\/www.boattoursamana.com\/hu\/wp-json\/wp\/v2\/types\/page"}],"author":[{"embeddable":true,"href":"https:\/\/www.boattoursamana.com\/hu\/wp-json\/wp\/v2\/users\/2"}],"replies":[{"embeddable":true,"href":"https:\/\/www.boattoursamana.com\/hu\/wp-json\/wp\/v2\/comments?post=15754"}],"version-history":[{"count":0,"href":"https:\/\/www.boattoursamana.com\/hu\/wp-json\/wp\/v2\/pages\/15754\/revisions"}],"wp:attachment":[{"href":"https:\/\/www.boattoursamana.com\/hu\/wp-json\/wp\/v2\/media?parent=15754"}],"curies":[{"name":"wp","href":"https:\/\/api.w.org\/{rel}","templated":true}]}}