{"id":15756,"date":"2023-07-15T07:43:13","date_gmt":"2023-07-15T07:43:13","guid":{"rendered":"https:\/\/www.ticketswhales.com\/private-tour-samana-whale-watching-cayo-levantado-bacardi-island-from-samana-port\/"},"modified":"2023-07-15T07:43:13","modified_gmt":"2023-07-15T07:43:13","slug":"private-tour-samana-whale-watching-cayo-levantado-bacardi-island-from-samana-port","status":"publish","type":"page","link":"https:\/\/www.boattoursamana.com\/hu\/privat-tura-samana-balnanezo-cayo-levantado-bacardi-szigeten-samana-kikotobol","title":{"rendered":"Priv\u00e1t t\u00fara Saman\u00e1 b\u00e1lnales + Cayo Levantado (Bacardi-sziget) Saman\u00e1 kik\u00f6t\u0151j\u00e9b\u0151l"},"content":{"rendered":"<p>Priv\u00e1t b\u00e1lnales\u0151 kir\u00e1ndul\u00e1s a Samana-\u00f6b\u00f6lben, a Dominikai K\u00f6zt\u00e1rsas\u00e1gban helyiek idegenvezet\u0151kkel. Nyugodtan \u00e1ll\u00edtsa be az \u00e9rkez\u00e9si vagy a kir\u00e1ndul\u00e1si id\u0151pontot. Az eb\u00e9det \u00e9s az id\u0151pontot \u00d6n hat\u00e1rozza meg. Foglalja le most ezt a kir\u00e1ndul\u00e1st a Samana-\u00f6b\u00f6lben, hogy j\u00f3 b\u00e1lnales\u0151 \u00e9lm\u00e9nyben legyen r\u00e9sze.<br \/>\nn<br \/>\nnMegjegyz\u00e9s: Ez a t\u00fara egy priv\u00e1t t\u00fara, minim\u00e1lis fizet\u00e9ssel. Ha csatlakozni szeretne egy b\u00e1lnales csoporthoz azonos \u00e1ron katamar\u00e1nban, k\u00e9rj\u00fck\u00a0 <a href=\"https:\/\/www.boattoursamana.com\/hu\/tours-excursions\/tours-and-excursions\/samana-balnanezo-cayo-levantado\/\">KATTINTS IDE.<\/a><br \/>\nn<br \/>\nn&nbsp;<br \/>\nn<br \/>\nn<em><strong>K\u00e9rj\u00fck, v\u00e1lassza ki a kir\u00e1ndul\u00e1s id\u0151pontj\u00e1t:<\/strong><\/em><\/p>\n<p>&nbsp;<\/p>\n<div class=\"vc_row wpb_row vc_row-fluid\" ><div class=\"wpb_column vc_column_container vc_col-sm-12\"><div class=\"vc_column-inner\"><div class=\"wpb_wrapper\"><div class=\"vc_empty_space\"   style=\"height: 32px\"><span class=\"vc_empty_space_inner\"><\/span><\/div><div class=\"mkdf-section-title-holder\" style=\"text-align: left\">\n\t<div class=\"mkdf-st-inner\">\n\t\t\t\t\t<h5 class=\"mkdf-st-subtitle\" >\n\t\t\t\tSaman\u00e1 kik\u00f6t\u0151j\u00e9b\u0151l priv\u00e1t haj\u00f3t\u00fara\t\t\t<\/h5>\n\t\t\t\t\t\t\t<h3 class=\"mkdf-st-title\" >\n\t\t\t\tSamana Cayo Levantado + B\u00e1lnales\t\t\t<\/h3>\n\t\t\t\t\t<\/div>\n<\/div><div class=\"vc_message_box vc_message_box-standard vc_message_box-rounded vc_color-info\" ><div class=\"vc_message_box-icon\"><i class=\"fas fa-info-circle\"><\/i><\/div><p>Ez egy priv\u00e1t t\u00fara minimum 4 f\u0151 r\u00e9szv\u00e9tel\u00e9vel. Ugyanazon utaz\u00e1s lefoglal\u00e1sa a katamar\u00e1ncsoportokban <a href=\"https:\/\/www.boattoursamana.com\/hu\/tours-excursions\/tours-and-excursions\/samana-balnanezo-cayo-levantado\/\">Kattints ide.<\/a><br \/>\nn<br \/>\nnHa 4 f\u0151n\u00e9l kevesebb vagy, \u00e9s tetszeni fog a priv\u00e1t, vegye fel vel\u00fcnk a kapcsolatot.<\/p>\n<\/div><div class=\"vc_empty_space\"   style=\"height: 32px\"><span class=\"vc_empty_space_inner\"><\/span><\/div><\/div><\/div><\/div><\/div><div class=\"vc_row wpb_row vc_row-fluid\" ><div class=\"wpb_column vc_column_container vc_col-sm-12\"><div class=\"vc_column-inner\"><div class=\"wpb_wrapper\"><div class=\"vc_btn3-container vc_btn3-inline\" ><a class=\"vc_general vc_btn3 vc_btn3-size-md vc_btn3-shape-rounded vc_btn3-style-modern vc_btn3-color-green\" href=\"https:\/\/bookingadventures.tours\/booking.php?tour_id=ccd2fafcfb0614232b46b749871336cb\" title=\"FOGLALD LE MOST\" rel=\"noopener\">FOGLALD LE MOST<\/a><\/div>\n\t<div class=\"wpb_text_column wpb_content_element\" >\n\t\t<div class=\"wpb_wrapper\">\n\t\t\t<p>\nn<\/p>\n<div class=\"vc_row wpb_row vc_row-fluid\">\nn<\/p>\n<div class=\"wpb_column vc_column_container vc_col-sm-12\">\nn<\/p>\n<div class=\"vc_column-inner\">\nn<\/p>\n<div class=\"wpb_wrapper\">\nn<\/p>\n<div class=\"wpb_text_column wpb_content_element\">\nn<\/p>\n<div class=\"wpb_wrapper\">\nn<\/p>\n<div class=\"vc_row wpb_row vc_row-fluid\">\nn<\/p>\n<div class=\"wpb_column vc_column_container vc_col-sm-12\">\nn<\/p>\n<div class=\"vc_column-inner\">\nn<\/p>\n<div class=\"wpb_wrapper\">\nn<\/p>\n<div class=\"wpb_text_column wpb_content_element\">\nn<\/p>\n<div class=\"wpb_wrapper\">\nn<\/p>\n<h4><b><i>\u00c1ttekint\u00e9s<img decoding=\"async\" class=\"emoji\" draggable=\"false\" src=\"https:\/\/s.w.org\/images\/core\/emoji\/12.0.0-1\/svg\/1f433.svg\" alt=\" \" title=\"\"><\/i><\/b><\/h4>\n<p>n<strong>Ker\u00fclje a nagy turistacsoportokat<\/strong>\u00a0\u00e9s n\u00e9zze meg b\u00e1lnales\u00e9t a Saman\u00e1-\u00f6b\u00f6lben, Saman\u00e1 kik\u00f6t\u0151j\u00e9b\u0151l indulva egy priv\u00e1t haj\u00f3val. Ez az utaz\u00e1s 9:00 \u00f3rakor kezd\u0151dik \u00e9s 17:00 \u00f3rakor \u00e9r v\u00e9get. De mivel ez egy priv\u00e1t utaz\u00e1s lesz, be\u00e1ll\u00edthatja az indul\u00e1s \u00e9s a befejez\u00e9s id\u0151pontj\u00e1t. Tal\u00e1lkoz\u00f3 el\u0151tte a Royal \u00e9tterem melletti Irod\u00e1nkban. Miut\u00e1n megszak\u00edtottuk Haj\u00f3nkat, hogy megl\u00e1togassuk a b\u00e1ln\u00e1kat saj\u00e1t \u00e9l\u0151hely\u00fck\u00f6n. Kapit\u00e1nyainkat arra k\u00e9pezt\u00e9k ki, hogy biztosan l\u00e1ssanak b\u00e1ln\u00e1kat.<br \/>\nn<br \/>\nn9:00 \u00f3r\u00e1t\u00f3l d\u00e9lig 12:00 \u00f3r\u00e1ig B\u00e1lnales\u0151 Obszervat\u00f3rium \u00e9s A b\u00e1lnat\u00fara ut\u00e1n ell\u00e1togatunk a Bacardi-szigetre \/ Cayo Levantado-ra. A Bacardi-szigeten tipikus dominikai st\u00edlus\u00fa sv\u00e9dasztalos eb\u00e9det biztos\u00edtanak (rizs, bab, hal, sal\u00e1t\u00e1k\u2026). Az eb\u00e9d v\u00e9gezt\u00e9vel 16:30-ig szabad \u00faszni. A t\u00fara 17:00 \u00f3rakor ugyanabban a kik\u00f6t\u0151ben \u00e9r v\u00e9get, ahonnan indul.<br \/>\nn<br \/>\nn<strong>Jegyzet:<\/strong>\u00a0Ez a t\u00fara priv\u00e1t. (Csak te \u00e9s a csal\u00e1dod vagy a bar\u00e1tok a fed\u00e9lzeten kapit\u00e1nnyal \u00e9s idegenvezet\u0151vel).<br \/>\nn<\/p>\n<ul>\nn \t<\/p>\n<li>B\u00e1lnales\u0151 kir\u00e1ndul\u00e1s<\/li>\n<p>n \t<\/p>\n<li>Bel\u00e9p\u0151d\u00edjak az Obszervat\u00f3riumba<\/li>\n<p>n \t<\/p>\n<li>Tartalmazza a sv\u00e9dasztalos eb\u00e9det a tengerparton<\/li>\n<p>n \t<\/p>\n<li>Haj\u00f3 transzfer<\/li>\n<p>n \t<\/p>\n<li>A kapit\u00e1ny utas\u00edt\u00e1st \u00e9s fel\u00fcgyeletet biztos\u00edt<\/li>\n<p>n \t<\/p>\n<li>Idegenvezet\u0151<\/li>\n<p>n<\/ul>\n<p>n&nbsp;<br \/>\nn<\/p>\n<h4><b>Befoglal\u00e1sok \u00e9s kiz\u00e1r\u00e1sok<\/b><\/h4>\n<p>n&nbsp;<br \/>\nn<br \/>\nn<b>Z\u00e1rv\u00e1nyok<\/b><br \/>\nn<br \/>\nn&nbsp;<br \/>\nn<\/p>\n<ol>\nn \t<\/p>\n<li>Sv\u00e9dasztalos eb\u00e9d a tengerparton<\/li>\n<p>n \t<\/p>\n<li>Idegenvezet\u0151<\/li>\n<p>n \t<\/p>\n<li>Katamar\u00e1n vagy haj\u00f3kir\u00e1ndul\u00e1s<\/li>\n<p>n \t<\/p>\n<li>Minden ad\u00f3, d\u00edj \u00e9s kezel\u00e9si k\u00f6lts\u00e9g<\/li>\n<p>n \t<\/p>\n<li>Helyi ad\u00f3k<\/li>\n<p>n \t<\/p>\n<li>Italok<\/li>\n<p>n<\/ol>\n<p>n<b>Kiz\u00e1r\u00e1sok<\/b><br \/>\nn<\/p>\n<ol>\nn \t<\/p>\n<li>h\u00e1lap\u00e9nz<\/li>\n<p>n \t<\/p>\n<li>Transzfer aut\u00f3<\/li>\n<p>n \t<\/p>\n<li>Alkoholos italok<\/li>\n<p>n<\/ol>\n<p>n&nbsp;<br \/>\nn<\/p>\n<h4><em><strong>Indul\u00e1s \u00e9s vissza\u00fat<\/strong><\/em><\/h4>\n<p>A Foglal\u00e1si folyamat ut\u00e1n az utaz\u00f3 tal\u00e1lkoz\u00e1si pontot kap. A t\u00far\u00e1k tal\u00e1lkoz\u00e1si pontjainkon indulnak \u00e9s fejez\u0151dnek be.<br \/>\nn<br \/>\nn&nbsp;<br \/>\nn<\/p>\n<h4><b><i>Mi v\u00e1rhat\u00f3?<\/i><\/b><\/h4>\n<p>n&nbsp;<br \/>\nn<br \/>\nn<em><strong>Vedd meg a jegyeidet<\/strong><\/em>\u00a0egy napos b\u00e1lnales priv\u00e1t t\u00fara a Saman\u00e1-\u00f6b\u00f6lben, valamint egy csod\u00e1latos eb\u00e9d \u00e9s strandol\u00e1s a Bacardi-szigeten.<br \/>\nn<br \/>\nnA b\u00e1lnales\u0151 kir\u00e1ndul\u00e1sokat a \u201eBooking Adventures\u201d szervezi, amely az idegenvezet\u0151vel megjel\u00f6lt tal\u00e1lkoz\u00e1si pontt\u00f3l indul. Eb\u00e9d a tengerparton, \u00e9s addig maradhatsz, ameddig csak akarsz \u00faszni. Ha veg\u00e1n vagy, mi is k\u00e9sz\u00edt\u00fcnk neked \u00e9telt.<br \/>\nn<br \/>\nn<strong>Menetrend:<\/strong><br \/>\nn<br \/>\n8:45 \u2013 17:00<br \/>\nn<br \/>\nn&nbsp;<br \/>\nn<\/p>\n<h4><em><strong>Mit kell vinni?<\/strong><\/em><\/h4>\n<p>n<\/p>\n<ul>\nn \t<\/p>\n<li>Kamera<\/li>\n<p>n \t<\/p>\n<li>Riaszt\u00f3 bimb\u00f3k<\/li>\n<p>n \t<\/p>\n<li>naptej<\/li>\n<p>n \t<\/p>\n<li>Kalap<\/li>\n<p>n \t<\/p>\n<li>K\u00e9nyelmes nadr\u00e1g<\/li>\n<p>n \t<\/p>\n<li>Szand\u00e1l a strandra<\/li>\n<p>n \t<\/p>\n<li>\u00dasz\u00f3ruha<\/li>\n<p>n \t<\/p>\n<li>K\u00e9szp\u00e9nz aj\u00e1nd\u00e9kt\u00e1rgyak\u00e9rt<\/li>\n<p>n<\/ul>\n<p>n&nbsp;<br \/>\nn<\/p>\n<h4><b><i>Sz\u00e1llodai \u00e1tv\u00e9tel<\/i><\/b><\/h4>\n<p>nSz\u00e1llodai transzfer nem biztos\u00edtott ezen a t\u00far\u00e1n.<br \/>\nn<br \/>\nn&nbsp;<br \/>\nn<br \/>\nn<b>Jegyzet:<\/b>\u00a0Ha a t\u00fara\/kir\u00e1ndul\u00e1s indul\u00e1si id\u0151pontj\u00e1t\u00f3l sz\u00e1m\u00edtott 24 \u00f3r\u00e1n bel\u00fcl foglal, fel\u00e1r ellen\u00e9ben meg tudjuk szervezni a sz\u00e1llodai \u00e1tv\u00e9telt. Amint a v\u00e1s\u00e1rl\u00e1s befejez\u0151d\u00f6tt, elk\u00fcldj\u00fck \u00d6nnek a helyi idegenvezet\u0151nk teljes el\u00e9rhet\u0151s\u00e9gi adatait (telefonsz\u00e1m, e-mail c\u00edm stb.), hogy megszervezhess\u00fck az \u00e1tv\u00e9tel megszervez\u00e9s\u00e9t.<br \/>\nn<\/p>\n<h4><b><i>Tov\u00e1bbi inform\u00e1ci\u00f3k meger\u0151s\u00edt\u00e9se<\/i><\/b><\/h4>\n<p>n<\/p>\n<ol>\nn \t<\/p>\n<li>A jegyek a t\u00fara befizet\u00e9s\u00e9t k\u00f6vet\u0151 nyugt\u00e1k. A fizet\u00e9st a telefonon tudod megjelen\u00edteni.<\/li>\n<p>n \t<\/p>\n<li>A tal\u00e1lkoz\u00e1si pontot a foglal\u00e1si folyamat ut\u00e1n veszik \u00e1t.<\/li>\n<p>n \t<\/p>\n<li>A gyermekeket feln\u0151tt k\u00eds\u00e9ret\u00e9ben kell biztos\u00edtani.<\/li>\n<p>n \t<\/p>\n<li>kerekessz\u00e9kkel el\u00e9rhet\u0151<\/li>\n<p>n \t<\/p>\n<li>A csecsem\u0151knek \u00f6lben kell \u00fclni\u00fck<\/li>\n<p>n \t<\/p>\n<li>A legt\u00f6bb utaz\u00f3 r\u00e9szt vehet<\/li>\n<p>n<\/ol>\n<p>n<\/p>\n<h4><b><i>Lemond\u00e1si felt\u00e9telek<\/i><\/b><\/h4>\n<p>n<span style=\"font-weight: 400;\">A teljes visszat\u00e9r\u00edt\u00e9s\u00e9rt k\u00e9rj\u00fck, olvassa el lemond\u00e1si szab\u00e1lyzatunkat\u00a0<a href=\"https:\/\/www.boattoursamana.com\/hu\/online-foglalas\/\" target=\"_blank\" rel=\"noopener\" data-saferedirecturl=\"https:\/\/www.google.com\/url?q=https:\/\/www.boattoursamana.com\/online-booking\/&amp;source=gmail&amp;ust=1672449202351000&amp;usg=AOvVaw1yAeVAPktmaVCqDujgUn90\">Kattints ide<\/a>. Az \u00f6sszeg elveszik, ha a foglal\u00e1st az utaz\u00e1s napj\u00e1n lemondj\u00e1k.<\/span><br \/>\nn<br \/>\nn<\/div>\n<p>n\n<\/p><\/div>\n<p>n\n<\/p><\/div>\n<p>n\n<\/p><\/div>\n<p>n\n<\/p><\/div>\n<p>n\n<\/p><\/div>\n<p>n\n<\/p><\/div>\n<p>n\n<\/p><\/div>\n<p>n\n<\/p><\/div>\n<p>n\n<\/p><\/div>\n<p>n\n<\/p><\/div>\n<p>n\n<\/p><\/div>\n<p>n<\/p>\n<div class=\"vc_row wpb_row vc_row-fluid\">\nn<\/p>\n<div class=\"wpb_column vc_column_container vc_col-sm-12\">\nn<\/p>\n<div class=\"vc_column-inner\">\nn<\/p>\n<div class=\"wpb_wrapper\">\nn<\/p>\n<div class=\"vc_empty_space\"><\/div>\n<p>n<\/p>\n<div class=\"wpb_text_column wpb_content_element\">\nn<\/p>\n<div class=\"wpb_wrapper\">\nn<\/p>\n<h4>L\u00e9pjen kapcsolatba vel\u00fcnk?<\/h4>\n<p>n<\/p>\n<h5><b><i>T\u00daRA B\u00c1LNA SAMANA<\/i><\/b><\/h5>\n<p>n<em><strong>Helyiek<\/strong>\u00a0\u00e9s\u00a0<strong>Nemzetiek<\/strong>\u00a0Idegenvezet\u0151k \u00e9s vend\u00e9gszolg\u00e1ltat\u00e1sok<\/em><br \/>\nn<br \/>\nn<span class=\"text-turquoise\">Foglal\u00e1sok:<\/span>\u00a0T\u00far\u00e1k \u00e9s kir\u00e1ndul\u00e1sok Dom. Ism\u00e9tl\u00e9s.<br \/>\nn<br \/>\nn<img decoding=\"async\" class=\"emoji\" draggable=\"false\" src=\"https:\/\/s.w.org\/images\/core\/emoji\/11.2.0\/svg\/1f4de.svg\" alt=\" \" title=\"\">\u00a0Tel \/ Whatsapp\u00a0\u00a0<a href=\"tel:+1-809-720-6035\">+1-809-720-6035<\/a>.<br \/>\nn<br \/>\nn<img decoding=\"async\" class=\"emoji\" draggable=\"false\" src=\"https:\/\/s.w.org\/images\/core\/emoji\/11.2.0\/svg\/1f4e9.svg\" alt=\" \" title=\"\">\u00a0<a href=\"mailto:info@bookingadventures.com.do\">info@bookingadventures.com.do<\/a><br \/>\nn<br \/>\nn<strong>Rugalmasan \u00e1ll\u00edtjuk be a Whatsapp priv\u00e1t t\u00far\u00e1it:\u00a0<a href=\"tel:+18097206035\">+18097206035.<\/a><\/strong><br \/>\nn<br \/>\nn<\/div>\n<p>n\n<\/p><\/div>\n<p>n\n<\/p><\/div>\n<p>n\n<\/p><\/div>\n<p>n\n<\/p><\/div>\n<p>n\n<\/p><\/div>\n<p>n<\/p>\n\n\t\t<\/div>\n\t<\/div>\n<div class=\"vc_btn3-container vc_btn3-inline\" ><a class=\"vc_general vc_btn3 vc_btn3-size-md vc_btn3-shape-rounded vc_btn3-style-modern vc_btn3-color-green\" href=\"https:\/\/bookingadventures.tours\/booking.php?tour_id=ccd2fafcfb0614232b46b749871336cb\" title=\"FOGLALD LE MOST\" rel=\"noopener\">FOGLALD LE MOST<\/a><\/div><\/div><\/div><\/div><\/div>","protected":false},"excerpt":{"rendered":"<p>Private whale watching trip in Samana bay, the Dominican Republic with Locals tours Guides. Feel free to set your time to arrived or to finish the Excursion. Lunch and timing are set by your self. Book Now this excursion in Samana bay for a Good whale watching trip experience. n nNote: This tour is a Private Tour with a Minimum Payment. To join a group for whale watching with the same price in Catamaran please\u00a0 CLICK HERE. n n&nbsp; n [&hellip;]<\/p>\n","protected":false},"author":2,"featured_media":0,"parent":0,"menu_order":0,"comment_status":"open","ping_status":"closed","template":"","meta":{"footnotes":""},"class_list":["post-15756","page","type-page","status-publish","hentry"],"_links":{"self":[{"href":"https:\/\/www.boattoursamana.com\/hu\/wp-json\/wp\/v2\/pages\/15756","targetHints":{"allow":["GET"]}}],"collection":[{"href":"https:\/\/www.boattoursamana.com\/hu\/wp-json\/wp\/v2\/pages"}],"about":[{"href":"https:\/\/www.boattoursamana.com\/hu\/wp-json\/wp\/v2\/types\/page"}],"author":[{"embeddable":true,"href":"https:\/\/www.boattoursamana.com\/hu\/wp-json\/wp\/v2\/users\/2"}],"replies":[{"embeddable":true,"href":"https:\/\/www.boattoursamana.com\/hu\/wp-json\/wp\/v2\/comments?post=15756"}],"version-history":[{"count":0,"href":"https:\/\/www.boattoursamana.com\/hu\/wp-json\/wp\/v2\/pages\/15756\/revisions"}],"wp:attachment":[{"href":"https:\/\/www.boattoursamana.com\/hu\/wp-json\/wp\/v2\/media?parent=15756"}],"curies":[{"name":"wp","href":"https:\/\/api.w.org\/{rel}","templated":true}]}}