{"id":15764,"date":"2023-07-15T07:43:13","date_gmt":"2023-07-15T07:43:13","guid":{"rendered":"https:\/\/www.ticketswhales.com\/half-day-whale-watching-samana-in-catamaran-morning\/"},"modified":"2023-07-15T07:43:13","modified_gmt":"2023-07-15T07:43:13","slug":"half-day-whale-watching-samana-in-catamaran-morning","status":"publish","type":"page","link":"https:\/\/www.boattoursamana.com\/hu\/half-day-whale-watching-samana-in-catamaran-morning","title":{"rendered":"F\u00e9lnapos b\u00e1lnales Saman\u00e1 katamar\u00e1n reggel"},"content":{"rendered":"<p>F\u00e9lnapos b\u00e1lnales Samana Bay, Dominikai K\u00f6zt\u00e1rsas\u00e1g. B\u00e1lnales Saman\u00e1 kik\u00f6t\u0151j\u00e9b\u0151l egy k\u00e9nyelmes katamar\u00e1nban. Foglaljon d\u00e9lel\u0151tt vagy d\u00e9lut\u00e1n kir\u00e1ndul\u00e1sokat b\u00e1lnalesre. Foglalja le most ezt a kir\u00e1ndul\u00e1st a Samana-\u00f6b\u00f6lben, hogy j\u00f3 b\u00e1lnales\u0151 \u00e9lm\u00e9nyben legyen r\u00e9sze.<br \/>\nn<br \/>\nn<strong>Az \u00e1r az eb\u00e9det nem tartalmazza. Ha tetszik az \u00f6sszes, k\u00e9rj\u00fck:\u00a0 <a href=\"https:\/\/www.boattoursamana.com\/hu\/tours-excursions\/tours-and-excursions\/samana-balnanezo-cayo-levantado\/\">Kattints ide\u00a0<\/a><\/strong><br \/>\nn<br \/>\nn&nbsp;<\/p>\n<p>&nbsp;<\/p>\n<div class=\"vc_row wpb_row vc_row-fluid\" ><div class=\"wpb_column vc_column_container vc_col-sm-12\"><div class=\"vc_column-inner\"><div class=\"wpb_wrapper\"><div class=\"mkdf-section-title-holder\" style=\"text-align: left\">\n\t<div class=\"mkdf-st-inner\">\n\t\t\t\t\t<h5 class=\"mkdf-st-subtitle\" >\n\t\t\t\tReggel vagy D\u00e9lut\u00e1n\t\t\t<\/h5>\n\t\t\t\t\t\t\t<h3 class=\"mkdf-st-title\" >\n\t\t\t\tF\u00e9lnapos b\u00e1lnales Samana katamar\u00e1nban\t\t\t<\/h3>\n\t\t\t\t\t<\/div>\n<\/div><div class=\"vc_empty_space\"   style=\"height: 32px\"><span class=\"vc_empty_space_inner\"><\/span><\/div><div class=\"vc_message_box vc_message_box-standard vc_message_box-rounded vc_color-info\" ><div class=\"vc_message_box-icon\"><i class=\"fas fa-info-circle\"><\/i><\/div><p><strong>Az \u00e1r az eb\u00e9det nem tartalmazza. ha tetszik az \u00f6sszes, k\u00e9rem:\u00a0 <a href=\"https:\/\/www.boattoursamana.com\/hu\/tours-excursions\/tours-and-excursions\/samana-balnanezo-cayo-levantado\/\">Kattints ide\u00a0<\/a><\/strong><\/p>\n<\/div><div class=\"vc_empty_space\"   style=\"height: 32px\"><span class=\"vc_empty_space_inner\"><\/span><\/div><\/div><\/div><\/div><\/div><div class=\"vc_row wpb_row vc_row-fluid\" ><div class=\"wpb_column vc_column_container vc_col-sm-12\"><div class=\"vc_column-inner\"><div class=\"wpb_wrapper\"><div class=\"vc_btn3-container vc_btn3-inline\" ><button class=\"vc_general vc_btn3 vc_btn3-size-md vc_btn3-shape-rounded vc_btn3-style-modern vc_btn3-color-green\">FOGLALD LE MOST<\/button><\/div>\n\t<div class=\"wpb_text_column wpb_content_element\" >\n\t\t<div class=\"wpb_wrapper\">\n\t\t\t<p>\nn<\/p>\n<div class=\"vc_row wpb_row vc_row-fluid\">\nn<\/p>\n<div class=\"wpb_column vc_column_container vc_col-sm-12\">\nn<\/p>\n<div class=\"vc_column-inner\">\nn<\/p>\n<div class=\"wpb_wrapper\">\nn<\/p>\n<div class=\"wpb_text_column wpb_content_element\">\nn<\/p>\n<div class=\"wpb_wrapper\">\nn<\/p>\n<div class=\"vc_row wpb_row vc_row-fluid\">\nn<\/p>\n<div class=\"wpb_column vc_column_container vc_col-sm-12\">\nn<\/p>\n<div class=\"vc_column-inner\">\nn<\/p>\n<div class=\"wpb_wrapper\">\nn<\/p>\n<div class=\"wpb_text_column wpb_content_element\">\nn<\/p>\n<div class=\"wpb_wrapper\">\nn<\/p>\n<h4><b><i>\u00c1ttekint\u00e9s<img decoding=\"async\" class=\"emoji\" draggable=\"false\" src=\"https:\/\/s.w.org\/images\/core\/emoji\/12.0.0-1\/svg\/1f433.svg\" alt=\" \" title=\"\"><\/i><\/b><\/h4>\n<p>nAfter aborting our Boat to visit the Whales in their own habitat.\u00a0 Our Captains are trained to make sure that you see whales.<br \/>\nn<br \/>\nnFrom 9:00 Am until 12:00-noon Or Private minimun 4 people for 1:00 Pm to 3:30 Pm.\u00a0 Whale watching observatory and After this Whale Whatchig trip, we Come back to Samana main port.<br \/>\nn<br \/>\nn<strong>Jegyzet:<\/strong> Ez a t\u00fara nem priv\u00e1t. Ha priv\u00e1t t\u00far\u00e1t szeretne be\u00e1ll\u00edtani, l\u00e9pjen kapcsolatba vel\u00fcnk!<br \/>\nn<\/p>\n<ul>\nn \t<\/p>\n<li>B\u00e1lnales\u0151 kir\u00e1ndul\u00e1s<\/li>\n<p>n \t<\/p>\n<li>Haj\u00f3 katamar\u00e1n transzfer<\/li>\n<p>n \t<\/p>\n<li>A kapit\u00e1ny utas\u00edt\u00e1st \u00e9s fel\u00fcgyeletet biztos\u00edt<\/li>\n<p>n \t<\/p>\n<li>Idegenvezet\u0151<\/li>\n<p>n<\/ul>\n<p>n&nbsp;<br \/>\nn<\/p>\n<h4><b>Befoglal\u00e1sok \u00e9s kiz\u00e1r\u00e1sok<\/b><\/h4>\n<p>n&nbsp;<br \/>\nn<br \/>\nn<b>Z\u00e1rv\u00e1nyok<\/b><br \/>\nn<\/p>\n<ol>\nn \t<\/p>\n<li>Idegenvezet\u0151<\/li>\n<p>n \t<\/p>\n<li>Katamar\u00e1n vagy haj\u00f3kir\u00e1ndul\u00e1s<\/li>\n<p>n \t<\/p>\n<li>Minden ad\u00f3, d\u00edj \u00e9s kezel\u00e9si k\u00f6lts\u00e9g<\/li>\n<p>n \t<\/p>\n<li>Helyi ad\u00f3k<\/li>\n<p>n<\/ol>\n<p>n<b>Kiz\u00e1r\u00e1sok<\/b><br \/>\nn<\/p>\n<ol>\nn \t<\/p>\n<li>h\u00e1lap\u00e9nz<\/li>\n<p>n \t<\/p>\n<li>Transzfer aut\u00f3<\/li>\n<p>n \t<\/p>\n<li>Alkoholos italok<\/li>\n<p>n \t<\/p>\n<li>Italok<\/li>\n<p>n \t<\/p>\n<li>Dramamine tablett\u00e1k (opcion\u00e1lis)<\/li>\n<p>n \t<\/p>\n<li>Bel\u00e9p\u0151d\u00edjak a szent\u00e9lybe. (Kark\u00f6t\u0151)<\/li>\n<p>n<\/ol>\n<p>n&nbsp;<br \/>\nn<\/p>\n<h4><em><strong>Indul\u00e1s \u00e9s vissza\u00fat<\/strong><\/em><\/h4>\n<p>A Foglal\u00e1si folyamat ut\u00e1n az utaz\u00f3 tal\u00e1lkoz\u00e1si pontot kap. A t\u00far\u00e1k tal\u00e1lkoz\u00e1si pontjainkon indulnak \u00e9s fejez\u0151dnek be.<br \/>\nn<\/p>\n<h3>F\u00e9lnapos b\u00e1lnales Samana katamar\u00e1nban<\/h3>\n<p>n<\/p>\n<h4><b><i>Mi v\u00e1rhat\u00f3?<\/i><\/b><\/h4>\n<p>n&nbsp;<br \/>\nn<br \/>\nn<em><strong>Vedd meg a jegyeidet<\/strong><\/em> f\u00e9lnapos kir\u00e1ndul\u00e1sra B\u00e1lnales\u0151 t\u00fara a Saman\u00e1-\u00f6b\u00f6lben.<br \/>\nn<br \/>\nnThe whale watching trip half day, organized by \u201cBooking Adventures\u201d starts at the meeting point set with the Tour Guide. Lunch at the beach is <strong>nem<\/strong> vegyen r\u00e9szt ebben a t\u00far\u00e1ban.<br \/>\nn<br \/>\nn&nbsp;<br \/>\nn<br \/>\nn<strong>Menetrend:<\/strong><br \/>\nn<br \/>\nn9:00 AM \u2013 12: 30 PM<br \/>\nn<br \/>\nn1: 00 Pm &#8211; 3: 30 PM. ( It most be a Private trip minimun 4 people or Contact us).<br \/>\nn<br \/>\nn<\/div>\n<p>nTime can change depents how many whales we see.<br \/>\nn<\/p>\n<div class=\"wpb_wrapper\">\nn<br \/>\nn&nbsp;<br \/>\nn<\/p>\n<h4><em><strong>Mit kell vinni?<\/strong><\/em><\/h4>\n<p>n<\/p>\n<ul>\nn \t<\/p>\n<li>Kamera<\/li>\n<p>n \t<\/p>\n<li>Riaszt\u00f3 bimb\u00f3k<\/li>\n<p>n \t<\/p>\n<li>naptej<\/li>\n<p>n \t<\/p>\n<li>Kalap<\/li>\n<p>n \t<\/p>\n<li>K\u00e9nyelmes nadr\u00e1g<\/li>\n<p>n \t<\/p>\n<li>\u00dasz\u00f3ruha<\/li>\n<p>n \t<\/p>\n<li>K\u00e9szp\u00e9nz aj\u00e1nd\u00e9kt\u00e1rgyak\u00e9rt<\/li>\n<p>n<\/ul>\n<p>n&nbsp;<br \/>\nn<\/p>\n<h4><b><i>Sz\u00e1llodai \u00e1tv\u00e9tel<\/i><\/b><\/h4>\n<p>nSz\u00e1llodai transzfer nem biztos\u00edtott ezen a t\u00far\u00e1n.<br \/>\nn<br \/>\nn&nbsp;<br \/>\nn<br \/>\nn<b>Jegyzet:<\/b>\u00a0Ha a t\u00fara\/kir\u00e1ndul\u00e1s indul\u00e1si id\u0151pontj\u00e1t\u00f3l sz\u00e1m\u00edtott 24 \u00f3r\u00e1n bel\u00fcl foglal, fel\u00e1r ellen\u00e9ben meg tudjuk szervezni a sz\u00e1llodai \u00e1tv\u00e9telt. Amint a v\u00e1s\u00e1rl\u00e1s befejez\u0151d\u00f6tt, elk\u00fcldj\u00fck \u00d6nnek a helyi idegenvezet\u0151nk teljes el\u00e9rhet\u0151s\u00e9gi adatait (telefonsz\u00e1m, e-mail c\u00edm stb.), hogy megszervezhess\u00fck az \u00e1tv\u00e9tel megszervez\u00e9s\u00e9t.<br \/>\nn<\/p>\n<h4><b><i>Tov\u00e1bbi inform\u00e1ci\u00f3k meger\u0151s\u00edt\u00e9se<\/i><\/b><\/h4>\n<p>n<\/p>\n<ol>\nn \t<\/p>\n<li>A jegyek a t\u00fara befizet\u00e9s\u00e9t k\u00f6vet\u0151 nyugt\u00e1k. A fizet\u00e9st a telefonon tudod megjelen\u00edteni.<\/li>\n<p>n \t<\/p>\n<li>A tal\u00e1lkoz\u00e1si pontot a foglal\u00e1si folyamat ut\u00e1n veszik \u00e1t.<\/li>\n<p>n \t<\/p>\n<li>A gyermekeket feln\u0151tt k\u00eds\u00e9ret\u00e9ben kell biztos\u00edtani.<\/li>\n<p>n \t<\/p>\n<li>kerekessz\u00e9kkel el\u00e9rhet\u0151<\/li>\n<p>n \t<\/p>\n<li>A csecsem\u0151knek \u00f6lben kell \u00fclni\u00fck<\/li>\n<p>n \t<\/p>\n<li>A legt\u00f6bb utaz\u00f3 r\u00e9szt vehet<\/li>\n<p>n<\/ol>\n<p>n<\/p>\n<h4><b><i>Lemond\u00e1si felt\u00e9telek<\/i><\/b><\/h4>\n<p>A teljes visszat\u00e9r\u00edt\u00e9s\u00e9rt k\u00e9rj\u00fck, olvassa el lemond\u00e1si szab\u00e1lyzatunkat\u00a0<a href=\"https:\/\/www.boattoursamana.com\/hu\/online-foglalas\/\" target=\"_blank\" rel=\"noopener\" data-saferedirecturl=\"https:\/\/www.google.com\/url?q=https:\/\/www.boattoursamana.com\/online-booking\/&amp;source=gmail&amp;ust=1672449202351000&amp;usg=AOvVaw1yAeVAPktmaVCqDujgUn90\">Kattints ide<\/a>. Az \u00f6sszeg elveszik, ha a foglal\u00e1st az utaz\u00e1s napj\u00e1n lemondj\u00e1k.<br \/>\nn<br \/>\nn<\/div>\n<p>n\n<\/p><\/div>\n<p>n\n<\/p><\/div>\n<p>n\n<\/p><\/div>\n<p>n\n<\/p><\/div>\n<p>n\n<\/p><\/div>\n<p>n\n<\/p><\/div>\n<p>n\n<\/p><\/div>\n<p>n\n<\/p><\/div>\n<p>n\n<\/p><\/div>\n<p>n\n<\/p><\/div>\n<p>n\n<\/p><\/div>\n<p>n<\/p>\n<div class=\"vc_row wpb_row vc_row-fluid\">\nn<\/p>\n<div class=\"wpb_column vc_column_container vc_col-sm-12\">\nn<\/p>\n<div class=\"vc_column-inner\">\nn<\/p>\n<div class=\"wpb_wrapper\">\nn<\/p>\n<div class=\"vc_empty_space\"><\/div>\n<p>n<\/p>\n<div class=\"wpb_text_column wpb_content_element\">\nn<\/p>\n<div class=\"wpb_wrapper\">\nn<\/p>\n<h4>L\u00e9pjen kapcsolatba vel\u00fcnk?<\/h4>\n<p>n<\/p>\n<h5><b><i>T\u00daRA B\u00c1LNA SAMANA<\/i><\/b><\/h5>\n<p>n<em><strong>Helyiek<\/strong>\u00a0\u00e9s\u00a0<strong>Nemzetiek<\/strong>\u00a0Idegenvezet\u0151k \u00e9s vend\u00e9gszolg\u00e1ltat\u00e1sok<\/em><br \/>\nn<br \/>\nn<span class=\"text-turquoise\">Foglal\u00e1sok:<\/span>\u00a0T\u00far\u00e1k \u00e9s kir\u00e1ndul\u00e1sok Dom. Ism\u00e9tl\u00e9s.<br \/>\nn<br \/>\nn<img decoding=\"async\" class=\"emoji\" draggable=\"false\" src=\"https:\/\/s.w.org\/images\/core\/emoji\/11.2.0\/svg\/1f4de.svg\" alt=\" \" title=\"\">\u00a0Tel \/ Whatsapp\u00a0\u00a0<a href=\"tel:+1-809-720-6035\">+1-809-720-6035<\/a>.<br \/>\nn<br \/>\nn<img decoding=\"async\" class=\"emoji\" draggable=\"false\" src=\"https:\/\/s.w.org\/images\/core\/emoji\/11.2.0\/svg\/1f4e9.svg\" alt=\" \" title=\"\">\u00a0<a href=\"mailto:info@bookingadventures.com.do\">info@bookingadventures.com.do<\/a><br \/>\nn<br \/>\nn<strong>Rugalmasan \u00e1ll\u00edtjuk be a Whatsapp priv\u00e1t t\u00far\u00e1it:\u00a0<a href=\"tel:+18097206035\">+18097206035.<\/a><\/strong><br \/>\nn<br \/>\nn<\/div>\n<p>n\n<\/p><\/div>\n<p>n\n<\/p><\/div>\n<p>n\n<\/p><\/div>\n<p>n\n<\/p><\/div>\n<p>n\n<\/p><\/div>\n<p>n<\/p>\n\n\t\t<\/div>\n\t<\/div>\n<div class=\"vc_message_box vc_message_box-standard vc_message_box-rounded vc_color-info\" ><div class=\"vc_message_box-icon\"><i class=\"fas fa-info-circle\"><\/i><\/div><p><strong>Az \u00e1r az eb\u00e9det nem tartalmazza. ha tetszik az \u00f6sszes, k\u00e9rem:\u00a0 <a href=\"https:\/\/www.boattoursamana.com\/hu\/tours-excursions\/tours-and-excursions\/samana-balnanezo-cayo-levantado\/\">Kattints ide\u00a0<\/a><\/strong><\/p>\n<\/div><\/div><\/div><\/div><\/div><div class=\"vc_row wpb_row vc_row-fluid\" ><div class=\"wpb_column vc_column_container vc_col-sm-12\"><div class=\"vc_column-inner\"><div class=\"wpb_wrapper\"><div class=\"vc_btn3-container vc_btn3-inline\" ><button class=\"vc_general vc_btn3 vc_btn3-size-md vc_btn3-shape-rounded vc_btn3-style-modern vc_btn3-color-green\">FOGLALD LE MOST<\/button><\/div><\/div><\/div><\/div><\/div>","protected":false},"excerpt":{"rendered":"<p>Half-Day Whale Watching Samana Bay, Dominican Republic. Whale Watching from Saman\u00e1 port in a comfortable Catamaran. Book in the Morning or Afternoon trips for Whale watching. Book Now this excursion in Samana bay for a Good whale watching trip experience. n nPrice do not include Lunch. If you will like all include please:\u00a0 Click here\u00a0 n n&nbsp; &nbsp;<\/p>","protected":false},"author":2,"featured_media":0,"parent":0,"menu_order":0,"comment_status":"open","ping_status":"closed","template":"","meta":{"footnotes":""},"class_list":["post-15764","page","type-page","status-publish","hentry"],"_links":{"self":[{"href":"https:\/\/www.boattoursamana.com\/hu\/wp-json\/wp\/v2\/pages\/15764","targetHints":{"allow":["GET"]}}],"collection":[{"href":"https:\/\/www.boattoursamana.com\/hu\/wp-json\/wp\/v2\/pages"}],"about":[{"href":"https:\/\/www.boattoursamana.com\/hu\/wp-json\/wp\/v2\/types\/page"}],"author":[{"embeddable":true,"href":"https:\/\/www.boattoursamana.com\/hu\/wp-json\/wp\/v2\/users\/2"}],"replies":[{"embeddable":true,"href":"https:\/\/www.boattoursamana.com\/hu\/wp-json\/wp\/v2\/comments?post=15764"}],"version-history":[{"count":0,"href":"https:\/\/www.boattoursamana.com\/hu\/wp-json\/wp\/v2\/pages\/15764\/revisions"}],"wp:attachment":[{"href":"https:\/\/www.boattoursamana.com\/hu\/wp-json\/wp\/v2\/media?parent=15764"}],"curies":[{"name":"wp","href":"https:\/\/api.w.org\/{rel}","templated":true}]}}