{"id":15765,"date":"2023-07-15T07:43:13","date_gmt":"2023-07-15T07:43:13","guid":{"rendered":"https:\/\/www.ticketswhales.com\/day-pass-cano-hondo-natural-pools-lunch-included\/"},"modified":"2023-07-15T07:43:13","modified_gmt":"2023-07-15T07:43:13","slug":"day-pass-cano-hondo-natural-pools-lunch-included","status":"publish","type":"page","link":"https:\/\/www.boattoursamana.com\/hu\/napijegy-cano-hondo-natural-pools-ebedet-tartalmaz","title":{"rendered":"Ca\u00f1o Hondo napijegy \u2013 term\u00e9szetes medenc\u00e9k \u00e9s eb\u00e9d"},"content":{"rendered":"<p>V\u00e1s\u00e1roljon napijegyet term\u00e9szetes \u00fasz\u00f3medenc\u00e9kbe a Ca\u00f1o Hondo Hotelben a Los Haitises Nemzeti Parkban, Sabana de la Marban. Az eb\u00e9det az \u00e1r tartalmazza.<br \/>\nn<br \/>\nnFor more information, please contact us.<\/p>\n<p>&nbsp;<\/p>\n<div class=\"vc_row wpb_row vc_row-fluid\" ><div class=\"wpb_column vc_column_container vc_col-sm-12\"><div class=\"vc_column-inner\"><div class=\"wpb_wrapper\"><div class=\"vc_message_box vc_message_box-standard vc_message_box-rounded vc_color-info\" ><div class=\"vc_message_box-icon\"><i class=\"fas fa-info-circle\"><\/i><\/div><p>Foglaljon alacsony \u00e1rakat a Cano Hondo szob\u00e1kban <a href=\"http:\/\/dominican-republic-hotels.com\/hotel\/cano-hondo-hotel-eco-lodge\/\" rel=\"noopener\">Kattints ide.<\/a><\/p>\n<\/div><div class=\"vc_btn3-container vc_btn3-inline\" ><button class=\"vc_general vc_btn3 vc_btn3-size-md vc_btn3-shape-rounded vc_btn3-style-modern vc_btn3-color-green\">FOGLALD LE MOST<\/button><\/div>\n\t<div class=\"wpb_text_column wpb_content_element\" >\n\t\t<div class=\"wpb_wrapper\">\n\t\t\t<p>\nn<\/p>\n<div class=\"vc_row wpb_row vc_row-fluid\">\nn<\/p>\n<div class=\"wpb_column vc_column_container vc_col-sm-12\">\nn<\/p>\n<div class=\"vc_column-inner\">\nn<\/p>\n<div class=\"wpb_wrapper\">\nn<\/p>\n<div class=\"wpb_text_column wpb_content_element\">\nn<\/p>\n<div class=\"wpb_wrapper\">\nn<\/p>\n<h2 class=\"mkdf-single-product-title\">Ca\u00f1o Hondo napijegy \u2013 term\u00e9szetes medenc\u00e9k \u00e9s eb\u00e9d<\/h2>\n<p>n<\/p>\n<h4><b><i>Le\u00edr\u00e1s<\/i><\/b><\/h4>\n<p>nCa\u00f1o Hondo Day Pass Ticket to our Natural Outdoor Swimming Pools with Lunch by Buffet included. Every day from 8:30 AM until 5:00 PM.<br \/>\nn<\/p>\n<div class=\"wpb_text_column wpb_content_element\">\nn<\/p>\n<div class=\"wpb_wrapper\">\nn<br \/>\nA medenc\u00e9k teljesen biol\u00f3giaiak, nincs sz\u00fcks\u00e9g\u00fck kl\u00f3rra vagy vegyszerekre, amelyek saj\u00e1t term\u00e9szetes \u00f6kol\u00f3gi\u00e1t \u00e9s kiegyens\u00falyozott \u00f6kosziszt\u00e9m\u00e1t alak\u00edtanak ki az\u00e1ltal, hogy bizonyos m\u00f3don tervezik \u00e9s \u00e9p\u00edtik \u0151ket. Az egyens\u00faly el\u00e9r\u00e9sekor a v\u00edz term\u00e9szetesen tiszta, mint egy hegyi t\u00f3ban.<br \/>\nn<br \/>\nn<\/div>\n<p>n\n<\/p><\/div>\n<p>n<\/p>\n<div class=\"wpb_text_column wpb_content_element\">\nn<\/p>\n<div class=\"wpb_wrapper\">\nn<br \/>\nn<strong>\u00c9lvezze a Natural Eco medenc\u00e9ket, amelyek gy\u00f6ny\u00f6r\u0171en beleolvadnak a b\u00e9k\u00e9s \u00e9s eredeti t\u00e1jba a Los Haitises Nemzeti Parkban, Sabana de la Marban. <\/strong><br \/>\nn<\/p>\n<p style=\"text-align: center;\"><strong>T\u00f6lts\u00f6n el egy csod\u00e1latos napot csal\u00e1dj\u00e1val vagy bar\u00e1taival.<\/strong><\/p>\n<p>n<br \/>\nn\n<\/div>\n<p>n\n<\/p><\/div>\n<p>n&nbsp;<br \/>\nn<\/p>\n<h3><b>Befoglal\u00e1s y Kiz\u00e1r\u00e1sok<\/b><\/h3>\n<p>n<b>Z\u00e1rv\u00e1nyok<\/b><br \/>\nn<\/p>\n<ol>\nn \t<\/p>\n<li>Eb\u00e9d \u2013 b\u00fcf\u00e9<\/li>\n<p>n \t<\/p>\n<li>Bel\u00e9p\u00e9s a term\u00e9szetes \u00fasz\u00f3medenc\u00e9kbe<\/li>\n<p>n<\/ol>\n<p>n<b>Kiz\u00e1r\u00e1sok (nem tartalmazza)<\/b><br \/>\nn<\/p>\n<ol>\nn \t<\/p>\n<li>Sz\u00e1ll\u00edt\u00e1s<\/li>\n<p>n \t<\/p>\n<li>Alkoholos italok<\/li>\n<p>n<\/ol>\n<p>n&nbsp;<br \/>\nn<\/p>\n<h4><em><strong>Mi\u00e9rt \u00e9rdemes megvenni a jegyet?<\/strong><\/em><\/h4>\n<p>nPlease to make a reservation in advance to establish the space in our restaurant and prepare the Lunch Buffet for you. After you make the reservation, our representatives will contact you to give you more information &#8211; How to get to our place, what is the menu of Lunch Buffet and to answer all your questions.<br \/>\nn<br \/>\nn<strong>Megjegyz\u00e9s: 3 \u00e9v alatti gyermekek sz\u00e1m\u00e1ra ingyenes. A 4-10 \u00e9ves gyermekek csak f\u00e9l\u00e1ron fizetnek.<\/strong><br \/>\nn<\/p>\n<h2 style=\"text-align: center;\"><strong>\u00c1sv\u00e1nyvizes \u00fasz\u00f3medenc\u00e9k tervez\u00e9se \u00e9s kivitelez\u00e9se a r\u00e9szletekre \u00e9s a kreativit\u00e1sra val\u00f3 odafigyel\u00e9ssel.<\/strong><\/h2>\n<p>n<strong>Id\u0151:<\/strong><br \/>\nn<br \/>\nn8:30 am &#8211; 5:00 pm<br \/>\nn<br \/>\nn&nbsp;<br \/>\nn<\/p>\n<h4><em><strong>Mit \u00e9rdemes magaddal vinned?<\/strong><\/em><\/h4>\n<p>n<\/p>\n<ul>\nn \t<\/p>\n<li>Camara<\/li>\n<p>n \t<\/p>\n<li>\u00a0Visszatasz\u00edt\u00f3<\/li>\n<p>n \t<\/p>\n<li>naptej<\/li>\n<p>n<\/ul>\n<p>n&nbsp;<br \/>\nn<\/p>\n<h4><i>Sz\u00e1ll\u00edt\u00e1s: <\/i><\/h4>\n<p>nTransport is not included.<br \/>\nn<br \/>\nn<b>Megjegyz\u00e9s: Ha transzfert szeretne, vegye fel vel\u00fcnk a kapcsolatot.<\/b><br \/>\nn<\/p>\n<h4><b><i>Lemond\u00e1si felt\u00e9telek<\/i><\/b><\/h4>\n<p>nFor a full refund please read our Cancelations Policies in the website footer.<br \/>\nn<br \/>\nn\n<\/div>\n<p>n\n<\/p><\/div>\n<p>n\n<\/p><\/div>\n<p>n\n<\/p><\/div>\n<p>n\n<\/p><\/div>\n<p>n\n<\/p><\/div>\n<p>n<\/p>\n<div class=\"vc_row wpb_row vc_row-fluid\">\nn<\/p>\n<div class=\"wpb_column vc_column_container vc_col-sm-12\">\nn<\/p>\n<div class=\"vc_column-inner\">\nn<\/p>\n<div class=\"wpb_wrapper\">\nn<\/p>\n<div class=\"wpb_text_column wpb_content_element\">\nn<\/p>\n<div class=\"wpb_wrapper\">\nn<br \/>\nn&nbsp;<br \/>\nn<\/p>\n<h3 style=\"text-align: center;\">Sz\u00e1mos tev\u00e9kenys\u00e9get \u00e9s kir\u00e1ndul\u00e1st is \u00e9lvezhet helyi idegenvezet\u0151vel.<\/h3>\n<p>n<strong>A tev\u00e9kenys\u00e9gek list\u00e1ja:<\/strong><br \/>\nnZip lining<br \/>\nnRock wall climbing<br \/>\nnHorseback riding<br \/>\nnGuided or self-guided hikes in the Los Haitises<br \/>\nnKayaking in the Los Haitises<br \/>\nnGuided boat tours into Los Haitises<br \/>\nnWhale watching (from Jan 15 &#8211; March 20)<br \/>\nnGuided Bird Watching<br \/>\nnCayo Levantado\/Bacardi island<br \/>\nnWildlife and Nature<br \/>\nnWaterfalls El Limon, Samana<br \/>\nn<br \/>\nn<strong>A tev\u00e9kenys\u00e9gekkel \u00e9s kir\u00e1ndul\u00e1sokkal kapcsolatos tov\u00e1bbi inform\u00e1ci\u00f3k\u00e9rt forduljon hozz\u00e1nk bizalommal. Szint\u00e9n Tudod <a href=\"http:\/\/haitises.com\/\" rel=\"noopener\">Foglaljon itt.<\/a><\/strong><br \/>\nn<\/p>\n<h4><b><i>Lemond\u00e1si felt\u00e9telek<\/i><\/b><\/h4>\n<p>A teljes visszat\u00e9r\u00edt\u00e9s\u00e9rt k\u00e9rj\u00fck, olvassa el lemond\u00e1si szab\u00e1lyzatunkat\u00a0<a href=\"https:\/\/www.boattoursamana.com\/hu\/online-foglalas\/\" target=\"_blank\" rel=\"noopener\" data-saferedirecturl=\"https:\/\/www.google.com\/url?q=https:\/\/www.boattoursamana.com\/online-booking\/&amp;source=gmail&amp;ust=1672449202351000&amp;usg=AOvVaw1yAeVAPktmaVCqDujgUn90\">Kattints ide<\/a>. Az \u00f6sszeg elveszik, ha a foglal\u00e1st az utaz\u00e1s napj\u00e1n lemondj\u00e1k.<br \/>\nn<br \/>\nn<\/div>\n<p>n\n<\/p><\/div>\n<p>n\n<\/p><\/div>\n<p>n\n<\/p><\/div>\n<p>n\n<\/p><\/div>\n<p>n\n<\/p><\/div>\n<p>n<\/p>\n\n\t\t<\/div>\n\t<\/div>\n<\/div><\/div><\/div><\/div><div class=\"vc_row wpb_row vc_row-fluid\" ><div class=\"wpb_column vc_column_container vc_col-sm-12\"><div class=\"vc_column-inner\"><div class=\"wpb_wrapper\"><div class=\"vc_btn3-container vc_btn3-inline\" ><button class=\"vc_general vc_btn3 vc_btn3-size-md vc_btn3-shape-rounded vc_btn3-style-modern vc_btn3-color-green\">FOGLALD LE MOST<\/button><\/div><\/div><\/div><\/div><\/div>","protected":false},"excerpt":{"rendered":"<p>Buy a Day Pass Ticket Natural Swimming Pools at Ca\u00f1o Hondo Hotel in the Los Haitises National Park, Sabana de la Mar. Lunch is included. n nFor more information, please contact us. &nbsp;<\/p>","protected":false},"author":2,"featured_media":0,"parent":0,"menu_order":0,"comment_status":"open","ping_status":"closed","template":"","meta":{"footnotes":""},"class_list":["post-15765","page","type-page","status-publish","hentry"],"_links":{"self":[{"href":"https:\/\/www.boattoursamana.com\/hu\/wp-json\/wp\/v2\/pages\/15765","targetHints":{"allow":["GET"]}}],"collection":[{"href":"https:\/\/www.boattoursamana.com\/hu\/wp-json\/wp\/v2\/pages"}],"about":[{"href":"https:\/\/www.boattoursamana.com\/hu\/wp-json\/wp\/v2\/types\/page"}],"author":[{"embeddable":true,"href":"https:\/\/www.boattoursamana.com\/hu\/wp-json\/wp\/v2\/users\/2"}],"replies":[{"embeddable":true,"href":"https:\/\/www.boattoursamana.com\/hu\/wp-json\/wp\/v2\/comments?post=15765"}],"version-history":[{"count":0,"href":"https:\/\/www.boattoursamana.com\/hu\/wp-json\/wp\/v2\/pages\/15765\/revisions"}],"wp:attachment":[{"href":"https:\/\/www.boattoursamana.com\/hu\/wp-json\/wp\/v2\/media?parent=15765"}],"curies":[{"name":"wp","href":"https:\/\/api.w.org\/{rel}","templated":true}]}}