{"id":15771,"date":"2023-07-15T07:43:40","date_gmt":"2023-07-15T07:43:40","guid":{"rendered":"https:\/\/www.ticketswhales.com\/four-adventures-parasailing-snorkeling-cruise-sharks-rays-in-natural-pools-from-punta-cana\/"},"modified":"2023-07-15T07:43:40","modified_gmt":"2023-07-15T07:43:40","slug":"four-adventures-parasailing-snorkeling-cruise-sharks-rays-in-natural-pools-from-punta-cana","status":"publish","type":"page","link":"https:\/\/www.boattoursamana.com\/hu\/negy-kaland-ejtoernyozes-snorkeling-korut-capak-es-rajak-termeszetes-medencekben-punta-cana-bol","title":{"rendered":"N\u00e9gy kaland: ejt\u0151erny\u0151z\u00e9s, snorkeling k\u00f6r\u00fat, c\u00e1p\u00e1k \u00e9s r\u00e1j\u00e1k term\u00e9szetes medenc\u00e9kben Punta Cana-b\u00f3l"},"content":{"rendered":"<p><span style=\"vertical-align: inherit;\"><span style=\"vertical-align: inherit;\"><span style=\"vertical-align: inherit;\"><span style=\"vertical-align: inherit;\">Parasailing en Punta Cana egy hihetetlen kaland y una de las mejores cosas para hacer en Punta Cana. <\/span><\/span><\/span><span style=\"vertical-align: inherit;\"><span style=\"vertical-align: inherit;\"><span style=\"vertical-align: inherit;\">La costa desde 200 pies en el aire, mientras navega, es absolutamente impresionante.<\/span><\/span><\/span><\/span><br \/>\nn<br \/>\nn<span style=\"vertical-align: inherit;\"><span style=\"vertical-align: inherit;\"><span style=\"vertical-align: inherit;\"><span style=\"vertical-align: inherit;\">El parasailing es una experiencia sencilla y divertida para todos los miembros de la familia. <\/span><\/span><\/span><span style=\"vertical-align: inherit;\"><span style=\"vertical-align: inherit;\"><span style=\"vertical-align: inherit;\">Como la principal empresa de parasailing y aventura en Rep\u00fablica Dominicana, nuestro equipo de Parasailing se encuentra entre los m\u00e1s experimentados en Punta Cana, con m\u00e1s de 16 a\u00f1os de experiencia en vuelos. <\/span><\/span><\/span><span style=\"vertical-align: inherit;\"><span style=\"vertical-align: inherit;\"><span style=\"vertical-align: inherit;\">Puede disfrutar de unos 15 minutes de vuelo mientras disfruta de la hermosa vista panor\u00e1mica.<\/span><\/span><\/span><\/span><br \/>\nn<br \/>\nn&nbsp;<br \/>\nn<br \/>\nn<em><strong><span style=\"vertical-align: inherit;\"><span style=\"vertical-align: inherit;\"><span style=\"vertical-align: inherit;\"><span style=\"vertical-align: inherit;\">Selectione la fecha para el tour\u00a0<\/span><\/span><\/span><\/span><\/strong><\/em><\/p>\n<p>&nbsp;<\/p>\n<div class=\"vc_row wpb_row vc_row-fluid\" ><div class=\"wpb_column vc_column_container vc_col-sm-12\"><div class=\"vc_column-inner\"><div class=\"wpb_wrapper\"><div class=\"mkdf-section-title-holder\" style=\"text-align: left\">\n\t<div class=\"mkdf-st-inner\">\n\t\t\t\t\t<h5 class=\"mkdf-st-subtitle\" >\n\t\t\t\tA Punta Cana Hotels-t\u0151l\t\t\t<\/h5>\n\t\t\t\t\t\t\t<h3 class=\"mkdf-st-title\" >\n\t\t\t\tN\u00e9gy kaland: ejt\u0151erny\u0151z\u00e9s, snorkeling k\u00f6r\u00fat, c\u00e1p\u00e1k \u00e9s r\u00e1j\u00e1k term\u00e9szetes medenc\u00e9kben Punta Cana-b\u00f3l\t\t\t<\/h3>\n\t\t\t\t\t\t\t<p class=\"mkdf-st-text\" >\n\t\t\t\tMegjegyz\u00e9s: Ez a t\u00fara k\u00fcl\u00f6nb\u00f6z\u0151 id\u0151pontokban indul reggel 7:00 \u00e9s d\u00e9lut\u00e1n 16:00 k\u00f6z\u00f6tt. Ezenk\u00edv\u00fcl megtekintheti a delfint, de a delfinekkel val\u00f3 \u00fasz\u00e1st nem. Att\u00f3l f\u00fcgg\u0151en, hogy hol van az \u00e1tv\u00e9teli sz\u00e1llod\u00e1k id\u0151pontja, v\u00e1ltozhat. Extra k\u00f6lts\u00e9gek a Le\u00edr\u00e1sunkban nem szerepl\u0151 ter\u00fcleteken t\u00f6rt\u00e9n\u0151 \u00e1tv\u00e9tel\u00e9rt.\t\t\t<\/p>\n\t\t\t<\/div>\n<\/div><\/div><\/div><\/div><\/div><div class=\"vc_row wpb_row vc_row-fluid\" ><div class=\"wpb_column vc_column_container vc_col-sm-12\"><div class=\"vc_column-inner\"><div class=\"wpb_wrapper\"><div class=\"vc_empty_space\"   style=\"height: 32px\"><span class=\"vc_empty_space_inner\"><\/span><\/div><\/div><\/div><\/div><\/div><div class=\"vc_row wpb_row vc_row-fluid\" ><div class=\"wpb_column vc_column_container vc_col-sm-12\"><div class=\"vc_column-inner\"><div class=\"wpb_wrapper\"><div class=\"vc_btn3-container vc_btn3-inline\" ><button class=\"vc_general vc_btn3 vc_btn3-size-md vc_btn3-shape-rounded vc_btn3-style-modern vc_btn3-color-green\">FOGLALD LE MOST<\/button><\/div>\n\t<div class=\"wpb_text_column wpb_content_element\" >\n\t\t<div class=\"wpb_wrapper\">\n\t\t\t<p>\nn<\/p>\n<h4><b><i>\u00c1ttekint\u00e9s <\/i><\/b><\/h4>\n<p>n<\/p>\n<div>\nn<br \/>\nTapasztalja meg a n\u00e9gy kaland izgalm\u00e1t egyben ezzel az epikus t\u00far\u00e1val Punta Can\u00e1b\u00f3l. Pihenjen egy emeletes katamar\u00e1n fed\u00e9lzet\u00e9n, fedezze fel a tenger csod\u00e1it, \u00e9s \u00e9lvezze a k\u00f6zeli tal\u00e1lkoz\u00e1sokat a tengeri \u00e9l\u0151vil\u00e1ggal. Egy tr\u00f3pusi halakkal k\u00f6r\u00fclvett, l\u00e1tv\u00e1nyos korallz\u00e1tonyban szabadt\u00fcd\u0151s mer\u00fcl\u00e9sben lesz r\u00e9sze, \u00e9s megtapasztalhatja a c\u00e1p\u00e1kkal \u00e9s r\u00e1j\u00e1kkal kieg\u00e9sz\u00edtett interakt\u00edv tengeri show m\u00f3k\u00e1j\u00e1t. Ez a n\u00e9pszer\u0171 t\u00fara opci\u00f3 korl\u00e1tlan italfogyaszt\u00e1st tartalmaz a legjobb partihaj\u00f3n, \u00e9s t\u00f6k\u00e9letes sz\u00f3rakoz\u00e1sra a csal\u00e1ddal \u00e9s a bar\u00e1tokkal. Miut\u00e1n belek\u00f3stolt\u00e1l a v\u00edz alatti \u00e9letbe, fedezd fel fel\u00fclr\u0151l egy izgalmas ejt\u0151erny\u0151vel 500 m\u00e9terrel a v\u00edz felsz\u00edne felett!<br \/>\nn<br \/>\nn<\/div>\n<p>n<\/p>\n<ul class=\"vcs-highlights\">\nn \t<\/p>\n<li>T\u00f6bb indul\u00e1s k\u00f6z\u00fcl v\u00e1laszthat a nap folyam\u00e1n<\/li>\n<p>n \t<\/p>\n<li>A tenger szerelmeseinek<\/li>\n<p>n \t<\/p>\n<li>\u00c9lvezze a fantasztikus l\u00e9gi kil\u00e1t\u00e1st<\/li>\n<p>n \t<\/p>\n<li>Csal\u00e1d bar\u00e1t<\/li>\n<p>n \t<\/p>\n<li>\u00c1tv\u00e9tel egy k\u00f6zponti tal\u00e1lkoz\u00e1si pontr\u00f3l<\/li>\n<p>n \t<\/p>\n<li>Romantikus \u00e9lm\u00e9ny, t\u00f6k\u00e9letes p\u00e1roknak<\/li>\n<p>n<\/ul>\n<p>n&nbsp;<br \/>\nn<\/p>\n<h4><b>Befoglal\u00e1sok \u00e9s kiz\u00e1r\u00e1sok<\/b><\/h4>\n<p>n&nbsp;<br \/>\nn<br \/>\nn<b>Z\u00e1rv\u00e1nyok<\/b><br \/>\nn<br \/>\nn&nbsp;<br \/>\nn<\/p>\n<ol>\nn \t<\/p>\n<li>Parasaling t\u00fara<\/li>\n<p>n \t<\/p>\n<li>Snorkeling k\u00f6r\u00fat, c\u00e1p\u00e1k \u00e9s r\u00e1j\u00e1k term\u00e9szetes medenc\u00e9kben<\/li>\n<p>n \t<\/p>\n<li>Buszfelv\u00e9tel a sz\u00e1llod\u00e1b\u00f3l<\/li>\n<p>n \t<\/p>\n<li style=\"font-weight: 400;\"><span style=\"font-weight: 400;\">Minden ad\u00f3, d\u00edj \u00e9s kezel\u00e9si k\u00f6lts\u00e9g<\/span><\/li>\n<p>n \t<\/p>\n<li style=\"font-weight: 400;\"><span style=\"font-weight: 400;\">Helyi ad\u00f3k<\/span><\/li>\n<p>n \t<\/p>\n<li style=\"font-weight: 400;\"><span style=\"font-weight: 400;\">Italok<\/span><\/li>\n<p>n<\/ol>\n<p>n<b> Kiz\u00e1r\u00e1sok<\/b><br \/>\nn<\/p>\n<ol>\nn \t<\/p>\n<li style=\"font-weight: 400;\"><span style=\"font-weight: 400;\">h\u00e1lap\u00e9nz<\/span><\/li>\n<p>n \t<\/p>\n<li>Eb\u00e9d<\/li>\n<p>n<\/ol>\n<p>n&nbsp;<br \/>\nn<\/p>\n<h4><em><strong>Indul\u00e1s \u00e9s vissza\u00fat<\/strong><\/em><\/h4>\n<p>n<span style=\"font-weight: 400;\">A Foglal\u00e1si folyamat ut\u00e1n az utaz\u00f3 tal\u00e1lkoz\u00e1si pontot kap. A t\u00far\u00e1k tal\u00e1lkoz\u00e1si pontjainkon indulnak \u00e9s fejez\u0151dnek be.<\/span><br \/>\nn<br \/>\nn&nbsp;<br \/>\nn<\/p>\n<h4><b><i>Mi v\u00e1rhat\u00f3?<\/i><\/b><\/h4>\n<p>L\u00e9gkondicion\u00e1lt k\u00e9nyelemben utazzon Punta Cana sz\u00e1llod\u00e1j\u00e1b\u00f3l egy gy\u00f6ny\u00f6r\u0171, emeletes katamar\u00e1nba, \u00e9s utazzon Punta Cana leny\u0171g\u00f6z\u0151 sz\u00e9ps\u00e9g\u00e9be szak\u00e9rt\u0151 szem\u00e9lyzettel. J\u00e1rja be a Bavaro strandot \u00e9s b\u00fav\u00e1rkodjon korallz\u00e1tonyokon \u00e9s tr\u00f3pusi halakon kereszt\u00fcl professzion\u00e1lis b\u00fav\u00e1rok fel\u00fcgyelete mellett. Ezut\u00e1n menjen egy tengeri parkba, ahol k\u00f6zeli tal\u00e1lkoz\u00e1sban lesz r\u00e9sze a r\u00e1j\u00e1kkal \u00e9s a tanul\u00e9kony c\u00e1p\u00e1kkal. \u00dassz \u00e9s snorkelelj ezekkel az \u00f3ri\u00e1si l\u00e9nyekkel k\u00f6r\u00fclv\u00e9ve, \u00e9s nyerj m\u00e9lyebb betekint\u00e9st az idegenvezet\u0151k csapat\u00e1t\u00f3l.<br \/>\nn<br \/>\nEzut\u00e1n egy friss\u00edt\u0151 term\u00e9szetes medenc\u00e9n\u00e9l \u00e9lvezheti az idej\u00e9t, ahol \u00faszhat \u00e9s pihenhet egy hideg s\u00f6r mellett. Mer\u00edtsen finoms\u00e1gokat egy lebeg\u0151 b\u00e1rb\u00f3l, \u00e9s hallgassa meg, amint egy helyi DJ dobog ebben a hihetetlen szigeti k\u00f6rnyezetben.<br \/>\nn<br \/>\nTapasztalja meg az \u00f3ce\u00e1n krist\u00e1lytiszta viz\u00e9nek izgalm\u00e1t j\u00e1t\u00e9kokkal, italokkal \u00e9s sz\u00f3rakoz\u00e1ssal. A t\u00far\u00e1d egy epikus ejt\u0151erny\u0151s kalanddal z\u00e1rul a Cortesito strandr\u00f3l. A biztons\u00e1gi \u00e1ttekint\u00e9s ut\u00e1n az \u00e9g magasan rep\u00fcl a leny\u0171g\u00f6z\u0151 k\u00e9k vizek felett, \u00e9s hihetetlen tr\u00f3pusi kil\u00e1t\u00e1sban gy\u00f6ny\u00f6rk\u00f6dhet, mik\u00f6zben a paradicsomban sz\u00e1rnyal. Biztons\u00e1gban visszat\u00e9rhet a partra, miel\u0151tt a sz\u00e1ll\u00edtm\u00e1ny\u00e1val visszaindulna a sz\u00e1llod\u00e1j\u00e1ba.<br \/>\nn<br \/>\nn<strong>Menetrend:<\/strong><br \/>\nn<br \/>\nn7:00 AM &#8211; 4:00 PM&#8230; Time change depending on were in Punta Cana you are located. Contact us to set the time.<br \/>\nn<br \/>\nn&nbsp;<br \/>\nn<\/p>\n<h4><em><strong>Mit kell vinni?<\/strong><\/em><\/h4>\n<p>n<\/p>\n<ul>\nn \t<\/p>\n<li style=\"font-weight: 400;\"><span style=\"font-weight: 400;\">Kamera<\/span><\/li>\n<p>n \t<\/p>\n<li style=\"font-weight: 400;\"><span style=\"font-weight: 400;\">Riaszt\u00f3 bimb\u00f3k<\/span><\/li>\n<p>n \t<\/p>\n<li style=\"font-weight: 400;\"><span style=\"font-weight: 400;\">naptej<\/span><\/li>\n<p>n \t<\/p>\n<li style=\"font-weight: 400;\"><span style=\"font-weight: 400;\">Kalap<\/span><\/li>\n<p>n \t<\/p>\n<li style=\"font-weight: 400;\"><span style=\"font-weight: 400;\">K\u00e9nyelmes nadr\u00e1g<\/span><\/li>\n<p>n \t<\/p>\n<li style=\"font-weight: 400;\"><span style=\"font-weight: 400;\">Erdei t\u00faracip\u0151<\/span><\/li>\n<p>n \t<\/p>\n<li style=\"font-weight: 400;\"><span style=\"font-weight: 400;\">Szand\u00e1l a strandra<\/span><\/li>\n<p>n \t<\/p>\n<li style=\"font-weight: 400;\"><span style=\"font-weight: 400;\">\u00dasz\u00f3ruha<\/span><\/li>\n<p>n \t<\/p>\n<li>K\u00e9szp\u00e9nz aj\u00e1nd\u00e9kt\u00e1rgyak\u00e9rt<\/li>\n<p>n<\/ul>\n<p>n&nbsp;<br \/>\nn<\/p>\n<h4><b><i>Sz\u00e1llodai \u00e1tv\u00e9tel <\/i><\/b><\/h4>\n<p>n<span style=\"font-weight: 400;\">Utaz\u00f3i \u00e1tv\u00e9tel biztos\u00edtott!<\/span><br \/>\nn<br \/>\nn<span style=\"font-weight: 400;\">Punta Cana \u00f6sszes sz\u00e1llod\u00e1j\u00e1b\u00f3l felvesz\u00fcnk. Az \u00e1tv\u00e9tel helye a Hotel Lobby<br \/>\nnHa a k\u00f6rny\u00e9ken l\u00e9v\u0151 t\u00e1rsash\u00e1zban tart\u00f3zkodik, a lak\u00e1sban vagy a legk\u00f6zelebbi \u00fcd\u00fcl\u0151hely bej\u00e1rat\u00e1n\u00e1l felvessz\u00fck \u00d6nt. A Pick up felveszi vel\u00fcnk a kapcsolatot Whatsappon kereszt\u00fcl.<\/span><br \/>\nn<br \/>\nn<b>Jegyzet:<\/b><span style=\"font-weight: 400;\"> Ha a t\u00fara\/kir\u00e1ndul\u00e1s indul\u00e1si id\u0151pontj\u00e1t\u00f3l sz\u00e1m\u00edtott 24 \u00f3r\u00e1n bel\u00fcl foglal, fel\u00e1r ellen\u00e9ben meg tudjuk szervezni a sz\u00e1llodai \u00e1tv\u00e9telt. Amint a v\u00e1s\u00e1rl\u00e1s befejez\u0151d\u00f6tt, elk\u00fcldj\u00fck \u00d6nnek a helyi idegenvezet\u0151nk teljes el\u00e9rhet\u0151s\u00e9gi adatait (telefonsz\u00e1m, e-mail c\u00edm stb.), hogy megszervezhess\u00fck az \u00e1tv\u00e9tel megszervez\u00e9s\u00e9t.<\/span><br \/>\nn<\/p>\n<h4><b><i>Tov\u00e1bbi inform\u00e1ci\u00f3k meger\u0151s\u00edt\u00e9se <\/i><\/b><\/h4>\n<p>n<\/p>\n<ol>\nn \t<\/p>\n<li>A jegyek a t\u00fara befizet\u00e9s\u00e9t k\u00f6vet\u0151 nyugt\u00e1k. A fizet\u00e9st a telefonon tudod megjelen\u00edteni.<\/li>\n<p>n \t<\/p>\n<li style=\"font-weight: 400;\"><span style=\"font-weight: 400;\">A tal\u00e1lkoz\u00e1si pontot a foglal\u00e1si folyamat ut\u00e1n veszik \u00e1t.<\/span><\/li>\n<p>n \t<\/p>\n<li style=\"font-weight: 400;\"><span style=\"font-weight: 400;\">A gyermekeket feln\u0151tt k\u00eds\u00e9ret\u00e9ben kell biztos\u00edtani.<\/span><\/li>\n<p>n \t<\/p>\n<li style=\"font-weight: 400;\"><span style=\"font-weight: 400;\">kerekessz\u00e9kkel el\u00e9rhet\u0151 <\/span><\/li>\n<p>n \t<\/p>\n<li style=\"font-weight: 400;\"><span style=\"font-weight: 400;\">A csecsem\u0151knek \u00f6lben kell \u00fclni\u00fck <\/span><\/li>\n<p>n \t<\/p>\n<li style=\"font-weight: 400;\"><span style=\"font-weight: 400;\">A legt\u00f6bb utaz\u00f3 r\u00e9szt vehet<\/span><\/li>\n<p>n<\/ol>\n<p>n<\/p>\n<h4><b><i>Lemond\u00e1si felt\u00e9telek<\/i><\/b><\/h4>\n<p>A teljes visszat\u00e9r\u00edt\u00e9s\u00e9rt k\u00e9rj\u00fck, olvassa el lemond\u00e1si szab\u00e1lyzatunkat\u00a0<a href=\"https:\/\/www.boattoursamana.com\/hu\/online-foglalas\/\" target=\"_blank\" rel=\"noopener\" data-saferedirecturl=\"https:\/\/www.google.com\/url?q=https:\/\/www.boattoursamana.com\/online-booking\/&amp;source=gmail&amp;ust=1672532492004000&amp;usg=AOvVaw3ylqI1cdbIPTimEqEWneyd\">Kattints ide<\/a>. Az \u00f6sszeg elveszik, ha a foglal\u00e1st az utaz\u00e1s napj\u00e1n lemondj\u00e1k.<\/p>\n\n\t\t<\/div>\n\t<\/div>\n<\/div><\/div><\/div><\/div><div class=\"vc_row wpb_row vc_row-fluid\" ><div class=\"wpb_column vc_column_container vc_col-sm-12\"><div class=\"vc_column-inner\"><div class=\"wpb_wrapper\">\n\t<div class=\"wpb_text_column wpb_content_element\" >\n\t\t<div class=\"wpb_wrapper\">\n\t\t\t<p>\nn<\/p>\n<h4>L\u00e9pjen kapcsolatba vel\u00fcnk?<\/h4>\n<p>n<\/p>\n<h5><em><strong>Kalandok foglal\u00e1sa<\/strong><\/em><\/h5>\n<p>n<em><strong>Helyiek<\/strong> \u00e9s <strong>Nemzetiek<\/strong> Idegenvezet\u0151k \u00e9s vend\u00e9gszolg\u00e1ltat\u00e1sok<\/em><br \/>\nn<br \/>\nn<span class=\"text-turquoise\">Foglal\u00e1sok:<\/span> T\u00far\u00e1k \u00e9s kir\u00e1ndul\u00e1sok Dom. Ism\u00e9tl\u00e9s.<\/p>\n\n\t\t<\/div>\n\t<\/div>\n<\/div><\/div><\/div><\/div><div class=\"vc_row wpb_row vc_row-fluid\" ><\/div><div class=\"wpb_column vc_column_container vc_col-sm-12\"><div class=\"vc_column-inner\"><div class=\"wpb_wrapper\"><\/div><\/div><\/div><div class=\"vc_empty_space\"   style=\"height: 32px\"><span class=\"vc_empty_space_inner\"><\/span><\/div><div class=\"vc_empty_space\"   style=\"height: 32px\"><span class=\"vc_empty_space_inner\"><\/span><\/div><div class=\"vc_row wpb_row vc_row-fluid\" ><div class=\"wpb_column vc_column_container vc_col-sm-12\"><div class=\"vc_column-inner\"><div class=\"wpb_wrapper\"><div class=\"vc_btn3-container vc_btn3-inline\" ><button class=\"vc_general vc_btn3 vc_btn3-size-md vc_btn3-shape-rounded vc_btn3-style-modern vc_btn3-color-green\">FOGLALD LE MOST<\/button><\/div><\/div><\/div><\/div><\/div>","protected":false},"excerpt":{"rendered":"<p>Parasailing en Punta Cana es una aventura incre\u00edble y una de las mejores cosas para hacer en Punta Cana. La costa desde 200 pies en el aire, mientras navega, es absolutamente impresionante. n nEl parasailing es una experiencia sencilla y divertida para todos los miembros de la familia. Como la principal empresa de parasailing y aventura en Rep\u00fablica Dominicana, nuestro equipo de Parasailing se encuentra entre los m\u00e1s experimentados en Punta Cana, con m\u00e1s de 16 a\u00f1os de experiencia en [&hellip;]<\/p>\n","protected":false},"author":2,"featured_media":0,"parent":0,"menu_order":0,"comment_status":"open","ping_status":"closed","template":"","meta":{"footnotes":""},"class_list":["post-15771","page","type-page","status-publish","hentry"],"_links":{"self":[{"href":"https:\/\/www.boattoursamana.com\/hu\/wp-json\/wp\/v2\/pages\/15771","targetHints":{"allow":["GET"]}}],"collection":[{"href":"https:\/\/www.boattoursamana.com\/hu\/wp-json\/wp\/v2\/pages"}],"about":[{"href":"https:\/\/www.boattoursamana.com\/hu\/wp-json\/wp\/v2\/types\/page"}],"author":[{"embeddable":true,"href":"https:\/\/www.boattoursamana.com\/hu\/wp-json\/wp\/v2\/users\/2"}],"replies":[{"embeddable":true,"href":"https:\/\/www.boattoursamana.com\/hu\/wp-json\/wp\/v2\/comments?post=15771"}],"version-history":[{"count":0,"href":"https:\/\/www.boattoursamana.com\/hu\/wp-json\/wp\/v2\/pages\/15771\/revisions"}],"wp:attachment":[{"href":"https:\/\/www.boattoursamana.com\/hu\/wp-json\/wp\/v2\/media?parent=15771"}],"curies":[{"name":"wp","href":"https:\/\/api.w.org\/{rel}","templated":true}]}}