{"id":15772,"date":"2023-07-15T07:43:40","date_gmt":"2023-07-15T07:43:40","guid":{"rendered":"https:\/\/www.ticketswhales.com\/catalina-island-altos-de-chavon-from-punta-cana-snorkeling-with-catamaran-party\/"},"modified":"2023-07-15T07:43:40","modified_gmt":"2023-07-15T07:43:40","slug":"catalina-island-altos-de-chavon-from-punta-cana-snorkeling-with-catamaran-party","status":"publish","type":"page","link":"https:\/\/www.boattoursamana.com\/hu\/catalina-island-altos-de-chavon-from-punta-cana-snorkeling-with-catamaran-party","title":{"rendered":"Catalina-sziget \u00e9s Altos de Chavon Punta Can\u00e1b\u00f3l (snorkelez\u00e9s katamar\u00e1npartival)"},"content":{"rendered":"<p>Az apr\u00f3 Catalina-sziget (Isla Catalina), mind\u00f6ssze 2,4 kilom\u00e9terre a Dominikai K\u00f6zt\u00e1rsas\u00e1g sz\u00e1razf\u00f6ldi r\u00e9sz\u00e9t\u0151l, egy idilli homokos folt a t\u00fcrkizk\u00e9k karibi vizekben. A j\u00f3l lakott korallz\u00e1tonyair\u00f3l ismert Catalina b\u00e9k\u00e9s pihen\u0151hely azok sz\u00e1m\u00e1ra, akik el akarnak menek\u00fclni a ny\u00fczsg\u0151 Punta Cana \u00e9s La Romana el\u0151l.<br \/>\nn<br \/>\nnBook a day trip with us. Catalina Island in a Party Catamaran with Snorkeling!<br \/>\nn<br \/>\nn&nbsp;<br \/>\nn<br \/>\nnPlease Select the date for The Excursion:<\/p>\n<p>&nbsp;<\/p>\n<div class=\"vc_row wpb_row vc_row-fluid\" ><div class=\"wpb_column vc_column_container vc_col-sm-12\"><div class=\"vc_column-inner\"><div class=\"wpb_wrapper\"><div class=\"mkdf-section-title-holder\" style=\"text-align: left\">\n\t<div class=\"mkdf-st-inner\">\n\t\t\t\t\t<h5 class=\"mkdf-st-subtitle\" >\n\t\t\t\tF\u00e9l napos \u00e9lm\u00e9ny\t\t\t<\/h5>\n\t\t\t\t\t\t\t<h3 class=\"mkdf-st-title\" >\n\t\t\t\tCatalina-sziget \u00e9s sznorkelez\u00e9s katamar\u00e1npartival Punta Can\u00e1b\u00f3l\t\t\t<\/h3>\n\t\t\t\t\t<\/div>\n<\/div><div class=\"vc_btn3-container vc_btn3-inline\" ><button class=\"vc_general vc_btn3 vc_btn3-size-md vc_btn3-shape-rounded vc_btn3-style-modern vc_btn3-color-green\">FOGLALD LE MOST<\/button><\/div><\/div><\/div><\/div><\/div><div class=\"vc_row wpb_row vc_row-fluid\" ><div class=\"wpb_column vc_column_container vc_col-sm-12\"><div class=\"vc_column-inner\"><div class=\"wpb_wrapper\">\n\t<div class=\"wpb_text_column wpb_content_element\" >\n\t\t<div class=\"wpb_wrapper\">\n\t\t\t<p>\nn<\/p>\n<div class=\"vc_row wpb_row vc_row-fluid\">\nn<\/p>\n<div class=\"wpb_column vc_column_container vc_col-sm-12\">\nn<\/p>\n<div class=\"vc_column-inner\">\nn<\/p>\n<div class=\"wpb_wrapper\">\nn<\/p>\n<div class=\"wpb_text_column wpb_content_element\">\nn<\/p>\n<div class=\"wpb_wrapper\">\nn<\/p>\n<div class=\"vc_row wpb_row vc_row-fluid\">\nn<\/p>\n<div class=\"wpb_column vc_column_container vc_col-sm-12\">\nn<\/p>\n<div class=\"vc_column-inner\">\nn<\/p>\n<div class=\"wpb_wrapper\">\nn<\/p>\n<div class=\"wpb_text_column wpb_content_element\">\nn<\/p>\n<div class=\"wpb_wrapper\">\nn<\/p>\n<h4><b><i>\u00c1ttekint\u00e9s<\/i><\/b><\/h4>\n<p>nWe enjoy a catamaran tour across crystal clear waters to Catalina Island, the best-known area for snorkeling in the Dominican Republic.<br \/>\nn<br \/>\nA nap a sz\u00e1lloda f\u0151 hallj\u00e1ban vagy egy meghat\u00e1rozott tal\u00e1lkoz\u00e1si ponton t\u00f6rt\u00e9n\u0151 \u00e1tv\u00e9tellel kezd\u0151dik. Ut\u00e1na tov\u00e1bbmegy\u00fcnk Catalina-szigetre, ahol egy friss\u00edt\u0151 f\u00fcrd\u0151t \u00e9s egy kis italt fogyasztunk, m\u00edg aki tud 2 f\u00e9le sznorkelez\u00e9st v\u00e9grehajtani oktat\u00f3val, ut\u00e1na pedig elfogyasztunk egy finom b\u00fcf\u00e9eb\u00e9det a tengerparton \u00e9s r\u00e9szt vesz\u00fcnk n\u00e9h\u00e1ny salsa\u00f3r\u00e1n. \u00e9s Bachata, mik\u00f6zben finom italokat is k\u00e9sz\u00edt\u00fcnk. Ha m\u00e1r belef\u00e1radt a parton lust\u00e1lkodni, ragadjon mag\u00e1hoz n\u00e9h\u00e1ny snorkeling felszerel\u00e9st, \u00e9s csod\u00e1lja meg Catalina v\u00edz alatti vil\u00e1g\u00e1t.<br \/>\nn<br \/>\nAz \u00f3ce\u00e1n, olyan hihetetlen\u00fcl tiszta, \u00e9s a tengerparti feh\u00e9r homok v\u00e1r r\u00e1d. Pihenjen egy napoz\u00f3\u00e1gyon vagy b\u00fav\u00e1rkodjon. \u00c9lvezni fogja, ahol megl\u00e1tja zen\u00e9nk \u00e9s t\u00e1ncunk hagyom\u00e1nyait.<br \/>\nn<br \/>\nnAfter this we go to Altos de Chavon Cattle and River!<br \/>\nn<br \/>\nn<strong>Jegyzet:<\/strong> Ez a t\u00fara nem priv\u00e1t. Ha priv\u00e1t t\u00far\u00e1t szeretne be\u00e1ll\u00edtani, l\u00e9pjen kapcsolatba vel\u00fcnk!<br \/>\nn<\/p>\n<ul>\nn \t<\/p>\n<li>\nn<\/p>\n<div class=\"py-1 inclusions-exclusions-item d-flex\" lang=\"en-x-mtfrom-en\">\nn<\/p>\n<div class=\"d-inline-block inclusions-exclusions-text\">Egy\u00e9ni sz\u00e1ll\u00edt\u00e1s<\/div>\n<p>n\n<\/p><\/div>\n<\/li>\n<p>n \t<\/p>\n<li>Term\u00e9szetes \u00fasz\u00f3medence StarFish n\u00e9z\u00e9s\u00e9hez<\/li>\n<p>n \t<\/p>\n<li>B\u00fav\u00e1rkod\u00e1s<\/li>\n<p>n \t<\/p>\n<li>Eb\u00e9d<\/li>\n<p>n \t<\/p>\n<li>Haj\u00f3 katamar\u00e1n transzfer<\/li>\n<p>n \t<\/p>\n<li>A kapit\u00e1ny utas\u00edt\u00e1st \u00e9s fel\u00fcgyeletet biztos\u00edt<\/li>\n<p>n \t<\/p>\n<li>Idegenvezet\u0151<\/li>\n<p>n<\/ul>\n<p>n&nbsp;<br \/>\nn<\/p>\n<h4><b>Befoglal\u00e1sok \u00e9s kiz\u00e1r\u00e1sok<\/b><\/h4>\n<p>n<b>Z\u00e1rv\u00e1nyok<\/b><br \/>\nn<\/p>\n<ol>\nn \t<\/p>\n<li>Idegenvezet\u0151<\/li>\n<p>n \t<\/p>\n<li>b\u00fav\u00e1rkod\u00e1s<\/li>\n<p>n \t<\/p>\n<li>Eb\u00e9d<\/li>\n<p>n \t<\/p>\n<li>\u00c1tv\u00e9tel a sz\u00e1llod\u00e1kban<\/li>\n<p>n \t<\/p>\n<li>Katamar\u00e1n vagy haj\u00f3kir\u00e1ndul\u00e1s<\/li>\n<p>n \t<\/p>\n<li>Minden ad\u00f3, d\u00edj \u00e9s kezel\u00e9si k\u00f6lts\u00e9g<\/li>\n<p>n \t<\/p>\n<li>Helyi ad\u00f3k<\/li>\n<p>n \t<\/p>\n<li>Italok<\/li>\n<p>n<\/ol>\n<p>n<b>Kiz\u00e1r\u00e1sok<\/b><br \/>\nn<\/p>\n<ol>\nn \t<\/p>\n<li>h\u00e1lap\u00e9nz<\/li>\n<p>n \t<\/p>\n<li>F\u00e9nyk\u00e9pek<\/li>\n<p>n<\/ol>\n<p>n<\/p>\n<h4><em><strong>Indul\u00e1s \u00e9s vissza\u00fat<\/strong><\/em><\/h4>\n<p>A Foglal\u00e1si folyamat ut\u00e1n az utaz\u00f3 tal\u00e1lkoz\u00e1si pontot kap. A t\u00far\u00e1k tal\u00e1lkoz\u00e1si pontjainkon indulnak \u00e9s fejez\u0151dnek be.<br \/>\nn<\/p>\n<h3>Catalina szigete \u00e9s sznorkelez\u00e9s katamar\u00e1npartival Punta Can\u00e1b\u00f3l \u2013 F\u00e9lnapos \u00e9lm\u00e9ny.<\/h3>\n<p>n<\/p>\n<h4><b><i>Mi v\u00e1rhat\u00f3?<\/i><\/b><\/h4>\n<p>nDuring the Catalina Island Excursion from Punta Cana, guests will have the opportunity to snorkel in the vibrant corals reefs at Catalina, swimming among lively school of fish enjoying the stunning Caribbean underwater fauna.<br \/>\nn<br \/>\nnWe will begin the snorkeling excursion departing in the morning towards La Romana. During the drive we will pass by the sugar cane fields as your guide provides interesting information about the history of the area, general culture and rum making techniques of the country. Upon arrival to La Romana, we will board our Catamaran and depart towards Catalina. Our first stop on the island will be \u201cThe Wall,\u201d a majestic coral wall that extends from the Island to the Caribbean Sea.<br \/>\nn<br \/>\nA sznorkelez\u00e9s ut\u00e1n folytatjuk az utat Catalina gy\u00f6ny\u00f6r\u0171 strandj\u00e1hoz, amely egy exkluz\u00edv hely. \u00c9rkez\u00e9skor a vend\u00e9gek 2 kilom\u00e9ternyi feh\u00e9r homokos strandot \u00e9s krist\u00e1lytiszta vizet, egy italokat k\u00edn\u00e1l\u00f3 tengerparti b\u00e1rt \u00e9s egy finom dominikai b\u00fcf\u00e9eb\u00e9det vehetnek ig\u00e9nybe grillez\u00e9ssel. D\u00e9lut\u00e1n 15:30 k\u00f6r\u00fcl felsz\u00e1llunk a katamar\u00e1nra, hogy visszat\u00e9rj\u00fcnk Punta Can\u00e1ba egy hihetetlen b\u00fav\u00e1rkod\u00e1ssal \u00e9s pihen\u00e9ssel t\u00f6lt\u00f6tt nap ut\u00e1n a Catalina-szigeten. Sziget A Punta Cana-i Catalina-szigeti kir\u00e1ndul\u00e1s sor\u00e1n a vend\u00e9geknek lehet\u0151s\u00e9g\u00fck lesz sznorkelezni Catalina ny\u00fczsg\u0151 korallz\u00e1tonyaiban, \u00e9s \u00e9l\u00e9nk halrajok k\u00f6z\u00f6tt \u00faszva \u00e9lvezhetik a leny\u0171g\u00f6z\u0151 karibi v\u00edz alatti \u00e1llatvil\u00e1got.<br \/>\nn<br \/>\nnWe will begin the snorkeling excursion departing in the morning towards La Romana. During the drive we will pass by the sugar cane fields as your guide provides interesting information about the history of the area, general culture and rum making techniques of the country. Upon arrival to La Romana, we will board our Catamaran and depart towards Catalina.<br \/>\nn<br \/>\nEls\u0151 \u00e1llom\u00e1sunk a szigeten a \u201eThe Wall\u201d lesz, egy fens\u00e9ges korallfal, amely a Szigett\u0151l a Karib-tengerig terjed. A sznorkelez\u00e9s ut\u00e1n folytatja az utat Catalina gy\u00f6ny\u00f6r\u0171 strandj\u00e1hoz, amely egy exkluz\u00edv hely. \u00c9rkez\u00e9skor a vend\u00e9gek 2 kilom\u00e9ternyi feh\u00e9r homokos strandot \u00e9s krist\u00e1lytiszta vizet, egy italokat k\u00edn\u00e1l\u00f3 tengerparti b\u00e1rt \u00e9s egy finom dominikai b\u00fcf\u00e9eb\u00e9det vehetnek ig\u00e9nybe grillez\u00e9ssel. D\u00e9lut\u00e1n 15:30 k\u00f6r\u00fcl felsz\u00e1llunk a katamar\u00e1nra, hogy visszat\u00e9rj\u00fcnk Punta Can\u00e1ba egy hihetetlen b\u00fav\u00e1rkod\u00e1ssal \u00e9s pihen\u00e9ssel t\u00f6lt\u00f6tt nap ut\u00e1n a Catalina-szigeten.<br \/>\nn<\/p>\n<div class=\"a-text--first-content _for-copy-large l-hide-for-large\">\nn<br \/>\nnLet the<strong>\u00a0A Catalina-sziget karibi paradicsoma mag\u00e1val ragad\u00a0<\/strong>\u00e9s fedezze fel a fest\u0151i sz\u00e9ps\u00e9get\u00a0<strong>Altos de Chav\u00f3n<\/strong>\u00a0ezen a kihagyhatatlan egynapos kir\u00e1ndul\u00e1son La Roman\u00e1b\u00f3l.<br \/>\nn<br \/>\nn<\/div>\n<p>n<\/p>\n<div id=\"o-slider--activity-detail__container\" class=\"o-slider js-module-slider is-photos\"><\/div>\n<p>n<\/p>\n<div id=\"l-768-calendar-anchor\"><\/div>\n<p>n<\/p>\n<div id=\"new-fading-text\" class=\"new-fading-text _loaded u-no-before show-hidden-elements\">\nn<\/p>\n<div class=\"o-activity-description\">\nn<\/p>\n<h2>Catalina-sziget \u00e9s Altos de Chav\u00f3n egynapos kir\u00e1ndul\u00e1s<\/h2>\n<p>nHaving been picked up from your hotel first thing in the morning, you&#8217;ll set off on your adventure, making your first stop in\u00a0<strong>Altos de Chav\u00f3n<\/strong>. 40 perced lesz ennek felfedez\u00e9s\u00e9re<strong>\u00a0gy\u00f6ny\u00f6r\u0171 kikapcsol\u00f3d\u00e1s egy mediterr\u00e1n st\u00edlus\u00fa faluban<\/strong>\u00a0\u00e9s megcsod\u00e1lhatja a mellette foly\u00f3 Chav\u00f3n foly\u00f3 kil\u00e1t\u00e1s\u00e1t. Igaz\u00e1n elb\u0171v\u00f6l\u0151!<br \/>\nn<\/p>\n<p class=\"new-fading-text__hidden-element\">Folytatva a t\u00far\u00e1t, egy dokkba ker\u00fclsz a k\u00f6vetkez\u0151n\u00a0<strong>Salado foly\u00f3\u00a0<\/strong>ahol a te\u00a0<strong>katamar\u00e1n\u00a0<\/strong>v\u00e1rni fogja, hogy elinduljon Isla Catalina fel\u00e9. K\u00f6r\u00fclbel\u00fcl 40 perces k\u00f6r\u00fatja sor\u00e1n a fed\u00e9lzeten egy ital mellett gy\u00f6ny\u00f6rk\u00f6dhet a\u00a0<strong>\u00e1that\u00f3 k\u00e9k a szikr\u00e1z\u00f3 Karib-tenger<\/strong>.<\/p>\n<p>n<\/p>\n<p class=\"new-fading-text__hidden-element\">Az \u00fati c\u00e9l fel\u00e9 haladva k\u00f6zvetlen\u00fcl a La Pared vagy The Wall n\u00e9ven ismert korallz\u00e1tonyhoz \u00e9r, ahol lehet\u0151s\u00e9ge ny\u00edlik\u00a0<strong>h\u0171s\u00edtse le mag\u00e1t egy friss\u00edt\u0151 megm\u00e1rt\u00f3z\u00e1ssal a tengerben, \u00e9s sznorkelezzen a hihetetlen tengeri \u00e9l\u0151l\u00e9nyek k\u00f6z\u00f6tt<\/strong>. T\u00f6lts\u00f6n el 40 percet a v\u00edz alatti felfedez\u00e9ssel, miel\u0151tt visszat\u00e9rne a katamar\u00e1nhoz, \u00e9s horgonyt vetne a Catalina-szigeten tal\u00e1lhat\u00f3 dokkn\u00e1l.<\/p>\n<p>n<\/p>\n<p class=\"new-fading-text__hidden-element\">Ha a l\u00e1bad sz\u00e1razon van, egy kis \u00e9tterembe ker\u00fclsz, ahonnan leny\u0171g\u00f6z\u0151 kil\u00e1t\u00e1s ny\u00edlik a tengerre, ahol\u00a0<strong>finom sv\u00e9dasztalos eb\u00e9d<\/strong>. \u00dajult er\u0151vel h\u00e1rom \u00f3ra szabadid\u0151d lesz, hogy a legt\u00f6bbet kihozd bel\u0151le\u00a0<strong>paradicsomi feh\u00e9r homokos strandok<\/strong>. F\u00fcggetlen\u00fcl att\u00f3l, hogy ink\u00e1bb pihenni \u00e9s napozni szeretne, vagy kipr\u00f3b\u00e1l egy olyan sz\u00f3rakoztat\u00f3 tev\u00e9kenys\u00e9get, mint a sz\u00f6rf\u00f6z\u00e9s, felejthetetlen d\u00e9lut\u00e1nt t\u00f6lthet el.<\/p>\n<p>n<\/p>\n<p class=\"new-fading-text__hidden-element\">A nap v\u00e9g\u00e9n visszat\u00e9r a katamar\u00e1nhoz, \u00e9s visszahaj\u00f3zik La Roman\u00e1ba, ahol kisz\u00e1ll a sz\u00e1llod\u00e1ba.<\/p>\n<p>n<br \/>\nn\n<\/div>\n<p>n\n<\/p><\/div>\n<p>n&nbsp;<br \/>\nn<br \/>\nn<strong>Menetrend:<\/strong><br \/>\nn<br \/>\nn7:00 AM \u2013 4: 30 PM<br \/>\nn<br \/>\nn&nbsp;<br \/>\nn<br \/>\nn<\/div>\n<p>nTime can change depends on time of departure from Hotels.<br \/>\nn<\/p>\n<div class=\"wpb_wrapper\">\nn<br \/>\nn&nbsp;<br \/>\nn<\/p>\n<h4><em><strong>Mit kell vinni?<\/strong><\/em><\/h4>\n<p>n<\/p>\n<ul>\nn \t<\/p>\n<li>Kamera<\/li>\n<p>n \t<\/p>\n<li>Riaszt\u00f3 bimb\u00f3k<\/li>\n<p>n \t<\/p>\n<li>naptej<\/li>\n<p>n \t<\/p>\n<li>Kalap<\/li>\n<p>n \t<\/p>\n<li>K\u00e9nyelmes nadr\u00e1g<\/li>\n<p>n \t<\/p>\n<li>\u00dasz\u00f3ruha<\/li>\n<p>n \t<\/p>\n<li>K\u00e9szp\u00e9nz aj\u00e1nd\u00e9kt\u00e1rgyak\u00e9rt<\/li>\n<p>n<\/ul>\n<p>n&nbsp;<br \/>\nn<\/p>\n<h4><b><i>Sz\u00e1llodai \u00e1tv\u00e9tel<\/i><\/b><\/h4>\n<p>nHotel pick-up is offered for this tour. We Can Set it Via- Whatsapp. From La Romana, Punta Cana, Bavaro and Bayahibe Hotels.<br \/>\nn<br \/>\nn&nbsp;<br \/>\nn<br \/>\nn<b>Jegyzet:<\/b> Ha a t\u00fara\/kir\u00e1ndul\u00e1s indul\u00e1si id\u0151pontj\u00e1t\u00f3l sz\u00e1m\u00edtott 24 \u00f3r\u00e1n bel\u00fcl foglal, fel\u00e1r ellen\u00e9ben meg tudjuk szervezni a sz\u00e1llodai \u00e1tv\u00e9telt. Amint a v\u00e1s\u00e1rl\u00e1s befejez\u0151d\u00f6tt, elk\u00fcldj\u00fck \u00d6nnek a helyi idegenvezet\u0151nk teljes el\u00e9rhet\u0151s\u00e9gi adatait (telefonsz\u00e1m, e-mail c\u00edm stb.), hogy megszervezhess\u00fck az \u00e1tv\u00e9tel megszervez\u00e9s\u00e9t.<br \/>\nn<\/p>\n<h4><b><i>Tov\u00e1bbi inform\u00e1ci\u00f3k meger\u0151s\u00edt\u00e9se<\/i><\/b><\/h4>\n<p>n<\/p>\n<ol>\nn \t<\/p>\n<li>A jegyek a t\u00fara befizet\u00e9s\u00e9t k\u00f6vet\u0151 nyugt\u00e1k. A fizet\u00e9st a telefonon tudod megjelen\u00edteni.<\/li>\n<p>n \t<\/p>\n<li>A tal\u00e1lkoz\u00e1si pontot a foglal\u00e1si folyamat ut\u00e1n veszik \u00e1t.<\/li>\n<p>n \t<\/p>\n<li>A gyermekeket feln\u0151tt k\u00eds\u00e9ret\u00e9ben kell biztos\u00edtani.<\/li>\n<p>n \t<\/p>\n<li>kerekessz\u00e9kkel el\u00e9rhet\u0151<\/li>\n<p>n \t<\/p>\n<li>A csecsem\u0151knek \u00f6lben kell \u00fclni\u00fck<\/li>\n<p>n \t<\/p>\n<li>A legt\u00f6bb utaz\u00f3 r\u00e9szt vehet<\/li>\n<p>n<\/ol>\n<p>n<\/p>\n<h4><b><i>Lemond\u00e1si felt\u00e9telek<\/i><\/b><\/h4>\n<p>A teljes visszat\u00e9r\u00edt\u00e9s\u00e9rt k\u00e9rj\u00fck, olvassa el lemond\u00e1si szab\u00e1lyzatunkat\u00a0<a href=\"https:\/\/www.boattoursamana.com\/hu\/online-foglalas\/\" target=\"_blank\" rel=\"noopener\" data-saferedirecturl=\"https:\/\/www.google.com\/url?q=https:\/\/www.boattoursamana.com\/online-booking\/&amp;source=gmail&amp;ust=1672532492004000&amp;usg=AOvVaw3ylqI1cdbIPTimEqEWneyd\">Kattints ide<\/a>. Az \u00f6sszeg elveszik, ha a foglal\u00e1st az utaz\u00e1s napj\u00e1n lemondj\u00e1k.<br \/>\nn<br \/>\nn<\/div>\n<p>n\n<\/p><\/div>\n<p>n\n<\/p><\/div>\n<p>n\n<\/p><\/div>\n<p>n\n<\/p><\/div>\n<p>n\n<\/p><\/div>\n<p>n\n<\/p><\/div>\n<p>n\n<\/p><\/div>\n<p>n\n<\/p><\/div>\n<p>n\n<\/p><\/div>\n<p>n\n<\/p><\/div>\n<p>n\n<\/p><\/div>\n<p>n<\/p>\n<div class=\"vc_row wpb_row vc_row-fluid\">\nn<\/p>\n<div class=\"wpb_column vc_column_container vc_col-sm-12\">\nn<\/p>\n<div class=\"vc_column-inner\">\nn<\/p>\n<div class=\"wpb_wrapper\">\nn<\/p>\n<div class=\"vc_empty_space\"><\/div>\n<p>n<\/p>\n<div class=\"wpb_text_column wpb_content_element\">\nn<\/p>\n<div class=\"wpb_wrapper\">\nn<\/p>\n<h4>L\u00e9pjen kapcsolatba vel\u00fcnk?<\/h4>\n<p>n<\/p>\n<h5><b><i>Kalandok foglal\u00e1sa<\/i><\/b><\/h5>\n<p>n<em><strong>Helyiek<\/strong>\u00a0\u00e9s\u00a0<strong>Nemzetiek<\/strong>\u00a0Idegenvezet\u0151k \u00e9s vend\u00e9gszolg\u00e1ltat\u00e1sok<\/em><br \/>\nn<br \/>\nn<span class=\"text-turquoise\">Foglal\u00e1sok:<\/span>\u00a0T\u00far\u00e1k \u00e9s kir\u00e1ndul\u00e1sok Dom. Ism\u00e9tl\u00e9s.<br \/>\nn<br \/>\nn<img decoding=\"async\" class=\"emoji\" src=\"https:\/\/s.w.org\/images\/core\/emoji\/11.2.0\/svg\/1f4de.svg\" alt=\" \" title=\"\">\u00a0Tel \/ Whatsapp\u00a0\u00a0<a href=\"tel:+1-809-720-6035\">+1-809-720-6035<\/a>.<br \/>\nn<br \/>\nn<img decoding=\"async\" class=\"emoji\" src=\"https:\/\/s.w.org\/images\/core\/emoji\/11.2.0\/svg\/1f4e9.svg\" alt=\" \" title=\"\">\u00a0<a href=\"mailto:info@bookingadventures.com.do\">info@bookingadventures.com.do<\/a><br \/>\nn<br \/>\nn<strong>Rugalmasan \u00e1ll\u00edtjuk be a Whatsapp priv\u00e1t t\u00far\u00e1it:\u00a0<a href=\"tel:+18097206035\">+18097206035.<\/a><\/strong><br \/>\nn<br \/>\nn<\/div>\n<p>n\n<\/p><\/div>\n<p>n\n<\/p><\/div>\n<p>n\n<\/p><\/div>\n<p>n\n<\/p><\/div>\n<p>n\n<\/p><\/div>\n<p>n<\/p>\n\n\t\t<\/div>\n\t<\/div>\n<div class=\"vc_btn3-container vc_btn3-inline\" ><button class=\"vc_general vc_btn3 vc_btn3-size-md vc_btn3-shape-rounded vc_btn3-style-modern vc_btn3-color-green\">FOGLALD LE MOST<\/button><\/div><\/div><\/div><\/div><\/div><div class=\"vc_row wpb_row vc_row-fluid\" ><div class=\"wpb_column vc_column_container vc_col-sm-12\"><div class=\"vc_column-inner\"><div class=\"wpb_wrapper\"><\/div><\/div><\/div><\/div>","protected":false},"excerpt":{"rendered":"<p>Tiny Catalina Island (Isla Catalina), just 1.5 miles (2.4 kilometers) off the Dominican Republic\u2019s mainland, is an idyllic sandy speck in the turquoise Caribbean waters. Known for its well-populated coral reefs, Catalina is a peaceful respite for those looking to escape bustling Punta Cana and La Romana. n nBook a day trip with us. Catalina Island in a Party Catamaran with Snorkeling! n n&nbsp; n nPlease Select the date for The Excursion: &nbsp;<\/p>","protected":false},"author":2,"featured_media":0,"parent":0,"menu_order":0,"comment_status":"open","ping_status":"closed","template":"","meta":{"footnotes":""},"class_list":["post-15772","page","type-page","status-publish","hentry"],"_links":{"self":[{"href":"https:\/\/www.boattoursamana.com\/hu\/wp-json\/wp\/v2\/pages\/15772","targetHints":{"allow":["GET"]}}],"collection":[{"href":"https:\/\/www.boattoursamana.com\/hu\/wp-json\/wp\/v2\/pages"}],"about":[{"href":"https:\/\/www.boattoursamana.com\/hu\/wp-json\/wp\/v2\/types\/page"}],"author":[{"embeddable":true,"href":"https:\/\/www.boattoursamana.com\/hu\/wp-json\/wp\/v2\/users\/2"}],"replies":[{"embeddable":true,"href":"https:\/\/www.boattoursamana.com\/hu\/wp-json\/wp\/v2\/comments?post=15772"}],"version-history":[{"count":0,"href":"https:\/\/www.boattoursamana.com\/hu\/wp-json\/wp\/v2\/pages\/15772\/revisions"}],"wp:attachment":[{"href":"https:\/\/www.boattoursamana.com\/hu\/wp-json\/wp\/v2\/media?parent=15772"}],"curies":[{"name":"wp","href":"https:\/\/api.w.org\/{rel}","templated":true}]}}