{"id":15790,"date":"2023-07-15T07:43:59","date_gmt":"2023-07-15T07:43:59","guid":{"rendered":"https:\/\/www.ticketswhales.com\/samana-day-trip-from-bayahibe-el-limon-waterfall-and-bacardi-island\/"},"modified":"2023-07-15T07:43:59","modified_gmt":"2023-07-15T07:43:59","slug":"samana-day-trip-from-bayahibe-el-limon-waterfall-and-bacardi-island","status":"publish","type":"page","link":"https:\/\/www.boattoursamana.com\/hu\/samana-egynapos-kirandulas-a-bayahibe-el-limon-vizesestol-es-a-bacardi-szigettol","title":{"rendered":"Saman\u00e1 egynapos kir\u00e1ndul\u00e1s Bayahibe - El Lim\u00f3n v\u00edzes\u00e9s \u00e9s Bacardi-sziget k\u00f6z\u00f6tt"},"content":{"rendered":"<p><span style=\"vertical-align: inherit;\"><span style=\"vertical-align: inherit;\">Si est\u00e1s en Punta Cana o B\u00e1varo y quieres hacer una excursi\u00f3n de un d\u00eda pagando menos de lo habitual, reserva este viaje. <\/span><span style=\"vertical-align: inherit;\">Dentro de este viaje, lo llevaremos a Samana, donde en un catamar\u00e1n, lo llevar\u00e1n a Sabana de la Mar, un municipio de Hato Mayor, la casa del Parque Nacional Los Haitises. <\/span><span style=\"vertical-align: inherit;\">Este viaje incluye Safari Tour, Catamar\u00e1n, Cascada y nataci\u00f3n en la playa \u00e9s m\u00e1s. <\/span><span style=\"vertical-align: inherit;\">El viaje comienza a las 6:00 am y termina a las 18:30. <\/span><span style=\"vertical-align: inherit;\">\u00a1No te lo pierdas!<\/span><\/span><br \/>\nn<br \/>\nn&nbsp;<br \/>\nn<br \/>\nn&nbsp;<br \/>\nn<br \/>\nn<strong><span style=\"vertical-align: inherit;\"><span style=\"vertical-align: inherit;\">Selectione la fecha para el tour\u00a0<\/span><\/span><\/strong><\/p>\n<p>&nbsp;<\/p>\n<div class=\"vc_row wpb_row vc_row-fluid\" ><div class=\"wpb_column vc_column_container vc_col-sm-12\"><div class=\"vc_column-inner\"><div class=\"wpb_wrapper\"><div class=\"mkdf-section-title-holder\" style=\"text-align: left\">\n\t<div class=\"mkdf-st-inner\">\n\t\t\t\t\t<h5 class=\"mkdf-st-subtitle\" >\n\t\t\t\t(\u00e1tv\u00e9tel a Bayahibe sz\u00e1llod\u00e1kban)\t\t\t<\/h5>\n\t\t\t\t\t\t\t<h3 class=\"mkdf-st-title\" >\n\t\t\t\tSamana egynapos kir\u00e1ndul\u00e1s Bayahibe - El Limon v\u00edzes\u00e9s \u00e9s Bacardi-sziget k\u00f6z\u00f6tt\t\t\t<\/h3>\n\t\t\t\t\t<\/div>\n<\/div><\/div><\/div><\/div><\/div><div class=\"vc_row wpb_row vc_row-fluid\" ><div class=\"wpb_column vc_column_container vc_col-sm-12\"><div class=\"vc_column-inner\"><div class=\"wpb_wrapper\">\n\t<div class=\"wpb_text_column wpb_content_element\" >\n\t\t<div class=\"wpb_wrapper\">\n\t\t\t<p>\nn<\/p>\n<h4><b><i>\u00c1ttekint\u00e9s <\/i><\/b><\/h4>\n<p>nIf you are in Bayahibe, Punta Cana or Bavaro, and wants to have a day trip paying less than usual, go ahead and book this trip. Within this trip, we will take you to Samana, where on a catamaran, you will be taken to Sabana de la Mar, a township of Hato Mayor the house of \u00a0Los Haitises National Park. This journey includes visiting the communities of Samana and El Limon where you will be able to do Horse Riding or Hiking to a waterfall right after crossing Samana Bay. The lunch will be served at Bacardi Island. The trips begins at 6:00am and ends by 6:30pm. Do your reservation now!<br \/>\nn<br \/>\nnAfter this experience,\u00a0 we will drop you off at Your Hotel.<br \/>\nn<\/p>\n<ul>\nn \t<\/p>\n<li style=\"font-weight: 400;\">A d\u00edjak benne vannak<\/li>\n<p>n \t<\/p>\n<li>Eb\u00e9d a tengerparton tartalmazza<\/li>\n<p>n \t<\/p>\n<li>Transzfert tartalmaz<\/li>\n<p>n \t<\/p>\n<li style=\"font-weight: 400;\"><span style=\"font-weight: 400;\">Az \u00fatmutat\u00f3 oktat\u00e1st \u00e9s fel\u00fcgyeletet biztos\u00edt<\/span><\/li>\n<p>n<\/ul>\n<p>n&nbsp;<br \/>\nn<\/p>\n<h4><b>Befoglal\u00e1sok \u00e9s kiz\u00e1r\u00e1sok<\/b><\/h4>\n<p>n&nbsp;<br \/>\nn<br \/>\nn<b>Z\u00e1rv\u00e1nyok<\/b><br \/>\nn<br \/>\nn&nbsp;<br \/>\nn<\/p>\n<ol>\nn \t<\/p>\n<li style=\"font-weight: 400;\">Sz\u00e1llodai \u00e1tv\u00e9tel<\/li>\n<p>n \t<\/p>\n<li style=\"font-weight: 400;\">Saman\u00e1-\u00f6b\u00f6l<\/li>\n<p>n \t<\/p>\n<li>Bacardi-sziget, strand \u00e9s eb\u00e9d<\/li>\n<p>n \t<\/p>\n<li>Szafari El Lim\u00f3nba<\/li>\n<p>n \t<\/p>\n<li>Lovagl\u00e1s vagy t\u00far\u00e1z\u00e1s a v\u00edzes\u00e9sekhez<\/li>\n<p>n \t<\/p>\n<li>Dominikai kokt\u00e9lok<\/li>\n<p>n \t<\/p>\n<li style=\"font-weight: 400;\"><span style=\"font-weight: 400;\">Minden ad\u00f3, d\u00edj \u00e9s kezel\u00e9si k\u00f6lts\u00e9g<\/span><\/li>\n<p>n \t<\/p>\n<li style=\"font-weight: 400;\"><span style=\"font-weight: 400;\">Helyi ad\u00f3k<\/span><\/li>\n<p>n \t<\/p>\n<li style=\"font-weight: 400;\"><span style=\"font-weight: 400;\">Italok<\/span><\/li>\n<p>n \t<\/p>\n<li style=\"font-weight: 400;\"><span style=\"font-weight: 400;\">Minden tev\u00e9kenys\u00e9g<\/span><\/li>\n<p>n \t<\/p>\n<li style=\"font-weight: 400;\"><span style=\"font-weight: 400;\">Helyi idegenvezet\u0151<\/span><\/li>\n<p>n<\/ol>\n<p>n<b> Kiz\u00e1r\u00e1sok<\/b><br \/>\nn<\/p>\n<ol>\nn \t<\/p>\n<li style=\"font-weight: 400;\"><span style=\"font-weight: 400;\">h\u00e1lap\u00e9nz<\/span><\/li>\n<p>n \t<\/p>\n<li style=\"font-weight: 400;\"><span style=\"font-weight: 400;\">Alkoholos italok kokt\u00e9lok ut\u00e1n\u00a0<\/span><\/li>\n<p>n<\/ol>\n<p>n&nbsp;<br \/>\nn<\/p>\n<h4><em><strong>Indul\u00e1s \u00e9s vissza\u00fat<\/strong><\/em><\/h4>\n<p>n<span style=\"font-weight: 400;\">A Foglal\u00e1si folyamat ut\u00e1n az utaz\u00f3 tal\u00e1lkoz\u00e1si pontot kap. A t\u00far\u00e1k tal\u00e1lkoz\u00e1si pontjainkon indulnak \u00e9s fejez\u0151dnek be.<\/span><br \/>\nn<br \/>\nn&nbsp;<br \/>\nn<\/p>\n<h3>Samana napi kir\u00e1ndul\u00e1s Bayahibe - El Limon v\u00edzes\u00e9s \u00e9s Bacardi-sziget k\u00f6z\u00f6tt<\/h3>\n<p>n<\/p>\n<h4><b><i>Mi v\u00e1rhat\u00f3?<\/i><\/b><\/h4>\n<p>n&nbsp;<br \/>\nn<br \/>\nn<strong>Szerezze meg jegyeit most<\/strong>. A v\u00edzes\u00e9sek, lovagl\u00e1s, t\u00far\u00e1z\u00e1s \u00e9s szafari t\u00fara, \u00fasz\u00e1s a Natural Springsben, eb\u00e9d a Bacardi-szigeten \u00e9s m\u00e1s sz\u00f3rakoztat\u00f3 programok v\u00e1rnak r\u00e1d.<br \/>\nn<br \/>\nnDeparting Bayahibe on a bus, we will head to Samana Bay port. Once at the port, we will get onboard of a boat or Catamaran with local tour guides who will direct you to the community of Samana. In this community a Safari Tour will take you around teaching you about the history of this town. \u00a0But this is not all, El Limon waterfall is next, here you will be able swim and hike or do horse riding. \u00a0El Limon waterfall is a fantastic natural monument with a tropical forest and clear natural springs. On the way back to Samana we will have a stop at Bacardi Island where a lunch will be served and you are going to be able to swim in one of the most natural pools of Dominican Republic.<br \/>\nn<br \/>\nn&nbsp;<br \/>\nn<br \/>\nnIn case you would like to adjust this trip so it is shorter or longer, please contact us.<br \/>\nn<br \/>\nn&nbsp;<br \/>\nn<\/p>\n<h4><em><strong>Mit kell vinni?<\/strong><\/em><\/h4>\n<p>n<\/p>\n<ul>\nn \t<\/p>\n<li style=\"font-weight: 400;\"><span style=\"font-weight: 400;\">Kamera<\/span><\/li>\n<p>n \t<\/p>\n<li style=\"font-weight: 400;\"><span style=\"font-weight: 400;\">Riaszt\u00f3 bimb\u00f3k<\/span><\/li>\n<p>n \t<\/p>\n<li style=\"font-weight: 400;\"><span style=\"font-weight: 400;\">naptej<\/span><\/li>\n<p>n \t<\/p>\n<li style=\"font-weight: 400;\"><span style=\"font-weight: 400;\">Kalap<\/span><\/li>\n<p>n \t<\/p>\n<li style=\"font-weight: 400;\"><span style=\"font-weight: 400;\">K\u00e9nyelmes nadr\u00e1g<\/span><\/li>\n<p>n \t<\/p>\n<li style=\"font-weight: 400;\"><span style=\"font-weight: 400;\">Erdei t\u00faracip\u0151<\/span><\/li>\n<p>n \t<\/p>\n<li style=\"font-weight: 400;\"><span style=\"font-weight: 400;\">Szand\u00e1lok a tavaszi ter\u00fcletekre.<\/span><\/li>\n<p>n \t<\/p>\n<li style=\"font-weight: 400;\"><span style=\"font-weight: 400;\">\u00dasz\u00f3ruha<\/span><\/li>\n<p>n<\/ul>\n<p>n&nbsp;<br \/>\nn<\/p>\n<h4><b><i>Sz\u00e1llodai \u00e1tv\u00e9tel <\/i><\/b><\/h4>\n<p>n<span style=\"font-weight: 400;\">Utaz\u00f3i \u00e1tv\u00e9tel biztos\u00edtott!<\/span><br \/>\nn<br \/>\nn<span style=\"font-weight: 400;\">Bayahibe \u00f6sszes sz\u00e1llod\u00e1j\u00e1b\u00f3l felvesz\u00fcnk. Az \u00e1tv\u00e9tel helye a Hotel Lobby<br \/>\nnHa a k\u00f6rny\u00e9ken l\u00e9v\u0151 t\u00e1rsash\u00e1zban tart\u00f3zkodik, a lak\u00e1sban vagy a legk\u00f6zelebbi \u00fcd\u00fcl\u0151hely bej\u00e1rat\u00e1n\u00e1l felvessz\u00fck \u00d6nt. A Pick up felveszi vel\u00fcnk a kapcsolatot Whatsappon kereszt\u00fcl.<\/span><br \/>\nn<br \/>\nn<b>Jegyzet:<\/b><span style=\"font-weight: 400;\"> Ha a t\u00fara\/kir\u00e1ndul\u00e1s indul\u00e1si id\u0151pontj\u00e1t\u00f3l sz\u00e1m\u00edtott 24 \u00f3r\u00e1n bel\u00fcl foglal, fel\u00e1r ellen\u00e9ben meg tudjuk szervezni a sz\u00e1llodai \u00e1tv\u00e9telt. Amint a v\u00e1s\u00e1rl\u00e1s befejez\u0151d\u00f6tt, elk\u00fcldj\u00fck \u00d6nnek a helyi idegenvezet\u0151nk teljes el\u00e9rhet\u0151s\u00e9gi adatait (telefonsz\u00e1m, e-mail c\u00edm stb.), hogy megszervezhess\u00fck az \u00e1tv\u00e9tel megszervez\u00e9s\u00e9t.<\/span><br \/>\nn<\/p>\n<h4><b><i>Tov\u00e1bbi inform\u00e1ci\u00f3k meger\u0151s\u00edt\u00e9se <\/i><\/b><\/h4>\n<p>n<\/p>\n<ol>\nn \t<\/p>\n<li>A jegyek a t\u00fara befizet\u00e9s\u00e9t k\u00f6vet\u0151 nyugt\u00e1k. A fizet\u00e9st a telefonon tudod megjelen\u00edteni.<\/li>\n<p>n \t<\/p>\n<li style=\"font-weight: 400;\"><span style=\"font-weight: 400;\">A tal\u00e1lkoz\u00e1si pontot a foglal\u00e1si folyamat ut\u00e1n veszik \u00e1t.<\/span><\/li>\n<p>n \t<\/p>\n<li style=\"font-weight: 400;\"><span style=\"font-weight: 400;\">A gyermekeket feln\u0151tt k\u00eds\u00e9ret\u00e9ben kell biztos\u00edtani.<\/span><\/li>\n<p>n \t<\/p>\n<li style=\"font-weight: 400;\"><span style=\"font-weight: 400;\"> Kerekessz\u00e9kkel nem megk\u00f6zel\u00edthet\u0151 <\/span><\/li>\n<p>n \t<\/p>\n<li style=\"font-weight: 400;\"><span style=\"font-weight: 400;\">A csecsem\u0151knek \u00f6lben kell \u00fclni\u00fck <\/span><\/li>\n<p>n \t<\/p>\n<li style=\"font-weight: 400;\"><span style=\"font-weight: 400;\">H\u00e1tprobl\u00e9m\u00e1kkal k\u00fczd\u0151 utaz\u00f3knak nem aj\u00e1nlott<\/span><\/li>\n<p>n \t<\/p>\n<li style=\"font-weight: 400;\"><span style=\"font-weight: 400;\">Terhes utaz\u00f3knak nem aj\u00e1nlott <\/span><\/li>\n<p>n \t<\/p>\n<li style=\"font-weight: 400;\"><span style=\"font-weight: 400;\"> Nincsenek sz\u00edvprobl\u00e9m\u00e1k vagy egy\u00e9b s\u00falyos eg\u00e9szs\u00e9g\u00fcgyi \u00e1llapotok <\/span><\/li>\n<p>n \t<\/p>\n<li style=\"font-weight: 400;\"><span style=\"font-weight: 400;\">A legt\u00f6bb utaz\u00f3 r\u00e9szt vehet<\/span><\/li>\n<p>n<\/ol>\n<p>n<\/p>\n<h4><b><i>Lemond\u00e1si felt\u00e9telek<\/i><\/b><\/h4>\n<p>A teljes visszat\u00e9r\u00edt\u00e9s\u00e9rt k\u00e9rj\u00fck, olvassa el lemond\u00e1si szab\u00e1lyzatunkat\u00a0<a href=\"https:\/\/www.boattoursamana.com\/hu\/online-foglalas\/\" target=\"_blank\" rel=\"noopener\" data-saferedirecturl=\"https:\/\/www.google.com\/url?q=https:\/\/www.boattoursamana.com\/online-booking\/&amp;source=gmail&amp;ust=1672449202351000&amp;usg=AOvVaw1yAeVAPktmaVCqDujgUn90\">Kattints ide<\/a>. Az \u00f6sszeg elveszik, ha a foglal\u00e1st az utaz\u00e1s napj\u00e1n lemondj\u00e1k.<\/p>\n\n\t\t<\/div>\n\t<\/div>\n<\/div><\/div><\/div><\/div><div class=\"vc_row wpb_row vc_row-fluid\" ><\/div><div class=\"wpb_column vc_column_container vc_col-sm-12\"><div class=\"vc_column-inner\"><div class=\"wpb_wrapper\"><\/div><\/div><\/div><div class=\"vc_empty_space\"   style=\"height: 32px\"><span class=\"vc_empty_space_inner\"><\/span><\/div>\n\t<div class=\"wpb_text_column wpb_content_element\" >\n\t\t<div class=\"wpb_wrapper\">\n\t\t\t<p>\nn<br \/>\nn Sz\u00f6vegblokk vagyok. A sz\u00f6veg m\u00f3dos\u00edt\u00e1s\u00e1hoz kattintson a Szerkeszt\u00e9s gombra. Lorem ipsum dolor sit amet, consectetur adipiscing elit. Ut elit tellus, luctus nec ullamcorper mattis, pulvinar dapibus leo.<br \/>\nn<br \/>\nn<\/p>\n\n\t\t<\/div>\n\t<\/div>\n<div class=\"vc_empty_space\"   style=\"height: 32px\"><span class=\"vc_empty_space_inner\"><\/span><\/div>","protected":false},"excerpt":{"rendered":"<p>Si est\u00e1s en Punta Cana o B\u00e1varo y quieres hacer una excursi\u00f3n de un d\u00eda pagando menos de lo habitual, reserva este viaje. Dentro de este viaje, lo llevaremos a Samana, donde en un catamar\u00e1n, lo llevar\u00e1n a Sabana de la Mar, un municipio de Hato Mayor, la casa del Parque Nacional Los Haitises. Este viaje incluye Safari Tour, Catamar\u00e1n, Cascada y nataci\u00f3n en la playa, y m\u00e1s. El viaje comienza a las 6:00 am y termina a las 6:30 [&hellip;]<\/p>\n","protected":false},"author":2,"featured_media":0,"parent":0,"menu_order":0,"comment_status":"open","ping_status":"closed","template":"","meta":{"footnotes":""},"class_list":["post-15790","page","type-page","status-publish","hentry"],"_links":{"self":[{"href":"https:\/\/www.boattoursamana.com\/hu\/wp-json\/wp\/v2\/pages\/15790","targetHints":{"allow":["GET"]}}],"collection":[{"href":"https:\/\/www.boattoursamana.com\/hu\/wp-json\/wp\/v2\/pages"}],"about":[{"href":"https:\/\/www.boattoursamana.com\/hu\/wp-json\/wp\/v2\/types\/page"}],"author":[{"embeddable":true,"href":"https:\/\/www.boattoursamana.com\/hu\/wp-json\/wp\/v2\/users\/2"}],"replies":[{"embeddable":true,"href":"https:\/\/www.boattoursamana.com\/hu\/wp-json\/wp\/v2\/comments?post=15790"}],"version-history":[{"count":0,"href":"https:\/\/www.boattoursamana.com\/hu\/wp-json\/wp\/v2\/pages\/15790\/revisions"}],"wp:attachment":[{"href":"https:\/\/www.boattoursamana.com\/hu\/wp-json\/wp\/v2\/media?parent=15790"}],"curies":[{"name":"wp","href":"https:\/\/api.w.org\/{rel}","templated":true}]}}