{"id":15803,"date":"2023-07-15T07:43:59","date_gmt":"2023-07-15T07:43:59","guid":{"rendered":"https:\/\/www.ticketswhales.com\/27-waterfalls-buggies-hiking-and-swimming\/"},"modified":"2023-07-15T07:43:59","modified_gmt":"2023-07-15T07:43:59","slug":"27-waterfalls-buggies-hiking-and-swimming","status":"publish","type":"page","link":"https:\/\/www.boattoursamana.com\/hu\/27-vizeses-buggies-turazas-es-uszas","title":{"rendered":"27 v\u00edzes\u00e9s Buggies (t\u00far\u00e1z\u00e1s \u00e9s \u00fasz\u00e1s)"},"content":{"rendered":"<p><span style=\"vertical-align: inherit;\"><span style=\"vertical-align: inherit;\"><span style=\"vertical-align: inherit;\"><span style=\"vertical-align: inherit;\">Esta excursi\u00f3n desde 27 cascadas de Damajagua en Puerto Plata, Almuerzo y Excursi\u00f3n por las 27 cascadas, caminata y salto al r\u00edo.<\/span><\/span><\/span><\/span><br \/>\nn<br \/>\nn<span style=\"vertical-align: inherit;\"><span style=\"vertical-align: inherit;\"><span style=\"vertical-align: inherit;\"><span style=\"vertical-align: inherit;\">Viaje Ecol\u00f3gico a las 27 cascadas de Puerto Plata. <\/span><\/span><\/span><span style=\"vertical-align: inherit;\"><span style=\"vertical-align: inherit;\"><span style=\"vertical-align: inherit;\">Obtenga sus boletos para una excursi\u00f3n de medio d\u00eda aqu\u00ed en la Cascada 27 de Damajagua. <\/span><\/span><\/span><span style=\"vertical-align: inherit;\"><span style=\"vertical-align: inherit;\"><span style=\"vertical-align: inherit;\">Los boletos de ingreso con almuerzo y excursi\u00f3n incluyen salto y nado en las cascadas m\u00e1s hermosas de la Rep\u00fablica Dominicana. <\/span><\/span><\/span><span style=\"vertical-align: inherit;\"><span style=\"vertical-align: inherit;\"><span style=\"vertical-align: inherit;\">Caminata y nataci\u00f3n con equipo de seguridad para tener la mejor experiencia!<\/span><\/span><\/span><\/span><br \/>\nn<br \/>\nn&nbsp;<br \/>\nn<br \/>\nn<strong><span style=\"vertical-align: inherit;\"><span style=\"vertical-align: inherit;\"><span style=\"vertical-align: inherit;\"><span style=\"vertical-align: inherit;\">Selectione la fecha para el Tour:\u00a0<\/span><\/span><\/span><\/span><\/strong><\/p>\n<p>&nbsp;<\/p>\n<div class=\"vc_row wpb_row vc_row-fluid\" ><div class=\"wpb_column vc_column_container vc_col-sm-12\"><div class=\"vc_column-inner\"><div class=\"wpb_wrapper\"><div class=\"mkdf-section-title-holder\" style=\"text-align: left\">\n\t<div class=\"mkdf-st-inner\">\n\t\t\t\t\t<h5 class=\"mkdf-st-subtitle\" >\n\t\t\t\tTartalmazza az eb\u00e9det\t\t\t<\/h5>\n\t\t\t\t\t\t\t<h3 class=\"mkdf-st-title\" >\n\t\t\t\t27 Waterfalls Buggies Tour Puerto Plata\t\t\t<\/h3>\n\t\t\t\t\t<\/div>\n<\/div><div class=\"vc_message_box vc_message_box-standard vc_message_box-rounded vc_color-info\" ><div class=\"vc_message_box-icon\"><i class=\"fas fa-info-circle\"><\/i><\/div><p>Foglaljon csak bel\u00e9p\u0151jegyet vagy transzferrel: <a href=\"https:\/\/www.boattoursamana.com\/hu\/?s=27+waterfalls&amp;post_type=product&amp;dgwt_wcas=1\">Kattints ide.<\/a><\/p>\n<\/div><div class=\"vc_empty_space\"   style=\"height: 32px\"><span class=\"vc_empty_space_inner\"><\/span><\/div><\/div><\/div><\/div><\/div><div class=\"vc_row wpb_row vc_row-fluid\" ><div class=\"wpb_column vc_column_container vc_col-sm-12\"><div class=\"vc_column-inner\"><div class=\"wpb_wrapper\">\n\t<div class=\"wpb_text_column wpb_content_element\" >\n\t\t<div class=\"wpb_wrapper\">\n\t\t\t<p>\nn<\/p>\n<h2 class=\"ui_header h1 attractions-product-info-ProductTitle__title--1qM0o\">27 Waterfalls Buggies Tour Puerto Plata<\/h2>\n<p>n<b><i>\u00c1ttekint\u00e9s <\/i><\/b><br \/>\nn<br \/>\nnVegye meg jegy\u00e9t a buggiesre Puerto Plat\u00e1ban a legalacsonyabb damajagua v\u00edzes\u00e9sek \u00e1r\u00e1n. Damajagua ter\u00fcletek a legjobb <strong data-key=\"puerto plata waterfall excursion\">Puerto Plata v\u00edzes\u00e9s kir\u00e1ndul\u00e1s.\u00a0<\/strong><br \/>\nn<br \/>\nnNincs izgalmasabb m\u00f3dja a vad dominikai vid\u00e9k felfedez\u00e9s\u00e9nek, mint egy ilyen babakocsi a helyiek \u00e1ltal szervezett t\u00far\u00e1n. Tegyen terepp\u00e1ly\u00e1kat 27 v\u00edzes\u00e9ssel rendelkez\u0151 erd\u0151ter\u00fcleten a h\u00e1tt\u00e9rben, \u00e9s \u00fasszon egy foly\u00f3ban vagy a tengerparton ezen a f\u00e9lnapos reggeli kalandon.<br \/>\nn<br \/>\nn Szak\u00e9rt\u0151i instrukci\u00f3k ut\u00e1n itt az ideje, hogy nekiv\u00e1gjunk a vid\u00e9knek. P\u00e1lmaligetek, rusztikus term\u0151f\u00f6ldek \u00e9s falvak mellett halad el, mik\u00f6zben lefel\u00e9 halad a poros, dzsungel \u00f6sv\u00e9nyein \u2013 j\u00f3csk\u00e1n a kitaposott \u00f6sv\u00e9nyen.<br \/>\nn<br \/>\nnVan n\u00e9h\u00e1ny boxki\u00e1ll\u00e1s, ahol felkaphatsz egy friss k\u00f3kuszt az \u00fatra, ha szomjas vagy. Ezenk\u00edv\u00fcl \u00edgy vagy \u00fagy bepiszkol\u00f3dhat, ez\u00e9rt hozd magaddal f\u00fcrd\u0151ruh\u00e1dat, \u00e9s h\u0171s\u00f6dj le a tengerparton vagy a term\u00e9szetes foly\u00f3n\u00e1l \u2013 ez egy nagyszer\u0171 m\u00f3dja annak, hogy leporold magad. Egy izgalmas napot egy ingyenes j\u00e9ghideg s\u00f6rrel vagy kokt\u00e9llal is elt\u00f6lthet. Vegye fel vel\u00fcnk a kapcsolatot <strong>damajagua v\u00edzes\u00e9sek \u00e9s off-road buggy komb\u00f3<\/strong> .<br \/>\nn<\/p>\n<ul>\nn \t<\/p>\n<li style=\"font-weight: 400;\">A d\u00edjak benne vannak<\/li>\n<p>n \t<\/p>\n<li>Eb\u00e9d<\/li>\n<p>n \t<\/p>\n<li>Snackek<\/li>\n<p>n \t<\/p>\n<li style=\"font-weight: 400;\">Helyi idegenvezet\u0151 angol nyelven<\/li>\n<p>n<\/ul>\n<p>n&nbsp;<br \/>\nn<\/p>\n<h4><b>Befoglal\u00e1sok \u00e9s kiz\u00e1r\u00e1sok<\/b><\/h4>\n<p>n&nbsp;<br \/>\nn<br \/>\nn<b>Z\u00e1rv\u00e1nyok<\/b><br \/>\nn<\/p>\n<ol>\nn \t<\/p>\n<li>Eb\u00e9d<\/li>\n<p>n \t<\/p>\n<li style=\"font-weight: 400;\"><span style=\"font-weight: 400;\">Minden ad\u00f3, d\u00edj \u00e9s kezel\u00e9si k\u00f6lts\u00e9g<\/span><\/li>\n<p>n \t<\/p>\n<li style=\"font-weight: 400;\"><span style=\"font-weight: 400;\">Helyi ad\u00f3k<\/span><\/li>\n<p>n \t<\/p>\n<li style=\"font-weight: 400;\"><span style=\"font-weight: 400;\">Italok<\/span><\/li>\n<p>n \t<\/p>\n<li>Snackek<\/li>\n<p>n \t<\/p>\n<li style=\"font-weight: 400;\"><span style=\"font-weight: 400;\">Minden tev\u00e9kenys\u00e9g<\/span><\/li>\n<p>n \t<\/p>\n<li style=\"font-weight: 400;\"><span style=\"font-weight: 400;\">Helyi idegenvezet\u0151<\/span><\/li>\n<p>n<\/ol>\n<p>n<b> Kiz\u00e1r\u00e1sok<\/b><br \/>\nn<\/p>\n<ol>\nn \t<\/p>\n<li style=\"font-weight: 400;\"><span style=\"font-weight: 400;\">h\u00e1lap\u00e9nz<\/span><\/li>\n<p>n \t<\/p>\n<li>sz\u00e1ll\u00edt\u00e1s (Be\u00e1ll\u00edt\u00e1s: Kapcsolatfelv\u00e9tel)<\/li>\n<p>n \t<\/p>\n<li style=\"font-weight: 400;\"><span style=\"font-weight: 400;\">Alkoholos italok<\/span><\/li>\n<p>n<\/ol>\n<p>n&nbsp;<br \/>\nn<br \/>\nn<em><strong>Indul\u00e1s \u00e9s vissza\u00fat<\/strong><\/em><br \/>\nn<br \/>\nn<span style=\"font-weight: 400;\">A Foglal\u00e1si folyamat ut\u00e1n az utaz\u00f3 tal\u00e1lkoz\u00e1si pontot kap. A t\u00far\u00e1k tal\u00e1lkoz\u00e1si pontjainkon indulnak \u00e9s fejez\u0151dnek be.<\/span><br \/>\nn<\/p>\n<h4><\/h4>\n<p>n<\/p>\n<h3 class=\"ui_header h1 attractions-product-info-ProductTitle__title--1qM0o\">27 v\u00edzes\u00e9s damajagua puerto plata t\u00far\u00e1k kir\u00e1ndul\u00e1sok<\/h3>\n<p>n<b><i>Mi v\u00e1rhat\u00f3?<\/i><\/b><br \/>\nn<\/p>\n<div class=\"apd_content_block\" data-tab=\"TABS_OVERVIEW\"><\/div>\n<p>n<\/p>\n<div data-tab=\"TABS_WHAT_TO_EXPECT\">\nn<\/p>\n<div class=\"ui_card attractions-card-CollapsibleProductDetailsCard__cardContainer--3r2wk attractions-card-CollapsibleProductDetailsCard__cleanslateOverrideDT--2AJh0\">\nn<\/p>\n<div class=\"attractions-card-CollapsibleCard__content--2Ws8q\">\nn<\/p>\n<div class=\"attractions-card-CollapsibleCard__contentWrap--374jk attractions-card-CollapsibleCard__titleUnderline--1uHze\">\nn<\/p>\n<div class=\"attractions-card-CollapsibleProductDetailsCard__cardContent--23ext\">\nn<\/p>\n<div class=\"common-text-ReadMore__readMore--3Iu8c common-text-ReadMore__variantFadeOut--1tInd\">\nn<\/p>\n<div class=\"common-text-ReadMore__content--2X4LR\">\nn<\/p>\n<div class=\"ui_columns is-desktop\">\nn<\/p>\n<div class=\"ui_column\">\nn<br \/>\nnDamajagua Buggy&#039;s<br \/>\nn<br \/>\nnInd\u00edtsuk be motorjainkat, \u00e9s induljunk el egy izgalmas \u00fatvonalon s\u00e1ros \u00f6sv\u00e9nyeken, tr\u00f3pusi erd\u0151k\u00f6n, foly\u00f3kon \u00e9s foly\u00f3kon kereszt\u00fcl. Ez egy m\u00e1sf\u00e9l \u00f3r\u00e1s t\u00fara 10 \u00e9s 15 kilom\u00e9ter k\u00f6z\u00f6tt.<br \/>\nn<br \/>\nnAz els\u0151 meg\u00e1ll\u00f3 a Bajabonico foly\u00f3n\u00e1l lesz Bellaco k\u00f6z\u00f6ss\u00e9gben. \u00datk\u00f6zben felszedhetsz n\u00e9h\u00e1ny gy\u00fcm\u00f6lcs\u00f6t, \u00e9s m\u00e9g a helyiek \u00e1ltal k\u00e9sz\u00edtett Patty-t is eheted.<br \/>\nn<br \/>\nnFolytatjuk a buggyos \u00fatvonalat Bajabonico Arriba k\u00f6z\u00f6ss\u00e9geibe, ahol kipr\u00f3b\u00e1lhatjuk a\u00a0 <strong>damajagua v\u00edzes\u00e9sek v\u00edzh\u0151m\u00e9rs\u00e9klet .<\/strong> Palmar Grande \u00e9s Los Felix. Ha m\u00e1r ezeken a k\u00f6z\u00f6ss\u00e9geken bel\u00fcl vezet\u00fcnk, lass\u00edtanunk kell a sebess\u00e9g\u00fcnket, mert a gyerekek, az \u00e1llatok \u00e9s a helyi emberek norm\u00e1lis \u00e9let\u00fcket \u00e9lik.<br \/>\nnLesz\u00e1llunk a j\u00e1rm\u0171vekr\u0151l \u00e9s lehet\u0151s\u00e9g\u00fcnk ny\u00edlik \u00faszni a foly\u00f3 \u00e9desviz\u00e9ben!<br \/>\nnA vissza\u00faton egy k\u00fcls\u0151 \u00faton haladunk, amelyen egyenk\u00e9nt ak\u00e1r 12-szer is \u00e1tkelhet\u00fcnk a foly\u00f3n.<br \/>\nnV\u00e9g\u00fcl visszat\u00e9r\u00fcnk a tal\u00e1lkoz\u00e1si ponthoz, \u00e9s visszamehetsz a helyedre, \u00e9s besz\u00e9lgethetsz bar\u00e1taiddal err\u0151l a felejthetetlen t\u00far\u00e1r\u00f3l.<br \/>\nn<br \/>\nn<\/div>\n<p>n\n<\/p><\/div>\n<p>n\n<\/p><\/div>\n<p>n\n<\/p><\/div>\n<p>n\n<\/p><\/div>\n<p>n\n<\/p><\/div>\n<p>n\n<\/p><\/div>\n<p>n\n<\/p><\/div>\n<p>n\n<\/p><\/div>\n<p>n<em><strong>Mit kell vinni?<\/strong><\/em><br \/>\nn<\/p>\n<ul>\nn \t<\/p>\n<li style=\"font-weight: 400;\"><span style=\"font-weight: 400;\">Kamera<\/span><\/li>\n<p>n \t<\/p>\n<li style=\"font-weight: 400;\"><span style=\"font-weight: 400;\">Riaszt\u00f3 bimb\u00f3k<\/span><\/li>\n<p>n \t<\/p>\n<li style=\"font-weight: 400;\"><span style=\"font-weight: 400;\">Naptej<\/span><\/li>\n<p>n \t<\/p>\n<li style=\"font-weight: 400;\"><span style=\"font-weight: 400;\">Kalap<\/span><\/li>\n<p>n \t<\/p>\n<li style=\"font-weight: 400;\"><span style=\"font-weight: 400;\">K\u00e9nyelmes nadr\u00e1g<\/span><\/li>\n<p>n \t<\/p>\n<li style=\"font-weight: 400;\"><span style=\"font-weight: 400;\">Erdei t\u00faracip\u0151<\/span><\/li>\n<p>n \t<\/p>\n<li style=\"font-weight: 400;\"><span style=\"font-weight: 400;\">Szand\u00e1lok a tavaszi ter\u00fcletekre.<\/span><\/li>\n<p>n \t<\/p>\n<li style=\"font-weight: 400;\"><span style=\"font-weight: 400;\">\u00dasz\u00f3ruha<\/span><\/li>\n<p>n<\/ul>\n<p>n&nbsp;<br \/>\nn<\/p>\n<h3><b><i>Sz\u00e1llodai \u00e1tv\u00e9tel:\u00a0<\/i><\/b><\/h3>\n<p>n<span style=\"font-weight: 400;\"><strong>A sz\u00e1llodai \u00e1tv\u00e9tel nem<\/strong> felaj\u00e1nlott\u00e1k erre a t\u00far\u00e1ra. Az \u00e1tv\u00e9telt \u00fagy \u00e1ll\u00edtottuk be, hogy felveszi vel\u00fcnk a kapcsolatot a Whatsappon kereszt\u00fcl. Vannak aj\u00e1nlataink arra az esetre, ha \u00e9rkezn\u00e9l <strong>borosty\u00e1n \u00f6b\u00f6l 27 v\u00edzes\u00e9s.\u00a0<\/strong><\/span><br \/>\nn<br \/>\nn&nbsp;<br \/>\nn<br \/>\nn<b>Jegyzet:<\/b><span style=\"font-weight: 400;\"> Ha a t\u00fara\/kir\u00e1ndul\u00e1s indul\u00e1si id\u0151pontj\u00e1t\u00f3l sz\u00e1m\u00edtott 24 \u00f3r\u00e1n bel\u00fcl foglal, fel\u00e1r ellen\u00e9ben meg tudjuk szervezni a sz\u00e1llodai \u00e1tv\u00e9telt. Amint a v\u00e1s\u00e1rl\u00e1s befejez\u0151d\u00f6tt, elk\u00fcldj\u00fck \u00d6nnek a helyi idegenvezet\u0151nk teljes el\u00e9rhet\u0151s\u00e9gi adatait (telefonsz\u00e1m, e-mail c\u00edm stb.), hogy megszervezhess\u00fck az \u00e1tv\u00e9tel megszervez\u00e9s\u00e9t.<\/span><br \/>\nn<br \/>\nn<b><i>Tov\u00e1bbi inform\u00e1ci\u00f3k meger\u0151s\u00edt\u00e9se <\/i><\/b><br \/>\nn<\/p>\n<ol>\nn \t<\/p>\n<li>A jegyek a t\u00fara befizet\u00e9s\u00e9t k\u00f6vet\u0151 nyugt\u00e1k. A fizet\u00e9st a telefonon tudod megjelen\u00edteni.<\/li>\n<p>n \t<\/p>\n<li style=\"font-weight: 400;\"><span style=\"font-weight: 400;\">A tal\u00e1lkoz\u00e1si pontot a foglal\u00e1si folyamat ut\u00e1n veszik \u00e1t.<\/span><\/li>\n<p>n \t<\/p>\n<li style=\"font-weight: 400;\"><span style=\"font-weight: 400;\">A gyermekeket feln\u0151tt k\u00eds\u00e9ret\u00e9ben kell biztos\u00edtani.<\/span><\/li>\n<p>n \t<\/p>\n<li style=\"font-weight: 400;\"><span style=\"font-weight: 400;\"> Kerekessz\u00e9kkel nem megk\u00f6zel\u00edthet\u0151 <\/span><\/li>\n<p>n \t<\/p>\n<li style=\"font-weight: 400;\"><span style=\"font-weight: 400;\">A csecsem\u0151knek \u00f6lben kell \u00fclni\u00fck <\/span><\/li>\n<p>n \t<\/p>\n<li style=\"font-weight: 400;\"><span style=\"font-weight: 400;\">H\u00e1tprobl\u00e9m\u00e1kkal k\u00fczd\u0151 utaz\u00f3knak nem aj\u00e1nlott<\/span><\/li>\n<p>n \t<\/p>\n<li style=\"font-weight: 400;\"><span style=\"font-weight: 400;\">Terhes utaz\u00f3knak nem aj\u00e1nlott <\/span><\/li>\n<p>n \t<\/p>\n<li style=\"font-weight: 400;\"><span style=\"font-weight: 400;\"> Nincsenek sz\u00edvprobl\u00e9m\u00e1k vagy egy\u00e9b s\u00falyos eg\u00e9szs\u00e9g\u00fcgyi \u00e1llapotok <\/span><\/li>\n<p>n \t<\/p>\n<li style=\"font-weight: 400;\"><span style=\"font-weight: 400;\">A legt\u00f6bb utaz\u00f3 r\u00e9szt vehet<\/span><\/li>\n<p>n<\/ol>\n<p>n<\/p>\n<h4><b><i>Lemond\u00e1si felt\u00e9telek<\/i><\/b><\/h4>\n<p>A teljes visszat\u00e9r\u00edt\u00e9s\u00e9rt k\u00e9rj\u00fck, olvassa el lemond\u00e1si szab\u00e1lyzatunkat\u00a0<a href=\"https:\/\/www.boattoursamana.com\/hu\/online-foglalas\/\" target=\"_blank\" rel=\"noopener\" data-saferedirecturl=\"https:\/\/www.google.com\/url?q=https:\/\/www.boattoursamana.com\/online-booking\/&amp;source=gmail&amp;ust=1672449202351000&amp;usg=AOvVaw1yAeVAPktmaVCqDujgUn90\">Kattints ide<\/a>. Az \u00f6sszeg elveszik, ha a foglal\u00e1st az utaz\u00e1s napj\u00e1n lemondj\u00e1k.<br \/>\nn<br \/>\nn&nbsp;<br \/>\nn<br \/>\nn<em><strong>Az emberek a k\u00f6vetkez\u0151kre is keresnek:\u00a0<\/strong><\/em><br \/>\nn<br \/>\n\u00e1ttekint\u00e9s z\u00e1rv\u00e1nyok kiz\u00e1r\u00e1sok indul\u00e1s<br \/>\nn<br \/>\nninclusions kiz\u00e1r\u00e1sok indul\u00e1s vissza<br \/>\nn<br \/>\nndamajagua v\u00edzes\u00e9sek hal\u00e1leset<br \/>\nn<br \/>\nn27 v\u00edzes\u00e9s Dominikai K\u00f6zt\u00e1rsas\u00e1g hal\u00e1la<br \/>\nn<br \/>\nndamajagua v\u00edzes\u00e9sek \u00e1ra<br \/>\nn<br \/>\nn&nbsp;<br \/>\nn<br \/>\nn<\/p>\n\n\t\t<\/div>\n\t<\/div>\n<\/div><\/div><\/div><\/div><div class=\"vc_row wpb_row vc_row-fluid\" ><div class=\"wpb_column vc_column_container vc_col-sm-12\"><div class=\"vc_column-inner\"><div class=\"wpb_wrapper\">\n\t<div class=\"wpb_video_widget wpb_content_element vc_clearfix   vc_video-aspect-ratio-169 vc_video-el-width-100 vc_video-align-left\" >\n\t\t<div class=\"wpb_wrapper\">\n\t\t\t<h2 class=\"wpb_heading wpb_video_heading\">27 Damajagua v\u00edzes\u00e9s t\u00fara Puerto Plat\u00e1b\u00f3l:<\/h2>\n\t\t\t<div class=\"wpb_video_wrapper\"><iframe loading=\"lazy\" title=\"27 Damajagua-v\u00edzes\u00e9s \u2013 Booking Adventures &amp; Travel Dominikai K\u00f6zt\u00e1rsas\u00e1g\" width=\"1100\" height=\"619\" src=\"https:\/\/www.youtube.com\/embed\/AVNh_we_RQE?start=17&feature=oembed\" frameborder=\"0\" allow=\"accelerometer; autoplay; clipboard-write; encrypted-media; gyroscope; picture-in-picture; web-share\" allowfullscreen><\/iframe><\/div>\n\t\t<\/div>\n\t<\/div>\n<\/div><\/div><\/div><\/div><div class=\"vc_row wpb_row vc_row-fluid\" ><\/div><div class=\"wpb_column vc_column_container vc_col-sm-12\"><div class=\"vc_column-inner\"><div class=\"wpb_wrapper\"><\/div><\/div><\/div><div class=\"vc_empty_space\"   style=\"height: 32px\"><span class=\"vc_empty_space_inner\"><\/span><\/div><div class=\"vc_empty_space\"   style=\"height: 32px\"><span class=\"vc_empty_space_inner\"><\/span><\/div>","protected":false},"excerpt":{"rendered":"<p>Esta excursi\u00f3n desde 27 cascadas de Damajagua en Puerto Plata, Almuerzo y Excursi\u00f3n por las 27 cascadas, caminata y salto al r\u00edo. n nViaje Ecol\u00f3gico a las 27 cascadas de Puerto Plata. Obtenga sus boletos para una excursi\u00f3n de medio d\u00eda aqu\u00ed en la Cascada 27 de Damajagua. Los boletos de ingreso con almuerzo y excursi\u00f3n incluyen salto y nado en las cascadas m\u00e1s hermosas de la Rep\u00fablica Dominicana. Caminata y nataci\u00f3n con equipo de seguridad para tener la mejor [&hellip;]<\/p>\n","protected":false},"author":2,"featured_media":0,"parent":0,"menu_order":0,"comment_status":"open","ping_status":"closed","template":"","meta":{"footnotes":""},"class_list":["post-15803","page","type-page","status-publish","hentry"],"_links":{"self":[{"href":"https:\/\/www.boattoursamana.com\/hu\/wp-json\/wp\/v2\/pages\/15803","targetHints":{"allow":["GET"]}}],"collection":[{"href":"https:\/\/www.boattoursamana.com\/hu\/wp-json\/wp\/v2\/pages"}],"about":[{"href":"https:\/\/www.boattoursamana.com\/hu\/wp-json\/wp\/v2\/types\/page"}],"author":[{"embeddable":true,"href":"https:\/\/www.boattoursamana.com\/hu\/wp-json\/wp\/v2\/users\/2"}],"replies":[{"embeddable":true,"href":"https:\/\/www.boattoursamana.com\/hu\/wp-json\/wp\/v2\/comments?post=15803"}],"version-history":[{"count":0,"href":"https:\/\/www.boattoursamana.com\/hu\/wp-json\/wp\/v2\/pages\/15803\/revisions"}],"wp:attachment":[{"href":"https:\/\/www.boattoursamana.com\/hu\/wp-json\/wp\/v2\/media?parent=15803"}],"curies":[{"name":"wp","href":"https:\/\/api.w.org\/{rel}","templated":true}]}}