{"id":15810,"date":"2023-07-15T07:44:18","date_gmt":"2023-07-15T07:44:18","guid":{"rendered":"https:\/\/www.ticketswhales.com\/altos-de-cano-hondo-mountain-bike-tour\/"},"modified":"2023-07-15T07:44:18","modified_gmt":"2023-07-15T07:44:18","slug":"altos-de-cano-hondo-mountain-bike-tour","status":"publish","type":"page","link":"https:\/\/www.boattoursamana.com\/hu\/altos-de-cano-hondo-mountain-bike-tura-2","title":{"rendered":"Altos de Ca\u00f1o Hondo + Mountain Bike Tour"},"content":{"rendered":"<p><span style=\"font-weight: 400;\">A Cano Hondo n\u00e9v a k\u00f6rny\u00e9k helyi gazd\u00e1it\u00f3l sz\u00e1rmazik, \u00e9s ez a n\u00e9v a hely f\u00f6ldrajzi adotts\u00e1gaib\u00f3l ered, ez a hely a tengerszint alatt van, \u00e9s vannak olyan kis forr\u00e1sok, mint a Jivales \u00e9s a Cano Hondo, amelyek k\u00f6zvetlen\u00fcl a f\u00f6ldalatti foly\u00f3b\u00f3l erednek. Los Haitises hegy.\u00a0<\/span><br \/>\nn<br \/>\nn&nbsp;<br \/>\nn<br \/>\nn<span style=\"font-weight: 400;\"><span style=\"vertical-align: inherit;\"><span style=\"vertical-align: inherit;\">Durante esta parte de su viaje, visitar\u00e1 Altos de Cano Hondo, que se encuentra junto al Parque Nacional Los Haitises, uno de los parques nacionales m\u00e1s grandes del pa\u00eds con m\u00e1s de 1600 km2 y una de las formaciones de piedra caliza m\u00e1s grandes del mundo.\u00a0<\/span><\/span><\/span><br \/>\nn<br \/>\nn<span style=\"font-weight: 400;\"><span style=\"vertical-align: inherit;\"><span style=\"vertical-align: inherit;\">Despu\u00e9s de su recorrido a pie por Altos de Cano Hondo, prep\u00e1rese para saltar a las piscinas naturales antes del almuerzo y despu\u00e9s del almuerzo, regresar\u00e1 a Sabana de la Mar. Despu\u00e9s de 4 horas y media de actividades en Cano Hondo, regresaremos. de la Mar, esta excursi\u00f3n finaliza en el mismo lugar en el que comenz\u00f3.<\/span><\/span><\/span><br \/>\nn<br \/>\nn<span style=\"font-weight: 400;\"><span style=\"vertical-align: inherit;\"><span style=\"vertical-align: inherit;\">D.<\/span><\/span><\/span><br \/>\nn<br \/>\nn&nbsp;<br \/>\nn<br \/>\nn<strong><span style=\"vertical-align: inherit;\"><span style=\"vertical-align: inherit;\">Selectione la fecha para el Tour:<\/span><\/span><\/strong><\/p>\n<p>&nbsp;<\/p>\n<div class=\"vc_row wpb_row vc_row-fluid\" ><div class=\"wpb_column vc_column_container vc_col-sm-12\"><div class=\"vc_column-inner\"><div class=\"wpb_wrapper\"><div class=\"vc_empty_space\"   style=\"height: 32px\"><span class=\"vc_empty_space_inner\"><\/span><\/div><\/div><\/div><\/div><\/div><div class=\"vc_row wpb_row vc_row-fluid\" ><div class=\"wpb_column vc_column_container vc_col-sm-12\"><div class=\"vc_column-inner\"><div class=\"wpb_wrapper\"><\/div><\/div><\/div><\/div><div class=\"vc_row wpb_row vc_row-fluid\" ><div class=\"wpb_column vc_column_container vc_col-sm-12\"><div class=\"vc_column-inner\"><div class=\"wpb_wrapper\"><div class=\"vc_empty_space\"   style=\"height: 32px\"><span class=\"vc_empty_space_inner\"><\/span><\/div><\/div><\/div><\/div><\/div><div class=\"vc_row wpb_row vc_row-fluid\" ><div class=\"wpb_column vc_column_container vc_col-sm-12\"><div class=\"vc_column-inner\"><div class=\"wpb_wrapper\"><div class=\"vc_btn3-container vc_btn3-inline\" ><button class=\"vc_general vc_btn3 vc_btn3-size-md vc_btn3-shape-rounded vc_btn3-style-modern vc_btn3-color-green\">FOGLALD LE MOST<\/button><\/div>\n\t<div class=\"wpb_text_column wpb_content_element\" >\n\t\t<div class=\"wpb_wrapper\">\n\t\t\t<p>\nn<\/p>\n<h4><b><i>\u00c1ttekint\u00e9s<\/i><\/b><\/h4>\n<p>n<span style=\"font-weight: 400;\">Utazzon egy helyi szak\u00e9rt\u0151vel, \u00e9s szerezze meg az egyed\u00fcl\u00e1ll\u00f3 ker\u00e9kp\u00e1roz\u00e1si \u00e9lm\u00e9nyt Sabana de la Marb\u00f3l, ez a t\u00fara elvezeti \u00d6nt a Dominikai K\u00f6zt\u00e1rsas\u00e1g gy\u00f6ny\u00f6r\u0171 t\u00e1j\u00e1ra. Ker\u00e9kp\u00e1roz\u00e1s k\u00f6zben k\u00f6sz\u00f6nni fogsz! azoknak a gazd\u00e1knak, akik lovaikkal vagy motorjaikkal az ingatlanukra \u00fclnek, \u00e9s a t\u00fara sor\u00e1n megismerkedhetnek a kalandokkal \u00e9s a helyi kult\u00far\u00e1val Sabana de la Marb\u00f3l. Ezt a v\u00e1rost hivatalosan 1756-ban alap\u00edtotta k\u00f6r\u00fclbel\u00fcl tizenegy (11) csal\u00e1d, akik idej\u00f6ttek. a spanyolorsz\u00e1gi Kan\u00e1ri-szigetekr\u0151l. Sabana de la Mar f\u0151 gazdas\u00e1gi tev\u00e9kenys\u00e9gei a mez\u0151gazdas\u00e1g, az \u00f6koturizmus \u00e9s a hal\u00e1szat.\u00a0<\/span><br \/>\nn<br \/>\nn&nbsp;<br \/>\nn<br \/>\nn<span style=\"font-weight: 400;\">Befoglal\u00e1sok \u00e9s kiz\u00e1r\u00e1sok<\/span><br \/>\nn<br \/>\nn&nbsp;<br \/>\nn<br \/>\nn<span style=\"font-weight: 400;\">Z\u00e1rv\u00e1nyok<\/span><br \/>\nn<br \/>\nn&nbsp;<br \/>\nn<br \/>\nn<span style=\"font-weight: 400;\">Ker\u00e9kp\u00e1roz\u00e1s<\/span><br \/>\nn<br \/>\nnEb\u00e9d a helyiekkel<br \/>\nn<br \/>\nn<span style=\"font-weight: 400;\">Altos de Ca\u00f1o Hondo \u00e9s term\u00e9szetes medenc\u00e9k<\/span><br \/>\nn<br \/>\nn<span style=\"font-weight: 400;\">Minden ad\u00f3, d\u00edj \u00e9s kezel\u00e9si k\u00f6lts\u00e9g<\/span><br \/>\nn<br \/>\nn<span style=\"font-weight: 400;\">Helyi ad\u00f3k<\/span><br \/>\nn<br \/>\nn<span style=\"font-weight: 400;\">Hivatalos \u00d6kol\u00f3gus idegenvezet\u0151k angol\/spanyol nyelven<\/span><br \/>\nn<br \/>\nn&nbsp;<br \/>\nn<br \/>\nn<span style=\"font-weight: 400;\">Kiz\u00e1r\u00e1sok<\/span><br \/>\nn<br \/>\nn&nbsp;<br \/>\nn<br \/>\nn<span style=\"font-weight: 400;\">h\u00e1lap\u00e9nz<\/span><br \/>\nn<br \/>\nn<span style=\"font-weight: 400;\">\u00c1truh\u00e1z\u00e1s<\/span><br \/>\nn<br \/>\nn<span style=\"font-weight: 400;\">Ital<\/span><br \/>\nn<br \/>\nn&nbsp;<br \/>\nn<br \/>\nn<span style=\"font-weight: 400;\">Indul\u00e1s \u00e9s vissza\u00fat<\/span><br \/>\nn<br \/>\nn&nbsp;<br \/>\nn<br \/>\nn<span style=\"font-weight: 400;\">A \u201eBooking Adventures\u201d \u00e1ltal szervezett t\u00fara az idegenvezet\u0151vel megjel\u00f6lt tal\u00e1lkoz\u00e1si pontt\u00f3l indul. A Foglal\u00e1si folyamat ut\u00e1n az utaz\u00f3 tal\u00e1lkoz\u00e1si pontot kap. A t\u00far\u00e1k tal\u00e1lkoz\u00e1si pontjainkon indulnak \u00e9s fejez\u0151dnek be.<\/span><br \/>\nn<br \/>\nn&nbsp;<br \/>\nn<br \/>\nn<span style=\"font-weight: 400;\">Mi v\u00e1rhat\u00f3?<\/span><br \/>\nn<br \/>\nn<span style=\"font-weight: 400;\">Szerezze meg jegy\u00e9t a Biking \u00e9s az Altos de Cano Hondo \u00e9s a Natural Pools programra Sabana de la Marb\u00f3l<\/span><br \/>\nn<br \/>\nn&nbsp;<br \/>\nn<br \/>\nn<span style=\"font-weight: 400;\">Ez a kir\u00e1ndul\u00e1s a tal\u00e1lkoz\u00e1si pontt\u00f3l indul, amelyet meg kell er\u0151s\u00edtenie utaz\u00e1si irod\u00e1nkkal vagy idegenvezet\u0151vel, miel\u0151tt b\u00e1rmely helyre indulna. Miut\u00e1n tal\u00e1lkozik az idegenvezet\u0151vel, besz\u00e1mol a t\u00far\u00e1r\u00f3l \u00e9s mindenr\u0151l, ami a napj\u00e1val kapcsolatos.<\/span><br \/>\nn<br \/>\nn<span style=\"font-weight: 400;\">Amikor mindenki k\u00e9szen \u00e1ll, ir\u00e1ny az Altos de Cano Hondo \u00e9s a Natural Pools, ahol gyalogt\u00far\u00e1t ind\u00edtunk, hogy fel\u00fcgyelj\u00fck a Forbes magazin \u00e1ltal a vil\u00e1g 10 legjobb \u00f6koturisztikai c\u00e9lpontj\u00e1nak egyik\u00e9t e kaland sor\u00e1n, \u00e9s megismerked\u00fcnk az egyed\u00fcl\u00e1ll\u00f3 \u00e9p\u00edt\u00e9szettel. ebb\u0151l az ecolodge-b\u00f3l.\u00a0<\/span><br \/>\nn<br \/>\nn<span style=\"font-weight: 400;\">A Cano Hondo n\u00e9v a k\u00f6rny\u00e9k helyi gazd\u00e1it\u00f3l sz\u00e1rmazik, \u00e9s ez a n\u00e9v a hely f\u00f6ldrajzi adotts\u00e1gaib\u00f3l ered, ez a hely a tengerszint alatt van, \u00e9s vannak olyan kis forr\u00e1sok, mint a Jivales \u00e9s a Cano Hondo, amelyek k\u00f6zvetlen\u00fcl a f\u00f6ldalatti foly\u00f3b\u00f3l erednek. Los Haitises hegy.\u00a0<\/span><br \/>\nn<br \/>\nn<span style=\"font-weight: 400;\">Az utaz\u00e1s ezen r\u00e9sze alatt megl\u00e1togatja Altos de Cano Hond\u00f3t, amely a Los Haitises Nemzeti Park mellett tal\u00e1lhat\u00f3, az orsz\u00e1g egyik legnagyobb nemzeti parkja t\u00f6bb mint 1600 km2-rel \u00e9s a vil\u00e1g egyik legnagyobb m\u00e9szk\u0151k\u00e9pz\u0151dm\u00e9ny\u00e9vel.\u00a0<\/span><br \/>\nn<br \/>\nn&nbsp;<br \/>\nn<br \/>\nn<span style=\"font-weight: 400;\">Az Altos de Cano Hond\u00f3val kapcsolatos s\u00e9ta ut\u00e1n k\u00e9sz\u00fclj\u00f6n fel a term\u00e9szetes medenc\u00e9kben val\u00f3 ugr\u00e1sra eb\u00e9d el\u0151tt, eb\u00e9d ut\u00e1n pedig induljon vissza Sabana de la Marba. 4 \u00f3ra \u00e9s f\u00e9l \u00f3ra Cano Hond\u00f3ban v\u00e9gzett tev\u00e9kenys\u00e9g ut\u00e1n elkezdj\u00fck lovagolni a hegy\u00fcnket. biciklizz vissza Sabana de la Marba, ez a kir\u00e1ndul\u00e1s ugyanott \u00e9r v\u00e9get, ahol indult.<\/span><br \/>\nn<br \/>\nn&nbsp;<br \/>\nn<br \/>\nn<span style=\"font-weight: 400;\">Megjegyz\u00e9s: Ezeket a t\u00far\u00e1kat Officials Ecologist t\u00faravezet\u0151k k\u00eds\u00e9rik. K\u00e9rj\u00fck, id\u0151ben foglaljon, mert a parkban nincs t\u00fal sok szakember.<\/span><br \/>\nn<br \/>\nn&nbsp;<br \/>\nn<br \/>\nn&nbsp;<br \/>\nn<br \/>\nn<span style=\"font-weight: 400;\">Mit kell vinni?<\/span><br \/>\nn<\/p>\n<ul>\nn \t<\/p>\n<li style=\"font-weight: 400;\" aria-level=\"1\"><span style=\"font-weight: 400;\">Kamera<\/span><\/li>\n<p>n \t<\/p>\n<li style=\"font-weight: 400;\" aria-level=\"1\"><span style=\"font-weight: 400;\">Riaszt\u00f3 bimb\u00f3k<\/span><\/li>\n<p>n \t<\/p>\n<li style=\"font-weight: 400;\" aria-level=\"1\"><span style=\"font-weight: 400;\">naptej<\/span><\/li>\n<p>n \t<\/p>\n<li style=\"font-weight: 400;\" aria-level=\"1\"><span style=\"font-weight: 400;\">K\u00e9nyelmes nadr\u00e1g<\/span><\/li>\n<p>n \t<\/p>\n<li style=\"font-weight: 400;\" aria-level=\"1\"><span style=\"font-weight: 400;\">Fut\u00f3cip\u0151\u00a0<\/span><\/li>\n<p>n<\/ul>\n<p>n&nbsp;<br \/>\nn<\/p>\n<h4><b><i>Sz\u00e1llodai \u00e1tv\u00e9tel <\/i><\/b><\/h4>\n<p>n<span style=\"font-weight: 400;\">Ezen a t\u00far\u00e1n nem k\u00edn\u00e1lnak transzfert a sz\u00e1llod\u00e1b\u00f3l. <\/span><br \/>\nn<br \/>\nn<b>Jegyzet:<\/b><span style=\"font-weight: 400;\"> Ha a t\u00fara\/kir\u00e1ndul\u00e1s indul\u00e1si id\u0151pontj\u00e1t\u00f3l sz\u00e1m\u00edtott 24 \u00f3r\u00e1n bel\u00fcl foglal, fel\u00e1r ellen\u00e9ben meg tudjuk szervezni a sz\u00e1llodai \u00e1tv\u00e9telt. Amint a v\u00e1s\u00e1rl\u00e1s befejez\u0151d\u00f6tt, elk\u00fcldj\u00fck \u00d6nnek a helyi idegenvezet\u0151nk teljes el\u00e9rhet\u0151s\u00e9gi adatait (telefonsz\u00e1m, e-mail c\u00edm stb.), hogy megszervezhess\u00fck az \u00e1tv\u00e9tel megszervez\u00e9s\u00e9t.<\/span><br \/>\nn<\/p>\n<h4><b><i>Tov\u00e1bbi inform\u00e1ci\u00f3k meger\u0151s\u00edt\u00e9se <\/i><\/b><\/h4>\n<p>n<\/p>\n<ol>\nn \t<\/p>\n<li>A jegyek a t\u00fara befizet\u00e9s\u00e9t k\u00f6vet\u0151 nyugt\u00e1k. A fizet\u00e9st a telefonon tudod megjelen\u00edteni.<\/li>\n<p>n \t<\/p>\n<li style=\"font-weight: 400;\"><span style=\"font-weight: 400;\">A tal\u00e1lkoz\u00e1si pontot a foglal\u00e1si folyamat ut\u00e1n veszik \u00e1t.<\/span><\/li>\n<p>n \t<\/p>\n<li style=\"font-weight: 400;\"><span style=\"font-weight: 400;\">A gyermekeket feln\u0151tt k\u00eds\u00e9ret\u00e9ben kell biztos\u00edtani.<\/span><\/li>\n<p>n \t<\/p>\n<li style=\"font-weight: 400;\"><span style=\"font-weight: 400;\"> Kerekessz\u00e9kkel nem megk\u00f6zel\u00edthet\u0151 <\/span><\/li>\n<p>n \t<\/p>\n<li style=\"font-weight: 400;\"><span style=\"font-weight: 400;\">A csecsem\u0151knek \u00f6lben kell \u00fclni\u00fck <\/span><\/li>\n<p>n \t<\/p>\n<li style=\"font-weight: 400;\"><span style=\"font-weight: 400;\">H\u00e1tprobl\u00e9m\u00e1kkal k\u00fczd\u0151 utaz\u00f3knak nem aj\u00e1nlott<\/span><\/li>\n<p>n \t<\/p>\n<li style=\"font-weight: 400;\"><span style=\"font-weight: 400;\">Terhes utaz\u00f3knak nem aj\u00e1nlott <\/span><\/li>\n<p>n \t<\/p>\n<li style=\"font-weight: 400;\"><span style=\"font-weight: 400;\"> Nincsenek sz\u00edvprobl\u00e9m\u00e1k vagy egy\u00e9b s\u00falyos eg\u00e9szs\u00e9g\u00fcgyi \u00e1llapotok <\/span><\/li>\n<p>n \t<\/p>\n<li style=\"font-weight: 400;\"><span style=\"font-weight: 400;\">A legt\u00f6bb utaz\u00f3 r\u00e9szt vehet<\/span><\/li>\n<p>n<\/ol>\n<p>n<\/p>\n<h4><b><i>Lemond\u00e1si felt\u00e9telek<\/i><\/b><\/h4>\n<p>A teljes visszat\u00e9r\u00edt\u00e9s\u00e9rt k\u00e9rj\u00fck, olvassa el lemond\u00e1si szab\u00e1lyzatunkat\u00a0<a href=\"https:\/\/www.boattoursamana.com\/hu\/online-foglalas\/\" target=\"_blank\" rel=\"noopener\" data-saferedirecturl=\"https:\/\/www.google.com\/url?q=https:\/\/www.boattoursamana.com\/online-booking\/&amp;source=gmail&amp;ust=1672449202351000&amp;usg=AOvVaw1yAeVAPktmaVCqDujgUn90\">Kattints ide<\/a>. Az \u00f6sszeg elveszik, ha a foglal\u00e1st az utaz\u00e1s napj\u00e1n lemondj\u00e1k.<\/p>\n\n\t\t<\/div>\n\t<\/div>\n<\/div><\/div><\/div><\/div><div class=\"vc_row wpb_row vc_row-fluid\" ><div class=\"wpb_column vc_column_container vc_col-sm-12\"><div class=\"vc_column-inner\"><div class=\"wpb_wrapper\"><div class=\"vc_empty_space\"   style=\"height: 32px\"><span class=\"vc_empty_space_inner\"><\/span><\/div>\n\t<div class=\"wpb_text_column wpb_content_element\" >\n\t\t<div class=\"wpb_wrapper\">\n\t\t\t<p>\nn<\/p>\n<h4>L\u00e9pjen kapcsolatba vel\u00fcnk?<\/h4>\n<p>n<\/p>\n<h5>Kalandok foglal\u00e1sa<\/h5>\n<p>n<em><strong>Helyiek<\/strong>\u00a0\u00e9s\u00a0<strong>Nemzetiek<\/strong>\u00a0Idegenvezet\u0151k \u00e9s vend\u00e9gszolg\u00e1ltat\u00e1sok<\/em><br \/>\nn<br \/>\nn<span class=\"text-turquoise\">Foglal\u00e1sok:<\/span>\u00a0T\u00far\u00e1k \u00e9s kir\u00e1ndul\u00e1sok Dom. Ism\u00e9tl\u00e9s.<br \/>\nn<br \/>\nn<img decoding=\"async\" class=\"emoji\" draggable=\"false\" src=\"https:\/\/s.w.org\/images\/core\/emoji\/11.2.0\/svg\/1f4de.svg\" alt=\" \" title=\"\">\u00a0Tel \/ Whatsapp\u00a0\u00a0<a href=\"tel:+1-809-720-6035\">+1-809-720-6035<\/a>.<br \/>\nn<br \/>\nn<img decoding=\"async\" class=\"emoji\" draggable=\"false\" src=\"https:\/\/s.w.org\/images\/core\/emoji\/11.2.0\/svg\/1f4e9.svg\" alt=\" \" title=\"\">\u00a0<a href=\"mailto:info@bookingadventures.com.do\">info@bookingadventures.com.do<\/a><br \/>\nn<br \/>\nn<strong>Rugalmasan \u00e1ll\u00edtjuk be a Whatsapp priv\u00e1t t\u00far\u00e1it:\u00a0<a href=\"tel:+18097206035\">+18097206035.<\/a><\/strong><\/p>\n\n\t\t<\/div>\n\t<\/div>\n<div class=\"vc_empty_space\"   style=\"height: 32px\"><span class=\"vc_empty_space_inner\"><\/span><\/div><\/div><\/div><\/div><\/div><div class=\"vc_row wpb_row vc_row-fluid\" ><div class=\"wpb_column vc_column_container vc_col-sm-12\"><div class=\"vc_column-inner\"><div class=\"wpb_wrapper\"><div class=\"vc_btn3-container vc_btn3-inline\" ><button class=\"vc_general vc_btn3 vc_btn3-size-md vc_btn3-shape-rounded vc_btn3-style-modern vc_btn3-color-green\">FOGLALD LE MOST<\/button><\/div><\/div><\/div><\/div><\/div>","protected":false},"excerpt":{"rendered":"<p>Cano Hondo is a name given by the local farmers of the area and this name comes from the type of geography of the location, this place is below sea level and there are small springs like Jivales and Cano Hondo which are coming from underground river straight from Los Haitises Mountain.\u00a0 n n&nbsp; n nDurante esta parte de su viaje, visitar\u00e1 Altos de Cano Hondo, que se encuentra junto al Parque Nacional Los Haitises, uno de los parques nacionales [&hellip;]<\/p>\n","protected":false},"author":2,"featured_media":0,"parent":0,"menu_order":0,"comment_status":"open","ping_status":"closed","template":"","meta":{"footnotes":""},"class_list":["post-15810","page","type-page","status-publish","hentry"],"_links":{"self":[{"href":"https:\/\/www.boattoursamana.com\/hu\/wp-json\/wp\/v2\/pages\/15810","targetHints":{"allow":["GET"]}}],"collection":[{"href":"https:\/\/www.boattoursamana.com\/hu\/wp-json\/wp\/v2\/pages"}],"about":[{"href":"https:\/\/www.boattoursamana.com\/hu\/wp-json\/wp\/v2\/types\/page"}],"author":[{"embeddable":true,"href":"https:\/\/www.boattoursamana.com\/hu\/wp-json\/wp\/v2\/users\/2"}],"replies":[{"embeddable":true,"href":"https:\/\/www.boattoursamana.com\/hu\/wp-json\/wp\/v2\/comments?post=15810"}],"version-history":[{"count":0,"href":"https:\/\/www.boattoursamana.com\/hu\/wp-json\/wp\/v2\/pages\/15810\/revisions"}],"wp:attachment":[{"href":"https:\/\/www.boattoursamana.com\/hu\/wp-json\/wp\/v2\/media?parent=15810"}],"curies":[{"name":"wp","href":"https:\/\/api.w.org\/{rel}","templated":true}]}}