{"id":15821,"date":"2023-07-15T07:44:18","date_gmt":"2023-07-15T07:44:18","guid":{"rendered":"https:\/\/www.ticketswhales.com\/los-haitises-kayaking-boat-trip-caves-and-swimming-at-private-beach-all-in-one\/"},"modified":"2023-07-15T07:44:18","modified_gmt":"2023-07-15T07:44:18","slug":"los-haitises-kayaking-boat-trip-caves-and-swimming-at-private-beach-all-in-one","status":"publish","type":"page","link":"https:\/\/www.boattoursamana.com\/hu\/los-haitises-kajakozas-hajokirandulas-barlangok-es-uszas-a-privat-strandon-minden-egyben-2","title":{"rendered":"Los Haitises kajakoz\u00e1s + haj\u00f3kir\u00e1ndul\u00e1s + barlangok \u00e9s \u00fasz\u00e1s a priv\u00e1t strandon (minden egyben)."},"content":{"rendered":"<p><span style=\"vertical-align: inherit;\"><span style=\"vertical-align: inherit;\">Kajak + Paseo en Barco + Cuevas y Playa para Nadar (Todo en Uno). <\/span><span style=\"vertical-align: inherit;\">Parque Nacional Los Haitises con un gu\u00eda tur\u00edstico local desde Sabana de la Mar. Visita a la selva tropical, la peque\u00f1a playa privada, las \u00e1reas de coco, caf\u00e9 y cacao. <\/span><span style=\"vertical-align: inherit;\">A Los Haitises Nemzeti Park eredeti t\u00f6rt\u00e9net\u00e9nek \u00e9rt\u00e9kel\u00e9se.<\/span><\/span><br \/>\nn<br \/>\nn&nbsp;<br \/>\nn<br \/>\nn<strong><span style=\"vertical-align: inherit;\"><span style=\"vertical-align: inherit;\">Selectione la fecha para el viaje de aventura todo en uno:<\/span><\/span><\/strong><\/p>\n<p>&nbsp;<\/p>\n<div class=\"vc_row wpb_row vc_row-fluid\" ><div class=\"wpb_column vc_column_container vc_col-sm-12\"><div class=\"vc_column-inner\"><div class=\"wpb_wrapper\"><div class=\"vc_btn3-container vc_btn3-inline\" ><button class=\"vc_general vc_btn3 vc_btn3-size-md vc_btn3-shape-rounded vc_btn3-style-modern vc_btn3-color-green\">FOGLALD LE MOST<\/button><\/div>\n\t<div class=\"wpb_text_column wpb_content_element\" >\n\t\t<div class=\"wpb_wrapper\">\n\t\t\t<p>\nn<\/p>\n<h4><b><i>\u00c1ttekint\u00e9s <\/i><\/b><\/h4>\n<p>n<span style=\"font-weight: 400;\">Menek\u00fclj\u00f6n el a v\u00e1rosb\u00f3l, \u00e9s mer\u00fclj\u00f6n el Hato Mayor tartom\u00e1ny \u00f6koturizmus\u00e1ban, amely a Dominikai K\u00f6zt\u00e1rsas\u00e1g els\u0151 \u00f6koturisztikai tartom\u00e1nya. J\u00f6jj\u00f6n vel\u00fcnk, \u00e9s \u00e9lvezze Los Haitises egyik felt\u00e1ratlan strandj\u00e1nak \u00e9des viz\u00e9t, ahol a San Lorenzo-\u00f6b\u00f6l tal\u00e1lhat\u00f3. A hely cs\u00f3nakkal megk\u00f6zel\u00edthet\u0151, es\u0151erd\u0151vel \u00e9s mangrove erd\u0151vel k\u00f6r\u00fclv\u00e9ve. A navig\u00e1ci\u00f3 sor\u00e1n kapcsolatba ker\u00fclhet a term\u00e9szettel \u00e9s a nemzeti park felejthetetlen t\u00e1j\u00e1val. Ez a t\u00fara kajakoz\u00e1s, cs\u00f3nak\u00e1z\u00e1s, barlangl\u00e1togat\u00e1s \u00e9s \u00fasz\u00e1s kever\u00e9ke lesz az orsz\u00e1g egyik legfontosabb nemzeti parkj\u00e1ban, itt tal\u00e1lhat\u00f3 a sziget biol\u00f3giai sokf\u00e9les\u00e9g\u00e9nek nagy r\u00e9sze, \u00e9s a m\u00e1sodik legnagyobb mangrove erd\u0151 t\u00f6bb mint 98 km2.\u00a0<\/span><br \/>\nn<br \/>\nn&nbsp;<br \/>\nn<br \/>\nn<span style=\"font-weight: 400;\">Helyi \u00e9s szak\u00e9rt\u0151 munkat\u00e1rsaink gondoskodnak arr\u00f3l, hogy val\u00f3ban megismerje a Tainos kult\u00far\u00e1t, Los Haitises t\u00f6rt\u00e9nelm\u00e9t \u00e9s a term\u00e9szettel val\u00f3 kapcsolatukat. Ez a t\u00fara \u00f6koturisztikai m\u00f3dban zajlik, ahol a k\u00f6z\u00f6ss\u00e9g nagyon fontos szerepet kap, \u0151k idegenvezet\u0151k, haj\u00f3skapit\u00e1nyok \u00e9s sof\u0151r\u00f6k.<\/span><br \/>\nn<br \/>\nn&nbsp;<br \/>\nn<br \/>\nn<span style=\"font-weight: 400;\">A Booking Adventure els\u0151dleges c\u00e9lja, hogy a legjobbat hozza ki a jegyv\u00e1s\u00e1rl\u00e1st\u00f3l az utaz\u00e1s befejez\u00e9s\u00e9ig. T\u00far\u00e1ink a k\u00f6rnyezeti nevel\u00e9sre, a kalandra \u00e9s a helyt\u00f6rt\u00e9netre \u00f6sszpontosulnak, \u00e9s ezen a kir\u00e1ndul\u00e1son mindenb\u0151l megtekinthet egy kicsit.\u00a0<\/span><br \/>\nn<\/p>\n<h3><span style=\"font-weight: 400;\">Befoglal\u00e1sok \u00e9s kiz\u00e1r\u00e1sok<\/span><\/h3>\n<p>n<\/p>\n<h6><strong>Z\u00e1rv\u00e1nyok<\/strong><\/h6>\n<p>n<\/p>\n<ul>\nn \t<\/p>\n<li><span style=\"font-weight: 400;\">Haj\u00f3 \u00e9s kapit\u00e1ny\u00a0<\/span><\/li>\n<p>n \t<\/p>\n<li><span style=\"font-weight: 400;\">Kajakok\u00a0<\/span><\/li>\n<p>n \t<\/p>\n<li><span style=\"font-weight: 400;\">Snackek (v\u00edz, gy\u00fcm\u00f6lcs, szendvicsek \u00e9s sz\u00f3da)<\/span><\/li>\n<p>n \t<\/p>\n<li><span style=\"font-weight: 400;\">Minden ad\u00f3, d\u00edj \u00e9s kezel\u00e9si k\u00f6lts\u00e9g<\/span><\/li>\n<p>n \t<\/p>\n<li><span style=\"font-weight: 400;\">Helyi ad\u00f3k<\/span><\/li>\n<p>n \t<\/p>\n<li><span style=\"font-weight: 400;\">Hivatalos \u00d6kol\u00f3gus idegenvezet\u0151k angol\/spanyol nyelven<\/span><\/li>\n<p>n \t<\/p>\n<li><span style=\"font-weight: 400;\">Term\u00e9szetes \u00fasz\u00f3medenc\u00e9k \u00e9s felfedezetlen strand\u00a0<\/span><\/li>\n<p>n \t<\/p>\n<li><span style=\"font-weight: 400;\">Egy barlang\u00a0<\/span><\/li>\n<p>n<\/ul>\n<p>n&nbsp;<br \/>\nn<\/p>\n<h6><strong>Kiz\u00e1r\u00e1sok<\/strong><\/h6>\n<p>n&nbsp;<br \/>\nn<\/p>\n<ul>\nn \t<\/p>\n<li><span style=\"font-weight: 400;\">h\u00e1lap\u00e9nz<\/span><\/li>\n<p>n \t<\/p>\n<li><span style=\"font-weight: 400;\">Ital<\/span><\/li>\n<p>n \t<\/p>\n<li><span style=\"font-weight: 400;\">\u00c1truh\u00e1z\u00e1s\u00a0<\/span><\/li>\n<p>n<\/ul>\n<p>n<span style=\"font-weight: 400;\">\u00a0<\/span><br \/>\nn<\/p>\n<h6><strong>Indul\u00e1s \u00e9s vissza\u00fat<\/strong><\/h6>\n<p>n&nbsp;<br \/>\nn<br \/>\nn<span style=\"font-weight: 400;\">A \u201eBooking Adventures\u201d \u00e1ltal szervezett t\u00fara az idegenvezet\u0151vel vagy a szem\u00e9lyzeti taggal meghat\u00e1rozott tal\u00e1lkoz\u00e1si pontt\u00f3l indul. A Foglal\u00e1si folyamat ut\u00e1n az utaz\u00f3 tal\u00e1lkoz\u00e1si pontot kap. A t\u00far\u00e1k tal\u00e1lkoz\u00e1si pontjainkon indulnak \u00e9s \u00e9rnek v\u00e9get.<\/span><br \/>\nn<\/p>\n<h2>Los Haitises kajakoz\u00e1s + haj\u00f3kir\u00e1ndul\u00e1s + barlangok \u00e9s \u00fasz\u00f3strand (minden egyben).<\/h2>\n<p>n<span style=\"font-weight: 400;\">Mi v\u00e1rhat\u00f3?<\/span><br \/>\nn<br \/>\nn&nbsp;<br \/>\nn<br \/>\nn<span style=\"font-weight: 400;\">V\u00e1s\u00e1rolja meg jegy\u00e9t az Eco-Adventure Tour Los Haitises Nemzeti Park All In One-ra\u00a0<\/span><br \/>\nn<br \/>\nn&nbsp;<br \/>\nn<br \/>\nn<span style=\"font-weight: 400;\">Ez a kir\u00e1ndul\u00e1s a tal\u00e1lkoz\u00e1si pontt\u00f3l indul, amelyet meg kell er\u0151s\u00edtenie utaz\u00e1si irod\u00e1nkkal vagy idegenvezet\u0151vel, miel\u0151tt b\u00e1rmely helyre indulna. Miut\u00e1n tal\u00e1lkozik az idegenvezet\u0151vel, besz\u00e1mol a t\u00far\u00e1r\u00f3l \u00e9s mindenr\u0151l, ami a napj\u00e1val kapcsolatos.<\/span><br \/>\nn<br \/>\nn&nbsp;<br \/>\nn<br \/>\nn<span style=\"font-weight: 400;\">Amikor mindenki k\u00e9szen \u00e1ll, \u00e9s felvessz\u00fck a kajakokat, elindulunk az els\u0151 helysz\u00ednre, Playita Las Almejasba, ahol term\u00e9szetes medenc\u00e9k vannak, mik\u00f6zben a mangrove erd\u0151ben \u00e9s a San Lorenzo-\u00f6b\u00f6l h\u00e9j\u00e1ban navig\u00e1lunk, megosztunk veletek t\u00f6rt\u00e9neteket Los Haitisesr\u0151l. Geol\u00f3gia \u00e9s n\u00e9zze meg a mangrove fajokat a San Lorenzo-\u00f6b\u00f6l k\u00f6rny\u00e9k\u00e9n.\u00a0<\/span><br \/>\nn<br \/>\nn&nbsp;<br \/>\nn<br \/>\nn<span style=\"font-weight: 400;\">Amint meg\u00e9rkez\u00fcnk az els\u0151 helysz\u00ednre, fel kell k\u00e9sz\u00edtenie f\u00fcrd\u0151ruh\u00e1j\u00e1t, hogy kajakozzon, \u00e9s t\u00faravezet\u0151vel egy\u00fctt evezzen a sor barlangj\u00e1hoz, a szem\u00e9lyzet t\u00f6bbi tagja v\u00e1rja \u00d6nt, am\u00edg befejezi a tev\u00e9kenys\u00e9g els\u0151 r\u00e9sz\u00e9t.<\/span><br \/>\nn<br \/>\nn&nbsp;<br \/>\nn<br \/>\nn<span style=\"font-weight: 400;\">Az utaz\u00e1s ezen r\u00e9sze alatt megker\u00fclheti a r\u00e9gi Las Perlas kik\u00f6t\u0151t, amely az egyik els\u0151 eur\u00f3pai \u00e9p\u00edtm\u00e9ny, amelyet 1866 k\u00f6r\u00fcl \u00e9p\u00edtettek a k\u00f6rny\u00e9ken, \u00e9s ez egy vonatvonallal volt \u00f6sszek\u00f6tve, amely a k\u00e1v\u00e9, ban\u00e1n \u00e9s minden, amivel ez az eur\u00f3pai csoport a mai Los Haitises ter\u00fclet\u00e9n gazd\u00e1lkodott.\u00a0<\/span><br \/>\nn<br \/>\nn&nbsp;<br \/>\nn<br \/>\nn<span style=\"font-weight: 400;\">A barlangban, amelyet megl\u00e1togat, t\u00f6bb mint 1200, a tajn\u00f3k \u00e1ltal festett piktogram tal\u00e1lhat\u00f3, ez volt egy m\u00f3dja annak, hogy kifejezz\u00e9k magukat, \u00e9s ma ezek a m\u0171alkot\u00e1sok olyan t\u00f6rt\u00e9neteket mes\u00e9lnek el, amelyekr\u0151l nem is gondoltuk volna, hogy manaps\u00e1g tal\u00e1lunk. Ha itt v\u00e9gez, visszamegy\u00fcnk Playa de las Almejasba harapnival\u00f3kra \u00e9s \u00fasz\u00e1sra.\u00a0<\/span><br \/>\nn<br \/>\nn&nbsp;<br \/>\nn<br \/>\nn<span style=\"font-weight: 400;\">A term\u00e9szetes medenc\u00e9ben val\u00f3 \u00fasz\u00e1s ut\u00e1n visszamegy\u00fcnk Cano Hondo k\u00f6rzet\u00e9nek f\u0151 kik\u00f6t\u0151j\u00e9be, ez egy 5 \u00f3r\u00e1s t\u00fara, amely lehet\u0151s\u00e9get ad a Sabana de la Mar \u00e9s a Los Haitises Nemzeti Park nagy r\u00e9sz\u00e9nek fel\u00fcgyelet\u00e9re, ez a kir\u00e1ndul\u00e1s a k\u00f6vetkez\u0151 id\u0151pontban \u00e9r v\u00e9get. ugyanott, ahol elkezd\u0151d\u00f6tt.<\/span><br \/>\nn<br \/>\nn&nbsp;<br \/>\nn<br \/>\nn<span style=\"font-weight: 400;\">Megjegyz\u00e9s: Ezeket a t\u00far\u00e1kat Officials Ecologist t\u00faravezet\u0151k k\u00eds\u00e9rik. K\u00e9rj\u00fck, id\u0151ben foglaljon, mert a parkban nincs t\u00fal sok szakember.<\/span><br \/>\nn<br \/>\nn&nbsp;<br \/>\nn<\/p>\n<h6><strong>Mit vigy\u00e9l magaddal?<\/strong><\/h6>\n<p>n<\/p>\n<ul>\nn \t<\/p>\n<li style=\"font-weight: 400;\" aria-level=\"1\"><span style=\"font-weight: 400;\">Kamera<\/span><\/li>\n<p>n \t<\/p>\n<li style=\"font-weight: 400;\" aria-level=\"1\"><span style=\"font-weight: 400;\">Rovarirt\u00f3 spr\u00e9\u00a0<\/span><\/li>\n<p>n \t<\/p>\n<li style=\"font-weight: 400;\" aria-level=\"1\"><span style=\"font-weight: 400;\">Naptej<\/span><\/li>\n<p>n \t<\/p>\n<li style=\"font-weight: 400;\" aria-level=\"1\"><span style=\"font-weight: 400;\">K\u00e9nyelmes nadr\u00e1g<\/span><\/li>\n<p>n \t<\/p>\n<li style=\"font-weight: 400;\" aria-level=\"1\"><span style=\"font-weight: 400;\">Fut\u00f3cip\u0151<\/span><\/li>\n<p>n \t<\/p>\n<li style=\"font-weight: 400;\" aria-level=\"1\"><span style=\"font-weight: 400;\">Es\u0151kab\u00e1t\u00a0<\/span><\/li>\n<p>n \t<\/p>\n<li style=\"font-weight: 400;\" aria-level=\"1\"><span style=\"font-weight: 400;\">F\u00fcrd\u0151ruha\u00a0<\/span><\/li>\n<p>n \t<\/p>\n<li style=\"font-weight: 400;\" aria-level=\"1\"><span style=\"font-weight: 400;\">T\u00f6r\u00fclk\u00f6z\u0151\u00a0<\/span><\/li>\n<p>n<\/ul>\n<p>n<\/p>\n<h4><b><i>Sz\u00e1llodai \u00e1tv\u00e9tel <\/i><\/b><\/h4>\n<p>n<span style=\"font-weight: 400;\">Ezen a t\u00far\u00e1n nem k\u00edn\u00e1lnak transzfert a sz\u00e1llod\u00e1b\u00f3l. Csak akkor, ha a Cano Hondo Hotelben vagy a Sabana de la mar k\u00f6rny\u00e9ki sz\u00e1llod\u00e1kban tart\u00f3zkodik.<\/span><br \/>\nn<br \/>\nn<b>Jegyzet:<\/b><span style=\"font-weight: 400;\"> Ha a t\u00fara\/kir\u00e1ndul\u00e1s indul\u00e1si idej\u00e9t k\u00f6vet\u0151 24 \u00f3r\u00e1n bel\u00fcl foglal, a Dominikai K\u00f6zt\u00e1rsas\u00e1g b\u00e1rmely pontj\u00e1r\u00f3l fel\u00e1r ellen\u00e9ben megszervezz\u00fck a sz\u00e1llodai \u00e1tv\u00e9telt. Amint a v\u00e1s\u00e1rl\u00e1s befejez\u0151d\u00f6tt, elk\u00fcldj\u00fck \u00d6nnek a helyi idegenvezet\u0151nk teljes el\u00e9rhet\u0151s\u00e9gi adatait (telefonsz\u00e1m, e-mail c\u00edm stb.), hogy megszervezhess\u00fck az \u00e1tv\u00e9tel megszervez\u00e9s\u00e9t.<\/span><br \/>\nn<\/p>\n<h4><b><i>Tov\u00e1bbi inform\u00e1ci\u00f3k meger\u0151s\u00edt\u00e9se <\/i><\/b><\/h4>\n<p>n<\/p>\n<ol>\nn \t<\/p>\n<li>A jegyek a t\u00fara befizet\u00e9s\u00e9t k\u00f6vet\u0151 nyugt\u00e1k. A fizet\u00e9st a telefonon tudod megjelen\u00edteni.<\/li>\n<p>n \t<\/p>\n<li style=\"font-weight: 400;\"><span style=\"font-weight: 400;\">A tal\u00e1lkoz\u00e1si pontot a foglal\u00e1si folyamat ut\u00e1n veszik \u00e1t.<\/span><\/li>\n<p>n \t<\/p>\n<li style=\"font-weight: 400;\"><span style=\"font-weight: 400;\">A gyermekeket feln\u0151tt k\u00eds\u00e9ret\u00e9ben kell biztos\u00edtani.<\/span><\/li>\n<p>n \t<\/p>\n<li style=\"font-weight: 400;\"><span style=\"font-weight: 400;\"> Kerekessz\u00e9kkel nem megk\u00f6zel\u00edthet\u0151 <\/span><\/li>\n<p>n \t<\/p>\n<li style=\"font-weight: 400;\"><span style=\"font-weight: 400;\">A csecsem\u0151knek \u00f6lben kell \u00fclni\u00fck <\/span><\/li>\n<p>n \t<\/p>\n<li style=\"font-weight: 400;\"><span style=\"font-weight: 400;\">H\u00e1tprobl\u00e9m\u00e1kkal k\u00fczd\u0151 utaz\u00f3knak nem aj\u00e1nlott<\/span><\/li>\n<p>n \t<\/p>\n<li style=\"font-weight: 400;\"><span style=\"font-weight: 400;\">Terhes utaz\u00f3knak nem aj\u00e1nlott <\/span><\/li>\n<p>n \t<\/p>\n<li style=\"font-weight: 400;\"><span style=\"font-weight: 400;\"> Nincsenek sz\u00edvprobl\u00e9m\u00e1k vagy egy\u00e9b s\u00falyos eg\u00e9szs\u00e9g\u00fcgyi \u00e1llapotok <\/span><\/li>\n<p>n \t<\/p>\n<li style=\"font-weight: 400;\"><span style=\"font-weight: 400;\">A legt\u00f6bb utaz\u00f3 r\u00e9szt vehet<\/span><\/li>\n<p>n<\/ol>\n<p>n<\/p>\n<h4><b><i>Lemond\u00e1si felt\u00e9telek<\/i><\/b><\/h4>\n<p>A teljes visszat\u00e9r\u00edt\u00e9s\u00e9rt k\u00e9rj\u00fck, olvassa el lemond\u00e1si szab\u00e1lyzatunkat\u00a0<a href=\"https:\/\/www.boattoursamana.com\/hu\/online-foglalas\/\" target=\"_blank\" rel=\"noopener\" data-saferedirecturl=\"https:\/\/www.google.com\/url?q=https:\/\/www.boattoursamana.com\/online-booking\/&amp;source=gmail&amp;ust=1672449202351000&amp;usg=AOvVaw1yAeVAPktmaVCqDujgUn90\">Kattints ide<\/a>. Az \u00f6sszeg elveszik, ha a foglal\u00e1st az utaz\u00e1s napj\u00e1n lemondj\u00e1k.<\/p>\n\n\t\t<\/div>\n\t<\/div>\n<\/div><\/div><\/div><\/div><div class=\"vc_row wpb_row vc_row-fluid\" ><div class=\"wpb_column vc_column_container vc_col-sm-12\"><div class=\"vc_column-inner\"><div class=\"wpb_wrapper\"><\/div><\/div><\/div><\/div><div class=\"vc_row wpb_row vc_row-fluid\" ><\/div><div class=\"wpb_column vc_column_container vc_col-sm-12\"><div class=\"vc_column-inner\"><div class=\"wpb_wrapper\"><\/div><\/div><\/div><div class=\"vc_empty_space\"   style=\"height: 32px\"><span class=\"vc_empty_space_inner\"><\/span><\/div><div class=\"vc_empty_space\"   style=\"height: 32px\"><span class=\"vc_empty_space_inner\"><\/span><\/div><div class=\"vc_row wpb_row vc_row-fluid\" ><div class=\"wpb_column vc_column_container vc_col-sm-12\"><div class=\"vc_column-inner\"><div class=\"wpb_wrapper\"><div class=\"vc_btn3-container vc_btn3-inline\" ><button class=\"vc_general vc_btn3 vc_btn3-size-md vc_btn3-shape-rounded vc_btn3-style-modern vc_btn3-color-green\">FOGLALD LE MOST<\/button><\/div><\/div><\/div><\/div><\/div>","protected":false},"excerpt":{"rendered":"<p>Kayak + Paseo en Barco + Cuevas y Playa para Nadar (Todo en Uno). Parque Nacional Los Haitises con un gu\u00eda tur\u00edstico local desde Sabana de la Mar. Visita a la selva tropical, la peque\u00f1a playa privada, las \u00e1reas de coco, caf\u00e9 y cacao. Aprendiendo sobre la historia original del Parque Nacional Los Haitises. n n&nbsp; n nSeleccione la fecha para el viaje de aventura todo en uno: &nbsp;<\/p>","protected":false},"author":2,"featured_media":0,"parent":0,"menu_order":0,"comment_status":"open","ping_status":"closed","template":"","meta":{"footnotes":""},"class_list":["post-15821","page","type-page","status-publish","hentry"],"_links":{"self":[{"href":"https:\/\/www.boattoursamana.com\/hu\/wp-json\/wp\/v2\/pages\/15821","targetHints":{"allow":["GET"]}}],"collection":[{"href":"https:\/\/www.boattoursamana.com\/hu\/wp-json\/wp\/v2\/pages"}],"about":[{"href":"https:\/\/www.boattoursamana.com\/hu\/wp-json\/wp\/v2\/types\/page"}],"author":[{"embeddable":true,"href":"https:\/\/www.boattoursamana.com\/hu\/wp-json\/wp\/v2\/users\/2"}],"replies":[{"embeddable":true,"href":"https:\/\/www.boattoursamana.com\/hu\/wp-json\/wp\/v2\/comments?post=15821"}],"version-history":[{"count":0,"href":"https:\/\/www.boattoursamana.com\/hu\/wp-json\/wp\/v2\/pages\/15821\/revisions"}],"wp:attachment":[{"href":"https:\/\/www.boattoursamana.com\/hu\/wp-json\/wp\/v2\/media?parent=15821"}],"curies":[{"name":"wp","href":"https:\/\/api.w.org\/{rel}","templated":true}]}}