{"id":15866,"date":"2023-07-15T07:45:08","date_gmt":"2023-07-15T07:45:08","guid":{"rendered":"https:\/\/www.ticketswhales.com\/punta-cana-helicopter-tour-to-salto-de-la-jalda-waterfall-60-minutes-experience\/"},"modified":"2023-07-15T07:45:08","modified_gmt":"2023-07-15T07:45:08","slug":"punta-cana-helicopter-tour-to-salto-de-la-jalda-waterfall-60-minutes-experience","status":"publish","type":"page","link":"https:\/\/www.boattoursamana.com\/hu\/punta-cana-helicopter-tour-to-salto-de-la-jalda-waterfall-60-minutes-experience","title":{"rendered":"Punta Cana helikopteres t\u00fara a Salto de la Jalda v\u00edzes\u00e9shez 60 perces \u00e9lm\u00e9ny"},"content":{"rendered":"<p>\u00c9lvezze az egyed\u00fcl\u00e1ll\u00f3 \u00e9lm\u00e9nyt helikopterrel rep\u00fclve a Karib-tenger legmagasabb v\u00edzes\u00e9se, a Salto La Jada felett. Tekintse meg Punta Cana \u00e9rintetlen strandjait, \u00e9s fedezze fel ennek a hihetetlen sz\u00e9ps\u00e9gnek a var\u00e1zs\u00e1t, amely egy buja tr\u00f3pusi es\u0151erd\u0151 m\u00e9ly\u00e9n f\u00e9szkel.<br \/>\nn<br \/>\nn&nbsp;<br \/>\nn<br \/>\nn<strong>K\u00e9rj\u00fck, v\u00e1lassza ki a The Tour d\u00e1tum\u00e1t\u00a0<\/strong><\/p>\n<p>&nbsp;<\/p>\n<div class=\"vc_row wpb_row vc_row-fluid\" ><div class=\"wpb_column vc_column_container vc_col-sm-12\"><div class=\"vc_column-inner\"><div class=\"wpb_wrapper\"><div class=\"mkdf-section-title-holder\" style=\"text-align: left\">\n\t<div class=\"mkdf-st-inner\">\n\t\t\t\t\t<h5 class=\"mkdf-st-subtitle\" >\n\t\t\t\tSalto la Jalda\t\t\t<\/h5>\n\t\t\t\t\t\t\t<h3 class=\"mkdf-st-title\" >\n\t\t\t\tpunta cana helikopteres t\u00fara a Salto de la Jalda v\u00edzes\u00e9shez 60 perces \u00e9lm\u00e9ny\t\t\t<\/h3>\n\t\t\t\t\t\t\t<p class=\"mkdf-st-text\" >\n\t\t\t\tHelikoptert\u00fara 60 perces \u00e9lm\u00e9nyben\t\t\t<\/p>\n\t\t\t<\/div>\n<\/div><\/div><\/div><\/div><\/div><div class=\"vc_row wpb_row vc_row-fluid\" ><div class=\"wpb_column vc_column_container vc_col-sm-12\"><div class=\"vc_column-inner\"><div class=\"wpb_wrapper\">\n\t<div class=\"wpb_text_column wpb_content_element\" >\n\t\t<div class=\"wpb_wrapper\">\n\t\t\t<p>\nn<\/p>\n<h4><b><i>\u00c1ttekint\u00e9s <\/i><\/b><\/h4>\n<p>nEz egy priv\u00e1t t\u00fara ide\u00a0<strong>Salto de la Jalda v\u00edzes\u00e9sek <\/strong>A Cordillera Oriental hegys\u00e9g m\u00e9ly\u00e9n, buja tr\u00f3pusi es\u0151erd\u0151vel k\u00f6r\u00fclv\u00e9ve tal\u00e1lhat\u00f3 a Karib-tenger legmagasabb v\u00edzes\u00e9se, a Salto La Jalda. Rep\u00fclj\u00f6n v\u00e9gig Punta Cana \u00e9rintetlen strandjain, a csendes falvak mellett a sierra \u00e9szaki lejt\u0151iig, \u00e9s fedezze fel ennek a buja tr\u00f3pusi es\u0151erd\u0151nek a m\u00e9ly\u00e9n megb\u00fav\u00f3 hihetetlen sz\u00e9ps\u00e9g var\u00e1zslat\u00e1t \u00e9s miszt\u00e9rium\u00e1t. Tapasztalja meg a 60 perces oda-vissza helikopteres rep\u00fcl\u00e9st a v\u00edzes\u00e9s \u00e9s a Playa Esmeralda felett egy \u00f3r\u00e1s piknikez\u00e9ssel. N\u00e9zze meg, hogyan \u00f6mlik \u00e1t a h\u00f6mp\u00f6lyg\u0151 v\u00edz a szikl\u00e1kon, majd \u00e9lvezze a term\u00e9szet b\u00e9k\u00e9j\u00e9t \u00e9s nyugalm\u00e1t a legcsod\u00e1latosabb Esmeralda strandon.<br \/>\nn<br \/>\nn&nbsp;<br \/>\nn<\/p>\n<ul>\nn \t<\/p>\n<li class=\"activity-highlights__list-item\" data-v-86039ad0=\"\">Fedezze fel a Karib-tenger legmagasabb v\u00edzes\u00e9s\u00e9nek, a Salto La Jada var\u00e1zs\u00e1t<\/li>\n<p>n \t<\/p>\n<li class=\"activity-highlights__list-item\" data-v-86039ad0=\"\">Fedezze fel a term\u00e9szetet az Esmeralda strandon val\u00f3 tart\u00f3zkod\u00e1sa alatt<\/li>\n<p>n \t<\/p>\n<li class=\"activity-highlights__list-item\" data-v-86039ad0=\"\">Rep\u00fclj\u00f6n \u00e1t a csod\u00e1latos strandokon \u00e9s a csendes falvak mellett a Sierra \u00e9szaki lejt\u0151ire<\/li>\n<p>n \t<\/p>\n<li class=\"activity-highlights__list-item\" data-v-86039ad0=\"\">N\u00e9zze meg, hogyan \u00f6mlik \u00e1t a h\u00f6mp\u00f6lyg\u0151 v\u00edz a szikl\u00e1kon<\/li>\n<p>n<\/ul>\n<p>n<\/p>\n<h4><b>Befoglal\u00e1sok \u00e9s kiz\u00e1r\u00e1sok<\/b><\/h4>\n<p>n&nbsp;<br \/>\nn<br \/>\nn<b>Z\u00e1rv\u00e1nyok<\/b><br \/>\nn<\/p>\n<ol>\nn \t<\/p>\n<li class=\"activity-inclusions__item activity-inclusions__item--inclusion\" data-v-0d17907c=\"\"><span class=\"activity-inclusions__test activity-inclusions__test--include\" data-v-0d17907c=\"\">F\u00f6ldi sz\u00e1ll\u00edt\u00e1s a sz\u00e1llod\u00e1ba\/sz\u00e1llod\u00e1ba<\/span><\/li>\n<p>n \t<\/p>\n<li class=\"activity-inclusions__item activity-inclusions__item--inclusion\" data-v-0d17907c=\"\"><span class=\"activity-inclusions__test activity-inclusions__test--include\" data-v-0d17907c=\"\">Expressz VIP bejelentkez\u00e9s \u00e9rkez\u00e9skor<\/span><\/li>\n<p>n \t<\/p>\n<li class=\"activity-inclusions__item activity-inclusions__item--inclusion\" data-v-0d17907c=\"\"><span class=\"activity-inclusions__test activity-inclusions__test--include\" data-v-0d17907c=\"\">60 perces oda-vissza helikopterrep\u00fcl\u00e9s<\/span><\/li>\n<p>n \t<\/p>\n<li class=\"activity-inclusions__item activity-inclusions__item--inclusion\" data-v-0d17907c=\"\"><span class=\"activity-inclusions__test activity-inclusions__test--include\" data-v-0d17907c=\"\">1 \u00f3ra teljes tart\u00f3zkod\u00e1s a legcsod\u00e1latosabb \u00e9rintetlen tengerparton<\/span><\/li>\n<p>n \t<\/p>\n<li class=\"activity-inclusions__item activity-inclusions__item--inclusion\" data-v-0d17907c=\"\"><span class=\"activity-inclusions__test activity-inclusions__test--include\" data-v-0d17907c=\"\">Metr\u00f3s piknik eb\u00e9d a tengerparton \u00fcd\u00edt\u0151vel \u00e9s v\u00edzzel<\/span><\/li>\n<p>n \t<\/p>\n<li style=\"font-weight: 400;\"><span style=\"font-weight: 400;\">Minden ad\u00f3, d\u00edj \u00e9s kezel\u00e9si k\u00f6lts\u00e9g<\/span><\/li>\n<p>n \t<\/p>\n<li style=\"font-weight: 400;\"><span style=\"font-weight: 400;\">Helyi ad\u00f3k<\/span><\/li>\n<p>n \t<\/p>\n<li style=\"font-weight: 400;\"><span style=\"font-weight: 400;\">Minden tev\u00e9kenys\u00e9g<\/span><\/li>\n<p>n \t<\/p>\n<li style=\"font-weight: 400;\"><span style=\"font-weight: 400;\">Helyi idegenvezet\u0151<\/span><\/li>\n<p>n<\/ol>\n<p>n<b> Kiz\u00e1r\u00e1sok<\/b><br \/>\nn<\/p>\n<ol>\nn \t<\/p>\n<li style=\"font-weight: 400;\"><span style=\"font-weight: 400;\">h\u00e1lap\u00e9nz<\/span><\/li>\n<p>n \t<\/p>\n<li style=\"font-weight: 400;\"><span style=\"font-weight: 400;\">\u00c1truh\u00e1z\u00e1s<\/span><\/li>\n<p>n \t<\/p>\n<li>Eb\u00e9d<\/li>\n<p>n \t<\/p>\n<li style=\"font-weight: 400;\"><span style=\"font-weight: 400;\">Alkoholos italok<\/span><\/li>\n<p>n<\/ol>\n<p>n&nbsp;<br \/>\nn<\/p>\n<h4><em><strong>Indul\u00e1s \u00e9s vissza\u00fat<\/strong><\/em><\/h4>\n<p>n<span style=\"font-weight: 400;\">A Foglal\u00e1si folyamat ut\u00e1n az utaz\u00f3 tal\u00e1lkoz\u00e1si pontot kap. A t\u00far\u00e1k tal\u00e1lkoz\u00e1si pontjainkon indulnak \u00e9s fejez\u0151dnek be.<\/span><br \/>\nn<br \/>\nn&nbsp;<br \/>\nn<\/p>\n<h2>Punta Cana helikopter<\/h2>\n<p>n<\/p>\n<h4><b><i>Mi v\u00e1rhat\u00f3?<\/i><\/b><\/h4>\n<p>n<em><strong>Vedd meg a jegyeidet<\/strong><\/em> a Karib-tenger legmagasabb v\u00edzes\u00e9seinek megl\u00e1togat\u00e1s\u00e1hoz.\u00a0 <strong>El Salto la Jalda<\/strong> helikopterrel Punta Can\u00e1b\u00f3l.<br \/>\nn<br \/>\nnDiscover like a bird Salto La Jalda &#8211; the highest waterfall in the Caribbean which is nestled deep in the Cordillera Oriental Mountain Range and surrounded by a lush tropical rainforest. An experience you will never forget.<br \/>\nn<br \/>\nA Dominikai K\u00f6zt\u00e1rsas\u00e1g legmagasabb v\u00edzes\u00e9s\u00e9nek els\u00f6pr\u0151 v\u00f6lgyeit \u00e9s dr\u00e1mai t\u00e1jait egyetlen m\u00f3don lehet \u00e9rt\u00e9kelni \u2013 \u00e9s ez a leveg\u0151b\u0151l sz\u00e1rmazik. Tegyen egy l\u00e9legzetel\u00e1ll\u00edt\u00f3 helikopteres rep\u00fcl\u00e9st a Salto Jalda Nemzeti Park felett egy felejthetetlen nyaral\u00e1si \u00e9lm\u00e9ny\u00e9rt.<br \/>\nn<br \/>\nA kaland akkor kezd\u0151dik, amikor a sz\u00e1llod\u00e1b\u00f3l a helikopter-rep\u00fcl\u0151t\u00e9rre sz\u00e1ll\u00edtanak. M\u00e1ssz fel a helikopter fed\u00e9lzet\u00e9re, \u00e9s k\u00e9sz\u00fclj fel a felsz\u00e1ll\u00e1sra. Hamarosan t\u00e1voli farmok, falvak \u00e9s buja z\u00f6ld es\u0151erd\u0151k felett sz\u00e1rnyalsz a Cordillera Oriental hegys\u00e9g \u00e9szaki lejt\u0151i fel\u00e9. A szikl\u00e1k tetej\u00e9n \u00e1ts\u00f6p\u00f6rve szak\u00e9rt\u0151 pil\u00f3t\u00e1ja minden eddigin\u00e9l k\u00f6zelebb ker\u00fcl ahhoz, hogy megcsod\u00e1lja Salto Jalda 272 l\u00e1b magass\u00e1g\u00e1t.<br \/>\nn<br \/>\nEzut\u00e1n a dzsungel lombkoron\u00e1j\u00e1n kereszt\u00fcl leereszkedve el\u00e9ri a f\u00e9lrees\u0151 Playa Esmerelda strandot. Ter\u00edtse ki itt a t\u00f6r\u00f6lk\u00f6z\u0151j\u00e9t, \u00e9s napozzon egy kicsit a feh\u00e9r homokon. \u00c9s van ideje megm\u00e1rt\u00f3zni a Karib-tengerben, miel\u0151tt a vissza\u00fat m\u00e9g t\u00f6bb trib\u00fcnre ny\u00edlik kil\u00e1t\u00e1s.<br \/>\nn<br \/>\nn&nbsp;<br \/>\nn<\/p>\n<h4><em><strong>Mit kell vinni?<\/strong><\/em><\/h4>\n<p>n<\/p>\n<ul>\nn \t<\/p>\n<li style=\"font-weight: 400;\"><span style=\"font-weight: 400;\">Kamera<\/span><\/li>\n<p>n \t<\/p>\n<li style=\"font-weight: 400;\"><span style=\"font-weight: 400;\">Riaszt\u00f3 bimb\u00f3k<\/span><\/li>\n<p>n \t<\/p>\n<li style=\"font-weight: 400;\"><span style=\"font-weight: 400;\">naptej<\/span><\/li>\n<p>n \t<\/p>\n<li style=\"font-weight: 400;\"><span style=\"font-weight: 400;\">Kalap<\/span><\/li>\n<p>n \t<\/p>\n<li style=\"font-weight: 400;\"><span style=\"font-weight: 400;\">K\u00e9nyelmes nadr\u00e1g<\/span><\/li>\n<p>n \t<\/p>\n<li style=\"font-weight: 400;\"><span style=\"font-weight: 400;\">Erdei t\u00faracip\u0151<\/span><\/li>\n<p>n \t<\/p>\n<li style=\"font-weight: 400;\"><span style=\"font-weight: 400;\">\u00dasz\u00f3ruha<\/span><\/li>\n<p>n \t<\/p>\n<li>Extra vizespalack<\/li>\n<p>n \t<\/p>\n<li>Eb\u00e9d vagy uzsonna<\/li>\n<p>n<\/ul>\n<p>n&nbsp;<br \/>\nn<\/p>\n<h4><b><i>Sz\u00e1llodai \u00e1tv\u00e9tel <\/i><\/b><\/h4>\n<p>n<span style=\"font-weight: 400;\">Ezen a t\u00far\u00e1n a sz\u00e1lloda \u00e1tv\u00e9tele biztos\u00edtott. <\/span><br \/>\nn<br \/>\nn&nbsp;<br \/>\nn<br \/>\nn<b>Jegyzet:<\/b><span style=\"font-weight: 400;\"> Ha a t\u00fara\/kir\u00e1ndul\u00e1s indul\u00e1si id\u0151pontj\u00e1t\u00f3l sz\u00e1m\u00edtott 24 \u00f3r\u00e1n bel\u00fcl foglal, fel\u00e1r ellen\u00e9ben meg tudjuk szervezni a sz\u00e1llodai \u00e1tv\u00e9telt. Amint a v\u00e1s\u00e1rl\u00e1s befejez\u0151d\u00f6tt, elk\u00fcldj\u00fck \u00d6nnek a helyi idegenvezet\u0151nk teljes el\u00e9rhet\u0151s\u00e9gi adatait (telefonsz\u00e1m, e-mail c\u00edm stb.), hogy megszervezhess\u00fck az \u00e1tv\u00e9tel megszervez\u00e9s\u00e9t.<\/span><br \/>\nn<\/p>\n<h4><b><i>Tov\u00e1bbi inform\u00e1ci\u00f3k meger\u0151s\u00edt\u00e9se <\/i><\/b><\/h4>\n<p>n<\/p>\n<ol>\nn \t<\/p>\n<li>A jegyek a t\u00fara befizet\u00e9s\u00e9t k\u00f6vet\u0151 nyugt\u00e1k. A fizet\u00e9st a telefonon tudod megjelen\u00edteni.<\/li>\n<p>n \t<\/p>\n<li style=\"font-weight: 400;\"><span style=\"font-weight: 400;\">A tal\u00e1lkoz\u00e1si pontot a foglal\u00e1si folyamat ut\u00e1n veszik \u00e1t.<\/span><\/li>\n<p>n \t<\/p>\n<li style=\"font-weight: 400;\"><span style=\"font-weight: 400;\">A gyermekeket feln\u0151tt k\u00eds\u00e9ret\u00e9ben kell k\u00eds\u00e9rni, \u00e9s a gyermekek als\u00f3 korhat\u00e1ra 7 \u00e9ves.<\/span><\/li>\n<p>n \t<\/p>\n<li class=\"activity-important-information__item\" data-v-772d15b6=\"\" data-v-45a03bbc=\"\">Ez a t\u00fara mozg\u00e1skorl\u00e1tozottak sz\u00e1m\u00e1ra nem aj\u00e1nlott, kiv\u00e9ve, ha legal\u00e1bb 2 szem\u00e9ly tud nekik seg\u00edteni<\/li>\n<p>n \t<\/p>\n<li class=\"activity-important-information__item\" data-v-772d15b6=\"\" data-v-45a03bbc=\"\">Minden j\u00e1rat a rendelkez\u00e9sre \u00e1ll\u00e1st\u00f3l \u00e9s az id\u0151j\u00e1r\u00e1si viszonyokt\u00f3l f\u00fcgg<\/li>\n<p>n \t<\/p>\n<li class=\"activity-important-information__item\" data-v-772d15b6=\"\" data-v-45a03bbc=\"\">A tev\u00e9kenys\u00e9g szolg\u00e1ltat\u00f3 fenntartja a jogot, hogy tov\u00e1bbi utasokat vegyen fel a t\u00far\u00e1ra<\/li>\n<p>n \t<\/p>\n<li style=\"font-weight: 400;\"><span style=\"font-weight: 400;\"> Kerekessz\u00e9kkel nem megk\u00f6zel\u00edthet\u0151 <\/span><\/li>\n<p>n \t<\/p>\n<li style=\"font-weight: 400;\"><span style=\"font-weight: 400;\">Ezen az utaz\u00e1son csecsem\u0151k nem vehet\u0151k ig\u00e9nybe<\/span><\/li>\n<p>n \t<\/p>\n<li style=\"font-weight: 400;\"><span style=\"font-weight: 400;\">H\u00e1tprobl\u00e9m\u00e1kkal k\u00fczd\u0151 utaz\u00f3knak nem aj\u00e1nlott<\/span><\/li>\n<p>n \t<\/p>\n<li style=\"font-weight: 400;\"><span style=\"font-weight: 400;\">Terhes utaz\u00f3knak nem aj\u00e1nlott <\/span><\/li>\n<p>n \t<\/p>\n<li style=\"font-weight: 400;\"><span style=\"font-weight: 400;\"> Nincsenek sz\u00edvprobl\u00e9m\u00e1k vagy egy\u00e9b s\u00falyos eg\u00e9szs\u00e9g\u00fcgyi \u00e1llapotok <\/span><\/li>\n<p>n \t<\/p>\n<li style=\"font-weight: 400;\"><span style=\"font-weight: 400;\">A legt\u00f6bb utaz\u00f3 r\u00e9szt vehet<\/span><\/li>\n<p>n<\/ol>\n<p>n<\/p>\n<h4><b><i>Lemond\u00e1si felt\u00e9telek<\/i><\/b><\/h4>\n<p>A teljes visszat\u00e9r\u00edt\u00e9s\u00e9rt k\u00e9rj\u00fck, olvassa el lemond\u00e1si szab\u00e1lyzatunkat\u00a0<a href=\"https:\/\/www.boattoursamana.com\/hu\/online-foglalas\/\" target=\"_blank\" rel=\"noopener\" data-saferedirecturl=\"https:\/\/www.google.com\/url?q=https:\/\/www.boattoursamana.com\/online-booking\/&amp;source=gmail&amp;ust=1672449202351000&amp;usg=AOvVaw1yAeVAPktmaVCqDujgUn90\">Kattints ide<\/a>. Az \u00f6sszeg elveszik, ha a foglal\u00e1st az utaz\u00e1s napj\u00e1n lemondj\u00e1k.<\/p>\n\n\t\t<\/div>\n\t<\/div>\n<\/div><\/div><\/div><\/div><div class=\"vc_row wpb_row vc_row-fluid\" ><div class=\"wpb_column vc_column_container vc_col-sm-12\"><div class=\"vc_column-inner\"><div class=\"wpb_wrapper\">\n\t<div class=\"wpb_text_column wpb_content_element\" >\n\t\t<div class=\"wpb_wrapper\">\n\t\t\t<p>\nn<\/p>\n<h4>L\u00e9pjen kapcsolatba vel\u00fcnk?<\/h4>\n<p>n<\/p>\n<h5><em><strong>Kalandok foglal\u00e1sa<\/strong><\/em><\/h5>\n<p>n<em><strong>Helyiek<\/strong> \u00e9s <strong>Nemzetiek<\/strong> Idegenvezet\u0151k \u00e9s vend\u00e9gszolg\u00e1ltat\u00e1sok<\/em><br \/>\nn<br \/>\nn<span class=\"text-turquoise\">Foglal\u00e1sok:<\/span> T\u00far\u00e1k \u00e9s kir\u00e1ndul\u00e1sok Dom. Ism\u00e9tl\u00e9s.<br \/>\nn<br \/>\nn<img decoding=\"async\" class=\"emoji\" draggable=\"false\" src=\"https:\/\/s.w.org\/images\/core\/emoji\/11.2.0\/svg\/1f4de.svg\" alt=\" \" title=\"\"> Tel \/ Whatsapp\u00a0 <a href=\"tel:+1-809-720-6035\">+1-809-720-6035<\/a>.<br \/>\nn<br \/>\nn<img decoding=\"async\" class=\"emoji\" draggable=\"false\" src=\"https:\/\/s.w.org\/images\/core\/emoji\/11.2.0\/svg\/1f4e9.svg\" alt=\" \" title=\"\"> <a href=\"mailto:info@bookingadventures.com.do\">info@bookingadventures.com.do<\/a><br \/>\nn<br \/>\nn<strong>Rugalmasan \u00e1ll\u00edtjuk be a Whatsapp priv\u00e1t t\u00far\u00e1it: <a href=\"tel:+18097206035\">+18097206035.<\/a><\/strong><\/p>\n\n\t\t<\/div>\n\t<\/div>\n<\/div><\/div><\/div><\/div>","protected":false},"excerpt":{"rendered":"<p>Enjoy a unique experience flying in a helicopter over the highest waterfall in the Caribbean, Salto La Jada. See the pristine beaches of Punta Cana and discover the magic of this incredible beauty nestled deep in a lush tropical rainforest. n n&nbsp; n nPlease Select date for The Tour\u00a0 &nbsp;<\/p>","protected":false},"author":2,"featured_media":0,"parent":0,"menu_order":0,"comment_status":"open","ping_status":"closed","template":"","meta":{"footnotes":""},"class_list":["post-15866","page","type-page","status-publish","hentry"],"_links":{"self":[{"href":"https:\/\/www.boattoursamana.com\/hu\/wp-json\/wp\/v2\/pages\/15866","targetHints":{"allow":["GET"]}}],"collection":[{"href":"https:\/\/www.boattoursamana.com\/hu\/wp-json\/wp\/v2\/pages"}],"about":[{"href":"https:\/\/www.boattoursamana.com\/hu\/wp-json\/wp\/v2\/types\/page"}],"author":[{"embeddable":true,"href":"https:\/\/www.boattoursamana.com\/hu\/wp-json\/wp\/v2\/users\/2"}],"replies":[{"embeddable":true,"href":"https:\/\/www.boattoursamana.com\/hu\/wp-json\/wp\/v2\/comments?post=15866"}],"version-history":[{"count":0,"href":"https:\/\/www.boattoursamana.com\/hu\/wp-json\/wp\/v2\/pages\/15866\/revisions"}],"wp:attachment":[{"href":"https:\/\/www.boattoursamana.com\/hu\/wp-json\/wp\/v2\/media?parent=15866"}],"curies":[{"name":"wp","href":"https:\/\/api.w.org\/{rel}","templated":true}]}}