{"id":15875,"date":"2023-07-15T07:45:29","date_gmt":"2023-07-15T07:45:29","guid":{"rendered":"https:\/\/www.ticketswhales.com\/private-catamaran-samana-bay-tour-marina\/"},"modified":"2023-07-15T07:45:29","modified_gmt":"2023-07-15T07:45:29","slug":"private-catamaran-samana-bay-tour-marina","status":"publish","type":"page","link":"https:\/\/www.boattoursamana.com\/hu\/privat-katamaran-samana-oboltura-kikoto","title":{"rendered":"Priv\u00e1t katamar\u00e1n Saman\u00e1 Bay \u2013 Tour Marina"},"content":{"rendered":"<p>&nbsp;<\/p>\n<div class=\"vc_row wpb_row vc_row-fluid\" ><div class=\"wpb_column vc_column_container vc_col-sm-12\"><div class=\"vc_column-inner\"><div class=\"wpb_wrapper\"><div class=\"vc_btn3-container vc_btn3-inline\" ><button class=\"vc_general vc_btn3 vc_btn3-size-md vc_btn3-shape-rounded vc_btn3-style-modern vc_btn3-color-green\">FOGLALD LE MOST<\/button><\/div><div class=\"vc_tta-container\" data-vc-action=\"collapse\"><div class=\"vc_general vc_tta vc_tta-tabs vc_tta-color-sandy-brown vc_tta-style-modern vc_tta-shape-square vc_tta-spacing-1 vc_tta-tabs-position-top vc_tta-controls-align-left\"><div class=\"vc_tta-tabs-container\"><ul class=\"vc_tta-tabs-list\"><li class=\"vc_tta-tab vc_active\" data-vc-tab><a href=\"#1658558043421-55144174-f505\" data-vc-tabs data-vc-container=\".vc_tta\"><span class=\"vc_tta-title-text\">A Boatr\u00f3l<\/span><\/a><\/li><li class=\"vc_tta-tab\" data-vc-tab><a href=\"#1658558043429-9adef37c-3c9f\" data-vc-tabs data-vc-container=\".vc_tta\"><span class=\"vc_tta-title-text\">Cs\u00f3nak felszerel\u00e9s<\/span><\/a><\/li><li class=\"vc_tta-tab\" data-vc-tab><a href=\"#1658558311759-f1fb6ddd-50cd\" data-vc-tabs data-vc-container=\".vc_tta\"><span class=\"vc_tta-title-text\">T\u00f6bb<\/span><\/a><\/li><\/ul><\/div><div class=\"vc_tta-panels-container\"><div class=\"vc_tta-panels\"><div class=\"vc_tta-panel vc_active\" id=\"1658558043421-55144174-f505\" data-vc-content=\".vc_tta-panel-body\"><div class=\"vc_tta-panel-heading\"><h4 class=\"vc_tta-panel-title\"><a href=\"#1658558043421-55144174-f505\" data-vc-accordion data-vc-container=\".vc_tta-container\"><span class=\"vc_tta-title-text\">A Boatr\u00f3l<\/span><\/a><\/h4><\/div><div class=\"vc_tta-panel-body\">\n\t<div class=\"wpb_text_column wpb_content_element\" >\n\t\t<div class=\"wpb_wrapper\">\n\t\t\t<p>\nn<\/p>\n<h6>N\u00e9v: Tour Marina<\/h6>\n<p>n<\/p>\n<h6>Modell:<\/h6>\n<p>n<\/p>\n<h6>\u00c9v:<\/h6>\n<p>n<\/p>\n<h6>Hossz:<\/h6>\n<p>n<\/p>\n<h6>Motorsz\u00e1m: 2<\/h6>\n<p>n<\/p>\n<h6>Teljes\u00edtm\u00e9ny: 600 LE<\/h6>\n<p>n<\/p>\n\n\t\t<\/div>\n\t<\/div>\n<\/div><\/div><div class=\"vc_tta-panel\" id=\"1658558043429-9adef37c-3c9f\" data-vc-content=\".vc_tta-panel-body\"><div class=\"vc_tta-panel-heading\"><h4 class=\"vc_tta-panel-title\"><a href=\"#1658558043429-9adef37c-3c9f\" data-vc-accordion data-vc-container=\".vc_tta-container\"><span class=\"vc_tta-title-text\">Cs\u00f3nak felszerel\u00e9s<\/span><\/a><\/h4><\/div><div class=\"vc_tta-panel-body\">\n\t<div class=\"wpb_text_column wpb_content_element\" >\n\t\t<div class=\"wpb_wrapper\">\n\t\t\t<p>\nn<\/p>\n<h6>VHS r\u00e1di\u00f3<\/h6>\n<p>n<\/p>\n<h6>WC<\/h6>\n<p>n<\/p>\n<h6>J\u00e9gh\u0171t\u0151<\/h6>\n<p>n<\/p>\n<h6>Ment\u0151mell\u00e9ny<\/h6>\n<p>n<\/p>\n<h6>Zenei berendez\u00e9sek<\/h6>\n<p>n<\/p>\n\n\t\t<\/div>\n\t<\/div>\n<\/div><\/div><div class=\"vc_tta-panel\" id=\"1658558311759-f1fb6ddd-50cd\" data-vc-content=\".vc_tta-panel-body\"><div class=\"vc_tta-panel-heading\"><h4 class=\"vc_tta-panel-title\"><a href=\"#1658558311759-f1fb6ddd-50cd\" data-vc-accordion data-vc-container=\".vc_tta-container\"><span class=\"vc_tta-title-text\">T\u00f6bb<\/span><\/a><\/h4><\/div><div class=\"vc_tta-panel-body\">\n\t<div class=\"wpb_text_column wpb_content_element\" >\n\t\t<div class=\"wpb_wrapper\">\n\t\t\t<p>\nn<\/p>\n<div class=\"info_content_label\">\nn<\/p>\n<h4>Bele\u00e9rtve:<\/h4>\n<p>n<\/p>\n<h6>Leg\u00e9nys\u00e9g a fed\u00e9lzeten<\/h6>\n<p>n<\/p>\n<h6>\u00dczemanyag<\/h6>\n<p>n<\/p>\n<h4>M\u00e1s inform\u00e1ci\u00f3:<\/h4>\n<p>n<\/p>\n<h6>A haj\u00f3 reggel 6:00 \u00e9s 16:30 k\u00f6z\u00f6tt \u00e9rhet\u0151 el.<\/h6>\n<p>n<strong>Fel\u00e1r ellen\u00e9ben ital- \u00e9s \u00e9tkez\u00e9si lehet\u0151s\u00e9gek \u00e1llnak rendelkez\u00e9sre:<\/strong><br \/>\nn<br \/>\nnR\u00e9szletek a hagyom\u00e1nyos sv\u00e9dasztalos eb\u00e9dr\u0151l a Cayo Levantado-szigeten, $15 USD\/pp.<br \/>\nn<br \/>\nn-z\u00f6ld sal\u00e1ta<br \/>\nn-keny\u00e9r<br \/>\nn-Moro de Guandule (rizs dominikai st\u00edlus\u00fa) k\u00f3kuszos<br \/>\nn\u2013 T\u00e9szta paradicsomsz\u00f3szban<br \/>\nn-Yuca rakott \u00e9telek<br \/>\nn-Hal \u00e9s grillezett csirke (dorado) + opcion\u00e1lis k\u00f3kusztejsz\u00f3sz<br \/>\nn-Friss Gy\u00fcm\u00f6lcs<br \/>\nn-1 alkoholmentes ital (sz\u00f3da vagy v\u00edz)<br \/>\nn-K\u00e1v\u00e9<br \/>\nn<br \/>\nn<strong>Tov\u00e1bbi hom\u00e1rszolg\u00e1ltat\u00e1s + k\u00f3kuszcukor $19 USD (tov\u00e1bbi).<\/strong><br \/>\nn<br \/>\nn<\/div>\n<p>n Ital \u00e9s \u00e9tel fel\u00e1r ellen\u00e9ben a fed\u00e9lzeten is biztos\u00edthat\u00f3.<\/p>\n\n\t\t<\/div>\n\t<\/div>\n<\/div><\/div><\/div><\/div><\/div><\/div>\n\t<div class=\"wpb_text_column wpb_content_element\" >\n\t\t<div class=\"wpb_wrapper\">\n\t\t\t<p>\nn<\/p>\n<h4><b><i>Lemond\u00e1si felt\u00e9telek<\/i><\/b><\/h4>\n<p>A teljes visszat\u00e9r\u00edt\u00e9s\u00e9rt k\u00e9rj\u00fck, olvassa el lemond\u00e1si szab\u00e1lyzatunkat\u00a0<a href=\"https:\/\/www.boattoursamana.com\/hu\/online-foglalas\/\" target=\"_blank\" rel=\"noopener\" data-saferedirecturl=\"https:\/\/www.google.com\/url?q=https:\/\/www.boattoursamana.com\/online-booking\/&amp;source=gmail&amp;ust=1672449202351000&amp;usg=AOvVaw1yAeVAPktmaVCqDujgUn90\">Kattints ide<\/a>. Az \u00f6sszeg elveszik, ha a foglal\u00e1st az utaz\u00e1s napj\u00e1n lemondj\u00e1k.<br \/>\nn<br \/>\nn&nbsp;<br \/>\nn<br \/>\nn<strong>Vegye fel vel\u00fcnk a kapcsolatot Whatsappon: +1-809-720-6035 vagy \u00e9l\u0151 chaten.<\/strong><br \/>\nn<br \/>\nn<strong>A legjobb online lehet\u0151s\u00e9g Saman\u00e1ban!<\/strong><\/p>\n\n\t\t<\/div>\n\t<\/div>\n<\/div><\/div><\/div><\/div><div class=\"vc_row wpb_row vc_row-fluid\" ><div class=\"wpb_column vc_column_container vc_col-sm-12\"><div class=\"vc_column-inner\"><div class=\"wpb_wrapper\"><div class=\"vc_empty_space\"   style=\"height: 32px\"><span class=\"vc_empty_space_inner\"><\/span><\/div><\/div><\/div><\/div><\/div><div class=\"vc_row wpb_row vc_row-fluid\" ><div class=\"wpb_column vc_column_container vc_col-sm-12\"><div class=\"vc_column-inner\"><div class=\"wpb_wrapper\">\n\t<div class=\"wpb_video_widget wpb_content_element vc_clearfix   vc_video-aspect-ratio-169 vc_video-el-width-100 vc_video-align-left\" >\n\t\t<div class=\"wpb_wrapper\">\n\t\t\t<h2 class=\"wpb_heading wpb_video_heading\">B\u00e9reljen katamar\u00e1nt Saman\u00e1ban, Dominikai K\u00f6zt\u00e1rsas\u00e1gban - R\u00f6vid vide\u00f3<\/h2>\n\t\t\t<div class=\"wpb_video_wrapper\"><iframe loading=\"lazy\" title=\"Cs\u00f3nakb\u00e9rl\u00e9s Samana Dominikai K\u00f6zt\u00e1rsas\u00e1g, t\u00far\u00e1k \u00e9s kir\u00e1ndul\u00e1sok\" width=\"1100\" height=\"619\" src=\"https:\/\/www.youtube.com\/embed\/2TA5TdrEZd0?feature=oembed\" frameborder=\"0\" allow=\"accelerometer; autoplay; clipboard-write; encrypted-media; gyroscope; picture-in-picture; web-share\" allowfullscreen><\/iframe><\/div>\n\t\t<\/div>\n\t<\/div>\n<\/div><\/div><\/div><\/div><div class=\"vc_row wpb_row vc_row-fluid\" ><div class=\"wpb_column vc_column_container vc_col-sm-12\"><div class=\"vc_column-inner\"><div class=\"wpb_wrapper\"><div class=\"vc_empty_space\"   style=\"height: 32px\"><span class=\"vc_empty_space_inner\"><\/span><\/div><div class=\"mkdf-section-title-holder\" style=\"text-align: center\">\n\t<div class=\"mkdf-st-inner\">\n\t\t\t\t\t<h5 class=\"mkdf-st-subtitle\" >\n\t\t\t\tSamana, Dominikai K\u00f6zt\u00e1rsas\u00e1g\t\t\t<\/h5>\n\t\t\t\t\t\t\t<h3 class=\"mkdf-st-title\" >\n\t\t\t\tTov\u00e1bbi cs\u00f3nakb\u00e9rl\u00e9si lehet\u0151s\u00e9gek\t\t\t<\/h3>\n\t\t\t\t\t<\/div>\n<\/div><div class=\"vc_btn3-container vc_btn3-inline\" ><button class=\"vc_general vc_btn3 vc_btn3-size-md vc_btn3-shape-rounded vc_btn3-style-modern vc_btn3-color-green\">FOGLALD LE MOST<\/button><\/div><\/div><\/div><\/div><\/div><div class=\"vc_row wpb_row vc_row-fluid\" ><div class=\"wpb_column vc_column_container vc_col-sm-12\"><div class=\"vc_column-inner\"><div class=\"wpb_wrapper\"><div class=\"vc_empty_space\"   style=\"height: 32px\"><span class=\"vc_empty_space_inner\"><\/span><\/div><div class=\"mkdf-section-title-holder\" style=\"text-align: center\">\n\t<div class=\"mkdf-st-inner\">\n\t\t\t\t\t<h5 class=\"mkdf-st-subtitle\" >\n\t\t\t\tCsoportos \u00e9s priv\u00e1t lehet\u0151s\u00e9gek\t\t\t<\/h5>\n\t\t\t\t\t\t\t<h3 class=\"mkdf-st-title\" >\n\t\t\t\tT\u00far\u00e1k \u00e9s kir\u00e1ndul\u00e1sok\t\t\t<\/h3>\n\t\t\t\t\t<\/div>\n<\/div><\/div><\/div><\/div><\/div><div class=\"vc_row wpb_row vc_row-fluid\" ><div class=\"wpb_column vc_column_container vc_col-sm-12\"><div class=\"vc_column-inner\"><div class=\"wpb_wrapper\"><div class=\"vc_btn3-container vc_btn3-inline\" ><button class=\"vc_general vc_btn3 vc_btn3-size-md vc_btn3-shape-rounded vc_btn3-style-modern vc_btn3-color-green\">FOGLALD LE MOST<\/button><\/div><\/div><\/div><\/div><\/div>","protected":false},"excerpt":{"rendered":"<p>&nbsp;<\/p>","protected":false},"author":2,"featured_media":0,"parent":0,"menu_order":0,"comment_status":"open","ping_status":"closed","template":"","meta":{"footnotes":""},"class_list":["post-15875","page","type-page","status-publish","hentry"],"_links":{"self":[{"href":"https:\/\/www.boattoursamana.com\/hu\/wp-json\/wp\/v2\/pages\/15875","targetHints":{"allow":["GET"]}}],"collection":[{"href":"https:\/\/www.boattoursamana.com\/hu\/wp-json\/wp\/v2\/pages"}],"about":[{"href":"https:\/\/www.boattoursamana.com\/hu\/wp-json\/wp\/v2\/types\/page"}],"author":[{"embeddable":true,"href":"https:\/\/www.boattoursamana.com\/hu\/wp-json\/wp\/v2\/users\/2"}],"replies":[{"embeddable":true,"href":"https:\/\/www.boattoursamana.com\/hu\/wp-json\/wp\/v2\/comments?post=15875"}],"version-history":[{"count":0,"href":"https:\/\/www.boattoursamana.com\/hu\/wp-json\/wp\/v2\/pages\/15875\/revisions"}],"wp:attachment":[{"href":"https:\/\/www.boattoursamana.com\/hu\/wp-json\/wp\/v2\/media?parent=15875"}],"curies":[{"name":"wp","href":"https:\/\/api.w.org\/{rel}","templated":true}]}}