{"id":15878,"date":"2023-07-15T07:45:29","date_gmt":"2023-07-15T07:45:29","guid":{"rendered":"https:\/\/www.ticketswhales.com\/los-haitises-all-in-one-kayaking-hiking-boating-caving-swimming-natural-pool-lunch-from-las-terrenas\/"},"modified":"2023-07-15T07:45:29","modified_gmt":"2023-07-15T07:45:29","slug":"los-haitises-all-in-one-kayaking-hiking-boating-caving-swimming-natural-pool-lunch-from-las-terrenas","status":"publish","type":"page","link":"https:\/\/www.boattoursamana.com\/hu\/los-haitises-all-in-one-kayaking-hiking-boating-caving-swimming-natural-pool-lunch-from-las-terrenas","title":{"rendered":"Los Haitises All In One (kajakoz\u00e1s, t\u00far\u00e1z\u00e1s, cs\u00f3nak\u00e1z\u00e1s, barlang\u00e1szat, term\u00e9szetes medence \u00e9s eb\u00e9d) Las Terrenasb\u00f3l"},"content":{"rendered":"<p><span style=\"font-weight: 400;\">Menek\u00fclj\u00f6n el a v\u00e1rosb\u00f3l, \u00e9s mer\u00fclj\u00f6n el Sanchez t\u00f6rt\u00e9nelmi \u00e9s hal\u00e1szv\u00e1rosa \u00e9s Los Haitises f\u0151v\u00e1rosa, Sabana de la Mar k\u00f6z\u00f6tt. Sanchez az export\u00e1l\u00e1s k\u00f6zpontjak\u00e9nt ismert, \u00e9s 1800 v\u00e9g\u00e9n \u00e9p\u00edttetett egy vonatot, amely La vega tartom\u00e1nyb\u00f3l \u00e9rkezett. J\u00f6jj\u00f6n vel\u00fcnk, \u00e9s \u00e9lvezze a Los Haitises Nemzeti Park egyik felfedezetlen strandj\u00e1nak \u00e9des viz\u00e9t, ahol a San Lorenzo-\u00f6b\u00f6l tal\u00e1lhat\u00f3. A hely cs\u00f3nakkal megk\u00f6zel\u00edthet\u0151, es\u0151erd\u0151k \u00e9s mangrove erd\u0151k veszik k\u00f6r\u00fcl. Mik\u00f6zben Sanchezb\u0151l Los Haitisesbe utazik, kapcsolatba ker\u00fclhet a term\u00e9szettel \u00e9s a park felejthetetlen t\u00e1j\u00e1val. Ez a t\u00fara kajakoz\u00e1s, cs\u00f3nak\u00e1z\u00e1s, egy barlang megl\u00e1togat\u00e1sa \u00e9s \u00fasz\u00e1s kever\u00e9ke lesz az orsz\u00e1g egyik legfontosabb nemzeti parkj\u00e1ban, itt tal\u00e1lhat\u00f3 a sziget biodiverzit\u00e1s\u00e1nak nagy r\u00e9sze, \u00e9s a m\u00e1sodik legnagyobb mangrove erd\u0151 t\u00f6bb mint 98 fajjal. km2.\u00a0<\/span><br \/>\nn<br \/>\nn&nbsp;<br \/>\nn<br \/>\nn<strong><span style=\"vertical-align: inherit;\"><span style=\"vertical-align: inherit;\">V\u00e1lassz id\u0151pontot ehhez a kalandhoz:<\/span><\/span><\/strong><\/p>\n<p>&nbsp;<\/p>\n<div class=\"vc_row wpb_row vc_row-fluid\" ><div class=\"wpb_column vc_column_container vc_col-sm-12\"><div class=\"vc_column-inner\"><div class=\"wpb_wrapper\">\n\t<div class=\"wpb_text_column wpb_content_element\" >\n\t\t<div class=\"wpb_wrapper\">\n\t\t\t<p>\nn<\/p>\n<h2>Los Haitises All In One (kajakoz\u00e1s, t\u00far\u00e1z\u00e1s, cs\u00f3nak\u00e1z\u00e1s, barlang\u00e1szat, term\u00e9szetes medence \u00e9s eb\u00e9d) Las Terrenasb\u00f3l<\/h2>\n<p>n<\/p>\n<h4><b><i>\u00c1ttekint\u00e9s <\/i><\/b><\/h4>\n<p>n<span style=\"font-weight: 400;\">A Los Haitises All In One egy menek\u00fcl\u00e9s a v\u00e1rosb\u00f3l, hogy elmer\u00fclj\u00f6n Sanchez t\u00f6rt\u00e9nelmi \u00e9s hal\u00e1szv\u00e1rosa \u00e9s Los Haitises f\u0151v\u00e1rosa, Sabana de la Mar k\u00f6z\u00f6tt. Sanchez az export\u00e1l\u00e1s k\u00f6zpontjak\u00e9nt ismert, \u00e9s arr\u00f3l is ismert, hogy vonattal \u00e9rkezett innen. La Vega tartom\u00e1ny 1800 v\u00e9g\u00e9n \u00e9p\u00fclt. Gyere vel\u00fcnk \u00e9s \u00e9lvezd a Los Haitises Nemzeti Park egyik felt\u00e1ratlan strandj\u00e1nak \u00e9des viz\u00e9t, ahol a San Lorenzo-\u00f6b\u00f6l tal\u00e1lhat\u00f3. <\/span><br \/>\nn<br \/>\nn<span style=\"font-weight: 400;\">A hely cs\u00f3nakkal megk\u00f6zel\u00edthet\u0151, es\u0151erd\u0151k \u00e9s mangrove erd\u0151k veszik k\u00f6r\u00fcl. Mik\u00f6zben Sanchezb\u0151l Los Haitisesbe utazik, kapcsolatba ker\u00fclhet a term\u00e9szettel \u00e9s a park felejthetetlen t\u00e1j\u00e1val. Ez a t\u00fara kajakoz\u00e1s, cs\u00f3nak\u00e1z\u00e1s, egy barlang megl\u00e1togat\u00e1sa \u00e9s \u00fasz\u00e1s kever\u00e9ke lesz az orsz\u00e1g egyik legfontosabb nemzeti parkj\u00e1ban, itt tal\u00e1lhat\u00f3 a sziget biodiverzit\u00e1s\u00e1nak nagy r\u00e9sze, \u00e9s a m\u00e1sodik legnagyobb mangrove erd\u0151 t\u00f6bb mint 98 fajjal. km2.\u00a0<\/span><br \/>\nn<br \/>\nn<span style=\"font-weight: 400;\">Helyi \u00e9s szak\u00e9rt\u0151 munkat\u00e1rsaink gondoskodnak arr\u00f3l, hogy val\u00f3ban megismerje a Tainos kult\u00far\u00e1t, Los Haitises t\u00f6rt\u00e9nelm\u00e9t \u00e9s a term\u00e9szettel val\u00f3 kapcsolatukat. Ez a t\u00fara \u00f6koturisztikai m\u00f3dban zajlik, ahol a k\u00f6z\u00f6ss\u00e9g nagyon fontos szerepet kap, \u0151k idegenvezet\u0151k, haj\u00f3skapit\u00e1nyok \u00e9s sof\u0151r\u00f6k.<\/span><br \/>\nn<br \/>\nn<span style=\"font-weight: 400;\">A Booking Adventure els\u0151dleges c\u00e9lja, hogy a legjobbat hozza ki a jegyv\u00e1s\u00e1rl\u00e1st\u00f3l az utaz\u00e1s befejez\u00e9s\u00e9ig. T\u00far\u00e1ink a k\u00f6rnyezeti nevel\u00e9sre, a kalandra \u00e9s a helyt\u00f6rt\u00e9netre \u00f6sszpontosulnak, \u00e9s ezen a kir\u00e1ndul\u00e1son mindenb\u0151l megtekinthet egy kicsit.\u00a0<\/span><br \/>\nn<\/p>\n<h3><span style=\"font-weight: 400;\">Befoglal\u00e1sok \u00e9s kiz\u00e1r\u00e1sok<\/span><\/h3>\n<p>n<\/p>\n<h6><strong>Z\u00e1rv\u00e1nyok<\/strong><\/h6>\n<p>n<\/p>\n<ul>\nn \t<\/p>\n<li><span style=\"font-weight: 400;\">Motorcs\u00f3nak \u00e9s kapit\u00e1ny\u00a0<\/span><\/li>\n<p>n \t<\/p>\n<li><span style=\"font-weight: 400;\">Kajakoz\u00e1s\u00a0<\/span><\/li>\n<p>n \t<\/p>\n<li>T\u00fara\u00fatvonal<\/li>\n<p>n \t<\/p>\n<li><span style=\"font-weight: 400;\">Snack, (v\u00edz, gy\u00fcm\u00f6lcs, sz\u00f3da)<\/span><\/li>\n<p>n \t<\/p>\n<li>Helyi eb\u00e9d<\/li>\n<p>n \t<\/p>\n<li><span style=\"font-weight: 400;\">Minden ad\u00f3, d\u00edj \u00e9s kezel\u00e9si k\u00f6lts\u00e9g<\/span><\/li>\n<p>n \t<\/p>\n<li><span style=\"font-weight: 400;\">Hivatalos \u00d6kol\u00f3gus idegenvezet\u0151k angol\/spanyol nyelven<\/span><\/li>\n<p>n \t<\/p>\n<li><span style=\"font-weight: 400;\">\u00dasz\u00e1s term\u00e9szetes medenc\u00e9kben vagy felfedezetlen strandon\u00a0<\/span><\/li>\n<p>n \t<\/p>\n<li><span style=\"font-weight: 400;\">Barlang\u00e1szat<\/span><\/li>\n<p>n \t<\/p>\n<li>Sz\u00e1llodai \u00e1tv\u00e9tel<\/li>\n<p>n<\/ul>\n<p>n<\/p>\n<h6><strong>Kiz\u00e1r\u00e1sok<\/strong><\/h6>\n<p>n<\/p>\n<ul>\nn \t<\/p>\n<li><span style=\"font-weight: 400;\">h\u00e1lap\u00e9nz<\/span><\/li>\n<p>n \t<\/p>\n<li><span style=\"font-weight: 400;\">Ital<\/span><\/li>\n<p>n<\/ul>\n<p>n<\/p>\n<h6><strong>Indul\u00e1s \u00e9s vissza\u00fat<\/strong><\/h6>\n<p>n<span style=\"font-weight: 400;\">A \u201eBooking Adventures\u201d \u00e1ltal szervezett t\u00fara az idegenvezet\u0151vel vagy a szem\u00e9lyzeti taggal meghat\u00e1rozott tal\u00e1lkoz\u00e1si pontt\u00f3l indul. A Foglal\u00e1si folyamat ut\u00e1n az utaz\u00f3 tal\u00e1lkoz\u00e1si pontot kap. A t\u00far\u00e1k tal\u00e1lkoz\u00e1si pontjainkon indulnak \u00e9s \u00e9rnek v\u00e9get.<\/span><br \/>\nn<\/p>\n<h2>Los Haitises All In One (kajakoz\u00e1s, t\u00far\u00e1z\u00e1s, cs\u00f3nak\u00e1z\u00e1s, barlang\u00e1szat, term\u00e9szetes medence \u00e9s eb\u00e9d) Las Terrenasb\u00f3l<\/h2>\n<p>n<span style=\"font-weight: 400;\">Mi v\u00e1rhat\u00f3?<\/span><br \/>\nn<br \/>\nn<span style=\"font-weight: 400;\">V\u00e1s\u00e1rolja meg jegy\u00e9t az Eco-Adventure Tour Los Haitises Nemzeti Park All In One-ra\u00a0<\/span><br \/>\nn<br \/>\nn<span style=\"font-weight: 400;\">Ez a kir\u00e1ndul\u00e1s a tal\u00e1lkoz\u00e1si pontt\u00f3l indul, amelyet meg kell er\u0151s\u00edtenie utaz\u00e1si irod\u00e1nkkal vagy idegenvezet\u0151vel, miel\u0151tt b\u00e1rmely helyre indulna. Miut\u00e1n tal\u00e1lkozik az idegenvezet\u0151vel, besz\u00e1mol a t\u00far\u00e1r\u00f3l \u00e9s mindenr\u0151l, ami a napj\u00e1val kapcsolatos.<\/span><br \/>\nn<br \/>\nn<span style=\"font-weight: 400;\">Ha mindenki k\u00e9szen \u00e1ll, elindulunk az els\u0151 helysz\u00ednre, a Los Haitises Trail-re, ahol egy 30 perces t\u00far\u00e1nk lesz, a t\u00fara sor\u00e1n k\u00fcl\u00f6nf\u00e9le endemikus n\u00f6v\u00e9nyeket \u00e9s madarakat l\u00e1thatunk.\u00a0<\/span><br \/>\nn<br \/>\nn<span style=\"font-weight: 400;\">T\u00far\u00e1z\u00e1s ut\u00e1n vissza\u00fcl\u00fcnk a cs\u00f3nakhoz, \u00e9s Playita Las Almejas-ba utazunk, ahol a term\u00e9szetes medenc\u00e9k tal\u00e1lhat\u00f3k, mik\u00f6zben a San Lorenzo-\u00f6b\u00f6l mangroveerd\u0151j\u00e9ben \u00e9s k\u00f6peny\u00e9ben navig\u00e1lunk, t\u00f6rt\u00e9neteket osztunk meg veletek Los Haitises-r\u0151l, a geol\u00f3gi\u00e1r\u00f3l, \u00e9s k\u00f6rbej\u00e1rjuk a mangrovefajokat. miut\u00e1n a San Lorenzo-\u00f6b\u00f6l k\u00f6rny\u00e9k\u00e9n.\u00a0<\/span><br \/>\nn<br \/>\nn<span style=\"font-weight: 400;\">Amint meg\u00e9rkez\u00fcnk Las Almejasba, fel kell k\u00e9sz\u00edtenie f\u00fcrd\u0151ruh\u00e1j\u00e1t, hogy kajakon menjen, \u00e9s az idegenvezet\u0151vel egy\u00fctt evezzen a sor barlangj\u00e1hoz, a szem\u00e9lyzet t\u00f6bbi tagja pedig v\u00e1rja \u00d6nt, am\u00edg befejezi a tev\u00e9kenys\u00e9g els\u0151 r\u00e9sz\u00e9t.<\/span><br \/>\nn<br \/>\nn<span style=\"font-weight: 400;\">Az utaz\u00e1s ezen r\u00e9sze alatt megker\u00fclheti a r\u00e9gi Las Perlas kik\u00f6t\u0151t, amely az egyik els\u0151 eur\u00f3pai \u00e9p\u00edtm\u00e9ny, amelyet 1866 k\u00f6r\u00fcl \u00e9p\u00edtettek a k\u00f6rny\u00e9ken, \u00e9s ez egy vonatvonallal volt \u00f6sszek\u00f6tve, amely a k\u00e1v\u00e9, ban\u00e1n \u00e9s minden, amivel ez az eur\u00f3pai csoport a mai Los Haitises ter\u00fclet\u00e9n gazd\u00e1lkodott.\u00a0<\/span><br \/>\nn<br \/>\nn<span style=\"font-weight: 400;\">A barlangban, amelyet megl\u00e1togat, t\u00f6bb mint 1200, a tajn\u00f3k \u00e1ltal festett piktogram tal\u00e1lhat\u00f3, ez volt egy m\u00f3dja annak, hogy kifejezz\u00e9k magukat, \u00e9s ma ezek a m\u0171alkot\u00e1sok olyan t\u00f6rt\u00e9neteket mes\u00e9lnek el, amelyekr\u0151l nem is gondoltuk volna, hogy manaps\u00e1g tal\u00e1lunk. Ha itt v\u00e9gez, visszamegy\u00fcnk Playa de las Almejasba harapnival\u00f3kra \u00e9s \u00fasz\u00e1sra.\u00a0<\/span><br \/>\nn<br \/>\nn<span style=\"font-weight: 400;\">Visszafel\u00e9 a ter\u00fcletr\u0151l megmutatunk n\u00e9h\u00e1ny mangrovefajt\u00e1t, \u00e9s besz\u00e9l\u00fcnk a mangrove erd\u0151 fontoss\u00e1g\u00e1r\u00f3l az \u00f6kol\u00f3gia, mint \u00f6kosziszt\u00e9ma szempontj\u00e1b\u00f3l.<\/span><br \/>\nn<br \/>\nn<span style=\"font-weight: 400;\">Amikor befejezt\u00fck a kajakoz\u00e1st \u00e9s az \u00fasz\u00e1st, egy kis sz\u00fcnetet tartunk egy helyi eb\u00e9dre, hogy megk\u00f3stoljuk a helyi konyh\u00e1t, \u00e9s megk\u00f3stoljuk a Karib-szigetek legjobb feh\u00e9r rizs\u00e9t \u00e9s v\u00f6r\u00f6sbabj\u00e1t.\u00a0<\/span><br \/>\nn<br \/>\nn<span style=\"font-weight: 400;\">Eb\u00e9d \u00e9s n\u00e9mi \u00fasz\u00e1s ut\u00e1n a Los Haitises Nemzeti Parkban indulunk vissza Sanchez-be, visszafel\u00e9 pedig \u00e9lvezze a 30 perces utat a Samana-f\u00e9lszigetig, ez a kir\u00e1ndul\u00e1s ugyanott \u00e9r v\u00e9get, ahol indult.<\/span><br \/>\nn<br \/>\nn<span style=\"font-weight: 400;\">Megjegyz\u00e9s: Ezeket a t\u00far\u00e1kat Officials Ecologist t\u00faravezet\u0151k k\u00eds\u00e9rik. K\u00e9rj\u00fck, id\u0151ben foglaljon, mert a parkban nincs t\u00fal sok szakember.<\/span><br \/>\nn<\/p>\n<h6><strong>Mit vigy\u00e9l magaddal?<\/strong><\/h6>\n<p>n<\/p>\n<ul>\nn \t<\/p>\n<li style=\"font-weight: 400;\" aria-level=\"1\"><span style=\"font-weight: 400;\">Kamera<\/span><\/li>\n<p>n \t<\/p>\n<li style=\"font-weight: 400;\" aria-level=\"1\"><span style=\"font-weight: 400;\">Rovarirt\u00f3 spr\u00e9\u00a0<\/span><\/li>\n<p>n \t<\/p>\n<li style=\"font-weight: 400;\" aria-level=\"1\"><span style=\"font-weight: 400;\">Naptej<\/span><\/li>\n<p>n \t<\/p>\n<li style=\"font-weight: 400;\" aria-level=\"1\"><span style=\"font-weight: 400;\">K\u00e9nyelmes nadr\u00e1g<\/span><\/li>\n<p>n \t<\/p>\n<li style=\"font-weight: 400;\" aria-level=\"1\"><span style=\"font-weight: 400;\">T\u00faracip\u0151<\/span><\/li>\n<p>n \t<\/p>\n<li style=\"font-weight: 400;\" aria-level=\"1\"><span style=\"font-weight: 400;\">Es\u0151kab\u00e1t\u00a0<\/span><\/li>\n<p>n \t<\/p>\n<li style=\"font-weight: 400;\" aria-level=\"1\"><span style=\"font-weight: 400;\">F\u00fcrd\u0151ruha\u00a0<\/span><\/li>\n<p>n \t<\/p>\n<li style=\"font-weight: 400;\" aria-level=\"1\"><span style=\"font-weight: 400;\">T\u00f6r\u00fclk\u00f6z\u0151<\/span><\/li>\n<p>n \t<\/p>\n<li style=\"font-weight: 400;\" aria-level=\"1\"><span style=\"font-weight: 400;\">Sz\u00e1razzs\u00e1k\u00a0\u00a0<\/span><\/li>\n<p>n<\/ul>\n<p>n<\/p>\n<h4><b><i>Sz\u00e1llodai \u00e1tv\u00e9tel <\/i><\/b><\/h4>\n<p>n<span style=\"font-weight: 400;\">Ezen a t\u00far\u00e1n a sz\u00e1lloda \u00e1tv\u00e9tele biztos\u00edtott. Csak te vagy a Santa Barbara de Samana, Las Terrenas, Las Galeras \u00e9s Sanchez\u00a0<\/span><br \/>\nn<br \/>\nn<b>Jegyzet:<\/b><span style=\"font-weight: 400;\"> Ha a t\u00fara\/kir\u00e1ndul\u00e1s indul\u00e1si id\u0151pontj\u00e1t\u00f3l sz\u00e1m\u00edtott 24 \u00f3r\u00e1n bel\u00fcl foglal, a Dominikai K\u00f6zt\u00e1rsas\u00e1g b\u00e1rmely pontj\u00e1r\u00f3l fel\u00e1r ellen\u00e9ben meg tudjuk szervezni a sz\u00e1llodai \u00e1tv\u00e9telt. Amint a v\u00e1s\u00e1rl\u00e1s befejez\u0151d\u00f6tt, elk\u00fcldj\u00fck \u00d6nnek a helyi idegenvezet\u0151nk teljes el\u00e9rhet\u0151s\u00e9gi adatait (telefonsz\u00e1m, e-mail c\u00edm stb.), hogy megszervezhess\u00fck az \u00e1tv\u00e9tel megszervez\u00e9s\u00e9t.<\/span><br \/>\nn<\/p>\n<h4><b><i>Tov\u00e1bbi inform\u00e1ci\u00f3k meger\u0151s\u00edt\u00e9se <\/i><\/b><\/h4>\n<p>n<\/p>\n<ol>\nn \t<\/p>\n<li>A jegyek a t\u00fara befizet\u00e9s\u00e9t k\u00f6vet\u0151 nyugt\u00e1k. A fizet\u00e9st a telefonon tudod megjelen\u00edteni.<\/li>\n<p>n \t<\/p>\n<li style=\"font-weight: 400;\"><span style=\"font-weight: 400;\">A tal\u00e1lkoz\u00e1si pontot a foglal\u00e1si folyamat ut\u00e1n veszik \u00e1t.<\/span><\/li>\n<p>n \t<\/p>\n<li style=\"font-weight: 400;\"><span style=\"font-weight: 400;\">A gyermekeket feln\u0151tt k\u00eds\u00e9ret\u00e9ben kell biztos\u00edtani.<\/span><\/li>\n<p>n \t<\/p>\n<li style=\"font-weight: 400;\"><span style=\"font-weight: 400;\"> Kerekessz\u00e9kkel nem megk\u00f6zel\u00edthet\u0151 <\/span><\/li>\n<p>n \t<\/p>\n<li style=\"font-weight: 400;\"><span style=\"font-weight: 400;\">A csecsem\u0151knek \u00f6lben kell \u00fclni\u00fck <\/span><\/li>\n<p>n \t<\/p>\n<li style=\"font-weight: 400;\"><span style=\"font-weight: 400;\">H\u00e1tprobl\u00e9m\u00e1kkal k\u00fczd\u0151 utaz\u00f3knak nem aj\u00e1nlott<\/span><\/li>\n<p>n \t<\/p>\n<li style=\"font-weight: 400;\"><span style=\"font-weight: 400;\">Terhes utaz\u00f3knak nem aj\u00e1nlott <\/span><\/li>\n<p>n \t<\/p>\n<li style=\"font-weight: 400;\"><span style=\"font-weight: 400;\"> Nincsenek sz\u00edvprobl\u00e9m\u00e1k vagy egy\u00e9b s\u00falyos eg\u00e9szs\u00e9g\u00fcgyi \u00e1llapotok <\/span><\/li>\n<p>n \t<\/p>\n<li style=\"font-weight: 400;\"><span style=\"font-weight: 400;\">A legt\u00f6bb utaz\u00f3 r\u00e9szt vehet<\/span><\/li>\n<p>n<\/ol>\n<p>n<\/p>\n<h4><b><i>Lemond\u00e1si felt\u00e9telek<\/i><\/b><\/h4>\n<p>n<span style=\"font-weight: 400;\">A teljes visszat\u00e9r\u00edt\u00e9s\u00e9rt k\u00e9rj\u00fck, olvassa el lemond\u00e1si szab\u00e1lyzatunkat\u00a0<a href=\"https:\/\/www.boattoursamana.com\/hu\/online-foglalas\/\" target=\"_blank\" rel=\"noopener\" data-saferedirecturl=\"https:\/\/www.google.com\/url?q=https:\/\/www.boattoursamana.com\/online-booking\/&amp;source=gmail&amp;ust=1672449202351000&amp;usg=AOvVaw1yAeVAPktmaVCqDujgUn90\">Kattints ide<\/a>. Az \u00f6sszeg elveszik, ha a foglal\u00e1st az utaz\u00e1s napj\u00e1n lemondj\u00e1k.<\/span><\/p>\n\n\t\t<\/div>\n\t<\/div>\n<div class=\"mkdf-section-title-holder\" style=\"text-align: left\">\n\t<div class=\"mkdf-st-inner\">\n\t\t\t\t\t<h5 class=\"mkdf-st-subtitle\" >\n\t\t\t\t( Minden egyben )\t\t\t<\/h5>\n\t\t\t\t\t\t\t<h3 class=\"mkdf-st-title\" >\n\t\t\t\tLos Haitises All In One (kajakoz\u00e1s, t\u00far\u00e1z\u00e1s, cs\u00f3nak\u00e1z\u00e1s, barlang\u00e1szat, term\u00e9szetes medence \u00e9s eb\u00e9d) Las Terrenasb\u00f3l\t\t\t<\/h3>\n\t\t\t\t\t\t\t<p class=\"mkdf-st-text\" >\n\t\t\t\tEhhez az \u00e9lm\u00e9nyhez legal\u00e1bb 4 r\u00e9sztvev\u0151 sz\u00fcks\u00e9ges. Ha m\u00e9g nem 4 \u00e9ves, forduljon hozz\u00e1nk bizalommal!\t\t\t<\/p>\n\t\t\t<\/div>\n<\/div><\/div><\/div><\/div><\/div><div class=\"vc_row wpb_row vc_row-fluid\" ><div class=\"wpb_column vc_column_container vc_col-sm-12\"><div class=\"vc_column-inner\"><div class=\"wpb_wrapper\"><\/div><\/div><\/div><\/div><div class=\"vc_row wpb_row vc_row-fluid\" ><\/div><div class=\"wpb_column vc_column_container vc_col-sm-12\"><div class=\"vc_column-inner\"><div class=\"wpb_wrapper\"><\/div><\/div><\/div><div class=\"vc_empty_space\"   style=\"height: 32px\"><span class=\"vc_empty_space_inner\"><\/span><\/div><div class=\"vc_empty_space\"   style=\"height: 32px\"><span class=\"vc_empty_space_inner\"><\/span><\/div>","protected":false},"excerpt":{"rendered":"<p>Escape the city to immerse yourself between the historical and fishing town of Sanchez and the capital of Los HaitisesSabana de la Mar. Sanchez is known as a center of exportation and for having a train that was coming from La vega province built a the end of 1800. Come with us and enjoy the fresh waters of one of the unexplored beaches of Los Haitises National Park, where San Lorenzo Bay is located. The place is accessible by boat, [&hellip;]<\/p>\n","protected":false},"author":2,"featured_media":0,"parent":0,"menu_order":0,"comment_status":"open","ping_status":"closed","template":"","meta":{"footnotes":""},"class_list":["post-15878","page","type-page","status-publish","hentry"],"_links":{"self":[{"href":"https:\/\/www.boattoursamana.com\/hu\/wp-json\/wp\/v2\/pages\/15878","targetHints":{"allow":["GET"]}}],"collection":[{"href":"https:\/\/www.boattoursamana.com\/hu\/wp-json\/wp\/v2\/pages"}],"about":[{"href":"https:\/\/www.boattoursamana.com\/hu\/wp-json\/wp\/v2\/types\/page"}],"author":[{"embeddable":true,"href":"https:\/\/www.boattoursamana.com\/hu\/wp-json\/wp\/v2\/users\/2"}],"replies":[{"embeddable":true,"href":"https:\/\/www.boattoursamana.com\/hu\/wp-json\/wp\/v2\/comments?post=15878"}],"version-history":[{"count":0,"href":"https:\/\/www.boattoursamana.com\/hu\/wp-json\/wp\/v2\/pages\/15878\/revisions"}],"wp:attachment":[{"href":"https:\/\/www.boattoursamana.com\/hu\/wp-json\/wp\/v2\/media?parent=15878"}],"curies":[{"name":"wp","href":"https:\/\/api.w.org\/{rel}","templated":true}]}}