{"id":11527,"date":"2020-09-08T10:03:32","date_gmt":"2020-09-08T10:03:32","guid":{"rendered":"https:\/\/www.ticketswhales.com\/Tours-Excursions\/uncategorized\/import-placeholder-for-302181\/"},"modified":"2023-11-09T14:32:46","modified_gmt":"2023-11-09T14:32:46","slug":"saona-island-private-tour-from-la-romana-hotels-la-romana-lobby","status":"publish","type":"product","link":"https:\/\/www.boattoursamana.com\/hu\/tura\/saona-sziget-privat-tura-a-la-romana-hotelek-la-romana-elocsarnokabol","title":{"rendered":"Saona-sziget priv\u00e1t t\u00fara a La Romana Hotels-t\u0151l \u2013 La Romana Lobby"},"content":{"rendered":"<div class=\"vc_row wpb_row vc_row-fluid\" ><div class=\"wpb_column vc_column_container vc_col-sm-12\"><div class=\"vc_column-inner\"><div class=\"wpb_wrapper\"><div class=\"vc_btn3-container vc_btn3-inline\" ><a class=\"vc_general vc_btn3 vc_btn3-size-md vc_btn3-shape-rounded vc_btn3-style-modern vc_btn3-color-green\" href=\"https:\/\/bookingadventures.tours\/booking.php?tour_id=4e51017da3bfae5b33fb59ebc6e20188\" title=\"\" rel=\"noopener\">FOGLALJ MOST<\/a><\/div>\n\t<div class=\"wpb_text_column wpb_content_element\" >\n\t\t<div class=\"wpb_wrapper\">\n\t\t\t<h2><b><i>Saona-sziget priv\u00e1t utaz\u00e1s\u00a0<\/i><\/b><\/h2>\n<h4><b><i>\u00c1ttekint\u00e9s<\/i><\/b><\/h4>\n<div>A haj\u00f3k indul\u00e1sa a f\u0151 m\u00f3l\u00f3r\u00f3l t\u00f6rt\u00e9nik <strong>Bayahibe<\/strong> 9:00-kor \u00e9s vissza 17:00-kor. Ha\u00a0<b>(egy priv\u00e1t transzfert ad hozz\u00e1 m\u00e1s indul\u00e1sokr\u00f3l ehhez az utaz\u00e1shoz, az id\u0151 v\u00e1ltozhat)<\/b> <span style=\"font-size: 16px;\">Ez az utaz\u00e1s a legjobb strandokhoz vezet <strong>Saona sziget<\/strong> (Isla Saona) Bayahibe v\u00e1ros\u00e1b\u00f3l indulva az eb\u00e9d a szigeten van, \u00e9s meg\u00e1ll a sziget term\u00e9szetes medenc\u00e9in\u00e9l.<strong> Cotubanama Nemzeti Park<\/strong>. \u00c9lvezze a Dominikai K\u00f6zt\u00e1rsas\u00e1g gy\u00f6ny\u00f6r\u0171 d\u00e9lkeleti partj\u00e1t, ahol haj\u00f3ra sz\u00e1llva haj\u00f3zik v\u00e9gig a tengerparton, megfigyelve ennek az egyed\u00fcl\u00e1ll\u00f3 helynek a k\u00fcl\u00f6nb\u00f6z\u0151 strandjait, t\u00e1jait, mangrove- \u00e9s m\u00e9szk\u0151k\u00e9pz\u0151dm\u00e9nyeit.\u00a0<\/span><\/div>\n<div>\n<p><span style=\"font-weight: 400;\">A sziget el\u00e9r\u00e9se k\u00f6r\u00fclbel\u00fcl 45 percet vesz ig\u00e9nybe, \u00e9s a t\u00fara sor\u00e1n lehet\u0151s\u00e9g ny\u00edlik megtekint\u00e9sre <strong>Mano Juan<\/strong>, amely az egyetlen k\u00f6z\u00f6ss\u00e9g a szigeten, ugyanitt van lehet\u0151s\u00e9g eb\u00e9delni, ha nem jut el Mano Juanba, a k\u00f6rny\u00e9k k\u00fcl\u00f6nb\u00f6z\u0151 strandjait l\u00e1togatja meg, \u00e9s az eb\u00e9d a tengerparton lesz, lehet\u0151s\u00e9ge lesz sznorkelezni is a szigeten.<\/span><\/p>\n<p><span style=\"font-weight: 400;\">Amikor befejezi utaz\u00e1s\u00e1t a sziget k\u00fcl\u00f6nb\u00f6z\u0151 helyein, visszamegy arra a helyre, ahol tal\u00e1lkozik az idegenvezet\u0151vel.<\/span><\/p>\n<ul>\n<li style=\"font-weight: 400;\"><span style=\"font-weight: 400;\">Tartalmazza a sv\u00e9dasztalos eb\u00e9det a tengerparton.<\/span><\/li>\n<li style=\"font-weight: 400;\"><span style=\"font-weight: 400;\">Term\u00e9szetes medence<\/span><\/li>\n<li style=\"font-weight: 400;\"><span style=\"font-weight: 400;\">Transzfer haj\u00f3val vagy katamar\u00e1nnal<\/span><\/li>\n<li style=\"font-weight: 400;\"><span style=\"font-weight: 400;\">A kapit\u00e1ny utas\u00edt\u00e1st \u00e9s fel\u00fcgyeletet biztos\u00edt<\/span><\/li>\n<\/ul>\n<\/div>\n<p>&nbsp;<\/p>\n<h2><b>Befoglal\u00e1sok \u00e9s kiz\u00e1r\u00e1sok<\/b><\/h2>\n<p><b>Z\u00e1rv\u00e1nyok<\/b><\/p>\n<ol>\n<li>Motorcs\u00f3nakos vagy katamar\u00e1nos kir\u00e1ndul\u00e1s (minden a csoport m\u00e9ret\u00e9t\u0151l f\u00fcgg)<\/li>\n<li style=\"font-weight: 400;\"><span style=\"font-weight: 400;\">Sv\u00e9dasztalos eb\u00e9d a tengerparton<\/span><\/li>\n<li>Term\u00e9szetes medence<\/li>\n<li style=\"font-weight: 400;\"><span style=\"font-weight: 400;\">Minden ad\u00f3, d\u00edj \u00e9s kezel\u00e9si k\u00f6lts\u00e9g<\/span><\/li>\n<li style=\"font-weight: 400;\"><span style=\"font-weight: 400;\">Helyi ad\u00f3k<\/span><\/li>\n<li style=\"font-weight: 400;\"><span style=\"font-weight: 400;\">Italok<\/span><\/li>\n<\/ol>\n<p><b> Kiz\u00e1r\u00e1sok<\/b><\/p>\n<ol>\n<li style=\"font-weight: 400;\"><span style=\"font-weight: 400;\">h\u00e1lap\u00e9nz<\/span><\/li>\n<li>Helyi idegenvezet\u0151<\/li>\n<\/ol>\n<p>&nbsp;<\/p>\n<h4><em><strong>Indul\u00e1s \u00e9s vissza\u00fat<\/strong><\/em><\/h4>\n<p><span style=\"font-weight: 400;\">Van egy menetrend\u00fcnk, hogy felvegy\u00fck \u00e9s leadhassuk \u00d6nt, att\u00f3l f\u00fcgg\u0151en, hogy melyik ter\u00fcleten tart\u00f3zkodik. <\/span><span style=\"font-weight: 400;\">A Foglal\u00e1si folyamat ut\u00e1n az utaz\u00f3 tal\u00e1lkoz\u00e1si pontot kap. A t\u00far\u00e1k tal\u00e1lkoz\u00e1si pontjainkon indulnak \u00e9s fejez\u0151dnek be.<\/span><\/p>\n<p>&nbsp;<\/p>\n<h4><b><i>Mi v\u00e1rhat\u00f3?<\/i><\/b><\/h4>\n<p>&nbsp;<\/p>\n<p><em><strong>Vedd meg a jegyeidet<\/strong><\/em> napijegy a Saona-szigeten (Isla Saona), Bayahibe-ben, valamint egy csod\u00e1latos eb\u00e9d \u00e9s strandol\u00e1s.<\/p>\n<p><span style=\"font-weight: 400;\">A \u201eBooking Adventures\u201d \u00e1ltal szervezett Day Trip az idegenvezet\u0151vel megjel\u00f6lt tal\u00e1lkoz\u00e1si pontt\u00f3l indul. <\/span>Eb\u00e9d a tengerparton, \u00e9s addig maradhatsz, ameddig csak akarsz \u00faszni. Ha veg\u00e1n vagy, mi is k\u00e9sz\u00edt\u00fcnk neked \u00e9telt.<\/p>\n<p>Ez a haj\u00f3kir\u00e1ndul\u00e1s Bayahibe-b\u0151l indul, de priv\u00e1t transzfert k\u00edn\u00e1lunk fel\u00e1r ellen\u00e9ben, att\u00f3l f\u00fcgg\u0151en, hogy hol van a csoport.<\/p>\n<p><strong>Menetrend:<\/strong><\/p>\n<p>7:45 \u2013 18:00<\/p>\n<p>&nbsp;<\/p>\n<h4><em><strong>Mit kell vinni?<\/strong><\/em><\/h4>\n<ul>\n<li style=\"font-weight: 400;\"><span style=\"font-weight: 400;\">Kamera<\/span><\/li>\n<li style=\"font-weight: 400;\"><span style=\"font-weight: 400;\">Riaszt\u00f3 bimb\u00f3k<\/span><\/li>\n<li style=\"font-weight: 400;\"><span style=\"font-weight: 400;\">naptej<\/span><\/li>\n<li style=\"font-weight: 400;\"><span style=\"font-weight: 400;\">Kalap<\/span><\/li>\n<li style=\"font-weight: 400;\"><span style=\"font-weight: 400;\">K\u00e9nyelmes nadr\u00e1g<\/span><\/li>\n<li style=\"font-weight: 400;\"><span style=\"font-weight: 400;\">Erdei t\u00faracip\u0151<\/span><\/li>\n<li style=\"font-weight: 400;\"><span style=\"font-weight: 400;\">Szand\u00e1l a strandra<\/span><\/li>\n<li style=\"font-weight: 400;\"><span style=\"font-weight: 400;\">\u00dasz\u00f3ruha<\/span><\/li>\n<li>K\u00e9szp\u00e9nz aj\u00e1nd\u00e9kt\u00e1rgyak\u00e9rt<\/li>\n<\/ul>\n<p>&nbsp;<\/p>\n<h2><b><i>Sz\u00e1llodai felv\u00e9tel a Saona-szigeti egynapos kir\u00e1ndul\u00e1sra<\/i><\/b><\/h2>\n<p><span style=\"font-weight: 400;\">Ezt a programot az \u00d6n tart\u00f3zkod\u00e1si helye alapj\u00e1n \u00e1ll\u00edtottuk be. K\u00e9rj\u00fck, tudassa vel\u00fcnk konkr\u00e9t sz\u00e1llod\u00e1j\u00e1t, \u00e9s felvessz\u00fck \u00d6nnel a kapcsolatot, hogy megbesz\u00e9lj\u00fck, hol tal\u00e1lkozunk. Ez a transzfer opci\u00f3 k\u00fcl\u00f6n k\u00f6lts\u00e9get jelent. Ez az utaz\u00e1s Bayahibe-b\u0151l indul.<\/span><\/p>\n<table style=\"height: 487px;\" width=\"420\">\n<tbody>\n<tr>\n<td><b>Hely<\/b><\/td>\n<td><b>Id\u0151<\/b><\/td>\n<\/tr>\n<tr>\n<td><b>Punta Cana<\/b><\/td>\n<td><b>7:45<\/b><\/td>\n<\/tr>\n<tr>\n<td><b>B\u00e1varo<\/b><\/td>\n<td><b>7:30<\/b><\/td>\n<\/tr>\n<tr>\n<td><b>Uvero Altos<\/b><\/td>\n<td><b>reggel 7:00<\/b><\/td>\n<\/tr>\n<tr>\n<td><b>Club Med<\/b><\/td>\n<td><b>reggel 7:00<\/b><\/td>\n<\/tr>\n<tr>\n<td><b>Boca Chica<\/b><\/td>\n<td><b>reggel 7:00<\/b><\/td>\n<\/tr>\n<tr>\n<td><b>Santo Domingo<\/b><\/td>\n<td><b>6:40<\/b><\/td>\n<\/tr>\n<tr>\n<td><b>Juan Doli\u00f3<\/b><\/td>\n<td><b>reggel 7:00<\/b><\/td>\n<\/tr>\n<\/tbody>\n<\/table>\n<p>&nbsp;<\/p>\n<p><b>Jegyzet:<\/b><span style=\"font-weight: 400;\"> Ha a t\u00fara\/kir\u00e1ndul\u00e1s indul\u00e1si id\u0151pontj\u00e1t\u00f3l sz\u00e1m\u00edtott 24 \u00f3r\u00e1n bel\u00fcl foglal, fel\u00e1r ellen\u00e9ben meg tudjuk szervezni a sz\u00e1llodai \u00e1tv\u00e9telt. Amint a v\u00e1s\u00e1rl\u00e1s befejez\u0151d\u00f6tt, elk\u00fcldj\u00fck \u00d6nnek a helyi idegenvezet\u0151nk teljes el\u00e9rhet\u0151s\u00e9gi adatait (telefonsz\u00e1m, e-mail c\u00edm stb.), hogy megszervezhess\u00fck az \u00e1tv\u00e9tel megszervez\u00e9s\u00e9t.<\/span><\/p>\n<h4><b><i>Tov\u00e1bbi inform\u00e1ci\u00f3k meger\u0151s\u00edt\u00e9se <\/i><\/b><\/h4>\n<ol>\n<li>A jegyek a t\u00fara befizet\u00e9s\u00e9t k\u00f6vet\u0151 nyugt\u00e1k. A fizet\u00e9st a telefonon tudod megjelen\u00edteni.<\/li>\n<li style=\"font-weight: 400;\"><span style=\"font-weight: 400;\">A tal\u00e1lkoz\u00e1si pontot a foglal\u00e1si folyamat ut\u00e1n veszik \u00e1t.<\/span><\/li>\n<li style=\"font-weight: 400;\"><span style=\"font-weight: 400;\">A gyermekeket feln\u0151tt k\u00eds\u00e9ret\u00e9ben kell biztos\u00edtani.<\/span><\/li>\n<li style=\"font-weight: 400;\"><span style=\"font-weight: 400;\">kerekessz\u00e9kkel el\u00e9rhet\u0151 <\/span><\/li>\n<li style=\"font-weight: 400;\"><span style=\"font-weight: 400;\">A csecsem\u0151knek \u00f6lben kell \u00fclni\u00fck <\/span><\/li>\n<li style=\"font-weight: 400;\"><span style=\"font-weight: 400;\">A legt\u00f6bb utaz\u00f3 r\u00e9szt vehet<\/span><\/li>\n<\/ol>\n<h4><b><i>Lemond\u00e1si felt\u00e9telek<\/i><\/b><\/h4>\n<p>A teljes visszat\u00e9r\u00edt\u00e9s\u00e9rt k\u00e9rj\u00fck, olvassa el lemond\u00e1si szab\u00e1lyzatunkat\u00a0<a href=\"https:\/\/www.boattoursamana.com\/hu\/online-foglalas\/\" target=\"_blank\" rel=\"noopener\" data-saferedirecturl=\"https:\/\/www.google.com\/url?q=https:\/\/www.boattoursamana.com\/online-booking\/&amp;source=gmail&amp;ust=1672449202351000&amp;usg=AOvVaw1yAeVAPktmaVCqDujgUn90\">Kattints ide<\/a>. Az \u00f6sszeg elveszik, ha a foglal\u00e1st az utaz\u00e1s napj\u00e1n lemondj\u00e1k.<\/p>\n<p>MEGJEGYZ\u00c9S: Ha szeretn\u00e9 megtenni ezt a kir\u00e1ndul\u00e1st, \u00e9s tov\u00e1bbi r\u00e9szleteket szeretne tudni, megteheti<a href=\"mailto:info@bookingadventures.com.do\">\u00a0vegye fel vel\u00fcnk a kapcsolatot emailben<\/a>l<strong>\u00a0<\/strong>vagy a Whatsapp k\u00f6zvetlen szolg\u00e1ltat\u00e1si chaten kereszt\u00fcl ezen a sz\u00e1mon:\u00a0<strong>+1 809-720-6035<\/strong>. Azonnal jelentkez\u00fcnk, \u00e9s a l\u00e9tsz\u00e1m f\u00fcggv\u00e9ny\u00e9ben \u00e1raj\u00e1nlatot tudunk tenni.<\/p>\n<p>(A t\u00fara z\u00e1rtk\u00f6r\u0171 lebonyol\u00edt\u00e1s\u00e1hoz minimum 4 f\u0151 sz\u00fcks\u00e9ges. Kevesebb l\u00e9tsz\u00e1m eset\u00e9n f\u00e9lig priv\u00e1t t\u00far\u00e1t is tudunk szervezni maximum 15 f\u0151vel).<\/p>\n<div id=\"gtx-trans\" style=\"position: absolute; left: -1px; top: 1055.03px;\">\n<div class=\"gtx-trans-icon\"><\/div>\n<\/div>\n\n\t\t<\/div>\n\t<\/div>\n<\/div><\/div><\/div><\/div><div class=\"vc_row wpb_row vc_row-fluid\" ><div class=\"wpb_column vc_column_container vc_col-sm-12\"><div class=\"vc_column-inner\"><div class=\"wpb_wrapper\"><div class=\"vc_btn3-container vc_btn3-inline\" ><a class=\"vc_general vc_btn3 vc_btn3-size-md vc_btn3-shape-rounded vc_btn3-style-modern vc_btn3-color-green\" href=\"https:\/\/bookingadventures.tours\/booking.php?tour_id=4e51017da3bfae5b33fb59ebc6e20188\" title=\"\" rel=\"noopener\">FOGLALJ MOST<\/a><\/div><\/div><\/div><\/div><\/div><div class=\"vc_row wpb_row vc_row-fluid\" ><div class=\"wpb_column vc_column_container vc_col-sm-12\"><div class=\"vc_column-inner\"><div class=\"wpb_wrapper\"><div class=\"vc_empty_space\"   style=\"height: 32px\"><span class=\"vc_empty_space_inner\"><\/span><\/div>\n\t<div class=\"wpb_video_widget wpb_content_element vc_clearfix   vc_video-aspect-ratio-169 vc_video-el-width-100 vc_video-align-left\" >\n\t\t<div class=\"wpb_wrapper\">\n\t\t\t<h2 class=\"wpb_heading wpb_video_heading\">Saona Island Tours &amp; Excursions vide\u00f3:<\/h2>\n\t\t\t<div class=\"wpb_video_wrapper\"><iframe loading=\"lazy\" title=\"Saola-sziget Eg\u00e9sz napos Booking Adventures, Travel Dominikai K\u00f6zt\u00e1rsas\u00e1g\" width=\"1100\" height=\"619\" src=\"https:\/\/www.youtube.com\/embed\/sas91N4zMHo?feature=oembed\" frameborder=\"0\" allow=\"accelerometer; autoplay; encrypted-media; gyroscope; picture-in-picture\" allowfullscreen><\/iframe><\/div>\n\t\t<\/div>\n\t<\/div>\n<div class=\"vc_empty_space\"   style=\"height: 32px\"><span class=\"vc_empty_space_inner\"><\/span><\/div><\/div><\/div><\/div><\/div><div class=\"vc_row wpb_row vc_row-fluid\" ><\/div><div class=\"wpb_column vc_column_container vc_col-sm-12\"><div class=\"vc_column-inner\"><div class=\"wpb_wrapper\"><div class=\"vc_btn3-container vc_btn3-inline\" ><a class=\"vc_general vc_btn3 vc_btn3-size-md vc_btn3-shape-rounded vc_btn3-style-modern vc_btn3-color-green\" href=\"https:\/\/bookingadventures.tours\/booking.php?tour_id=4e51017da3bfae5b33fb59ebc6e20188\" title=\"\" rel=\"noopener\">FOGLALJ MOST<\/a><\/div><\/div><\/div><\/div><div class=\"vc_empty_space\"   style=\"height: 32px\"><span class=\"vc_empty_space_inner\"><\/span><\/div><div class=\"vc_empty_space\"   style=\"height: 32px\"><span class=\"vc_empty_space_inner\"><\/span><\/div>","protected":false},"excerpt":{"rendered":"<p>Napi b\u00e9rlet Saona sziget\u00e9re Bayahibe kik\u00f6t\u0151j\u00e9b\u0151l. Az \u00e1r tartalmazza az eb\u00e9det \u00e9s a term\u00e9szetes medenc\u00e9ket. Sz\u00fcks\u00e9g eset\u00e9n \u00e1tsz\u00e1ll\u00e1s a Dominikai K\u00f6zt\u00e1rsas\u00e1g b\u00e1rmely r\u00e9sz\u00e9b\u0151l. Egyszer\u0171en l\u00e9pjen kapcsolatba vel\u00fcnk, \u00e9s \u00e9lvezze a legjobb \u00e9lm\u00e9nyt Isla Saona v\u00e1ros\u00e1ban.<\/p>\n<p>&nbsp;<\/p>\n<p><strong>V\u00e1lassza ki a t\u00fara d\u00e1tum\u00e1t:<\/strong><\/p>\n<p>&nbsp;<\/p>","protected":false},"featured_media":13415,"template":"","meta":[],"product_cat":[948,821,828],"product_tag":[400,244,242,395,272,823,690,241,243,315,398,824,825,314],"class_list":["post-11527","product","type-product","status-publish","has-post-thumbnail","hentry","product_cat-1-punta-cana","product_cat-saona-island-offers","product_cat-saona-island-private-tour-from-la-romana-hotels-la-romana-lobby","product_tag-all-inclusive-trip-to-saona-island-by-speedboat-catamaran","product_tag-bayahibe","product_tag-catamaran","product_tag-how-to-get-to-saona-island","product_tag-isla-saona","product_tag-private-day-trip-saona","product_tag-private-tours","product_tag-saona","product_tag-saona-island","product_tag-saona-island-excursion","product_tag-saona-island-hotels","product_tag-saona-island-private","product_tag-saona-island-private-tour-from-punta-cana-hotels-punta-cana-lobby","product_tag-saona-island-tour"],"_links":{"self":[{"href":"https:\/\/www.boattoursamana.com\/hu\/wp-json\/wp\/v2\/product\/11527","targetHints":{"allow":["GET"]}}],"collection":[{"href":"https:\/\/www.boattoursamana.com\/hu\/wp-json\/wp\/v2\/product"}],"about":[{"href":"https:\/\/www.boattoursamana.com\/hu\/wp-json\/wp\/v2\/types\/product"}],"wp:featuredmedia":[{"embeddable":true,"href":"https:\/\/www.boattoursamana.com\/hu\/wp-json\/wp\/v2\/media\/13415"}],"wp:attachment":[{"href":"https:\/\/www.boattoursamana.com\/hu\/wp-json\/wp\/v2\/media?parent=11527"}],"wp:term":[{"taxonomy":"product_cat","embeddable":true,"href":"https:\/\/www.boattoursamana.com\/hu\/wp-json\/wp\/v2\/product_cat?post=11527"},{"taxonomy":"product_tag","embeddable":true,"href":"https:\/\/www.boattoursamana.com\/hu\/wp-json\/wp\/v2\/product_tag?post=11527"}],"curies":[{"name":"wp","href":"https:\/\/api.w.org\/{rel}","templated":true}]}}