{"id":11569,"date":"2020-10-10T15:42:33","date_gmt":"2020-10-10T15:42:33","guid":{"rendered":"https:\/\/www.ticketswhales.com\/?post_type=product&#038;p=11569"},"modified":"2023-11-07T21:53:32","modified_gmt":"2023-11-07T21:53:32","slug":"private-kayaking-snorkeling-with-lunch-on-cayo-levantado-island","status":"publish","type":"product","link":"https:\/\/www.boattoursamana.com\/hu\/tura\/privat-kajakozas-snorkeling-ebeddel-a-cayo-levantado-szigeten","title":{"rendered":"Samana: Cayo Levantado \u00e9s kajakoz\u00e1s + sznorkelez\u00e9s"},"content":{"rendered":"<div class=\"wpb_column vc_column_container vc_col-sm-12\"><div class=\"vc_column-inner\"><div class=\"wpb_wrapper\"><\/div><\/div><\/div><div class=\"vc_row wpb_row vc_row-fluid\" ><div class=\"wpb_column vc_column_container vc_col-sm-12\"><div class=\"vc_column-inner\"><div class=\"wpb_wrapper\">\n\t<div class=\"wpb_text_column wpb_content_element\" >\n\t\t<div class=\"wpb_wrapper\">\n\t\t\t<div class=\"vc_row wpb_row vc_row-fluid\">\n<div class=\"wpb_column vc_column_container vc_col-sm-12\">\n<div class=\"vc_column-inner\">\n<div class=\"wpb_wrapper\">\n<div class=\"mkdf-section-title-holder\">\n<div class=\"mkdf-st-inner\">\n<h5 class=\"mkdf-st-subtitle\">From Samana Port: Private Tour<\/h5>\n<h3 class=\"mkdf-st-title\">Private Kayak &amp; Snorkel with Lunch on Cayo Levantado Island<\/h3>\n<\/div>\n<\/div>\n<div class=\"vc_empty_space\"><\/div>\n<\/div>\n<\/div>\n<\/div>\n<\/div>\n<div class=\"vc_row wpb_row vc_row-fluid\"><\/div>\n<div class=\"wpb_column vc_column_container vc_col-sm-12\">\n<div class=\"vc_column-inner\">\n<div class=\"wpb_wrapper\"><\/div>\n<\/div>\n<\/div>\n<div class=\"wpb_text_column wpb_content_element\">\n<div class=\"wpb_wrapper\"><\/div>\n<\/div>\n<div class=\"vc_row wpb_row vc_row-fluid\">\n<div class=\"wpb_column vc_column_container vc_col-sm-12\">\n<div class=\"vc_column-inner\">\n<div class=\"wpb_wrapper\">\n<div class=\"wpb_text_column wpb_content_element\">\n<div class=\"wpb_wrapper\">\n<div class=\"vc_row wpb_row vc_row-fluid\">\n<div class=\"wpb_column vc_column_container vc_col-sm-12\">\n<div class=\"vc_column-inner\">\n<div class=\"wpb_wrapper\">\n<div class=\"wpb_text_column wpb_content_element\">\n<div class=\"wpb_wrapper\">\n<h4><b><i>\u00c1ttekint\u00e9s \ud83d\udc33<\/i><\/b><\/h4>\n<p><strong>Avoid large groups of tourists.<\/strong>\u00a0and take your Private Kayak and Snorkel Tour in the Bay of Saman\u00e1 departing from the port of Saman\u00e1.<\/p>\n<p>Admire 40 minutes of unparalleled panoramic views of Samana Bay from the sea by kayak and snorkel in the crystal clear waters of a nearby beach on the famous Cayo Levantado\/Bacardi Island. Where we can stretch our legs and use our snorkel kits, there&#8217;s another world to explore!<br \/>\nAfter snorkeling, we&#8217;ll go for a typical Dominican lunch on the beach and discover the most beautiful island in the Dominican Republic. Home to a beautiful luxury hotel, white sand beaches, a lush rainforest, and amazing skilled artists offering their handmade paintings and other products.<\/p>\n<p>What can you do on the island?<br \/>\nSwimming, hiking, playing volleyball, taking photos, snorkeling, enjoying the beach or just relaxing in the shade and having a refreshing drink (Pi\u00f1a Colada, Coco Loco, Cuba Libre, etc.) There are plenty of options to enjoy the island for everyone!<\/p>\n<p>On the way back to Saman\u00e1 we change perspective and our attention is captured by details that we had not noticed before, enjoying every meter approximately 40 min.<\/p>\n<p>We are the only ones offering this Tour in the entire Dominican Republic! This unique experience is the dream come true for nature and sea lovers.<\/p>\n<p><strong>Jegyzet:<\/strong>\u00a0This tour is private. (Just you and your family or friends and the Tour Guide).<\/p>\n<p>&nbsp;<\/p>\n<h4><b>Inclusions and exclusions<\/b><\/h4>\n<p>&nbsp;<\/p>\n<p><b>Z\u00e1rv\u00e1nyok<\/b><\/p>\n<p>&nbsp;<\/p>\n<ol>\n<li>Buffet lunch on the beach.<\/li>\n<li>Tour guide<\/li>\n<li>kayaks, paddle boarding<\/li>\n<li>Life jacket<\/li>\n<li>Snorkel Kit<\/li>\n<li>All taxes, fees and handling charges.<\/li>\n<li>Local Taxes<\/li>\n<li>Italok (egy \u00fcveg v\u00edz szem\u00e9lyenk\u00e9nt)<\/li>\n<\/ol>\n<p><b>Kiz\u00e1r\u00e1sok<\/b><\/p>\n<ol>\n<li>Tips<\/li>\n<li>Car Transfer<\/li>\n<li>Alcohol<\/li>\n<\/ol>\n<p>&nbsp;<\/p>\n<h4><em><strong>Departure and return<\/strong><\/em><\/h4>\n<p>This trip starts at 8:00 am and ends around 4:00 pm. But because it will be a private trip, you can set the start and end time.<\/p>\n<p>The traveler will get a meeting point after the Booking Process. Tours start and end at our meeting points.<\/p>\n<p>&nbsp;<\/p>\n<h4><b><i>What to expect?<\/i><\/b><\/h4>\n<p>&nbsp;<\/p>\n<p><em><strong>Vedd meg a jegyeidet<\/strong><\/em>\u00a0for kayaking and snorkeling in Samana Bay. 40 minutes of incomparable panoramic views of the Bay of Saman\u00e1 from the sea by kayak and snorkeling in the crystal clear waters of a nearby beach of the famous Cayo Levantado\/Bacardi. Typical Dominican lunch on the beach. In the whale watching season there is a chance to see humpback whales.<\/p>\n<p>The Kayak &amp; Snorkel Tour, organized by &#8220;Booking Adventures&#8221;, starts at the meeting point set with the Tour Guide. Lunch on the beach and you can stay as long as you want swimming. If you are vegan we can also prepare some food for you.<\/p>\n<p><strong>Calendar:<\/strong><\/p>\n<p>8:00 AM &#8211; 4:00 PM<\/p>\n<p>&nbsp;<\/p>\n<h4><em><strong>Mit vigy\u00e9l magaddal?<\/strong><\/em><\/h4>\n<ul>\n<li>Kamera<\/li>\n<li>T\u00f6r\u00fclk\u00f6z\u0151<\/li>\n<li>napv\u00e9delem<\/li>\n<li>Kalap<\/li>\n<li>Comfortable pants and shoes.<\/li>\n<li>Sandals for the beach<\/li>\n<li>Swimmer&#8217;s dress<\/li>\n<li>K\u00e9szp\u00e9nz aj\u00e1nd\u00e9kt\u00e1rgyak\u00e9rt<\/li>\n<\/ul>\n<p>&nbsp;<\/p>\n<h4><b><i>Hotel pick-up<\/i><\/b><\/h4>\n<p>Hotel pickup is not offered for this tour.<\/p>\n<p>&nbsp;<\/p>\n<p><b>Jegyzet:<\/b>\u00a0If you make the booking within 24 hours prior to the departure time of the tour\/excursion, we can arrange hotel pick-up with additional charges. Once your purchase is complete, we will send you the full contact information (phone number, email address, etc.) of our local tour guide to arrange pick-up arrangements.<\/p>\n<h4><b><i>Confirmation of additional information<\/i><\/b><\/h4>\n<ol>\n<li>Tickets are the Receipt after paying for this Tour.\u00a0You can display the payment on your phone.<\/li>\n<li>The meeting point will be received after the booking process.<\/li>\n<li>A gyermekeket feln\u0151tt k\u00eds\u00e9ret\u00e9ben kell biztos\u00edtani.<\/li>\n<li>Wheelchair accessible<\/li>\n<li>Babies should sit on the lap.<\/li>\n<li>Most travelers are eligible to participate.<\/li>\n<\/ol>\n<h4><b><i>Lemond\u00e1si felt\u00e9telek<\/i><\/b><\/h4>\n<p>For a full refund, cancel at least 24 hours before the experience start date.<\/p>\n<\/div>\n<\/div>\n<\/div>\n<\/div>\n<\/div>\n<\/div>\n<\/div>\n<\/div>\n<\/div>\n<\/div>\n<\/div>\n<\/div>\n<div class=\"vc_row wpb_row vc_row-fluid\">\n<div class=\"wpb_column vc_column_container vc_col-sm-12\">\n<div class=\"vc_column-inner\">\n<div class=\"wpb_wrapper\">\n<div class=\"vc_empty_space\"><\/div>\n<div class=\"wpb_text_column wpb_content_element\">\n<div class=\"wpb_wrapper\">\n<h4>L\u00e9pjen kapcsolatba vel\u00fcnk?<\/h4>\n<h5><b><i>Adventure Bookings<\/i><\/b><\/h5>\n<p><em>Tourist guides and guest services.\u00a0<strong>local<\/strong>\u00a0\u00e9s\u00a0<strong>national<\/strong><\/em><\/p>\n<p><span class=\"text-turquoise\">Foglal\u00e1sok:<\/span>\u00a0Tours &amp; Excursions in Dom.\u00a0Representatives.<\/p>\n<p>\ud83d\udcde\u00a0Phone\/Whatsapp\u00a0<a href=\"tel: 1-809-720-6035\">+ 1-809-720-6035<\/a>\u00a0.<\/p>\n<p>\ud83d\udce9\u00a0<a href=\"mailto:info@bookingadventures.com.do\">info@bookingadventures.com.do<\/a><\/p>\n<p><strong>Priv\u00e1t t\u00far\u00e1k vagyunk a Whatsapp rugalmas konfigur\u00e1ci\u00f3j\u00e1val:\u00a0<a href=\"tel: 18097206035\">+18097206035.<\/a><\/strong><\/p>\n<\/div>\n<\/div>\n<\/div>\n<\/div>\n<\/div>\n<\/div>\n\n\t\t<\/div>\n\t<\/div>\n<\/div><\/div><\/div><\/div>","protected":false},"excerpt":{"rendered":"<p>Private kayak and snorkeling tour in Samana Bay, Dominican Republic with local tour guides.\u00a0Feel free to set the start time that suits you best.\u00a0Book this Samana Bay Excursion now to live the true Caribbean Adventure.<\/p>\n<p>Megjegyz\u00e9s: Ez a t\u00fara priv\u00e1t!<\/p>\n<p>&nbsp;<\/p>\n<p><em><strong>V\u00e1lassza ki a t\u00fara d\u00e1tum\u00e1t:<\/strong><\/em><\/p>","protected":false},"featured_media":13413,"template":"","meta":[],"product_cat":[255,946,655],"product_tag":[184,328,208,327,187,342,433,276],"class_list":["post-11569","product","type-product","status-publish","has-post-thumbnail","hentry","product_cat-tours-excursions-samana-bay-dominican-republic","product_cat-1-sabana-de-la-mar","product_cat-1-samana","product_tag-bacardi-island","product_tag-cayo-levantado-day-pass","product_tag-kayaking-dominican-republic","product_tag-private-tours-samana","product_tag-samana-tours","product_tag-samana-whale-watching","product_tag-snorkeling","product_tag-whale-samana"],"_links":{"self":[{"href":"https:\/\/www.boattoursamana.com\/hu\/wp-json\/wp\/v2\/product\/11569","targetHints":{"allow":["GET"]}}],"collection":[{"href":"https:\/\/www.boattoursamana.com\/hu\/wp-json\/wp\/v2\/product"}],"about":[{"href":"https:\/\/www.boattoursamana.com\/hu\/wp-json\/wp\/v2\/types\/product"}],"wp:featuredmedia":[{"embeddable":true,"href":"https:\/\/www.boattoursamana.com\/hu\/wp-json\/wp\/v2\/media\/13413"}],"wp:attachment":[{"href":"https:\/\/www.boattoursamana.com\/hu\/wp-json\/wp\/v2\/media?parent=11569"}],"wp:term":[{"taxonomy":"product_cat","embeddable":true,"href":"https:\/\/www.boattoursamana.com\/hu\/wp-json\/wp\/v2\/product_cat?post=11569"},{"taxonomy":"product_tag","embeddable":true,"href":"https:\/\/www.boattoursamana.com\/hu\/wp-json\/wp\/v2\/product_tag?post=11569"}],"curies":[{"name":"wp","href":"https:\/\/api.w.org\/{rel}","templated":true}]}}