{"id":11589,"date":"2020-10-10T18:07:18","date_gmt":"2020-10-10T18:07:18","guid":{"rendered":"https:\/\/www.ticketswhales.com\/?post_type=product&#038;p=11589"},"modified":"2023-11-07T21:36:36","modified_gmt":"2023-11-07T21:36:36","slug":"los-haitises-complete-adventure-hotel-hiking-swimming-kayaking","status":"publish","type":"product","link":"https:\/\/www.boattoursamana.com\/hu\/tura\/los-haitises-teljes-kaland-hotel-turazas-uszas-kajakozas","title":{"rendered":"Sz\u00e1lloda + t\u00far\u00e1z\u00e1s + \u00fasz\u00e1s + kajakoz\u00e1s 2 napos kir\u00e1ndul\u00e1s Los Haitisesben"},"content":{"rendered":"<div class=\"vc_row wpb_row vc_row-fluid\" ><div class=\"wpb_column vc_column_container vc_col-sm-12\"><div class=\"vc_column-inner\"><div class=\"wpb_wrapper\">\n\t<div class=\"wpb_text_column wpb_content_element\" >\n\t\t<div class=\"wpb_wrapper\">\n\t\t\t<p><span style=\"vertical-align: inherit;\"><span style=\"vertical-align: inherit;\"><\/p>\n\n\t\t<\/div>\n\t<\/div>\n<\/div><\/div><\/div><\/div><div class=\"vc_row wpb_row vc_row-fluid\" ><div class=\"wpb_column vc_column_container vc_col-sm-12\"><div class=\"vc_column-inner\"><div class=\"wpb_wrapper\"><div class=\"mkdf-section-title-holder\" style=\"text-align: left\">\n\t<div class=\"mkdf-st-inner\">\n\t\t\t\t\t<h5 class=\"mkdf-st-subtitle\" >\n\t\t\t\tHotel + Senderismo + Nataci\u00f3n + Kajak\t\t\t<\/h5>\n\t\t\t\t\t\t\t<h3 class=\"mkdf-st-title\" >\n\t\t\t\tLos Haitises teljes kalandja\t\t\t<\/h3>\n\t\t\t\t\t<\/div>\n<\/div><div class=\"vc_empty_space\"   style=\"height: 32px\"><span class=\"vc_empty_space_inner\"><\/span><\/div><div class=\"vc_btn3-container vc_btn3-inline\" ><a class=\"vc_general vc_btn3 vc_btn3-size-md vc_btn3-shape-rounded vc_btn3-style-modern vc_btn3-color-green\" href=\"https:\/\/bookingadventures.tours\/booking.php?tour_id=7d51c901332affeec66cbebebfdbc9f7\" title=\"\" rel=\"noopener\">FOGLALD LE MOST<\/a><\/div><div class=\"vc_empty_space\"   style=\"height: 32px\"><span class=\"vc_empty_space_inner\"><\/span><\/div>\n\t<div class=\"wpb_text_column wpb_content_element\" >\n\t\t<div class=\"wpb_wrapper\">\n\t\t\t<p>\u00a0<\/span><\/span><\/p>\n<h4><\/h4>\n<h3><span style=\"vertical-align: inherit;\"><span style=\"vertical-align: inherit;\">D\u00eda 1<\/span><\/span><\/h3>\n<p>Megl\u00e1togatjuk a Dominikai K\u00f6zt\u00e1rsas\u00e1g keleti oldal\u00e1t, a Los Haitises Nemzeti Park es\u0151erd\u0151j\u00e9t, kalandunk az Ecolodge-ban val\u00f3 bejelentkez\u00e9s ut\u00e1n kezd\u0151dik. El\u0151sz\u00f6r egy 2-3 \u00f3r\u00e1s t\u00far\u00e1val. Itt \u00e9lvezheti a t\u00e1jat, megismerheti a Dominikai K\u00f6zt\u00e1rsas\u00e1g vid\u00e9ki \u00e9let\u00e9t \u00e9s meg\u00e9lheti a term\u00e9szetet. \u00datk\u00f6zben megismerheti az es\u0151erd\u0151k biodiverz \u00f6kosziszt\u00e9m\u00e1j\u00e1t, \u00e9rintheti a kaka\u00f3f\u00e1kat, az egyed\u00fcl\u00e1ll\u00f3 n\u00f6v\u00e9nyvil\u00e1got \u00e9s a t\u00f6rt\u00e9nelmi ter\u00fcleteket.<\/p>\n<p>A t\u00fara befejez\u00e9se ut\u00e1n feljebb dominikai st\u00edlus\u00fa vacsora \u00e9s m\u00e1glya k\u00f6vetkezik a csillagok f\u00e9ny\u00e9ben.<\/p>\n<h3>2. nap<\/h3>\n<p>M\u00e1snap Dominikai st\u00edlus\u00fa reggeli. Reggeli ut\u00e1n perceket gyalogolunk a Mangroves kik\u00f6t\u0151ig. Ut\u00e1na elvissz\u00fck az \u00d6n biztons\u00e1g\u00e1hoz sz\u00fcks\u00e9ges felszerel\u00e9st (ment\u0151mell\u00e9ny, stb.), kajakokat \u00e9s mangrove mocsarak \u00e1tj\u00e1r\u00e1s\u00e1t. L\u00e1tni fog n\u00e9h\u00e1ny madarakkal teli mangrove-t, buja n\u00f6v\u00e9nyzettel bor\u00edtott dombokat.<\/p>\n<p>A ny\u00edlt San Lorenzo-\u00f6b\u00f6lben tal\u00e1lhat\u00f3 mangrove- \u00e9s Land-on kereszt\u00fcl, ahonnan fot\u00f3zhatja a zord erdei t\u00e1jat. Kezdje el ellen\u0151rizni n\u00e9h\u00e1ny endemikus mad\u00e1r-, eml\u0151s- \u00e9s n\u00f6v\u00e9nyfajt, a buja n\u00f6v\u00e9nyzet dombjai \u00e9s barlangjai <em><strong>Los Haitises Nemzeti Park<\/strong><\/em>.<\/p>\n<div class=\"body-description secondary\">\n<p>A nemzeti park neve eredeti lak\u00f3ir\u00f3l, a taino indi\u00e1nokr\u00f3l sz\u00e1rmazik. Nyelv\u00fck\u00f6n a \u201ehaitisek\u201d felf\u00f6ldet vagy dombokat jelentenek, utalva a partvonal meredek geol\u00f3giai k\u00e9pz\u0151dm\u00e9nyeire, m\u00e9szk\u00f6vekkel. Menjen m\u00e9lyebbre a parkban, \u00e9s fedezze fel a barlangokat, p\u00e9ld\u00e1ul a <em><strong>Cueva de la Arena.\u00a0<\/strong><\/em><\/p>\n<h3>Befejez\u0151 nap<\/h3>\n<p>Miut\u00e1n visszat\u00e9rt az Ecolodge-ba, van szabad ideje, hogy \u00e9lvezze a term\u00e9szetes viz\u0171 medenc\u00e9s \u00fasz\u00e1st a Los Haitises Nemzeti Park els\u0151 \u00e1sv\u00e1nyv\u00edzes\u00e9seivel. Dominikai st\u00edlus\u00fa eb\u00e9d \u00e9s kijelentkez\u00e9s a sz\u00e1llod\u00e1b\u00f3l 13:00 \u00f3rakor.<\/p>\n<\/div>\n<p>Ez egy kaland azoknak, akik a term\u00e9szetet \u00e9s az egyed\u00fcl\u00e1ll\u00f3 es\u0151erd\u0151 \u00e9lm\u00e9nyt szeretn\u00e9k \u00e9lvezni. Arra \u00f6sszpontos\u00edt, hogy val\u00f3di helyi k\u00e9pet ny\u00fajtson a Dominikai K\u00f6zt\u00e1rsas\u00e1gr\u00f3l a Los Haitises Nemzeti Parkban, t\u00f6rt\u00e9nelmi t\u00e9nyekkel \u00e9s az \u00f6kosziszt\u00e9m\u00e1val kapcsolatos inform\u00e1ci\u00f3kkal az utaz\u00e1s sor\u00e1n. A sz\u00e1ll\u00edt\u00e1st nem tartalmazza.<\/p>\n<h3>Tal\u00e1lkoz\u00e1si hely<\/h3>\n<p>Sabana de la marban tal\u00e1lkozunk, innen k\u00f6veti az \u00fatmutat\u00f3t saj\u00e1t j\u00e1rm\u0171v\u00e9vel rejtett gy\u00f6ngyszem\u00fcnkh\u00f6z!. K\u00e9sz\u00fclj\u00f6n fel egy igazi kalandt\u00far\u00e1ra, t\u0171zgy\u00fajt\u00e1sra, kajakoz\u00e1sra \u00e9s v\u00edzes\u00e9sekre, valamint az egyed\u00fcl\u00e1ll\u00f3 Ecolodge-ra a Dominikai K\u00f6zt\u00e1rsas\u00e1gban.<\/p>\n<p>Ha egy csoportot alkotsz, vagy egy olyan id\u0151pont ir\u00e1nt \u00e9rdekl\u0151dsz, amelyet nem l\u00e1tsz el\u00e9rhet\u0151nek, fordulj hozz\u00e1nk bizalommal, \u00e9s seg\u00edtek. Amint az a besz\u00e1mol\u00f3kban is l\u00e1that\u00f3, a Booking Adventures nagyon szenved\u00e9lyes a munk\u00e1nk ir\u00e1nt, \u00e9s szeretj\u00fck megmutatni vend\u00e9geinknek a sziget val\u00f3s \u00e9let\u00e9t. Minden t\u00far\u00e1n egy-egy mangrove f\u00e1t \u00fcltet\u00fcnk adom\u00e1nyk\u00e9nt a Term\u00e9szetnek.<\/p>\n<h4><b>Befoglal\u00e1sok \u00e9s kiz\u00e1r\u00e1sok<\/b><\/h4>\n<p><b>Z\u00e1rv\u00e1nyok<\/b><\/p>\n<ul>\n<li style=\"font-weight: 400;\">Los Haitises Nemzeti Park<\/li>\n<li>\u00c9jszakai m\u00e1glya<\/li>\n<li>4 \u00f3r\u00e1s t\u00far\u00e1z\u00e1s es\u0151erd\u0151ben<\/li>\n<li>1 szoba az Ecolodge-ban<\/li>\n<li>1 vacsora szem\u00e9lyenk\u00e9nt<\/li>\n<li>1 reggeli szem\u00e9lyenk\u00e9nt<\/li>\n<li>1 eb\u00e9d szem\u00e9lyenk\u00e9nt<\/li>\n<li>3 \u00f3r\u00e1s kajakoz\u00e1s (vagy haj\u00f3kir\u00e1ndul\u00e1s)<\/li>\n<li>Mad\u00e1rles<\/li>\n<li>Mangrove \u00fcltetv\u00e9ny<\/li>\n<li>1 barlangl\u00e1togat\u00e1s<\/li>\n<li style=\"font-weight: 400;\"><span style=\"font-weight: 400;\">Minden ad\u00f3, d\u00edj \u00e9s kezel\u00e9si k\u00f6lts\u00e9g<\/span><\/li>\n<li style=\"font-weight: 400;\"><span style=\"font-weight: 400;\">Helyi ad\u00f3k<\/span><\/li>\n<li style=\"font-weight: 400;\"><span style=\"font-weight: 400;\">Helyi idegenvezet\u0151<\/span><\/li>\n<\/ul>\n<p><b> Kiz\u00e1r\u00e1sok<\/b><\/p>\n<ol>\n<li style=\"font-weight: 400;\"><span style=\"font-weight: 400;\">h\u00e1lap\u00e9nz<\/span><\/li>\n<li style=\"font-weight: 400;\"><span style=\"font-weight: 400;\">\u00c1truh\u00e1z\u00e1s<\/span><\/li>\n<li style=\"font-weight: 400;\"><span style=\"font-weight: 400;\">Alkoholos italok<\/span><\/li>\n<\/ol>\n<p>&nbsp;<\/p>\n<h4><em><strong>Indul\u00e1s \u00e9s vissza\u00fat<\/strong><\/em><\/h4>\n<p><span style=\"font-weight: 400;\">A Foglal\u00e1si folyamat ut\u00e1n az utaz\u00f3 tal\u00e1lkoz\u00e1si pontot kap. A t\u00far\u00e1k tal\u00e1lkoz\u00e1si pontjainkon indulnak \u00e9s fejez\u0151dnek be.<\/span><\/p>\n<p>T\u00f3l t\u0151l:<\/p>\n<p>15:00 Els\u0151 nap<\/p>\n<p>Nak nek:<\/p>\n<p>13:00 M\u00e1sodik nap.<\/p>\n<p>&nbsp;<\/p>\n<h4><em><strong>Mit kell vinni?<\/strong><\/em><\/h4>\n<ul>\n<li style=\"font-weight: 400;\"><span style=\"font-weight: 400;\">Kamera<\/span><\/li>\n<li style=\"font-weight: 400;\"><span style=\"font-weight: 400;\">Riaszt\u00f3 bimb\u00f3k<\/span><\/li>\n<li style=\"font-weight: 400;\"><span style=\"font-weight: 400;\">Naptej<\/span><\/li>\n<li style=\"font-weight: 400;\"><span style=\"font-weight: 400;\">Kalap<\/span><\/li>\n<li style=\"font-weight: 400;\"><span style=\"font-weight: 400;\">K\u00e9nyelmes nadr\u00e1g<\/span><\/li>\n<li style=\"font-weight: 400;\"><span style=\"font-weight: 400;\">Erdei t\u00faracip\u0151<\/span><\/li>\n<li style=\"font-weight: 400;\"><span style=\"font-weight: 400;\">Szand\u00e1lok a tavaszi ter\u00fcletekre.<\/span><\/li>\n<li style=\"font-weight: 400;\"><span style=\"font-weight: 400;\">\u00dasz\u00f3ruha<\/span><\/li>\n<\/ul>\n<p>&nbsp;<\/p>\n<h4><b><i>Felvenni <\/i><\/b><\/h4>\n<p><span style=\"font-weight: 400;\">A sz\u00e1llodai \u00e1tv\u00e9tel az <em style=\"font-weight: 400;\"><strong>nem<\/strong>\u00a0<\/em><i>bele\u00e9rtve<\/i> erre a t\u00far\u00e1ra.\u00a0<\/span><\/p>\n<p><b>Jegyzet:<\/b><span style=\"font-weight: 400;\"> Ha a t\u00fara\/kir\u00e1ndul\u00e1s indul\u00e1si id\u0151pontj\u00e1t\u00f3l sz\u00e1m\u00edtott 72 \u00f3r\u00e1n bel\u00fcl foglal, a Dominikai K\u00f6zt\u00e1rsas\u00e1g b\u00e1rmely hely\u00e9r\u0151l fel\u00e1r ellen\u00e9ben megszervezz\u00fck a sz\u00e1llodai \u00e1tv\u00e9telt. Amint a v\u00e1s\u00e1rl\u00e1s befejez\u0151d\u00f6tt, elk\u00fcldj\u00fck \u00d6nnek a helyi idegenvezet\u0151nk teljes el\u00e9rhet\u0151s\u00e9gi adatait (telefonsz\u00e1m, e-mail c\u00edm stb.), hogy megszervezhess\u00fck az \u00e1tv\u00e9tel megszervez\u00e9s\u00e9t.<\/span><\/p>\n<h4><b><i>Tov\u00e1bbi inform\u00e1ci\u00f3k meger\u0151s\u00edt\u00e9se <\/i><\/b><\/h4>\n<ol>\n<li>A jegyek a t\u00fara befizet\u00e9s\u00e9t k\u00f6vet\u0151 nyugt\u00e1k. A fizet\u00e9st a telefonon tudod megjelen\u00edteni.<\/li>\n<li style=\"font-weight: 400;\"><span style=\"font-weight: 400;\">A tal\u00e1lkoz\u00e1si pontot a foglal\u00e1si folyamat ut\u00e1n veszik \u00e1t.<\/span><\/li>\n<li style=\"font-weight: 400;\"><span style=\"font-weight: 400;\">A gyermekeket feln\u0151tt k\u00eds\u00e9ret\u00e9ben kell biztos\u00edtani.<\/span><\/li>\n<li style=\"font-weight: 400;\"><span style=\"font-weight: 400;\"> Kerekessz\u00e9kkel nem megk\u00f6zel\u00edthet\u0151 <\/span><\/li>\n<li style=\"font-weight: 400;\"><span style=\"font-weight: 400;\">A csecsem\u0151knek \u00f6lben kell \u00fclni\u00fck <\/span><\/li>\n<li style=\"font-weight: 400;\"><span style=\"font-weight: 400;\">H\u00e1tprobl\u00e9m\u00e1kkal k\u00fczd\u0151 utaz\u00f3knak nem aj\u00e1nlott<\/span><\/li>\n<li style=\"font-weight: 400;\"><span style=\"font-weight: 400;\">Terhes utaz\u00f3knak nem aj\u00e1nlott <\/span><\/li>\n<li style=\"font-weight: 400;\"><span style=\"font-weight: 400;\"> Nincsenek sz\u00edvprobl\u00e9m\u00e1k vagy egy\u00e9b s\u00falyos eg\u00e9szs\u00e9g\u00fcgyi \u00e1llapotok <\/span><\/li>\n<li style=\"font-weight: 400;\"><span style=\"font-weight: 400;\">A legt\u00f6bb utaz\u00f3 r\u00e9szt vehet<\/span><\/li>\n<\/ol>\n<h4><b><i>Lemond\u00e1si felt\u00e9telek<\/i><\/b><\/h4>\n<p>A teljes visszat\u00e9r\u00edt\u00e9s\u00e9rt k\u00e9rj\u00fck, olvassa el lemond\u00e1si szab\u00e1lyzatunkat\u00a0<a href=\"https:\/\/www.boattoursamana.com\/hu\/online-foglalas\/\" target=\"_blank\" rel=\"noopener\" data-saferedirecturl=\"https:\/\/www.google.com\/url?q=https:\/\/www.boattoursamana.com\/online-booking\/&amp;source=gmail&amp;ust=1672449202351000&amp;usg=AOvVaw1yAeVAPktmaVCqDujgUn90\">Kattints ide<\/a>. Az \u00f6sszeg elveszik, ha a foglal\u00e1st az utaz\u00e1s napj\u00e1n lemondj\u00e1k.<\/p>\n\n\t\t<\/div>\n\t<\/div>\n<div class=\"vc_empty_space\"   style=\"height: 32px\"><span class=\"vc_empty_space_inner\"><\/span><\/div><div class=\"vc_btn3-container vc_btn3-inline\" ><a class=\"vc_general vc_btn3 vc_btn3-size-md vc_btn3-shape-rounded vc_btn3-style-modern vc_btn3-color-green\" href=\"https:\/\/bookingadventures.tours\/booking.php?tour_id=7d51c901332affeec66cbebebfdbc9f7\" title=\"\" rel=\"noopener\">FOGLALD LE MOST<\/a><\/div><div class=\"vc_empty_space\"   style=\"height: 32px\"><span class=\"vc_empty_space_inner\"><\/span><\/div><div class=\"woocommerce columns-4\"><ul class=\"products columns-4\">\n<li class=\"product type-product post-8855 status-publish first instock product_cat-kayaking product_cat-1-sabana-de-la-mar product_cat-kayaking-los-haitises product_cat-tours-excursions-los-haitises-national-park product_cat-tours-excursions-samana-bay-dominican-republic product_tag-cano-hondo product_tag-cano-hondo-hotel product_tag-day-tour-cano-hondo product_tag-kayak-dominican-republic product_tag-kayaking-dominican-republic product_tag-kayaking-los-haitises product_tag-kayaks product_tag-los-haitises product_tag-los-haitises-national-park product_tag-los-haitises-tours product_tag-private-tours-samana product_tag-sabana-de-la-mar product_tag-samana-bay product_tag-samana-excursions has-post-thumbnail sale sold-individually shipping-taxable product-type-external\">\n\t<div class=\"mkdf-pl-inner\"><div class=\"mkdf-pl-image\"><div class=\"mkdf-pl-text\"><div class=\"mkdf-pl-text-outer\"><div class=\"mkdf-pl-text-inner\"><a href=\"https:\/\/bookingadventures.tours\/booking.php?tour_id=a9cb493d865c3629426ab07d6bacff97\" data-quantity=\"1\" class=\"button wp-element-button product_type_external\" data-product_id=\"8855\" data-product_sku=\"\" aria-label=\"FOGLALD LE MOST\" rel=\"nofollow noopener\">FOGLALD LE MOST<\/a><\/div><\/div><\/div><\/div><a href=\"https:\/\/www.boattoursamana.com\/hu\/tura\/kajakozas-los-haitisesben-a-cano-hondo-idegenvezetovel-4-ora\" class=\"woocommerce-LoopProduct-link woocommerce-loop-product__link\"><\/a><\/div><div class=\"mkdf-pl-text-wrapper\"><div class=\"mkdf-pl-rating-holder\"><\/div><h4 class=\"mkdf-product-list-title\"><a href=\"https:\/\/www.boattoursamana.com\/hu\/tura\/kajakozas-los-haitisesben-a-cano-hondo-idegenvezetovel-4-ora\">4 \u00f3r\u00e1s kajak Los Haitises<\/a><\/h4>\n\t<span class=\"price\"><del aria-hidden=\"true\"><span class=\"woocommerce-Price-amount amount\"><bdi><span class=\"woocommerce-Price-currencySymbol\">&#36;<\/span>70.00<\/bdi><\/span><\/del> <ins><span class=\"woocommerce-Price-amount amount\"><bdi><span class=\"woocommerce-Price-currencySymbol\">&#36;<\/span>53.50<\/bdi><\/span><\/ins><\/span>\n<\/div><\/li><li class=\"product type-product post-9807 status-publish instock product_cat-day-trips product_cat-1-sabana-de-la-mar product_cat-hiking product_cat-hiking-los-haitises product_cat-kayaking-los-haitises product_cat-tours-excursions-los-haitises-national-park product_cat-tours-excursions-samana-bay-dominican-republic product_tag-cano-hondo-sabana-de-la-mar product_tag-caves-los-haitises product_tag-eco-tours product_tag-excursion product_tag-hike-kayak product_tag-hike-kayak-los-haitises-national-park product_tag-hiking-los-haitises product_tag-hiking-sabana-de-la-mar product_tag-hiking-samana product_tag-kayak-tour product_tag-kayaking product_tag-kayaking-los-haitises product_tag-los-haitises-national-park product_tag-los-haitises-national-park-entrance-fee product_tag-los-haitises-national-park-tour-from-las-terrenas product_tag-los-haitises-national-park-tour-from-santo-domingo product_tag-los-haitises-national-park-weather product_tag-los-haitises-sabana-de-la-mar product_tag-sabana-de-la-mar product_tag-sabana-de-la-mar-tour product_tag-samana-excursions product_tag-samana-tours product_tag-secrets-of-los-haitises has-post-thumbnail sale sold-individually shipping-taxable product-type-external\">\n\t<div class=\"mkdf-pl-inner\"><div class=\"mkdf-pl-image\"><div class=\"mkdf-pl-text\"><div class=\"mkdf-pl-text-outer\"><div class=\"mkdf-pl-text-inner\"><a href=\"https:\/\/bookingadventures.tours\/booking.php?tour_id=214ab2ed515734864898e23b426328be\" data-quantity=\"1\" class=\"button wp-element-button product_type_external\" data-product_id=\"9807\" data-product_sku=\"\" aria-label=\"FOGLALD LE MOST\" rel=\"nofollow noopener\">FOGLALD LE MOST<\/a><\/div><\/div><\/div><\/div><a href=\"https:\/\/www.boattoursamana.com\/hu\/tura\/tura-kajak-los-haitises-nemzeti-park\" class=\"woocommerce-LoopProduct-link woocommerce-loop-product__link\"><\/a><\/div><div class=\"mkdf-pl-text-wrapper\"><h4 class=\"mkdf-product-list-title\"><a href=\"https:\/\/www.boattoursamana.com\/hu\/tura\/tura-kajak-los-haitises-nemzeti-park\">T\u00fara + kajak Los Haitises<\/a><\/h4>\n\t<span class=\"price\"><del aria-hidden=\"true\"><span class=\"woocommerce-Price-amount amount\"><bdi><span class=\"woocommerce-Price-currencySymbol\">&#36;<\/span>75.00<\/bdi><\/span><\/del> <ins><span class=\"woocommerce-Price-amount amount\"><bdi><span class=\"woocommerce-Price-currencySymbol\">&#36;<\/span>67.00<\/bdi><\/span><\/ins><\/span>\n<\/div><\/li><li class=\"product type-product post-8857 status-publish instock product_cat-tours-excursions-los-haitises-national-park product_cat-1-samana product_cat-boat-trip-los-haitises product_cat-tours-excursions-samana-bay-dominican-republic product_tag-bacardi-island product_tag-bacardi-island-tours product_tag-birdwatching product_tag-boat-tour product_tag-caves-los-haitises product_tag-cayo-levantado product_tag-cayo-levantado-tour product_tag-eco-tours product_tag-excursiones-a-los-haitises-y-cayo-levantado product_tag-haitises-park-and-cayo-levantado-island product_tag-los-haitises product_tag-los-haitises-and-cayo-levantado product_tag-los-haitises-excursiones product_tag-los-haitises-excursions product_tag-los-haitises-mapa product_tag-los-haitises-mas-cayo-levantado product_tag-los-haitises-national-park product_tag-los-haitises-national-park-map product_tag-los-haitises-national-park-mas-cayo-levantado product_tag-los-haitises-national-park-tour-from-las-terrenas product_tag-los-haitises-national-park-tour-from-samana-port-bacardi-island-cayo-levantado product_tag-los-haitises-national-park-tour-from-santo-domingo product_tag-los-haitises-park-tour-cayo-levantado-island product_tag-los-haitises-samana product_tag-los-haitises-y-cayo-levantado product_tag-sabana-de-la-mar product_tag-samana product_tag-samana-excursions product_tag-samana-tours product_tag-tour-los-haitises-national-park-cayo-levantado has-post-thumbnail sale sold-individually shipping-taxable product-type-external\">\n\t<div class=\"mkdf-pl-inner\"><div class=\"mkdf-pl-image\"><div class=\"mkdf-pl-text\"><div class=\"mkdf-pl-text-outer\"><div class=\"mkdf-pl-text-inner\"><a href=\"https:\/\/bookingadventures.tours\/booking.php?tour_id=cd01687b47db9fe0c95acae017fc39c6\" data-quantity=\"1\" class=\"button wp-element-button product_type_external\" data-product_id=\"8857\" data-product_sku=\"\" aria-label=\"FOGLALD LE MOST\" rel=\"nofollow noopener\">FOGLALD LE MOST<\/a><\/div><\/div><\/div><\/div><a href=\"https:\/\/www.boattoursamana.com\/hu\/tura\/los-haitises-nemzeti-park-tura-samana-kikotobol-bacardi-szigetrol-cayo-levantadobol\" class=\"woocommerce-LoopProduct-link woocommerce-loop-product__link\"><\/a><\/div><div class=\"mkdf-pl-text-wrapper\"><div class=\"mkdf-pl-rating-holder\"><\/div><h4 class=\"mkdf-product-list-title\"><a href=\"https:\/\/www.boattoursamana.com\/hu\/tura\/los-haitises-nemzeti-park-tura-samana-kikotobol-bacardi-szigetrol-cayo-levantadobol\">Los Haitises Nemzeti Park t\u00fara a Saman\u00e1 kik\u00f6t\u0151b\u0151l + Bacardi-sziget (Cayo Levantado)<\/a><\/h4>\n\t<span class=\"price\"><del aria-hidden=\"true\"><span class=\"woocommerce-Price-amount amount\"><bdi><span class=\"woocommerce-Price-currencySymbol\">&#36;<\/span>90.00<\/bdi><\/span><\/del> <ins><span class=\"woocommerce-Price-amount amount\"><bdi><span class=\"woocommerce-Price-currencySymbol\">&#36;<\/span>60.00<\/bdi><\/span><\/ins><\/span>\n<\/div><\/li><li class=\"product type-product post-11569 status-publish last instock product_cat-tours-excursions-samana-bay-dominican-republic product_cat-1-sabana-de-la-mar product_cat-1-samana product_tag-bacardi-island product_tag-cayo-levantado-day-pass product_tag-kayaking-dominican-republic product_tag-private-tours-samana product_tag-samana-tours product_tag-samana-whale-watching product_tag-snorkeling product_tag-whale-samana has-post-thumbnail sale sold-individually shipping-taxable product-type-external\">\n\t<div class=\"mkdf-pl-inner\"><div class=\"mkdf-pl-image\"><div class=\"mkdf-pl-text\"><div class=\"mkdf-pl-text-outer\"><div class=\"mkdf-pl-text-inner\"><a href=\"https:\/\/bookingadventures.tours\/booking.php?tour_id=1f8a301f1dc36a0236b212940f3c840c\" data-quantity=\"1\" class=\"button wp-element-button product_type_external\" data-product_id=\"11569\" data-product_sku=\"\" aria-label=\"FOGLALD LE MOST\" rel=\"nofollow noopener\">FOGLALD LE MOST<\/a><\/div><\/div><\/div><\/div><a href=\"https:\/\/www.boattoursamana.com\/hu\/tura\/privat-kajakozas-snorkeling-ebeddel-a-cayo-levantado-szigeten\" class=\"woocommerce-LoopProduct-link woocommerce-loop-product__link\"><\/a><\/div><div class=\"mkdf-pl-text-wrapper\"><h4 class=\"mkdf-product-list-title\"><a href=\"https:\/\/www.boattoursamana.com\/hu\/tura\/privat-kajakozas-snorkeling-ebeddel-a-cayo-levantado-szigeten\">Samana: Cayo Levantado \u00e9s kajakoz\u00e1s + sznorkelez\u00e9s<\/a><\/h4>\n\t<span class=\"price\"><del aria-hidden=\"true\"><span class=\"woocommerce-Price-amount amount\"><bdi><span class=\"woocommerce-Price-currencySymbol\">&#36;<\/span>87.00<\/bdi><\/span><\/del> <ins><span class=\"woocommerce-Price-amount amount\"><bdi><span class=\"woocommerce-Price-currencySymbol\">&#36;<\/span>75.00<\/bdi><\/span><\/ins><\/span>\n<\/div><\/li><\/ul>\n<\/div><\/div><\/div><\/div><\/div><div class=\"vc_row wpb_row vc_row-fluid\" ><div class=\"wpb_column vc_column_container vc_col-sm-12\"><div class=\"vc_column-inner\"><div class=\"wpb_wrapper\">\n\t<div class=\"wpb_video_widget wpb_content_element vc_clearfix   vc_video-aspect-ratio-169 vc_video-el-width-100 vc_video-align-left\" >\n\t\t<div class=\"wpb_wrapper\">\n\t\t\t<h2 class=\"wpb_heading wpb_video_heading\">LOs Haitises Kajakok<\/h2>\n\t\t\t<div class=\"wpb_video_wrapper\"><iframe loading=\"lazy\" title=\"Kajakoz\u00e1s \u00e9s barlang\u00e1szat a Los Haitises Nemzeti Parkban, Dominikai K\u00f6zt\u00e1rsas\u00e1gban\" width=\"1100\" height=\"619\" src=\"https:\/\/www.youtube.com\/embed\/ucU1uwB57wQ?feature=oembed\" frameborder=\"0\" allow=\"accelerometer; autoplay; clipboard-write; encrypted-media; gyroscope; picture-in-picture; web-share\" allowfullscreen><\/iframe><\/div>\n\t\t<\/div>\n\t<\/div>\n<\/div><\/div><\/div><\/div><div class=\"vc_row wpb_row vc_row-fluid\" ><\/div><div class=\"wpb_column vc_column_container vc_col-sm-12\"><div class=\"vc_column-inner\"><div class=\"wpb_wrapper\"><\/div><\/div><\/div><div class=\"vc_empty_space\"   style=\"height: 32px\"><span class=\"vc_empty_space_inner\"><\/span><\/div>","protected":false},"excerpt":{"rendered":"<p>HOTEL vacsor\u00e1val \u00e9s reggelivel, valamint term\u00e9szetes medenc\u00e9kkel. 3 \u00f3r\u00e1s t\u00fara \u00e9s mangrove kajakoz\u00e1s a Los Haitises Nemzeti Parkban egy helyi idegenvezet\u0151vel Sabana de la Marb\u00f3l. Az es\u0151erd\u0151, a k\u00f3kuszdi\u00f3, a k\u00e1v\u00e9 \u00e9s a kaka\u00f3 ter\u00fcleteinek megtekint\u00e9se. A Los Haitises Nemzeti Park eredeti t\u00f6rt\u00e9net\u00e9nek megismer\u00e9se a nemzeti park k\u00f6r\u00fcli kajakoz\u00e1s ut\u00e1n.<\/p>\n<p><em><strong>V\u00e1lassza ki az utaz\u00e1s d\u00e1tum\u00e1t:<\/strong><\/em><\/p>","protected":false},"featured_media":13212,"template":"","meta":[],"product_cat":[456,946,927,934,931],"product_tag":[422,268,174,173,577,576,571,570,569,317,316,206,209,575,441,574,572,499,175,498,200,187,573],"class_list":["post-11589","product","type-product","status-publish","has-post-thumbnail","hentry","product_cat-day-trips","product_cat-1-sabana-de-la-mar","product_cat-hiking-los-haitises","product_cat-kayaking-los-haitises","product_cat-overnight-los-haitises","product_tag-cano-hondo-sabana-de-la-mar","product_tag-caves-los-haitises","product_tag-eco-tours","product_tag-excursion","product_tag-hike-kayak","product_tag-hike-kayak-los-haitises-national-park","product_tag-hiking-los-haitises","product_tag-hiking-sabana-de-la-mar","product_tag-hiking-samana","product_tag-kayak-tour","product_tag-kayaking","product_tag-kayaking-los-haitises","product_tag-los-haitises-national-park","product_tag-los-haitises-national-park-entrance-fee","product_tag-los-haitises-national-park-tour-from-las-terrenas","product_tag-los-haitises-national-park-tour-from-santo-domingo","product_tag-los-haitises-national-park-weather","product_tag-los-haitises-sabana-de-la-mar","product_tag-sabana-de-la-mar","product_tag-sabana-de-la-mar-tour","product_tag-samana-excursions","product_tag-samana-tours","product_tag-secrets-of-los-haitises"],"_links":{"self":[{"href":"https:\/\/www.boattoursamana.com\/hu\/wp-json\/wp\/v2\/product\/11589","targetHints":{"allow":["GET"]}}],"collection":[{"href":"https:\/\/www.boattoursamana.com\/hu\/wp-json\/wp\/v2\/product"}],"about":[{"href":"https:\/\/www.boattoursamana.com\/hu\/wp-json\/wp\/v2\/types\/product"}],"wp:featuredmedia":[{"embeddable":true,"href":"https:\/\/www.boattoursamana.com\/hu\/wp-json\/wp\/v2\/media\/13212"}],"wp:attachment":[{"href":"https:\/\/www.boattoursamana.com\/hu\/wp-json\/wp\/v2\/media?parent=11589"}],"wp:term":[{"taxonomy":"product_cat","embeddable":true,"href":"https:\/\/www.boattoursamana.com\/hu\/wp-json\/wp\/v2\/product_cat?post=11589"},{"taxonomy":"product_tag","embeddable":true,"href":"https:\/\/www.boattoursamana.com\/hu\/wp-json\/wp\/v2\/product_tag?post=11589"}],"curies":[{"name":"wp","href":"https:\/\/api.w.org\/{rel}","templated":true}]}}