{"id":12453,"date":"2021-03-27T19:17:04","date_gmt":"2021-03-27T19:17:04","guid":{"rendered":"https:\/\/www.ticketswhales.com\/?post_type=product&#038;p=12453"},"modified":"2023-11-07T20:26:43","modified_gmt":"2023-11-07T20:26:43","slug":"los-haitises-tainos-canoe-mountain-bike-tour","status":"publish","type":"product","link":"https:\/\/www.boattoursamana.com\/hu\/tura\/los-haitises-tainos-kenu-mountain-bike-tura","title":{"rendered":"Mountain Bikes + Taino Los Haitises kenuja"},"content":{"rendered":"<div class=\"vc_row wpb_row vc_row-fluid\" ><div class=\"wpb_column vc_column_container vc_col-sm-12\"><div class=\"vc_column-inner\"><div class=\"wpb_wrapper\"><div class=\"vc_btn3-container vc_btn3-inline\" ><button class=\"vc_general vc_btn3 vc_btn3-size-md vc_btn3-shape-rounded vc_btn3-style-modern vc_btn3-color-green\">FOGLALD LE MOST<\/button><\/div>\n\t<div class=\"wpb_text_column wpb_content_element\" >\n\t\t<div class=\"wpb_wrapper\">\n\t\t\t<p><span style=\"vertical-align: inherit;\"><span style=\"vertical-align: inherit;\"><\/p>\n\n\t\t<\/div>\n\t<\/div>\n\n\t<div class=\"wpb_text_column wpb_content_element\" >\n\t\t<div class=\"wpb_wrapper\">\n\t\t\t<p><\/span><\/span><\/p>\n<h2>Mountain Bikes + Taino Los Haitises kenuja<\/h2>\n<p>&nbsp;<\/p>\n<p>Utazzon egy helyi szak\u00e9rt\u0151vel, \u00e9s szerezze meg az egyed\u00fcl\u00e1ll\u00f3 ker\u00e9kp\u00e1roz\u00e1si \u00e9lm\u00e9nyt Sabana de la Marb\u00f3l indulva. Ez a t\u00fara elvezeti \u00d6nt a Dominikai K\u00f6zt\u00e1rsas\u00e1g gy\u00f6ny\u00f6r\u0171 t\u00e1j\u00e1ra. Ker\u00e9kp\u00e1roz\u00e1s k\u00f6zben k\u00f6sz\u00f6nni fogsz! a gazd\u00e1k, akik lovaikkal vagy motorjaikkal a birtokukra \u00fclnek, \u00e9s a t\u00fara sor\u00e1n megismerkedhetnek a kalandokkal \u00e9s a helyi kult\u00far\u00e1val Sabana de la Marb\u00f3l. N\u00e9h\u00e1ny t\u00e9ny Los Haitisesr\u0151l: a vil\u00e1g egyik legnagyobb m\u00e9szk\u0151k\u00e9pz\u0151dm\u00e9nye, hely az endemikus fajok meg\u0151rz\u00e9s\u00e9re, A sziget biodiverzit\u00e1sa nagy r\u00e9sze \u00e9s Quisqueya egyik legnagyobb mangrove erdeje.<\/p>\n<p>K\u00edv\u00e1ncsi a ta\u00edn\u00f3k mindennapi \u00e9let\u00e9re? A Taino Adventure tev\u00e9kenys\u00e9ggel visszarep\u00fclsz az id\u0151ben, hogy megtapasztald a Dominikai K\u00f6zt\u00e1rsas\u00e1g bennsz\u00fcl\u00f6tt n\u00e9peinek vil\u00e1g\u00e1t.<\/p>\n<p>A kenu vitathatatlanul a ta\u00edn\u00f3k \u00e9let\u00e9nek legfontosabb r\u00e9sze volt. Ezzel hal\u00e1sztak, kisebb szigetekre utaztak, kommunik\u00e1ltak m\u00e1s t\u00f6rzsekkel, \u00e9s s\u00e1m\u00e1nokat l\u00e1togattak szertart\u00e1sok, gy\u00f3gy\u00edt\u00e1s \u00e9s pr\u00f3f\u00e9ta c\u00e9lj\u00e1b\u00f3l. A Booking Adventuresn\u00e9l szeretn\u00e9nk elmer\u00edteni a Ta\u00edn\u00f3k vil\u00e1g\u00e1ba.<\/p>\n<p>&nbsp;<\/p>\n<h4><a id=\"inclusions-exclusions\" class=\"aal_anchor\" href=\"https:\/\/bookingadventures.com.do\/dominicantour\/mountain-bikes-tainos-canoe-los-haitises\/#inclusions-exclusions\" aria-hidden=\"true\" rel=\"noopener\"><\/a><b>Befoglal\u00e1sok \u00e9s kiz\u00e1r\u00e1sok<\/b><\/h4>\n<p><b>Z\u00e1rv\u00e1nyok<\/b><\/p>\n<ol>\n<li>Kenu kir\u00e1ndul\u00e1s<\/li>\n<li>hegyi ker\u00e9kp\u00e1rok<\/li>\n<li>Ingyenes p\u00f3l\u00f3 Taino Pictographj\u00e1val<\/li>\n<li>Casabe keny\u00e9r \u00edze<\/li>\n<li>Barlangt\u00far\u00e1k<\/li>\n<li>Minden ad\u00f3, d\u00edj \u00e9s kezel\u00e9si k\u00f6lts\u00e9g<\/li>\n<li>Helyi ad\u00f3k<\/li>\n<li>Helyi idegenvezet\u0151<\/li>\n<\/ol>\n<p><b>Kiz\u00e1r\u00e1sok<\/b><\/p>\n<ol>\n<li>h\u00e1lap\u00e9nz<\/li>\n<li>\u00c1truh\u00e1z\u00e1s<\/li>\n<li>Az eb\u00e9det az \u00e1r nem tartalmazza<\/li>\n<li>Alkoholos italok<\/li>\n<\/ol>\n<p>&nbsp;<\/p>\n<h4><a id=\"departure-return\" class=\"aal_anchor\" href=\"https:\/\/bookingadventures.com.do\/dominicantour\/mountain-bikes-tainos-canoe-los-haitises\/#departure-return\" aria-hidden=\"true\" rel=\"noopener\"><\/a><em><strong>Indul\u00e1s \u00e9s vissza\u00fat<\/strong><\/em><\/h4>\n<p>A Foglal\u00e1si folyamat ut\u00e1n az utaz\u00f3 tal\u00e1lkoz\u00e1si pontot kap. A t\u00far\u00e1k tal\u00e1lkoz\u00e1si pontjainkon indulnak \u00e9s fejez\u0151dnek be.<\/p>\n<h4><a id=\"what-to-expect\" class=\"aal_anchor\" href=\"https:\/\/bookingadventures.com.do\/dominicantour\/mountain-bikes-tainos-canoe-los-haitises\/#what-to-expect\" aria-hidden=\"true\" rel=\"noopener\"><\/a><b><i>Mi v\u00e1rhat\u00f3?<\/i><\/b><\/h4>\n<p>Ebben a tev\u00e9kenys\u00e9gben a k\u00e9zzel k\u00e9sz\u00edtett kenukban indul, ahogyan a ta\u00edn\u00f3k tett\u00e9k. Sok olyan hangot fog hallani, amelyek a term\u00e9szettel val\u00f3 kapcsolatukat jelezt\u00e9k: a darvak h\u00edv\u00e1s\u00e1t, a r\u00e1kok v\u00edzbe m\u00e1rt\u00e1s\u00e1t \u00e9s a hull\u00e1mok finom csapkod\u00e1s\u00e1t a term\u00e9szetes sziklak\u00e9pz\u0151dm\u00e9nyek ellen. A mangrove gy\u00f6kerek \u00edvei a katedr\u00e1lisokra eml\u00e9keztetnek, \u00e9s val\u00f3ban, a ta\u00edn\u00f3k (b\u00e1r nem volt templomuk) m\u00e9lyen spiritu\u00e1lisak voltak. Miut\u00e1n elindult idegenvezet\u0151nkkel, \u00e9lvezni fogja a mangrove madarak, h\u00fcll\u0151k \u00e9s halak gazdag v\u00e1laszt\u00e9k\u00e1t. Elk\u00e1pr\u00e1ztatta a hajnali f\u00e9nyben kacsint\u00f3 hull\u00e1mok csillog\u00e1s\u00e1t, a t\u00e1volban Saman\u00e1 hegyeit \u00e9s a leng\u0151 p\u00e1lm\u00e1k smaragdz\u00f6ldj\u00e9t.<\/p>\n<p>Ezut\u00e1n megl\u00e1togathat n\u00e9h\u00e1ny olyan barlangot, amelyek k\u00fcl\u00f6n\u00f6sen fontosak voltak a ta\u00edn\u00f3k sz\u00e1m\u00e1ra. Barlangr\u00f3l barlangra j\u00e1rtak, b\u00f6lcseket l\u00e1togattak meg, mened\u00e9ket kerestek a hurrik\u00e1nok el\u0151l, \u00e9s tal\u00e1lkoz\u00e1si pontk\u00e9nt m\u00e1s t\u00f6rzsekkel. Ha m\u00e1r a barlangban van, k\u00e9pes lesz \u00e9rt\u00e9kelni a csendet \u00e9s a t\u00e9r megszentelt aur\u00e1j\u00e1t. L\u00e1tni fog n\u00e9h\u00e1ny sziklafaragv\u00e1nyt, amelyet sziklarajznak neveznek, \u00e9s amelyek istens\u00e9geiket \u00e9s szellemeiket \u00e1br\u00e1zolj\u00e1k. V\u00e9g\u00fcl megk\u00f3stolhatja ugyanazt a tr\u00f3pusi gy\u00fcm\u00f6lcs\u00f6t, amelyet Ta\u00ednos gy\u0171jt\u00f6tt \u00f6ssze, miel\u0151tt visszat\u00e9rne a tal\u00e1lkoz\u00e1si ponthoz.<\/p>\n<p>Ezen a t\u00far\u00e1n szak\u00e9rt\u0151 vezet\u0151ink bemutatj\u00e1k a kenu sokf\u00e9le felhaszn\u00e1l\u00e1s\u00e1t, hogyan \u00e9ltek a ta\u00edn\u00f3k Kolumbusz kora el\u0151tt, \u00e9s hogy a mangrove erd\u0151 elengedhetetlen a k\u00f6rnyezet eg\u00e9szs\u00e9g\u00e9hez.<\/p>\n<p>&nbsp;<\/p>\n<h4><a id=\"what-you-should-bring\" class=\"aal_anchor\" href=\"https:\/\/bookingadventures.com.do\/dominicantour\/mountain-bikes-tainos-canoe-los-haitises\/#what-you-should-bring\" aria-hidden=\"true\" rel=\"noopener\"><\/a><em><strong>Mit kell vinni?<\/strong><\/em><\/h4>\n<ul>\n<li>Kamera<\/li>\n<li>Riaszt\u00f3 bimb\u00f3k<\/li>\n<li>naptej<\/li>\n<li>Kalap<\/li>\n<li>K\u00e9nyelmes nadr\u00e1g<\/li>\n<li>Szand\u00e1l vagy cip\u0151 s\u00e1ros helyekre.<\/li>\n<li>\u00dasz\u00f3ruha<\/li>\n<\/ul>\n<p>&nbsp;<\/p>\n<h4><a id=\"hotel-pickup\" class=\"aal_anchor\" href=\"https:\/\/bookingadventures.com.do\/dominicantour\/mountain-bikes-tainos-canoe-los-haitises\/#hotel-pickup\" aria-hidden=\"true\" rel=\"noopener\"><\/a><b><i>Sz\u00e1llodai \u00e1tv\u00e9tel<\/i><\/b><\/h4>\n<p>Ezen a t\u00far\u00e1n nem k\u00edn\u00e1lnak transzfert a sz\u00e1llod\u00e1b\u00f3l.<\/p>\n<p><b>Jegyzet:<\/b>\u00a0Ha a t\u00fara\/kir\u00e1ndul\u00e1s indul\u00e1si id\u0151pontj\u00e1t\u00f3l sz\u00e1m\u00edtott 24 \u00f3r\u00e1n bel\u00fcl foglal, fel\u00e1r ellen\u00e9ben meg tudjuk szervezni a sz\u00e1llodai \u00e1tv\u00e9telt. Amint a v\u00e1s\u00e1rl\u00e1s befejez\u0151d\u00f6tt, elk\u00fcldj\u00fck \u00d6nnek a helyi idegenvezet\u0151nk teljes el\u00e9rhet\u0151s\u00e9gi adatait (telefonsz\u00e1m, e-mail c\u00edm stb.), hogy megszervezhess\u00fck az \u00e1tv\u00e9tel megszervez\u00e9s\u00e9t.<\/p>\n<h4><a id=\"additional-info-confirmation\" class=\"aal_anchor\" href=\"https:\/\/bookingadventures.com.do\/dominicantour\/mountain-bikes-tainos-canoe-los-haitises\/#additional-info-confirmation\" aria-hidden=\"true\" rel=\"noopener\"><\/a><b><i>Tov\u00e1bbi inform\u00e1ci\u00f3k meger\u0151s\u00edt\u00e9se<\/i><\/b><\/h4>\n<ol>\n<li>A jegyek a t\u00fara befizet\u00e9s\u00e9t k\u00f6vet\u0151 nyugt\u00e1k. A fizet\u00e9st a telefonon tudod megjelen\u00edteni.<\/li>\n<li>A tal\u00e1lkoz\u00e1si pontot a foglal\u00e1si folyamat ut\u00e1n veszik \u00e1t.<\/li>\n<li>A gyermekeket feln\u0151tt k\u00eds\u00e9ret\u00e9ben kell biztos\u00edtani.<\/li>\n<li>Kerekessz\u00e9kkel nem megk\u00f6zel\u00edthet\u0151<\/li>\n<li>A csecsem\u0151knek \u00f6lben kell \u00fclni\u00fck<\/li>\n<li>H\u00e1tprobl\u00e9m\u00e1kkal k\u00fczd\u0151 utaz\u00f3knak nem aj\u00e1nlott<\/li>\n<li>Terhes utaz\u00f3knak nem aj\u00e1nlott<\/li>\n<li>Nincsenek sz\u00edvprobl\u00e9m\u00e1k vagy egy\u00e9b s\u00falyos eg\u00e9szs\u00e9g\u00fcgyi \u00e1llapotok<\/li>\n<li>A legt\u00f6bb utaz\u00f3 r\u00e9szt vehet<\/li>\n<\/ol>\n\n\t\t<\/div>\n\t<\/div>\n<\/div><\/div><\/div><\/div><div class=\"wpb_column vc_column_container vc_col-sm-12\"><div class=\"vc_column-inner\"><div class=\"wpb_wrapper\"><\/div><\/div><\/div><div class=\"wpb_column vc_column_container vc_col-sm-12\"><div class=\"vc_column-inner\"><div class=\"wpb_wrapper\"><\/div><\/div><\/div><div class=\"wpb_column vc_column_container vc_col-sm-12\"><div class=\"vc_column-inner\"><div class=\"wpb_wrapper\"><\/div><\/div><\/div><div class=\"wpb_column vc_column_container vc_col-sm-12\"><div class=\"vc_column-inner\"><div class=\"wpb_wrapper\"><\/div><\/div><\/div><div class=\"wpb_column vc_column_container vc_col-sm-12\"><div class=\"vc_column-inner\"><div class=\"wpb_wrapper\"><\/div><\/div><\/div>","protected":false},"excerpt":{"rendered":"<p><span style=\"font-weight: 400;\"><span style=\"vertical-align: inherit;\"><span style=\"vertical-align: inherit;\">Ebben a tev\u00e9kenys\u00e9gben k\u00e9zzel k\u00e9sz\u00edtett kenuval indulsz \u00fatnak, ak\u00e1rcsak a tainok\u00e9. Sok olyan hangot fog hallani, amelyek a term\u00e9szettel val\u00f3 kapcsolatukat jelezt\u00e9k: a darvak h\u00edv\u00e1s\u00e1t, a r\u00e1kok m\u00e1rt\u00e1s\u00e1t a v\u00edzben, \u00e9s a hull\u00e1mok finom csapkod\u00e1s\u00e1t a term\u00e9szetes sziklak\u00e9pz\u0151dm\u00e9nyek ellen. A mangrove gy\u00f6kerek \u00edvei a katedr\u00e1lisokra eml\u00e9keztetnek, \u00e9s val\u00f3j\u00e1ban a tainoknak (b\u00e1r nem volt templomuk) m\u00e9lyen spiritu\u00e1lisak voltak. <\/span><\/span><\/span><\/p>\n<p><span style=\"font-weight: 400;\"><span style=\"vertical-align: inherit;\"><span style=\"vertical-align: inherit;\"> Miut\u00e1n \u00fatra kelt idegenvezet\u0151nkkel, \u00e9lvezheti a madarak, h\u00fcll\u0151k \u00e9s halak gazdag v\u00e1laszt\u00e9k\u00e1t a mangrove erd\u0151kben. Elk\u00e1pr\u00e1ztat a hajnali f\u00e9nyben pisl\u00e1kol\u00f3 hull\u00e1mok szikr\u00e1ja, a t\u00e1volban Samana hegyei \u00e9s az imbolyg\u00f3 p\u00e1lmaf\u00e1k smaragdz\u00f6ldje.\u00a0<\/span><\/span><\/span><\/p>\n<p><strong>V\u00e1lassza ki a t\u00fara d\u00e1tum\u00e1t:<\/strong><\/p>","protected":false},"featured_media":12221,"template":"","meta":[],"product_cat":[838,946,867,930,926,254,255],"product_tag":[176,211,868,869,192,319,208,206,207,171,877,209,426,837,327,175,199,200],"class_list":["post-12453","product","type-product","status-publish","has-post-thumbnail","hentry","product_cat-mangroves-projects","product_cat-1-sabana-de-la-mar","product_cat-los-haitises","product_cat-mountain-bike-los-haitises","product_cat-tainos-canoes","product_cat-tours-excursions-los-haitises-national-park","product_cat-tours-excursions-samana-bay-dominican-republic","product_tag-cano-hondo","product_tag-cano-hondo-hotel","product_tag-canoes","product_tag-canoes-dominican-republic","product_tag-day-tour-cano-hondo","product_tag-kayak-dominican-republic","product_tag-kayaking-dominican-republic","product_tag-kayaking-los-haitises","product_tag-kayaks","product_tag-los-haitises","product_tag-los-haitises-mountain-bike","product_tag-los-haitises-national-park","product_tag-los-haitises-tours","product_tag-mangroves-reforestation-in-los-haitises-with-locals","product_tag-private-tours-samana","product_tag-sabana-de-la-mar","product_tag-samana-bay","product_tag-samana-excursions"],"_links":{"self":[{"href":"https:\/\/www.boattoursamana.com\/hu\/wp-json\/wp\/v2\/product\/12453","targetHints":{"allow":["GET"]}}],"collection":[{"href":"https:\/\/www.boattoursamana.com\/hu\/wp-json\/wp\/v2\/product"}],"about":[{"href":"https:\/\/www.boattoursamana.com\/hu\/wp-json\/wp\/v2\/types\/product"}],"wp:featuredmedia":[{"embeddable":true,"href":"https:\/\/www.boattoursamana.com\/hu\/wp-json\/wp\/v2\/media\/12221"}],"wp:attachment":[{"href":"https:\/\/www.boattoursamana.com\/hu\/wp-json\/wp\/v2\/media?parent=12453"}],"wp:term":[{"taxonomy":"product_cat","embeddable":true,"href":"https:\/\/www.boattoursamana.com\/hu\/wp-json\/wp\/v2\/product_cat?post=12453"},{"taxonomy":"product_tag","embeddable":true,"href":"https:\/\/www.boattoursamana.com\/hu\/wp-json\/wp\/v2\/product_tag?post=12453"}],"curies":[{"name":"wp","href":"https:\/\/api.w.org\/{rel}","templated":true}]}}