{"id":12676,"date":"2021-08-15T16:10:03","date_gmt":"2021-08-15T16:10:03","guid":{"rendered":"https:\/\/www.ticketswhales.com\/?post_type=product&#038;p=12676"},"modified":"2023-11-06T13:36:18","modified_gmt":"2023-11-06T13:36:18","slug":"los-haitises-boat-private-trip-from-boca-chica","status":"publish","type":"product","link":"https:\/\/www.boattoursamana.com\/hu\/tura\/los-haitises-hajo-maganut-boca-chicabol","title":{"rendered":"Los Haitises haj\u00f3 Priv\u00e1t utaz\u00e1s \u2013 Boca Chic\u00e1b\u00f3l"},"content":{"rendered":"<div class=\"vc_row wpb_row vc_row-fluid\" ><div class=\"wpb_column vc_column_container vc_col-sm-12\"><div class=\"vc_column-inner\"><div class=\"wpb_wrapper\"><div class=\"mkdf-section-title-holder\" style=\"text-align: left\">\n\t<div class=\"mkdf-st-inner\">\n\t\t\t\t\t<h5 class=\"mkdf-st-subtitle\" >\n\t\t\t\tMangrove, helyi idegenvezet\u0151k \u00e9s barlangok\t\t\t<\/h5>\n\t\t\t\t\t\t\t<h3 class=\"mkdf-st-title\" >\n\t\t\t\tLos Haitises haj\u00f3 Priv\u00e1t utaz\u00e1s - Boca Chic\u00e1b\u00f3l\t\t\t<\/h3>\n\t\t\t\t\t<\/div>\n<\/div><\/div><\/div><\/div><\/div><div class=\"vc_row wpb_row vc_row-fluid\" ><div class=\"wpb_column vc_column_container vc_col-sm-12\"><div class=\"vc_column-inner\"><div class=\"wpb_wrapper\"><div class=\"vc_btn3-container vc_btn3-inline\" ><button class=\"vc_general vc_btn3 vc_btn3-size-md vc_btn3-shape-rounded vc_btn3-style-modern vc_btn3-color-green\">FOGLALD LE MOST<\/button><\/div>\n\t<div class=\"wpb_text_column wpb_content_element\" >\n\t\t<div class=\"wpb_wrapper\">\n\t\t\t<h4><b><i>\u00c1ttekint\u00e9s <\/i><\/b><\/h4>\n<p>Ha Boca Chic\u00e1ban tart\u00f3zkodik, v\u00e1lasszon egy norm\u00e1l priv\u00e1t kir\u00e1ndul\u00e1st a Los Haitises Nemzeti Parkba. J\u00f6jj\u00f6n el vel\u00fcnk, \u00e9s l\u00e1togassa meg a Dominikai K\u00f6zt\u00e1rsas\u00e1g legszebb nemzeti parkj\u00e1t, l\u00e1togasson el a mangrove-, barlang- \u00e9s a San Lorenzo-\u00f6b\u00f6lbe. Bayahibe priv\u00e1t sz\u00e1ll\u00edt\u00e1sa ut\u00e1n ez a priv\u00e1t haj\u00f3kir\u00e1ndul\u00e1s Sabana de la Mar k\u00f6z\u00f6ss\u00e9g\u00e9t\u0151l indul, amely megismeri Sabana de la Mar t\u00f6rt\u00e9net\u00e9t.<\/p>\n<ul>\n<li style=\"font-weight: 400;\">A d\u00edjak benne vannak<\/li>\n<li style=\"font-weight: 400;\"><span style=\"font-weight: 400;\">Az \u00fatmutat\u00f3 oktat\u00e1st \u00e9s fel\u00fcgyeletet biztos\u00edt<\/span><\/li>\n<li>Eb\u00e9d<\/li>\n<\/ul>\n<p>&nbsp;<\/p>\n<h4><b>Befoglal\u00e1sok \u00e9s kiz\u00e1r\u00e1sok<\/b><\/h4>\n<p>&nbsp;<\/p>\n<p><b>Z\u00e1rv\u00e1nyok<\/b><\/p>\n<ol>\n<li style=\"font-weight: 400;\">Los Haitises t\u00fara + barlangok \u00e9s piktogramok<\/li>\n<li style=\"font-weight: 400;\"><span style=\"font-weight: 400;\">Minden ad\u00f3, d\u00edj \u00e9s kezel\u00e9si k\u00f6lts\u00e9g<\/span><\/li>\n<li style=\"font-weight: 400;\"><span style=\"font-weight: 400;\">Helyi ad\u00f3k<\/span><\/li>\n<li style=\"font-weight: 400;\"><span style=\"font-weight: 400;\">Minden tev\u00e9kenys\u00e9g<\/span><\/li>\n<li style=\"font-weight: 400;\"><span style=\"font-weight: 400;\">Helyi idegenvezet\u0151<\/span><\/li>\n<li>A sz\u00e1ll\u00edt\u00e1s benne van<\/li>\n<\/ol>\n<p><b> Kiz\u00e1r\u00e1sok<\/b><\/p>\n<ol>\n<li style=\"font-weight: 400;\"><span style=\"font-weight: 400;\">h\u00e1lap\u00e9nz<\/span><\/li>\n<li style=\"font-weight: 400;\"><span style=\"font-weight: 400;\">Alkoholos italok<\/span><\/li>\n<\/ol>\n<p>&nbsp;<\/p>\n<h4><em><strong>Indul\u00e1s \u00e9s vissza\u00fat<\/strong><\/em><\/h4>\n<p><span style=\"font-weight: 400;\">A Foglal\u00e1si folyamat ut\u00e1n az utaz\u00f3 tal\u00e1lkoz\u00e1si pontot kap. A t\u00far\u00e1k tal\u00e1lkoz\u00e1si pontjainkon indulnak \u00e9s fejez\u0151dnek be.<\/span><\/p>\n<p>&nbsp;<\/p>\n<h4><b><i>Mi v\u00e1rhat\u00f3?<\/i><\/b><\/h4>\n<p>&nbsp;<\/p>\n<p><em><strong>Vedd meg a jegyeidet<\/strong><\/em> a Los Haitises Nemzeti Park megl\u00e1togat\u00e1s\u00e1hoz<strong> Boca Chica<\/strong>\u00a0A barlangok, a mangrove-f\u00e1k \u00e9s a San Lorenzo-\u00f6b\u00f6l sz\u00e1ll\u00edt\u00e1s\u00e1val egy\u00fctt.<\/p>\n<p>A legalacsonyabb \u00e1r a l\u00e1togat\u00e1shoz <strong>Los Haitises Nemzeti Park<\/strong> t\u00f3l t\u0151l <strong>Boca Chica sz\u00e1llod\u00e1i<\/strong> vagy az Airbnb helyiekkel.<\/p>\n<p>Miut\u00e1n elindulunk a Los Haitises Nemzeti Park f\u0151kik\u00f6t\u0151j\u00e9b\u0151l, a neve Ca\u00f1o Hondo (Deep Creek) ment\u0151mell\u00e9nyes HAJ\u00d3N. \u00c9lvezz\u00fck a Red Mangroves erd\u0151t, am\u00edg meg\u00e9rkez\u00fcnk a San Lorenzo-\u00f6b\u00f6lbe. Kis \u00f6b\u00f6l a Saman\u00e1-\u00f6b\u00f6lbe. \u00c9s k\u00e9sz is van! Az els\u0151 csod\u00e1latos dolog, amit l\u00e1that, az egy hatalmas m\u00e9szk\u0151b\u0151l \u00e1ll\u00f3 hegyi sziget, a Mogotes. rajtuk t\u00f6bb mint 700 n\u00f6v\u00e9nyfaj \u00e9s sok vizes \u00e9l\u0151hely mad\u00e1r rep\u00fcl. K\u00e9s\u0151bb barlangl\u00e1togat\u00e1s bennsz\u00fcl\u00f6tt k\u00f6z\u00f6ss\u00e9geink piktogramjaival 750 \u00e9vvel ezel\u0151tt.<\/p>\n<p>A ny\u00edlt San Lorenzo-\u00f6b\u00f6lben tal\u00e1lhat\u00f3 mangrove- \u00e9s Land-on kereszt\u00fcl, ahonnan fot\u00f3zhatja a zord erdei t\u00e1jat. N\u00e9zzen a v\u00edzre, hogy \u00e9szrevegye <em><strong>Lamantinok<\/strong><\/em>, r\u00e1kf\u00e9l\u00e9k \u00e9s <em><strong>delfinek.<\/strong><\/em><\/p>\n<div class=\"body-description secondary\">\n<p>A nemzeti park neve eredeti lak\u00f3ir\u00f3l, a taino indi\u00e1nokr\u00f3l sz\u00e1rmazik. Nyelv\u00fck\u00f6n a \u201ehaitisek\u201d felf\u00f6ldet vagy dombokat jelentenek, utalva a partvonal meredek geol\u00f3giai k\u00e9pz\u0151dm\u00e9nyeire, m\u00e9szk\u00f6vekkel. Menjen m\u00e9lyebbre a parkban, \u00e9s fedezze fel a barlangokat, p\u00e9ld\u00e1ul a <em><strong>Cueva de la Arena<\/strong><\/em> \u00e9s <strong><em>Cueva de la L\u00ednea.<\/em><\/strong> A rezerv\u00e1tumban l\u00e9v\u0151 barlangokat a taino indi\u00e1nok, majd k\u00e9s\u0151bb a kal\u00f3zok rejt\u0151zk\u00f6d\u0151k\u00e9nt haszn\u00e1lt\u00e1k. Keresse az indi\u00e1nok rajzait, amelyek d\u00edsz\u00edtik n\u00e9h\u00e1ny falat. A Los Haitises Nemzeti Park megl\u00e1togat\u00e1sa ut\u00e1n visszamegy\u00fcnk a kik\u00f6t\u0151be, ahonnan utunk indult.<\/p>\n<\/div>\n<p>&nbsp;<\/p>\n<h4><em><strong>Mit kell vinni?<\/strong><\/em><\/h4>\n<ul>\n<li style=\"font-weight: 400;\"><span style=\"font-weight: 400;\">Kamera<\/span><\/li>\n<li style=\"font-weight: 400;\"><span style=\"font-weight: 400;\">Riaszt\u00f3 bimb\u00f3k<\/span><\/li>\n<li style=\"font-weight: 400;\"><span style=\"font-weight: 400;\">naptej<\/span><\/li>\n<li style=\"font-weight: 400;\"><span style=\"font-weight: 400;\">Kalap<\/span><\/li>\n<li style=\"font-weight: 400;\"><span style=\"font-weight: 400;\">K\u00e9nyelmes nadr\u00e1g<\/span><\/li>\n<li style=\"font-weight: 400;\"><span style=\"font-weight: 400;\">Erdei t\u00faracip\u0151<\/span><\/li>\n<li style=\"font-weight: 400;\"><span style=\"font-weight: 400;\">Szand\u00e1lok a tavaszi ter\u00fcletekre.<\/span><\/li>\n<li style=\"font-weight: 400;\"><span style=\"font-weight: 400;\">\u00dasz\u00f3ruha<\/span><\/li>\n<\/ul>\n<p>&nbsp;<\/p>\n<h4><b><i>Sz\u00e1llodai \u00e1tv\u00e9tel <\/i><\/b><\/h4>\n<p><span style=\"font-weight: 400;\">Sz\u00e1llodai transzfert k\u00edn\u00e1lnak, ha \u00d6n bent van\u00a0 <strong>Boca Chica.<\/strong><\/span><\/p>\n<p>&nbsp;<\/p>\n<p><b>Jegyzet:<\/b><span style=\"font-weight: 400;\"> ha a t\u00fara\/kir\u00e1ndul\u00e1s indul\u00e1si id\u0151pontj\u00e1t\u00f3l sz\u00e1m\u00edtott 24 \u00f3r\u00e1n bel\u00fcl foglal, fel\u00e1r ellen\u00e9ben gondoskodunk a hotelr\u0151l, ha nem a La Romana sz\u00e1llod\u00e1kban tart\u00f3zkodik. Amint a v\u00e1s\u00e1rl\u00e1s befejez\u0151d\u00f6tt, elk\u00fcldj\u00fck \u00d6nnek a helyi idegenvezet\u0151nk teljes el\u00e9rhet\u0151s\u00e9gi adatait (telefonsz\u00e1m, e-mail c\u00edm stb.), hogy megszervezhess\u00fck az \u00e1tv\u00e9tel megszervez\u00e9s\u00e9t.<\/span><\/p>\n<h4><b><i>Tov\u00e1bbi inform\u00e1ci\u00f3k meger\u0151s\u00edt\u00e9se <\/i><\/b><\/h4>\n<ol>\n<li>A jegyek a t\u00fara befizet\u00e9s\u00e9t k\u00f6vet\u0151 nyugt\u00e1k. A fizet\u00e9st a telefonon tudod megjelen\u00edteni.<\/li>\n<li style=\"font-weight: 400;\"><span style=\"font-weight: 400;\">A tal\u00e1lkoz\u00e1si pontot a foglal\u00e1si folyamat ut\u00e1n veszik \u00e1t.<\/span><\/li>\n<li style=\"font-weight: 400;\"><span style=\"font-weight: 400;\">A gyermekeket feln\u0151tt k\u00eds\u00e9ret\u00e9ben kell biztos\u00edtani.<\/span><\/li>\n<li style=\"font-weight: 400;\"><span style=\"font-weight: 400;\"> Kerekessz\u00e9kkel nem megk\u00f6zel\u00edthet\u0151 <\/span><\/li>\n<li style=\"font-weight: 400;\"><span style=\"font-weight: 400;\">A csecsem\u0151knek \u00f6lben kell \u00fclni\u00fck <\/span><\/li>\n<li style=\"font-weight: 400;\"><span style=\"font-weight: 400;\">H\u00e1tprobl\u00e9m\u00e1kkal k\u00fczd\u0151 utaz\u00f3knak nem aj\u00e1nlott<\/span><\/li>\n<li style=\"font-weight: 400;\"><span style=\"font-weight: 400;\">Terhes utaz\u00f3knak nem aj\u00e1nlott <\/span><\/li>\n<li style=\"font-weight: 400;\"><span style=\"font-weight: 400;\"> Nincsenek sz\u00edvprobl\u00e9m\u00e1k vagy egy\u00e9b s\u00falyos eg\u00e9szs\u00e9g\u00fcgyi \u00e1llapotok <\/span><\/li>\n<li style=\"font-weight: 400;\"><span style=\"font-weight: 400;\">A legt\u00f6bb utaz\u00f3 r\u00e9szt vehet<\/span><\/li>\n<\/ol>\n<h4><b><i>Lemond\u00e1si felt\u00e9telek<\/i><\/b><\/h4>\n<p>A teljes visszat\u00e9r\u00edt\u00e9s\u00e9rt k\u00e9rj\u00fck, olvassa el lemond\u00e1si szab\u00e1lyzatunkat\u00a0<a href=\"https:\/\/www.boattoursamana.com\/hu\/online-foglalas\/\" target=\"_blank\" rel=\"noopener\" data-saferedirecturl=\"https:\/\/www.google.com\/url?q=https:\/\/www.boattoursamana.com\/online-booking\/&amp;source=gmail&amp;ust=1672449202351000&amp;usg=AOvVaw1yAeVAPktmaVCqDujgUn90\">Kattints ide<\/a>. Az \u00f6sszeg elveszik, ha a foglal\u00e1st az utaz\u00e1s napj\u00e1n lemondj\u00e1k.<\/p>\n\n\t\t<\/div>\n\t<\/div>\n<div class=\"vc_btn3-container vc_btn3-inline\" ><button class=\"vc_general vc_btn3 vc_btn3-size-md vc_btn3-shape-rounded vc_btn3-style-modern vc_btn3-color-green\">FOGLALD LE MOST<\/button><\/div><\/div><\/div><\/div><\/div><div class=\"vc_row wpb_row vc_row-fluid\" ><\/div><div class=\"wpb_column vc_column_container vc_col-sm-12\"><div class=\"vc_column-inner\"><div class=\"wpb_wrapper\"><\/div><\/div><\/div><div class=\"vc_empty_space\"   style=\"height: 32px\"><span class=\"vc_empty_space_inner\"><\/span><\/div>\n\t<div class=\"wpb_text_column wpb_content_element\" >\n\t\t<div class=\"wpb_wrapper\">\n\t\t\t<p>n Sz\u00f6vegblokk vagyok. A sz\u00f6veg m\u00f3dos\u00edt\u00e1s\u00e1hoz kattintson a Szerkeszt\u00e9s gombra. Lorem ipsum dolor sit amet, consectetur adipiscing elit. Ut elit tellus, luctus nec ullamcorper mattis, pulvinar dapibus leo.<\/p>\n\n\t\t<\/div>\n\t<\/div>\n<div class=\"vc_empty_space\"   style=\"height: 32px\"><span class=\"vc_empty_space_inner\"><\/span><\/div><div class=\"vc_row wpb_row vc_row-fluid\" ><\/div><div class=\"wpb_column vc_column_container vc_col-sm-12\"><div class=\"vc_column-inner\"><div class=\"wpb_wrapper\"><div class=\"vc_btn3-container vc_btn3-inline\" ><button class=\"vc_general vc_btn3 vc_btn3-size-md vc_btn3-shape-rounded vc_btn3-style-modern vc_btn3-color-green\">FOGLALD LE MOST<\/button><\/div><\/div><\/div><\/div><div class=\"mkdf-section-title-holder\" style=\"text-align: left\">\n\t<div class=\"mkdf-st-inner\">\n\t\t\t\t\t\t\t<\/div>\n<\/div><div class=\"vc_row wpb_row vc_row-fluid\" ><div class=\"wpb_column vc_column_container vc_col-sm-12\"><div class=\"vc_column-inner\"><div class=\"wpb_wrapper\"><\/div><\/div><\/div><\/div><div class=\"vc_row wpb_row vc_row-fluid\" ><div class=\"wpb_column vc_column_container vc_col-sm-12\"><div class=\"vc_column-inner\"><div class=\"wpb_wrapper\"><\/div><\/div><\/div><\/div>","protected":false},"excerpt":{"rendered":"<p>A legalacsonyabb \u00e1r a Los Haitises Nemzeti Park megl\u00e1togat\u00e1s\u00e1hoz Boca Chic\u00e1b\u00f3l a helyiekkel. Az utaz\u00e1s a Los Haitises Nemzeti Park f\u0151kik\u00f6t\u0151j\u00e9b\u0151l indul. Az utaz\u00e1s reggel 6:00 \u00e9s 8:00 \u00f3ra k\u00f6z\u00f6tt indulhat. Vedd fel Boca Chica ter\u00fcletein. Egy helyi idegenvezet\u0151, aki ismeri a gy\u00f6ny\u00f6r\u0171 Nemzeti Park eredeti t\u00f6rt\u00e9net\u00e9t, ott lesz az utaz\u00e1son.<\/p>\n<p><span style=\"vertical-align: inherit;\"><span style=\"vertical-align: inherit;\">Ezut\u00e1n egy ment\u0151mell\u00e9nyes HAJ\u00d3VAL indulunk a Los Haitises Nemzeti Park f\u0151 kik\u00f6t\u0151j\u00e9b\u0151l, a Ca\u00f1o Hondo-b\u00f3l (Deep Creek). Gy\u00f6ny\u00f6rk\u00f6dni fogunk a v\u00f6r\u00f6s mangrove erd\u0151ben, am\u00edg el nem \u00e9rj\u00fck a San Lorenzo-\u00f6bl\u00f6t, egy kis \u00f6bl\u00f6t a Saman\u00e1-\u00f6b\u00f6l fel\u00e9. \u00c9s k\u00e9sz is van! Az els\u0151 dolog, amit l\u00e1that, egy hatalmas m\u00e9szk\u0151 hegyvid\u00e9ki sziget, a Mogotes. F\u00f6l\u00f6tt\u00fck t\u00f6bb mint 700 n\u00f6v\u00e9nyfaj \u00e9s sok vizes mad\u00e1r rep\u00fcl. K\u00e9s\u0151bb barlangl\u00e1togat\u00e1s bennsz\u00fcl\u00f6tt k\u00f6z\u00f6ss\u00e9geink 750 \u00e9vvel ezel\u0151tti k\u00e9peivel.<\/span><\/span><\/p>\n<p><em><strong>V\u00e1lassz id\u0151pontot priv\u00e1t utaz\u00e1sodhoz:<\/strong><\/em><\/p>","protected":false},"featured_media":12272,"template":"","meta":[],"product_cat":[909,946,904,928,168,159,170,169,191,253,254,255],"product_tag":[172,176,805,211,210,174,173,804,177,171,910,907,906,209,320,175],"class_list":["post-12676","product","type-product","status-publish","has-post-thumbnail","hentry","product_cat-los-haitises-boat-private-trip-from-boca-chica","product_cat-1-sabana-de-la-mar","product_cat-bayahibe-boat-tour","product_cat-boat-trip-los-haitises","product_cat-caves","product_cat-fees-entrace","product_cat-local-tour-guides","product_cat-mangroves","product_cat-swimming-natural-springs","product_cat-tours-and-excursions","product_cat-tours-excursions-los-haitises-national-park","product_cat-tours-excursions-samana-bay-dominican-republic","product_tag-boat-tour","product_tag-cano-hondo","product_tag-cano-hondo-excursion","product_tag-cano-hondo-hotel","product_tag-cano-hondo-tours","product_tag-eco-tours","product_tag-excursion","product_tag-hotel-cano-hondo","product_tag-locals-guides","product_tag-los-haitises","product_tag-los-haitises-boat-private-trip-from-boca-chica","product_tag-los-haitises-boat-private-trip-from-la-romana","product_tag-los-haitises-from-la-romana","product_tag-los-haitises-national-park","product_tag-los-haitises-national-park-tour","product_tag-sabana-de-la-mar"],"_links":{"self":[{"href":"https:\/\/www.boattoursamana.com\/hu\/wp-json\/wp\/v2\/product\/12676","targetHints":{"allow":["GET"]}}],"collection":[{"href":"https:\/\/www.boattoursamana.com\/hu\/wp-json\/wp\/v2\/product"}],"about":[{"href":"https:\/\/www.boattoursamana.com\/hu\/wp-json\/wp\/v2\/types\/product"}],"wp:featuredmedia":[{"embeddable":true,"href":"https:\/\/www.boattoursamana.com\/hu\/wp-json\/wp\/v2\/media\/12272"}],"wp:attachment":[{"href":"https:\/\/www.boattoursamana.com\/hu\/wp-json\/wp\/v2\/media?parent=12676"}],"wp:term":[{"taxonomy":"product_cat","embeddable":true,"href":"https:\/\/www.boattoursamana.com\/hu\/wp-json\/wp\/v2\/product_cat?post=12676"},{"taxonomy":"product_tag","embeddable":true,"href":"https:\/\/www.boattoursamana.com\/hu\/wp-json\/wp\/v2\/product_tag?post=12676"}],"curies":[{"name":"wp","href":"https:\/\/api.w.org\/{rel}","templated":true}]}}