{"id":12887,"date":"2021-08-31T17:12:07","date_gmt":"2021-08-31T17:12:07","guid":{"rendered":"https:\/\/www.ticketswhales.com\/?post_type=product&#038;p=12887"},"modified":"2023-11-06T10:37:17","modified_gmt":"2023-11-06T10:37:17","slug":"los-haitises-tour-from-las-terrenas-bacardi-island-cayo-levantado","status":"publish","type":"product","link":"https:\/\/www.boattoursamana.com\/hu\/tura\/los-haitises-tour-from-las-terrenas-bacardi-island-cayo-levantado","title":{"rendered":"Los Haitises t\u00fara Las Terrenasb\u00f3l \u00e9s Bacardi-szigetr\u0151l (Cayo Levantado)"},"content":{"rendered":"<div class=\"vc_row wpb_row vc_row-fluid\" ><div class=\"wpb_column vc_column_container vc_col-sm-12\"><div class=\"vc_column-inner\"><div class=\"wpb_wrapper\"><div class=\"mkdf-section-title-holder\" style=\"text-align: left\">\n\t<div class=\"mkdf-st-inner\">\n\t\t\t\t\t<h5 class=\"mkdf-st-subtitle\" >\n\t\t\t\tLas Terrenas Tour\t\t\t<\/h5>\n\t\t\t\t\t\t\t<h3 class=\"mkdf-st-title\" >\n\t\t\t\tLos Haitises t\u00fara Las Terrenasb\u00f3l \u00e9s Bacardi-szigetr\u0151l (Cayo Levantado)\t\t\t<\/h3>\n\t\t\t\t\t<\/div>\n<\/div><\/div><\/div><\/div><\/div><div class=\"vc_row wpb_row vc_row-fluid\" ><div class=\"wpb_column vc_column_container vc_col-sm-12\"><div class=\"vc_column-inner\"><div class=\"wpb_wrapper\"><div class=\"vc_btn3-container vc_btn3-inline\" ><button class=\"vc_general vc_btn3 vc_btn3-size-md vc_btn3-shape-rounded vc_btn3-style-modern vc_btn3-color-green\">FOGLALD LE MOST<\/button><\/div>\n\t<div class=\"wpb_text_column wpb_content_element\" >\n\t\t<div class=\"wpb_wrapper\">\n\t\t\t<h4><\/h4>\n<h2>Los Haitises t\u00fara Las Terrenasb\u00f3l \u00e9s Bacardi-szigetr\u0151l (Cayo Levantado)<\/h2>\n<h4><b><i>\u00c1ttekint\u00e9s <\/i><\/b><\/h4>\n<p>Los Haitises National park starting from Las Terrenas and driving to Saman\u00e1 Port. After the visit to Los Haitises National Park, we go for Lunch to Bacardi Island.\u00a0 Come with us and visit the most beautiful national park of the Dominican Republic, Visiting Mangroves, Caves, and San Lorenzo Bay plus crossing the gorgeous Saman\u00e1 bay. Then Back to the Saman\u00e1 area to Visit Bacardi island, have lunch at the beach, and swimming in one of the most pretty beaches in Saman\u00e1 Bay.<\/p>\n<p>After this experience, you will get Back to Saman\u00e1 port and take your transfer to Las Terrenas.<\/p>\n<ul>\n<li style=\"font-weight: 400;\">A d\u00edjak benne vannak<\/li>\n<li>Transzfert tartalmaz<\/li>\n<li>Eb\u00e9d a Bacardi-szigeten tartalmazza<\/li>\n<li style=\"font-weight: 400;\"><span style=\"font-weight: 400;\">Az \u00fatmutat\u00f3 oktat\u00e1st \u00e9s fel\u00fcgyeletet biztos\u00edt<\/span><\/li>\n<\/ul>\n<p>&nbsp;<\/p>\n<h4><b>Befoglal\u00e1sok \u00e9s kiz\u00e1r\u00e1sok<\/b><\/h4>\n<p><b>Z\u00e1rv\u00e1nyok<\/b><\/p>\n<ol>\n<li style=\"font-weight: 400;\">Los Haitises t\u00fara + barlangok \u00e9s piktogramok<\/li>\n<li>Eb\u00e9d a Cayo Levantado-ban (Bacardi-sziget), ha szereted a hasonl\u00f3 t\u00far\u00e1kat: Los Haitises + Ca\u00f1o Hondo<\/li>\n<li style=\"font-weight: 400;\"><span style=\"font-weight: 400;\">Minden ad\u00f3, d\u00edj \u00e9s kezel\u00e9si k\u00f6lts\u00e9g<\/span><\/li>\n<li style=\"font-weight: 400;\"><span style=\"font-weight: 400;\">Helyi ad\u00f3k<\/span><\/li>\n<li style=\"font-weight: 400;\"><span style=\"font-weight: 400;\">Italok<\/span><\/li>\n<li style=\"font-weight: 400;\"><span style=\"font-weight: 400;\">Minden tev\u00e9kenys\u00e9g<\/span><\/li>\n<li>Transportation from Las Terrenas<\/li>\n<li style=\"font-weight: 400;\"><span style=\"font-weight: 400;\">Helyi idegenvezet\u0151<\/span><\/li>\n<\/ol>\n<p><b> Kiz\u00e1r\u00e1sok<\/b><\/p>\n<ol>\n<li style=\"font-weight: 400;\"><span style=\"font-weight: 400;\">h\u00e1lap\u00e9nz<\/span><\/li>\n<li style=\"font-weight: 400;\"><span style=\"font-weight: 400;\">Alkoholos italok<\/span><\/li>\n<\/ol>\n<p>&nbsp;<\/p>\n<h4><em><strong>Indul\u00e1s \u00e9s vissza\u00fat<\/strong><\/em><\/h4>\n<p><span style=\"font-weight: 400;\">A Foglal\u00e1si folyamat ut\u00e1n az utaz\u00f3 tal\u00e1lkoz\u00e1si pontot kap. A t\u00far\u00e1k tal\u00e1lkoz\u00e1si pontjainkon indulnak \u00e9s fejez\u0151dnek be.<\/span><\/p>\n<p>&nbsp;<\/p>\n<h2>Los Haitises t\u00fara Las Terrenasb\u00f3l \u00e9s Bacardi-szigetr\u0151l (Cayo Levantado)<\/h2>\n<p>&nbsp;<\/p>\n<h4><b><i>Mi v\u00e1rhat\u00f3?<\/i><\/b><\/h4>\n<p><b><i>V<\/i><\/b>tart\u00f3zkod\u00f3<strong> Los Haitises Nemzeti Park Las Terrenasb\u00f3l<\/strong> egy csod\u00e1latos eb\u00e9ddel<strong> Cayo Levantado sziget<\/strong> \u00e9s \u00fasz\u00e1s a tengerparton. Indul\u00e1s <strong>Saman\u00e1 kik\u00f6t\u0151j\u00e9b\u0151l<\/strong> onboard a Boat or Catamaran with a Local tour guide we pass Saman\u00e1 bay to Sabana de la Mar side to Visit one of the most beautiful national parks of the Dominican Republic. <em><strong>A Haitises Nemzeti Park<\/strong><\/em>.<\/p>\n<p>A \u201eBooking Adventures\u201d \u00e1ltal szervezett t\u00fara az idegenvezet\u0151vel megjel\u00f6lt tal\u00e1lkoz\u00e1si pontt\u00f3l indul. J\u00f6jj\u00f6n el a Booking Adventures programmal, \u00e9s kezdjen el felfedezni n\u00e9h\u00e1ny madarakkal teli mangrove-t, a buja n\u00f6v\u00e9nyzettel teli dombokat \u00e9s a barlangokat <em><strong>Los Haitises Nemzeti Park<\/strong><\/em>A sziget l\u00e1togat\u00e1sa madarakkal. A f\u00e9szkel\u0151 id\u0151szakban m\u00e9g a Pelik\u00e1n fi\u00f3k\u00e1kat is l\u00e1thatjuk a f\u00e9szkeken. L\u00e1togassa meg a szikl\u00e1s szigetet, \u00e9s l\u00e1togassa meg a barlangokat az \u0151slakosok piktogramjaival \u00e9s petrogr\u00e1fi\u00e1j\u00e1val.<\/p>\n<p>A ny\u00edlt San Lorenzo-\u00f6b\u00f6lben tal\u00e1lhat\u00f3 mangrove- \u00e9s Land-on kereszt\u00fcl, ahonnan fot\u00f3zhatja a zord erdei t\u00e1jat. N\u00e9zzen a v\u00edzre, hogy \u00e9szrevegye <em><strong>Lamantinok<\/strong><\/em>, r\u00e1kf\u00e9l\u00e9k \u00e9s <em><strong>delfinek.<\/strong><\/em><\/p>\n<h2><strong>Barlangok a Los Haitises Nemzeti Parkban<\/strong><\/h2>\n<div class=\"body-description secondary\">\n<p>A nemzeti park neve eredeti lak\u00f3ir\u00f3l, a taino indi\u00e1nokr\u00f3l sz\u00e1rmazik. Nyelv\u00fck\u00f6n a \u201ehaitisek\u201d felf\u00f6ldet vagy dombokat jelentenek, utalva a partvonal meredek geol\u00f3giai k\u00e9pz\u0151dm\u00e9nyeire, m\u00e9szk\u00f6vekkel. Menjen m\u00e9lyebbre a parkban, \u00e9s fedezze fel a barlangokat, p\u00e9ld\u00e1ul a <em><strong>Cueva de la Arena<\/strong><\/em> \u00e9s <strong><em>Cueva de la L\u00ednea.<\/em><\/strong><\/p>\n<p>Caves in the reserve were used as shelter by the Taino Indians and, later, by hiding pirates. Look for drawings by Indians that decorate some of the walls. After visiting Los Haitises National Park we will go back to Saman\u00e1 port passing Saman\u00e1 bay for 30 min and visiting Bacardi island. We will have a typical lunch on the island. If you are vegan no worries we also have food for you!<\/p>\n<p>After swimming a full afternoon and chilling on the beach our tour guide will set time to go back to Saman\u00e1 port your transfer will take you back to your place in las Terrenas.<\/p>\n<\/div>\n<p>Abban az esetben, ha hosszabb vagy r\u00f6videbb utaz\u00e1st szeretne, a k\u00f6vetkez\u0151 lehet\u0151s\u00e9gek \u00e1llnak rendelkez\u00e9s\u00e9re:<\/p>\n<ol>\n<li>Csak Los Haitises Saman\u00e1 kik\u00f6t\u0151j\u00e9b\u0151l.<\/li>\n<li>Los Haitises + Ca\u00f1o Hondo a Saman\u00e1 kik\u00f6t\u0151b\u0151l.<\/li>\n<\/ol>\n<p>&nbsp;<\/p>\n<h4><em><strong>Mit kell vinni?<\/strong><\/em><\/h4>\n<ul>\n<li style=\"font-weight: 400;\"><span style=\"font-weight: 400;\">Kamera<\/span><\/li>\n<li style=\"font-weight: 400;\"><span style=\"font-weight: 400;\">Riaszt\u00f3 bimb\u00f3k<\/span><\/li>\n<li style=\"font-weight: 400;\"><span style=\"font-weight: 400;\">Naptej<\/span><\/li>\n<li style=\"font-weight: 400;\"><span style=\"font-weight: 400;\">Kalap<\/span><\/li>\n<li style=\"font-weight: 400;\"><span style=\"font-weight: 400;\">K\u00e9nyelmes nadr\u00e1g<\/span><\/li>\n<li style=\"font-weight: 400;\"><span style=\"font-weight: 400;\">Erdei t\u00faracip\u0151<\/span><\/li>\n<li style=\"font-weight: 400;\"><span style=\"font-weight: 400;\">Szand\u00e1lok a tavaszi ter\u00fcletekre.<\/span><\/li>\n<li style=\"font-weight: 400;\"><span style=\"font-weight: 400;\">\u00dasz\u00f3ruha<\/span><\/li>\n<\/ul>\n<p>&nbsp;<\/p>\n<h4><b><i>Sz\u00e1llodai \u00e1tv\u00e9tel <\/i><\/b><\/h4>\n<p><span style=\"font-weight: 400;\">Hotel pick-up is offered for this tour in Las Terrenas or El Limon community.\u00a0<\/span><\/p>\n<p>&nbsp;<\/p>\n<p><b>Jegyzet:<\/b><span style=\"font-weight: 400;\"> Ha a t\u00fara\/kir\u00e1ndul\u00e1s indul\u00e1si id\u0151pontj\u00e1t\u00f3l sz\u00e1m\u00edtott 24 \u00f3r\u00e1n bel\u00fcl foglal, fel\u00e1r ellen\u00e9ben meg tudjuk szervezni a sz\u00e1llodai \u00e1tv\u00e9telt. Amint a v\u00e1s\u00e1rl\u00e1s befejez\u0151d\u00f6tt, elk\u00fcldj\u00fck \u00d6nnek a helyi idegenvezet\u0151nk teljes el\u00e9rhet\u0151s\u00e9gi adatait (telefonsz\u00e1m, e-mail c\u00edm stb.), hogy megszervezhess\u00fck az \u00e1tv\u00e9tel megszervez\u00e9s\u00e9t.<\/span><\/p>\n<h4><b><i>Tov\u00e1bbi inform\u00e1ci\u00f3k meger\u0151s\u00edt\u00e9se <\/i><\/b><\/h4>\n<ol>\n<li>A jegyek a t\u00fara befizet\u00e9s\u00e9t k\u00f6vet\u0151 nyugt\u00e1k. A fizet\u00e9st a telefonon tudod megjelen\u00edteni.<\/li>\n<li style=\"font-weight: 400;\"><span style=\"font-weight: 400;\">A tal\u00e1lkoz\u00e1si pontot a foglal\u00e1si folyamat ut\u00e1n veszik \u00e1t.<\/span><\/li>\n<li style=\"font-weight: 400;\"><span style=\"font-weight: 400;\">A gyermekeket feln\u0151tt k\u00eds\u00e9ret\u00e9ben kell biztos\u00edtani.<\/span><\/li>\n<li style=\"font-weight: 400;\"><span style=\"font-weight: 400;\"> Kerekessz\u00e9kkel nem megk\u00f6zel\u00edthet\u0151 <\/span><\/li>\n<li style=\"font-weight: 400;\"><span style=\"font-weight: 400;\">A csecsem\u0151knek \u00f6lben kell \u00fclni\u00fck <\/span><\/li>\n<li style=\"font-weight: 400;\"><span style=\"font-weight: 400;\">H\u00e1tprobl\u00e9m\u00e1kkal k\u00fczd\u0151 utaz\u00f3knak nem aj\u00e1nlott<\/span><\/li>\n<li style=\"font-weight: 400;\"><span style=\"font-weight: 400;\">Terhes utaz\u00f3knak nem aj\u00e1nlott <\/span><\/li>\n<li style=\"font-weight: 400;\"><span style=\"font-weight: 400;\"> Nincsenek sz\u00edvprobl\u00e9m\u00e1k vagy egy\u00e9b s\u00falyos eg\u00e9szs\u00e9g\u00fcgyi \u00e1llapotok <\/span><\/li>\n<li style=\"font-weight: 400;\"><span style=\"font-weight: 400;\">A legt\u00f6bb utaz\u00f3 r\u00e9szt vehet<\/span><\/li>\n<\/ol>\n<h4><b><i>Lemond\u00e1si felt\u00e9telek<\/i><\/b><\/h4>\n<p>A teljes visszat\u00e9r\u00edt\u00e9s\u00e9rt k\u00e9rj\u00fck, olvassa el lemond\u00e1si szab\u00e1lyzatunkat\u00a0<a href=\"https:\/\/www.boattoursamana.com\/hu\/online-foglalas\/\" target=\"_blank\" rel=\"noopener\" data-saferedirecturl=\"https:\/\/www.google.com\/url?q=https:\/\/www.boattoursamana.com\/online-booking\/&amp;source=gmail&amp;ust=1672449202351000&amp;usg=AOvVaw1yAeVAPktmaVCqDujgUn90\">Kattints ide<\/a>. Az \u00f6sszeg elveszik, ha a foglal\u00e1st az utaz\u00e1s napj\u00e1n lemondj\u00e1k.<\/p>\n\n\t\t<\/div>\n\t<\/div>\n<div class=\"vc_btn3-container vc_btn3-inline\" ><button class=\"vc_general vc_btn3 vc_btn3-size-md vc_btn3-shape-rounded vc_btn3-style-modern vc_btn3-color-green\">FOGLALD LE MOST<\/button><\/div>\n\t<div class=\"wpb_video_widget wpb_content_element vc_clearfix   vc_video-aspect-ratio-169 vc_video-el-width-100 vc_video-align-left\" >\n\t\t<div class=\"wpb_wrapper\">\n\t\t\t<h2 class=\"wpb_heading wpb_video_heading\">Los Haitises Nemzeti Park<\/h2>\n\t\t\t<div class=\"wpb_video_wrapper\"><iframe loading=\"lazy\" title=\"Los Haitises Nemzeti Park t\u00far\u00e1k \u00e9s kir\u00e1ndul\u00e1sok\" width=\"1100\" height=\"619\" src=\"https:\/\/www.youtube.com\/embed\/vMI4Ou81cd4?feature=oembed\" frameborder=\"0\" allow=\"accelerometer; autoplay; encrypted-media; gyroscope; picture-in-picture\" allowfullscreen><\/iframe><\/div>\n\t\t<\/div>\n\t<\/div>\n<\/div><\/div><\/div><\/div><div class=\"vc_row wpb_row vc_row-fluid\" ><div class=\"wpb_column vc_column_container vc_col-sm-12\"><div class=\"vc_column-inner\"><div class=\"wpb_wrapper\"><div class=\"vc_empty_space\"   style=\"height: 32px\"><span class=\"vc_empty_space_inner\"><\/span><\/div>\n\t<div class=\"wpb_text_column wpb_content_element\" >\n\t\t<div class=\"wpb_wrapper\">\n\t\t\t<h4>L\u00e9pjen kapcsolatba vel\u00fcnk?<\/h4>\n<h5>Kalandok foglal\u00e1sa<\/h5>\n<p><em><strong>Helyiek<\/strong>\u00a0\u00e9s\u00a0<strong>Nemzetiek<\/strong>\u00a0Idegenvezet\u0151k \u00e9s vend\u00e9gszolg\u00e1ltat\u00e1sok<\/em><\/p>\n<p><span class=\"text-turquoise\">Foglal\u00e1sok:<\/span>\u00a0T\u00far\u00e1k \u00e9s kir\u00e1ndul\u00e1sok Dom. Ism\u00e9tl\u00e9s.<\/p>\n<p><img decoding=\"async\" class=\"emoji\" draggable=\"false\" src=\"https:\/\/s.w.org\/images\/core\/emoji\/11.2.0\/svg\/1f4de.svg\" alt=\"\ud83d\udcde\" title=\"\">\u00a0Tel \/ Whatsapp\u00a0\u00a0<a href=\"tel:+1-809-720-6035\">+1-809-720-6035<\/a>.<\/p>\n<p><img decoding=\"async\" class=\"emoji\" draggable=\"false\" src=\"https:\/\/s.w.org\/images\/core\/emoji\/11.2.0\/svg\/1f4e9.svg\" alt=\"\ud83d\udce9\" title=\"\">\u00a0<a href=\"mailto:info@bookingadventures.com.do\">info@bookingadventures.com.do<\/a><\/p>\n<p><strong>Rugalmasan \u00e1ll\u00edtjuk be a Whatsapp priv\u00e1t t\u00far\u00e1it:\u00a0<a href=\"tel:+18097206035\">+18097206035.<\/a><\/strong><\/p>\n\n\t\t<\/div>\n\t<\/div>\n<div class=\"vc_empty_space\"   style=\"height: 32px\"><span class=\"vc_empty_space_inner\"><\/span><\/div><\/div><\/div><\/div><\/div><div class=\"vc_row wpb_row vc_row-fluid\" ><div class=\"wpb_column vc_column_container vc_col-sm-12\"><div class=\"vc_column-inner\"><div class=\"wpb_wrapper\"><div class=\"mkdf-section-title-holder\" style=\"text-align: left\">\n\t<div class=\"mkdf-st-inner\">\n\t\t\t\t\t<h5 class=\"mkdf-st-subtitle\" >\n\t\t\t\tFrom Samana Port\t\t\t<\/h5>\n\t\t\t\t\t\t\t<h3 class=\"mkdf-st-title\" >\n\t\t\t\tLos Haitises and Cayo Levantado Samana Tour\t\t\t<\/h3>\n\t\t\t\t\t<\/div>\n<\/div><div class=\"vc_empty_space\"   style=\"height: 32px\"><span class=\"vc_empty_space_inner\"><\/span><\/div><\/div><\/div><\/div><\/div><div class=\"vc_row wpb_row vc_row-fluid\" ><div class=\"wpb_column vc_column_container vc_col-sm-12\"><div class=\"vc_column-inner\"><div class=\"wpb_wrapper\"><div class=\"woocommerce columns-4\"><ul class=\"products columns-4\">\n<li class=\"product type-product post-8219 status-publish first instock product_cat-tours-excursions-samana-bay-dominican-republic product_cat-1-samana product_cat-boat-trip-los-haitises product_cat-caves product_cat-hiking product_cat-kayaking product_cat-local-tour-guides product_cat-lunch product_cat-mangroves product_cat-natural-pools-los-haitises product_cat-swimming-natural-springs product_cat-tours-and-excursions product_cat-tours-excursions-los-haitises-national-park product_tag-cano-hondo product_tag-cano-hondo-hotel product_tag-cano-hondo-tours product_tag-day-tour-cano-hondo product_tag-los-haitises product_tag-los-haitises-national-park product_tag-mangroves-los-haitises product_tag-samana-bay product_tag-samana-excursions product_tag-samana-tours has-post-thumbnail sale sold-individually shipping-taxable product-type-external\">\n\t<div class=\"mkdf-pl-inner\"><div class=\"mkdf-pl-image\"><div class=\"mkdf-pl-text\"><div class=\"mkdf-pl-text-outer\"><div class=\"mkdf-pl-text-inner\"><a href=\"https:\/\/bookingadventures.tours\/booking.php?tour_id=115599b2f3856c5f8f20eead7f885855\" data-quantity=\"1\" class=\"button wp-element-button product_type_external\" data-product_id=\"8219\" data-product_sku=\"\" aria-label=\"FOGLALD LE MOST\" rel=\"nofollow noopener\">FOGLALD LE MOST<\/a><\/div><\/div><\/div><\/div><a href=\"https:\/\/www.boattoursamana.com\/hu\/tura\/los-haitises-nemzeti-parki-ebed-a-cano-hondoban-a-samana-kikotobol\" class=\"woocommerce-LoopProduct-link woocommerce-loop-product__link\"><\/a><\/div><div class=\"mkdf-pl-text-wrapper\"><div class=\"mkdf-pl-rating-holder\"><\/div><h4 class=\"mkdf-product-list-title\"><a href=\"https:\/\/www.boattoursamana.com\/hu\/tura\/los-haitises-nemzeti-parki-ebed-a-cano-hondoban-a-samana-kikotobol\">Los Haitises Nemzeti Park + Eb\u00e9d a Ca\u00f1o Hond\u00f3ban a Saman\u00e1 kik\u00f6t\u0151b\u0151l.<\/a><\/h4>\n\t<span class=\"price\"><del aria-hidden=\"true\"><span class=\"woocommerce-Price-amount amount\"><bdi><span class=\"woocommerce-Price-currencySymbol\">&#36;<\/span>150.00<\/bdi><\/span><\/del> <ins><span class=\"woocommerce-Price-amount amount\"><bdi><span class=\"woocommerce-Price-currencySymbol\">&#36;<\/span>97.50<\/bdi><\/span><\/ins><\/span>\n<\/div><\/li><li class=\"product type-product post-8854 status-publish instock product_cat-tours-excursions-samana-bay-dominican-republic product_cat-1-samana product_cat-boat-trip-los-haitises product_cat-local-tour-guides product_cat-lunch product_cat-trails-or-paths product_tag-beach-time product_tag-el-rincon-beach product_tag-playa-el-rincon product_tag-samana product_tag-samana-bay product_tag-samana-excursions product_tag-samana-tours has-post-thumbnail sale sold-individually shipping-taxable product-type-external\">\n\t<div class=\"mkdf-pl-inner\"><div class=\"mkdf-pl-image\"><div class=\"mkdf-pl-text\"><div class=\"mkdf-pl-text-outer\"><div class=\"mkdf-pl-text-inner\"><a href=\"https:\/\/bookingadventures.tours\/booking.php?tour_id=18edd15a2a473d6c5e4a936ce7d4440e\" data-quantity=\"1\" class=\"button wp-element-button product_type_external\" data-product_id=\"8854\" data-product_sku=\"\" aria-label=\"FOGLALD LE MOST\" rel=\"nofollow noopener\">FOGLALD LE MOST<\/a><\/div><\/div><\/div><\/div><a href=\"https:\/\/www.boattoursamana.com\/hu\/tura\/los-haitises-national-park-playa-el-rincon-beach\" class=\"woocommerce-LoopProduct-link woocommerce-loop-product__link\"><\/a><\/div><div class=\"mkdf-pl-text-wrapper\"><div class=\"mkdf-pl-rating-holder\"><\/div><h4 class=\"mkdf-product-list-title\"><a href=\"https:\/\/www.boattoursamana.com\/hu\/tura\/los-haitises-national-park-playa-el-rincon-beach\">Los Haitises Nemzeti Park + Playa el Rinc\u00f3n strand<\/a><\/h4>\n\t<span class=\"price\"><del aria-hidden=\"true\"><span class=\"woocommerce-Price-amount amount\"><bdi><span class=\"woocommerce-Price-currencySymbol\">&#36;<\/span>99.99<\/bdi><\/span><\/del> <ins><span class=\"woocommerce-Price-amount amount\"><bdi><span class=\"woocommerce-Price-currencySymbol\">&#36;<\/span>89.99<\/bdi><\/span><\/ins><\/span>\n<\/div><\/li><li class=\"product type-product post-8852 status-publish instock product_cat-local-tour-guides product_cat-1-samana product_cat-boat-trip-los-haitises product_cat-caves product_cat-fees-entrace product_cat-mangroves product_tag-los-haitises product_tag-los-haitises-national-park product_tag-samana product_tag-samana-bay product_tag-samana-excursions product_tag-samana-tours has-post-thumbnail sale sold-individually shipping-taxable product-type-external\">\n\t<div class=\"mkdf-pl-inner\"><div class=\"mkdf-pl-image\"><div class=\"mkdf-pl-text\"><div class=\"mkdf-pl-text-outer\"><div class=\"mkdf-pl-text-inner\"><a href=\"https:\/\/bookingadventures.tours\/booking.php?tour_id=74f49ad02323a4407f5c10b98f9dd188\" data-quantity=\"1\" class=\"button wp-element-button product_type_external\" data-product_id=\"8852\" data-product_sku=\"\" aria-label=\"FOGLALD LE MOST\" rel=\"nofollow noopener\">FOGLALD LE MOST<\/a><\/div><\/div><\/div><\/div><a href=\"https:\/\/www.boattoursamana.com\/hu\/tura\/los-haitises-national-park-tour-from-samana-port\" class=\"woocommerce-LoopProduct-link woocommerce-loop-product__link\"><\/a><\/div><div class=\"mkdf-pl-text-wrapper\"><div class=\"mkdf-pl-rating-holder\"><\/div><h4 class=\"mkdf-product-list-title\"><a href=\"https:\/\/www.boattoursamana.com\/hu\/tura\/los-haitises-national-park-tour-from-samana-port\">Los Haitises Nemzeti Park t\u00fara Saman\u00e1 kik\u00f6t\u0151j\u00e9b\u0151l<\/a><\/h4>\n\t<span class=\"price\"><del aria-hidden=\"true\"><span class=\"woocommerce-Price-amount amount\"><bdi><span class=\"woocommerce-Price-currencySymbol\">&#36;<\/span>95.00<\/bdi><\/span><\/del> <ins><span class=\"woocommerce-Price-amount amount\"><bdi><span class=\"woocommerce-Price-currencySymbol\">&#36;<\/span>85.00<\/bdi><\/span><\/ins><\/span>\n<\/div><\/li><li class=\"product type-product post-9228 status-publish last instock product_cat-tours-excursions-samana-bay-dominican-republic product_cat-1-samana product_cat-whale-watching-private-tours product_cat-whale-watching-samana product_tag-bacardi-island product_tag-cayo-levantado-day-pass product_tag-private-tours-samana product_tag-samana-tours product_tag-samana-whale product_tag-samana-whale-watching product_tag-samana-whale-watching-excursions product_tag-whale-samana product_tag-whale-watching product_tag-whale-watching-2020 product_tag-whale-watching-dominican-republic has-post-thumbnail sale shipping-taxable product-type-external\">\n\t<div class=\"mkdf-pl-inner\"><div class=\"mkdf-pl-image\"><div class=\"mkdf-pl-text\"><div class=\"mkdf-pl-text-outer\"><div class=\"mkdf-pl-text-inner\"><a href=\"https:\/\/bookingadventures.tours\/booking.php?tour_id=ca38c1361b978f1cbced1eaddcec5b99\" data-quantity=\"1\" class=\"button wp-element-button product_type_external\" data-product_id=\"9228\" data-product_sku=\"\" aria-label=\"FOGLALD LE MOST\" rel=\"nofollow noopener\">FOGLALD LE MOST<\/a><\/div><\/div><\/div><\/div><a href=\"https:\/\/www.boattoursamana.com\/hu\/tura\/cayo-levantado-balnales-samana-kikotojebol-privat-hajotura\" class=\"woocommerce-LoopProduct-link woocommerce-loop-product__link\"><\/a><\/div><div class=\"mkdf-pl-text-wrapper\"><div class=\"mkdf-pl-rating-holder\"><\/div><h4 class=\"mkdf-product-list-title\"><a href=\"https:\/\/www.boattoursamana.com\/hu\/tura\/cayo-levantado-balnales-samana-kikotojebol-privat-hajotura\">Priv\u00e1t t\u00fara Saman\u00e1 b\u00e1lnales + Cayo Levantado (Bacardi-sziget) Saman\u00e1 kik\u00f6t\u0151j\u00e9b\u0151l<\/a><\/h4>\n\t<span class=\"price\"><del aria-hidden=\"true\"><span class=\"woocommerce-Price-amount amount\"><bdi><span class=\"woocommerce-Price-currencySymbol\">&#36;<\/span>99.00<\/bdi><\/span><\/del> <ins><span class=\"woocommerce-Price-amount amount\"><bdi><span class=\"woocommerce-Price-currencySymbol\">&#36;<\/span>90.00<\/bdi><\/span><\/ins><\/span>\n<\/div><\/li><\/ul>\n<\/div><\/div><\/div><\/div><\/div><div class=\"vc_row wpb_row vc_row-fluid\" ><div class=\"wpb_column vc_column_container vc_col-sm-12\"><div class=\"vc_column-inner\"><div class=\"wpb_wrapper\"><div class=\"vc_btn3-container vc_btn3-inline\" ><button class=\"vc_general vc_btn3 vc_btn3-size-md vc_btn3-shape-rounded vc_btn3-style-modern vc_btn3-color-green\">FOGLALD LE MOST<\/button><\/div><\/div><\/div><\/div><\/div>","protected":false},"excerpt":{"rendered":"<p>Excursions to Los Haitises and Cayo Levantado, Ecological Trip to Los Haitises National Park with a Local Tour Guide. Visiting the Cays in Los Haitises National Park, Mangroves, Vegetation, Bird Watching, Caves, Pictograms and the historic areas of Sabana de la Mar in Los Haitises National Park. After Los Haitises we had lunch on the beach of Bacardi Island. Book Now Los Haitises National Park Tour from Puerto Samana + Bacardi Island (Cayo Levantado) with us.<\/p>\n<p><strong>V\u00e1lassza ki a t\u00fara d\u00e1tum\u00e1t:<\/strong><\/p>","protected":false},"featured_media":12507,"template":"","meta":[],"product_cat":[254,655,928,255],"product_tag":[184,579,236,172,268,223,311,174,615,612,945,171,901,613,580,581,647,209,440,611,441,578,574,610,614,944,608,175,186,200,667,187,616],"class_list":["post-12887","product","type-product","status-publish","has-post-thumbnail","hentry","product_cat-tours-excursions-los-haitises-national-park","product_cat-1-samana","product_cat-boat-trip-los-haitises","product_cat-tours-excursions-samana-bay-dominican-republic","product_tag-bacardi-island","product_tag-bacardi-island-tours","product_tag-birdwatching","product_tag-boat-tour","product_tag-caves-los-haitises","product_tag-cayo-levantado","product_tag-cayo-levantado-tour","product_tag-eco-tours","product_tag-excursiones-a-los-haitises-y-cayo-levantado","product_tag-haitises-park-and-cayo-levantado-island","product_tag-las-terrenas-tour","product_tag-los-haitises","product_tag-los-haitises-and-cayo-levantado","product_tag-los-haitises-excursiones","product_tag-los-haitises-excursions","product_tag-los-haitises-mapa","product_tag-los-haitises-mas-cayo-levantado","product_tag-los-haitises-national-park","product_tag-los-haitises-national-park-map","product_tag-los-haitises-national-park-mas-cayo-levantado","product_tag-los-haitises-national-park-tour-from-las-terrenas","product_tag-los-haitises-national-park-tour-from-samana-port-bacardi-island-cayo-levantado","product_tag-los-haitises-national-park-tour-from-santo-domingo","product_tag-los-haitises-park-tour-cayo-levantado-island","product_tag-los-haitises-samana","product_tag-los-haitises-tour-from-las-terrenas-bacardi-island-cayo-levantado","product_tag-los-haitises-y-cayo-levantado","product_tag-sabana-de-la-mar","product_tag-samana","product_tag-samana-excursions","product_tag-samana-tour","product_tag-samana-tours","product_tag-tour-los-haitises-national-park-cayo-levantado"],"_links":{"self":[{"href":"https:\/\/www.boattoursamana.com\/hu\/wp-json\/wp\/v2\/product\/12887","targetHints":{"allow":["GET"]}}],"collection":[{"href":"https:\/\/www.boattoursamana.com\/hu\/wp-json\/wp\/v2\/product"}],"about":[{"href":"https:\/\/www.boattoursamana.com\/hu\/wp-json\/wp\/v2\/types\/product"}],"wp:featuredmedia":[{"embeddable":true,"href":"https:\/\/www.boattoursamana.com\/hu\/wp-json\/wp\/v2\/media\/12507"}],"wp:attachment":[{"href":"https:\/\/www.boattoursamana.com\/hu\/wp-json\/wp\/v2\/media?parent=12887"}],"wp:term":[{"taxonomy":"product_cat","embeddable":true,"href":"https:\/\/www.boattoursamana.com\/hu\/wp-json\/wp\/v2\/product_cat?post=12887"},{"taxonomy":"product_tag","embeddable":true,"href":"https:\/\/www.boattoursamana.com\/hu\/wp-json\/wp\/v2\/product_tag?post=12887"}],"curies":[{"name":"wp","href":"https:\/\/api.w.org\/{rel}","templated":true}]}}