{"id":13398,"date":"2021-11-23T10:25:21","date_gmt":"2021-11-23T10:25:21","guid":{"rendered":"https:\/\/www.ticketswhales.com\/?post_type=product&#038;p=13398"},"modified":"2023-02-26T03:44:21","modified_gmt":"2023-02-26T03:44:21","slug":"private-speed-boat-lancha-samana-bay","status":"publish","type":"product","link":"https:\/\/www.boattoursamana.com\/hu\/tura\/privat-motorcsonak-lancha-samana-obolben","title":{"rendered":"Priv\u00e1t motorcs\u00f3nak (Lancha) Saman\u00e1 Bay"},"content":{"rendered":"<div class=\"vc_row wpb_row vc_row-fluid\" ><div class=\"wpb_column vc_column_container vc_col-sm-12\"><div class=\"vc_column-inner\"><div class=\"wpb_wrapper\"><div class=\"vc_btn3-container vc_btn3-inline\" ><button class=\"vc_general vc_btn3 vc_btn3-size-md vc_btn3-shape-rounded vc_btn3-style-modern vc_btn3-color-green\">FOGLALD LE MOST<\/button><\/div>\n\t<div class=\"wpb_text_column wpb_content_element\" >\n\t\t<div class=\"wpb_wrapper\">\n\t\t\t<div class=\"custom-left\">\n<div class=\"row\">\n<div class=\"col-md-12 cust-clas\">\n<div class=\"product-header alignleft\">\n<p>SAMANA\u00a0 BOAT &#8211; RENTAL<\/p>\n<p>PRIVATE FULL DAY CHARTER SAMANA BAY<\/p>\n<p>8 HOUR TRIP- MONDAY TO SUNDAY<\/p>\n<\/div>\n<\/div>\n<\/div>\n<\/div>\n<div class=\"custom-left para-p\">\n<div class=\"info_content_label\">\n<p><label>Inform\u00e1ci\u00f3:<\/label><\/p>\n<p>Rent this fabulous speed boat\u00a0 for the full day for up to 5 people to visit the <a href=\"https:\/\/www.boattoursamana.com\/hu\/celallomasok\/los-haitises-national-park-tickets-tours\/\" target=\"_blank\" rel=\"noopener\" data-saferedirecturl=\"https:\/\/www.google.com\/url?q=https:\/\/www.boattoursamana.com\/destinations\/los-haitises-national-park-tickets-tours\/&amp;source=gmail&amp;ust=1637749313206000&amp;usg=AOvVaw2iM1LFDbYv-Gthna0qZt2n\">Haitises<\/a> \u00e9s Cayo Levantado. A b\u00e1lnales\u0151 szezonban is haszn\u00e1lhatja a haj\u00f3t a b\u00e1ln\u00e1k megtekint\u00e9s\u00e9re a Samana-\u00f6b\u00f6lben.<\/p>\n<p>Includes crew, fuel and ice cooler.<\/p>\n<p>Food Options available for an extra price:<\/p>\n<p><strong>A Hagyom\u00e1nyos sv\u00e9dasztalos eb\u00e9d r\u00e9szletei, $15 USD pp:<\/strong><\/p>\n<p>-Green salad<br \/>\n-Keny\u00e9r<br \/>\nn-Moro de Guandule (rizs dominikai st\u00edlus\u00fa) k\u00f3kuszos<br \/>\n\u2013 Pasta in tomato sauce<br \/>\n- Yuca rakott \u00e9telek<br \/>\nn-Hal \u00e9s grillezett csirke (dorado) + opcion\u00e1lis k\u00f3kusztejsz\u00f3sz<br \/>\n-Friss gy\u00fcm\u00f6lcs<br \/>\n- 1 alkoholmentes ital (sz\u00f3da vagy v\u00edz)<br \/>\n-K\u00e1v\u00e9<\/p>\n<p><strong>Tov\u00e1bbi hom\u00e1rszolg\u00e1ltat\u00e1s + k\u00f3kuszcukor $19 USD (tov\u00e1bbi).<\/strong><\/p>\n<\/div>\n<p><label>Mag\u00e1ba foglalja:<\/label>\u00a0Egy\u00e9b szolg\u00e1ltat\u00e1sok (szem\u00e9lyzet, \u00fczemanyag \u00e9s h\u0171t\u0151 j\u00e9ggel)<\/p>\n<p><label>Nem tartalmazza:<\/label>\u00a0Az italokat \u00e9s az \u00e9teleket az \u00e1r NEM tartalmazza<\/p>\n<p><label>\u00dczemanyagot tartalmaz:<\/label>\u00a0Igen<\/p>\n<\/div>\n<p>Contact us by Whatsapp: +1-809-720-6035. Best price online&#8230;<\/p>\n<p>&nbsp;<\/p>\n<h4><b><i>Lemond\u00e1si felt\u00e9telek<\/i><\/b><\/h4>\n<p>A teljes visszat\u00e9r\u00edt\u00e9s\u00e9rt k\u00e9rj\u00fck, olvassa el lemond\u00e1si szab\u00e1lyzatunkat\u00a0<a href=\"https:\/\/www.boattoursamana.com\/hu\/online-foglalas\/\" target=\"_blank\" rel=\"noopener\" data-saferedirecturl=\"https:\/\/www.google.com\/url?q=https:\/\/www.boattoursamana.com\/online-booking\/&amp;source=gmail&amp;ust=1672449202351000&amp;usg=AOvVaw1yAeVAPktmaVCqDujgUn90\">Kattints ide<\/a>. Az \u00f6sszeg elveszik, ha a foglal\u00e1st az utaz\u00e1s napj\u00e1n lemondj\u00e1k.<\/p>\n\n\t\t<\/div>\n\t<\/div>\n<\/div><\/div><\/div><\/div><div class=\"vc_row wpb_row vc_row-fluid\" ><div class=\"wpb_column vc_column_container vc_col-sm-12\"><div class=\"vc_column-inner\"><div class=\"wpb_wrapper\"><div class=\"vc_btn3-container vc_btn3-inline\" ><button class=\"vc_general vc_btn3 vc_btn3-size-md vc_btn3-shape-rounded vc_btn3-style-modern vc_btn3-color-green\">FOGLALD LE MOST<\/button><\/div><\/div><\/div><\/div><\/div>","protected":false},"excerpt":{"rendered":"<p>Priv\u00e1t motorcs\u00f3nak (Lancha) Samana Bay B\u00e9relje ki ezt a mes\u00e9s motorcs\u00f3nakot eg\u00e9sz napra, hogy ak\u00e1r 5 f\u0151 is megl\u00e1togassa a <a href=\"https:\/\/www.boattoursamana.com\/hu\/celallomasok\/los-haitises-national-park-tickets-tours\/\" target=\"_blank\" rel=\"noopener\" data-saferedirecturl=\"https:\/\/www.google.com\/url?q=https:\/\/www.boattoursamana.com\/destinations\/los-haitises-national-park-tickets-tours\/&amp;source=gmail&amp;ust=1637749313206000&amp;usg=AOvVaw2iM1LFDbYv-Gthna0qZt2n\">Haitises<\/a> \u00e9s Cayo Levantado. A b\u00e1lnales\u0151 szezonban is haszn\u00e1lhatja a haj\u00f3t a b\u00e1ln\u00e1k megtekint\u00e9s\u00e9re a Samana-\u00f6b\u00f6lben.<\/p>","protected":false},"featured_media":12415,"template":"","meta":[],"product_cat":[1054,841,1000],"product_tag":[842,843,844,845],"class_list":["post-13398","product","type-product","status-publish","has-post-thumbnail","hentry","product_cat-private-speed-boat-lancha-samana-bay","product_cat-rent-catamaran-or-boat-samana","product_cat-ultimo2022","product_tag-catamaran-for-renting-samana","product_tag-samana-boat-rentals","product_tag-samana-catamaran","product_tag-samana-rentals"],"_links":{"self":[{"href":"https:\/\/www.boattoursamana.com\/hu\/wp-json\/wp\/v2\/product\/13398","targetHints":{"allow":["GET"]}}],"collection":[{"href":"https:\/\/www.boattoursamana.com\/hu\/wp-json\/wp\/v2\/product"}],"about":[{"href":"https:\/\/www.boattoursamana.com\/hu\/wp-json\/wp\/v2\/types\/product"}],"wp:featuredmedia":[{"embeddable":true,"href":"https:\/\/www.boattoursamana.com\/hu\/wp-json\/wp\/v2\/media\/12415"}],"wp:attachment":[{"href":"https:\/\/www.boattoursamana.com\/hu\/wp-json\/wp\/v2\/media?parent=13398"}],"wp:term":[{"taxonomy":"product_cat","embeddable":true,"href":"https:\/\/www.boattoursamana.com\/hu\/wp-json\/wp\/v2\/product_cat?post=13398"},{"taxonomy":"product_tag","embeddable":true,"href":"https:\/\/www.boattoursamana.com\/hu\/wp-json\/wp\/v2\/product_tag?post=13398"}],"curies":[{"name":"wp","href":"https:\/\/api.w.org\/{rel}","templated":true}]}}