{"id":13984,"date":"2022-03-17T14:52:59","date_gmt":"2022-03-17T14:52:59","guid":{"rendered":"https:\/\/www.ticketswhales.com\/?post_type=product&#038;p=13984"},"modified":"2023-10-19T15:18:55","modified_gmt":"2023-10-19T15:18:55","slug":"jarabacoa-buggy-with-baiguate-waterfall-double","status":"publish","type":"product","link":"https:\/\/www.boattoursamana.com\/hu\/tura\/jarabacoa-buggy-baiguate-vizeses-dupla","title":{"rendered":"Jarabacoa buggy Baiguate v\u00edzes\u00e9ssel"},"content":{"rendered":"<div class=\"vc_row wpb_row vc_row-fluid\" ><div class=\"wpb_column vc_column_container vc_col-sm-12\"><div class=\"vc_column-inner\"><div class=\"wpb_wrapper\"><div class=\"mkdf-section-title-holder\" style=\"text-align: left\">\n\t<div class=\"mkdf-st-inner\">\n\t\t\t\t\t<h5 class=\"mkdf-st-subtitle\" >\n\t\t\t\tBuggy - Buggies\t\t\t<\/h5>\n\t\t\t\t\t\t\t<h3 class=\"mkdf-st-title\" >\n\t\t\t\tJarabacoa with Jimenoa and Baiguate Waterfalls\t\t\t<\/h3>\n\t\t\t\t\t<\/div>\n<\/div><\/div><\/div><\/div><\/div><div class=\"vc_row wpb_row vc_row-fluid\" ><div class=\"wpb_column vc_column_container vc_col-sm-12\"><div class=\"vc_column-inner\"><div class=\"wpb_wrapper\"><div class=\"vc_btn3-container vc_btn3-inline\" ><a class=\"vc_general vc_btn3 vc_btn3-size-md vc_btn3-shape-rounded vc_btn3-style-modern vc_btn3-color-green\" href=\"https:\/\/bookingadventures.tours\/booking.php?tour_id=e29316590922029738666cca35b0d5d9\" title=\"\" rel=\"noopener\">FOGLALD LE MOST<\/a><\/div>\n\t<div class=\"wpb_text_column wpb_content_element\" >\n\t\t<div class=\"wpb_wrapper\">\n\t\t\t<h3 class=\"ui_header h1 attractions-product-info-ProductTitle__title--1qM0o\">Jarabacoa buggy with Baiguate Waterfall Double<\/h3>\n<h4><b><i>\u00c1ttekint\u00e9s <\/i><\/b><\/h4>\n<p><span style=\"font-weight: 400;\">Csatlakozzon hozz\u00e1nk \u00e9s utazzon egy helyi szak\u00e9rt\u0151vel Jarabaco\u00e1b\u00f3l, \u00e9s szerezze meg az egyed\u00fcl\u00e1ll\u00f3 \u00e9lm\u00e9nyt az \u00f6koturizmus f\u0151v\u00e1ros\u00e1nak legjobb helyeinek megl\u00e1togat\u00e1s\u00e1val Jarabaco\u00e1t\u00f3l kezdve. Ez a t\u00fara k\u00f6rbevezeti \u00d6nt a Dominikai K\u00f6zt\u00e1rsas\u00e1g legnagyobb hegyi tany\u00e1j\u00e1nak gy\u00f6ny\u00f6r\u0171 t\u00e1j\u00e1n. Ahogy k\u00f6rbej\u00e1rja a k\u00fcl\u00f6nb\u00f6z\u0151 helyeket, \u00e9rezni fogja a hegyi leveg\u0151t \u00e9s \u00e9lvezni fogja a vid\u00e9k sz\u00e9ps\u00e9g\u00e9t.\u00a0<\/span><\/p>\n<p><span style=\"font-weight: 400;\">A t\u00fara k\u00fcl\u00f6nb\u00f6z\u0151 helysz\u00edneire juthatunk el. A k\u00f6vetkez\u0151 lehet\u0151s\u00e9gek k\u00f6z\u00fcl v\u00e1laszthat: Bicikliz\u00e9s, Lovagl\u00e1s, Szafari, N\u00e9gy ker\u00e9k vagy Buggy. V\u00e1s\u00e1rolja meg jegy\u00e9t online most, \u00e9s \u00e9lvezze a Jarabacoa \u00e9s a Dominikai K\u00f6zt\u00e1rsas\u00e1g kult\u00far\u00e1j\u00e1nak megismer\u00e9s\u00e9t, mik\u00f6zben k\u00f6rbeutazza a v\u00e1ros legjobb helyeit.<\/span><\/p>\n<p><span style=\"font-weight: 400;\">Jarabacoa az \u00f6r\u00f6k tavaszi sz\u00fcnet v\u00e1rosa az id\u0151j\u00e1r\u00e1s miatt, \u00e9s La Vega tartom\u00e1ny m\u00e1sodik legfontosabb telep\u00fcl\u00e9se. A t\u00f6rt\u00e9nelem szerint Jarabacoa jelent\u00e9se \u201esok v\u00edz helye\u201d. 1858. szeptember 27-\u00e9n Jarabacoa telep\u00fcl\u00e9sk\u00e9nt kezdte meg \u00e9let\u00e9t, ezt a kateg\u00f3ri\u00e1t a 19. sz\u00e1zad elej\u00e9r\u0151l sz\u00e1rmaz\u00f3 karrier ut\u00e1n szerezt\u00e9k meg. Utazz vel\u00fcnk, \u00e9s tudj meg t\u00f6bbet a Dominikai K\u00f6zt\u00e1rsas\u00e1g \u00e9szaki r\u00e9gi\u00f3j\u00e1nak hegyeir\u0151l, term\u00e9szet\u00e9r\u0151l, kult\u00far\u00e1j\u00e1r\u00f3l \u00e9s embereir\u0151l.\u00a0<\/span><\/p>\n<ul>\n<li style=\"font-weight: 400;\">A d\u00edjak benne vannak<\/li>\n<li>Eb\u00e9d<\/li>\n<li>Snackek<\/li>\n<li style=\"font-weight: 400;\">Helyi idegenvezet\u0151 angol nyelven<\/li>\n<\/ul>\n<h4><b>Befoglal\u00e1sok \u00e9s kiz\u00e1r\u00e1sok<\/b><\/h4>\n<p><b>Z\u00e1rv\u00e1nyok<\/b><\/p>\n<ol>\n<li>Eb\u00e9d<\/li>\n<li style=\"font-weight: 400;\"><span style=\"font-weight: 400;\">Minden ad\u00f3, d\u00edj \u00e9s kezel\u00e9si k\u00f6lts\u00e9g<\/span><\/li>\n<li style=\"font-weight: 400;\"><span style=\"font-weight: 400;\">Helyi ad\u00f3k<\/span><\/li>\n<li style=\"font-weight: 400;\"><span style=\"font-weight: 400;\">Italok<\/span><\/li>\n<li>Snackek<\/li>\n<li style=\"font-weight: 400;\"><span style=\"font-weight: 400;\">Minden tev\u00e9kenys\u00e9g<\/span><\/li>\n<li style=\"font-weight: 400;\"><span style=\"font-weight: 400;\">Helyi idegenvezet\u0151<\/span><\/li>\n<\/ol>\n<p><b> Kiz\u00e1r\u00e1sok<\/b><\/p>\n<ol>\n<li style=\"font-weight: 400;\"><span style=\"font-weight: 400;\">h\u00e1lap\u00e9nz<\/span><\/li>\n<li>sz\u00e1ll\u00edt\u00e1s (Be\u00e1ll\u00edt\u00e1s: Kapcsolatfelv\u00e9tel)<\/li>\n<li style=\"font-weight: 400;\"><span style=\"font-weight: 400;\">Alkoholos italok<\/span><\/li>\n<\/ol>\n<h4><em><strong>Indul\u00e1s \u00e9s vissza\u00fat<\/strong><\/em><\/h4>\n<p><span style=\"font-weight: 400;\">A Foglal\u00e1si folyamat ut\u00e1n az utaz\u00f3 tal\u00e1lkoz\u00e1si pontot kap. A t\u00far\u00e1k tal\u00e1lkoz\u00e1si pontjainkon indulnak \u00e9s fejez\u0151dnek be.<\/span><\/p>\n<h3 class=\"ui_header h1 attractions-product-info-ProductTitle__title--1qM0o\">Jarabacoa buggy with Baiguate Waterfall Double<\/h3>\n<h4><b><i>Mi v\u00e1rhat\u00f3?<\/i><\/b><\/h4>\n<p><span style=\"font-weight: 400;\">Szerezze meg jegy\u00e9t a Baiguate Waterfalls from Jarabacoa City by Buggy programra.\u00a0<\/span><\/p>\n<p><span style=\"font-weight: 400;\">Amikor a babakocsikr\u00f3l besz\u00e9l\u00fcnk, akkor olyan terepj\u00e1r\u00f3r\u00f3l besz\u00e9l\u00fcnk, amely biztons\u00e1got \u00e9s k\u00f6nny\u0171 kezelhet\u0151s\u00e9get k\u00edn\u00e1l, mik\u00f6zben lehet\u0151v\u00e9 teszi a felhaszn\u00e1l\u00f3 sz\u00e1m\u00e1ra, hogy vezet\u00e9s k\u00f6zben jobban \u00e9rintkezzen az \u0151t k\u00f6r\u00fclvev\u0151 tereppel \u00e9s term\u00e9szettel. \u00c9rezze a szell\u0151t, a napot, az es\u0151t, n\u00e9zze meg a t\u00e1jat maga mellett egy k\u00e9nyelmes \u00e9s biztons\u00e1gos eszk\u00f6zben, amelyet az erdei p\u00e1ly\u00e1n \u00e9s a terepen val\u00f3 \u00e9lvezetre terveztek.<\/span><\/p>\n<p><span style=\"font-weight: 400;\">Ez a kir\u00e1ndul\u00e1s egy tal\u00e1lkoz\u00e1si pontr\u00f3l indul, amelyet meg kell er\u0151s\u00edtenie utaz\u00e1si irod\u00e1nkkal vagy az idegenvezet\u0151vel, miel\u0151tt b\u00e1rmely helyre indulna. Miut\u00e1n tal\u00e1lkozik az idegenvezet\u0151vel, besz\u00e1mol a t\u00far\u00e1r\u00f3l \u00e9s mindenr\u0151l, ami a napj\u00e1val kapcsolatos.<\/span><\/p>\n<p><span style=\"font-weight: 400;\">Amikor mindenki k\u00e9szen \u00e1ll, elindulunk Jarabacoa Town n\u00e9h\u00e1ny vid\u00e9ki ter\u00fclet\u00e9re, mik\u00f6zben a buggy-val vezetve az orsz\u00e1g k\u00f6z\u00e9ps\u0151 \u00e9szaki r\u00e9sz\u00e9nek r\u00f6g\u00f6s utak \u00e9s a vid\u00e9k hegyi leveg\u0151je megmutatja a sz\u00e9ps\u00e9get \u00e9s a term\u00e9szetet ezen a kalandon kereszt\u00fcl.<\/span><\/p>\n<p><span style=\"font-weight: 400;\">Az utaz\u00e1s sor\u00e1n megl\u00e1togatand\u00f3 helyek k\u00f6z\u00fcl n\u00e9h\u00e1ny: La Confluencia, ahol Jimenoa \u00e9s Yaque Del Norte foly\u00f3 tal\u00e1lkozik, Cieneguita \u00e9s Monte Arriba.\u00a0<\/span><\/p>\n<p><span style=\"font-weight: 400;\">K\u00f6r\u00fclbel\u00fcl 30 kilom\u00e9ter lovagl\u00e1s ut\u00e1n a Baiguate-v\u00edzes\u00e9shez indulunk egy 10 perces t\u00far\u00e1ra \u00e9s \u00fasz\u00e1sra a term\u00e9szetes medenc\u00e9kben.\u00a0<\/span><\/p>\n<p><span style=\"font-weight: 400;\">Az utaz\u00e1s ezen r\u00e9sze alatt k\u00f6r\u00fclbel\u00fcl 1 \u00f3r\u00e1t \u00faszhat, \u00e9s egy kis sz\u00fcnetet tarthat, hogy minden nap kipr\u00f3b\u00e1lhasson n\u00e9h\u00e1ny friss gy\u00fcm\u00f6lcs\u00f6t, amelyet a jarabacoai farmer f\u00f6ldj\u00e9r\u0151l sz\u00fcreteltek. Baiguate 82 l\u00e1b magas es\u00e9ssel rendelkezik, \u00e9s t\u00f6k\u00e9letes hely a kikapcsol\u00f3d\u00e1sra, miel\u0151tt visszat\u00e9rne a v\u00e1rosba.\u00a0\u00a0<\/span><\/p>\n<p><span style=\"font-weight: 400;\">Az utaz\u00e1s ezen r\u00e9sze alatt k\u00f6r\u00fclbel\u00fcl 1 \u00f3r\u00e1t \u00faszhat, \u00e9s egy kis sz\u00fcnetet tarthat, hogy minden nap kipr\u00f3b\u00e1lhasson n\u00e9h\u00e1ny friss gy\u00fcm\u00f6lcs\u00f6t, amelyet a jarabacoai farmer f\u00f6ldj\u00e9r\u0151l sz\u00fcreteltek. Baiguate 82 l\u00e1b magas es\u00e9ssel rendelkezik, \u00e9s t\u00f6k\u00e9letes hely a kikapcsol\u00f3d\u00e1sra, miel\u0151tt visszat\u00e9rne a v\u00e1rosba.\u00a0\u00a0<\/span><\/p>\n<p><span style=\"font-weight: 400;\">K\u00e9s\u0151bb a Baiguate-v\u00edzes\u00e9s ut\u00e1n Ivon&#039;s-ba megy\u00fcnk, hogy kipr\u00f3b\u00e1ljuk a legjobb helyi fagylalt \u00edz\u00e9t, amelyet egy helyi szak\u00e9rt\u0151 h\u00e1zi k\u00e9sz\u00edt\u00e9s\u0171, \u00e9s az utaz\u00e1s utols\u00f3 r\u00e9sz\u00e9ben els\u00e9t\u00e1lunk a Duarte Central Parkba. Ez egy 6 \u00f3r\u00e1s t\u00fara, amely lehet\u0151s\u00e9get ad fel\u00fcgyelni Jarabaco\u00e1t, ez a kir\u00e1ndul\u00e1s ugyanott \u00e9r v\u00e9get, ahol elkezd\u0151d\u00f6tt.<\/span><\/p>\n<p><span style=\"font-weight: 400;\">Megjegyz\u00e9s: Ezeket a t\u00far\u00e1kat a Hivatalos \u00d6kol\u00f3gus idegenvezet\u0151k vezetik. K\u00e9rj\u00fck, id\u0151ben foglaljon, mert a parkban nincs t\u00fal sok szakember.<\/span><\/p>\n<h4><em><strong>Mit kell vinni?<\/strong><\/em><\/h4>\n<ul>\n<li style=\"font-weight: 400;\"><span style=\"font-weight: 400;\">Kamera<\/span><\/li>\n<li style=\"font-weight: 400;\"><span style=\"font-weight: 400;\">Riaszt\u00f3 bimb\u00f3k<\/span><\/li>\n<li style=\"font-weight: 400;\"><span style=\"font-weight: 400;\">Naptej<\/span><\/li>\n<li style=\"font-weight: 400;\"><span style=\"font-weight: 400;\">Kalap<\/span><\/li>\n<li style=\"font-weight: 400;\"><span style=\"font-weight: 400;\">K\u00e9nyelmes nadr\u00e1g<\/span><\/li>\n<li style=\"font-weight: 400;\"><span style=\"font-weight: 400;\">Erdei t\u00faracip\u0151<\/span><\/li>\n<li style=\"font-weight: 400;\"><span style=\"font-weight: 400;\">Szand\u00e1lok a tavaszi ter\u00fcletekre.<\/span><\/li>\n<li style=\"font-weight: 400;\"><span style=\"font-weight: 400;\">\u00dasz\u00f3ruha<\/span><\/li>\n<\/ul>\n<h4><b><i>Sz\u00e1llodai \u00e1tv\u00e9tel <\/i><\/b><\/h4>\n<p><span style=\"font-weight: 400;\">Ezen a t\u00far\u00e1n nem k\u00edn\u00e1lnak transzfert a sz\u00e1llod\u00e1b\u00f3l. Az \u00e1tv\u00e9telt \u00fagy \u00e1ll\u00edtottuk be, hogy felveszi vel\u00fcnk a kapcsolatot a Whatsappon kereszt\u00fcl.<\/span><\/p>\n<p><b>Jegyzet:<\/b><span style=\"font-weight: 400;\"> Ha a t\u00fara\/kir\u00e1ndul\u00e1s indul\u00e1si id\u0151pontj\u00e1t\u00f3l sz\u00e1m\u00edtott 24 \u00f3r\u00e1n bel\u00fcl foglal, fel\u00e1r ellen\u00e9ben meg tudjuk szervezni a sz\u00e1llodai \u00e1tv\u00e9telt. Amint a v\u00e1s\u00e1rl\u00e1s befejez\u0151d\u00f6tt, elk\u00fcldj\u00fck \u00d6nnek a helyi idegenvezet\u0151nk teljes el\u00e9rhet\u0151s\u00e9gi adatait (telefonsz\u00e1m, e-mail c\u00edm stb.), hogy megszervezhess\u00fck az \u00e1tv\u00e9tel megszervez\u00e9s\u00e9t.<\/span><\/p>\n<h4><b><i>Tov\u00e1bbi inform\u00e1ci\u00f3k meger\u0151s\u00edt\u00e9se <\/i><\/b><\/h4>\n<ol>\n<li>A jegyek a t\u00fara befizet\u00e9s\u00e9t k\u00f6vet\u0151 nyugt\u00e1k. A fizet\u00e9st a telefonon tudod megjelen\u00edteni.<\/li>\n<li style=\"font-weight: 400;\"><span style=\"font-weight: 400;\">A tal\u00e1lkoz\u00e1si pontot a foglal\u00e1si folyamat ut\u00e1n veszik \u00e1t.<\/span><\/li>\n<li style=\"font-weight: 400;\"><span style=\"font-weight: 400;\">A gyermekeket feln\u0151tt k\u00eds\u00e9ret\u00e9ben kell biztos\u00edtani.<\/span><\/li>\n<li style=\"font-weight: 400;\"><span style=\"font-weight: 400;\"> Kerekessz\u00e9kkel nem megk\u00f6zel\u00edthet\u0151 <\/span><\/li>\n<li style=\"font-weight: 400;\"><span style=\"font-weight: 400;\">A csecsem\u0151knek \u00f6lben kell \u00fclni\u00fck <\/span><\/li>\n<li style=\"font-weight: 400;\"><span style=\"font-weight: 400;\">H\u00e1tprobl\u00e9m\u00e1kkal k\u00fczd\u0151 utaz\u00f3knak nem aj\u00e1nlott<\/span><\/li>\n<li style=\"font-weight: 400;\"><span style=\"font-weight: 400;\">Terhes utaz\u00f3knak nem aj\u00e1nlott <\/span><\/li>\n<li style=\"font-weight: 400;\"><span style=\"font-weight: 400;\"> Nincsenek sz\u00edvprobl\u00e9m\u00e1k vagy egy\u00e9b s\u00falyos eg\u00e9szs\u00e9g\u00fcgyi \u00e1llapotok <\/span><\/li>\n<li style=\"font-weight: 400;\"><span style=\"font-weight: 400;\">A legt\u00f6bb utaz\u00f3 r\u00e9szt vehet<\/span><\/li>\n<\/ol>\n<h4><b><i>Lemond\u00e1si felt\u00e9telek<\/i><\/b><\/h4>\n<p>A teljes visszat\u00e9r\u00edt\u00e9s\u00e9rt k\u00e9rj\u00fck, olvassa el lemond\u00e1si szab\u00e1lyzatunkat\u00a0<a href=\"https:\/\/www.boattoursamana.com\/hu\/online-foglalas\/\" target=\"_blank\" rel=\"noopener\" data-saferedirecturl=\"https:\/\/www.google.com\/url?q=https:\/\/www.boattoursamana.com\/online-booking\/&amp;source=gmail&amp;ust=1672449202351000&amp;usg=AOvVaw1yAeVAPktmaVCqDujgUn90\">Kattints ide<\/a>. Az \u00f6sszeg elveszik, ha a foglal\u00e1st az utaz\u00e1s napj\u00e1n lemondj\u00e1k.<\/p>\n\n\t\t<\/div>\n\t<\/div>\n<div class=\"vc_btn3-container vc_btn3-inline\" ><a class=\"vc_general vc_btn3 vc_btn3-size-md vc_btn3-shape-rounded vc_btn3-style-modern vc_btn3-color-green\" href=\"https:\/\/bookingadventures.tours\/booking.php?tour_id=e29316590922029738666cca35b0d5d9\" title=\"\" rel=\"noopener\">FOGLALD LE MOST<\/a><\/div><\/div><\/div><\/div><\/div><div class=\"vc_row wpb_row vc_row-fluid\" ><div class=\"wpb_column vc_column_container vc_col-sm-12\"><div class=\"vc_column-inner\"><div class=\"wpb_wrapper\">\n\t<div class=\"wpb_video_widget wpb_content_element vc_clearfix   vc_video-aspect-ratio-169 vc_video-el-width-100 vc_video-align-left\" >\n\t\t<div class=\"wpb_wrapper\">\n\t\t\t<h2 class=\"wpb_heading wpb_video_heading\">Jarabacoa City vide\u00f3:<\/h2>\n\t\t\t<div class=\"wpb_video_wrapper\"><iframe loading=\"lazy\" title=\"Jarabacoa, Turismo entre rios y monta\u00f1a\" width=\"1100\" height=\"619\" src=\"https:\/\/www.youtube.com\/embed\/FRHfK4RS39A?feature=oembed\" frameborder=\"0\" allow=\"accelerometer; autoplay; clipboard-write; encrypted-media; gyroscope; picture-in-picture\" allowfullscreen><\/iframe><\/div>\n\t\t<\/div>\n\t<\/div>\n<\/div><\/div><\/div><\/div><div class=\"vc_row wpb_row vc_row-fluid\" ><\/div><div class=\"wpb_column vc_column_container vc_col-sm-12\"><div class=\"vc_column-inner\"><div class=\"wpb_wrapper\"><\/div><\/div><\/div><div class=\"vc_empty_space\"   style=\"height: 32px\"><span class=\"vc_empty_space_inner\"><\/span><\/div><div class=\"vc_row wpb_row vc_row-fluid\" ><div class=\"wpb_column vc_column_container vc_col-sm-12\"><div class=\"vc_column-inner\"><div class=\"wpb_wrapper\"><div class=\"vc_btn3-container vc_btn3-inline\" ><a class=\"vc_general vc_btn3 vc_btn3-size-md vc_btn3-shape-rounded vc_btn3-style-modern vc_btn3-color-green\" href=\"https:\/\/bookingadventures.tours\/booking.php?tour_id=e29316590922029738666cca35b0d5d9\" title=\"\" rel=\"noopener\">FOGLALD LE MOST<\/a><\/div><\/div><\/div><\/div><\/div>","protected":false},"excerpt":{"rendered":"<p>Join us and travel with a local expert from Jarabacoa and get the unique experience of visiting the best places in the capital of ecotourism starting from Jarabacoa, this tour will take you to know the beautiful landscape of the largest mountain ranch in the Dominican Republic. As you drive through the different locations, you will feel the mountain air and enjoy the beauty of the countryside.<\/p>\n<p><strong>V\u00e1lassza ki a t\u00fara d\u00e1tum\u00e1t:<\/strong><\/p>","protected":false},"featured_media":12529,"template":"","meta":[],"product_cat":[946,159,889,253],"product_tag":[895,892,891,890,896,894,893],"class_list":["post-13984","product","type-product","status-publish","has-post-thumbnail","hentry","product_cat-1-sabana-de-la-mar","product_cat-fees-entrace","product_cat-jarabacoa-buggy","product_cat-tours-and-excursions","product_tag-baiguate-waterfall","product_tag-jarabacoa-buggies","product_tag-jarabacoa-buggy","product_tag-jarabacoa-tour","product_tag-jimenoa-waterfall","product_tag-salto-baiguate","product_tag-salto-jimenoa"],"_links":{"self":[{"href":"https:\/\/www.boattoursamana.com\/hu\/wp-json\/wp\/v2\/product\/13984","targetHints":{"allow":["GET"]}}],"collection":[{"href":"https:\/\/www.boattoursamana.com\/hu\/wp-json\/wp\/v2\/product"}],"about":[{"href":"https:\/\/www.boattoursamana.com\/hu\/wp-json\/wp\/v2\/types\/product"}],"wp:featuredmedia":[{"embeddable":true,"href":"https:\/\/www.boattoursamana.com\/hu\/wp-json\/wp\/v2\/media\/12529"}],"wp:attachment":[{"href":"https:\/\/www.boattoursamana.com\/hu\/wp-json\/wp\/v2\/media?parent=13984"}],"wp:term":[{"taxonomy":"product_cat","embeddable":true,"href":"https:\/\/www.boattoursamana.com\/hu\/wp-json\/wp\/v2\/product_cat?post=13984"},{"taxonomy":"product_tag","embeddable":true,"href":"https:\/\/www.boattoursamana.com\/hu\/wp-json\/wp\/v2\/product_tag?post=13984"}],"curies":[{"name":"wp","href":"https:\/\/api.w.org\/{rel}","templated":true}]}}