{"id":14124,"date":"2022-07-23T07:20:41","date_gmt":"2022-07-23T07:20:41","guid":{"rendered":"https:\/\/www.ticketswhales.com\/?post_type=product&#038;p=14124"},"modified":"2023-02-25T14:47:42","modified_gmt":"2023-02-25T14:47:42","slug":"private-catamaran-samana-bay-tour-marina","status":"publish","type":"product","link":"https:\/\/www.boattoursamana.com\/hu\/tura\/privat-katamaran-samana-oboltura-kikoto","title":{"rendered":"Priv\u00e1t katamar\u00e1n Saman\u00e1 Bay \u2013 Tour Marina"},"content":{"rendered":"<div class=\"vc_row wpb_row vc_row-fluid\" ><div class=\"wpb_column vc_column_container vc_col-sm-12\"><div class=\"vc_column-inner\"><div class=\"wpb_wrapper\"><div class=\"vc_btn3-container vc_btn3-inline\" ><button class=\"vc_general vc_btn3 vc_btn3-size-md vc_btn3-shape-rounded vc_btn3-style-modern vc_btn3-color-green\">FOGLALD LE MOST<\/button><\/div><div class=\"vc_tta-container\" data-vc-action=\"collapse\"><div class=\"vc_general vc_tta vc_tta-tabs vc_tta-color-sandy-brown vc_tta-style-modern vc_tta-shape-square vc_tta-spacing-1 vc_tta-tabs-position-top vc_tta-controls-align-left\"><div class=\"vc_tta-tabs-container\"><ul class=\"vc_tta-tabs-list\"><li class=\"vc_tta-tab vc_active\" data-vc-tab><a href=\"#1658558043421-55144174-f505\" data-vc-tabs data-vc-container=\".vc_tta\"><span class=\"vc_tta-title-text\">A Boatr\u00f3l<\/span><\/a><\/li><li class=\"vc_tta-tab\" data-vc-tab><a href=\"#1658558043429-9adef37c-3c9f\" data-vc-tabs data-vc-container=\".vc_tta\"><span class=\"vc_tta-title-text\">Cs\u00f3nak felszerel\u00e9s<\/span><\/a><\/li><li class=\"vc_tta-tab\" data-vc-tab><a href=\"#1658558311759-f1fb6ddd-50cd\" data-vc-tabs data-vc-container=\".vc_tta\"><span class=\"vc_tta-title-text\">T\u00f6bb<\/span><\/a><\/li><\/ul><\/div><div class=\"vc_tta-panels-container\"><div class=\"vc_tta-panels\"><div class=\"vc_tta-panel vc_active\" id=\"1658558043421-55144174-f505\" data-vc-content=\".vc_tta-panel-body\"><div class=\"vc_tta-panel-heading\"><h4 class=\"vc_tta-panel-title\"><a href=\"#1658558043421-55144174-f505\" data-vc-accordion data-vc-container=\".vc_tta-container\"><span class=\"vc_tta-title-text\">A Boatr\u00f3l<\/span><\/a><\/h4><\/div><div class=\"vc_tta-panel-body\">\n\t<div class=\"wpb_text_column wpb_content_element\" >\n\t\t<div class=\"wpb_wrapper\">\n\t\t\t<h6>N\u00e9v: Tour Marina<\/h6>\n<h6>Modell:<\/h6>\n<h6>\u00c9v:<\/h6>\n<h6>Hossz:<\/h6>\n<h6>Motorsz\u00e1m: 2<\/h6>\n<h6>Teljes\u00edtm\u00e9ny: 600 LE<\/h6>\n\n\t\t<\/div>\n\t<\/div>\n<\/div><\/div><div class=\"vc_tta-panel\" id=\"1658558043429-9adef37c-3c9f\" data-vc-content=\".vc_tta-panel-body\"><div class=\"vc_tta-panel-heading\"><h4 class=\"vc_tta-panel-title\"><a href=\"#1658558043429-9adef37c-3c9f\" data-vc-accordion data-vc-container=\".vc_tta-container\"><span class=\"vc_tta-title-text\">Cs\u00f3nak felszerel\u00e9s<\/span><\/a><\/h4><\/div><div class=\"vc_tta-panel-body\">\n\t<div class=\"wpb_text_column wpb_content_element\" >\n\t\t<div class=\"wpb_wrapper\">\n\t\t\t<h6>VHS r\u00e1di\u00f3<\/h6>\n<h6>WC<\/h6>\n<h6>J\u00e9gh\u0171t\u0151<\/h6>\n<h6>Ment\u0151mell\u00e9ny<\/h6>\n<h6>Zenei berendez\u00e9sek<\/h6>\n\n\t\t<\/div>\n\t<\/div>\n<\/div><\/div><div class=\"vc_tta-panel\" id=\"1658558311759-f1fb6ddd-50cd\" data-vc-content=\".vc_tta-panel-body\"><div class=\"vc_tta-panel-heading\"><h4 class=\"vc_tta-panel-title\"><a href=\"#1658558311759-f1fb6ddd-50cd\" data-vc-accordion data-vc-container=\".vc_tta-container\"><span class=\"vc_tta-title-text\">T\u00f6bb<\/span><\/a><\/h4><\/div><div class=\"vc_tta-panel-body\">\n\t<div class=\"wpb_text_column wpb_content_element\" >\n\t\t<div class=\"wpb_wrapper\">\n\t\t\t<div class=\"info_content_label\">\n<h4>Bele\u00e9rtve:<\/h4>\n<h6>Leg\u00e9nys\u00e9g a fed\u00e9lzeten<\/h6>\n<h6>\u00dczemanyag<\/h6>\n<h4>M\u00e1s inform\u00e1ci\u00f3:<\/h4>\n<h6>A haj\u00f3 reggel 6:00 \u00e9s 16:30 k\u00f6z\u00f6tt \u00e9rhet\u0151 el.<\/h6>\n<p><strong>Fel\u00e1r ellen\u00e9ben ital- \u00e9s \u00e9tkez\u00e9si lehet\u0151s\u00e9gek \u00e1llnak rendelkez\u00e9sre:<\/strong><\/p>\n<p>Details of the Traditional Buffet lunch on Cayo Levantado Island, $15 USD\/ pp.<\/p>\n<p>-Green salad<br \/>\n-Keny\u00e9r<br \/>\nn-Moro de Guandule (rizs dominikai st\u00edlus\u00fa) k\u00f3kuszos<br \/>\n\u2013 Pasta in tomato sauce<br \/>\n- Yuca rakott \u00e9telek<br \/>\nn-Hal \u00e9s grillezett csirke (dorado) + opcion\u00e1lis k\u00f3kusztejsz\u00f3sz<br \/>\n-Friss gy\u00fcm\u00f6lcs<br \/>\n- 1 alkoholmentes ital (sz\u00f3da vagy v\u00edz)<br \/>\n-K\u00e1v\u00e9<\/p>\n<p><strong>Tov\u00e1bbi hom\u00e1rszolg\u00e1ltat\u00e1s + k\u00f3kuszcukor $19 USD (tov\u00e1bbi).<\/strong><\/p>\n<\/div>\n<p>Drinks and food can be also provided onboard for an extra cost.<\/p>\n\n\t\t<\/div>\n\t<\/div>\n<\/div><\/div><\/div><\/div><\/div><\/div>\n\t<div class=\"wpb_text_column wpb_content_element\" >\n\t\t<div class=\"wpb_wrapper\">\n\t\t\t<h4><b><i>Lemond\u00e1si felt\u00e9telek<\/i><\/b><\/h4>\n<p>A teljes visszat\u00e9r\u00edt\u00e9s\u00e9rt k\u00e9rj\u00fck, olvassa el lemond\u00e1si szab\u00e1lyzatunkat\u00a0<a href=\"https:\/\/www.boattoursamana.com\/hu\/online-foglalas\/\" target=\"_blank\" rel=\"noopener\" data-saferedirecturl=\"https:\/\/www.google.com\/url?q=https:\/\/www.boattoursamana.com\/online-booking\/&amp;source=gmail&amp;ust=1672449202351000&amp;usg=AOvVaw1yAeVAPktmaVCqDujgUn90\">Kattints ide<\/a>. Az \u00f6sszeg elveszik, ha a foglal\u00e1st az utaz\u00e1s napj\u00e1n lemondj\u00e1k.<\/p>\n<p>&nbsp;<\/p>\n<p><strong>Vegye fel vel\u00fcnk a kapcsolatot Whatsappon: +1-809-720-6035 vagy \u00e9l\u0151 chaten.<\/strong><\/p>\n<p><strong>A legjobb online lehet\u0151s\u00e9g Saman\u00e1ban!<\/strong><\/p>\n\n\t\t<\/div>\n\t<\/div>\n<\/div><\/div><\/div><\/div><div class=\"vc_row wpb_row vc_row-fluid\" ><div class=\"wpb_column vc_column_container vc_col-sm-12\"><div class=\"vc_column-inner\"><div class=\"wpb_wrapper\"><div class=\"vc_empty_space\"   style=\"height: 32px\"><span class=\"vc_empty_space_inner\"><\/span><\/div><\/div><\/div><\/div><\/div><div class=\"vc_row wpb_row vc_row-fluid\" ><div class=\"wpb_column vc_column_container vc_col-sm-12\"><div class=\"vc_column-inner\"><div class=\"wpb_wrapper\">\n\t<div class=\"wpb_video_widget wpb_content_element vc_clearfix   vc_video-aspect-ratio-169 vc_video-el-width-100 vc_video-align-left\" >\n\t\t<div class=\"wpb_wrapper\">\n\t\t\t<h2 class=\"wpb_heading wpb_video_heading\">B\u00e9reljen katamar\u00e1nt Saman\u00e1ban, Dominikai K\u00f6zt\u00e1rsas\u00e1gban - R\u00f6vid vide\u00f3<\/h2>\n\t\t\t<div class=\"wpb_video_wrapper\"><iframe loading=\"lazy\" title=\"Cs\u00f3nakb\u00e9rl\u00e9s Samana Dominikai K\u00f6zt\u00e1rsas\u00e1g, t\u00far\u00e1k \u00e9s kir\u00e1ndul\u00e1sok\" width=\"1100\" height=\"619\" src=\"https:\/\/www.youtube.com\/embed\/2TA5TdrEZd0?feature=oembed\" frameborder=\"0\" allow=\"accelerometer; autoplay; clipboard-write; encrypted-media; gyroscope; picture-in-picture\" allowfullscreen><\/iframe><\/div>\n\t\t<\/div>\n\t<\/div>\n<\/div><\/div><\/div><\/div><div class=\"vc_row wpb_row vc_row-fluid\" ><div class=\"wpb_column vc_column_container vc_col-sm-12\"><div class=\"vc_column-inner\"><div class=\"wpb_wrapper\"><div class=\"vc_empty_space\"   style=\"height: 32px\"><span class=\"vc_empty_space_inner\"><\/span><\/div><div class=\"mkdf-section-title-holder\" style=\"text-align: center\">\n\t<div class=\"mkdf-st-inner\">\n\t\t\t\t\t<h5 class=\"mkdf-st-subtitle\" >\n\t\t\t\tSamana, Dominikai K\u00f6zt\u00e1rsas\u00e1g\t\t\t<\/h5>\n\t\t\t\t\t\t\t<h3 class=\"mkdf-st-title\" >\n\t\t\t\tTov\u00e1bbi cs\u00f3nakb\u00e9rl\u00e9si lehet\u0151s\u00e9gek\t\t\t<\/h3>\n\t\t\t\t\t<\/div>\n<\/div><div class=\"vc_btn3-container vc_btn3-inline\" ><button class=\"vc_general vc_btn3 vc_btn3-size-md vc_btn3-shape-rounded vc_btn3-style-modern vc_btn3-color-green\">FOGLALD LE MOST<\/button><\/div><\/div><\/div><\/div><\/div><div class=\"vc_row wpb_row vc_row-fluid\" ><div class=\"wpb_column vc_column_container vc_col-sm-12\"><div class=\"vc_column-inner\"><div class=\"wpb_wrapper\"><div class=\"vc_empty_space\"   style=\"height: 32px\"><span class=\"vc_empty_space_inner\"><\/span><\/div><div class=\"mkdf-section-title-holder\" style=\"text-align: center\">\n\t<div class=\"mkdf-st-inner\">\n\t\t\t\t\t<h5 class=\"mkdf-st-subtitle\" >\n\t\t\t\tCsoportos \u00e9s priv\u00e1t lehet\u0151s\u00e9gek\t\t\t<\/h5>\n\t\t\t\t\t\t\t<h3 class=\"mkdf-st-title\" >\n\t\t\t\tT\u00far\u00e1k \u00e9s kir\u00e1ndul\u00e1sok\t\t\t<\/h3>\n\t\t\t\t\t<\/div>\n<\/div><\/div><\/div><\/div><\/div><div class=\"vc_row wpb_row vc_row-fluid\" ><div class=\"wpb_column vc_column_container vc_col-sm-12\"><div class=\"vc_column-inner\"><div class=\"wpb_wrapper\"><div class=\"vc_btn3-container vc_btn3-inline\" ><button class=\"vc_general vc_btn3 vc_btn3-size-md vc_btn3-shape-rounded vc_btn3-style-modern vc_btn3-color-green\">FOGLALD LE MOST<\/button><\/div><\/div><\/div><\/div><\/div>","protected":false},"excerpt":{"rendered":"BOOK NOWAbout BoatBoat EquipmentMoreAbout Boat Name: Tour Marina Model: Year: Lenght: Motors number: 2 Power: 600 HP Boat Equipment VHS Radio Toilet Ice Cooler Life Jackets Music Equipment More Included: Crew onboard Fuel Other info: Boat is available from 6 AM until 4:30 PM. Drink and Food options are available for an extra cost: Details of the Traditional Buffet lunch on Cayo Levantado Island, $15 USD\/ pp. -Green salad -Bread -Moro de Guandule (Rice Dominican Style) with Coconut \u2013 Pasta [...]","protected":false},"featured_media":14126,"template":"","meta":[],"product_cat":[655,841],"product_tag":[842,843,844,845],"class_list":["post-14124","product","type-product","status-publish","has-post-thumbnail","hentry","product_cat-1-samana","product_cat-rent-catamaran-or-boat-samana","product_tag-catamaran-for-renting-samana","product_tag-samana-boat-rentals","product_tag-samana-catamaran","product_tag-samana-rentals"],"_links":{"self":[{"href":"https:\/\/www.boattoursamana.com\/hu\/wp-json\/wp\/v2\/product\/14124","targetHints":{"allow":["GET"]}}],"collection":[{"href":"https:\/\/www.boattoursamana.com\/hu\/wp-json\/wp\/v2\/product"}],"about":[{"href":"https:\/\/www.boattoursamana.com\/hu\/wp-json\/wp\/v2\/types\/product"}],"wp:featuredmedia":[{"embeddable":true,"href":"https:\/\/www.boattoursamana.com\/hu\/wp-json\/wp\/v2\/media\/14126"}],"wp:attachment":[{"href":"https:\/\/www.boattoursamana.com\/hu\/wp-json\/wp\/v2\/media?parent=14124"}],"wp:term":[{"taxonomy":"product_cat","embeddable":true,"href":"https:\/\/www.boattoursamana.com\/hu\/wp-json\/wp\/v2\/product_cat?post=14124"},{"taxonomy":"product_tag","embeddable":true,"href":"https:\/\/www.boattoursamana.com\/hu\/wp-json\/wp\/v2\/product_tag?post=14124"}],"curies":[{"name":"wp","href":"https:\/\/api.w.org\/{rel}","templated":true}]}}