{"id":14291,"date":"2022-11-02T08:35:02","date_gmt":"2022-11-02T08:35:02","guid":{"rendered":"https:\/\/www.ticketswhales.com\/?post_type=product&#038;p=14291"},"modified":"2023-10-12T02:05:54","modified_gmt":"2023-10-12T02:05:54","slug":"punta-cana-los-haitises-national-park-yanigua-waterfalls-montana-redonda","status":"publish","type":"product","link":"https:\/\/www.boattoursamana.com\/hu\/tura\/punta-cana-los-haitises-national-park-yanigua-waterfalls-montana-redonda","title":{"rendered":"Punta Cana: Los Haitises Nemzeti Park, Yanigua-v\u00edzes\u00e9s \u00e9s Montana Redonda"},"content":{"rendered":"<div class=\"vc_row wpb_row vc_row-fluid\" ><div class=\"wpb_column vc_column_container vc_col-sm-12\"><div class=\"vc_column-inner\"><div class=\"wpb_wrapper\"><div class=\"mkdf-section-title-holder\" style=\"text-align: left\">\n\t<div class=\"mkdf-st-inner\">\n\t\t\t\t\t<h5 class=\"mkdf-st-subtitle\" >\n\t\t\t\tA sz\u00e1ll\u00edt\u00e1st \u00e9s az eb\u00e9det tartalmazza\t\t\t<\/h5>\n\t\t\t\t\t\t\t<h3 class=\"mkdf-st-title\" >\n\t\t\t\tPunta Cana: Los Haitises Nemzeti Park, Yanigua-v\u00edzes\u00e9s \u00e9s Montana Redonda\t\t\t<\/h3>\n\t\t\t\t\t<\/div>\n<\/div><\/div><\/div><\/div><\/div><div class=\"vc_row wpb_row vc_row-fluid\" ><div class=\"wpb_column vc_column_container vc_col-sm-12\"><div class=\"vc_column-inner\"><div class=\"wpb_wrapper\"><div class=\"vc_btn3-container vc_btn3-inline\" ><a class=\"vc_general vc_btn3 vc_btn3-size-md vc_btn3-shape-rounded vc_btn3-style-modern vc_btn3-color-green\" href=\"https:\/\/bookingadventures.tours\/booking.php?tour_id=8081df21d5fc51981b39e270d99ab5ab\" title=\"\" rel=\"noopener\">FOGLALD LE MOST <\/a><\/div>\n\t<div class=\"wpb_text_column wpb_content_element\" >\n\t\t<div class=\"wpb_wrapper\">\n\t\t\t<h3>Punta Cana: Los Haitises Nemzeti Park, Yanigua-v\u00edzes\u00e9s \u00e9s Montana Redonda<\/h3>\n<h4><b><i>\u00c1ttekint\u00e9s <\/i><\/b><\/h4>\n<p>Los Haitises Nemzeti Park t\u00fara Punta Cana egynapos kir\u00e1ndul\u00e1s\u00e1b\u00f3l. A Punta Cana-i vagy Bavaro-i sz\u00e1llod\u00e1t\u00f3l kezdve. Idegenvezet\u0151nkkel vezet\u00fcnk Montana Redond\u00e1ba. Ahol van ideje csod\u00e1latos f\u00e9nyk\u00e9peket k\u00e9sz\u00edteni a Dominikai K\u00f6zt\u00e1rsas\u00e1g egyik legleny\u0171g\u00f6z\u0151bb l\u00e1tv\u00e1ny\u00e1r\u00f3l. Az els\u0151 meg\u00e1ll\u00f3 ut\u00e1n folytatjuk a Los Haitises Nemzeti Park megl\u00e1togat\u00e1s\u00e1t, n\u00e9h\u00e1ny harapnival\u00f3t \u00e9s tipikus italt, mik\u00f6zben k\u00f6rbej\u00e1rjuk a mangrov\u00e1kat, barlangokat \u00e9s h\u00edres szikl\u00e1s szigeteket, mint p\u00e9ld\u00e1ul a Jurassic Parkban. A Los Haitises Nemzeti Park l\u00e1togat\u00e1sa ut\u00e1n az eb\u00e9d a Yanigua v\u00edzes\u00e9sekn\u00e9l v\u00e1r r\u00e1nk. A helyi \u00e9s gasztron\u00f3miai helyi eb\u00e9d ut\u00e1n ideje kell \u00faszni az egyed\u00fcl\u00e1ll\u00f3 term\u00e9szetes medenc\u00e9kben, a v\u00edz a Los Haitises Nemzeti Parkb\u00f3l sz\u00e1rmazik.<\/p>\n<p>Ezen \u00e9lm\u00e9ny ut\u00e1n visszajut a Punta Cana k\u00f6z\u00f6ss\u00e9gbe, ahonnan felvesz\u00fcnk.<\/p>\n<ul>\n<li style=\"font-weight: 400;\">A d\u00edjak benne vannak<\/li>\n<li>Eb\u00e9d<\/li>\n<li>Snackek<\/li>\n<li style=\"font-weight: 400;\">Helyi idegenvezet\u0151 angol vagy francia nyelven<\/li>\n<li>Sz\u00e1ll\u00edt\u00e1s<\/li>\n<li>Haj\u00f3kir\u00e1ndul\u00e1s<\/li>\n<li>Montana Redonda<\/li>\n<li>Yanigua v\u00edzes\u00e9s<\/li>\n<\/ul>\n<p>&nbsp;<\/p>\n<h4><b>Befoglal\u00e1sok \u00e9s kiz\u00e1r\u00e1sok<\/b><\/h4>\n<p>&nbsp;<\/p>\n<p><b>Z\u00e1rv\u00e1nyok<\/b><\/p>\n<ol>\n<li style=\"font-weight: 400;\">Los Haitises t\u00fara + barlangok \u00e9s piktogramok<\/li>\n<li>Montana Redonda<\/li>\n<li>Yanigua v\u00edzes\u00e9sek<\/li>\n<li>Eb\u00e9d<\/li>\n<li>Sz\u00e1llod\u00e1k \u00e1tv\u00e9tele Punta Cana ter\u00fcleteken.<\/li>\n<li style=\"font-weight: 400;\"><span style=\"font-weight: 400;\">Minden ad\u00f3, d\u00edj \u00e9s kezel\u00e9si k\u00f6lts\u00e9g<\/span><\/li>\n<li style=\"font-weight: 400;\"><span style=\"font-weight: 400;\">Helyi ad\u00f3k<\/span><\/li>\n<li style=\"font-weight: 400;\"><span style=\"font-weight: 400;\">Italok<\/span><\/li>\n<li>Snackek<\/li>\n<li style=\"font-weight: 400;\"><span style=\"font-weight: 400;\">Minden tev\u00e9kenys\u00e9g<\/span><\/li>\n<li style=\"font-weight: 400;\"><span style=\"font-weight: 400;\">Helyi idegenvezet\u0151<\/span><\/li>\n<\/ol>\n<p><b> Kiz\u00e1r\u00e1sok<\/b><\/p>\n<ol>\n<li style=\"font-weight: 400;\"><span style=\"font-weight: 400;\">h\u00e1lap\u00e9nz<\/span><\/li>\n<li style=\"font-weight: 400;\"><span style=\"font-weight: 400;\">Alkoholos italok<\/span><\/li>\n<\/ol>\n<p>&nbsp;<\/p>\n<h4><em><strong>Indul\u00e1s \u00e9s vissza\u00fat<\/strong><\/em><\/h4>\n<p><span style=\"font-weight: 400;\">A Foglal\u00e1si folyamat ut\u00e1n az utaz\u00f3 tal\u00e1lkoz\u00e1si pontot kap. A t\u00far\u00e1k tal\u00e1lkoz\u00e1si pontjainkon indulnak \u00e9s fejez\u0151dnek be.<\/span><\/p>\n<h4><\/h4>\n<h3>Punta Cana: Los Haitises Nemzeti Park, Yanigua-v\u00edzes\u00e9s \u00e9s Montana Redonda<\/h3>\n<h4><b><i>Mi v\u00e1rhat\u00f3?<\/i><\/b><\/h4>\n<p><em><strong>Vedd meg a jegyeidet<\/strong><\/em> a Los Haitises Nemzeti Park megl\u00e1togat\u00e1s\u00e1hoz Punta Can\u00e1b\u00f3l.<\/p>\n<p>A\u00a0<strong>a Dominikai K\u00f6zt\u00e1rsas\u00e1g tr\u00f3pusi term\u00e9szete<\/strong>\u00a0az egyik f\u0151\u00a0<strong>l\u00e1tnival\u00f3k<\/strong>\u00a0az orsz\u00e1gban. Ma szeretn\u00e9nk \u00d6nnek aj\u00e1nlani a\u00a0<strong>egyed\u00fcl\u00e1ll\u00f3 kir\u00e1ndul\u00e1s<\/strong>\u00a0amit megtehet Punta Can\u00e1b\u00f3l, \u00e9s ez mag\u00e1ban foglalja h\u00e1rom olyan hely megl\u00e1togat\u00e1s\u00e1t, ahol a t\u00e1jak sz\u00f3tlanul hagynak.<\/p>\n<p>Az els\u0151 k\u00f6z\u00fcl\u00fck az\u00a0<em>Kerek hegy<\/em>, egy hely, amely az elm\u00falt \u00e9vekben h\u00edress\u00e9 v\u00e1lt arr\u00f3l\u00a0<strong>panor\u00e1ma kil\u00e1t\u00e1s<\/strong>\u00a0a Karib-tengeren, hol\u00a0<strong>pillanatfelv\u00e9telek hint\u00e1n<\/strong>\u00a0hogy a horizont fel\u00e9 n\u00e9z, az egyik\u00e9v\u00e9 tett\u00e9k\u00a0<strong>legt\u00f6bbet f\u00e9nyk\u00e9pezett hely a Dominikai K\u00f6zt\u00e1rsas\u00e1gban<\/strong>.<\/p>\n<p><strong>Los Haitises Nemzeti Park<\/strong>\u00a0a k\u00f6vetkez\u0151 \u00fati c\u00e9lunk a t\u00e9rk\u00e9pen, egy olyan ter\u00fclet, ahol\u00a0<strong>a tenger, mangrove, dzsungel<\/strong>\u00a0s\u0151t m\u00e9g\u00a0<strong>r\u00e9g\u00e9szeti maradv\u00e1nyok<\/strong>\u00a0barlangokba rejtve, felfedi az \u00f6sszeset\u00a0<strong>term\u00e9szetes var\u00e1zsa, amit az orsz\u00e1g k\u00edn\u00e1l<\/strong>. A n\u00f6v\u00e9nyzettel teli kis dombok t\u00f6k\u00e9letes helysz\u00ednt jelentenek a mad\u00e1rlesre is, amit csak itt tal\u00e1lsz meg.<\/p>\n<p>A parkban van egy m\u00e1sik\u00a0<strong>var\u00e1zslatos hely: Yanigua Ranch v\u00edzes\u00e9sek<\/strong>. Ez a l\u00e1tv\u00e1nyos v\u00edzes\u00e9s a\u00a0<strong>t\u00f6k\u00e9letes hely a lev\u00e1laszt\u00e1shoz<\/strong>\u00a0a s\u0171r\u0171 n\u00f6v\u00e9nyzettel k\u00f6r\u00fclvett Punta Cana turistat\u00f6meg\u00e9b\u0151l, ami azt kelti benn\u00fcnk, hogy t\u00f6bb mint 100 kilom\u00e9terre vagyunk a legk\u00f6zelebbi v\u00e1rost\u00f3l, pedig t\u00e9nyleg nem \u00edgy van.<\/p>\n<div class=\"body-description secondary\">\n<p>Eb\u00e9d ut\u00e1n visszat\u00e9r\u00fcnk Punta Can\u00e1ba!!<\/p>\n<h2 id=\"headline-62-1277\" class=\"ct-headline\">A t\u00fara \u00fatvonala<\/h2>\n<div id=\"_rich_text-77-1277\" class=\"oxy-rich-text\">\n<p>Ennek a kir\u00e1ndul\u00e1snak az \u00fatvonala a k\u00f6vetkez\u0151:<\/p>\n<ul>\n<li><strong>06:50<\/strong>\u00a0- Vedd fel a sz\u00e1llod\u00e1dban.<\/li>\n<li><strong>08:30<\/strong>\u00a0\u2013 \u00c9rkez\u00e9s a kerek hegyre, az eg\u00e9sz orsz\u00e1gban egyed\u00fcl\u00e1ll\u00f3 t\u00e1jra.<\/li>\n<li><strong>10:30<\/strong>\u00a0\u2013 Sabana de la Marb\u00f3l motorcs\u00f3nakkal indul a Haitises Nemzeti Park fel\u00e9. \u00datk\u00f6zben megl\u00e1tjuk\u00a0<strong>egzotikus madarak<\/strong>, \u00e9s meg\u00e9rkez\u00fcnk a\u00a0<strong>barlangok<\/strong>\u00a0ahol l\u00e1thatod\u00a0<strong>\u0151slakos festm\u00e9nyek<\/strong>.<\/li>\n<li><strong>12:30<\/strong>\u00a0<strong>d\u00e9lut\u00e1n\u00a0<\/strong>\u2013 Menj m\u00e9lyen a dzsungelbe, am\u00edg el nem \u00e9rj\u00fck a Yanigua Ranch v\u00edzes\u00e9st, amely t\u00f6k\u00e9letes hely eb\u00e9delni \u00e9s megm\u00e1rt\u00f3zni. Gy\u00f3gyiszapf\u00fcrd\u0151t is vehetsz.<\/li>\n<li><strong>02:00<\/strong>\u00a0<strong>d\u00e9lut\u00e1n<\/strong>\u00a0\u2013 Megk\u00f3stolhatod\u00a0<strong>k\u00e1v\u00e9 \u00e9s kaka\u00f3<\/strong>\u00a0a helyi farmokr\u00f3l \u00e9s tany\u00e1kr\u00f3l.<\/li>\n<li><strong>03:00<\/strong>\u00a0<strong>d\u00e9lut\u00e1n<\/strong>- Megl\u00e1togatni a\u00a0<strong>k\u00e9k borosty\u00e1n eny\u00e9m<\/strong>.<\/li>\n<li><strong>16:30<\/strong>\u00a0\u2013 \u00c1lljon meg egy f\u00e9nyk\u00e9pes kil\u00e1t\u00f3n\u00e1l, ahol megcsod\u00e1lhatja a Haitises Nemzeti Park pomp\u00e1j\u00e1t.<\/li>\n<li><strong>05:00 \u00f3ra<\/strong>\u00a0\u2013 V\u00e9g\u00fcl egy idegenvezet\u0151 elvezet minket a hely egyik leg\u00e9rdekesebb \u00e9p\u00edtm\u00e9ny\u00e9hez,\u00a0<em>a Tarzan h\u00e1za<\/em>, amely egy t\u00f6bb mint 100 m\u00e9ter magas f\u00e1ban tal\u00e1lhat\u00f3.<\/li>\n<li><strong>06:00 \u00f3ra<\/strong>\u00a0\u2013 Sz\u00e1ll\u00edt\u00e1sunkkal visszautaz\u00e1s a sz\u00e1llod\u00e1kba.<\/li>\n<\/ul>\n<p><em>* A fent jelzett id\u0151pontok hozz\u00e1vet\u0151legesek<\/em><\/p>\n<\/div>\n<\/div>\n<p>Abban az esetben, ha hosszabb vagy r\u00f6videbb utaz\u00e1st szeretne, l\u00e9pjen kapcsolatba vel\u00fcnk.<\/p>\n<p>&nbsp;<\/p>\n<h4><em><strong>Mit kell vinni?<\/strong><\/em><\/h4>\n<ul>\n<li style=\"font-weight: 400;\"><span style=\"font-weight: 400;\">Kamera<\/span><\/li>\n<li style=\"font-weight: 400;\"><span style=\"font-weight: 400;\">Riaszt\u00f3 bimb\u00f3k<\/span><\/li>\n<li style=\"font-weight: 400;\"><span style=\"font-weight: 400;\">Naptej<\/span><\/li>\n<li style=\"font-weight: 400;\"><span style=\"font-weight: 400;\">Kalap<\/span><\/li>\n<li style=\"font-weight: 400;\"><span style=\"font-weight: 400;\">K\u00e9nyelmes nadr\u00e1g<\/span><\/li>\n<li style=\"font-weight: 400;\"><span style=\"font-weight: 400;\">Erdei t\u00faracip\u0151<\/span><\/li>\n<li style=\"font-weight: 400;\"><span style=\"font-weight: 400;\">Szand\u00e1lok a tavaszi ter\u00fcletekre.<\/span><\/li>\n<li style=\"font-weight: 400;\"><span style=\"font-weight: 400;\">\u00dasz\u00f3ruha<\/span><\/li>\n<\/ul>\n<p>&nbsp;<\/p>\n<h4><b><i>Sz\u00e1llodai \u00e1tv\u00e9tel <\/i><\/b><\/h4>\n<p><span style=\"font-weight: 400;\">Ezen a t\u00far\u00e1n a sz\u00e1lloda \u00e1tv\u00e9tele biztos\u00edtott. Itt v\u00e1lassza ki a sz\u00e1lloda nev\u00e9t \u00e9s idej\u00e9t. Ha az \u00d6n sz\u00e1llod\u00e1ja nem szerepel a list\u00e1n, k\u00e9rj\u00fck l\u00e9pjen kapcsolatba vel\u00fcnk.<\/span><\/p>\n<p>&nbsp;<\/p>\n<p><b>Jegyzet:<\/b><span style=\"font-weight: 400;\"> Ha a t\u00fara\/kir\u00e1ndul\u00e1s indul\u00e1si id\u0151pontj\u00e1t\u00f3l sz\u00e1m\u00edtott 24 \u00f3r\u00e1n bel\u00fcl foglal, fel\u00e1r ellen\u00e9ben meg tudjuk szervezni a sz\u00e1llodai \u00e1tv\u00e9telt. Amint a v\u00e1s\u00e1rl\u00e1s befejez\u0151d\u00f6tt, elk\u00fcldj\u00fck \u00d6nnek a helyi idegenvezet\u0151nk teljes el\u00e9rhet\u0151s\u00e9gi adatait (telefonsz\u00e1m, e-mail c\u00edm stb.), hogy megszervezhess\u00fck az \u00e1tv\u00e9tel megszervez\u00e9s\u00e9t.<\/span><\/p>\n<h4><b><i>Tov\u00e1bbi inform\u00e1ci\u00f3k meger\u0151s\u00edt\u00e9se <\/i><\/b><\/h4>\n<ol>\n<li>A jegyek a t\u00fara befizet\u00e9s\u00e9t k\u00f6vet\u0151 nyugt\u00e1k. A fizet\u00e9st a telefonon tudod megjelen\u00edteni.<\/li>\n<li style=\"font-weight: 400;\"><span style=\"font-weight: 400;\">A tal\u00e1lkoz\u00e1si pontot a foglal\u00e1si folyamat ut\u00e1n veszik \u00e1t.<\/span><\/li>\n<li style=\"font-weight: 400;\"><span style=\"font-weight: 400;\">A gyermekeket feln\u0151tt k\u00eds\u00e9ret\u00e9ben kell biztos\u00edtani.<\/span><\/li>\n<li style=\"font-weight: 400;\"><span style=\"font-weight: 400;\"> Kerekessz\u00e9kkel nem megk\u00f6zel\u00edthet\u0151 <\/span><\/li>\n<li style=\"font-weight: 400;\"><span style=\"font-weight: 400;\">A csecsem\u0151knek \u00f6lben kell \u00fclni\u00fck <\/span><\/li>\n<li style=\"font-weight: 400;\"><span style=\"font-weight: 400;\">H\u00e1tprobl\u00e9m\u00e1kkal k\u00fczd\u0151 utaz\u00f3knak nem aj\u00e1nlott<\/span><\/li>\n<li style=\"font-weight: 400;\"><span style=\"font-weight: 400;\">Terhes utaz\u00f3knak nem aj\u00e1nlott <\/span><\/li>\n<li style=\"font-weight: 400;\"><span style=\"font-weight: 400;\"> Nincsenek sz\u00edvprobl\u00e9m\u00e1k vagy egy\u00e9b s\u00falyos eg\u00e9szs\u00e9g\u00fcgyi \u00e1llapotok <\/span><\/li>\n<li style=\"font-weight: 400;\"><span style=\"font-weight: 400;\">A legt\u00f6bb utaz\u00f3 r\u00e9szt vehet<\/span><\/li>\n<\/ol>\n<h4><b><i>Lemond\u00e1si felt\u00e9telek<\/i><\/b><\/h4>\n<p>A teljes visszat\u00e9r\u00edt\u00e9s\u00e9rt k\u00e9rj\u00fck, olvassa el lemond\u00e1si szab\u00e1lyzatunkat\u00a0<a href=\"https:\/\/www.boattoursamana.com\/hu\/online-foglalas\/\" target=\"_blank\" rel=\"noopener\" data-saferedirecturl=\"https:\/\/www.google.com\/url?q=https:\/\/www.boattoursamana.com\/online-booking\/&amp;source=gmail&amp;ust=1672308980019000&amp;usg=AOvVaw26v5FL8g3-3hyHN76KOvdD\">Kattints ide<\/a>. Az \u00f6sszeg elveszik, ha a foglal\u00e1st az utaz\u00e1s napj\u00e1n lemondj\u00e1k.<\/p>\n\n\t\t<\/div>\n\t<\/div>\n<div class=\"vc_btn3-container vc_btn3-inline\" ><a class=\"vc_general vc_btn3 vc_btn3-size-md vc_btn3-shape-rounded vc_btn3-style-modern vc_btn3-color-green\" href=\"https:\/\/bookingadventures.tours\/booking.php?tour_id=8081df21d5fc51981b39e270d99ab5ab\" title=\"\" rel=\"noopener\">FOGLALD LE MOST <\/a><\/div><\/div><\/div><\/div><\/div><div class=\"vc_row wpb_row vc_row-fluid\" ><div class=\"wpb_column vc_column_container vc_col-sm-12\"><div class=\"vc_column-inner\"><div class=\"wpb_wrapper\"><div class=\"vc_empty_space\"   style=\"height: 32px\"><span class=\"vc_empty_space_inner\"><\/span><\/div>\n\t<div class=\"wpb_video_widget wpb_content_element vc_clearfix   vc_video-aspect-ratio-169 vc_video-el-width-100 vc_video-align-left\" >\n\t\t<div class=\"wpb_wrapper\">\n\t\t\t<h2 class=\"wpb_heading wpb_video_heading\">Vide\u00f3 a Los Haitises Nemzeti Parkr\u00f3l:<\/h2>\n\t\t\t<div class=\"wpb_video_wrapper\"><iframe loading=\"lazy\" title=\"Los Haitises Nemzeti Park, t\u00far\u00e1k \u00e9s kir\u00e1ndul\u00e1sok Saman\u00e1b\u00f3l vagy Sabana de la Marb\u00f3l. Foglaljon itt:\" src=\"https:\/\/player.vimeo.com\/video\/346508015?dnt=1&amp;app_id=122963\" width=\"1100\" height=\"619\" frameborder=\"0\" allow=\"autoplay; fullscreen\" allowfullscreen><\/iframe><\/div>\n\t\t<\/div>\n\t<\/div>\n<div class=\"vc_empty_space\"   style=\"height: 32px\"><span class=\"vc_empty_space_inner\"><\/span><\/div><\/div><\/div><\/div><\/div><div class=\"vc_row wpb_row vc_row-fluid\" ><div class=\"wpb_column vc_column_container vc_col-sm-12\"><div class=\"vc_column-inner\"><div class=\"wpb_wrapper\"><div class=\"vc_empty_space\"   style=\"height: 32px\"><span class=\"vc_empty_space_inner\"><\/span><\/div>\n\t<div class=\"wpb_text_column wpb_content_element\" >\n\t\t<div class=\"wpb_wrapper\">\n\t\t\t<h4>L\u00e9pjen kapcsolatba vel\u00fcnk?<\/h4>\n<h5><em><strong>Kalandok foglal\u00e1sa<\/strong><\/em><\/h5>\n<p><em><strong>Helyiek<\/strong>\u00a0\u00e9s\u00a0<strong>Nemzetiek<\/strong>\u00a0Idegenvezet\u0151k \u00e9s vend\u00e9gszolg\u00e1ltat\u00e1sok<\/em><\/p>\n<p><span class=\"text-turquoise\">Foglal\u00e1sok:<\/span>\u00a0T\u00far\u00e1k \u00e9s kir\u00e1ndul\u00e1sok Dom. Ism\u00e9tl\u00e9s.<\/p>\n<p><img decoding=\"async\" class=\"emoji\" draggable=\"false\" src=\"https:\/\/s.w.org\/images\/core\/emoji\/11.2.0\/svg\/1f4de.svg\" alt=\"\ud83d\udcde\" title=\"\">\u00a0Tel \/ Whatsapp\u00a0\u00a0<a href=\"tel:+1-809-720-6035\">+1-809-720-6035<\/a>.<\/p>\n<p><img decoding=\"async\" class=\"emoji\" draggable=\"false\" src=\"https:\/\/s.w.org\/images\/core\/emoji\/11.2.0\/svg\/1f4e9.svg\" alt=\"\ud83d\udce9\" title=\"\">\u00a0<a href=\"mailto:info@bookingadventures.com.do\">info@bookingadventures.com.do<\/a><\/p>\n<p><strong>Rugalmasan \u00e1ll\u00edtjuk be a Whatsapp priv\u00e1t t\u00far\u00e1it:\u00a0<a href=\"tel:+18097206035\">+18097206035.<\/a><\/strong><\/p>\n\n\t\t<\/div>\n\t<\/div>\n<div class=\"vc_empty_space\"   style=\"height: 32px\"><span class=\"vc_empty_space_inner\"><\/span><\/div><\/div><\/div><\/div><\/div>","protected":false},"excerpt":{"rendered":"<p>Kir\u00e1ndul\u00e1s Punta Can\u00e1b\u00f3l: Los Haitises Nemzeti Park, Yanigua-v\u00edzes\u00e9s \u00e9s Montana Redonda. Tartalmazza az eb\u00e9det \u00e9s a transzfert a 3 f\u0151 barlang megl\u00e1togat\u00e1s\u00e1hoz, 2 k\u00fcl\u00f6nb\u00f6z\u0151 mangrove \u00f6kosziszt\u00e9ma, kil\u00e1t\u00e1sok \u00e9s Simming Pools felfedez\u00e9s\u00e9hez.<\/p>\n<p>Eg\u00e9sz napos kir\u00e1ndul\u00e1s a Los Haitises Nemzeti Parkba helyi idegenvezet\u0151vel. A Los Haitises Nemzeti Parkban tal\u00e1lhat\u00f3 Cays, a mangrovek, a n\u00f6v\u00e9nyzet, a mad\u00e1rvil\u00e1g, a barlangok, a piktogramok \u00e9s a Sabana de la Mar t\u00f6rt\u00e9nelmi ter\u00fcleteinek megtekint\u00e9se a Los Haitises Nemzeti Parkban. Csod\u00e1latos kil\u00e1t\u00e1s Montana Redond\u00e1ban \u00e9s eb\u00e9d, valamint \u00fasz\u00f3medenc\u00e9k a Yanigua v\u00edzes\u00e9sben.<\/p>\n<p>&nbsp;<\/p>\n<p><strong>K\u00e9rj\u00fck, v\u00e1lassza ki a t\u00fara d\u00e1tum\u00e1t:\u00a0<\/strong><\/p>","protected":false},"featured_media":14278,"template":"","meta":[],"product_cat":[948,946,928,168,1050,1049],"product_tag":[268,296,267,171,209,440,441,299,1052,212,297,222,298,269,1053,1051],"class_list":["post-14291","product","type-product","status-publish","has-post-thumbnail","hentry","product_cat-1-punta-cana","product_cat-1-sabana-de-la-mar","product_cat-boat-trip-los-haitises","product_cat-caves","product_cat-waterfalls-los-haitises","product_cat-yanigua-waterfalls-montana-redonda","product_tag-caves-los-haitises","product_tag-day-trip-punta-cana","product_tag-las-terrenas","product_tag-los-haitises","product_tag-los-haitises-national-park","product_tag-los-haitises-national-park-map","product_tag-los-haitises-national-park-tour-from-las-terrenas","product_tag-los-haitises-national-park-tours-excursions","product_tag-los-haitises-waterfall","product_tag-mangroves-los-haitises","product_tag-montana-redonda-tours-excursion","product_tag-punta-cana","product_tag-punta-cana-tours-excursions","product_tag-transportation-los-haitises","product_tag-waterfalls-dominican-republic","product_tag-yanigua-waterfalls"],"_links":{"self":[{"href":"https:\/\/www.boattoursamana.com\/hu\/wp-json\/wp\/v2\/product\/14291","targetHints":{"allow":["GET"]}}],"collection":[{"href":"https:\/\/www.boattoursamana.com\/hu\/wp-json\/wp\/v2\/product"}],"about":[{"href":"https:\/\/www.boattoursamana.com\/hu\/wp-json\/wp\/v2\/types\/product"}],"wp:featuredmedia":[{"embeddable":true,"href":"https:\/\/www.boattoursamana.com\/hu\/wp-json\/wp\/v2\/media\/14278"}],"wp:attachment":[{"href":"https:\/\/www.boattoursamana.com\/hu\/wp-json\/wp\/v2\/media?parent=14291"}],"wp:term":[{"taxonomy":"product_cat","embeddable":true,"href":"https:\/\/www.boattoursamana.com\/hu\/wp-json\/wp\/v2\/product_cat?post=14291"},{"taxonomy":"product_tag","embeddable":true,"href":"https:\/\/www.boattoursamana.com\/hu\/wp-json\/wp\/v2\/product_tag?post=14291"}],"curies":[{"name":"wp","href":"https:\/\/api.w.org\/{rel}","templated":true}]}}