{"id":8168,"date":"2019-03-12T13:32:13","date_gmt":"2019-03-12T13:32:13","guid":{"rendered":"https:\/\/www.ticketswhales.com\/?post_type=product&#038;p=8168"},"modified":"2023-09-13T07:33:58","modified_gmt":"2023-09-13T07:33:58","slug":"salto-de-la-jalda-national-park","status":"publish","type":"product","link":"https:\/\/www.boattoursamana.com\/hu\/tura\/salto-de-la-jalda-nemzeti-park","title":{"rendered":"Salto La Jalda (t\u00far\u00e1z\u00e1s \u00e9s \u00fasz\u00e1s)"},"content":{"rendered":"<div class=\"vc_row wpb_row vc_row-fluid\" ><div class=\"wpb_column vc_column_container vc_col-sm-12\"><div class=\"vc_column-inner\"><div class=\"wpb_wrapper\"><div class=\"mkdf-section-title-holder\" style=\"text-align: left\">\n\t<div class=\"mkdf-st-inner\">\n\t\t\t\t\t<h5 class=\"mkdf-st-subtitle\" >\n\t\t\t\tA Karib-tenger legmagasabb v\u00edzes\u00e9se 272 l\u00e1b\t\t\t<\/h5>\n\t\t\t\t\t\t\t<h3 class=\"mkdf-st-title\" >\n\t\t\t\tSalto de la Jalda Nemzeti Park\t\t\t<\/h3>\n\t\t\t\t\t\t\t<p class=\"mkdf-st-text\" >\n\t\t\t\tT\u00far\u00e1z\u00e1s vagy lovagl\u00e1s.\t\t\t<\/p>\n\t\t\t<\/div>\n<\/div><\/div><\/div><\/div><\/div><div class=\"vc_row wpb_row vc_row-fluid\" ><div class=\"wpb_column vc_column_container vc_col-sm-12\"><div class=\"vc_column-inner\"><div class=\"wpb_wrapper\"><div class=\"vc_btn3-container vc_btn3-inline\" ><a class=\"vc_general vc_btn3 vc_btn3-size-md vc_btn3-shape-rounded vc_btn3-style-modern vc_btn3-color-green\" href=\"https:\/\/bookingadventures.tours\/booking.php?tour_id=15732596c207e72b242ef1044167660d\" title=\"\" rel=\"noopener\">FOGLALD LE MOST<\/a><\/div>\n\t<div class=\"wpb_text_column wpb_content_element\" >\n\t\t<div class=\"wpb_wrapper\">\n\t\t\t<h4><b><i>\u00c1ttekint\u00e9s <\/i><\/b><\/h4>\n<p>Ez egy priv\u00e1t t\u00fara ide\u00a0<strong>Salto de la Jalda v\u00edzes\u00e9sek<\/strong> lovagl\u00e1ssal vagy t\u00far\u00e1z\u00e1ssal. Kaka\u00f3 \u00e9s k\u00e1v\u00e9erd\u0151 l\u00e1togat\u00e1sa a Coconuts Palms Canopy alatt. Amikor meg\u00e9rkezik a v\u00edzes\u00e9sekhez, \u00faszhat, \u00e9s be\u00e1ll\u00edthatja az id\u0151t a helyi idegenvezet\u0151vel.<\/p>\n<p>Tanuljon a helyiekkel, \u00e9s szerezzen biztons\u00e1gos utaz\u00e1st. Szerezze meg jegyeit aj\u00e1nlatunkban m\u00e9g ma.<\/p>\n<p>&nbsp;<\/p>\n<ul>\n<li>Lovagl\u00e1s vagy t\u00far\u00e1z\u00e1s<\/li>\n<li style=\"font-weight: 400;\"><span style=\"font-weight: 400;\">Az \u00fatmutat\u00f3 utas\u00edt\u00e1sokat \u00e9s fel\u00fcgyeletet tartalmaz<\/span><\/li>\n<li>D\u00edjak a Nemzeti Parkba<\/li>\n<\/ul>\n<p>&nbsp;<\/p>\n<h4><b>Befoglal\u00e1sok \u00e9s kiz\u00e1r\u00e1sok<\/b><\/h4>\n<p>&nbsp;<\/p>\n<p><b>Z\u00e1rv\u00e1nyok<\/b><\/p>\n<ol>\n<li style=\"font-weight: 400;\"><span style=\"font-weight: 400;\">Gyalogt\u00fara vagy lovast\u00fara<\/span><\/li>\n<li style=\"font-weight: 400;\"><span style=\"font-weight: 400;\">Minden ad\u00f3, d\u00edj \u00e9s kezel\u00e9si k\u00f6lts\u00e9g<\/span><\/li>\n<li style=\"font-weight: 400;\"><span style=\"font-weight: 400;\">Helyi ad\u00f3k<\/span><\/li>\n<li style=\"font-weight: 400;\"><span style=\"font-weight: 400;\">Italok<\/span><\/li>\n<li style=\"font-weight: 400;\"><span style=\"font-weight: 400;\">Minden tev\u00e9kenys\u00e9g<\/span><\/li>\n<li style=\"font-weight: 400;\"><span style=\"font-weight: 400;\">Helyi idegenvezet\u0151<\/span><\/li>\n<\/ol>\n<p><b> Kiz\u00e1r\u00e1sok<\/b><\/p>\n<ol>\n<li style=\"font-weight: 400;\"><span style=\"font-weight: 400;\">h\u00e1lap\u00e9nz<\/span><\/li>\n<li style=\"font-weight: 400;\"><span style=\"font-weight: 400;\">\u00c1truh\u00e1z\u00e1s<\/span><\/li>\n<li>Eb\u00e9d<\/li>\n<li style=\"font-weight: 400;\"><span style=\"font-weight: 400;\">Alkoholos italok<\/span><\/li>\n<\/ol>\n<p>&nbsp;<\/p>\n<h4><em><strong>Indul\u00e1s \u00e9s vissza\u00fat<\/strong><\/em><\/h4>\n<p><span style=\"font-weight: 400;\">A Foglal\u00e1si folyamat ut\u00e1n az utaz\u00f3 tal\u00e1lkoz\u00e1si pontot kap. A t\u00far\u00e1k tal\u00e1lkoz\u00e1si pontjainkon indulnak \u00e9s fejez\u0151dnek be.<\/span><\/p>\n<p>&nbsp;<\/p>\n<h2>Kir\u00e1nduljon a Salto de la Jalda Nemzeti Parkba<\/h2>\n<h4><b><i>Mi v\u00e1rhat\u00f3?<\/i><\/b><\/h4>\n<p><em><strong>Vedd meg a jegyeidet<\/strong><\/em> a Karib-tenger legmagasabb v\u00edzes\u00e9seinek megl\u00e1togat\u00e1s\u00e1hoz.\u00a0 <strong>El Salto la Jalda<\/strong> T\u00far\u00e1z\u00e1s \u00e9s lovagl\u00e1s.<\/p>\n<p><span style=\"font-weight: 400;\">A \u201eBooking Adventures\u201d \u00e1ltal szervezett t\u00fara az idegenvezet\u0151vel megjel\u00f6lt tal\u00e1lkoz\u00e1si pontt\u00f3l indul. <\/span>T\u00far\u00e1nk megkezd\u00e9s\u00e9hez tal\u00e1lkozunk<strong> Sabana de la Mar<\/strong>. Majd be\u00fcl\u00fcnk a j\u00e1rm\u0171be, amivel 25 percet vezet\u00fcnk Magua k\u00f6z\u00f6ss\u00e9gbe. Ahol tal\u00e1lkozunk helyi t\u00faravezet\u0151inkkel. G\u00e9pj\u00e1rm\u0171v\u00e9t biztons\u00e1gos parkol\u00f3ban helyezve lovagl\u00e1sra vagy gyalog indulunk a Salto de La Jalda Nemzeti Parkba, h\u00e1rom \u00f3ra az \u00e9rkez\u00e9si id\u0151.<\/p>\n<p>Az \u00f6sv\u00e9ny 6,5 kilom\u00e9teres, hossz\u00fa \u00e9lm\u00e9ny a Dominikai erd\u0151n \u00e1t, \u00e1thaladva a kaka\u00f3-, k\u00f3kusz- \u00e9s k\u00e1v\u00e9erd\u0151 mellett. A teljes utunk sor\u00e1n a Magua foly\u00f3 k\u00f6zel\u00e9ben haladunk el, \u00e9s k\u00f6r\u00fclbel\u00fcl 8 alkalommal kel\u00fcnk \u00e1t rajta k\u00fcl\u00f6n\u00f6sebb neh\u00e9zs\u00e9g n\u00e9lk\u00fcl.<\/p>\n<p>Szinte az eg\u00e9sz \u00f6sv\u00e9nyen nagy mennyis\u00e9g\u0171 kaka\u00f3erd\u0151 \u00e1rny\u00e9k\u00e1ban van, miel\u0151tt a ter\u00fcletet Salto de La Jalda Nemzeti Parkk\u00e1 nyilv\u00e1n\u00edtott\u00e1k. Az \u00f6koturisztikai kaland els\u0151 r\u00e9sz\u00e9ben \u00e9lvezheti a madarak \u00e9nek\u00e9t, a v\u00edzfoly\u00e1sok hangj\u00e1t, a t\u00f6bbnyire s\u00edk terepet \u00e9s a z\u00f6ld n\u00f6v\u00e9nyzetet.<\/p>\n<p>A La Jalda Nemzeti Park f\u00f6ldj\u00e9n a kaka\u00f3n k\u00edv\u00fcl k\u00e1v\u00e9\u00fcltetv\u00e9nyeket is l\u00e1thatunk. Szinte a v\u00edzes\u00e9shez \u00e9rve meg\u00e1llunk a Jalda Nemzeti Parkhoz rendelt Magua v\u00e1ros\u00e1ban honos park\u0151r h\u00e1zakn\u00e1l. Ott tarthat egy r\u00f6vid sz\u00fcnetet, ahonnan \u00e1ltal\u00e1nos csod\u00e1latos kil\u00e1t\u00e1s ny\u00edlik a Salto de La Jalda-ra.<\/p>\n<p>A v\u00edzes\u00e9sekig folytatjuk. \u00faszni oda, \u00e9s n\u00e9h\u00e1ny \u00f3ra m\u00falva ugyanazon az \u00f6sv\u00e9nyen kereszt\u00fcl visszajutni a j\u00e1rm\u0171h\u00f6z. Ez egy extr\u00e9m kaland. K\u00e9rj\u00fck, ha nincsenek felt\u00e9telek a t\u00far\u00e1z\u00e1shoz, akkor lovagolni kell.<\/p>\n<p>&nbsp;<\/p>\n<h4><em><strong>Mit kell vinni?<\/strong><\/em><\/h4>\n<ul>\n<li style=\"font-weight: 400;\"><span style=\"font-weight: 400;\">Kamera<\/span><\/li>\n<li style=\"font-weight: 400;\"><span style=\"font-weight: 400;\">Riaszt\u00f3 bimb\u00f3k<\/span><\/li>\n<li style=\"font-weight: 400;\"><span style=\"font-weight: 400;\">naptej<\/span><\/li>\n<li style=\"font-weight: 400;\"><span style=\"font-weight: 400;\">Kalap<\/span><\/li>\n<li style=\"font-weight: 400;\"><span style=\"font-weight: 400;\">K\u00e9nyelmes nadr\u00e1g<\/span><\/li>\n<li style=\"font-weight: 400;\"><span style=\"font-weight: 400;\">Erdei t\u00faracip\u0151<\/span><\/li>\n<li style=\"font-weight: 400;\"><span style=\"font-weight: 400;\">\u00dasz\u00f3ruha<\/span><\/li>\n<li>Extra vizespalack<\/li>\n<li>Eb\u00e9d vagy uzsonna<\/li>\n<\/ul>\n<p>&nbsp;<\/p>\n<h4><b><i>Sz\u00e1llodai \u00e1tv\u00e9tel <\/i><\/b><\/h4>\n<p><span style=\"font-weight: 400;\">Ezen a t\u00far\u00e1n nem k\u00edn\u00e1lnak transzfert a sz\u00e1llod\u00e1b\u00f3l. <\/span><\/p>\n<p>&nbsp;<\/p>\n<p><b>Jegyzet:<\/b><span style=\"font-weight: 400;\"> Ha a t\u00fara\/kir\u00e1ndul\u00e1s indul\u00e1si id\u0151pontj\u00e1t\u00f3l sz\u00e1m\u00edtott 24 \u00f3r\u00e1n bel\u00fcl foglal, fel\u00e1r ellen\u00e9ben meg tudjuk szervezni a sz\u00e1llodai \u00e1tv\u00e9telt. Amint a v\u00e1s\u00e1rl\u00e1s befejez\u0151d\u00f6tt, elk\u00fcldj\u00fck \u00d6nnek a helyi idegenvezet\u0151nk teljes el\u00e9rhet\u0151s\u00e9gi adatait (telefonsz\u00e1m, e-mail c\u00edm stb.), hogy megszervezhess\u00fck az \u00e1tv\u00e9tel megszervez\u00e9s\u00e9t.<\/span><\/p>\n<h4><b><i>Tov\u00e1bbi inform\u00e1ci\u00f3k meger\u0151s\u00edt\u00e9se <\/i><\/b><\/h4>\n<ol>\n<li>A jegyek a t\u00fara befizet\u00e9s\u00e9t k\u00f6vet\u0151 nyugt\u00e1k. A fizet\u00e9st a telefonon tudod megjelen\u00edteni.<\/li>\n<li style=\"font-weight: 400;\"><span style=\"font-weight: 400;\">A tal\u00e1lkoz\u00e1si pontot a foglal\u00e1si folyamat ut\u00e1n veszik \u00e1t.<\/span><\/li>\n<li style=\"font-weight: 400;\"><span style=\"font-weight: 400;\">A gyermekeket feln\u0151tt k\u00eds\u00e9ret\u00e9ben kell biztos\u00edtani.<\/span><\/li>\n<li style=\"font-weight: 400;\"><span style=\"font-weight: 400;\"> Kerekessz\u00e9kkel nem megk\u00f6zel\u00edthet\u0151 <\/span><\/li>\n<li style=\"font-weight: 400;\"><span style=\"font-weight: 400;\">Ezen az utaz\u00e1son csecsem\u0151k nem vehet\u0151k ig\u00e9nybe<\/span><\/li>\n<li style=\"font-weight: 400;\"><span style=\"font-weight: 400;\">H\u00e1tprobl\u00e9m\u00e1kkal k\u00fczd\u0151 utaz\u00f3knak nem aj\u00e1nlott<\/span><\/li>\n<li style=\"font-weight: 400;\"><span style=\"font-weight: 400;\">Terhes utaz\u00f3knak nem aj\u00e1nlott <\/span><\/li>\n<li style=\"font-weight: 400;\"><span style=\"font-weight: 400;\"> Nincsenek sz\u00edvprobl\u00e9m\u00e1k vagy egy\u00e9b s\u00falyos eg\u00e9szs\u00e9g\u00fcgyi \u00e1llapotok <\/span><\/li>\n<li style=\"font-weight: 400;\"><span style=\"font-weight: 400;\">A legt\u00f6bb utaz\u00f3 r\u00e9szt vehet<\/span><\/li>\n<\/ol>\n<h4><b><i>Lemond\u00e1si felt\u00e9telek<\/i><\/b><\/h4>\n<p>A teljes visszat\u00e9r\u00edt\u00e9s\u00e9rt k\u00e9rj\u00fck, olvassa el lemond\u00e1si szab\u00e1lyzatunkat\u00a0<a href=\"https:\/\/www.boattoursamana.com\/hu\/online-foglalas\/\" target=\"_blank\" rel=\"noopener\" data-saferedirecturl=\"https:\/\/www.google.com\/url?q=https:\/\/www.boattoursamana.com\/online-booking\/&amp;source=gmail&amp;ust=1672449202351000&amp;usg=AOvVaw1yAeVAPktmaVCqDujgUn90\">Kattints ide<\/a>. Az \u00f6sszeg elveszik, ha a foglal\u00e1st az utaz\u00e1s napj\u00e1n lemondj\u00e1k.<\/p>\n\n\t\t<\/div>\n\t<\/div>\n<\/div><\/div><\/div><\/div><div class=\"vc_row wpb_row vc_row-fluid\" ><div class=\"wpb_column vc_column_container vc_col-sm-12\"><div class=\"vc_column-inner\"><div class=\"wpb_wrapper\">\n\t<div class=\"wpb_text_column wpb_content_element\" >\n\t\t<div class=\"wpb_wrapper\">\n\t\t\t<h4>L\u00e9pjen kapcsolatba vel\u00fcnk?<\/h4>\n<h5><em><strong>Kalandok foglal\u00e1sa<\/strong><\/em><\/h5>\n<p><em><strong>Helyiek<\/strong> \u00e9s <strong>Nemzetiek<\/strong> Idegenvezet\u0151k \u00e9s vend\u00e9gszolg\u00e1ltat\u00e1sok<\/em><\/p>\n<p><span class=\"text-turquoise\">Foglal\u00e1sok:<\/span> T\u00far\u00e1k \u00e9s kir\u00e1ndul\u00e1sok Dom. Ism\u00e9tl\u00e9s.<\/p>\n<p><img decoding=\"async\" class=\"emoji\" draggable=\"false\" src=\"https:\/\/s.w.org\/images\/core\/emoji\/11.2.0\/svg\/1f4de.svg\" alt=\"\ud83d\udcde\" title=\"\"> Tel \/ Whatsapp\u00a0 <a href=\"tel:+1-809-720-6035\">+1-809-720-6035<\/a>.<\/p>\n<p><img decoding=\"async\" class=\"emoji\" draggable=\"false\" src=\"https:\/\/s.w.org\/images\/core\/emoji\/11.2.0\/svg\/1f4e9.svg\" alt=\"\ud83d\udce9\" title=\"\"> <a href=\"mailto:info@bookingadventures.com.do\">info@bookingadventures.com.do<\/a><\/p>\n<p><strong>Rugalmasan \u00e1ll\u00edtjuk be a Whatsapp priv\u00e1t t\u00far\u00e1it: <a href=\"tel:+18097206035\">+18097206035.<\/a><\/strong><\/p>\n\n\t\t<\/div>\n\t<\/div>\n<\/div><\/div><\/div><\/div><div class=\"vc_row wpb_row vc_row-fluid\" ><div class=\"wpb_column vc_column_container vc_col-sm-12\"><div class=\"vc_column-inner\"><div class=\"wpb_wrapper\"><div class=\"vc_btn3-container vc_btn3-inline\" ><a class=\"vc_general vc_btn3 vc_btn3-size-md vc_btn3-shape-rounded vc_btn3-style-modern vc_btn3-color-green\" href=\"https:\/\/bookingadventures.tours\/booking.php?tour_id=15732596c207e72b242ef1044167660d\" title=\"\" rel=\"noopener\">FOGLALD LE MOST<\/a><\/div><\/div><\/div><\/div><\/div>","protected":false},"excerpt":{"rendered":"<p>Extr\u00e9m kaland a Karib-tenger magasabb v\u00edzes\u00e9s\u00e9hez. J\u00f6jj\u00f6n el a helyiekkel t\u00far\u00e1zni vagy lovagolni a v\u00edzes\u00e9shez. Ismerked\u00e9s az erd\u0151 igazi dominikai \u00e9letm\u00f3dj\u00e1val. L\u00e1togassa meg a Dominikai K\u00f6zt\u00e1rsas\u00e1g legnagyobb kaka\u00f3fa-\u00fcltetv\u00e9nyeit, \u00e9s ismerje meg ezt a t\u00f6rt\u00e9netet a Natives Tour idegenvezet\u0151ivel.<\/p>\n<p>Amikor lefoglalja ezt az utaz\u00e1st, \u00d6n a Magua, Sabana de la Mar k\u00f6z\u00f6ss\u00e9gb\u0151l sz\u00e1rmaz\u00f3 csal\u00e1dokat t\u00e1mogat. Ahol nincs turista eg\u00e9sz \u00e9vben. A p\u00e9nz ezekn\u00e9l a helyiekn\u00e9l marad.<\/p>\n<p>&nbsp;<\/p>\n<p><strong>K\u00e9rj\u00fck, v\u00e1lassza ki a The Tour d\u00e1tum\u00e1t\u00a0<\/strong><\/p>","protected":false},"featured_media":9206,"template":"","meta":[],"product_cat":[178,946,634,189,170,191,252],"product_tag":[226,635,636,180,637,638,224,225,639,640,227,641,228,175,642,643,644,645],"class_list":["post-8168","product","type-product","status-publish","has-post-thumbnail","hentry","product_cat-hiking","product_cat-1-sabana-de-la-mar","product_cat-hike-to-miches-la-jalda-waterfall-waterfalls","product_cat-horse-riding-to-waterfalls","product_cat-local-tour-guides","product_cat-swimming-natural-springs","product_cat-waterfalls","product_tag-higthest-waterfall-in-the-caribean","product_tag-hike-la-jalda","product_tag-hike-to-miches-la-jalda-waterfall-waterfalls","product_tag-hiking","product_tag-la-jalda-excursions","product_tag-la-jalda-horses","product_tag-la-jalda-national-park","product_tag-la-jalda-waterfall","product_tag-leaping","product_tag-leaping-jalda","product_tag-magua","product_tag-magua-la-jalda","product_tag-miches","product_tag-sabana-de-la-mar","product_tag-salto-de-la-jalda","product_tag-salto-la-jalda-sabana-de-la-mar","product_tag-salto-la-jalda-tours","product_tag-waterfalls"],"_links":{"self":[{"href":"https:\/\/www.boattoursamana.com\/hu\/wp-json\/wp\/v2\/product\/8168","targetHints":{"allow":["GET"]}}],"collection":[{"href":"https:\/\/www.boattoursamana.com\/hu\/wp-json\/wp\/v2\/product"}],"about":[{"href":"https:\/\/www.boattoursamana.com\/hu\/wp-json\/wp\/v2\/types\/product"}],"wp:featuredmedia":[{"embeddable":true,"href":"https:\/\/www.boattoursamana.com\/hu\/wp-json\/wp\/v2\/media\/9206"}],"wp:attachment":[{"href":"https:\/\/www.boattoursamana.com\/hu\/wp-json\/wp\/v2\/media?parent=8168"}],"wp:term":[{"taxonomy":"product_cat","embeddable":true,"href":"https:\/\/www.boattoursamana.com\/hu\/wp-json\/wp\/v2\/product_cat?post=8168"},{"taxonomy":"product_tag","embeddable":true,"href":"https:\/\/www.boattoursamana.com\/hu\/wp-json\/wp\/v2\/product_tag?post=8168"}],"curies":[{"name":"wp","href":"https:\/\/api.w.org\/{rel}","templated":true}]}}