{"id":8237,"date":"2019-03-17T11:06:09","date_gmt":"2019-03-17T11:06:09","guid":{"rendered":"https:\/\/www.ticketswhales.com\/?post_type=product&#038;p=8237"},"modified":"2023-10-06T11:05:58","modified_gmt":"2023-10-06T11:05:58","slug":"kayaking-in-los-haitises-with-tour-guide-from-cano-hondo-2","status":"publish","type":"product","link":"https:\/\/www.boattoursamana.com\/hu\/tura\/kayaking-in-los-haitises-with-tour-guide-from-cano-hondo-2","title":{"rendered":"2 \u00f3r\u00e1s kajak Los Haitises"},"content":{"rendered":"<div class=\"vc_row wpb_row vc_row-fluid\" ><div class=\"wpb_column vc_column_container vc_col-sm-12\"><div class=\"vc_column-inner\"><div class=\"wpb_wrapper\"><div class=\"vc_btn3-container vc_btn3-inline\" ><a class=\"vc_general vc_btn3 vc_btn3-size-md vc_btn3-shape-rounded vc_btn3-style-modern vc_btn3-color-green\" href=\"https:\/\/bookingadventures.tours\/booking.php?tour_id=76244158e4bf48f84872b711d82fa754\" title=\"\" rel=\"noopener\">FOGLALD LE MOST<\/a><\/div><div class=\"mkdf-section-title-holder\" style=\"text-align: left\">\n\t<div class=\"mkdf-st-inner\">\n\t\t\t\t\t<h5 class=\"mkdf-st-subtitle\" >\n\t\t\t\tKajakok \u00e9s helyi idegenvezet\u0151\t\t\t<\/h5>\n\t\t\t\t\t\t\t<h3 class=\"mkdf-st-title\" >\n\t\t\t\tKajakoz\u00e1s a Los Haitises Nemzeti Parkban Ca\u00f1o Hondo idegenvezet\u0151vel 2 \u00f3ra\t\t\t<\/h3>\n\t\t\t\t\t<\/div>\n<\/div><\/div><\/div><\/div><\/div><div class=\"vc_row wpb_row vc_row-fluid\" ><div class=\"wpb_column vc_column_container vc_col-sm-12\"><div class=\"vc_column-inner\"><div class=\"wpb_wrapper\"><div class=\"vc_empty_space\"   style=\"height: 32px\"><span class=\"vc_empty_space_inner\"><\/span><\/div><\/div><\/div><\/div><\/div><div class=\"vc_row wpb_row vc_row-fluid\" ><div class=\"wpb_column vc_column_container vc_col-sm-12\"><div class=\"vc_column-inner\"><div class=\"wpb_wrapper\">\n\t<div class=\"wpb_text_column wpb_content_element\" >\n\t\t<div class=\"wpb_wrapper\">\n\t\t\t<h4><b><i>\u00c1ttekint\u00e9s <\/i><\/b><\/h4>\n<p>Mangrove kajakoz\u00e1s a Los Haitises Nemzeti Parkban helyi idegenvezet\u0151vel 2 \u00f3ra. Mangrove-ok megtekint\u00e9se a Cano Hondo foly\u00f3ban, valamint a San Lorenzo-\u00f6b\u00f6l \u00e1ttekint\u00e9se a Los Haitises Nemzeti Parkban, Sabana de la mar Cano Hondo ter\u00fclet\u00e9n. Ha hosszabb ideig fog tetszeni: <a href=\"https:\/\/www.boattoursamana.com\/hu\/tours-excursions\/kajakozas\/kajakozas-los-haitisesben-a-cano-hondo-idegenvezetovel-4-ora\/\"><strong>4 \u00f3r\u00e1s kajakoz\u00e1s Los Haitisesben.<\/strong><\/a><\/p>\n<ul>\n<li style=\"font-weight: 400;\"><span style=\"font-weight: 400;\">Az \u00fatmutat\u00f3 oktat\u00e1st \u00e9s fel\u00fcgyeletet biztos\u00edt<\/span><\/li>\n<li>Kajakok \u00e9s evez\u0151lap\u00e1tok k\u00e9t f\u0151 r\u00e9sz\u00e9re, egyszer\u0171 pedig egy szem\u00e9ly sz\u00e1m\u00e1ra el\u00e9rhet\u0151k.<\/li>\n<\/ul>\n<p>&nbsp;<\/p>\n<h4><b>Befoglal\u00e1sok \u00e9s kiz\u00e1r\u00e1sok<\/b><\/h4>\n<p>&nbsp;<\/p>\n<p><b>Z\u00e1rv\u00e1nyok<\/b><\/p>\n<p>&nbsp;<\/p>\n<ol>\n<li style=\"font-weight: 400;\">Kajakos kir\u00e1ndul\u00e1s<\/li>\n<li style=\"font-weight: 400;\"><span style=\"font-weight: 400;\">Minden ad\u00f3, d\u00edj \u00e9s kezel\u00e9si k\u00f6lts\u00e9g<\/span><\/li>\n<li style=\"font-weight: 400;\"><span style=\"font-weight: 400;\">Helyi ad\u00f3k<\/span><\/li>\n<li style=\"font-weight: 400;\"><span style=\"font-weight: 400;\">Helyi idegenvezet\u0151<\/span><\/li>\n<\/ol>\n<p><b> Kiz\u00e1r\u00e1sok<\/b><\/p>\n<ol>\n<li style=\"font-weight: 400;\"><span style=\"font-weight: 400;\">h\u00e1lap\u00e9nz<\/span><\/li>\n<li style=\"font-weight: 400;\"><span style=\"font-weight: 400;\">\u00c1truh\u00e1z\u00e1s<\/span><\/li>\n<li>Az eb\u00e9det az \u00e1r nem tartalmazza<\/li>\n<li>A barlangokat nem tartalmazza<\/li>\n<li style=\"font-weight: 400;\"><span style=\"font-weight: 400;\">Alkoholos italok<\/span><\/li>\n<\/ol>\n<p>&nbsp;<\/p>\n<h4><em><strong>Indul\u00e1s \u00e9s vissza\u00fat<\/strong><\/em><\/h4>\n<p><span style=\"font-weight: 400;\">A Foglal\u00e1si folyamat ut\u00e1n az utaz\u00f3 tal\u00e1lkoz\u00e1si pontot kap. A t\u00far\u00e1k tal\u00e1lkoz\u00e1si pontjainkon indulnak \u00e9s fejez\u0151dnek be.<\/span><\/p>\n<p>&nbsp;<\/p>\n<h4><b><i>Mi v\u00e1rhat\u00f3?<\/i><\/b><\/h4>\n<p>&nbsp;<\/p>\n<p><em><strong>Vedd meg a jegyeidet<\/strong><\/em> 2 \u00f3r\u00e1s kajakoz\u00e1sra a Ca\u00f1o Hondo River Forestben (Mangrove) a helyi idegenvezet\u0151kkel.<\/p>\n<p>Amikor megkapjuk az \u00d6n biztons\u00e1ga \u00e9rdek\u00e9ben sz\u00fcks\u00e9ges \u00f6sszes felszerel\u00e9st (ment\u0151mell\u00e9nyek stb.), az akci\u00f3 indul a kajakoz\u00e1s a Ca\u00f1o Hondo kik\u00f6t\u0151 foly\u00f3b\u00f3l.<\/p>\n<p><span style=\"font-weight: 400;\">A \u201eBooking Adventures\u201d \u00e1ltal szervezett t\u00fara az idegenvezet\u0151vel megjel\u00f6lt tal\u00e1lkoz\u00e1si pontt\u00f3l indul. <\/span>Kajakoz\u00e1s \u00e9s mangrove mocsarak, \u0151si kal\u00f3zbarlangok mellett v\u00e9dett erd\u0151kben val\u00f3 \u00e1thalad\u00e1s ebben a fest\u0151i rezerv\u00e1tumban, a Cano Hondo Hotels ter\u00fclet\u00e9t\u0151l vagy Sabana de la Mar-t\u00f3l indulva,<\/p>\n<div class=\"body-description secondary\">\n<p>J\u00f6jj\u00f6n el a Booking Adventures programmal, \u00e9s kezdjen el felfedezni n\u00e9h\u00e1ny madarakkal teli mangrove-t, a buja n\u00f6v\u00e9nyzettel teli dombokat \u00e9s a barlangokat <em><strong>Los Haitises Nemzeti Park<\/strong><\/em>. Kajak-kir\u00e1ndul\u00e1s a Cano Hondo foly\u00f3t\u00f3l, Sabana de la Mar-t\u00f3l. A mangrov\u00e1k \u00e9s a sz\u00e1razf\u00f6ld\u00f6n kereszt\u00fcl a ny\u00edlt San Lorenzo-\u00f6b\u00f6lben, ahonnan fot\u00f3zhatja a zord erdei t\u00e1jat. N\u00e9zzen a v\u00edzre, hogy \u00e9szrevegye <em><strong>Lamantinok<\/strong><\/em>, r\u00e1kf\u00e9l\u00e9k \u00e9s <em><strong>delfinek.<\/strong><\/em><\/p>\n<p>Ha hosszabb ideig fog tetszeni ez az utaz\u00e1s, van egy m\u00e1sodik lehet\u0151s\u00e9g\u00fcnk: <a href=\"https:\/\/www.boattoursamana.com\/hu\/tours-excursions\/kajakozas\/kajakozas-los-haitisesben-a-cano-hondo-idegenvezetovel-4-ora\/\"><em><strong>Kajakoz\u00e1s Los Haitisesben 4 \u00f3ra<\/strong><\/em><\/a><\/p>\n<p>A t\u00fara a Los Haitises Nemzeti Park kiindul\u00f3pontj\u00e1n \u00e9r v\u00e9get. Ezt az utaz\u00e1st reggel 6:00-kor aj\u00e1nljuk, ha sz\u00edvesen l\u00e1tn\u00e1 <em><strong>Lamantinok<\/strong><\/em>, r\u00e1kf\u00e9l\u00e9k \u00e9s <em><strong>delfinek.<\/strong><\/em><\/p>\n<\/div>\n<p><em><strong>06:00<\/strong><\/em> korai, \u00edgy m\u00e9g mindig nincsenek haj\u00f3k a Los Haitises Nemzeti Parkban.<\/p>\n<h4><em><strong>Mit kell vinni?<\/strong><\/em><\/h4>\n<ul>\n<li style=\"font-weight: 400;\"><span style=\"font-weight: 400;\">Kamera<\/span><\/li>\n<li style=\"font-weight: 400;\"><span style=\"font-weight: 400;\">Riaszt\u00f3 bimb\u00f3k<\/span><\/li>\n<li style=\"font-weight: 400;\"><span style=\"font-weight: 400;\">naptej<\/span><\/li>\n<li style=\"font-weight: 400;\"><span style=\"font-weight: 400;\">Kalap<\/span><\/li>\n<li style=\"font-weight: 400;\"><span style=\"font-weight: 400;\">K\u00e9nyelmes nadr\u00e1g<\/span><\/li>\n<li style=\"font-weight: 400;\"><span style=\"font-weight: 400;\">Szand\u00e1l\u00a0<\/span><\/li>\n<li style=\"font-weight: 400;\"><span style=\"font-weight: 400;\">\u00dasz\u00f3ruha<\/span><\/li>\n<\/ul>\n<p>&nbsp;<\/p>\n<h4><b><i>Sz\u00e1llodai \u00e1tv\u00e9tel <\/i><\/b><\/h4>\n<p><span style=\"font-weight: 400;\">Ezen a t\u00far\u00e1n nem k\u00edn\u00e1lnak transzfert a sz\u00e1llod\u00e1b\u00f3l. <\/span><\/p>\n<p>&nbsp;<\/p>\n<p><b>Jegyzet:<\/b><span style=\"font-weight: 400;\"> Ha a t\u00fara\/kir\u00e1ndul\u00e1s indul\u00e1si id\u0151pontj\u00e1t\u00f3l sz\u00e1m\u00edtott 24 \u00f3r\u00e1n bel\u00fcl foglal, fel\u00e1r ellen\u00e9ben meg tudjuk szervezni a sz\u00e1llodai \u00e1tv\u00e9telt. Amint a v\u00e1s\u00e1rl\u00e1s befejez\u0151d\u00f6tt, elk\u00fcldj\u00fck \u00d6nnek a helyi idegenvezet\u0151nk teljes el\u00e9rhet\u0151s\u00e9gi adatait (telefonsz\u00e1m, e-mail c\u00edm stb.), hogy megszervezhess\u00fck az \u00e1tv\u00e9tel megszervez\u00e9s\u00e9t.<\/span><\/p>\n<h4><b><i>Tov\u00e1bbi inform\u00e1ci\u00f3k meger\u0151s\u00edt\u00e9se <\/i><\/b><\/h4>\n<ol>\n<li>A jegyek a t\u00fara befizet\u00e9s\u00e9t k\u00f6vet\u0151 nyugt\u00e1k. A fizet\u00e9st a telefonon tudod megjelen\u00edteni.<\/li>\n<li style=\"font-weight: 400;\"><span style=\"font-weight: 400;\">A tal\u00e1lkoz\u00e1si pontot a foglal\u00e1si folyamat ut\u00e1n veszik \u00e1t.<\/span><\/li>\n<li style=\"font-weight: 400;\"><span style=\"font-weight: 400;\">A gyermekeket feln\u0151tt k\u00eds\u00e9ret\u00e9ben kell biztos\u00edtani.<\/span><\/li>\n<li style=\"font-weight: 400;\"><span style=\"font-weight: 400;\"> Kerekessz\u00e9kkel nem megk\u00f6zel\u00edthet\u0151 <\/span><\/li>\n<li style=\"font-weight: 400;\"><span style=\"font-weight: 400;\">A csecsem\u0151knek \u00f6lben kell \u00fclni\u00fck <\/span><\/li>\n<li style=\"font-weight: 400;\"><span style=\"font-weight: 400;\">H\u00e1tprobl\u00e9m\u00e1kkal k\u00fczd\u0151 utaz\u00f3knak nem aj\u00e1nlott<\/span><\/li>\n<li style=\"font-weight: 400;\"><span style=\"font-weight: 400;\">Terhes utaz\u00f3knak nem aj\u00e1nlott <\/span><\/li>\n<li style=\"font-weight: 400;\"><span style=\"font-weight: 400;\"> Nincsenek sz\u00edvprobl\u00e9m\u00e1k vagy egy\u00e9b s\u00falyos eg\u00e9szs\u00e9g\u00fcgyi \u00e1llapotok <\/span><\/li>\n<li style=\"font-weight: 400;\"><span style=\"font-weight: 400;\">A legt\u00f6bb utaz\u00f3 r\u00e9szt vehet<\/span><\/li>\n<\/ol>\n<h4><b><i>Lemond\u00e1si felt\u00e9telek<\/i><\/b><\/h4>\n<p>A teljes visszat\u00e9r\u00edt\u00e9s\u00e9rt k\u00e9rj\u00fck, olvassa el lemond\u00e1si szab\u00e1lyzatunkat\u00a0<a href=\"https:\/\/www.boattoursamana.com\/hu\/online-foglalas\/\" target=\"_blank\" rel=\"noopener\" data-saferedirecturl=\"https:\/\/www.google.com\/url?q=https:\/\/www.boattoursamana.com\/online-booking\/&amp;source=gmail&amp;ust=1672532492004000&amp;usg=AOvVaw3ylqI1cdbIPTimEqEWneyd\">Kattints ide<\/a>. Az \u00f6sszeg elveszik, ha a foglal\u00e1st az utaz\u00e1s napj\u00e1n lemondj\u00e1k.<\/p>\n\n\t\t<\/div>\n\t<\/div>\n\n\t<div class=\"wpb_video_widget wpb_content_element vc_clearfix   vc_video-aspect-ratio-169 vc_video-el-width-100 vc_video-align-left\" >\n\t\t<div class=\"wpb_wrapper\">\n\t\t\t<h2 class=\"wpb_heading wpb_video_heading\">Kayak Los Haitises Tours<\/h2>\n\t\t\t<div class=\"wpb_video_wrapper\"><iframe loading=\"lazy\" title=\"Kajakoz\u00e1s \u00e9s barlang\u00e1szat a Los Haitises Nemzeti Parkban, Dominikai K\u00f6zt\u00e1rsas\u00e1gban\" width=\"1100\" height=\"619\" src=\"https:\/\/www.youtube.com\/embed\/ucU1uwB57wQ?feature=oembed\" frameborder=\"0\" allow=\"accelerometer; autoplay; clipboard-write; encrypted-media; gyroscope; picture-in-picture; web-share\" allowfullscreen><\/iframe><\/div>\n\t\t<\/div>\n\t<\/div>\n<div class=\"vc_btn3-container vc_btn3-inline\" ><a class=\"vc_general vc_btn3 vc_btn3-size-md vc_btn3-shape-rounded vc_btn3-style-modern vc_btn3-color-green\" href=\"https:\/\/bookingadventures.tours\/booking.php?tour_id=76244158e4bf48f84872b711d82fa754\" title=\"\" rel=\"noopener\">FOGLALD LE MOST<\/a><\/div><\/div><\/div><\/div><\/div><div class=\"vc_row wpb_row vc_row-fluid\" ><div class=\"wpb_column vc_column_container vc_col-sm-12\"><div class=\"vc_column-inner\"><div class=\"wpb_wrapper\"><\/div><\/div><\/div><\/div><div class=\"vc_row wpb_row vc_row-fluid\" ><div class=\"wpb_column vc_column_container vc_col-sm-12\"><div class=\"vc_column-inner\"><div class=\"wpb_wrapper\"><div class=\"vc_empty_space\"   style=\"height: 32px\"><span class=\"vc_empty_space_inner\"><\/span><\/div>\n\t<div class=\"wpb_text_column wpb_content_element\" >\n\t\t<div class=\"wpb_wrapper\">\n\t\t\t<h4>L\u00e9pjen kapcsolatba vel\u00fcnk?<\/h4>\n<h5><em><strong>Kalandok foglal\u00e1sa<\/strong><\/em><\/h5>\n<p><em><strong>Helyiek<\/strong> \u00e9s <strong>Nemzetiek<\/strong> Idegenvezet\u0151k \u00e9s vend\u00e9gszolg\u00e1ltat\u00e1sok<\/em><\/p>\n<p><span class=\"text-turquoise\">Foglal\u00e1sok:<\/span> T\u00far\u00e1k \u00e9s kir\u00e1ndul\u00e1sok Dom. Ism\u00e9tl\u00e9s.<\/p>\n<p><img decoding=\"async\" class=\"emoji\" draggable=\"false\" src=\"https:\/\/s.w.org\/images\/core\/emoji\/11.2.0\/svg\/1f4de.svg\" alt=\"\ud83d\udcde\" title=\"\"> Tel \/ Whatsapp\u00a0 <a href=\"tel:+1-809-720-6035\">+1-809-720-6035<\/a>.<\/p>\n<p><img decoding=\"async\" class=\"emoji\" draggable=\"false\" src=\"https:\/\/s.w.org\/images\/core\/emoji\/11.2.0\/svg\/1f4e9.svg\" alt=\"\ud83d\udce9\" title=\"\"> <a href=\"mailto:info@bookingadventures.com.do\">info@bookingadventures.com.do<\/a><\/p>\n<p><strong>Rugalmasan \u00e1ll\u00edtjuk be a Whatsapp priv\u00e1t t\u00far\u00e1it: <a href=\"tel:+18097206035\">+18097206035.<\/a><\/strong><\/p>\n\n\t\t<\/div>\n\t<\/div>\n<div class=\"vc_empty_space\"   style=\"height: 32px\"><span class=\"vc_empty_space_inner\"><\/span><\/div><\/div><\/div><\/div><\/div><div class=\"vc_row wpb_row vc_row-fluid\" ><div class=\"wpb_column vc_column_container vc_col-sm-12\"><div class=\"vc_column-inner\"><div class=\"wpb_wrapper\"><div class=\"vc_btn3-container vc_btn3-inline\" ><a class=\"vc_general vc_btn3 vc_btn3-size-md vc_btn3-shape-rounded vc_btn3-style-modern vc_btn3-color-green\" href=\"https:\/\/bookingadventures.tours\/booking.php?tour_id=76244158e4bf48f84872b711d82fa754\" title=\"\" rel=\"noopener\">FOGLALD LE MOST<\/a><\/div><\/div><\/div><\/div><\/div>","protected":false},"excerpt":{"rendered":"<p>Kir\u00e1ndul\u00e1s a Los Haitises Nemzeti Parkba a Sabana de la Mar vagy a Ca\u00f1o Hondo Hotels \u00e9p\u00fclet\u00e9t\u0151l. Mangrove kajakoz\u00e1s a Los Haitises Nemzeti Parkban helyi idegenvezet\u0151vel. Mangrove-k megtekint\u00e9se a Ca\u00f1o Hondo foly\u00f3ban, valamint a San Lorenzo-\u00f6b\u00f6l \u00e1ttekint\u00e9se a Los Haitises Nemzeti Parkban, Sabana de la Mar Ca\u00f1o Hondo ter\u00fclet\u00e9n. Ha \u00e9rdekli a barlangok megtekint\u00e9se is, k\u00e9rj\u00fck, foglaljon 4 \u00f3r\u00e1s kajakoz\u00e1st <a href=\"https:\/\/www.boattoursamana.com\/hu\/tours-excursions\/kajakozas\/kajakozas-los-haitisesben-a-cano-hondo-idegenvezetovel-4-ora\/\">utaz\u00e1s ide.<\/a><\/p>\n<ul>\n<li style=\"font-weight: 400;\"><span style=\"font-weight: 400;\">Az \u00fatmutat\u00f3 oktat\u00e1st \u00e9s fel\u00fcgyeletet biztos\u00edt<\/span><\/li>\n<li>Kajakok \u00e9s evez\u0151lap\u00e1tok k\u00e9t f\u0151 r\u00e9sz\u00e9re, egyszer\u0171 pedig egy szem\u00e9ly sz\u00e1m\u00e1ra el\u00e9rhet\u0151k.<\/li>\n<\/ul>\n<p>&nbsp;<\/p>\n<p>\u00c1ll\u00edtsa be ezt a t\u00far\u00e1t egy t\u00fara\u00fatvonallal, \u00e9s ismerje meg a Los Haitises Nemzeti Park t\u00f6rt\u00e9net\u00e9t a helyiekkel.<\/p>\n<p>&nbsp;<\/p>\n<p><strong>K\u00e9rj\u00fck, v\u00e1lassza ki a The Tour d\u00e1tum\u00e1t\u00a0<\/strong><\/p>","protected":false},"featured_media":8238,"template":"","meta":[],"product_cat":[254,946,168,178,218,934,170,169,191,253,255],"product_tag":[176,211,442,192,319,318,317,316,171,209,175,200,187],"class_list":["post-8237","product","type-product","status-publish","has-post-thumbnail","hentry","product_cat-tours-excursions-los-haitises-national-park","product_cat-1-sabana-de-la-mar","product_cat-caves","product_cat-hiking","product_cat-kayaking","product_cat-kayaking-los-haitises","product_cat-local-tour-guides","product_cat-mangroves","product_cat-swimming-natural-springs","product_cat-tours-and-excursions","product_cat-tours-excursions-samana-bay-dominican-republic","product_tag-cano-hondo","product_tag-cano-hondo-hotel","product_tag-cano-hondo-river","product_tag-day-tour-cano-hondo","product_tag-kayak-dominican-republic","product_tag-kayak-los-haitises","product_tag-kayak-tour","product_tag-kayaking","product_tag-los-haitises","product_tag-los-haitises-national-park","product_tag-sabana-de-la-mar","product_tag-samana-excursions","product_tag-samana-tours"],"_links":{"self":[{"href":"https:\/\/www.boattoursamana.com\/hu\/wp-json\/wp\/v2\/product\/8237","targetHints":{"allow":["GET"]}}],"collection":[{"href":"https:\/\/www.boattoursamana.com\/hu\/wp-json\/wp\/v2\/product"}],"about":[{"href":"https:\/\/www.boattoursamana.com\/hu\/wp-json\/wp\/v2\/types\/product"}],"wp:featuredmedia":[{"embeddable":true,"href":"https:\/\/www.boattoursamana.com\/hu\/wp-json\/wp\/v2\/media\/8238"}],"wp:attachment":[{"href":"https:\/\/www.boattoursamana.com\/hu\/wp-json\/wp\/v2\/media?parent=8237"}],"wp:term":[{"taxonomy":"product_cat","embeddable":true,"href":"https:\/\/www.boattoursamana.com\/hu\/wp-json\/wp\/v2\/product_cat?post=8237"},{"taxonomy":"product_tag","embeddable":true,"href":"https:\/\/www.boattoursamana.com\/hu\/wp-json\/wp\/v2\/product_tag?post=8237"}],"curies":[{"name":"wp","href":"https:\/\/api.w.org\/{rel}","templated":true}]}}