{"id":8847,"date":"2019-04-27T09:53:19","date_gmt":"2019-04-27T09:53:19","guid":{"rendered":"https:\/\/www.ticketswhales.com\/?post_type=product&#038;p=8847"},"modified":"2023-10-13T07:55:37","modified_gmt":"2023-10-13T07:55:37","slug":"saona-island-tour-from-bayahibe","status":"publish","type":"product","link":"https:\/\/www.boattoursamana.com\/hu\/tura\/saona-szigeti-tura-bayahibebol","title":{"rendered":"Saona szigeti t\u00fara Bayahib\u00e9b\u0151l \u2013 Term\u00e9szetes medenc\u00e9s kir\u00e1ndul\u00e1s"},"content":{"rendered":"<div class=\"vc_row wpb_row vc_row-fluid\" ><div class=\"wpb_column vc_column_container vc_col-sm-12\"><div class=\"vc_column-inner\"><div class=\"wpb_wrapper\"><div class=\"mkdf-section-title-holder\" style=\"text-align: left\">\n\t<div class=\"mkdf-st-inner\">\n\t\t\t\t\t<h5 class=\"mkdf-st-subtitle\" >\n\t\t\t\tBayahib\u00e9b\u0151l\t\t\t<\/h5>\n\t\t\t\t\t\t\t<h3 class=\"mkdf-st-title\" >\n\t\t\t\tSaona sziget\t\t\t<\/h3>\n\t\t\t\t\t\t\t<p class=\"mkdf-st-text\" >\n\t\t\t\tMegjegyz\u00e9s: Ez a t\u00fara 9:00 \u00f3rakor kezd\u0151dik Bayahibe kik\u00f6t\u0151j\u00e9b\u0151l. K\u00e9rj\u00fck, vegye fel vel\u00fcnk a kapcsolatot, ha Punta Can\u00e1ban vagy Santo Domingoban tart\u00f3zkodik, \u00e9s transzferre van sz\u00fcks\u00e9ge.\t\t\t<\/p>\n\t\t\t<\/div>\n<\/div><\/div><\/div><\/div><\/div><div class=\"vc_row wpb_row vc_row-fluid\" ><div class=\"wpb_column vc_column_container vc_col-sm-12\"><div class=\"vc_column-inner\"><div class=\"wpb_wrapper\"><div class=\"vc_empty_space\"   style=\"height: 32px\"><span class=\"vc_empty_space_inner\"><\/span><\/div><\/div><\/div><\/div><\/div><div class=\"vc_row wpb_row vc_row-fluid\" ><div class=\"wpb_column vc_column_container vc_col-sm-12\"><div class=\"vc_column-inner\"><div class=\"wpb_wrapper\"><div class=\"vc_btn3-container vc_btn3-inline\" ><button class=\"vc_general vc_btn3 vc_btn3-size-md vc_btn3-shape-rounded vc_btn3-style-modern vc_btn3-color-green\">FOGLALD LE MOST<\/button><\/div>\n\t<div class=\"wpb_text_column wpb_content_element\" >\n\t\t<div class=\"wpb_wrapper\">\n\t\t\t<h4><b><i>\u00c1ttekint\u00e9s <\/i><\/b><\/h4>\n<div>\n<div>\n<div>Indul\u00e1s Bayahibe f\u0151 m\u00f3l\u00f3j\u00e1r\u00f3l reggel 9 \u00f3rakor, vissza\u00e9rkez\u00e9s 17 \u00f3rakor. A kir\u00e1ndul\u00e1s Isla Saona strandjaira vezet, eb\u00e9d a szigeten \u00e9s meg\u00e1ll Saona term\u00e9szetes medenc\u00e9in\u00e9l. Ez a kir\u00e1ndul\u00e1s elvezeti \u00d6nt a Dominikai K\u00f6zt\u00e1rsas\u00e1g d\u00e9lkeleti r\u00e9sz\u00e9nek gy\u00f6ny\u00f6r\u0171 partjaihoz, ahol a \u201eCatamaran\u201d haj\u00f3 felsz\u00e1ll\u00e1sa ut\u00e1n a parton haj\u00f3zunk, figyelve a k\u00fcl\u00f6nb\u00f6z\u0151 strandokat, t\u00e1jakat, mangrove- \u00e9s m\u00e9szk\u0151k\u00e9pz\u0151dm\u00e9nyeket.<\/div>\n<div><\/div>\n<\/div>\n<\/div>\n<div>\n<div>\n<div>A szigetre jut\u00e1s k\u00f6r\u00fclbel\u00fcl 45 percet vesz ig\u00e9nybe, \u00e9s a t\u00fara sor\u00e1n lehet\u0151s\u00e9ge van megl\u00e1togatni a Mano Juant, a sziget egyetlen k\u00f6z\u00f6ss\u00e9g\u00e9t, ugyanitt eb\u00e9dre is van lehet\u0151s\u00e9g, ha nem jut el Man\u00f3ba. Juan, megl\u00e1togatja a k\u00f6rny\u00e9k egyed\u00fcl\u00e1ll\u00f3 strandjait, \u00e9s az eb\u00e9d a tengerparton lesz, \u00e9s lehet\u0151s\u00e9ge lesz sznorkelezni is a szigeten.<\/div>\n<\/div>\n<\/div>\n<div>\n<div>\n<div>Visszafel\u00e9 m\u00e9g egy utols\u00f3 meg\u00e1ll\u00f3 a term\u00e9szetes medenc\u00e9kn\u00e9l Isla Saona m\u00e1sik fens\u00e9ges hely\u00e9n, amelyet egy \u00f3r\u00e1val azel\u0151tt \u00e9lvezhet, hogy visszat\u00e9rne Bayahibe k\u00f6z\u00f6ss\u00e9g\u00e9be.<\/div>\n<\/div>\n<\/div>\n<ul>\n<li style=\"font-weight: 400;\"><span style=\"font-weight: 400;\">Tartalmazza a sv\u00e9dasztalos eb\u00e9det a tengerparton<\/span><\/li>\n<li>Term\u00e9szetes medence<\/li>\n<li>Haj\u00f3 vagy katamar\u00e1n transzfer<\/li>\n<li style=\"font-weight: 400;\"><span style=\"font-weight: 400;\">A kapit\u00e1ny utas\u00edt\u00e1st \u00e9s fel\u00fcgyeletet biztos\u00edt<\/span><\/li>\n<\/ul>\n<p>&nbsp;<\/p>\n<h4><b>Befoglal\u00e1sok \u00e9s kiz\u00e1r\u00e1sok<\/b><\/h4>\n<p>&nbsp;<\/p>\n<p><b>Z\u00e1rv\u00e1nyok<\/b><\/p>\n<ol>\n<li>Kir\u00e1ndul\u00e1s haj\u00f3val vagy katam\u00e1nnal<\/li>\n<li style=\"font-weight: 400;\"><span style=\"font-weight: 400;\">Sv\u00e9dasztalos eb\u00e9d a tengerparton<\/span><\/li>\n<li>Term\u00e9szetes medence<\/li>\n<li style=\"font-weight: 400;\"><span style=\"font-weight: 400;\">Minden ad\u00f3, d\u00edj \u00e9s kezel\u00e9si k\u00f6lts\u00e9g<\/span><\/li>\n<li style=\"font-weight: 400;\"><span style=\"font-weight: 400;\">Helyi ad\u00f3k<\/span><\/li>\n<li style=\"font-weight: 400;\"><span style=\"font-weight: 400;\">Italok<\/span><\/li>\n<\/ol>\n<p><b> Kiz\u00e1r\u00e1sok<\/b><\/p>\n<ol>\n<li style=\"font-weight: 400;\"><span style=\"font-weight: 400;\">h\u00e1lap\u00e9nz<\/span><\/li>\n<li style=\"font-weight: 400;\"><span style=\"font-weight: 400;\">Transzfer aut\u00f3<\/span><\/li>\n<li>Helyi idegenvezet\u0151<\/li>\n<\/ol>\n<p>&nbsp;<\/p>\n<h4><em><strong>Indul\u00e1s \u00e9s vissza\u00fat<\/strong><\/em><\/h4>\n<p><span style=\"font-weight: 400;\">A Foglal\u00e1si folyamat ut\u00e1n az utaz\u00f3 tal\u00e1lkoz\u00e1si pontot kap. A t\u00far\u00e1k tal\u00e1lkoz\u00e1si pontjainkon indulnak \u00e9s fejez\u0151dnek be.<\/span><\/p>\n<p>&nbsp;<\/p>\n<h4><b><i>Mi v\u00e1rhat\u00f3?<\/i><\/b><\/h4>\n<p>&nbsp;<\/p>\n<p><em><strong>Vedd meg a jegyeidet<\/strong><\/em> napijegy a Saona-szigeten (Isla Saona), Bayahibe-ben, valamint egy csod\u00e1latos eb\u00e9d \u00e9s strandol\u00e1s.<\/p>\n<p><span style=\"font-weight: 400;\">A \u201eBooking Adventures\u201d \u00e1ltal szervezett Daypass az idegenvezet\u0151vel megjel\u00f6lt tal\u00e1lkoz\u00e1si ponton kezd\u0151dik. <\/span>Eb\u00e9d a tengerparton, \u00e9s addig maradhatsz, ameddig csak akarsz \u00faszni. Ha veg\u00e1n vagy, mi is k\u00e9sz\u00edt\u00fcnk neked \u00e9telt.<\/p>\n<p><strong>Menetrend:<\/strong><\/p>\n<p>8:45 \u2013 17:00<\/p>\n<p>&nbsp;<\/p>\n<h4><em><strong>Mit kell vinni?<\/strong><\/em><\/h4>\n<ul>\n<li style=\"font-weight: 400;\"><span style=\"font-weight: 400;\">Kamera<\/span><\/li>\n<li style=\"font-weight: 400;\"><span style=\"font-weight: 400;\">Riaszt\u00f3 bimb\u00f3k<\/span><\/li>\n<li style=\"font-weight: 400;\"><span style=\"font-weight: 400;\">naptej<\/span><\/li>\n<li style=\"font-weight: 400;\"><span style=\"font-weight: 400;\">Kalap<\/span><\/li>\n<li style=\"font-weight: 400;\"><span style=\"font-weight: 400;\">K\u00e9nyelmes nadr\u00e1g<\/span><\/li>\n<li style=\"font-weight: 400;\"><span style=\"font-weight: 400;\">Erdei t\u00faracip\u0151<\/span><\/li>\n<li style=\"font-weight: 400;\"><span style=\"font-weight: 400;\">Szand\u00e1l a strandra<\/span><\/li>\n<li style=\"font-weight: 400;\"><span style=\"font-weight: 400;\">\u00dasz\u00f3ruha<\/span><\/li>\n<li>K\u00e9szp\u00e9nz aj\u00e1nd\u00e9kt\u00e1rgyak\u00e9rt<\/li>\n<\/ul>\n<p>&nbsp;<\/p>\n<h4><b><i>Sz\u00e1llodai \u00e1tv\u00e9tel <\/i><\/b><\/h4>\n<p><span style=\"font-weight: 400;\">Ezen a t\u00far\u00e1n nem k\u00edn\u00e1lnak transzfert a sz\u00e1llod\u00e1b\u00f3l. <\/span><\/p>\n<p>&nbsp;<\/p>\n<p><b>Jegyzet:<\/b><span style=\"font-weight: 400;\"> Ha a t\u00fara\/kir\u00e1ndul\u00e1s indul\u00e1si id\u0151pontj\u00e1t\u00f3l sz\u00e1m\u00edtott 24 \u00f3r\u00e1n bel\u00fcl foglal, fel\u00e1r ellen\u00e9ben meg tudjuk szervezni a sz\u00e1llodai \u00e1tv\u00e9telt. Amint a v\u00e1s\u00e1rl\u00e1s befejez\u0151d\u00f6tt, elk\u00fcldj\u00fck \u00d6nnek a helyi idegenvezet\u0151nk teljes el\u00e9rhet\u0151s\u00e9gi adatait (telefonsz\u00e1m, e-mail c\u00edm stb.), hogy megszervezhess\u00fck az \u00e1tv\u00e9tel megszervez\u00e9s\u00e9t.<\/span><\/p>\n<h4><b><i>Tov\u00e1bbi inform\u00e1ci\u00f3k meger\u0151s\u00edt\u00e9se <\/i><\/b><\/h4>\n<ol>\n<li>A jegyek a t\u00fara befizet\u00e9s\u00e9t k\u00f6vet\u0151 nyugt\u00e1k. A fizet\u00e9st a telefonon tudod megjelen\u00edteni.<\/li>\n<li style=\"font-weight: 400;\"><span style=\"font-weight: 400;\">A tal\u00e1lkoz\u00e1si pontot a foglal\u00e1si folyamat ut\u00e1n veszik \u00e1t.<\/span><\/li>\n<li style=\"font-weight: 400;\"><span style=\"font-weight: 400;\">A gyermekeket feln\u0151tt k\u00eds\u00e9ret\u00e9ben kell biztos\u00edtani.<\/span><\/li>\n<li style=\"font-weight: 400;\"><span style=\"font-weight: 400;\">kerekessz\u00e9kkel el\u00e9rhet\u0151 <\/span><\/li>\n<li style=\"font-weight: 400;\"><span style=\"font-weight: 400;\">A csecsem\u0151knek \u00f6lben kell \u00fclni\u00fck <\/span><\/li>\n<li style=\"font-weight: 400;\"><span style=\"font-weight: 400;\">A legt\u00f6bb utaz\u00f3 r\u00e9szt vehet<\/span><\/li>\n<\/ol>\n<h4><b><i>Lemond\u00e1si felt\u00e9telek<\/i><\/b><\/h4>\n<p>A teljes visszat\u00e9r\u00edt\u00e9s\u00e9rt k\u00e9rj\u00fck, olvassa el lemond\u00e1si szab\u00e1lyzatunkat\u00a0<a href=\"https:\/\/www.boattoursamana.com\/hu\/online-foglalas\/\" target=\"_blank\" rel=\"noopener\" data-saferedirecturl=\"https:\/\/www.google.com\/url?q=https:\/\/www.boattoursamana.com\/online-booking\/&amp;source=gmail&amp;ust=1672529771100000&amp;usg=AOvVaw2NIGJBZ0qjB5RhPUl5Obc7\">Kattints ide<\/a>. Az \u00f6sszeg elveszik, ha a foglal\u00e1st az utaz\u00e1s napj\u00e1n lemondj\u00e1k.<\/p>\n\n\t\t<\/div>\n\t<\/div>\n<\/div><\/div><\/div><\/div><div class=\"vc_row wpb_row vc_row-fluid\" ><div class=\"wpb_column vc_column_container vc_col-sm-12\"><div class=\"vc_column-inner\"><div class=\"wpb_wrapper\"><div class=\"vc_btn3-container vc_btn3-inline\" ><button class=\"vc_general vc_btn3 vc_btn3-size-md vc_btn3-shape-rounded vc_btn3-style-modern vc_btn3-color-green\">FOGLALD LE MOST<\/button><\/div><\/div><\/div><\/div><\/div><div class=\"vc_row wpb_row vc_row-fluid\" ><div class=\"wpb_column vc_column_container vc_col-sm-12\"><div class=\"vc_column-inner\"><div class=\"wpb_wrapper\"><div class=\"vc_empty_space\"   style=\"height: 32px\"><span class=\"vc_empty_space_inner\"><\/span><\/div>\n\t<div class=\"wpb_video_widget wpb_content_element vc_clearfix   vc_video-aspect-ratio-169 vc_video-el-width-100 vc_video-align-left\" >\n\t\t<div class=\"wpb_wrapper\">\n\t\t\t<h2 class=\"wpb_heading wpb_video_heading\">Saona Island Tours &amp; Excursions vide\u00f3:<\/h2>\n\t\t\t<div class=\"wpb_video_wrapper\"><iframe loading=\"lazy\" title=\"Saola-sziget Eg\u00e9sz napos Booking Adventures, Travel Dominikai K\u00f6zt\u00e1rsas\u00e1g\" width=\"1100\" height=\"619\" src=\"https:\/\/www.youtube.com\/embed\/sas91N4zMHo?feature=oembed\" frameborder=\"0\" allow=\"accelerometer; autoplay; encrypted-media; gyroscope; picture-in-picture\" allowfullscreen><\/iframe><\/div>\n\t\t<\/div>\n\t<\/div>\n<div class=\"vc_empty_space\"   style=\"height: 32px\"><span class=\"vc_empty_space_inner\"><\/span><\/div><\/div><\/div><\/div><\/div><div class=\"vc_row wpb_row vc_row-fluid\" ><\/div><div class=\"wpb_column vc_column_container vc_col-sm-12\"><div class=\"vc_column-inner\"><div class=\"wpb_wrapper\"><\/div><\/div><\/div><div class=\"vc_empty_space\"   style=\"height: 32px\"><span class=\"vc_empty_space_inner\"><\/span><\/div><div class=\"vc_empty_space\"   style=\"height: 32px\"><span class=\"vc_empty_space_inner\"><\/span><\/div>","protected":false},"excerpt":{"rendered":"<p><span style=\"vertical-align: inherit;\"><span style=\"vertical-align: inherit;\">Un pase de un d\u00eda a la isla Saona desde el puerto de Bayahibe. <\/span><span style=\"vertical-align: inherit;\">Almuerzo y piscinas naturales incluidas. <\/span><span style=\"vertical-align: inherit;\">En caso de necesidad traslado desde cualquier parte de Rep\u00fablica Dominicana. <\/span><span style=\"vertical-align: inherit;\">Egyszer\u0171 kapcsolatok \u00e9s tengamos la mejor experiencia en Isla Saona.<\/span><\/span><\/p>\n<p>&nbsp;<\/p>\n<p><em><strong><span style=\"vertical-align: inherit;\"><span style=\"vertical-align: inherit;\">Selectione la fecha para el tour\u00a0<\/span><\/span><\/strong><\/em><\/p>","protected":false},"featured_media":8690,"template":"","meta":[],"product_cat":[258,948],"product_tag":[400,244,242,395,272,222,241,243,315,398,397,314],"class_list":["post-8847","product","type-product","status-publish","has-post-thumbnail","hentry","product_cat-saona-island-tour-excursion","product_cat-1-punta-cana","product_tag-all-inclusive-trip-to-saona-island-by-speedboat-catamaran","product_tag-bayahibe","product_tag-catamaran","product_tag-how-to-get-to-saona-island","product_tag-isla-saona","product_tag-punta-cana","product_tag-saona","product_tag-saona-island","product_tag-saona-island-excursion","product_tag-saona-island-hotels","product_tag-saona-island-snorkeling","product_tag-saona-island-tour"],"_links":{"self":[{"href":"https:\/\/www.boattoursamana.com\/hu\/wp-json\/wp\/v2\/product\/8847","targetHints":{"allow":["GET"]}}],"collection":[{"href":"https:\/\/www.boattoursamana.com\/hu\/wp-json\/wp\/v2\/product"}],"about":[{"href":"https:\/\/www.boattoursamana.com\/hu\/wp-json\/wp\/v2\/types\/product"}],"wp:featuredmedia":[{"embeddable":true,"href":"https:\/\/www.boattoursamana.com\/hu\/wp-json\/wp\/v2\/media\/8690"}],"wp:attachment":[{"href":"https:\/\/www.boattoursamana.com\/hu\/wp-json\/wp\/v2\/media?parent=8847"}],"wp:term":[{"taxonomy":"product_cat","embeddable":true,"href":"https:\/\/www.boattoursamana.com\/hu\/wp-json\/wp\/v2\/product_cat?post=8847"},{"taxonomy":"product_tag","embeddable":true,"href":"https:\/\/www.boattoursamana.com\/hu\/wp-json\/wp\/v2\/product_tag?post=8847"}],"curies":[{"name":"wp","href":"https:\/\/api.w.org\/{rel}","templated":true}]}}