{"id":8858,"date":"2019-06-11T12:10:51","date_gmt":"2019-06-11T12:10:51","guid":{"rendered":"https:\/\/www.ticketswhales.com\/?post_type=product&#038;p=8858"},"modified":"2023-03-27T18:55:34","modified_gmt":"2023-03-27T18:55:34","slug":"los-haitises-national-park-from-sabana-de-la-mar-hiking-2-hours","status":"publish","type":"product","link":"https:\/\/www.boattoursamana.com\/hu\/tura\/los-haitises-nemzeti-park-sabana-de-la-mar-tol-2-oras-turazas","title":{"rendered":"Priv\u00e1t haj\u00f3kir\u00e1ndul\u00e1s \u00e9s 2 \u00f3r\u00e1s t\u00far\u00e1z\u00e1s a Los Haitises es\u0151erd\u0151j\u00e9ben"},"content":{"rendered":"<div class=\"vc_row wpb_row vc_row-fluid\" ><div class=\"wpb_column vc_column_container vc_col-sm-12\"><div class=\"vc_column-inner\"><div class=\"wpb_wrapper\"><div class=\"vc_btn3-container vc_btn3-inline\" ><button class=\"vc_general vc_btn3 vc_btn3-size-md vc_btn3-shape-rounded vc_btn3-style-modern vc_btn3-color-green\">FOGLALD LE MOST<\/button><\/div><div class=\"mkdf-section-title-holder\" style=\"text-align: left\">\n\t<div class=\"mkdf-st-inner\">\n\t\t\t\t\t<h5 class=\"mkdf-st-subtitle\" >\n\t\t\t\tP\u00e1r\u00e1s erd\u0151 + norm\u00e1l kir\u00e1ndul\u00e1s a barlangokhoz\t\t\t<\/h5>\n\t\t\t\t\t\t\t<h3 class=\"mkdf-st-title\" >\n\t\t\t\tLos Haitises Nemzeti Park - Sabana de la Mart\u00f3l + 2 \u00f3r\u00e1s t\u00far\u00e1z\u00e1s\t\t\t<\/h3>\n\t\t\t\t\t<\/div>\n<\/div><\/div><\/div><\/div><\/div><div class=\"vc_row wpb_row vc_row-fluid\" ><div class=\"wpb_column vc_column_container vc_col-sm-12\"><div class=\"vc_column-inner\"><div class=\"wpb_wrapper\">\n\t<div class=\"wpb_text_column wpb_content_element\" >\n\t\t<div class=\"wpb_wrapper\">\n\t\t\t<h4><b><i><span style=\"vertical-align: inherit;\"><span style=\"vertical-align: inherit;\">Visi\u00f3n general <\/span><\/span><\/i><\/b><\/h4>\n<p>\u00c9lvezze a k\u00e9t \u00f3r\u00e1s t\u00far\u00e1z\u00e1st a Haitises Nemzeti Park erdej\u00e9ben. Ismerje meg a gy\u00f3gyn\u00f6v\u00e9nyeket, \u00e9s l\u00e1togasson el a helyiek helyeire. L\u00e1togat\u00e1s ut\u00e1n <strong>Los Haitises Nemzeti Park<\/strong> t\u00f3l t\u0151l <strong>Sabana de la Mar<\/strong> vagy <strong>Ca\u00f1o Hondo sz\u00e1llod\u00e1i<\/strong> a helyiekkel.<\/p>\n<p>A haj\u00f3kir\u00e1ndul\u00e1s ut\u00e1n t\u00far\u00e1zni fogunk. Norm\u00e1l priv\u00e1t kir\u00e1ndul\u00e1s a Los Haitises Nemzeti Parkba. Gyere vel\u00fcnk, \u00e9s l\u00e1togasd meg a Dominikai K\u00f6zt\u00e1rsas\u00e1g legszebb nemzeti parkj\u00e1t, a Mangrove-kat, a 3 barlangot \u00e9s a San Lorenzo-\u00f6bl\u00f6t. Ez az \u00e9lm\u00e9ny abb\u00f3l indulhat ki, hogy a Sabana de la Mar k\u00f6z\u00f6ss\u00e9g megismeri Sabana de la Mar t\u00f6rt\u00e9net\u00e9t.<\/p>\n<ul>\n<li>2 \u00f3r\u00e1s t\u00far\u00e1z\u00e1s az erd\u0151ben<\/li>\n<li>Sabana de la Mar t\u00f6rt\u00e9nete<\/li>\n<li style=\"font-weight: 400;\">A d\u00edjak benne vannak<\/li>\n<li style=\"font-weight: 400;\"><span style=\"font-weight: 400;\">Az \u00fatmutat\u00f3 oktat\u00e1st \u00e9s fel\u00fcgyeletet biztos\u00edt<\/span><\/li>\n<li>Az eb\u00e9d nem tartalmazza a Cano Hondo eb\u00e9dj\u00e9t. V\u00e1lassza ezt a t\u00far\u00e1t: <a href=\"https:\/\/www.boattoursamana.com\/hu\/tura\/los-haitises-nemzeti-parkban-ebed-a-cano-hondoban-sabana-de-la-marbol\/\">Los Haitises Plus Cano Hondo.<\/a><\/li>\n<\/ul>\n<p>&nbsp;<\/p>\n<h4><b>Befoglal\u00e1sok \u00e9s kiz\u00e1r\u00e1sok<\/b><\/h4>\n<p>&nbsp;<\/p>\n<p><b>Z\u00e1rv\u00e1nyok<\/b><\/p>\n<ol>\n<li style=\"font-weight: 400;\">Los Haitises t\u00fara + barlangok \u00e9s piktogramok<\/li>\n<li style=\"font-weight: 400;\"><span style=\"font-weight: 400;\">Minden ad\u00f3, d\u00edj \u00e9s kezel\u00e9si k\u00f6lts\u00e9g<\/span><\/li>\n<li style=\"font-weight: 400;\"><span style=\"font-weight: 400;\">Helyi ad\u00f3k<\/span><\/li>\n<li style=\"font-weight: 400;\"><span style=\"font-weight: 400;\">Minden tev\u00e9kenys\u00e9g<\/span><\/li>\n<li style=\"font-weight: 400;\"><span style=\"font-weight: 400;\">Helyi idegenvezet\u0151<\/span><\/li>\n<\/ol>\n<p><b> Kiz\u00e1r\u00e1sok<\/b><\/p>\n<ol>\n<li style=\"font-weight: 400;\"><span style=\"font-weight: 400;\">h\u00e1lap\u00e9nz<\/span><\/li>\n<li>Az eb\u00e9d nem tartalmazza a Cano Hondo eb\u00e9dj\u00e9t. V\u00e1lassza ezt a t\u00far\u00e1t: <a href=\"https:\/\/www.boattoursamana.com\/hu\/tura\/los-haitises-nemzeti-parkban-ebed-a-cano-hondoban-sabana-de-la-marbol\/\">Los Haitises Plus Cano Hondo.<\/a><\/li>\n<li style=\"font-weight: 400;\"><span style=\"font-weight: 400;\">\u00c1truh\u00e1z\u00e1s<\/span><\/li>\n<li style=\"font-weight: 400;\"><span style=\"font-weight: 400;\">Alkoholos italok<\/span><\/li>\n<\/ol>\n<p>&nbsp;<\/p>\n<h4><em><strong>Indul\u00e1s \u00e9s vissza\u00fat<\/strong><\/em><\/h4>\n<p><span style=\"font-weight: 400;\">A Foglal\u00e1si folyamat ut\u00e1n az utaz\u00f3 tal\u00e1lkoz\u00e1si pontot kap. A t\u00far\u00e1k tal\u00e1lkoz\u00e1si pontjainkon indulnak \u00e9s fejez\u0151dnek be.<\/span><\/p>\n<p>&nbsp;<\/p>\n<h4><b><i>Mi v\u00e1rhat\u00f3?<\/i><\/b><\/h4>\n<p>&nbsp;<\/p>\n<p><em><strong>Vedd meg a jegyeidet<\/strong><\/em> a Los Haitises Nemzeti Park barlangjaival, mangroveival \u00e9s a San Lorenzo-\u00f6b\u00f6lre l\u00e1togat\u00f3 k\u00e9t \u00f3r\u00e1s t\u00far\u00e1z\u00e1s ut\u00e1n a Los Haitises Nemzeti Park p\u00e1r\u00e1s erdej\u00e9ben.<\/p>\n<p><strong>Los Haitises Nemzeti Park<\/strong> t\u00f3l t\u0151l <strong>Sabana de la Mar<\/strong> vagy <strong>Sz\u00e1ll\u00e1sok itt: Ca\u00d1o Hondo<\/strong> a helyiekkel. Az utaz\u00e1s a Haitises Nemzeti Park f\u0151kik\u00f6t\u0151j\u00e9b\u0151l indul. Ez az utaz\u00e1s 10:00-kor kezd\u0151dik egy helyi idegenvezet\u0151vel, aki ismeri a gy\u00f6ny\u00f6r\u0171 Nemzeti Park eredeti t\u00f6rt\u00e9net\u00e9t.<\/p>\n<p>Miut\u00e1n elindulunk a Los Haitises Nemzeti Park f\u0151kik\u00f6t\u0151j\u00e9b\u0151l, a neve Ca\u00f1o Hondo (Deep Creek) ment\u0151mell\u00e9nyes HAJ\u00d3N. \u00c9lvezz\u00fck a Red Mangroves erd\u0151t, am\u00edg meg\u00e9rkez\u00fcnk a San Lorenzo-\u00f6b\u00f6lbe. Kis \u00f6b\u00f6l a Saman\u00e1-\u00f6b\u00f6lbe. \u00c9s k\u00e9sz is van! Az els\u0151 csod\u00e1latos dolog, amit l\u00e1that, az a hatalmas m\u00e9szk\u0151gy\u0171jtem\u00e9ny, a Mogotes nev\u0171 hegyi sziget. rajtuk t\u00f6bb mint 700 n\u00f6v\u00e9nyfaj \u00e9s sok vizes \u00e9l\u0151hely mad\u00e1r rep\u00fcl. K\u00e9s\u0151bb barlangl\u00e1togat\u00e1s bennsz\u00fcl\u00f6tt k\u00f6z\u00f6ss\u00e9geink piktogramjaival 750 \u00e9vvel ezel\u0151tt.<\/p>\n<p>A ny\u00edlt San Lorenzo-\u00f6b\u00f6lben tal\u00e1lhat\u00f3 mangrove- \u00e9s Land-on kereszt\u00fcl, ahonnan fot\u00f3zhatja a zord erdei t\u00e1jat. N\u00e9zzen a v\u00edzre, hogy \u00e9szrevegye <em><strong>Lamantinok<\/strong><\/em>, r\u00e1kf\u00e9l\u00e9k \u00e9s <em><strong>delfinek.<\/strong><\/em><\/p>\n<div class=\"body-description secondary\">\n<p>A nemzeti park neve eredeti lak\u00f3ir\u00f3l, a taino indi\u00e1nokr\u00f3l sz\u00e1rmazik. Nyelv\u00fck\u00f6n a \u201ehaitisek\u201d felf\u00f6ldet vagy dombokat jelentenek, utalva a partvonal meredek geol\u00f3giai k\u00e9pz\u0151dm\u00e9nyeire, m\u00e9szk\u00f6vekkel. Menjen m\u00e9lyebbre a parkban, \u00e9s fedezze fel a barlangokat, p\u00e9ld\u00e1ul a <em><strong>Cueva de la Arena<\/strong><\/em> \u00e9s <strong><em>Cueva de la L\u00ednea.<\/em><\/strong> A rezerv\u00e1tumban l\u00e9v\u0151 barlangokat a taino indi\u00e1nok, majd k\u00e9s\u0151bb a kal\u00f3zok rejt\u0151zk\u00f6d\u0151k\u00e9nt haszn\u00e1lt\u00e1k. Keresse az indi\u00e1nok rajzait, amelyek d\u00edsz\u00edtik n\u00e9h\u00e1ny falat. A Los Haitises Nemzeti Park megl\u00e1togat\u00e1sa ut\u00e1n a Humid erd\u0151be megy\u00fcnk 2 \u00f3r\u00e1s t\u00far\u00e1z\u00e1sra, majd visszat\u00e9r\u00fcnk oda, ahonnan utunk indult.<\/p>\n<\/div>\n<p>&nbsp;<\/p>\n<h4><em><strong>Mit kell vinni?<\/strong><\/em><\/h4>\n<ul>\n<li style=\"font-weight: 400;\"><span style=\"font-weight: 400;\">Kamera<\/span><\/li>\n<li style=\"font-weight: 400;\"><span style=\"font-weight: 400;\">Riaszt\u00f3 bimb\u00f3k<\/span><\/li>\n<li style=\"font-weight: 400;\"><span style=\"font-weight: 400;\">naptej<\/span><\/li>\n<li style=\"font-weight: 400;\"><span style=\"font-weight: 400;\">Kalap<\/span><\/li>\n<li style=\"font-weight: 400;\"><span style=\"font-weight: 400;\">K\u00e9nyelmes nadr\u00e1g<\/span><\/li>\n<li style=\"font-weight: 400;\"><span style=\"font-weight: 400;\">Erdei t\u00faracip\u0151<\/span><\/li>\n<li style=\"font-weight: 400;\"><span style=\"font-weight: 400;\">Szand\u00e1lok a tavaszi ter\u00fcletekre.<\/span><\/li>\n<li style=\"font-weight: 400;\"><span style=\"font-weight: 400;\">\u00dasz\u00f3ruha<\/span><\/li>\n<\/ul>\n<p>&nbsp;<\/p>\n<h4><b><i>Sz\u00e1llodai \u00e1tv\u00e9tel <\/i><\/b><\/h4>\n<p><span style=\"font-weight: 400;\">Sz\u00e1llodai transzfert k\u00edn\u00e1lnak, ha \u00d6n bent van <a href=\"https:\/\/www.boattoursamana.com\/hu\/tura\/los-haitises-nemzeti-parkban-ebed-a-cano-hondoban-sabana-de-la-marbol\/\">Paraiso Cano Hondo<\/a> vagy <a href=\"https:\/\/www.boattoursamana.com\/hu\/tura\/los-haitises-nemzeti-parkban-ebed-a-cano-hondoban-sabana-de-la-marbol\/\">Altos Cano Hondo Hotel<\/a>. Tal\u00e1lkoz\u00e1si pontunk 5 percnyi s\u00e9t\u00e1ra van ezekt\u0151l a sz\u00e1llod\u00e1kt\u00f3l.<\/span><\/p>\n<p>&nbsp;<\/p>\n<p><b>Jegyzet:<\/b><span style=\"font-weight: 400;\"> Ha a t\u00fara\/kir\u00e1ndul\u00e1s indul\u00e1si id\u0151pontj\u00e1t\u00f3l sz\u00e1m\u00edtott 24 \u00f3r\u00e1n bel\u00fcl foglal, fel\u00e1r ellen\u00e9ben meg tudjuk szervezni a sz\u00e1llodai \u00e1tv\u00e9telt, ha nem a Cano Hondo sz\u00e1llod\u00e1kban tart\u00f3zkodik. Amint a v\u00e1s\u00e1rl\u00e1s befejez\u0151d\u00f6tt, elk\u00fcldj\u00fck \u00d6nnek a helyi idegenvezet\u0151nk teljes el\u00e9rhet\u0151s\u00e9gi adatait (telefonsz\u00e1m, e-mail c\u00edm stb.), hogy megszervezhess\u00fck az \u00e1tv\u00e9tel megszervez\u00e9s\u00e9t.<\/span><\/p>\n<h4><b><i>Tov\u00e1bbi inform\u00e1ci\u00f3k meger\u0151s\u00edt\u00e9se <\/i><\/b><\/h4>\n<ol>\n<li>A jegyek a t\u00fara befizet\u00e9s\u00e9t k\u00f6vet\u0151 nyugt\u00e1k. A fizet\u00e9st a telefonon tudod megjelen\u00edteni.<\/li>\n<li style=\"font-weight: 400;\"><span style=\"font-weight: 400;\">A tal\u00e1lkoz\u00e1si pontot a foglal\u00e1si folyamat ut\u00e1n veszik \u00e1t.<\/span><\/li>\n<li style=\"font-weight: 400;\"><span style=\"font-weight: 400;\">A gyermekeket feln\u0151tt k\u00eds\u00e9ret\u00e9ben kell biztos\u00edtani.<\/span><\/li>\n<li style=\"font-weight: 400;\"><span style=\"font-weight: 400;\"> Kerekessz\u00e9kkel nem megk\u00f6zel\u00edthet\u0151 <\/span><\/li>\n<li style=\"font-weight: 400;\"><span style=\"font-weight: 400;\">A csecsem\u0151knek \u00f6lben kell \u00fclni\u00fck <\/span><\/li>\n<li style=\"font-weight: 400;\"><span style=\"font-weight: 400;\">H\u00e1tprobl\u00e9m\u00e1kkal k\u00fczd\u0151 utaz\u00f3knak nem aj\u00e1nlott<\/span><\/li>\n<li style=\"font-weight: 400;\"><span style=\"font-weight: 400;\">Terhes utaz\u00f3knak nem aj\u00e1nlott <\/span><\/li>\n<li style=\"font-weight: 400;\"><span style=\"font-weight: 400;\"> Nincsenek sz\u00edvprobl\u00e9m\u00e1k vagy egy\u00e9b s\u00falyos eg\u00e9szs\u00e9g\u00fcgyi \u00e1llapotok <\/span><\/li>\n<li style=\"font-weight: 400;\"><span style=\"font-weight: 400;\">A legt\u00f6bb utaz\u00f3 r\u00e9szt vehet<\/span><\/li>\n<\/ol>\n<h4><b><i>Lemond\u00e1si felt\u00e9telek<\/i><\/b><\/h4>\n<p>A teljes visszat\u00e9r\u00edt\u00e9s\u00e9rt k\u00e9rj\u00fck, olvassa el lemond\u00e1si szab\u00e1lyzatunkat\u00a0<a href=\"https:\/\/www.boattoursamana.com\/hu\/online-foglalas\/\" target=\"_blank\" rel=\"noopener\" data-saferedirecturl=\"https:\/\/www.google.com\/url?q=https:\/\/www.boattoursamana.com\/online-booking\/&amp;source=gmail&amp;ust=1672529771100000&amp;usg=AOvVaw2NIGJBZ0qjB5RhPUl5Obc7\">Kattints ide<\/a>. Az \u00f6sszeg elveszik, ha a foglal\u00e1st az utaz\u00e1s napj\u00e1n lemondj\u00e1k.<\/p>\n\n\t\t<\/div>\n\t<\/div>\n<div class=\"vc_btn3-container vc_btn3-inline\" ><button class=\"vc_general vc_btn3 vc_btn3-size-md vc_btn3-shape-rounded vc_btn3-style-modern vc_btn3-color-green\">FOGLALD LE MOST<\/button><\/div><\/div><\/div><\/div><\/div><div class=\"vc_row wpb_row vc_row-fluid\" ><div class=\"wpb_column vc_column_container vc_col-sm-12\"><div class=\"vc_column-inner\"><div class=\"wpb_wrapper\"><div class=\"vc_empty_space\"   style=\"height: 32px\"><span class=\"vc_empty_space_inner\"><\/span><\/div>\n\t<div class=\"wpb_video_widget wpb_content_element vc_clearfix   vc_video-aspect-ratio-169 vc_video-el-width-100 vc_video-align-left\" >\n\t\t<div class=\"wpb_wrapper\">\n\t\t\t\n\t\t\t<div class=\"wpb_video_wrapper\"><iframe loading=\"lazy\" title=\"Los Haitises Nemzeti Park, t\u00far\u00e1k \u00e9s kir\u00e1ndul\u00e1sok Saman\u00e1b\u00f3l vagy Sabana de la Marb\u00f3l. Foglaljon itt:\" src=\"https:\/\/player.vimeo.com\/video\/346508015?dnt=1&amp;app_id=122963\" width=\"1100\" height=\"619\" frameborder=\"0\" allow=\"autoplay; fullscreen\" allowfullscreen><\/iframe><\/div>\n\t\t<\/div>\n\t<\/div>\n<\/div><\/div><\/div><\/div><div class=\"vc_row wpb_row vc_row-fluid\" ><div class=\"wpb_column vc_column_container vc_col-sm-12\"><div class=\"vc_column-inner\"><div class=\"wpb_wrapper\"><div class=\"vc_empty_space\"   style=\"height: 32px\"><span class=\"vc_empty_space_inner\"><\/span><\/div>\n\t<div class=\"wpb_text_column wpb_content_element\" >\n\t\t<div class=\"wpb_wrapper\">\n\t\t\t<h4>L\u00e9pjen kapcsolatba vel\u00fcnk?<\/h4>\n<h5>Kalandok foglal\u00e1sa<\/h5>\n<p><em><strong>Helyiek<\/strong>\u00a0\u00e9s\u00a0<strong>Nemzetiek<\/strong>\u00a0Idegenvezet\u0151k \u00e9s vend\u00e9gszolg\u00e1ltat\u00e1sok<\/em><\/p>\n<p><span class=\"text-turquoise\">Foglal\u00e1sok:<\/span>\u00a0T\u00far\u00e1k \u00e9s kir\u00e1ndul\u00e1sok Dom. Ism\u00e9tl\u00e9s.<\/p>\n<p><img decoding=\"async\" class=\"emoji\" draggable=\"false\" src=\"https:\/\/s.w.org\/images\/core\/emoji\/11.2.0\/svg\/1f4de.svg\" alt=\"\ud83d\udcde\" title=\"\">\u00a0Tel \/ Whatsapp\u00a0\u00a0<a href=\"tel:+1-809-720-6035\">+1-809-720-6035<\/a>.<\/p>\n<p><img decoding=\"async\" class=\"emoji\" draggable=\"false\" src=\"https:\/\/s.w.org\/images\/core\/emoji\/11.2.0\/svg\/1f4e9.svg\" alt=\"\ud83d\udce9\" title=\"\">\u00a0<a href=\"mailto:info@bookingadventures.com.do\">info@bookingadventures.com.do<\/a><\/p>\n<p><strong>Rugalmasan \u00e1ll\u00edtjuk be a Whatsapp priv\u00e1t t\u00far\u00e1it:\u00a0<a href=\"tel:+18097206035\">+18097206035.<\/a><\/strong><\/p>\n\n\t\t<\/div>\n\t<\/div>\n<div class=\"vc_empty_space\"   style=\"height: 32px\"><span class=\"vc_empty_space_inner\"><\/span><\/div><\/div><\/div><\/div><\/div><div class=\"vc_row wpb_row vc_row-fluid\" ><div class=\"wpb_column vc_column_container vc_col-sm-12\"><div class=\"vc_column-inner\"><div class=\"wpb_wrapper\"><div class=\"vc_btn3-container vc_btn3-inline\" ><button class=\"vc_general vc_btn3 vc_btn3-size-md vc_btn3-shape-rounded vc_btn3-style-modern vc_btn3-color-green\">FOGLALD LE MOST<\/button><\/div><\/div><\/div><\/div><\/div>","protected":false},"excerpt":{"rendered":"<p><span style=\"vertical-align: inherit;\"><span style=\"vertical-align: inherit;\">\u00a1Y aqu\u00ed vamos! <\/span><span style=\"vertical-align: inherit;\">Lo primero que puedes ver es la enorme colecci\u00f3n de isla monta\u00f1osa de piedra caliza llamada Mogotes. <\/span><span style=\"vertical-align: inherit;\">encima de ellos m\u00e1s de 700 especies de plantas y muchas aves de los humedales que vuelan alrededor. <\/span><span style=\"vertical-align: inherit;\">Posteriormente Visitando Cuevas con pictograf\u00edas de nuestras comunidades ind\u00edgenas hace 750 a\u00f1os.<\/span><\/span><\/p>\n<p><span style=\"vertical-align: inherit;\"><span style=\"vertical-align: inherit;\">Adem\u00e1s, este viaje muestra que son los lugares m\u00e1s fontoses para visitar en el Parque Nacional Haitises. <\/span><span style=\"vertical-align: inherit;\">Las dos cuevas m\u00e1s visitadas son Line Cave y Sand Cave. <\/span><span style=\"vertical-align: inherit;\">Luego de unas horas visitando este hermoso Parque Nacional con rumbo al bosque h\u00famedo del Parque Nacional Los Haitises, luego de 2 horas de caminata, regresamos al lugar desde donde comenzamos nuestra excursi\u00f3n. <\/span><span style=\"vertical-align: inherit;\">Obtenga sus boletos aqu\u00ed y mu\u00e9vase con los lugare\u00f1os que conocen la historia del Parque Nacional Haitises.<\/span><\/span><\/p>\n<p>&nbsp;<\/p>\n<p><strong><span style=\"vertical-align: inherit;\"><span style=\"vertical-align: inherit;\">Selectione la fecha para el tour\u00a0<\/span><\/span><\/strong><\/p>","protected":false},"featured_media":8192,"template":"","meta":[],"product_cat":[254,946,928,927,255],"product_tag":[584,172,176,174,173,180,571,177,171,580,603,320,499,212,175,181],"class_list":["post-8858","product","type-product","status-publish","has-post-thumbnail","hentry","product_cat-tours-excursions-los-haitises-national-park","product_cat-1-sabana-de-la-mar","product_cat-boat-trip-los-haitises","product_cat-hiking-los-haitises","product_cat-tours-excursions-samana-bay-dominican-republic","product_tag-birding-in-los-haitises","product_tag-boat-tour","product_tag-cano-hondo","product_tag-eco-tours","product_tag-excursion","product_tag-hiking","product_tag-hiking-los-haitises","product_tag-locals-guides","product_tag-los-haitises","product_tag-los-haitises-excursions","product_tag-los-haitises-from-samana","product_tag-los-haitises-national-park-tour","product_tag-los-haitises-sabana-de-la-mar","product_tag-mangroves-los-haitises","product_tag-sabana-de-la-mar","product_tag-trails"],"_links":{"self":[{"href":"https:\/\/www.boattoursamana.com\/hu\/wp-json\/wp\/v2\/product\/8858","targetHints":{"allow":["GET"]}}],"collection":[{"href":"https:\/\/www.boattoursamana.com\/hu\/wp-json\/wp\/v2\/product"}],"about":[{"href":"https:\/\/www.boattoursamana.com\/hu\/wp-json\/wp\/v2\/types\/product"}],"wp:featuredmedia":[{"embeddable":true,"href":"https:\/\/www.boattoursamana.com\/hu\/wp-json\/wp\/v2\/media\/8192"}],"wp:attachment":[{"href":"https:\/\/www.boattoursamana.com\/hu\/wp-json\/wp\/v2\/media?parent=8858"}],"wp:term":[{"taxonomy":"product_cat","embeddable":true,"href":"https:\/\/www.boattoursamana.com\/hu\/wp-json\/wp\/v2\/product_cat?post=8858"},{"taxonomy":"product_tag","embeddable":true,"href":"https:\/\/www.boattoursamana.com\/hu\/wp-json\/wp\/v2\/product_tag?post=8858"}],"curies":[{"name":"wp","href":"https:\/\/api.w.org\/{rel}","templated":true}]}}