{"id":9463,"date":"2019-09-25T10:00:51","date_gmt":"2019-09-25T10:00:51","guid":{"rendered":"https:\/\/www.ticketswhales.com\/?post_type=product&#038;p=9463"},"modified":"2023-11-10T17:46:17","modified_gmt":"2023-11-10T17:46:17","slug":"miches-whales-watching-half-day-experience-media-luna-half-moon","status":"publish","type":"product","link":"https:\/\/www.boattoursamana.com\/hu\/tura\/miches-balnak-nez-felnapos-elmeny-media-luna-felhold","title":{"rendered":"Miches b\u00e1ln\u00e1k f\u00e9lnapos \u00e9lm\u00e9nyben \u2013 Media Luna (Half-Moon)."},"content":{"rendered":"<div class=\"vc_row wpb_row vc_row-fluid\" ><div class=\"wpb_column vc_column_container vc_col-sm-12\"><div class=\"vc_column-inner\"><div class=\"wpb_wrapper\"><div class=\"vc_btn3-container vc_btn3-inline\" ><button class=\"vc_general vc_btn3 vc_btn3-size-md vc_btn3-shape-rounded vc_btn3-style-modern vc_btn3-color-green\">FOGLALD LE MOST<\/button><\/div><div class=\"mkdf-section-title-holder\" style=\"text-align: left\">\n\t<div class=\"mkdf-st-inner\">\n\t\t\t\t\t<h5 class=\"mkdf-st-subtitle\" >\n\t\t\t\tMedia Luna (Half-Moon) tartalmazza.\t\t\t<\/h5>\n\t\t\t\t\t\t\t<h3 class=\"mkdf-st-title\" >\n\t\t\t\tMiches b\u00e1ln\u00e1k f\u00e9lnapos \u00e9lm\u00e9nyben\t\t\t<\/h3>\n\t\t\t\t\t<\/div>\n<\/div><div class=\"vc_empty_space\"   style=\"height: 32px\"><span class=\"vc_empty_space_inner\"><\/span><\/div>\n\t<div class=\"wpb_text_column wpb_content_element\" >\n\t\t<div class=\"wpb_wrapper\">\n\t\t\t<div class=\"vc_row wpb_row vc_row-fluid\">\n<div class=\"wpb_column vc_column_container vc_col-sm-12\">\n<div class=\"vc_column-inner\">\n<div class=\"wpb_wrapper\">\n<div class=\"mkdf-section-title-holder\">\n<div class=\"mkdf-st-inner\">\n<h5 class=\"mkdf-st-subtitle\">Media Luna (Half-Moon) tartalmazza.<\/h5>\n<h3 class=\"mkdf-st-title\">Miches b\u00e1ln\u00e1k f\u00e9lnapos \u00e9lm\u00e9nyben<\/h3>\n<\/div>\n<\/div>\n<\/div>\n<\/div>\n<\/div>\n<\/div>\n<div class=\"vc_row wpb_row vc_row-fluid\"><\/div>\n<div class=\"wpb_column vc_column_container vc_col-sm-12\">\n<div class=\"vc_column-inner\">\n<div class=\"wpb_wrapper\"><\/div>\n<\/div>\n<\/div>\n<div class=\"wpb_text_column wpb_content_element\">\n<div class=\"wpb_wrapper\"><\/div>\n<\/div>\n<div class=\"vc_row wpb_row vc_row-fluid\">\n<div class=\"wpb_column vc_column_container vc_col-sm-12\">\n<div class=\"vc_column-inner\">\n<div class=\"wpb_wrapper\">\n<div class=\"wpb_text_column wpb_content_element\">\n<div class=\"wpb_wrapper\">\n<div class=\"vc_row wpb_row vc_row-fluid\">\n<div class=\"wpb_column vc_column_container vc_col-sm-12\">\n<div class=\"vc_column-inner\">\n<div class=\"wpb_wrapper\">\n<div class=\"wpb_text_column wpb_content_element\">\n<div class=\"wpb_wrapper\">\n<h4><a id=\"overview\" class=\"aal_anchor\" href=\"https:\/\/bookingadventures.com.do\/be\/dominicantour\/miches-whales-watching-half-day-experience-media-luna-half-moon\/#overview\" aria-hidden=\"true\" rel=\"noopener\"><\/a><b><i>\u00c1ttekint\u00e9s \ud83d\udc33<\/i><\/b><\/h4>\n<p>Haj\u00f3nk megszak\u00edt\u00e1sa, hogy megl\u00e1togassuk a Humpbacks B\u00e1ln\u00e1kat saj\u00e1t \u00e9l\u0151hely\u00fck\u00f6n. Ez az \u00e9lm\u00e9ny mag\u00e1ban foglalja a term\u00e9szetes \u00fasz\u00f3medenc\u00e9t tengeri csillagoknak \u00e9s halaknak. A term\u00e9szetes medenc\u00e9kben szabadt\u00fcd\u0151s mer\u00fcl\u00e9st hozhatnak magukkal.<strong>\u00a0Jegyzet:<\/strong>\u00a0Nem b\u00e1ln\u00e1kkal val\u00f3 \u00fasz\u00e1shoz. N\u00e9zz\u00fck, hogy kapit\u00e1nyainkat arra k\u00e9pezt\u00e9k ki, hogy biztosan l\u00e1ssanak b\u00e1ln\u00e1kat.<\/p>\n<p>Reggel 9:00-13:00 \u00f3r\u00e1ig. B\u00e1lnales obszervat\u00f3rium \u00e9s A Whale Whatchig utaz\u00e1s ut\u00e1n visszat\u00e9r\u00fcnk Miches Portba.<\/p>\n<p><strong>Jegyzet:<\/strong>\u00a0Ez a t\u00fara nem priv\u00e1t. Ha priv\u00e1t t\u00far\u00e1t szeretne be\u00e1ll\u00edtani, l\u00e9pjen kapcsolatba vel\u00fcnk!<\/p>\n<ul>\n<li>B\u00e1lnales\u0151 kir\u00e1ndul\u00e1s<\/li>\n<li>Term\u00e9szetes \u00fasz\u00f3medence csillaghal n\u00e9z\u00e9shez<\/li>\n<li>Haj\u00f3 katamar\u00e1n transzfer<\/li>\n<li>A kapit\u00e1ny utas\u00edt\u00e1st \u00e9s fel\u00fcgyeletet biztos\u00edt<\/li>\n<li>Idegenvezet\u0151<\/li>\n<\/ul>\n<p>&nbsp;<\/p>\n<h4><a id=\"inclusions-exclusions\" class=\"aal_anchor\" href=\"https:\/\/bookingadventures.com.do\/be\/dominicantour\/miches-whales-watching-half-day-experience-media-luna-half-moon\/#inclusions-exclusions\" aria-hidden=\"true\" rel=\"noopener\"><\/a><b>Befoglal\u00e1sok \u00e9s kiz\u00e1r\u00e1sok<\/b><\/h4>\n<p>&nbsp;<\/p>\n<p><b>Z\u00e1rv\u00e1nyok<\/b><\/p>\n<ol>\n<li>Idegenvezet\u0151<\/li>\n<li>Katamar\u00e1n vagy haj\u00f3kir\u00e1ndul\u00e1s<\/li>\n<li>Minden ad\u00f3, d\u00edj \u00e9s kezel\u00e9si k\u00f6lts\u00e9g<\/li>\n<li>Helyi ad\u00f3k<\/li>\n<li>Italok<\/li>\n<li>Dramamine tablett\u00e1k (opcion\u00e1lis)<\/li>\n<li>Bel\u00e9p\u0151d\u00edjak a Szent\u00e9lybe. (Kark\u00f6t\u0151)<\/li>\n<\/ol>\n<p><b>Kiz\u00e1r\u00e1sok<\/b><\/p>\n<ol>\n<li>h\u00e1lap\u00e9nz<\/li>\n<li>Transzfer aut\u00f3<\/li>\n<li>Alkoholos italok<\/li>\n<\/ol>\n<p>&nbsp;<\/p>\n<h4><a id=\"departure-return\" class=\"aal_anchor\" href=\"https:\/\/bookingadventures.com.do\/be\/dominicantour\/miches-whales-watching-half-day-experience-media-luna-half-moon\/#departure-return\" aria-hidden=\"true\" rel=\"noopener\"><\/a><em><strong>Indul\u00e1s \u00e9s vissza\u00fat<\/strong><\/em><\/h4>\n<p>A Foglal\u00e1si folyamat ut\u00e1n az utaz\u00f3 tal\u00e1lkoz\u00e1si pontot kap. A t\u00far\u00e1k tal\u00e1lkoz\u00e1si pontjainkon indulnak \u00e9s fejez\u0151dnek be.<\/p>\n<h3><a id=\"miches-whales-watching-half-day-experience-media-luna-half-moon\" class=\"aal_anchor\" href=\"https:\/\/bookingadventures.com.do\/be\/dominicantour\/miches-whales-watching-half-day-experience-media-luna-half-moon\/#miches-whales-watching-half-day-experience-media-luna-half-moon\" aria-hidden=\"true\" rel=\"noopener\"><\/a>Miches b\u00e1ln\u00e1k f\u00e9lnapos \u00e9lm\u00e9nyben \u2013 Media Luna (Half-Moon).<\/h3>\n<h4><a id=\"what-to-expect\" class=\"aal_anchor\" href=\"https:\/\/bookingadventures.com.do\/be\/dominicantour\/miches-whales-watching-half-day-experience-media-luna-half-moon\/#what-to-expect\" aria-hidden=\"true\" rel=\"noopener\"><\/a><b><i>Mi v\u00e1rhat\u00f3?<\/i><\/b><\/h4>\n<p>&nbsp;<\/p>\n<p><em><strong>Vedd meg a jegyeidet<\/strong><\/em>\u00a0f\u00e9lnapos kir\u00e1ndul\u00e1sra B\u00e1lnales\u0151 t\u00fara a Saman\u00e1-\u00f6b\u00f6lben Michest\u0151l indulva.<\/p>\n<p>A \u201eBooking Adventures\u201d \u00e1ltal szervezett f\u00e9lnapos b\u00e1lnales az idegenvezet\u0151vel megjel\u00f6lt tal\u00e1lkoz\u00e1si pontt\u00f3l indul. Ez az utaz\u00e1s megl\u00e1togatja a Media Lun\u00e1t (F\u00e9lhold). Eb\u00e9d a tengerparton van\u00a0<strong>nem<\/strong>\u00a0vegyen r\u00e9szt ebben a t\u00far\u00e1ban.<\/p>\n<p><strong>Mi az a Media Luna?<\/strong><\/p>\n<p>Ez egy olyan hely, ahol a v\u00edzszint f\u00fcgg az \u00e1rap\u00e1ly vagy a tenger\u00e1ramlatok horizontj\u00e1t\u00f3l, ami magasan m\u00e9ly\u00fcl, alacsonyan pedig cs\u00f6kken a medence \u00e1raml\u00e1sa. Elrejtetts\u00e9ge \u00e9s hozz\u00e1f\u00e9r\u00e9se a tengert\u0151l var\u00e1zslatos \u00e9s sz\u0171zies helly\u00e9 teszi azok sz\u00e1m\u00e1ra, akik nem akarnak elmenni. Itt nincsenek f\u00e1k, amelyek megv\u00e9den\u00e9k a napf\u00e9nyt, de a v\u00edz hideg a k\u00f6rny\u00e9ken a b\u00f6lcs\u0151 vagy ringat\u00f3 passz\u00e1tszelek miatt.<\/p>\n<p>\u00d6sszefoglalva, ez egy term\u00e9szetes lag\u00fana az Atlanti-\u00f3ce\u00e1nban, amely nev\u00e9t annak k\u00f6sz\u00f6nheti, hogy fel\u00fclr\u0151l megfigyelve f\u00e9lholdra hasonl\u00edt. A helyiek Cayo de la Media Luna-nak is nevezik, korallz\u00e1tonyok \u00e9s feh\u00e9r homok alkotja, ahol krist\u00e1lyos v\u00edz mindenhol megt\u00f6ri a term\u00e9szetes hull\u00e1mokat, amelyek megnyugtatj\u00e1k a viz\u00e9t. Ha az ap\u00e1ly stabil, a m\u00e9lys\u00e9ge nem haladja meg a h\u00e1rom m\u00e9tert, \u00edgy a gyerekek \u00e9s a feln\u0151ttek \u00e9lvezhetik ezt a s\u00f3s viz\u0171 mennyei helyet.<\/p>\n<p>&nbsp;<\/p>\n<p><strong>Menetrend:<\/strong><\/p>\n<p>8:45 \u00e9s 12:30 k\u00f6z\u00f6tt<\/p>\n<p>&nbsp;<\/p>\n<\/div>\n<p>Az id\u0151 att\u00f3l f\u00fcgg, hogy h\u00e1ny b\u00e1ln\u00e1t l\u00e1tunk.<\/p>\n<div class=\"wpb_wrapper\">\n<p>&nbsp;<\/p>\n<h4><a id=\"what-you-should-bring\" class=\"aal_anchor\" href=\"https:\/\/bookingadventures.com.do\/be\/dominicantour\/miches-whales-watching-half-day-experience-media-luna-half-moon\/#what-you-should-bring\" aria-hidden=\"true\" rel=\"noopener\"><\/a><em><strong>Mit kell vinni?<\/strong><\/em><\/h4>\n<ul>\n<li>Kamera<\/li>\n<li>Riaszt\u00f3 bimb\u00f3k<\/li>\n<li>naptej<\/li>\n<li>Kalap<\/li>\n<li>K\u00e9nyelmes nadr\u00e1g<\/li>\n<li>\u00dasz\u00f3ruha<\/li>\n<li>K\u00e9szp\u00e9nz aj\u00e1nd\u00e9kt\u00e1rgyak\u00e9rt<\/li>\n<\/ul>\n<p>&nbsp;<\/p>\n<h4><a id=\"hotel-pickup\" class=\"aal_anchor\" href=\"https:\/\/bookingadventures.com.do\/be\/dominicantour\/miches-whales-watching-half-day-experience-media-luna-half-moon\/#hotel-pickup\" aria-hidden=\"true\" rel=\"noopener\"><\/a><b><i>Sz\u00e1llodai \u00e1tv\u00e9tel<\/i><\/b><\/h4>\n<p>Ezen a t\u00far\u00e1n nem k\u00edn\u00e1lnak transzfert a sz\u00e1llod\u00e1b\u00f3l. Be\u00e1ll\u00edthatjuk a Whatsappon kereszt\u00fcl.<\/p>\n<p>&nbsp;<\/p>\n<p><b>Jegyzet:<\/b>\u00a0Ha a t\u00fara\/kir\u00e1ndul\u00e1s indul\u00e1si id\u0151pontj\u00e1t\u00f3l sz\u00e1m\u00edtott 24 \u00f3r\u00e1n bel\u00fcl foglal, fel\u00e1r ellen\u00e9ben meg tudjuk szervezni a sz\u00e1llodai \u00e1tv\u00e9telt. Amint a v\u00e1s\u00e1rl\u00e1s befejez\u0151d\u00f6tt, elk\u00fcldj\u00fck \u00d6nnek a helyi idegenvezet\u0151nk teljes el\u00e9rhet\u0151s\u00e9gi adatait (telefonsz\u00e1m, e-mail c\u00edm stb.), hogy megszervezhess\u00fck az \u00e1tv\u00e9tel megszervez\u00e9s\u00e9t.<\/p>\n<h4><a id=\"additional-info-confirmation\" class=\"aal_anchor\" href=\"https:\/\/bookingadventures.com.do\/be\/dominicantour\/miches-whales-watching-half-day-experience-media-luna-half-moon\/#additional-info-confirmation\" aria-hidden=\"true\" rel=\"noopener\"><\/a><b><i>Tov\u00e1bbi inform\u00e1ci\u00f3k meger\u0151s\u00edt\u00e9se<\/i><\/b><\/h4>\n<ol>\n<li>A jegyek a t\u00fara befizet\u00e9s\u00e9t k\u00f6vet\u0151 nyugt\u00e1k. A fizet\u00e9st a telefonon tudod megjelen\u00edteni.<\/li>\n<li>A tal\u00e1lkoz\u00e1si pontot a foglal\u00e1si folyamat ut\u00e1n veszik \u00e1t.<\/li>\n<li>A gyermekeket feln\u0151tt k\u00eds\u00e9ret\u00e9ben kell biztos\u00edtani.<\/li>\n<li>kerekessz\u00e9kkel el\u00e9rhet\u0151<\/li>\n<li>A csecsem\u0151knek \u00f6lben kell \u00fclni\u00fck<\/li>\n<li>A legt\u00f6bb utaz\u00f3 r\u00e9szt vehet<\/li>\n<\/ol>\n<h4><a id=\"cancellation-policy\" class=\"aal_anchor\" href=\"https:\/\/bookingadventures.com.do\/be\/dominicantour\/miches-whales-watching-half-day-experience-media-luna-half-moon\/#cancellation-policy\" aria-hidden=\"true\" rel=\"noopener\"><\/a><b><i>Lemond\u00e1si felt\u00e9telek<\/i><\/b><\/h4>\n<p>nA teljes visszat\u00e9r\u00edt\u00e9shez legal\u00e1bb 24 \u00f3r\u00e1val az \u00e9lm\u00e9ny kezdete el\u0151tt mondd le.<\/p>\n<\/div>\n<\/div>\n<\/div>\n<\/div>\n<\/div>\n<\/div>\n<\/div>\n<\/div>\n<\/div>\n<\/div>\n<\/div>\n<\/div>\n\n\t\t<\/div>\n\t<\/div>\n<\/div><\/div><\/div><\/div><div class=\"vc_row wpb_row vc_row-fluid\" ><\/div><div class=\"wpb_column vc_column_container vc_col-sm-12\"><div class=\"vc_column-inner\"><div class=\"wpb_wrapper\"><\/div><\/div><\/div><div class=\"vc_row wpb_row vc_row-fluid\" ><div class=\"wpb_column vc_column_container vc_col-sm-12\"><div class=\"vc_column-inner\"><div class=\"wpb_wrapper\"><div class=\"vc_btn3-container vc_btn3-inline\" ><button class=\"vc_general vc_btn3 vc_btn3-size-md vc_btn3-shape-rounded vc_btn3-style-modern vc_btn3-color-green\">FOGLALD LE MOST<\/button><\/div><\/div><\/div><\/div><\/div>","protected":false},"excerpt":{"rendered":"<p>F\u00e9lnapos b\u00e1lnales Samana-\u00f6b\u00f6lben, Dominikai K\u00f6zt\u00e1rsas\u00e1gban. B\u00e1lnales Miches kik\u00f6t\u0151j\u00e9b\u0151l egy k\u00e9nyelmes katamar\u00e1non vagy haj\u00f3n. Foglaljon le reggel a reggeli ut\u00e1n, \u00e9s l\u00e1togasson el a Media Luna (F\u00e9lhold) \u00e9s a B\u00e1lnalesre. Foglalja le most ezt a Samana-\u00f6b\u00f6li kir\u00e1ndul\u00e1st, hogy j\u00f3 b\u00e1lnales- \u00e9s tengeri utaz\u00e1si \u00e9lm\u00e9nyben legyen r\u00e9sze.<\/p>\n<p><strong>V\u00e1lassza ki a t\u00fara d\u00e1tum\u00e1t:<\/strong><\/p>","protected":false},"featured_media":12019,"template":"","meta":[],"product_cat":[427,255,937],"product_tag":[428,429,228,393,327,199,342,276,277,274,389,388,275],"class_list":["post-9463","product","type-product","status-publish","has-post-thumbnail","hentry","product_cat-miches-whale-watching-and-media-luna","product_cat-tours-excursions-samana-bay-dominican-republic","product_cat-whale-watching-miches","product_tag-half-day-whale-watching-miches","product_tag-media-luna-miches","product_tag-miches","product_tag-miches-whale-watching","product_tag-private-tours-samana","product_tag-samana-bay","product_tag-samana-whale-watching","product_tag-whale-samana","product_tag-whale-tours","product_tag-whale-watching-dominican-republic","product_tag-whale-watching-las-galeras","product_tag-whale-watching-las-terrenas","product_tag-whale-watching-samana"],"_links":{"self":[{"href":"https:\/\/www.boattoursamana.com\/hu\/wp-json\/wp\/v2\/product\/9463","targetHints":{"allow":["GET"]}}],"collection":[{"href":"https:\/\/www.boattoursamana.com\/hu\/wp-json\/wp\/v2\/product"}],"about":[{"href":"https:\/\/www.boattoursamana.com\/hu\/wp-json\/wp\/v2\/types\/product"}],"wp:featuredmedia":[{"embeddable":true,"href":"https:\/\/www.boattoursamana.com\/hu\/wp-json\/wp\/v2\/media\/12019"}],"wp:attachment":[{"href":"https:\/\/www.boattoursamana.com\/hu\/wp-json\/wp\/v2\/media?parent=9463"}],"wp:term":[{"taxonomy":"product_cat","embeddable":true,"href":"https:\/\/www.boattoursamana.com\/hu\/wp-json\/wp\/v2\/product_cat?post=9463"},{"taxonomy":"product_tag","embeddable":true,"href":"https:\/\/www.boattoursamana.com\/hu\/wp-json\/wp\/v2\/product_tag?post=9463"}],"curies":[{"name":"wp","href":"https:\/\/api.w.org\/{rel}","templated":true}]}}