{"id":9464,"date":"2019-09-26T08:12:55","date_gmt":"2019-09-26T08:12:55","guid":{"rendered":"https:\/\/www.ticketswhales.com\/?post_type=product&#038;p=9464"},"modified":"2023-11-10T17:40:19","modified_gmt":"2023-11-10T17:40:19","slug":"media-luna-miches-half-moon-natural-pool-half-day-pass-and-snorkeling","status":"publish","type":"product","link":"https:\/\/www.boattoursamana.com\/hu\/tura\/media-luna-miches-felhold-termeszetes-medence-felnapos-belepo-es-sznorkelezes","title":{"rendered":"Media Luna Miches (Half-Moon) Natural Pool Half \u2013 Napijegy \u00e9s sznorkelez\u00e9s"},"content":{"rendered":"<div class=\"vc_row wpb_row vc_row-fluid\" ><div class=\"wpb_column vc_column_container vc_col-sm-12\"><div class=\"vc_column-inner\"><div class=\"wpb_wrapper\"><div class=\"mkdf-section-title-holder\" style=\"text-align: left\">\n\t<div class=\"mkdf-st-inner\">\n\t\t\t\t\t<h5 class=\"mkdf-st-subtitle\" >\n\t\t\t\tF\u00e9lnapos b\u00e9rlet \u00e9s sznorkelez\u00e9s \u00e9s \u00fasz\u00e1s a Natural Pool-ban\t\t\t<\/h5>\n\t\t\t\t\t\t\t<h3 class=\"mkdf-st-title\" >\n\t\t\t\tMedia Luna Miches (F\u00e9lhold)\t\t\t<\/h3>\n\t\t\t\t\t<\/div>\n<\/div><\/div><\/div><\/div><\/div><div class=\"vc_row wpb_row vc_row-fluid\" ><div class=\"wpb_column vc_column_container vc_col-sm-12\"><div class=\"vc_column-inner\"><div class=\"wpb_wrapper\"><div class=\"vc_empty_space\"   style=\"height: 32px\"><span class=\"vc_empty_space_inner\"><\/span><\/div><\/div><\/div><\/div><\/div><div class=\"vc_row wpb_row vc_row-fluid\" ><div class=\"wpb_column vc_column_container vc_col-sm-12\"><div class=\"vc_column-inner\"><div class=\"wpb_wrapper\"><div class=\"vc_btn3-container vc_btn3-inline\" ><button class=\"vc_general vc_btn3 vc_btn3-size-md vc_btn3-shape-rounded vc_btn3-style-modern vc_btn3-color-green\">FOGLALD LE MOST<\/button><\/div>\n\t<div class=\"wpb_text_column wpb_content_element\" >\n\t\t<div class=\"wpb_wrapper\">\n\t\t\t<h4><b><i>\u00c1ttekint\u00e9s <\/i><\/b><\/h4>\n<p><span style=\"font-weight: 400;\">Ha itt j\u00e1r, vagy a Dominikai K\u00f6zt\u00e1rsas\u00e1gba szeretne j\u00f6nni, ne hagyja ki, hogy l\u00e1togassa meg ezt a csod\u00e1latos helyet, a &#039;&#039;Half Moon&#039;&#039; (Media Luna) eb\u00e9det is. Ez egy \u00e9rt\u00e9kes term\u00e9szetes medence az \u00f3ce\u00e1n belsej\u00e9ben, amelyet z\u00e1tonyai d\u00edsz\u00edtenek. , korallok \u00e9s feh\u00e9r homok. <\/span><\/p>\n<p><span style=\"font-weight: 400;\">Ez az a hely, ahol \u00e9lvezhetj\u00fck az \u00fasz\u00e1st, a n\u00e9z\u00e9st \u00e9s a v\u00edz alatti k\u00e9peket. Lehet\u0151s\u00e9g van a tengeri csillagokkal val\u00f3 f\u00e9nyk\u00e9pez\u00e9sre term\u00e9szetes \u00e9l\u0151hely\u00fck\u00f6n.<\/span><\/p>\n<p>&nbsp;<\/p>\n<ul>\n<li>Haj\u00f3s transzfer a Media Lun\u00e1hoz<\/li>\n<li style=\"font-weight: 400;\"><span style=\"font-weight: 400;\">A kapit\u00e1ny utas\u00edt\u00e1st \u00e9s fel\u00fcgyeletet biztos\u00edt<\/span><\/li>\n<\/ul>\n<p>&nbsp;<\/p>\n<h4><b>Befoglal\u00e1sok \u00e9s kiz\u00e1r\u00e1sok<\/b><\/h4>\n<p>&nbsp;<\/p>\n<p><b>Z\u00e1rv\u00e1nyok<\/b><\/p>\n<ol>\n<li style=\"font-weight: 400;\"><span style=\"font-weight: 400;\">Minden ad\u00f3, d\u00edj \u00e9s kezel\u00e9si k\u00f6lts\u00e9g<\/span><\/li>\n<li style=\"font-weight: 400;\"><span style=\"font-weight: 400;\">Helyi ad\u00f3k<\/span><\/li>\n<li style=\"font-weight: 400;\"><span style=\"font-weight: 400;\">Italok<\/span><\/li>\n<\/ol>\n<p><b> Kiz\u00e1r\u00e1sok<\/b><\/p>\n<ol>\n<li style=\"font-weight: 400;\"><span style=\"font-weight: 400;\">h\u00e1lap\u00e9nz<\/span><\/li>\n<li style=\"font-weight: 400;\"><span style=\"font-weight: 400;\">Transzfer aut\u00f3<\/span><\/li>\n<li>Eb\u00e9d<\/li>\n<li style=\"font-weight: 400;\"><span style=\"font-weight: 400;\">Alkoholos italok<\/span><\/li>\n<li>Helyi idegenvezet\u0151<\/li>\n<\/ol>\n<p>&nbsp;<\/p>\n<h4><em><strong>Indul\u00e1s \u00e9s vissza\u00fat<\/strong><\/em><\/h4>\n<p><span style=\"font-weight: 400;\">A Foglal\u00e1si folyamat ut\u00e1n az utaz\u00f3 tal\u00e1lkoz\u00e1si pontot kap. A t\u00far\u00e1k tal\u00e1lkoz\u00e1si pontjainkon indulnak \u00e9s fejez\u0151dnek be.<\/span><\/p>\n<p>&nbsp;<\/p>\n<h3>Media Luna Miches (Half-Moon) Natural Pool Half \u2013 Napijegy \u00e9s sznorkelez\u00e9s<\/h3>\n<h4><b><i>Mi v\u00e1rhat\u00f3?<\/i><\/b><\/h4>\n<p>&nbsp;<\/p>\n<p>Mentse el jegyeit, \u00e9s j\u00f6jj\u00f6n vel\u00fcnk, \u00e9s l\u00e1togasson el a Half Moonba, \u00e9s \u00e9lvezze a tipikus eb\u00e9det a Miches k\u00f6z\u00f6ss\u00e9gben. Ez a kir\u00e1ndul\u00e1s Miches-b\u0151l indul, \u00edgy a m\u00f3l\u00f3t nyugat fel\u00e9 engedj\u00fck, ahonnan modern katamar\u00e1nok \u00e9s motorcs\u00f3nakok sz\u00e1llnak fel, amelyek rendelkeznek a turisztikai ter\u00fcleten val\u00f3 m\u0171k\u00f6d\u00e9sre enged\u00e9lyezett k\u00f6zleked\u00e9si enged\u00e9llyel. A f\u0151 g\u00f6d\u00f6rh\u00f6z val\u00f3 eljut\u00e1shoz homokpadokkal k\u00f6r\u00fclvett v\u00edz labirintuson kell kereszt\u00fclmenni.<\/p>\n<p>Senki sem menek\u00fclhet el, ha megismerte ezt a turisztikai vonzer\u0151vel rendelkez\u0151 Miches-i v\u00edzb\u00e1zist, hiszen ez az egyetlen hely a k\u00f6rny\u00e9ken, ahol a turist\u00e1k \u00e9s a nyaral\u00f3k gy\u00f6ny\u00f6rk\u00f6dhetnek, bele\u00fctk\u00f6zhetnek a tekint\u00e9lyes m\u00e9ret\u0171 csillagokba \u00e9s halakba. Ez egy olyan hely, ahol a v\u00edzszint f\u00fcgg az \u00e1rap\u00e1ly vagy a tenger\u00e1ramlatok horizontj\u00e1t\u00f3l, ami magasan m\u00e9ly\u00fcl, alacsonyan pedig cs\u00f6kken a medence \u00e1raml\u00e1sa. Elrejtetts\u00e9ge \u00e9s hozz\u00e1f\u00e9r\u00e9se a tengert\u0151l var\u00e1zslatos \u00e9s sz\u0171zies helly\u00e9 teszi azok sz\u00e1m\u00e1ra, akik nem akarnak elmenni. Itt nincsenek f\u00e1k, amelyek megv\u00e9den\u00e9k a napf\u00e9nyt, de a v\u00edz hideg a k\u00f6rny\u00e9ken a b\u00f6lcs\u0151 vagy ringat\u00f3 passz\u00e1tszelek miatt. \u00d6sszefoglalva, ez egy term\u00e9szetes lag\u00fana az Atlanti-\u00f3ce\u00e1nban, amely nev\u00e9t annak k\u00f6sz\u00f6nheti, hogy fel\u00fclr\u0151l megfigyelve f\u00e9lholdra hasonl\u00edt.<\/p>\n<p>A helyiek Cayo de la Media Luna-nak is nevezik, korallz\u00e1tonyok \u00e9s feh\u00e9r homok alkotja, ahol krist\u00e1lyos v\u00edz mindenhol megt\u00f6ri a term\u00e9szetes hull\u00e1mokat, amelyek megnyugtatj\u00e1k a viz\u00e9t. Ha az \u00e1rap\u00e1ly stabil, m\u00e9lys\u00e9ge nem haladja meg a h\u00e1rom m\u00e9tert, ami miatt a gyerekek \u00e9s a feln\u0151ttek \u00e9lvezik ezt a mennyei s\u00f3svizet.<\/p>\n<p><strong>Menetrend:<\/strong><\/p>\n<p>8:45 \u2013 13:30<\/p>\n<p>&nbsp;<\/p>\n<h4><em><strong>Mit kell vinni?<\/strong><\/em><\/h4>\n<ul>\n<li style=\"font-weight: 400;\"><span style=\"font-weight: 400;\">Kamera<\/span><\/li>\n<li style=\"font-weight: 400;\"><span style=\"font-weight: 400;\">Riaszt\u00f3 bimb\u00f3k<\/span><\/li>\n<li style=\"font-weight: 400;\"><span style=\"font-weight: 400;\">naptej<\/span><\/li>\n<li style=\"font-weight: 400;\"><span style=\"font-weight: 400;\">Kalap<\/span><\/li>\n<li style=\"font-weight: 400;\"><span style=\"font-weight: 400;\">K\u00e9nyelmes nadr\u00e1g<\/span><\/li>\n<li style=\"font-weight: 400;\"><span style=\"font-weight: 400;\">Erdei t\u00faracip\u0151<\/span><\/li>\n<li style=\"font-weight: 400;\"><span style=\"font-weight: 400;\">Szand\u00e1l a strandra<\/span><\/li>\n<li style=\"font-weight: 400;\"><span style=\"font-weight: 400;\">\u00dasz\u00f3ruha<\/span><\/li>\n<li>K\u00e9szp\u00e9nz aj\u00e1nd\u00e9kt\u00e1rgyak\u00e9rt<\/li>\n<\/ul>\n<p>&nbsp;<\/p>\n<h4><b><i>Sz\u00e1llodai \u00e1tv\u00e9tel <\/i><\/b><\/h4>\n<p><span style=\"font-weight: 400;\">Ezen a t\u00far\u00e1n nem k\u00edn\u00e1lnak transzfert a sz\u00e1llod\u00e1b\u00f3l. <\/span><\/p>\n<p>&nbsp;<\/p>\n<p><b>Jegyzet:<\/b><span style=\"font-weight: 400;\"> Ha a t\u00fara\/kir\u00e1ndul\u00e1s indul\u00e1si id\u0151pontj\u00e1t\u00f3l sz\u00e1m\u00edtott 24 \u00f3r\u00e1n bel\u00fcl foglal, fel\u00e1r ellen\u00e9ben meg tudjuk szervezni a sz\u00e1llodai \u00e1tv\u00e9telt. Amint a v\u00e1s\u00e1rl\u00e1s befejez\u0151d\u00f6tt, elk\u00fcldj\u00fck \u00d6nnek a helyi idegenvezet\u0151nk teljes el\u00e9rhet\u0151s\u00e9gi adatait (telefonsz\u00e1m, e-mail c\u00edm stb.), hogy megszervezhess\u00fck az \u00e1tv\u00e9tel megszervez\u00e9s\u00e9t.<\/span><\/p>\n<h4><b><i>Tov\u00e1bbi inform\u00e1ci\u00f3k meger\u0151s\u00edt\u00e9se <\/i><\/b><\/h4>\n<ol>\n<li>A jegyek a t\u00fara befizet\u00e9s\u00e9t k\u00f6vet\u0151 nyugt\u00e1k. A fizet\u00e9st a telefonon tudod megjelen\u00edteni.<\/li>\n<li style=\"font-weight: 400;\"><span style=\"font-weight: 400;\">A tal\u00e1lkoz\u00e1si pontot a foglal\u00e1si folyamat ut\u00e1n veszik \u00e1t.<\/span><\/li>\n<li style=\"font-weight: 400;\"><span style=\"font-weight: 400;\">A gyermekeket feln\u0151tt k\u00eds\u00e9ret\u00e9ben kell biztos\u00edtani.<\/span><\/li>\n<li style=\"font-weight: 400;\"><span style=\"font-weight: 400;\">kerekessz\u00e9kkel el\u00e9rhet\u0151 <\/span><\/li>\n<li style=\"font-weight: 400;\"><span style=\"font-weight: 400;\">A csecsem\u0151knek \u00f6lben kell \u00fclni\u00fck <\/span><\/li>\n<li style=\"font-weight: 400;\"><span style=\"font-weight: 400;\">A legt\u00f6bb utaz\u00f3 r\u00e9szt vehet<\/span><\/li>\n<\/ol>\n<h4><b><i>Lemond\u00e1si felt\u00e9telek<\/i><\/b><\/h4>\n<p>A teljes visszat\u00e9r\u00edt\u00e9s\u00e9rt k\u00e9rj\u00fck, olvassa el lemond\u00e1si szab\u00e1lyzatunkat\u00a0<a href=\"https:\/\/www.boattoursamana.com\/hu\/online-foglalas\/\" target=\"_blank\" rel=\"noopener\" data-saferedirecturl=\"https:\/\/www.google.com\/url?q=https:\/\/www.boattoursamana.com\/online-booking\/&amp;source=gmail&amp;ust=1672532492004000&amp;usg=AOvVaw3ylqI1cdbIPTimEqEWneyd\">Kattints ide<\/a>. Az \u00f6sszeg elveszik, ha a foglal\u00e1st az utaz\u00e1s napj\u00e1n lemondj\u00e1k.<\/p>\n\n\t\t<\/div>\n\t<\/div>\n<\/div><\/div><\/div><\/div><div class=\"vc_row wpb_row vc_row-fluid\" ><\/div><div class=\"wpb_column vc_column_container vc_col-sm-12\"><div class=\"vc_column-inner\"><div class=\"wpb_wrapper\"><\/div><\/div><\/div><div class=\"vc_empty_space\"   style=\"height: 32px\"><span class=\"vc_empty_space_inner\"><\/span><\/div><div class=\"vc_empty_space\"   style=\"height: 32px\"><span class=\"vc_empty_space_inner\"><\/span><\/div><div class=\"vc_row wpb_row vc_row-fluid\" ><\/div><div class=\"wpb_column vc_column_container vc_col-sm-12\"><div class=\"vc_column-inner\"><div class=\"wpb_wrapper\"><\/div><\/div><\/div><div class=\"vc_row wpb_row vc_row-fluid\" ><div class=\"wpb_column vc_column_container vc_col-sm-12\"><div class=\"vc_column-inner\"><div class=\"wpb_wrapper\"><div class=\"vc_btn3-container vc_btn3-inline\" ><button class=\"vc_general vc_btn3 vc_btn3-size-md vc_btn3-shape-rounded vc_btn3-style-modern vc_btn3-color-green\">FOGLALD LE MOST<\/button><\/div><\/div><\/div><\/div><\/div>","protected":false},"excerpt":{"rendered":"<p>Media Luna Miches (Half Moon) F\u00e9lnapos b\u00e9rlet \u00e9s sznorkelez\u00e9s a term\u00e9szetes medenc\u00e9ben. L\u00e1togasson el a Samana-\u00f6b\u00f6lbe Michesb\u0151l a helyiekkel, \u00e9s \u00fasszon a Samana-\u00f6b\u00f6l k\u00f6zep\u00e9n. Korallz\u00e1tonyok kis ter\u00fcletei felfedez\u00e9sre \u00e9s sznorkelez\u00e9sre. A Media Luna egy \u00faj l\u00e1tv\u00e1nyoss\u00e1g a Dominikai K\u00f6zt\u00e1rsas\u00e1gban.<\/p>\n<p><strong>V\u00e1lassza ki a turn\u00e9 d\u00e1tum\u00e1t:<\/strong><\/p>","protected":false},"featured_media":9467,"template":"","meta":[],"product_cat":[430,655,170,253,254,255],"product_tag":[183,337,412,177,439,438,429,432,437,436,435,186,199,200,187,433,434],"class_list":["post-9464","product","type-product","status-publish","has-post-thumbnail","hentry","product_cat-media-luna-miches","product_cat-1-samana","product_cat-local-tour-guides","product_cat-tours-and-excursions","product_cat-tours-excursions-los-haitises-national-park","product_cat-tours-excursions-samana-bay-dominican-republic","product_tag-beach-time","product_tag-cayo-arena","product_tag-cayo-arena-samana","product_tag-locals-guides","product_tag-media-luna-el-seibo","product_tag-media-luna-in-miches","product_tag-media-luna-miches","product_tag-media-luna-snorkeling","product_tag-miches-hoteles","product_tag-miches-montana-redonda","product_tag-playa-esmeralda-miches","product_tag-samana","product_tag-samana-bay","product_tag-samana-excursions","product_tag-samana-tours","product_tag-snorkeling","product_tag-snorkeling-miches-media-luna"],"_links":{"self":[{"href":"https:\/\/www.boattoursamana.com\/hu\/wp-json\/wp\/v2\/product\/9464","targetHints":{"allow":["GET"]}}],"collection":[{"href":"https:\/\/www.boattoursamana.com\/hu\/wp-json\/wp\/v2\/product"}],"about":[{"href":"https:\/\/www.boattoursamana.com\/hu\/wp-json\/wp\/v2\/types\/product"}],"wp:featuredmedia":[{"embeddable":true,"href":"https:\/\/www.boattoursamana.com\/hu\/wp-json\/wp\/v2\/media\/9467"}],"wp:attachment":[{"href":"https:\/\/www.boattoursamana.com\/hu\/wp-json\/wp\/v2\/media?parent=9464"}],"wp:term":[{"taxonomy":"product_cat","embeddable":true,"href":"https:\/\/www.boattoursamana.com\/hu\/wp-json\/wp\/v2\/product_cat?post=9464"},{"taxonomy":"product_tag","embeddable":true,"href":"https:\/\/www.boattoursamana.com\/hu\/wp-json\/wp\/v2\/product_tag?post=9464"}],"curies":[{"name":"wp","href":"https:\/\/api.w.org\/{rel}","templated":true}]}}