{"id":9483,"date":"2019-09-29T19:07:31","date_gmt":"2019-09-29T19:07:31","guid":{"rendered":"https:\/\/www.ticketswhales.com\/?post_type=product&#038;p=9483"},"modified":"2023-11-10T17:38:00","modified_gmt":"2023-11-10T17:38:00","slug":"playa-rincon-rincon-beach-half-day-trip-samana-dominican-republic","status":"publish","type":"product","link":"https:\/\/www.boattoursamana.com\/hu\/tura\/playa-rincon-rincon-strand-felnapos-kirandulas-samana-dominikai-koztarsasag-2","title":{"rendered":"Playa Rinc\u00f3n (Rincon Beach), Half \u2013 Day Trip, Saman\u00e1 \u2013 Dominikai K\u00f6zt\u00e1rsas\u00e1g."},"content":{"rendered":"<div class=\"vc_row wpb_row vc_row-fluid\" ><div class=\"wpb_column vc_column_container vc_col-sm-12\"><div class=\"vc_column-inner\"><div class=\"wpb_wrapper\"><div class=\"mkdf-section-title-holder\" style=\"text-align: left\">\n\t<div class=\"mkdf-st-inner\">\n\t\t\t\t\t<h5 class=\"mkdf-st-subtitle\" >\n\t\t\t\tEb\u00e9d, haj\u00f3k\u00e1z\u00e1s \u00e9s mag\u00e1nsz\u00e1ll\u00edt\u00e1s a sz\u00e1llod\u00e1kb\u00f3l.\t\t\t<\/h5>\n\t\t\t\t\t\t\t<h3 class=\"mkdf-st-title\" >\n\t\t\t\tPlaya Rinc\u00f3n, Playa Fronton + Playa Madame Beach, Saman\u00e1 - Dominikai K\u00f6zt\u00e1rsas\u00e1g.\t\t\t<\/h3>\n\t\t\t\t\t<\/div>\n<\/div><div class=\"vc_btn3-container vc_btn3-inline\" ><button class=\"vc_general vc_btn3 vc_btn3-size-md vc_btn3-shape-rounded vc_btn3-style-modern vc_btn3-color-green\">FOGLALD LE MOST<\/button><\/div>\n\t<div class=\"wpb_text_column wpb_content_element\" >\n\t\t<div class=\"wpb_wrapper\">\n\t\t\t<h3><\/h3>\n<h4><b><i>\u00c1ttekint\u00e9s <\/i><\/b><\/h4>\n<p>Az utaz\u00e1s a sz\u00e1llod\u00e1ban vagy a Samana negyedben vagy a Las Galerasban tal\u00e1lhat\u00f3 rep\u00fcl\u0151t\u00e9ren veszi fel \u00d6nt. Fedezze fel vel\u00fcnk az El Rincon strandot, egy \u00e9rintetlen \u00e9s hossz\u00fa, feh\u00e9r homokos strandot, amely egy nyugodt, t\u00fcrkizk\u00e9k viz\u0171, k\u00f3kuszf\u00e1kkal tark\u00edtott \u00f6bl\u00f6t hat\u00e1rol, amely minden l\u00e1togat\u00f3 figyelm\u00e9t lek\u00f6ti. El Rincon a t\u00edz legjobb strand egyike. Ahhoz, hogy eljusson erre az egyed\u00fcl\u00e1ll\u00f3 strandra, \u00e9lvezze a Dominikai K\u00f6zt\u00e1rsas\u00e1g \u00e9letm\u00f3dj\u00e1t, mik\u00f6zben a tengerpartra indul. A buszon n\u00e9h\u00e1ny meg\u00e1ll\u00f3 a gy\u00fcm\u00f6lcsboltokban, ahol v\u00e1s\u00e1rolhat, ha akar, megn\u00e9zheti a helyi h\u00e1zakat \u00e9s megismerheti a dominikai val\u00f3s\u00e1got.<\/p>\n<ul>\n<li>Eb\u00e9delni fog a l\u00e1bujjaival a homokban, mik\u00f6zben Merengue \u00e9s Bachata dalok sz\u00f3lalnak meg az \u201eEl Paraiso\u201d-ban, ahol egy hal\u00e9telt is tartalmaz\u00f3 komplett \u00e9telt szolg\u00e1lnak fel helyi italok \u00e9s kokt\u00e9lok k\u00eds\u00e9ret\u00e9ben. Itt tal\u00e1lhat\u00f3 egy term\u00e9szetes gy\u00f6ngyszem, amelyet az orsz\u00e1g egyik legszebb strandjak\u00e9nt tartanak sz\u00e1mon. A feh\u00e9r, finom homok, a t\u00fcrkizk\u00e9k tenger \u00e9s a m\u00e9teres p\u00e1lmaf\u00e1k maguk\u00e9rt besz\u00e9lnek.<\/li>\n<\/ul>\n<p>&nbsp;<\/p>\n<ul>\n<li>Helyi idegenvezet\u0151 biztons\u00e1gi tapasztalattal a k\u00f6rny\u00e9ken.<\/li>\n<li>Egy\u00e9ni sz\u00e1ll\u00edt\u00e1s<\/li>\n<li>A d\u00edjak benne vannak<\/li>\n<li>Eb\u00e9d a tengerparton<\/li>\n<li>Helyi idegenvezet\u0151 spanyol, angol vagy francia nyelven.<\/li>\n<li>T\u00far\u00e1z\u00e1s<\/li>\n<\/ul>\n<h4><b>Befoglal\u00e1sok \u00e9s kiz\u00e1r\u00e1sok<\/b><\/h4>\n<p>&nbsp;<\/p>\n<p><b>Z\u00e1rv\u00e1nyok<\/b><\/p>\n<ol>\n<li><span style=\"font-weight: 400;\">Helyi idegenvezet\u0151 biztons\u00e1gi tapasztalattal a k\u00f6rny\u00e9ken.<\/span><\/li>\n<li>Kiscsoportos egy\u00e9ni sz\u00e1ll\u00edt\u00e1s<\/li>\n<li style=\"font-weight: 400;\">El Rincon Beach<\/li>\n<li>Dominikai H\u00e1z Ranch<\/li>\n<li>Cano Frio foly\u00f3<\/li>\n<li style=\"font-weight: 400;\"><span style=\"font-weight: 400;\">Minden ad\u00f3, d\u00edj \u00e9s kezel\u00e9si k\u00f6lts\u00e9g<\/span><\/li>\n<li style=\"font-weight: 400;\"><span style=\"font-weight: 400;\">Helyi ad\u00f3k<\/span><\/li>\n<li>Eb\u00e9d a tengerparton<\/li>\n<li>T\u00far\u00e1z\u00e1s<\/li>\n<li style=\"font-weight: 400;\"><span style=\"font-weight: 400;\">Minden tev\u00e9kenys\u00e9g<\/span><\/li>\n<\/ol>\n<p><b> Kiz\u00e1r\u00e1sok<\/b><\/p>\n<ol>\n<li style=\"font-weight: 400;\"><span style=\"font-weight: 400;\">h\u00e1lap\u00e9nz<\/span><\/li>\n<li>Minden ital<\/li>\n<\/ol>\n<h4><em><strong>Indul\u00e1s \u00e9s vissza\u00fat<\/strong><\/em><\/h4>\n<p><span style=\"font-weight: 400;\">A Foglal\u00e1si folyamat ut\u00e1n az utaz\u00f3 tal\u00e1lkoz\u00e1si pontot kap. A t\u00far\u00e1k tal\u00e1lkoz\u00e1si pontjainkon indulnak \u00e9s fejez\u0151dnek be.<\/span><\/p>\n<h3>Playa Rinc\u00f3n (Rincon Beach), Half \u2013 Day Trip, Saman\u00e1 \u2013 Dominikai K\u00f6zt\u00e1rsas\u00e1g.<\/h3>\n<h4><em>Mi v\u00e1rhat\u00f3?<\/em><\/h4>\n<p>Miut\u00e1n elhagyta a Samana sz\u00e1llod\u00e1k ter\u00fclet\u00e9t, \u00e9s \u00e1thaladt a dominikai utc\u00e1kon, l\u00e1tni fogja \u00e9s megismerheti a helyiek \u00e9letm\u00f3dj\u00e1t. A Playa Rinc\u00f3n megl\u00e1togat\u00e1sa egy \u00e9rintetlen feh\u00e9r homokos s\u00e1v, amely k\u00f6r\u00fclbel\u00fcl 2,5 m\u00e9rf\u00f6ld (4 kilom\u00e9ter) hosszan h\u00faz\u00f3dik a part be\u00e9p\u00edtetlen r\u00e9sz\u00e9n. A k\u00f3kuszp\u00e1lm\u00e1kkal szeg\u00e9lyezett, mindk\u00e9t v\u00e9g\u00e9n hegy- \u00e9s sziklacs\u00facsokkal k\u00f6r\u00fclvett f\u00e9lrees\u0151 strand igazi ut\u00f3pi\u00e1nak t\u0171nik, elz\u00e1rva a civiliz\u00e1ci\u00f3t\u00f3l. Itt a v\u00edz rendk\u00edv\u00fcl tiszta, \u00e9s a k\u00f6rnyez\u0151 korallz\u00e1tony biztos\u00edtja a strand biztons\u00e1g\u00e1t, ami azt jelenti, hogy kock\u00e1zat n\u00e9lk\u00fcl \u00faszhat. Megl\u00e1togatjuk a Cano Frio foly\u00f3t is.<\/p>\n<p>&nbsp;<\/p>\n<p>Ez a \u201eBooking Adventures\u201d \u00e1ltal szervezett t\u00fara az idegenvezet\u0151nk \u00e1ltal meghat\u00e1rozott tal\u00e1lkoz\u00e1si pontn\u00e1l kezd\u0151dik. J\u00f6jj\u00f6n el a Booking Adventures programmal, eb\u00e9deljen a tengerparton, \u00e9s \u00e9lvezze a dominikai k\u00f6zt\u00e1rsas\u00e1gbeli Samana egyik legcsod\u00e1latosabb strandj\u00e1t.<\/p>\n<h4><em><strong>Mit kell vinni?<\/strong><\/em><\/h4>\n<ul>\n<li style=\"font-weight: 400;\"><span style=\"font-weight: 400;\">Kamera<\/span><\/li>\n<li style=\"font-weight: 400;\"><span style=\"font-weight: 400;\">Riaszt\u00f3 bimb\u00f3k<\/span><\/li>\n<li style=\"font-weight: 400;\"><span style=\"font-weight: 400;\">Naptej<\/span><\/li>\n<li>V\u00edz<\/li>\n<li style=\"font-weight: 400;\"><span style=\"font-weight: 400;\">Kalap<\/span><\/li>\n<li style=\"font-weight: 400;\"><span style=\"font-weight: 400;\">K\u00e9nyelmes nadr\u00e1g<\/span><\/li>\n<li style=\"font-weight: 400;\"><span style=\"font-weight: 400;\">Erdei t\u00faracip\u0151<\/span><\/li>\n<li style=\"font-weight: 400;\"><span style=\"font-weight: 400;\">Szand\u00e1lok a tavaszi ter\u00fcletekre.<\/span><\/li>\n<li style=\"font-weight: 400;\"><span style=\"font-weight: 400;\">\u00dasz\u00f3ruha<\/span><\/li>\n<\/ul>\n<p>&nbsp;<\/p>\n<h4><b><i>Sz\u00e1llodai \u00e1tv\u00e9tel <\/i><\/b><\/h4>\n<p><span style=\"font-weight: 400;\">Ezen a t\u00far\u00e1n a sz\u00e1lloda \u00e1tv\u00e9tele biztos\u00edtott. <\/span><\/p>\n<p>&nbsp;<\/p>\n<p><b>Jegyzet:<\/b><span style=\"font-weight: 400;\"> Ha a t\u00fara\/kir\u00e1ndul\u00e1s indul\u00e1si id\u0151pontj\u00e1t\u00f3l sz\u00e1m\u00edtott 24 \u00f3r\u00e1n bel\u00fcl foglal, meg tudjuk szervezni a sz\u00e1llodai \u00e1tv\u00e9telt. Csak Samana k\u00f6rny\u00e9k\u00e9n vesz\u00fcnk fel. Amint a v\u00e1s\u00e1rl\u00e1s befejez\u0151d\u00f6tt, elk\u00fcldj\u00fck \u00d6nnek a helyi idegenvezet\u0151nk teljes el\u00e9rhet\u0151s\u00e9gi adatait (telefonsz\u00e1m, e-mail c\u00edm stb.), hogy megszervezhess\u00fck az \u00e1tv\u00e9tel megszervez\u00e9s\u00e9t.<\/span><\/p>\n<h4><b><i>Tov\u00e1bbi inform\u00e1ci\u00f3k meger\u0151s\u00edt\u00e9se <\/i><\/b><\/h4>\n<ol>\n<li>A jegyek a t\u00fara befizet\u00e9s\u00e9t k\u00f6vet\u0151 nyugt\u00e1k. A fizet\u00e9st a telefonon tudod megjelen\u00edteni.<\/li>\n<li style=\"font-weight: 400;\"><span style=\"font-weight: 400;\">A tal\u00e1lkoz\u00e1si pontot a foglal\u00e1si folyamat ut\u00e1n veszik \u00e1t.<\/span><\/li>\n<li style=\"font-weight: 400;\"><span style=\"font-weight: 400;\">A gyermekeket feln\u0151tt k\u00eds\u00e9ret\u00e9ben kell biztos\u00edtani.<\/span><\/li>\n<li style=\"font-weight: 400;\"><span style=\"font-weight: 400;\"> Kerekessz\u00e9kkel nem megk\u00f6zel\u00edthet\u0151 <\/span><\/li>\n<li style=\"font-weight: 400;\"><span style=\"font-weight: 400;\">A csecsem\u0151knek \u00f6lben kell \u00fclni\u00fck <\/span><\/li>\n<li style=\"font-weight: 400;\"><span style=\"font-weight: 400;\">H\u00e1tprobl\u00e9m\u00e1kkal k\u00fczd\u0151 utaz\u00f3knak nem aj\u00e1nlott<\/span><\/li>\n<li style=\"font-weight: 400;\"><span style=\"font-weight: 400;\">Terhes utaz\u00f3knak nem aj\u00e1nlott <\/span><\/li>\n<li style=\"font-weight: 400;\"><span style=\"font-weight: 400;\"> Nincsenek sz\u00edvprobl\u00e9m\u00e1k vagy egy\u00e9b s\u00falyos eg\u00e9szs\u00e9g\u00fcgyi \u00e1llapotok <\/span><\/li>\n<li style=\"font-weight: 400;\"><span style=\"font-weight: 400;\">A legt\u00f6bb utaz\u00f3 r\u00e9szt vehet<\/span><\/li>\n<\/ol>\n<h4><b><i>Lemond\u00e1si felt\u00e9telek<\/i><\/b><\/h4>\n<p>A teljes visszat\u00e9r\u00edt\u00e9s\u00e9rt k\u00e9rj\u00fck, olvassa el lemond\u00e1si szab\u00e1lyzatunkat\u00a0<a href=\"https:\/\/www.boattoursamana.com\/hu\/online-foglalas\/\" target=\"_blank\" rel=\"noopener\" data-saferedirecturl=\"https:\/\/www.google.com\/url?q=https:\/\/www.boattoursamana.com\/online-booking\/&amp;source=gmail&amp;ust=1672532492004000&amp;usg=AOvVaw3ylqI1cdbIPTimEqEWneyd\">Kattints ide<\/a>. Az \u00f6sszeg elveszik, ha a foglal\u00e1st az utaz\u00e1s napj\u00e1n lemondj\u00e1k.<\/p>\n\n\t\t<\/div>\n\t<\/div>\n<div class=\"vc_btn3-container vc_btn3-inline\" ><button class=\"vc_general vc_btn3 vc_btn3-size-md vc_btn3-shape-rounded vc_btn3-style-modern vc_btn3-color-green\">FOGLALD LE MOST<\/button><\/div><\/div><\/div><\/div><\/div><div class=\"vc_row wpb_row vc_row-fluid\" ><div class=\"wpb_column vc_column_container vc_col-sm-12\"><div class=\"vc_column-inner\"><div class=\"wpb_wrapper\">\n\t<div class=\"wpb_video_widget wpb_content_element vc_clearfix   vc_video-aspect-ratio-169 vc_video-el-width-100 vc_video-align-left\" >\n\t\t<div class=\"wpb_wrapper\">\n\t\t\t<h2 class=\"wpb_heading wpb_video_heading\">Boca del Diablo \u00e9s Fronton strand<\/h2>\n\t\t\t<div class=\"wpb_video_wrapper\"><iframe loading=\"lazy\" title=\"A Saman\u00e1-f\u00e9lsziget, Dominikai K\u00f6zt\u00e1rsas\u00e1g (DJI Phantom 4 4K)\" width=\"1100\" height=\"619\" src=\"https:\/\/www.youtube.com\/embed\/DYDXVm8Q_iM?feature=oembed\" frameborder=\"0\" allow=\"accelerometer; autoplay; encrypted-media; gyroscope; picture-in-picture\" allowfullscreen><\/iframe><\/div>\n\t\t<\/div>\n\t<\/div>\n<\/div><\/div><\/div><\/div><div class=\"vc_row wpb_row vc_row-fluid\" ><div class=\"wpb_column vc_column_container vc_col-sm-12\"><div class=\"vc_column-inner\"><div class=\"wpb_wrapper\"><div class=\"vc_empty_space\"   style=\"height: 32px\"><span class=\"vc_empty_space_inner\"><\/span><\/div>\n\t<div class=\"wpb_text_column wpb_content_element\" >\n\t\t<div class=\"wpb_wrapper\">\n\t\t\t<h4>L\u00e9pjen kapcsolatba vel\u00fcnk?<\/h4>\n<h5>Kalandok foglal\u00e1sa<\/h5>\n<p><em><strong>Helyiek<\/strong>\u00a0\u00e9s\u00a0<strong>Nemzetiek<\/strong>\u00a0Idegenvezet\u0151k \u00e9s vend\u00e9gszolg\u00e1ltat\u00e1sok<\/em><\/p>\n<p><span class=\"text-turquoise\">Foglal\u00e1sok:<\/span>\u00a0T\u00far\u00e1k \u00e9s kir\u00e1ndul\u00e1sok Dom. Ism\u00e9tl\u00e9s.<\/p>\n<p><img decoding=\"async\" class=\"emoji\" draggable=\"false\" src=\"https:\/\/s.w.org\/images\/core\/emoji\/11.2.0\/svg\/1f4de.svg\" alt=\"\ud83d\udcde\" title=\"\">\u00a0Tel \/ Whatsapp\u00a0\u00a0<a href=\"tel:+1-809-720-6035\">+1-809-720-6035<\/a>.<\/p>\n<p><img decoding=\"async\" class=\"emoji\" draggable=\"false\" src=\"https:\/\/s.w.org\/images\/core\/emoji\/11.2.0\/svg\/1f4e9.svg\" alt=\"\ud83d\udce9\" title=\"\">\u00a0<a href=\"mailto:info@bookingadventures.com.do\">info@bookingadventures.com.do<\/a><\/p>\n<p><strong>Rugalmasan \u00e1ll\u00edtjuk be a Whatsapp priv\u00e1t t\u00far\u00e1it:\u00a0<a href=\"tel:+18097206035\">+18097206035.<\/a><\/strong><\/p>\n\n\t\t<\/div>\n\t<\/div>\n<div class=\"vc_empty_space\"   style=\"height: 32px\"><span class=\"vc_empty_space_inner\"><\/span><\/div><\/div><\/div><\/div><\/div><div class=\"vc_row wpb_row vc_row-fluid\" ><div class=\"wpb_column vc_column_container vc_col-sm-12\"><div class=\"vc_column-inner\"><div class=\"wpb_wrapper\"><\/div><\/div><\/div><\/div>","protected":false},"excerpt":{"rendered":"<p>Playa el Rincon strand l\u00e1togat\u00e1sa tengerparti eb\u00e9ddel, \u00fatk\u00f6zben meg\u00e1ll\u00e1s a Dominican House-ban \u00e9s gy\u00fcm\u00f6lcsboltban, valamint \u00fasz\u00e1s a Cano Frio foly\u00f3 krist\u00e1lyviz\u00e9ben. Ez egy f\u00e9lnapos \u00e9lm\u00e9ny az igazi Saman\u00e1r\u00f3l a Dominikai K\u00f6zt\u00e1rsas\u00e1gban.<\/p>\n<p>&nbsp;<\/p>\n<p><strong>K\u00e9rj\u00fck, v\u00e1lassza ki a t\u00fara d\u00e1tum\u00e1t:\u00a0<\/strong><\/p>","protected":false},"featured_media":9381,"template":"","meta":[],"product_cat":[160,655,170,255],"product_tag":[204,373,379,327,376,375,200,187],"class_list":["post-9483","product","type-product","status-publish","has-post-thumbnail","hentry","product_cat-lunch","product_cat-1-samana","product_cat-local-tour-guides","product_cat-tours-excursions-samana-bay-dominican-republic","product_tag-el-rincon-beach","product_tag-playa-rincon","product_tag-playa-rincon-tours","product_tag-private-tours-samana","product_tag-rincon-beach-tour","product_tag-samana-dominican-republic","product_tag-samana-excursions","product_tag-samana-tours"],"_links":{"self":[{"href":"https:\/\/www.boattoursamana.com\/hu\/wp-json\/wp\/v2\/product\/9483","targetHints":{"allow":["GET"]}}],"collection":[{"href":"https:\/\/www.boattoursamana.com\/hu\/wp-json\/wp\/v2\/product"}],"about":[{"href":"https:\/\/www.boattoursamana.com\/hu\/wp-json\/wp\/v2\/types\/product"}],"wp:featuredmedia":[{"embeddable":true,"href":"https:\/\/www.boattoursamana.com\/hu\/wp-json\/wp\/v2\/media\/9381"}],"wp:attachment":[{"href":"https:\/\/www.boattoursamana.com\/hu\/wp-json\/wp\/v2\/media?parent=9483"}],"wp:term":[{"taxonomy":"product_cat","embeddable":true,"href":"https:\/\/www.boattoursamana.com\/hu\/wp-json\/wp\/v2\/product_cat?post=9483"},{"taxonomy":"product_tag","embeddable":true,"href":"https:\/\/www.boattoursamana.com\/hu\/wp-json\/wp\/v2\/product_tag?post=9483"}],"curies":[{"name":"wp","href":"https:\/\/api.w.org\/{rel}","templated":true}]}}