{"id":9613,"date":"2019-10-11T07:35:12","date_gmt":"2019-10-11T07:35:12","guid":{"rendered":"https:\/\/www.ticketswhales.com\/?post_type=product&#038;p=9613"},"modified":"2023-11-04T16:43:25","modified_gmt":"2023-11-04T16:43:25","slug":"samana-day-trip-from-punta-cana-el-limon-waterfall-and-bacardi-island","status":"publish","type":"product","link":"https:\/\/www.boattoursamana.com\/hu\/tura\/samana-egynapos-kirandulas-a-punta-cana-el-limon-vizesestol-es-a-bacardi-szigettol","title":{"rendered":"Punta Cana: Saman\u00e1 napos kir\u00e1ndul\u00e1s \u2013 El Lim\u00f3n v\u00edzes\u00e9s \u00e9s Bacardi-sziget"},"content":{"rendered":"<div class=\"vc_row wpb_row vc_row-fluid\" ><div class=\"wpb_column vc_column_container vc_col-sm-12\"><div class=\"vc_column-inner\"><div class=\"wpb_wrapper\"><div class=\"mkdf-section-title-holder\" style=\"text-align: left\">\n\t<div class=\"mkdf-st-inner\">\n\t\t\t\t\t<h5 class=\"mkdf-st-subtitle\" >\n\t\t\t\t(\u00e1tv\u00e9tel Punta Can\u00e1ban)\t\t\t<\/h5>\n\t\t\t\t\t\t\t<h3 class=\"mkdf-st-title\" >\n\t\t\t\tSamana napi kir\u00e1ndul\u00e1s Punta Cana - El Limon v\u00edzes\u00e9s \u00e9s Bacardi-sziget k\u00f6z\u00f6tt\t\t\t<\/h3>\n\t\t\t\t\t<\/div>\n<\/div><div class=\"vc_empty_space\"   style=\"height: 32px\"><span class=\"vc_empty_space_inner\"><\/span><\/div>\n\t<div class=\"wpb_text_column wpb_content_element\" >\n\t\t<div class=\"wpb_wrapper\">\n\t\t\t<div class=\"vc_row wpb_row vc_row-fluid\">\n<div class=\"wpb_column vc_column_container vc_col-sm-12\">\n<div class=\"vc_column-inner\">\n<div class=\"wpb_wrapper\">\n<div class=\"mkdf-section-title-holder\">\n<div class=\"mkdf-st-inner\">\n<h5 class=\"mkdf-st-subtitle\">(\u00e1tv\u00e9tel Punta Can\u00e1ban)<\/h5>\n<h3 class=\"mkdf-st-title\">Samana napi kir\u00e1ndul\u00e1s Punta Can\u00e1b\u00f3l \u2013 El Limon v\u00edzes\u00e9s \u00e9s Bacardi-sziget<\/h3>\n<\/div>\n<\/div>\n<\/div>\n<\/div>\n<\/div>\n<\/div>\n<div class=\"vc_row wpb_row vc_row-fluid\"><\/div>\n<div class=\"wpb_column vc_column_container vc_col-sm-12\">\n<div class=\"vc_column-inner\">\n<div class=\"wpb_wrapper\"><\/div>\n<\/div>\n<\/div>\n<div class=\"wpb_text_column wpb_content_element\">\n<div class=\"wpb_wrapper\"><\/div>\n<\/div>\n<h4><a id=\"overview\" class=\"aal_anchor\" href=\"https:\/\/bookingadventures.com.do\/dominicantour\/samana-day-trip-from-punta-cana-el-limon-waterfall-and-bacardi-island\/#overview\" aria-hidden=\"true\" rel=\"noopener\"><\/a><b><i>\u00c1ttekint\u00e9s<\/i><\/b><\/h4>\n<p>Ha Bayahibe, Punta Cana vagy Bavaro v\u00e1ros\u00e1ban tart\u00f3zkodik, \u00e9s szeretne egy egynapos kir\u00e1ndul\u00e1st a szok\u00e1sosn\u00e1l kevesebbet fizetni, menjen el\u0151re, \u00e9s foglalja le ezt az utat. Ezen az utaz\u00e1son bel\u00fcl Saman\u00e1ba visz\u00fcnk, ahol egy katamar\u00e1non Sabana de la Marba, Hato Mayor telep\u00fcl\u00e9s\u00e9re, a Los Haitises Nemzeti Park h\u00e1z\u00e1ba visznek. Ez az utaz\u00e1s mag\u00e1ban foglalja a Samana \u00e9s El Limon k\u00f6z\u00f6ss\u00e9gek megl\u00e1togat\u00e1s\u00e1t, ahol lovagolhat vagy t\u00far\u00e1zhat egy v\u00edzes\u00e9shez k\u00f6zvetlen\u00fcl a Samana-\u00f6b\u00f6l \u00e1tkel\u00e9se ut\u00e1n. Az eb\u00e9det a Bacardi-szigeten szolg\u00e1lj\u00e1k fel. Az utaz\u00e1sok reggel 6 \u00f3rakor kezd\u0151dnek \u00e9s 18:30-ig \u00e9rnek v\u00e9get. Foglalja le most!<\/p>\n<p>Ezt k\u00f6vet\u0151en az \u00d6n sz\u00e1llod\u00e1j\u00e1ban sz\u00e1ll\u00edtjuk.<\/p>\n<ul>\n<li>A d\u00edjak benne vannak<\/li>\n<li>Eb\u00e9d a tengerparton tartalmazza<\/li>\n<li>Transzfert tartalmaz<\/li>\n<li>Az \u00fatmutat\u00f3 oktat\u00e1st \u00e9s fel\u00fcgyeletet biztos\u00edt<\/li>\n<\/ul>\n<p>&nbsp;<\/p>\n<h4><a id=\"inclusions-exclusions\" class=\"aal_anchor\" href=\"https:\/\/bookingadventures.com.do\/dominicantour\/samana-day-trip-from-punta-cana-el-limon-waterfall-and-bacardi-island\/#inclusions-exclusions\" aria-hidden=\"true\" rel=\"noopener\"><\/a><b>Befoglal\u00e1sok \u00e9s kiz\u00e1r\u00e1sok<\/b><\/h4>\n<p>&nbsp;<\/p>\n<p><b>Z\u00e1rv\u00e1nyok<\/b><\/p>\n<p>&nbsp;<\/p>\n<ol>\n<li>Sz\u00e1llodai \u00e1tv\u00e9tel<\/li>\n<li>Saman\u00e1-\u00f6b\u00f6l<\/li>\n<li>Bacardi-sziget, strand \u00e9s eb\u00e9d<\/li>\n<li>Szafari El Lim\u00f3nba<\/li>\n<li>Lovagl\u00e1s vagy t\u00far\u00e1z\u00e1s a v\u00edzes\u00e9sekhez<\/li>\n<li>Dominikai kokt\u00e9lok<\/li>\n<li>Minden ad\u00f3, d\u00edj \u00e9s kezel\u00e9si k\u00f6lts\u00e9g<\/li>\n<li>Helyi ad\u00f3k<\/li>\n<li>Italok<\/li>\n<li>Minden tev\u00e9kenys\u00e9g<\/li>\n<li>Helyi idegenvezet\u0151<\/li>\n<\/ol>\n<p><b>Kiz\u00e1r\u00e1sok<\/b><\/p>\n<ol>\n<li>h\u00e1lap\u00e9nz<\/li>\n<li>Alkoholos italok kokt\u00e9lok ut\u00e1n<\/li>\n<\/ol>\n<p>&nbsp;<\/p>\n<h4><a id=\"departure-return\" class=\"aal_anchor\" href=\"https:\/\/bookingadventures.com.do\/dominicantour\/samana-day-trip-from-punta-cana-el-limon-waterfall-and-bacardi-island\/#departure-return\" aria-hidden=\"true\" rel=\"noopener\"><\/a><em><strong>Indul\u00e1s \u00e9s vissza\u00fat<\/strong><\/em><\/h4>\n<p>A Foglal\u00e1si folyamat ut\u00e1n az utaz\u00f3 tal\u00e1lkoz\u00e1si pontot kap. A t\u00far\u00e1k tal\u00e1lkoz\u00e1si pontjainkon indulnak \u00e9s fejez\u0151dnek be.<\/p>\n<p>&nbsp;<\/p>\n<h3><a id=\"samana-day-trip-from-punta-cana-el-limon-waterfall-and-bacardi-island\" class=\"aal_anchor\" href=\"https:\/\/bookingadventures.com.do\/dominicantour\/samana-day-trip-from-punta-cana-el-limon-waterfall-and-bacardi-island\/#samana-day-trip-from-punta-cana-el-limon-waterfall-and-bacardi-island\" aria-hidden=\"true\" rel=\"noopener\"><\/a>Samana napi kir\u00e1ndul\u00e1s Punta Can\u00e1b\u00f3l \u2013 El Limon v\u00edzes\u00e9s \u00e9s Bacardi-sziget<\/h3>\n<h4><a id=\"what-to-expect\" class=\"aal_anchor\" href=\"https:\/\/bookingadventures.com.do\/dominicantour\/samana-day-trip-from-punta-cana-el-limon-waterfall-and-bacardi-island\/#what-to-expect\" aria-hidden=\"true\" rel=\"noopener\"><\/a><b><i>Mi v\u00e1rhat\u00f3?<\/i><\/b><\/h4>\n<p>&nbsp;<\/p>\n<p><strong>Szerezze meg jegyeit most<\/strong>. A v\u00edzes\u00e9sek, lovagl\u00e1s, t\u00far\u00e1z\u00e1s \u00e9s szafari t\u00fara, \u00fasz\u00e1s a Natural Springsben, eb\u00e9d a Bacardi-szigeten \u00e9s m\u00e1s sz\u00f3rakoztat\u00f3 programok v\u00e1rnak r\u00e1d.<\/p>\n<p>Bayahib\u00e9b\u0151l busszal indulunk a Samana Bay kik\u00f6t\u0151be. A kik\u00f6t\u0151ben felsz\u00e1llunk egy cs\u00f3nakra vagy katamar\u00e1nra helyi idegenvezet\u0151kkel, akik Samana k\u00f6z\u00f6ss\u00e9g\u00e9be ir\u00e1ny\u00edtanak. Ebben a k\u00f6z\u00f6ss\u00e9gben egy szafari t\u00fara vezet k\u00f6rbe, ahol megismerheti a v\u00e1ros t\u00f6rt\u00e9nelm\u00e9t. De ez m\u00e9g nem minden, az El Limon v\u00edzes\u00e9s k\u00f6vetkezik, itt \u00faszhat, t\u00far\u00e1zhat vagy lovagolhat. Az El Limon v\u00edzes\u00e9s egy fantasztikus term\u00e9szeti eml\u00e9k, tr\u00f3pusi erd\u0151vel \u00e9s tiszta term\u00e9szetes forr\u00e1sokkal. A Samana fel\u00e9 vezet\u0151 \u00faton meg fogunk \u00e1llni a Bacardi-szigeten, ahol eb\u00e9det szolg\u00e1lnak fel, \u00e9s \u00d6n \u00faszhat a Dominikai K\u00f6zt\u00e1rsas\u00e1g egyik legterm\u00e9szetesebb medenc\u00e9j\u00e9ben.<\/p>\n<p>&nbsp;<\/p>\n<p>Ha r\u00f6videbbre vagy hosszabbra szeretn\u00e9 m\u00f3dos\u00edtani ezt az utat, k\u00e9rj\u00fck, vegye fel vel\u00fcnk a kapcsolatot.<\/p>\n<p>&nbsp;<\/p>\n<h4><a id=\"what-you-should-bring\" class=\"aal_anchor\" href=\"https:\/\/bookingadventures.com.do\/dominicantour\/samana-day-trip-from-punta-cana-el-limon-waterfall-and-bacardi-island\/#what-you-should-bring\" aria-hidden=\"true\" rel=\"noopener\"><\/a><em><strong>Mit kell vinni?<\/strong><\/em><\/h4>\n<ul>\n<li>Kamera<\/li>\n<li>Riaszt\u00f3 bimb\u00f3k<\/li>\n<li>naptej<\/li>\n<li>Kalap<\/li>\n<li>K\u00e9nyelmes nadr\u00e1g<\/li>\n<li>Erdei t\u00faracip\u0151<\/li>\n<li>Szand\u00e1lok a tavaszi ter\u00fcletekre.<\/li>\n<li>\u00dasz\u00f3ruha<\/li>\n<\/ul>\n<p>&nbsp;<\/p>\n<h4><a id=\"hotel-pickup\" class=\"aal_anchor\" href=\"https:\/\/bookingadventures.com.do\/dominicantour\/samana-day-trip-from-punta-cana-el-limon-waterfall-and-bacardi-island\/#hotel-pickup\" aria-hidden=\"true\" rel=\"noopener\"><\/a><b><i>Sz\u00e1llodai \u00e1tv\u00e9tel<\/i><\/b><\/h4>\n<p>Utaz\u00f3i \u00e1tv\u00e9tel biztos\u00edtott!<\/p>\n<p>Punta Cana \u00f6sszes sz\u00e1llod\u00e1j\u00e1b\u00f3l felvesz\u00fcnk. Az \u00e1tv\u00e9tel helye a Hotel Lobby<br \/>\nHa a k\u00f6rny\u00e9ken l\u00e9v\u0151 t\u00e1rsash\u00e1zban tart\u00f3zkodik, akkor a lak\u00e1sban vagy a legk\u00f6zelebbi \u00fcd\u00fcl\u0151hely bej\u00e1rat\u00e1n\u00e1l felvessz\u00fck \u00d6nt. A Pick up felveszi vel\u00fcnk a kapcsolatot Whatsappon kereszt\u00fcl.<\/p>\n<p><b>Jegyzet:<\/b>\u00a0Ha a t\u00fara\/kir\u00e1ndul\u00e1s indul\u00e1si id\u0151pontj\u00e1t\u00f3l sz\u00e1m\u00edtott 24 \u00f3r\u00e1n bel\u00fcl foglal, fel\u00e1r ellen\u00e9ben meg tudjuk szervezni a sz\u00e1llodai \u00e1tv\u00e9telt. Amint a v\u00e1s\u00e1rl\u00e1s befejez\u0151d\u00f6tt, elk\u00fcldj\u00fck \u00d6nnek a helyi idegenvezet\u0151nk teljes el\u00e9rhet\u0151s\u00e9gi adatait (telefonsz\u00e1m, e-mail c\u00edm stb.), hogy megszervezhess\u00fck az \u00e1tv\u00e9tel megszervez\u00e9s\u00e9t.<\/p>\n<h4><a id=\"additional-info-confirmation\" class=\"aal_anchor\" href=\"https:\/\/bookingadventures.com.do\/dominicantour\/samana-day-trip-from-punta-cana-el-limon-waterfall-and-bacardi-island\/#additional-info-confirmation\" aria-hidden=\"true\" rel=\"noopener\"><\/a><b><i>Tov\u00e1bbi inform\u00e1ci\u00f3k meger\u0151s\u00edt\u00e9se<\/i><\/b><\/h4>\n<ol>\n<li>A jegyek a t\u00fara befizet\u00e9s\u00e9t k\u00f6vet\u0151 nyugt\u00e1k. A fizet\u00e9st a telefonon tudod megjelen\u00edteni.<\/li>\n<li>A tal\u00e1lkoz\u00e1si pontot a foglal\u00e1si folyamat ut\u00e1n veszik \u00e1t.<\/li>\n<li>A gyermekeket feln\u0151tt k\u00eds\u00e9ret\u00e9ben kell biztos\u00edtani.<\/li>\n<li>Kerekessz\u00e9kkel nem megk\u00f6zel\u00edthet\u0151<\/li>\n<li>A csecsem\u0151knek \u00f6lben kell \u00fclni\u00fck<\/li>\n<li>H\u00e1tprobl\u00e9m\u00e1kkal k\u00fczd\u0151 utaz\u00f3knak nem aj\u00e1nlott<\/li>\n<li>Terhes utaz\u00f3knak nem aj\u00e1nlott<\/li>\n<li>Nincsenek sz\u00edvprobl\u00e9m\u00e1k vagy egy\u00e9b s\u00falyos eg\u00e9szs\u00e9g\u00fcgyi \u00e1llapotok<\/li>\n<li>A legt\u00f6bb utaz\u00f3 r\u00e9szt vehet<\/li>\n<\/ol>\n\n\t\t<\/div>\n\t<\/div>\n<\/div><\/div><\/div><\/div><div class=\"wpb_column vc_column_container vc_col-sm-12\"><div class=\"vc_column-inner\"><div class=\"wpb_wrapper\"><\/div><\/div><\/div><div class=\"wpb_column vc_column_container vc_col-sm-12\"><div class=\"vc_column-inner\"><div class=\"wpb_wrapper\"><\/div><\/div><\/div>","protected":false},"excerpt":{"rendered":"<p>Ha Punta Can\u00e1ban vagy Bavar\u00f3ban tart\u00f3zkodik, \u00e9s egy napos kir\u00e1ndul\u00e1sra szeretne menni a szok\u00e1sosn\u00e1l kevesebbet fizetve, foglalja le ezt az utat. Ezen az utaz\u00e1son bel\u00fcl Saman\u00e1ba visz\u00fcnk, ahol egy katamar\u00e1non Sabana de la Marba, Hato Mayor telep\u00fcl\u00e9s\u00e9be, a Los Haitises Nemzeti Park otthon\u00e1ba visznek. Ez az utaz\u00e1s mag\u00e1ban foglalja a szafari t\u00far\u00e1t, a katamar\u00e1nt, a v\u00edzes\u00e9st \u00e9s a tengerparti \u00fasz\u00e1st \u00e9s m\u00e9g sok m\u00e1st. Az utaz\u00e1s reggel 6 \u00f3rakor kezd\u0151dik \u00e9s 18:30-kor \u00e9r v\u00e9get.<\/p>\n<p><strong>V\u00e1lassza ki a t\u00fara d\u00e1tum\u00e1t\u00a0<\/strong><\/p>","protected":false},"featured_media":11580,"template":"","meta":[],"product_cat":[456,948,961,959,189,972,963,190,307,253,254,255],"product_tag":[184,183,384,223,382,380,185,381,222,175,383,186,458,457,200,187],"class_list":["post-9613","product","type-product","status-publish","has-post-thumbnail","hentry","product_cat-day-trips","product_cat-1-punta-cana","product_cat-el-limon-horseback-riding","product_cat-el-limon-punta-cana","product_cat-horse-riding-to-waterfalls","product_cat-punta-cana-group-tours","product_cat-punta-cana-samana-day-trips","product_cat-safari-samana","product_cat-salto-el-limon-and-bacardi-island","product_cat-tours-and-excursions","product_cat-tours-excursions-los-haitises-national-park","product_cat-tours-excursions-samana-bay-dominican-republic","product_tag-bacardi-island","product_tag-beach-time","product_tag-cascada-el-limon-salto-el-limon-samana-republica-dominicana","product_tag-cayo-levantado","product_tag-el-limon-waterfall-bacardi-island-from-punta-cana","product_tag-el-limon-waterfall-and-bacardi-island-tour-from-punta-cana","product_tag-el-limon-waterfalls","product_tag-guided-adventures","product_tag-punta-cana","product_tag-sabana-de-la-mar","product_tag-salto-de-limon-punta-cana","product_tag-samana","product_tag-samana-day-trip-from-punta-cana","product_tag-samana-day-trip-from-punta-cana-el-limon-waterfall-and-bacardi-island","product_tag-samana-excursions","product_tag-samana-tours"],"_links":{"self":[{"href":"https:\/\/www.boattoursamana.com\/hu\/wp-json\/wp\/v2\/product\/9613","targetHints":{"allow":["GET"]}}],"collection":[{"href":"https:\/\/www.boattoursamana.com\/hu\/wp-json\/wp\/v2\/product"}],"about":[{"href":"https:\/\/www.boattoursamana.com\/hu\/wp-json\/wp\/v2\/types\/product"}],"wp:featuredmedia":[{"embeddable":true,"href":"https:\/\/www.boattoursamana.com\/hu\/wp-json\/wp\/v2\/media\/11580"}],"wp:attachment":[{"href":"https:\/\/www.boattoursamana.com\/hu\/wp-json\/wp\/v2\/media?parent=9613"}],"wp:term":[{"taxonomy":"product_cat","embeddable":true,"href":"https:\/\/www.boattoursamana.com\/hu\/wp-json\/wp\/v2\/product_cat?post=9613"},{"taxonomy":"product_tag","embeddable":true,"href":"https:\/\/www.boattoursamana.com\/hu\/wp-json\/wp\/v2\/product_tag?post=9613"}],"curies":[{"name":"wp","href":"https:\/\/api.w.org\/{rel}","templated":true}]}}