{"id":9630,"date":"2019-10-14T14:05:44","date_gmt":"2019-10-14T14:05:44","guid":{"rendered":"https:\/\/www.ticketswhales.com\/?post_type=product&#038;p=9630"},"modified":"2023-11-10T17:32:15","modified_gmt":"2023-11-10T17:32:15","slug":"parasailing-tour-from-punta-cana","status":"publish","type":"product","link":"https:\/\/www.boattoursamana.com\/hu\/tura\/ejtoernyos-tura-punta-canabol","title":{"rendered":"Parasailing t\u00fara Punta Can\u00e1b\u00f3l 95 USD."},"content":{"rendered":"<div class=\"vc_row wpb_row vc_row-fluid\" ><div class=\"wpb_column vc_column_container vc_col-sm-12\"><div class=\"vc_column-inner\"><div class=\"wpb_wrapper\"><div class=\"mkdf-section-title-holder\" style=\"text-align: left\">\n\t<div class=\"mkdf-st-inner\">\n\t\t\t\t\t<h5 class=\"mkdf-st-subtitle\" >\n\t\t\t\tA Punta Cana Hotels-t\u0151l\t\t\t<\/h5>\n\t\t\t\t\t\t\t<h3 class=\"mkdf-st-title\" >\n\t\t\t\tParasailing t\u00fara Punta Can\u00e1b\u00f3l\t\t\t<\/h3>\n\t\t\t\t\t\t\t<p class=\"mkdf-st-text\" >\n\t\t\t\tMegjegyz\u00e9s: Ez a t\u00fara reggel 7:00-kor kezd\u0151dik, att\u00f3l f\u00fcgg\u0151en, hogy hol van az \u00e1tv\u00e9teli sz\u00e1llod\u00e1k id\u0151pontja. Extra k\u00f6lts\u00e9gek a Le\u00edr\u00e1sunkban nem szerepl\u0151 ter\u00fcleteken t\u00f6rt\u00e9n\u0151 \u00e1tv\u00e9tel\u00e9rt.\t\t\t<\/p>\n\t\t\t<\/div>\n<\/div><\/div><\/div><\/div><\/div><div class=\"vc_row wpb_row vc_row-fluid\" ><div class=\"wpb_column vc_column_container vc_col-sm-12\"><div class=\"vc_column-inner\"><div class=\"wpb_wrapper\"><div class=\"vc_empty_space\"   style=\"height: 32px\"><span class=\"vc_empty_space_inner\"><\/span><\/div><\/div><\/div><\/div><\/div><div class=\"vc_row wpb_row vc_row-fluid\" ><div class=\"wpb_column vc_column_container vc_col-sm-12\"><div class=\"vc_column-inner\"><div class=\"wpb_wrapper\"><div class=\"vc_btn3-container vc_btn3-inline\" ><button class=\"vc_general vc_btn3 vc_btn3-size-md vc_btn3-shape-rounded vc_btn3-style-modern vc_btn3-color-green\">FOGLALD LE MOST<\/button><\/div>\n\t<div class=\"wpb_text_column wpb_content_element\" >\n\t\t<div class=\"wpb_wrapper\">\n\t\t\t<h4><b><i>\u00c1ttekint\u00e9s <\/i><\/b><\/h4>\n<div>\n<p>nPunta Cana\/Bavaro partvonala felett ejt\u0151erny\u0151s vitorl\u00e1z\u00e1ssal e 40 perces tev\u00e9kenys\u00e9g alatt Punta Can\u00e1b\u00f3l indul. Haszn\u00e1lja ki a Dominikai K\u00f6zt\u00e1rsas\u00e1g egyik legtapasztaltabb ejt\u0151erny\u0151s v\u00e1llalat\u00e1nak szak\u00e9rtelm\u00e9t, amely 2001 \u00f3ta t\u00f6bb mint 60 000 j\u00e1rattal rendelkezik. Gy\u00f6ny\u00f6rk\u00f6dj\u00f6n l\u00e9legzetel\u00e1ll\u00edt\u00f3 kil\u00e1t\u00e1sban a tengerparton, a t\u00fcrkizk\u00e9k v\u00edzben \u00e9s a parton elter\u00fcl\u0151 \u00fcd\u00fcl\u0151helyeken, mik\u00f6zben t\u00f6bb sz\u00e1z m\u00e9ter magasan rep\u00fcl a leveg\u0151ben. Vigy\u00e9l magaddal f\u00e9nyv\u00e9d\u0151t, f\u00fcrd\u0151ruh\u00e1t \u00e9s kalandv\u00e1gyat. Fest\u0151i l\u00e9gi t\u00fara Utazzon haj\u00f3val, \u00e9s tekintse meg a l\u00e1tnival\u00f3kat a v\u00edzr\u0151l V\u00e1laszthat\u00f3 reggeli vagy d\u00e9lut\u00e1ni indul\u00e1s Ingyenes hotel- \u00e9s lesz\u00e1ll\u00e1s<\/p>\n<\/div>\n<ul class=\"vcs-highlights\">\n<li>T\u00f6bb indul\u00e1s k\u00f6z\u00fcl v\u00e1laszthat a nap folyam\u00e1n<\/li>\n<li>\u00c9lvezze a fantasztikus l\u00e9gi kil\u00e1t\u00e1st<\/li>\n<li>Csal\u00e1d bar\u00e1t<\/li>\n<li>\u00c1tv\u00e9tel egy k\u00f6zponti tal\u00e1lkoz\u00e1si pontr\u00f3l<\/li>\n<li>Romantikus \u00e9lm\u00e9ny, t\u00f6k\u00e9letes p\u00e1roknak<\/li>\n<\/ul>\n<p>&nbsp;<\/p>\n<h4><b>Befoglal\u00e1sok \u00e9s kiz\u00e1r\u00e1sok<\/b><\/h4>\n<p>&nbsp;<\/p>\n<p><b>Z\u00e1rv\u00e1nyok<\/b><\/p>\n<p>&nbsp;<\/p>\n<ol>\n<li>Parasaling t\u00fara<\/li>\n<li>Buszfelv\u00e9tel a sz\u00e1llod\u00e1b\u00f3l<\/li>\n<li style=\"font-weight: 400;\"><span style=\"font-weight: 400;\">Minden ad\u00f3, d\u00edj \u00e9s kezel\u00e9si k\u00f6lts\u00e9g<\/span><\/li>\n<li style=\"font-weight: 400;\"><span style=\"font-weight: 400;\">Helyi ad\u00f3k<\/span><\/li>\n<li style=\"font-weight: 400;\"><span style=\"font-weight: 400;\">Italok<\/span><\/li>\n<\/ol>\n<p><b> Kiz\u00e1r\u00e1sok<\/b><\/p>\n<ol>\n<li style=\"font-weight: 400;\"><span style=\"font-weight: 400;\">h\u00e1lap\u00e9nz<\/span><\/li>\n<li>Eb\u00e9d<\/li>\n<\/ol>\n<p>&nbsp;<\/p>\n<h4><em><strong>Indul\u00e1s \u00e9s vissza\u00fat<\/strong><\/em><\/h4>\n<p><span style=\"font-weight: 400;\">A Foglal\u00e1si folyamat ut\u00e1n az utaz\u00f3 tal\u00e1lkoz\u00e1si pontot kap. A t\u00far\u00e1k tal\u00e1lkoz\u00e1si pontjainkon indulnak \u00e9s fejez\u0151dnek be.<\/span><\/p>\n<p>&nbsp;<\/p>\n<h4><b><i>Mi v\u00e1rhat\u00f3?<\/i><\/b><\/h4>\n<p>nK\u00e9pzelje el, hogy 150 l\u00e1b magasra emelkedik a leveg\u0151ben, mik\u00f6zben a h\u0171v\u00f6s sz\u00e9l simogatja az arc\u00e1t, mik\u00f6zben pihen, \u00e9s leny\u0171g\u00f6z\u0151 kil\u00e1t\u00e1s ny\u00edlik Bavaro \u2013 Punta Cana partj\u00e1ra. Hagyd abba a k\u00e9pzelg\u00e9st, \u00e9s csatlakozz hozz\u00e1nk a ejt\u0151erny\u0151z\u00e9s izgalmas utaz\u00e1s\u00e1ba, amely egy igaz\u00e1n felejthetetlen \u00e9lm\u00e9ny. Csak f\u00e9nyv\u00e9d\u0151re \u00e9s f\u00fcrd\u0151ruh\u00e1ra van sz\u00fcks\u00e9ge, mik\u00f6zben \u00e9lvezheti az utaz\u00e1s izgalm\u00e1t. Rep\u00fclj\u00f6n a Dominikai K\u00f6zt\u00e1rsas\u00e1g premier ejt\u0151erny\u0151s t\u00e1rsas\u00e1g\u00e1val. 2001 \u00f3ta t\u00f6bb mint 60 000 j\u00e1rattal, szakk\u00e9pzett kapit\u00e1nyaink \u00e9s leg\u00e9nys\u00e9g\u00fcnk a legtapasztaltabbak k\u00f6z\u00e9 tartoznak a szakm\u00e1ban.<\/p>\n<p><strong>Menetrend:<\/strong><\/p>\n<p>7:00 \u2013 19:00\u2026 Az id\u0151 v\u00e1ltoz\u00e1sa att\u00f3l f\u00fcgg\u0151en, hogy \u00d6n Punta Can\u00e1ban tart\u00f3zkodik.<\/p>\n<p>&nbsp;<\/p>\n<h4><em><strong>Mit kell vinni?<\/strong><\/em><\/h4>\n<ul>\n<li style=\"font-weight: 400;\"><span style=\"font-weight: 400;\">Kamera<\/span><\/li>\n<li style=\"font-weight: 400;\"><span style=\"font-weight: 400;\">Riaszt\u00f3 bimb\u00f3k<\/span><\/li>\n<li style=\"font-weight: 400;\"><span style=\"font-weight: 400;\">naptej<\/span><\/li>\n<li style=\"font-weight: 400;\"><span style=\"font-weight: 400;\">Kalap<\/span><\/li>\n<li style=\"font-weight: 400;\"><span style=\"font-weight: 400;\">K\u00e9nyelmes nadr\u00e1g<\/span><\/li>\n<li style=\"font-weight: 400;\"><span style=\"font-weight: 400;\">Erdei t\u00faracip\u0151<\/span><\/li>\n<li style=\"font-weight: 400;\"><span style=\"font-weight: 400;\">Szand\u00e1l a strandra<\/span><\/li>\n<li style=\"font-weight: 400;\"><span style=\"font-weight: 400;\">\u00dasz\u00f3ruha<\/span><\/li>\n<li>K\u00e9szp\u00e9nz aj\u00e1nd\u00e9kt\u00e1rgyak\u00e9rt<\/li>\n<\/ul>\n<p>&nbsp;<\/p>\n<h4><b><i>Sz\u00e1llodai \u00e1tv\u00e9tel <\/i><\/b><\/h4>\n<p><span style=\"font-weight: 400;\">Utaz\u00f3i \u00e1tv\u00e9tel biztos\u00edtott!<\/span><\/p>\n<p><span style=\"font-weight: 400;\">Punta Cana \u00f6sszes sz\u00e1llod\u00e1j\u00e1b\u00f3l felvesz\u00fcnk. Az \u00e1tv\u00e9tel helye a Hotel Lobby<br \/>\nHa a k\u00f6rny\u00e9ken l\u00e9v\u0151 t\u00e1rsash\u00e1zban tart\u00f3zkodik, akkor a lak\u00e1sban vagy a legk\u00f6zelebbi \u00fcd\u00fcl\u0151hely bej\u00e1rat\u00e1n\u00e1l felvessz\u00fck \u00d6nt. A Pick up felveszi vel\u00fcnk a kapcsolatot Whatsappon kereszt\u00fcl.<\/span><\/p>\n<p><b>Jegyzet:<\/b><span style=\"font-weight: 400;\"> Ha a t\u00fara\/kir\u00e1ndul\u00e1s indul\u00e1si id\u0151pontj\u00e1t\u00f3l sz\u00e1m\u00edtott 24 \u00f3r\u00e1n bel\u00fcl foglal, fel\u00e1r ellen\u00e9ben meg tudjuk szervezni a sz\u00e1llodai \u00e1tv\u00e9telt. Amint a v\u00e1s\u00e1rl\u00e1s befejez\u0151d\u00f6tt, elk\u00fcldj\u00fck \u00d6nnek a helyi idegenvezet\u0151nk teljes el\u00e9rhet\u0151s\u00e9gi adatait (telefonsz\u00e1m, e-mail c\u00edm stb.), hogy megszervezhess\u00fck az \u00e1tv\u00e9tel megszervez\u00e9s\u00e9t.<\/span><\/p>\n<h4><b><i>Tov\u00e1bbi inform\u00e1ci\u00f3k meger\u0151s\u00edt\u00e9se <\/i><\/b><\/h4>\n<ol>\n<li>A jegyek a t\u00fara befizet\u00e9s\u00e9t k\u00f6vet\u0151 nyugt\u00e1k. A fizet\u00e9st a telefonon tudod megjelen\u00edteni.<\/li>\n<li style=\"font-weight: 400;\"><span style=\"font-weight: 400;\">A tal\u00e1lkoz\u00e1si pontot a foglal\u00e1si folyamat ut\u00e1n veszik \u00e1t.<\/span><\/li>\n<li style=\"font-weight: 400;\"><span style=\"font-weight: 400;\">A gyermekeket feln\u0151tt k\u00eds\u00e9ret\u00e9ben kell biztos\u00edtani.<\/span><\/li>\n<li style=\"font-weight: 400;\"><span style=\"font-weight: 400;\">kerekessz\u00e9kkel el\u00e9rhet\u0151 <\/span><\/li>\n<li style=\"font-weight: 400;\"><span style=\"font-weight: 400;\">A csecsem\u0151knek \u00f6lben kell \u00fclni\u00fck <\/span><\/li>\n<li style=\"font-weight: 400;\"><span style=\"font-weight: 400;\">A legt\u00f6bb utaz\u00f3 r\u00e9szt vehet<\/span><\/li>\n<\/ol>\n<h4><b><i>Lemond\u00e1si felt\u00e9telek<\/i><\/b><\/h4>\n<p>A teljes visszat\u00e9r\u00edt\u00e9s\u00e9rt k\u00e9rj\u00fck, olvassa el lemond\u00e1si szab\u00e1lyzatunkat\u00a0<a href=\"https:\/\/www.boattoursamana.com\/hu\/online-foglalas\/\" target=\"_blank\" rel=\"noopener\" data-saferedirecturl=\"https:\/\/www.google.com\/url?q=https:\/\/www.boattoursamana.com\/online-booking\/&amp;source=gmail&amp;ust=1672532492004000&amp;usg=AOvVaw3ylqI1cdbIPTimEqEWneyd\">Kattints ide<\/a>. Az \u00f6sszeg elveszik, ha a foglal\u00e1st az utaz\u00e1s napj\u00e1n lemondj\u00e1k.<\/p>\n\n\t\t<\/div>\n\t<\/div>\n<\/div><\/div><\/div><\/div><div class=\"vc_row wpb_row vc_row-fluid\" ><div class=\"wpb_column vc_column_container vc_col-sm-12\"><div class=\"vc_column-inner\"><div class=\"wpb_wrapper\">\n\t<div class=\"wpb_text_column wpb_content_element\" >\n\t\t<div class=\"wpb_wrapper\">\n\t\t\t<h4>L\u00e9pjen kapcsolatba vel\u00fcnk?<\/h4>\n<h5><em><strong>Kalandok foglal\u00e1sa<\/strong><\/em><\/h5>\n<p><em><strong>Helyiek<\/strong> \u00e9s <strong>Nemzetiek<\/strong> Idegenvezet\u0151k \u00e9s vend\u00e9gszolg\u00e1ltat\u00e1sok<\/em><\/p>\n<p><span class=\"text-turquoise\">Foglal\u00e1sok:<\/span> T\u00far\u00e1k \u00e9s kir\u00e1ndul\u00e1sok Dom. Ism\u00e9tl\u00e9s.<\/p>\n\n\t\t<\/div>\n\t<\/div>\n<\/div><\/div><\/div><\/div><div class=\"vc_row wpb_row vc_row-fluid\" ><\/div><div class=\"wpb_column vc_column_container vc_col-sm-12\"><div class=\"vc_column-inner\"><div class=\"wpb_wrapper\"><\/div><\/div><\/div><div class=\"vc_empty_space\"   style=\"height: 32px\"><span class=\"vc_empty_space_inner\"><\/span><\/div><div class=\"vc_row wpb_row vc_row-fluid\" ><div class=\"wpb_column vc_column_container vc_col-sm-12\"><div class=\"vc_column-inner\"><div class=\"wpb_wrapper\"><div class=\"vc_btn3-container vc_btn3-inline\" ><button class=\"vc_general vc_btn3 vc_btn3-size-md vc_btn3-shape-rounded vc_btn3-style-modern vc_btn3-color-green\">FOGLALD LE MOST<\/button><\/div><\/div><\/div><\/div><\/div>","protected":false},"excerpt":{"rendered":"<p>Az ejt\u0151erny\u0151z\u00e9s Punta Can\u00e1ban egy csod\u00e1latos kaland, \u00e9s az egyik legjobb dolog Punta Can\u00e1ban. A partvonal 200 l\u00e1b magasb\u00f3l a leveg\u0151ben vitorl\u00e1z\u00e1s k\u00f6zben teljesen leny\u0171g\u00f6z\u0151.<\/p>\n<p>A parasailing egyszer\u0171 \u00e9s sz\u00f3rakoztat\u00f3 \u00e9lm\u00e9ny a csal\u00e1d minden tagja sz\u00e1m\u00e1ra. A Dominikai K\u00f6zt\u00e1rsas\u00e1g els\u0151 sz\u00e1m\u00fa ejt\u0151erny\u0151s \u00e9s kalandv\u00e1llalatak\u00e9nt ejt\u0151erny\u0151s csapatunk Punta Cana legtapasztaltabb csapata, t\u00f6bb mint 16 \u00e9ves rep\u00fcl\u00e9si tapasztalattal.<span style=\"vertical-align: inherit;\"><span style=\"vertical-align: inherit;\">.<\/span><\/span><\/p>\n<p>K\u00f6r\u00fclbel\u00fcl 15 percnyi rep\u00fcl\u00e9st \u00e9lvezhet, mik\u00f6zben gy\u00f6ny\u00f6rk\u00f6dik a gy\u00f6ny\u00f6r\u0171 panor\u00e1m\u00e1ban.<\/p>\n<p><strong>V\u00e1lassza ki a t\u00fara d\u00e1tum\u00e1t:\u00a0<\/strong><\/p>","protected":false},"featured_media":9634,"template":"","meta":[],"product_cat":[253,948,468,972,349,294],"product_tag":[242,470,469,222,471,313,243],"class_list":["post-9630","product","type-product","status-publish","has-post-thumbnail","hentry","product_cat-tours-and-excursions","product_cat-1-punta-cana","product_cat-parasaling","product_cat-punta-cana-group-tours","product_cat-tours-and-excursion-punta-cana","product_cat-tours-excursions-punta-cana-dominican-republic","product_tag-catamaran","product_tag-parasail-punta-cana","product_tag-parasailing-in-punta-cana","product_tag-punta-cana","product_tag-punta-cana-catamaran-party-with-snorkeling-and-parasailing","product_tag-punta-cana-tours","product_tag-saona-island"],"_links":{"self":[{"href":"https:\/\/www.boattoursamana.com\/hu\/wp-json\/wp\/v2\/product\/9630","targetHints":{"allow":["GET"]}}],"collection":[{"href":"https:\/\/www.boattoursamana.com\/hu\/wp-json\/wp\/v2\/product"}],"about":[{"href":"https:\/\/www.boattoursamana.com\/hu\/wp-json\/wp\/v2\/types\/product"}],"wp:featuredmedia":[{"embeddable":true,"href":"https:\/\/www.boattoursamana.com\/hu\/wp-json\/wp\/v2\/media\/9634"}],"wp:attachment":[{"href":"https:\/\/www.boattoursamana.com\/hu\/wp-json\/wp\/v2\/media?parent=9630"}],"wp:term":[{"taxonomy":"product_cat","embeddable":true,"href":"https:\/\/www.boattoursamana.com\/hu\/wp-json\/wp\/v2\/product_cat?post=9630"},{"taxonomy":"product_tag","embeddable":true,"href":"https:\/\/www.boattoursamana.com\/hu\/wp-json\/wp\/v2\/product_tag?post=9630"}],"curies":[{"name":"wp","href":"https:\/\/api.w.org\/{rel}","templated":true}]}}