{"id":9653,"date":"2019-10-15T08:33:05","date_gmt":"2019-10-15T08:33:05","guid":{"rendered":"https:\/\/www.ticketswhales.com\/?post_type=product&#038;p=9653"},"modified":"2023-11-10T17:27:37","modified_gmt":"2023-11-10T17:27:37","slug":"catalina-island-altos-de-chavon-from-punta-cana-snorkeling-with-catamaran-party","status":"publish","type":"product","link":"https:\/\/www.boattoursamana.com\/hu\/tura\/catalina-island-altos-de-chavon-from-punta-cana-snorkeling-with-catamaran-party","title":{"rendered":"Catalina-sziget \u00e9s Altos de Chavon Punta Can\u00e1b\u00f3l (snorkelez\u00e9s katamar\u00e1npartival)"},"content":{"rendered":"<div class=\"vc_row wpb_row vc_row-fluid\" ><div class=\"wpb_column vc_column_container vc_col-sm-12\"><div class=\"vc_column-inner\"><div class=\"wpb_wrapper\"><div class=\"mkdf-section-title-holder\" style=\"text-align: left\">\n\t<div class=\"mkdf-st-inner\">\n\t\t\t\t\t<h5 class=\"mkdf-st-subtitle\" >\n\t\t\t\tF\u00e9l napos \u00e9lm\u00e9ny\t\t\t<\/h5>\n\t\t\t\t\t\t\t<h3 class=\"mkdf-st-title\" >\n\t\t\t\tCatalina-sziget \u00e9s sznorkelez\u00e9s katamar\u00e1npartival Punta Can\u00e1b\u00f3l\t\t\t<\/h3>\n\t\t\t\t\t<\/div>\n<\/div><div class=\"vc_btn3-container vc_btn3-inline\" ><button class=\"vc_general vc_btn3 vc_btn3-size-md vc_btn3-shape-rounded vc_btn3-style-modern vc_btn3-color-green\">FOGLALD LE MOST<\/button><\/div><\/div><\/div><\/div><\/div><div class=\"vc_row wpb_row vc_row-fluid\" ><div class=\"wpb_column vc_column_container vc_col-sm-12\"><div class=\"vc_column-inner\"><div class=\"wpb_wrapper\">\n\t<div class=\"wpb_text_column wpb_content_element\" >\n\t\t<div class=\"wpb_wrapper\">\n\t\t\t<div class=\"vc_row wpb_row vc_row-fluid\">\n<div class=\"wpb_column vc_column_container vc_col-sm-12\">\n<div class=\"vc_column-inner\">\n<div class=\"wpb_wrapper\">\n<div class=\"wpb_text_column wpb_content_element\">\n<div class=\"wpb_wrapper\">\n<div class=\"vc_row wpb_row vc_row-fluid\">\n<div class=\"wpb_column vc_column_container vc_col-sm-12\">\n<div class=\"vc_column-inner\">\n<div class=\"wpb_wrapper\">\n<div class=\"wpb_text_column wpb_content_element\">\n<div class=\"wpb_wrapper\">\n<h4><b><i>\u00c1ttekint\u00e9s<\/i><\/b><\/h4>\n<p>\u00c9lvezz\u00fck a katamar\u00e1nt\u00far\u00e1t krist\u00e1lytiszta vizeken kereszt\u00fcl Catalina-szigetre, a Dominikai K\u00f6zt\u00e1rsas\u00e1g legismertebb sznorkelez\u00e9si ter\u00fclet\u00e9re.<\/p>\n<p>A nap a sz\u00e1lloda f\u0151 hallj\u00e1ban vagy egy meghat\u00e1rozott tal\u00e1lkoz\u00e1si ponton t\u00f6rt\u00e9n\u0151 \u00e1tv\u00e9tellel kezd\u0151dik. Ut\u00e1na tov\u00e1bbmegy\u00fcnk Catalina-szigetre, ahol egy friss\u00edt\u0151 f\u00fcrd\u0151t \u00e9s egy kis italt fogyasztunk, m\u00edg aki tud 2 f\u00e9le sznorkelez\u00e9st v\u00e9grehajtani oktat\u00f3val, ut\u00e1na pedig elfogyasztunk egy finom b\u00fcf\u00e9eb\u00e9det a tengerparton \u00e9s r\u00e9szt vesz\u00fcnk n\u00e9h\u00e1ny salsa\u00f3r\u00e1n. \u00e9s Bachata, mik\u00f6zben finom italokat is k\u00e9sz\u00edt\u00fcnk. Ha m\u00e1r belef\u00e1radt a parton lust\u00e1lkodni, ragadjon mag\u00e1hoz n\u00e9h\u00e1ny snorkeling felszerel\u00e9st, \u00e9s csod\u00e1lja meg Catalina v\u00edz alatti vil\u00e1g\u00e1t.<\/p>\n<p>Az \u00f3ce\u00e1n, olyan hihetetlen\u00fcl tiszta, \u00e9s a tengerparti feh\u00e9r homok v\u00e1r r\u00e1d. Pihenjen egy napoz\u00f3\u00e1gyon vagy b\u00fav\u00e1rkodjon. \u00c9lvezni fogja, ahol megl\u00e1tja zen\u00e9nk \u00e9s t\u00e1ncunk hagyom\u00e1nyait.<\/p>\n<p>Ut\u00e1na megy\u00fcnk Altos de Chavon szarvasmarh\u00e1hoz \u00e9s foly\u00f3hoz!<\/p>\n<p><strong>Jegyzet:<\/strong> Ez a t\u00fara nem priv\u00e1t. Ha priv\u00e1t t\u00far\u00e1t szeretne be\u00e1ll\u00edtani, l\u00e9pjen kapcsolatba vel\u00fcnk!<\/p>\n<ul>\n<li>\n<div class=\"py-1 inclusions-exclusions-item d-flex\" lang=\"en-x-mtfrom-en\">\n<div class=\"d-inline-block inclusions-exclusions-text\">Egy\u00e9ni sz\u00e1ll\u00edt\u00e1s<\/div>\n<\/div>\n<\/li>\n<li>Term\u00e9szetes \u00fasz\u00f3medence StarFish n\u00e9z\u00e9s\u00e9hez<\/li>\n<li>B\u00fav\u00e1rkod\u00e1s<\/li>\n<li>Eb\u00e9d<\/li>\n<li>Haj\u00f3 katamar\u00e1n transzfer<\/li>\n<li>A kapit\u00e1ny utas\u00edt\u00e1st \u00e9s fel\u00fcgyeletet biztos\u00edt<\/li>\n<li>Idegenvezet\u0151<\/li>\n<\/ul>\n<p>&nbsp;<\/p>\n<h4><b>Befoglal\u00e1sok \u00e9s kiz\u00e1r\u00e1sok<\/b><\/h4>\n<p><b>Z\u00e1rv\u00e1nyok<\/b><\/p>\n<ol>\n<li>Idegenvezet\u0151<\/li>\n<li>b\u00fav\u00e1rkod\u00e1s<\/li>\n<li>Eb\u00e9d<\/li>\n<li>\u00c1tv\u00e9tel a sz\u00e1llod\u00e1kban<\/li>\n<li>Katamar\u00e1n vagy haj\u00f3kir\u00e1ndul\u00e1s<\/li>\n<li>Minden ad\u00f3, d\u00edj \u00e9s kezel\u00e9si k\u00f6lts\u00e9g<\/li>\n<li>Helyi ad\u00f3k<\/li>\n<li>Italok<\/li>\n<\/ol>\n<p><b>Kiz\u00e1r\u00e1sok<\/b><\/p>\n<ol>\n<li>h\u00e1lap\u00e9nz<\/li>\n<li>F\u00e9nyk\u00e9pek<\/li>\n<\/ol>\n<h4><em><strong>Indul\u00e1s \u00e9s vissza\u00fat<\/strong><\/em><\/h4>\n<p>A Foglal\u00e1si folyamat ut\u00e1n az utaz\u00f3 tal\u00e1lkoz\u00e1si pontot kap. A t\u00far\u00e1k tal\u00e1lkoz\u00e1si pontjainkon indulnak \u00e9s fejez\u0151dnek be.<\/p>\n<h3>Catalina szigete \u00e9s sznorkelez\u00e9s katamar\u00e1npartival Punta Can\u00e1b\u00f3l \u2013 F\u00e9lnapos \u00e9lm\u00e9ny.<\/h3>\n<h4><b><i>Mi v\u00e1rhat\u00f3?<\/i><\/b><\/h4>\n<p>A Punta Cana-i Catalina-szigeti kir\u00e1ndul\u00e1s sor\u00e1n a vend\u00e9geknek lehet\u0151s\u00e9g\u00fck lesz sznorkelezni Catalina ny\u00fczsg\u0151 korallz\u00e1tonyaiban, \u00faszva az \u00e9l\u00e9nk halrajok k\u00f6z\u00f6tt, \u00e9lvezve a leny\u0171g\u00f6z\u0151 karibi v\u00edz alatti \u00e1llatvil\u00e1got.<\/p>\n<p>A snorkeling kir\u00e1ndul\u00e1st a reggeli \u00f3r\u00e1kban kezdj\u00fck La Romana fel\u00e9. Az \u00fat sor\u00e1n a cukorn\u00e1df\u00f6ldek mellett haladunk el, ahol az idegenvezet\u0151 \u00e9rdekes inform\u00e1ci\u00f3kat ad a k\u00f6rny\u00e9k t\u00f6rt\u00e9nelm\u00e9r\u0151l, \u00e1ltal\u00e1nos kult\u00far\u00e1j\u00e1r\u00f3l \u00e9s az orsz\u00e1g rumk\u00e9sz\u00edt\u00e9si technik\u00e1ir\u00f3l. La Roman\u00e1ba \u00e9rkezve felsz\u00e1llunk katamar\u00e1nunkra, \u00e9s Catalina fel\u00e9 indulunk. Els\u0151 \u00e1llom\u00e1sunk a szigeten a \u201eThe Wall\u201d lesz, egy fens\u00e9ges korallfal, amely a Szigett\u0151l a Karib-tengerig terjed.<\/p>\n<p>A sznorkelez\u00e9s ut\u00e1n folytatjuk az utat Catalina gy\u00f6ny\u00f6r\u0171 strandj\u00e1hoz, amely egy exkluz\u00edv hely. \u00c9rkez\u00e9skor a vend\u00e9gek 2 kilom\u00e9ternyi feh\u00e9r homokos strandot \u00e9s krist\u00e1lytiszta vizet, egy italokat k\u00edn\u00e1l\u00f3 tengerparti b\u00e1rt \u00e9s egy finom dominikai b\u00fcf\u00e9eb\u00e9det vehetnek ig\u00e9nybe grillez\u00e9ssel. D\u00e9lut\u00e1n 15:30 k\u00f6r\u00fcl felsz\u00e1llunk a katamar\u00e1nra, hogy visszat\u00e9rj\u00fcnk Punta Can\u00e1ba egy hihetetlen b\u00fav\u00e1rkod\u00e1ssal \u00e9s pihen\u00e9ssel t\u00f6lt\u00f6tt nap ut\u00e1n a Catalina-szigeten. Sziget A Punta Cana-i Catalina-szigeti kir\u00e1ndul\u00e1s sor\u00e1n a vend\u00e9geknek lehet\u0151s\u00e9g\u00fck lesz sznorkelezni Catalina ny\u00fczsg\u0151 korallz\u00e1tonyaiban, \u00e9s \u00e9l\u00e9nk halrajok k\u00f6z\u00f6tt \u00faszva \u00e9lvezhetik a leny\u0171g\u00f6z\u0151 karibi v\u00edz alatti \u00e1llatvil\u00e1got.<\/p>\n<p>A snorkeling kir\u00e1ndul\u00e1st a reggeli \u00f3r\u00e1kban kezdj\u00fck La Romana fel\u00e9. Az \u00fat sor\u00e1n a cukorn\u00e1df\u00f6ldek mellett haladunk el, ahol az idegenvezet\u0151 \u00e9rdekes inform\u00e1ci\u00f3kat ad a k\u00f6rny\u00e9k t\u00f6rt\u00e9nelm\u00e9r\u0151l, \u00e1ltal\u00e1nos kult\u00far\u00e1j\u00e1r\u00f3l \u00e9s az orsz\u00e1g rumk\u00e9sz\u00edt\u00e9si technik\u00e1ir\u00f3l. La Roman\u00e1ba \u00e9rkezve felsz\u00e1llunk katamar\u00e1nunkra, \u00e9s Catalina fel\u00e9 indulunk.<\/p>\n<p>Els\u0151 \u00e1llom\u00e1sunk a szigeten a \u201eThe Wall\u201d lesz, egy fens\u00e9ges korallfal, amely a Szigett\u0151l a Karib-tengerig terjed. A sznorkelez\u00e9s ut\u00e1n folytatja az utat Catalina gy\u00f6ny\u00f6r\u0171 strandj\u00e1hoz, amely egy exkluz\u00edv hely. \u00c9rkez\u00e9skor a vend\u00e9gek 2 kilom\u00e9ternyi feh\u00e9r homokos strandot \u00e9s krist\u00e1lytiszta vizet, egy italokat k\u00edn\u00e1l\u00f3 tengerparti b\u00e1rt \u00e9s egy finom dominikai b\u00fcf\u00e9eb\u00e9det vehetnek ig\u00e9nybe grillez\u00e9ssel. D\u00e9lut\u00e1n 15:30 k\u00f6r\u00fcl felsz\u00e1llunk a katamar\u00e1nra, hogy visszat\u00e9rj\u00fcnk Punta Can\u00e1ba egy hihetetlen b\u00fav\u00e1rkod\u00e1ssal \u00e9s pihen\u00e9ssel t\u00f6lt\u00f6tt nap ut\u00e1n a Catalina-szigeten.<\/p>\n<div class=\"a-text--first-content _for-copy-large l-hide-for-large\">\n<p>Hagyja, hogy a<strong>\u00a0A Catalina-sziget karibi paradicsoma mag\u00e1val ragad\u00a0<\/strong>\u00e9s fedezze fel a fest\u0151i sz\u00e9ps\u00e9get\u00a0<strong>Altos de Chav\u00f3n<\/strong>\u00a0ezen a kihagyhatatlan egynapos kir\u00e1ndul\u00e1son La Roman\u00e1b\u00f3l.<\/p>\n<\/div>\n<div id=\"o-slider--activity-detail__container\" class=\"o-slider js-module-slider is-photos\"><\/div>\n<div id=\"l-768-calendar-anchor\"><\/div>\n<div id=\"new-fading-text\" class=\"new-fading-text _loaded u-no-before show-hidden-elements\">\n<div class=\"o-activity-description\">\n<h2>Catalina-sziget \u00e9s Altos de Chav\u00f3n egynapos kir\u00e1ndul\u00e1s<\/h2>\n<p>Miut\u00e1n reggel elviszik a sz\u00e1llod\u00e1b\u00f3l, elindul a kalandra, \u00e9s megteszi az els\u0151 \u00e1llom\u00e1st\u00a0<strong>Altos de Chav\u00f3n<\/strong>. 40 perced lesz ennek felfedez\u00e9s\u00e9re<strong>\u00a0gy\u00f6ny\u00f6r\u0171 kikapcsol\u00f3d\u00e1s egy mediterr\u00e1n st\u00edlus\u00fa faluban<\/strong>\u00a0\u00e9s megcsod\u00e1lhatja a mellette foly\u00f3 Chav\u00f3n foly\u00f3 kil\u00e1t\u00e1s\u00e1t. Igaz\u00e1n elb\u0171v\u00f6l\u0151!<\/p>\n<p class=\"new-fading-text__hidden-element\">Folytatva a t\u00far\u00e1t, egy dokkba ker\u00fclsz a k\u00f6vetkez\u0151n\u00a0<strong>Salado foly\u00f3\u00a0<\/strong>ahol a te\u00a0<strong>katamar\u00e1n\u00a0<\/strong>v\u00e1rni fogja, hogy elinduljon Isla Catalina fel\u00e9. K\u00f6r\u00fclbel\u00fcl 40 perces k\u00f6r\u00fatja sor\u00e1n a fed\u00e9lzeten egy ital mellett gy\u00f6ny\u00f6rk\u00f6dhet a\u00a0<strong>\u00e1that\u00f3 k\u00e9k a szikr\u00e1z\u00f3 Karib-tenger<\/strong>.<\/p>\n<p class=\"new-fading-text__hidden-element\">Az \u00fati c\u00e9l fel\u00e9 haladva k\u00f6zvetlen\u00fcl a La Pared vagy The Wall n\u00e9ven ismert korallz\u00e1tonyhoz \u00e9r, ahol lehet\u0151s\u00e9ge ny\u00edlik\u00a0<strong>h\u0171s\u00edtse le mag\u00e1t egy friss\u00edt\u0151 megm\u00e1rt\u00f3z\u00e1ssal a tengerben, \u00e9s sznorkelezzen a hihetetlen tengeri \u00e9l\u0151l\u00e9nyek k\u00f6z\u00f6tt<\/strong>. T\u00f6lts\u00f6n el 40 percet a v\u00edz alatti felfedez\u00e9ssel, miel\u0151tt visszat\u00e9rne a katamar\u00e1nhoz, \u00e9s horgonyt vetne a Catalina-szigeten tal\u00e1lhat\u00f3 dokkn\u00e1l.<\/p>\n<p class=\"new-fading-text__hidden-element\">Ha a l\u00e1bad sz\u00e1razon van, egy kis \u00e9tterembe ker\u00fclsz, ahonnan leny\u0171g\u00f6z\u0151 kil\u00e1t\u00e1s ny\u00edlik a tengerre, ahol\u00a0<strong>finom sv\u00e9dasztalos eb\u00e9d<\/strong>. \u00dajult er\u0151vel h\u00e1rom \u00f3ra szabadid\u0151d lesz, hogy a legt\u00f6bbet kihozd bel\u0151le\u00a0<strong>paradicsomi feh\u00e9r homokos strandok<\/strong>. F\u00fcggetlen\u00fcl att\u00f3l, hogy ink\u00e1bb pihenni \u00e9s napozni szeretne, vagy kipr\u00f3b\u00e1l egy olyan sz\u00f3rakoztat\u00f3 tev\u00e9kenys\u00e9get, mint a sz\u00f6rf\u00f6z\u00e9s, felejthetetlen d\u00e9lut\u00e1nt t\u00f6lthet el.<\/p>\n<p class=\"new-fading-text__hidden-element\">A nap v\u00e9g\u00e9n visszat\u00e9r a katamar\u00e1nhoz, \u00e9s visszahaj\u00f3zik La Roman\u00e1ba, ahol kisz\u00e1ll a sz\u00e1llod\u00e1ba.<\/p>\n<\/div>\n<\/div>\n<p>&nbsp;<\/p>\n<p><strong>Menetrend:<\/strong><\/p>\n<p>7:00 \u00e9s 16:30 k\u00f6z\u00f6tt<\/p>\n<p>&nbsp;<\/p>\n<\/div>\n<p>Az id\u0151 v\u00e1ltozhat a sz\u00e1llod\u00e1kb\u00f3l val\u00f3 indul\u00e1s id\u0151pontj\u00e1t\u00f3l f\u00fcgg\u0151en.<\/p>\n<div class=\"wpb_wrapper\">\n<p>&nbsp;<\/p>\n<h4><em><strong>Mit kell vinni?<\/strong><\/em><\/h4>\n<ul>\n<li>Kamera<\/li>\n<li>Riaszt\u00f3 bimb\u00f3k<\/li>\n<li>naptej<\/li>\n<li>Kalap<\/li>\n<li>K\u00e9nyelmes nadr\u00e1g<\/li>\n<li>\u00dasz\u00f3ruha<\/li>\n<li>K\u00e9szp\u00e9nz aj\u00e1nd\u00e9kt\u00e1rgyak\u00e9rt<\/li>\n<\/ul>\n<p>&nbsp;<\/p>\n<h4><b><i>Sz\u00e1llodai \u00e1tv\u00e9tel<\/i><\/b><\/h4>\n<p>Ezen a t\u00far\u00e1n a sz\u00e1lloda \u00e1tv\u00e9tele biztos\u00edtott. Be\u00e1ll\u00edthatjuk a Whatsappon kereszt\u00fcl. A La Romana, Punta Cana, Bavaro \u00e9s Bayahibe sz\u00e1llod\u00e1kt\u00f3l.<\/p>\n<p>&nbsp;<\/p>\n<p><b>Jegyzet:<\/b> Ha a t\u00fara\/kir\u00e1ndul\u00e1s indul\u00e1si id\u0151pontj\u00e1t\u00f3l sz\u00e1m\u00edtott 24 \u00f3r\u00e1n bel\u00fcl foglal, fel\u00e1r ellen\u00e9ben meg tudjuk szervezni a sz\u00e1llodai \u00e1tv\u00e9telt. Amint a v\u00e1s\u00e1rl\u00e1s befejez\u0151d\u00f6tt, elk\u00fcldj\u00fck \u00d6nnek a helyi idegenvezet\u0151nk teljes el\u00e9rhet\u0151s\u00e9gi adatait (telefonsz\u00e1m, e-mail c\u00edm stb.), hogy megszervezhess\u00fck az \u00e1tv\u00e9tel megszervez\u00e9s\u00e9t.<\/p>\n<h4><b><i>Tov\u00e1bbi inform\u00e1ci\u00f3k meger\u0151s\u00edt\u00e9se<\/i><\/b><\/h4>\n<ol>\n<li>A jegyek a t\u00fara befizet\u00e9s\u00e9t k\u00f6vet\u0151 nyugt\u00e1k. A fizet\u00e9st a telefonon tudod megjelen\u00edteni.<\/li>\n<li>A tal\u00e1lkoz\u00e1si pontot a foglal\u00e1si folyamat ut\u00e1n veszik \u00e1t.<\/li>\n<li>A gyermekeket feln\u0151tt k\u00eds\u00e9ret\u00e9ben kell biztos\u00edtani.<\/li>\n<li>kerekessz\u00e9kkel el\u00e9rhet\u0151<\/li>\n<li>A csecsem\u0151knek \u00f6lben kell \u00fclni\u00fck<\/li>\n<li>A legt\u00f6bb utaz\u00f3 r\u00e9szt vehet<\/li>\n<\/ol>\n<h4><b><i>Lemond\u00e1si felt\u00e9telek<\/i><\/b><\/h4>\n<p>A teljes visszat\u00e9r\u00edt\u00e9s\u00e9rt k\u00e9rj\u00fck, olvassa el lemond\u00e1si szab\u00e1lyzatunkat\u00a0<a href=\"https:\/\/www.boattoursamana.com\/hu\/online-foglalas\/\" target=\"_blank\" rel=\"noopener\" data-saferedirecturl=\"https:\/\/www.google.com\/url?q=https:\/\/www.boattoursamana.com\/online-booking\/&amp;source=gmail&amp;ust=1672532492004000&amp;usg=AOvVaw3ylqI1cdbIPTimEqEWneyd\">Kattints ide<\/a>. Az \u00f6sszeg elveszik, ha a foglal\u00e1st az utaz\u00e1s napj\u00e1n lemondj\u00e1k.<\/p>\n<\/div>\n<\/div>\n<\/div>\n<\/div>\n<\/div>\n<\/div>\n<\/div>\n<\/div>\n<\/div>\n<\/div>\n<\/div>\n<\/div>\n<div class=\"vc_row wpb_row vc_row-fluid\">\n<div class=\"wpb_column vc_column_container vc_col-sm-12\">\n<div class=\"vc_column-inner\">\n<div class=\"wpb_wrapper\">\n<div class=\"vc_empty_space\"><\/div>\n<div class=\"wpb_text_column wpb_content_element\">\n<div class=\"wpb_wrapper\">\n<h4>L\u00e9pjen kapcsolatba vel\u00fcnk?<\/h4>\n<h5><b><i>Kalandok foglal\u00e1sa<\/i><\/b><\/h5>\n<p><em><strong>Helyiek<\/strong>\u00a0\u00e9s\u00a0<strong>Nemzetiek<\/strong>\u00a0Idegenvezet\u0151k \u00e9s vend\u00e9gszolg\u00e1ltat\u00e1sok<\/em><\/p>\n<p><span class=\"text-turquoise\">Foglal\u00e1sok:<\/span>\u00a0T\u00far\u00e1k \u00e9s kir\u00e1ndul\u00e1sok Dom. Ism\u00e9tl\u00e9s.<\/p>\n<p><img decoding=\"async\" class=\"emoji\" src=\"https:\/\/s.w.org\/images\/core\/emoji\/11.2.0\/svg\/1f4de.svg\" alt=\"\ud83d\udcde\" title=\"\">\u00a0Tel \/ Whatsapp\u00a0\u00a0<a href=\"tel:+1-809-720-6035\">+1-809-720-6035<\/a>.<\/p>\n<p><img decoding=\"async\" class=\"emoji\" src=\"https:\/\/s.w.org\/images\/core\/emoji\/11.2.0\/svg\/1f4e9.svg\" alt=\"\ud83d\udce9\" title=\"\">\u00a0<a href=\"mailto:info@bookingadventures.com.do\">info@bookingadventures.com.do<\/a><\/p>\n<p><strong>Rugalmasan \u00e1ll\u00edtjuk be a Whatsapp priv\u00e1t t\u00far\u00e1it:\u00a0<a href=\"tel:+18097206035\">+18097206035.<\/a><\/strong><\/p>\n<\/div>\n<\/div>\n<\/div>\n<\/div>\n<\/div>\n<\/div>\n\n\t\t<\/div>\n\t<\/div>\n<div class=\"vc_btn3-container vc_btn3-inline\" ><button class=\"vc_general vc_btn3 vc_btn3-size-md vc_btn3-shape-rounded vc_btn3-style-modern vc_btn3-color-green\">FOGLALD LE MOST<\/button><\/div><\/div><\/div><\/div><\/div><div class=\"vc_row wpb_row vc_row-fluid\" ><div class=\"wpb_column vc_column_container vc_col-sm-12\"><div class=\"vc_column-inner\"><div class=\"wpb_wrapper\"><\/div><\/div><\/div><\/div>","protected":false},"excerpt":{"rendered":"<p>Az apr\u00f3 Catalina-sziget (Isla Catalina), mind\u00f6ssze 2,4 kilom\u00e9terre a Dominikai K\u00f6zt\u00e1rsas\u00e1g sz\u00e1razf\u00f6ldi r\u00e9sz\u00e9t\u0151l, egy idilli homokos folt a t\u00fcrkizk\u00e9k karibi vizekben. A j\u00f3l lakott korallz\u00e1tonyair\u00f3l ismert Catalina b\u00e9k\u00e9s pihen\u0151hely azok sz\u00e1m\u00e1ra, akik el akarnak menek\u00fclni a ny\u00fczsg\u0151 Punta Cana \u00e9s La Romana el\u0151l.<\/p>\n<p>Foglaljon vel\u00fcnk egynapos kir\u00e1ndul\u00e1st. Catalina-sziget egy parti katamar\u00e1nban, sznorkelez\u00e9ssel!<\/p>\n<p>&nbsp;<\/p>\n<p>K\u00e9rj\u00fck, v\u00e1lassza ki a kir\u00e1ndul\u00e1s id\u0151pontj\u00e1t:<\/p>","protected":false},"featured_media":9658,"template":"","meta":[],"product_cat":[483,948,160,972,967,349,253,255],"product_tag":[973,974,975,485,976,480,296,471,484],"class_list":["post-9653","product","type-product","status-publish","has-post-thumbnail","hentry","product_cat-catalina-island-catamaran-and-snorkeling","product_cat-1-punta-cana","product_cat-lunch","product_cat-punta-cana-group-tours","product_cat-punta-cana-catalina-island","product_cat-tours-and-excursion-punta-cana","product_cat-tours-and-excursions","product_cat-tours-excursions-samana-bay-dominican-republic","product_tag-catalina-island","product_tag-catalina-island-dominican-republic-snorkeling","product_tag-catalina-island-packages","product_tag-catalina-island-snorkeling-dominican-republic","product_tag-catalina-island-tour","product_tag-cheap-punta-cana-excursions","product_tag-day-trip-punta-cana","product_tag-punta-cana-catamaran-party-with-snorkeling-and-parasailing","product_tag-talina-island-snorkeling"],"_links":{"self":[{"href":"https:\/\/www.boattoursamana.com\/hu\/wp-json\/wp\/v2\/product\/9653","targetHints":{"allow":["GET"]}}],"collection":[{"href":"https:\/\/www.boattoursamana.com\/hu\/wp-json\/wp\/v2\/product"}],"about":[{"href":"https:\/\/www.boattoursamana.com\/hu\/wp-json\/wp\/v2\/types\/product"}],"wp:featuredmedia":[{"embeddable":true,"href":"https:\/\/www.boattoursamana.com\/hu\/wp-json\/wp\/v2\/media\/9658"}],"wp:attachment":[{"href":"https:\/\/www.boattoursamana.com\/hu\/wp-json\/wp\/v2\/media?parent=9653"}],"wp:term":[{"taxonomy":"product_cat","embeddable":true,"href":"https:\/\/www.boattoursamana.com\/hu\/wp-json\/wp\/v2\/product_cat?post=9653"},{"taxonomy":"product_tag","embeddable":true,"href":"https:\/\/www.boattoursamana.com\/hu\/wp-json\/wp\/v2\/product_tag?post=9653"}],"curies":[{"name":"wp","href":"https:\/\/api.w.org\/{rel}","templated":true}]}}