{"id":9912,"date":"2020-03-29T08:08:03","date_gmt":"2020-03-29T08:08:03","guid":{"rendered":"https:\/\/www.ticketswhales.com\/Tours-Excursions\/uncategorized\/import-placeholder-for-9851\/"},"modified":"2023-11-10T15:24:20","modified_gmt":"2023-11-10T15:24:20","slug":"samana-whale-watching-cayo-levantado-bacardi-island-limon-waterfalls-from-punta-cana-hotels","status":"publish","type":"product","link":"https:\/\/www.boattoursamana.com\/hu\/tura\/samana-balnanezo-cayo-levantado-bacardi-sziget-limon-vizesesek-a-punta-cana-i-szallodakbol","title":{"rendered":"Punta Cana: Saman\u00e1 b\u00e1lnales + Cayo Levantado (Bacardi-sziget) + Lim\u00f3n v\u00edzes\u00e9sek"},"content":{"rendered":"<div class=\"wpb_column vc_column_container vc_col-sm-12\"><div class=\"vc_column-inner\"><div class=\"wpb_wrapper\"><div class=\"vc_btn3-container vc_btn3-inline\" ><button class=\"vc_general vc_btn3 vc_btn3-size-md vc_btn3-shape-rounded vc_btn3-style-modern vc_btn3-color-green\">FOGLALD LE MOST<\/button><\/div>\n\t<div class=\"wpb_text_column wpb_content_element\" >\n\t\t<div class=\"wpb_wrapper\">\n\t\t\t<div class=\"vc_row wpb_row vc_row-fluid\">\n<div class=\"wpb_column vc_column_container vc_col-sm-12\">\n<div class=\"vc_column-inner\">\n<div class=\"wpb_wrapper\">\n<div class=\"mkdf-section-title-holder\">\n<div class=\"mkdf-st-inner\">\n<h5 class=\"mkdf-st-subtitle\">Cayo Levantado (Bacardi-sziget) + Limon-v\u00edzes\u00e9sek a Punta Cana Hotels-t\u00f3l.<\/h5>\n<h3 class=\"mkdf-st-title\">B\u00e1lnales 2023 Punta Can\u00e1ban a Samana-\u00f6b\u00f6lig<\/h3>\n<\/div>\n<\/div>\n<\/div>\n<\/div>\n<\/div>\n<\/div>\n<div class=\"vc_row wpb_row vc_row-fluid\"><\/div>\n<div class=\"wpb_column vc_column_container vc_col-sm-12\">\n<div class=\"vc_column-inner\">\n<div class=\"wpb_wrapper\"><\/div>\n<\/div>\n<\/div>\n<div class=\"wpb_text_column wpb_content_element\">\n<div class=\"wpb_wrapper\"><\/div>\n<\/div>\n<div class=\"vc_row wpb_row vc_row-fluid\">\n<div class=\"wpb_column vc_column_container vc_col-sm-12\">\n<div class=\"vc_column-inner\">\n<div class=\"wpb_wrapper\">\n<div class=\"wpb_text_column wpb_content_element\">\n<div class=\"wpb_wrapper\">\n<div class=\"vc_row wpb_row vc_row-fluid\">\n<div class=\"wpb_column vc_column_container vc_col-sm-12\">\n<div class=\"vc_column-inner\">\n<div class=\"wpb_wrapper\">\n<div class=\"wpb_text_column wpb_content_element\">\n<div class=\"wpb_wrapper\">\n<h4><b><i>\u00c1ttekint\u00e9s \ud83d\udc33<\/i><\/b><\/h4>\n<p>nWhale Punta Cana, b\u00e1lnales a Saman\u00e1-\u00f6b\u00f6lben, \u00e9s l\u00e1togassa meg a Cayo Levantado-t \u00e9s Safarit az El limon-v\u00edzes\u00e9shez ezen az eg\u00e9sz napos kir\u00e1ndul\u00e1son a Punta Cana-i sz\u00e1llod\u00e1kb\u00f3l. Utaz\u00e1s a Saman\u00e1-\u00f6b\u00f6lbe egy k\u00e9nyelmes, l\u00e9gkondicion\u00e1lt aut\u00f3busz fed\u00e9lzet\u00e9n, majd \u00e1tsz\u00e1ll\u00e1s egy katamar\u00e1n haj\u00f3ra Michesben. Haj\u00f3k\u00e1zzon ki a ny\u00edlt vizekre, hogy megkeresse a p\u00fapos b\u00e1ln\u00e1k h\u00fcvelyeit, amelyek szaporodni \u00e9s borjaikat a k\u00f6rny\u00e9ken tartj\u00e1k. Ismerje meg ezen tengeri eml\u0151s\u00f6k viselked\u00e9s\u00e9t \u00e9s biol\u00f3gi\u00e1j\u00e1t szak\u00e9rt\u0151 term\u00e9szettud\u00f3s \u00fatmutat\u00f3j\u00e1b\u00f3l. Menjen tov\u00e1bb Cayo Levantado \/ Bacardi-szigetre, eb\u00e9deljen a tengerparton, \u00e9s m\u00e1rt\u00f3zzon meg az az\u00fark\u00e9k v\u00edzben, miut\u00e1n az el Limon v\u00edzes\u00e9shez vezetett szafari kir\u00e1ndul\u00e1st a k\u00f3kuszdi\u00f3erd\u0151 melletti lovakkal, miel\u0151tt visszat\u00e9rne Punta Can\u00e1ba.<\/p>\n<p>&nbsp;<\/p>\n<p><strong>Jegyzet:<\/strong>\u00a0Ez a t\u00fara nem priv\u00e1t. Ez a t\u00fara mag\u00e1ban foglalta a meg\u00e1ll\u00f3helyet:\u00a0<strong>Limon v\u00edzes\u00e9s<\/strong>. K\u00e9rem, hogy ugyanazt az utat foglalja le, \u00e9s ne menjen a v\u00edzes\u00e9sekhez\u00a0<a href=\"https:\/\/www.boattoursamana.com\/hu\/Tours-Excursions\/tours-excursions-samana-bay-dominican-republic\/whale-watching-2020-in-punta-cana-to-samana-bay-cayo-levantado-bacardi-island-from-hotels\/\" data-mil=\"9912\">KATTINTS IDE.<\/a><\/p>\n<ul>\n<li>B\u00e1lnales\u0151 kir\u00e1ndul\u00e1s<\/li>\n<li>Bacardi-sziget \/ Cayo Levantado<\/li>\n<li>Bel\u00e9p\u0151d\u00edjak az Obszervat\u00f3riumba<\/li>\n<li>Samana Safari<\/li>\n<li>El Limon v\u00edzes\u00e9sek lovagl\u00e1s<\/li>\n<li>Tartalmazza a sv\u00e9dasztalos eb\u00e9det a tengerparton<\/li>\n<li>Haj\u00f3 transzfer<\/li>\n<li>A kapit\u00e1ny utas\u00edt\u00e1st \u00e9s fel\u00fcgyeletet biztos\u00edt<\/li>\n<li>Idegenvezet\u0151<\/li>\n<\/ul>\n<p>&nbsp;<\/p>\n<h4><b>Befoglal\u00e1sok \u00e9s kiz\u00e1r\u00e1sok<\/b><\/h4>\n<p>&nbsp;<\/p>\n<p><b>Z\u00e1rv\u00e1nyok<\/b><\/p>\n<p>&nbsp;<\/p>\n<ol>\n<li>Sv\u00e9dasztalos eb\u00e9d a tengerparton<\/li>\n<li>Transzfer a sz\u00e1llod\u00e1kb\u00f3l<\/li>\n<li>Idegenvezet\u0151<\/li>\n<li>Katamar\u00e1n vagy haj\u00f3kir\u00e1ndul\u00e1s<\/li>\n<li>Minden ad\u00f3, d\u00edj \u00e9s kezel\u00e9si k\u00f6lts\u00e9g<\/li>\n<li>Helyi ad\u00f3k<\/li>\n<li>Italok<\/li>\n<\/ol>\n<p><b>Kiz\u00e1r\u00e1sok<\/b><\/p>\n<ol>\n<li>h\u00e1lap\u00e9nz<\/li>\n<\/ol>\n<p>&nbsp;<\/p>\n<h4><em><strong>Indul\u00e1s \u00e9s vissza\u00fat<\/strong><\/em><\/h4>\n<p>Ezen a t\u00far\u00e1n a sz\u00e1lloda \u00e1tv\u00e9tele biztos\u00edtott. A Megjegyz\u00e9sek k\u00f6z\u00e9 csak \u00edrja be a sz\u00e1lloda nev\u00e9t, hogy elvigye \u00d6nt. Minden Punta Cana sz\u00e1llod\u00e1ban felvesz\u00fcnk.<\/p>\n<p>&nbsp;<\/p>\n<h3>Samana b\u00e1lnales + Cayo Levantado (Bacardi-sziget) + Limon v\u00edzes\u00e9sek a Punta Cana Hotels-t\u00f3l.<\/h3>\n<h4><b><i>Mi v\u00e1rhat\u00f3?<\/i><\/b><\/h4>\n<p>nLegyen k\u00f6zel a Dominikai K\u00f6zt\u00e1rsas\u00e1g tenger\u00e9nek szel\u00edd \u00f3ri\u00e1saihoz ezen a 12 \u00f3r\u00e1s p\u00fapos b\u00e1lna-n\u00e9z\u0151 kir\u00e1ndul\u00e1son a S\u00e1mana-\u00f6b\u00f6lben. T\u00f6lts\u00f6n el egy felejthetetlen napot azzal, hogy megfigyelje a b\u00e1ln\u00e1k ezreit, amelyek \u00e9vente a szigetre \u00f6z\u00f6nlenek, hogy p\u00e1rosodjanak, t\u00e1pl\u00e1lkozzanak \u00e9s j\u00e1tsszanak a meleg tr\u00f3pusi vizeken. Mik\u00f6zben megfigyeli ezeket a gy\u00f6ny\u00f6r\u0171 l\u00e9nyeket, egyed\u00fcl\u00e1ll\u00f3 betekint\u00e9st nyerhet szak\u00e9rt\u0151 b\u00e1lnales\u0151 \u00fatmutat\u00f3j\u00e1b\u00f3l. Fejezd be a napot egy eb\u00e9ddel \u00e9s egy strandol\u00e1si id\u0151vel a gy\u00f6ny\u00f6r\u0171 Cayo Levantado-szigeten. Az \u00e1r az oda-vissza sz\u00e1llodai transzfert is tartalmazza.<\/p>\n<p>9:00 \u00f3r\u00e1t\u00f3l d\u00e9lig 12:00 \u00f3r\u00e1ig B\u00e1lnales\u0151 Obszervat\u00f3rium \u00e9s A b\u00e1lnat\u00fara ut\u00e1n a Bacardi-szigetre\/Cayo Levantado-ra l\u00e1togatunk. A Bacardi-szigeten tipikus dominikai st\u00edlus\u00fa sv\u00e9dasztalos eb\u00e9det biztos\u00edtanak (rizs, bab, hal, sal\u00e1t\u00e1k\u2026). Az eb\u00e9d v\u00e9gezt\u00e9vel \u00faszhat \u00e9s k\u00e9sz\u00fclhet az El limon v\u00edzes\u00e9sekhez 16:30-ig. A t\u00fara 17:00 \u00f3rakor fejez\u0151dik be, ugyanabban a kik\u00f6t\u0151ben, ahonnan indul a katamar\u00e1n fed\u00e9lzet\u00e9n, \u00e9s busszal indulnak vissza a Punta Cana Hotelshez.<\/p>\n<p><strong>Menetrend:<\/strong><\/p>\n<p>6:00 \u2013 7:00 \u00dcgyfelek felv\u00e9tele a k\u00fcl\u00f6nb\u00f6z\u0151 sz\u00e1llod\u00e1kb\u00f3l<br \/>\n07:00 Indul\u00e1s Sabana de la mar Las Canitas-ba<br \/>\n08:15 \u00c9rkez\u00e9s a mag\u00e1nkik\u00f6t\u0151be<br \/>\n08:15 \u2013 8:40 Reggeli (szendvicsek, muffinok, tea, k\u00e1v\u00e9, gy\u00fcm\u00f6lcslevek)<br \/>\nn8:45 Felsz\u00e1ll\u00e1s, hogy megkezdj\u00fck utunkat a p\u00fapos b\u00e1ln\u00e1k Samana-i szent\u00e9ly\u00e9be<br \/>\nn11:00 Keres\u00e9s a b\u00e1ln\u00e1k ut\u00e1n 45 percen kereszt\u00fcl \u2013 Ez az id\u0151z\u00edt\u00e9s, amelyet a korm\u00e1ny szab\u00e1lyai k\u00f6vetnek.<br \/>\n11:45 Ir\u00e1ny a Samana-\u00f6b\u00f6lben tal\u00e1lhat\u00f3 Cayo Levantado<br \/>\n12:30 \u00c9rkez\u00e9s Cayo Levantad\u00f3ba<br \/>\n13:00 Eb\u00e9did\u0151 (sv\u00e9dasztalos eb\u00e9d, tipikus dominikai)*<br \/>\n13:45 \u2013 15:30 Szabadid\u0151 a Cayo Levantadoban<br \/>\nn15:00 \u2013 15:45 Ism\u00e9t a fed\u00e9lzeten ir\u00e1ny vissza Miches fel\u00e9<br \/>\n17:00 \u00c9rkez\u00e9s Michesbe \u00e9s indul\u00e1s a Punta Cana-i sz\u00e1llod\u00e1kba<br \/>\n19:30 \u2013 20:00 \u00c9rkez\u00e9s Punta Cana sz\u00e1llod\u00e1iba<\/p>\n<p><strong>* Eb\u00e9dmen\u00fc (tipikus dominikai)<br \/>\n<\/strong>Rizs, grillezett csirke vagy grillezett hal, sal\u00e1ta, z\u00f6lds\u00e9g, friss gy\u00fcm\u00f6lcs.<\/p>\n<p><strong>*Azoknak az \u00fcgyfeleknek, akik \u00fagy d\u00f6ntenek, hogy a b\u00e1lnales ut\u00e1n meg\u00e1llnak az El Limon v\u00edzes\u00e9sn\u00e9l, a v\u00edzes\u00e9s hirdet\u00e9s\u00e9re k\u00f6lt\u00f6znek, kevesebb idej\u00fck lesz Cayo Levantad\u00f3ban t\u00f6lteni.<\/strong><\/p>\n<p>Ez a t\u00fara mag\u00e1ban foglalta a k\u00f6vetkez\u0151 meg\u00e1ll\u00f3helyet:\u00a0<strong>Limon v\u00edzes\u00e9s<\/strong>. K\u00e9rem, hogy ugyanazt az utat foglalja le, \u00e9s ne menjen a v\u00edzes\u00e9sekhez\u00a0<a href=\"https:\/\/www.boattoursamana.com\/hu\/Tours-Excursions\/tours-excursions-samana-bay-dominican-republic\/whale-watching-2020-in-punta-cana-to-samana-bay-cayo-levantado-bacardi-island-from-hotels\/\" data-mil=\"9912\">KATTINTS IDE.<\/a><\/p>\n<p>&nbsp;<\/p>\n<h4><em><strong>Mit kell vinni?<\/strong><\/em><\/h4>\n<ul>\n<li>Kamera<\/li>\n<li>Riaszt\u00f3 bimb\u00f3k<\/li>\n<li>naptej<\/li>\n<li>Kalap<\/li>\n<li>K\u00e9nyelmes nadr\u00e1g<\/li>\n<li>Szand\u00e1l a strandra<\/li>\n<li>\u00dasz\u00f3ruha<\/li>\n<li>K\u00e9szp\u00e9nz aj\u00e1nd\u00e9kt\u00e1rgyak\u00e9rt \u00e9s borraval\u00f3k\u00e9rt<\/li>\n<\/ul>\n<p>&nbsp;<\/p>\n<h4><b><i>Sz\u00e1llodai \u00e1tv\u00e9tel<\/i><\/b><\/h4>\n<p>Ezen a t\u00far\u00e1n a sz\u00e1lloda \u00e1tv\u00e9tele biztos\u00edtott. A Megjegyz\u00e9sek k\u00f6z\u00e9 csak \u00edrja be a sz\u00e1lloda nev\u00e9t, hogy elvigye \u00d6nt. Minden Punta Cana sz\u00e1llod\u00e1ban felvesz\u00fcnk.<\/p>\n<p>&nbsp;<\/p>\n<p><b>Jegyzet:<\/b>\u00a0Ha a t\u00fara\/kir\u00e1ndul\u00e1s indul\u00e1si id\u0151pontj\u00e1t\u00f3l sz\u00e1m\u00edtott 24 \u00f3r\u00e1n bel\u00fcl foglal, fel\u00e1r ellen\u00e9ben meg tudjuk szervezni a sz\u00e1llodai \u00e1tv\u00e9telt. Amint a v\u00e1s\u00e1rl\u00e1s befejez\u0151d\u00f6tt, elk\u00fcldj\u00fck \u00d6nnek a helyi idegenvezet\u0151nk teljes el\u00e9rhet\u0151s\u00e9gi adatait (telefonsz\u00e1m, e-mail c\u00edm stb.), hogy megszervezhess\u00fck az \u00e1tv\u00e9tel megszervez\u00e9s\u00e9t.<\/p>\n<h4><b><i>Tov\u00e1bbi inform\u00e1ci\u00f3k meger\u0151s\u00edt\u00e9se<\/i><\/b><\/h4>\n<ol>\n<li>A jegyek a t\u00fara befizet\u00e9s\u00e9t k\u00f6vet\u0151 nyugt\u00e1k. A fizet\u00e9st a telefonon tudod megjelen\u00edteni.<\/li>\n<li>A tal\u00e1lkoz\u00e1si pontot a foglal\u00e1si folyamat ut\u00e1n veszik \u00e1t.<\/li>\n<li>A gyermekeket feln\u0151tt k\u00eds\u00e9ret\u00e9ben kell biztos\u00edtani.<\/li>\n<li>kerekessz\u00e9kkel el\u00e9rhet\u0151<\/li>\n<li>A csecsem\u0151knek \u00f6lben kell \u00fclni\u00fck<\/li>\n<li>A legt\u00f6bb utaz\u00f3 r\u00e9szt vehet<\/li>\n<\/ol>\n<h4><b><i>Lemond\u00e1si felt\u00e9telek<\/i><\/b><\/h4>\n<p>A teljes visszat\u00e9r\u00edt\u00e9shez legal\u00e1bb 7 nappal az \u00e9lm\u00e9ny kezdete el\u0151tt mondd le.<a href=\"https:\/\/www.boattoursamana.com\/hu\/online-foglalas\/\"> Kattints ide<\/a> ir\u00e1nyelvek megtekint\u00e9s\u00e9hez.<\/p>\n<\/div>\n<\/div>\n<\/div>\n<\/div>\n<\/div>\n<\/div>\n<\/div>\n<\/div>\n<\/div>\n<\/div>\n<\/div>\n<\/div>\n<div class=\"vc_row wpb_row vc_row-fluid\">\n<div class=\"wpb_column vc_column_container vc_col-sm-12\">\n<div class=\"vc_column-inner\">\n<div class=\"wpb_wrapper\">\n<div class=\"vc_empty_space\"><\/div>\n<div class=\"wpb_text_column wpb_content_element\">\n<div class=\"wpb_wrapper\">\n<h4>L\u00e9pjen kapcsolatba vel\u00fcnk?<\/h4>\n<h5><b><i>T\u00daRA B\u00c1LNA SAMANA<\/i><\/b><\/h5>\n<p><em><strong>Helyiek<\/strong>\u00a0\u00e9s\u00a0<strong>Nemzetiek<\/strong>\u00a0Idegenvezet\u0151k \u00e9s vend\u00e9gszolg\u00e1ltat\u00e1sok<\/em><\/p>\n<p><span class=\"text-turquoise\">Fenntart\u00e1sok:<\/span>\u00a0\u00a0Tours y Excursiones en Dom. Reps.<\/p>\n<p>\ud83d\udcde Tel\/Whatsapp\u00a0\u00a0\u00a0<a href=\"tel:+1-809-720-6035\">+ 1-809-720-6035<\/a>\u00a0.<\/p>\n<p>\ud83d\udce9\u00a0<a href=\"mailto:info@bookingadventures.com.do\">info@bookingadventures.com.do<\/a><\/p>\n<p><strong>Somos tours privados de configuraci\u00f3n rugalmas a Whatsappban:\u00a0\u00a0<a href=\"tel:+18097206035\">+18097206035.<\/a><\/strong><\/p>\n<\/div>\n<\/div>\n<\/div>\n<\/div>\n<\/div>\n<\/div>\n\n\t\t<\/div>\n\t<\/div>\n<div class=\"vc_btn3-container vc_btn3-inline\" ><a class=\"vc_general vc_btn3 vc_btn3-size-md vc_btn3-shape-rounded vc_btn3-style-modern vc_btn3-color-green\" href=\"https:\/\/bookingadventures.tours\/booking.php?tour_id=01ff052b441a674729c1b831875aa68f\" title=\"\" rel=\"noopener\">FOGLALD LE MOST<\/a><\/div><\/div><\/div><\/div><div class=\"vc_row wpb_row vc_row-fluid\" ><div class=\"wpb_column vc_column_container vc_col-sm-12\"><div class=\"vc_column-inner\"><div class=\"wpb_wrapper\"><div class=\"vc_btn3-container vc_btn3-inline\" ><a class=\"vc_general vc_btn3 vc_btn3-size-md vc_btn3-shape-rounded vc_btn3-style-modern vc_btn3-color-green\" href=\"https:\/\/bookingadventures.tours\/booking.php?tour_id=01ff052b441a674729c1b831875aa68f\" title=\"\" rel=\"noopener\">FOGLALD LE MOST<\/a><\/div><\/div><\/div><\/div><\/div>","protected":false},"excerpt":{"rendered":"<p>A Punta Cana sz\u00e1llod\u00e1kb\u00f3l \u00e9lvezhetj\u00fck a Keleti-hegys\u00e9g gy\u00f6ny\u00f6r\u0171 t\u00e1jait, mik\u00f6zben Punta Can\u00e1t\u00f3l \u00e9szakra haladunk, miel\u0151tt meg\u00e9rkezn\u00e9nk a Samana-\u00f6b\u00f6l d\u00e9li partj\u00e1n fekv\u0151 kis hal\u00e1szfaluba, Michesbe. Itt elfogyaszthat egy gyors reggelit, miel\u0151tt felsz\u00e1llna a Saman\u00e1ba tart\u00f3 haj\u00f3ra. M\u00e9lyen behaj\u00f3zunk az \u00f6b\u00f6lbe a b\u00e1lnafigyel\u00e9shez. El\u0151sz\u00f6r Cayo Levantado-t \u00e9rj\u00fck el, m\u00e1s n\u00e9ven Bacardi-szigetet, mert nagyon hasonl\u00edt a Bacardi Rum strandjaihoz, amelyeket egykor h\u00edres rekl\u00e1mjaihoz haszn\u00e1lt. Cayo Levantado nem m\u00e1s, mint egy tr\u00f3pusi o\u00e1zis \u2013 egy kis sziget az \u00f3ce\u00e1n k\u00f6zep\u00e9n, t\u00fcrkizk\u00e9k v\u00edzzel \u00e9s feh\u00e9r homokkal. Ezt k\u00f6vet\u0151en egy szafari Samana k\u00f6z\u00f6ss\u00e9gben a v\u00edzes\u00e9sekhez. A v\u00edzes\u00e9sekben el Limon lovagl\u00e1sra vagy t\u00far\u00e1z\u00e1sra k\u00e9sz\u00fcl. Ez egy egyed\u00fcl\u00e1ll\u00f3, teljes kaland.<\/p>\n<p>Ez a t\u00fara tartalmaz egy meg\u00e1ll\u00f3t a Lim\u00f3n-v\u00edzes\u00e9sn\u00e9l. K\u00e9rem, hogy ugyanazt az utat foglalja le, \u00e9s ne menjen a v\u00edzes\u00e9sekhez <a href=\"https:\/\/www.boattoursamana.com\/hu\/tours-excursions\/tours-excursions-samana-bay-dominican-republic\/balnales-punta-canaban-a-samana-obolig-cayo-levantado-bacardi-szigetig-a-szallodaktol\/\">KATTINTS IDE.<\/a><\/p>\n<p>&nbsp;<\/p>\n<p><strong>V\u00e1lassza ki a kir\u00e1ndul\u00e1s id\u0151pontj\u00e1t:<\/strong><\/p>","protected":false},"featured_media":12008,"template":"","meta":[],"product_cat":[159,948,655,961,959,972,963,968,664],"product_tag":[631,184,328,480,296,380,428,649,327,222,527,313,199,526,458,342,650,524,276,529,528,274,525],"class_list":["post-9912","product","type-product","status-publish","has-post-thumbnail","hentry","product_cat-fees-entrace","product_cat-1-punta-cana","product_cat-1-samana","product_cat-el-limon-horseback-riding","product_cat-el-limon-punta-cana","product_cat-punta-cana-group-tours","product_cat-punta-cana-samana-day-trips","product_cat-punta-cana-whale-watching","product_cat-whale-watching-punta-cana","product_tag-631","product_tag-bacardi-island","product_tag-cayo-levantado-day-pass","product_tag-cheap-punta-cana-excursions","product_tag-day-trip-punta-cana","product_tag-el-limon-waterfall-and-bacardi-island-tour-from-punta-cana","product_tag-half-day-whale-watching-miches","product_tag-limon-from-punta-cana","product_tag-private-tours-samana","product_tag-punta-cana","product_tag-punta-cana-activities","product_tag-punta-cana-tours","product_tag-samana-bay","product_tag-samana-day-trip","product_tag-samana-day-trip-from-punta-cana","product_tag-samana-whale-watching","product_tag-waterfalls-punta-cana","product_tag-whale-punta-cana","product_tag-whale-samana","product_tag-whale-watching-2020","product_tag-whale-watching-2020-in-punta-cana-to-samana-bay-cayo-levantado-bacardi-island-from-hotels","product_tag-whale-watching-dominican-republic","product_tag-whale-watching-punta-cana"],"_links":{"self":[{"href":"https:\/\/www.boattoursamana.com\/hu\/wp-json\/wp\/v2\/product\/9912","targetHints":{"allow":["GET"]}}],"collection":[{"href":"https:\/\/www.boattoursamana.com\/hu\/wp-json\/wp\/v2\/product"}],"about":[{"href":"https:\/\/www.boattoursamana.com\/hu\/wp-json\/wp\/v2\/types\/product"}],"wp:featuredmedia":[{"embeddable":true,"href":"https:\/\/www.boattoursamana.com\/hu\/wp-json\/wp\/v2\/media\/12008"}],"wp:attachment":[{"href":"https:\/\/www.boattoursamana.com\/hu\/wp-json\/wp\/v2\/media?parent=9912"}],"wp:term":[{"taxonomy":"product_cat","embeddable":true,"href":"https:\/\/www.boattoursamana.com\/hu\/wp-json\/wp\/v2\/product_cat?post=9912"},{"taxonomy":"product_tag","embeddable":true,"href":"https:\/\/www.boattoursamana.com\/hu\/wp-json\/wp\/v2\/product_tag?post=9912"}],"curies":[{"name":"wp","href":"https:\/\/api.w.org\/{rel}","templated":true}]}}