{"id":15732,"date":"2023-07-15T07:42:45","date_gmt":"2023-07-15T07:42:45","guid":{"rendered":"https:\/\/www.ticketswhales.com\/el-limon-waterfalls-bacardi-island-excursion-from-punta-cana-area-meeting-point-sabana-de-la-mar\/"},"modified":"2023-07-15T07:42:45","modified_gmt":"2023-07-15T07:42:45","slug":"el-limon-waterfalls-bacardi-island-excursion-from-punta-cana-area-meeting-point-sabana-de-la-mar","status":"publish","type":"page","link":"https:\/\/www.boattoursamana.com\/hy\/el-limon-waterfalls-bacardi-island-excursion-from-punta-cana-area-meeting-point-sabana-de-la-mar","title":{"rendered":"\u0537\u056c \u053c\u056b\u0574\u0578\u0576\u056b \u057b\u0580\u057e\u0565\u056a\u0576\u0565\u0580 \u0587 \u0532\u0561\u056f\u0561\u0580\u0564\u056b \u056f\u0572\u0566\u056b \u2013 \u0537\u0584\u057d\u056f\u0578\u0582\u0580\u057d\u056b\u0561 \u054a\u0578\u0582\u0576\u057f\u0561 \u053f\u0561\u0576\u0561 \u0577\u0580\u057b\u0561\u0576\u056b\u0581 (\u054d\u0561\u0562\u0561\u0576\u0561 \u0564\u0565 \u056c\u0561 \u0544\u0561\u0580 \u0570\u0561\u0576\u0564\u056b\u057a\u0574\u0561\u0576 \u056f\u0565\u057f)"},"content":{"rendered":"<p><strong>\u053d\u0576\u0564\u0580\u0578\u0582\u0574 \u0565\u0576\u0584 \u0568\u0576\u057f\u0580\u0565\u056c \u0577\u0580\u057b\u0561\u0563\u0561\u0575\u0578\u0582\u0569\u0575\u0561\u0576 \u0561\u0574\u057d\u0561\u0569\u056b\u057e\u0568\u00a0<\/strong><\/p>\n<p>&nbsp;<\/p>\n<div class=\"vc_row wpb_row vc_row-fluid\" ><div class=\"wpb_column vc_column_container vc_col-sm-12\"><div class=\"vc_column-inner\"><div class=\"wpb_wrapper\"><div class=\"mkdf-section-title-holder\" style=\"text-align: left\">\n\t<div class=\"mkdf-st-inner\">\n\t\t\t\t\t<h5 class=\"mkdf-st-subtitle\" >\n\t\t\t\t(\u0540\u0561\u0576\u0564\u056b\u057a\u0574\u0561\u0576 \u056f\u0565\u057f \u054d\u0561\u0562\u0561\u0576\u0561 \u0564\u0565 \u056c\u0561 \u0544\u0561\u0580)\t\t\t<\/h5>\n\t\t\t\t\t\t\t<h3 class=\"mkdf-st-title\" >\n\t\t\t\tEl Limon Waterfalls &amp; Bacardi Island - \u0537\u0584\u057d\u056f\u0578\u0582\u0580\u057d\u056b\u0561 \u054a\u0578\u0582\u0576\u057f\u0561 \u053f\u0561\u0576\u0561 \u057f\u0561\u0580\u0561\u056e\u0584\u056b\u0581\t\t\t<\/h3>\n\t\t\t\t\t<\/div>\n<\/div><\/div><\/div><\/div><\/div><div class=\"vc_row wpb_row vc_row-fluid\" ><div class=\"wpb_column vc_column_container vc_col-sm-12\"><div class=\"vc_column-inner\"><div class=\"wpb_wrapper\"><div class=\"vc_btn3-container vc_btn3-inline\" ><button class=\"vc_general vc_btn3 vc_btn3-size-md vc_btn3-shape-rounded vc_btn3-style-modern vc_btn3-color-green\">\u0531\u0544\u0550\u0531\u0533\u0550\u0535\u053c \u0540\u053b\u0544\u0531<\/button><\/div>\n\t<div class=\"wpb_text_column wpb_content_element\" >\n\t\t<div class=\"wpb_wrapper\">\n\t\t\t<p>\nn<\/p>\n<h4><b><i>\u0538\u0576\u0564\u0570\u0561\u0576\u0578\u0582\u0580 \u0561\u056f\u0576\u0561\u0580\u056f <\/i><\/b><\/h4>\n<p>nIf you are in Punta Cana or Bavaro, Looking for a day trip paying less than normal. Just book this trip starting from Sabana de la Mar area. Visiting Samana community on Safari to arrive in El Lim\u00f3n Comunity, Horse riding or Hiking to the Waterfalls after crossing Samana Bay and Luch time at Bacardi Island. This trip Starts at 9: 00 am and finish at 4:30 pm.<br \/>\nn<br \/>\nnAfter this experience, you will get Back to Sabana de la Mar port.<br \/>\nn<\/p>\n<ul>\nn \t<\/p>\n<li style=\"font-weight: 400;\">\u0546\u0565\u0580\u0561\u057c\u057e\u0561\u056e \u057e\u0573\u0561\u0580\u0576\u0565\u0580\u0568<\/li>\n<p>n \t<\/p>\n<li>\u0543\u0561\u0577 \u056c\u0578\u0572\u0561\u0583\u0578\u0582\u0574 \u0576\u0565\u0580\u0561\u057c\u057e\u0561\u056e \u0567<\/li>\n<p>n \t<\/p>\n<li style=\"font-weight: 400;\"><span style=\"font-weight: 400;\">\u0548\u0582\u0572\u0565\u0581\u0578\u0582\u0575\u0581\u0568 \u057f\u0580\u0561\u0574\u0561\u0564\u0580\u0578\u0582\u0574 \u0567 \u0581\u0578\u0582\u0581\u0578\u0582\u0574\u0576\u0565\u0580 \u0587 \u057e\u0565\u0580\u0561\u0570\u057d\u056f\u0578\u0582\u0574<\/span><\/li>\n<p>n<\/ul>\n<p>n&nbsp;<br \/>\nn<\/p>\n<h4><b>\u0546\u0565\u0580\u0561\u057c\u0578\u0582\u0574\u0576\u0565\u0580 \u0587 \u0562\u0561\u0581\u0561\u057c\u0578\u0582\u0574\u0576\u0565\u0580<\/b><\/h4>\n<p>n&nbsp;<br \/>\nn<br \/>\nn<b>\u0546\u0565\u0580\u0561\u057c\u0578\u0582\u0574\u0576\u0565\u0580<\/b><br \/>\nn<\/p>\n<ol>\nn \t<\/p>\n<li style=\"font-weight: 400;\">\u054d\u0561\u0574\u0561\u0576\u0561\u0575\u056b \u056e\u0578\u0581<\/li>\n<p>n \t<\/p>\n<li>\u0532\u0561\u056f\u0561\u0580\u0564\u056b \u056f\u0572\u0566\u056b, \u056c\u0578\u0572\u0561\u0583 \u0587 \u0573\u0561\u0577<\/li>\n<p>n \t<\/p>\n<li>\u054d\u0561\u0586\u0561\u0580\u056b \u0564\u0565\u057a\u056b \u0537\u056c \u053c\u056b\u0574\u0578\u0576<\/li>\n<p>n \t<\/p>\n<li>\u0541\u056b\u0561\u057e\u0561\u0580\u0578\u0582\u0569\u0575\u0578\u0582\u0576 \u056f\u0561\u0574 \u0561\u0580\u0577\u0561\u057e \u0564\u0565\u057a\u056b \u057b\u0580\u057e\u0565\u056a\u0576\u0565\u0580<\/li>\n<p>n \t<\/p>\n<li>\u0534\u0578\u0574\u056b\u0576\u056b\u056f\u0575\u0561\u0576 \u056f\u0578\u056f\u057f\u0565\u0575\u056c\u0576\u0565\u0580<\/li>\n<p>n \t<\/p>\n<li style=\"font-weight: 400;\"><span style=\"font-weight: 400;\">\u0532\u0578\u056c\u0578\u0580 \u0570\u0561\u0580\u056f\u0565\u0580\u0568, \u057f\u0578\u0582\u0580\u0584\u0565\u0580\u0568 \u0587 \u0562\u0565\u057c\u0576\u0561\u0569\u0561\u0583\u0574\u0561\u0576 \u057e\u0573\u0561\u0580\u0576\u0565\u0580\u0568<\/span><\/li>\n<p>n \t<\/p>\n<li style=\"font-weight: 400;\"><span style=\"font-weight: 400;\">\u054f\u0565\u0572\u0561\u056f\u0561\u0576 \u0570\u0561\u0580\u056f\u0565\u0580<\/span><\/li>\n<p>n \t<\/p>\n<li style=\"font-weight: 400;\"><span style=\"font-weight: 400;\">\u0538\u0574\u057a\u0565\u056c\u056b\u0584\u0576\u0565\u0580<\/span><\/li>\n<p>n \t<\/p>\n<li style=\"font-weight: 400;\"><span style=\"font-weight: 400;\">\u0532\u0578\u056c\u0578\u0580 \u0563\u0578\u0580\u056e\u0578\u0572\u0578\u0582\u0569\u0575\u0578\u0582\u0576\u0576\u0565\u0580\u0568<\/span><\/li>\n<p>n \t<\/p>\n<li style=\"font-weight: 400;\"><span style=\"font-weight: 400;\">\u054f\u0565\u0572\u0561\u056f\u0561\u0576 \u0578\u0582\u0572\u0565\u0581\u0578\u0582\u0575\u0581<\/span><\/li>\n<p>n<\/ol>\n<p>n<b> \u0532\u0561\u0581\u0561\u057c\u0578\u0582\u0574\u0576\u0565\u0580<\/b><br \/>\nn<\/p>\n<ol>\nn \t<\/p>\n<li style=\"font-weight: 400;\"><span style=\"font-weight: 400;\">\u0547\u0561\u0570\u0561\u057e\u0573\u0561\u0580\u0576\u0565\u0580<\/span><\/li>\n<p>n \t<\/p>\n<li style=\"font-weight: 400;\"><span style=\"font-weight: 400;\">\u054f\u0580\u0561\u0576\u057d\u0586\u0565\u0580\u0576\u0565\u0580\u0568 \u054a\u0578\u0582\u0576\u057f\u0561 \u053f\u0561\u0576\u0561\u0575\u056b\u0581 \u0576\u0565\u0580\u0561\u057c\u057e\u0561\u056e \u0579\u0565\u0576<\/span><\/li>\n<p>n \t<\/p>\n<li style=\"font-weight: 400;\"><span style=\"font-weight: 400;\">\u0531\u056c\u056f\u0578\u0570\u0578\u056c\u0561\u0575\u056b\u0576 \u056d\u0574\u056b\u0579\u0584\u0576\u0565\u0580 \u056f\u0578\u056f\u057f\u0565\u0575\u056c\u0576\u0565\u0580\u056b\u0581 \u0570\u0565\u057f\u0578\u00a0<\/span><\/li>\n<p>n<\/ol>\n<p>n&nbsp;<br \/>\nn<\/p>\n<h4><em><strong>\u0544\u0565\u056f\u0576\u0578\u0582\u0574 \u0587 \u057e\u0565\u0580\u0561\u0564\u0561\u0580\u0571<\/strong><\/em><\/h4>\n<p>n<span style=\"font-weight: 400;\">\u0531\u0574\u0580\u0561\u0563\u0580\u0574\u0561\u0576 \u0563\u0578\u0580\u056e\u0568\u0576\u0569\u0561\u0581\u056b\u0581 \u0570\u0565\u057f\u0578 \u0573\u0561\u0576\u0561\u057a\u0561\u0580\u0570\u0578\u0580\u0564\u0568 \u056f\u057d\u057f\u0561\u0576\u0561 \u0570\u0561\u0576\u0564\u056b\u057a\u0574\u0561\u0576 \u056f\u0565\u057f: \u0547\u0580\u057b\u0561\u0563\u0561\u0575\u0578\u0582\u0569\u0575\u0578\u0582\u0576\u0576\u0565\u0580\u0568 \u057d\u056f\u057d\u057e\u0578\u0582\u0574 \u0587 \u0561\u057e\u0561\u0580\u057f\u057e\u0578\u0582\u0574 \u0565\u0576 \u0574\u0565\u0580 \u0570\u0561\u0576\u0564\u056b\u057a\u0574\u0561\u0576 \u056f\u0565\u057f\u0565\u0580\u0578\u0582\u0574:<\/span><br \/>\nn<br \/>\nn&nbsp;<br \/>\nn<\/p>\n<h4><b><i>\u053b\u055e\u0576\u0579 \u057d\u057a\u0561\u057d\u0565\u056c:<\/i><\/b><\/h4>\n<p>n&nbsp;<br \/>\nn<br \/>\nn<em><strong>\u054d\u057f\u0561\u0581\u0565\u0584 \u0571\u0565\u0580 \u057f\u0578\u0574\u057d\u0565\u0580\u0568<\/strong><\/em> \u00ab\u054b\u0580\u057e\u0565\u056a\u0576\u0565\u0580 \u0571\u056b\u0565\u0580\u056b \u057e\u0580\u0561 \u0571\u056b\u0561\u057e\u0561\u0580\u0578\u0582\u0569\u0575\u0578\u0582\u0576\u00bb \u056f\u0561\u0574 \u0566\u0562\u0578\u057d\u0561\u0576\u0584 \u0561\u0575\u0581\u0565\u056c\u0565\u056c\u0578\u0582 \u0570\u0561\u0574\u0561\u0580, \u00ab\u054d\u0561\u0586\u0561\u0580\u056b \u054d\u0561\u0574\u0561\u0576\u0561\u00bb, \u00ab\u0532\u0576\u0561\u056f\u0561\u0576 \u0561\u0572\u0562\u0575\u0578\u0582\u0580\u0576\u0565\u0580\u0578\u0582\u0574 \u056c\u0578\u0572\u0561\u056c\u00bb \u057b\u0580\u057e\u0565\u056a\u0576\u0565\u0580\u056b \u0574\u0578\u057f\u055d \u0573\u0561\u0577 \u0532\u0561\u056f\u0561\u0580\u0564\u056b \u056f\u0572\u0566\u0578\u0582\u0574 \u0587 \u00ab\u053c\u0578\u0572\u0561\u0583\u056b \u056a\u0561\u0574\u0561\u0576\u0561\u056f\u0568\u00bb:<br \/>\nn<br \/>\nnStarting from Sabana de la Mar ports onboard of a Boat or Catamaran with a Local tour guide we pass Saman\u00e1 Bay to Saman\u00e1 community. Taking a Safari with a local tour guide to talk about Saman\u00e1 history until arrive in El Limon Comunity. In El Lim\u00f3n Comunity we start hiking or Horse riding by El Limon waterfalls forest to the El Lim\u00f3n Waterfalls. Where when we arrive we can swim!\u00a0 After back to Safari to go to Samana port. Visit Bacardi island for lunch on the beach and swimming in one of the most beautiful islands from the Dominican Republic.<br \/>\nn<br \/>\nn\u0531\u0575\u0576 \u0564\u0565\u057a\u0584\u0578\u0582\u0574, \u0565\u0580\u0562 \u0571\u0565\u0566 \u0564\u0578\u0582\u0580 \u056f\u0563\u0561 \u0561\u0575\u057d \u0578\u0582\u0572\u0587\u0578\u0580\u0578\u0582\u0569\u0575\u0578\u0582\u0576\u0568 \u0561\u057e\u0565\u056c\u056b \u0565\u0580\u056f\u0561\u0580 \u056f\u0561\u0574 \u0561\u057e\u0565\u056c\u056b \u056f\u0561\u0580\u0573, \u0574\u0565\u0576\u0584 \u0578\u0582\u0576\u0565\u0576\u0584 \u0570\u0565\u057f\u0587\u0575\u0561\u056c \u057f\u0561\u0580\u0562\u0565\u0580\u0561\u056f\u0576\u0565\u0580\u0568.<br \/>\nn<\/p>\n<ol>\nn \t<\/p>\n<li><a href=\"https:\/\/www.boattoursamana.com\/hy\/%d5%b7%d6%80%d5%bb%d5%a1%d5%a3%d5%a1%d5%b5%d5%b8%d6%82%d5%a9%d5%b5%d5%b8%d6%82%d5%b6\/los-haitises-national-park-tour-from-samana-port\/\">Los Haitises + Cayo Levantado \u054d\u0561\u0574\u0561\u0576\u0561 \u0576\u0561\u057e\u0561\u0570\u0561\u0576\u0563\u057d\u057f\u056b\u0581:<\/a><\/li>\n<p>n \t<\/p>\n<li><a href=\"https:\/\/www.boattoursamana.com\/hy\/%d5%b7%d6%80%d5%bb%d5%a1%d5%a3%d5%a1%d5%b5%d5%b8%d6%82%d5%a9%d5%b5%d5%b8%d6%82%d5%b6\/%d5%ac%d5%b8%d5%bd-%d5%b0%d5%a1%d5%b5%d5%bf%d5%ab%d5%bd-%d5%a1%d5%a6%d5%a3%d5%a1%d5%b5%d5%ab%d5%b6-%d5%ba%d5%a1%d6%80%d5%af%d5%ab-%d5%b3%d5%a1%d5%b7%d5%a8-%d5%af%d5%a1%d5%b6%d5%b8-%d5%b0%d5%b8%d5%b6\/\">Los Haitises + Cano Hondo \u054d\u0561\u0574\u0561\u0576\u0561 \u0576\u0561\u057e\u0561\u0570\u0561\u0576\u0563\u057d\u057f\u056b\u0581:<\/a><\/li>\n<p>n<\/ol>\n<p>n&nbsp;<br \/>\nn<\/p>\n<h4><em><strong>\u053b\u0576\u0579 \u057a\u0565\u057f\u0584 \u0567 \u0562\u0565\u0580\u0565\u0584:<\/strong><\/em><\/h4>\n<p>n<\/p>\n<ul>\nn \t<\/p>\n<li style=\"font-weight: 400;\"><span style=\"font-weight: 400;\">\u054f\u0565\u057d\u0561\u056d\u0581\u056b\u056f<\/span><\/li>\n<p>n \t<\/p>\n<li style=\"font-weight: 400;\"><span style=\"font-weight: 400;\">\u057e\u0561\u0576\u0578\u0572 \u0562\u0578\u0572\u0562\u0578\u057b\u0576\u0565\u0580<\/span><\/li>\n<p>n \t<\/p>\n<li style=\"font-weight: 400;\"><span style=\"font-weight: 400;\">\u0561\u0580\u0587\u0561\u057a\u0561\u0577\u057f\u057a\u0561\u0576 \u0584\u057d\u0578\u0582\u0584<\/span><\/li>\n<p>n \t<\/p>\n<li style=\"font-weight: 400;\"><span style=\"font-weight: 400;\">\u0533\u056c\u056d\u0561\u0580\u056f<\/span><\/li>\n<p>n \t<\/p>\n<li style=\"font-weight: 400;\"><span style=\"font-weight: 400;\">\u0540\u0561\u0580\u0574\u0561\u0580\u0561\u057e\u0565\u057f \u057f\u0561\u0562\u0561\u057f<\/span><\/li>\n<p>n \t<\/p>\n<li style=\"font-weight: 400;\"><span style=\"font-weight: 400;\">\u0531\u0580\u0577\u0561\u057e\u0561\u0575\u056b\u0576 \u056f\u0578\u0577\u056b\u056f\u0576\u0565\u0580 \u0561\u0576\u057f\u0561\u057c\u056b \u0570\u0561\u0574\u0561\u0580<\/span><\/li>\n<p>n \t<\/p>\n<li style=\"font-weight: 400;\"><span style=\"font-weight: 400;\">\u054d\u0561\u0576\u0564\u0561\u056c\u0576\u0565\u0580 \u0564\u0565\u057a\u056b \u0533\u0561\u0580\u0576\u0561\u0576\u0561\u0575\u056b\u0576 \u057f\u0561\u0580\u0561\u056e\u0584\u0576\u0565\u0580.<\/span><\/li>\n<p>n \t<\/p>\n<li style=\"font-weight: 400;\"><span style=\"font-weight: 400;\">\u053c\u0578\u0572\u0561\u0566\u0563\u0565\u057d\u057f<\/span><\/li>\n<p>n<\/ul>\n<p>n&nbsp;<br \/>\nn<\/p>\n<h4><b><i>\u0540\u0575\u0578\u0582\u0580\u0561\u0576\u0578\u0581\u056b \u057a\u056b\u056f\u0561\u057a <\/i><\/b><\/h4>\n<p>n<span style=\"font-weight: 400;\">\u0531\u0575\u057d \u0577\u0580\u057b\u0561\u0563\u0561\u0575\u0578\u0582\u0569\u0575\u0561\u0576 \u0570\u0561\u0574\u0561\u0580 \u0570\u0575\u0578\u0582\u0580\u0561\u0576\u0578\u0581\u056b\u0581 \u057e\u0565\u0580\u0581\u0576\u0565\u056c\u0568 \u0579\u056b \u0561\u057c\u0561\u057b\u0561\u0580\u056f\u057e\u0578\u0582\u0574: \u0532\u0561\u0575\u0581 \u0565\u0569\u0565 \u0564\u0578\u0582\u0584 \u056f\u0561\u057a\u057e\u0565\u0584 \u0574\u0565\u0566 \u0570\u0565\u057f, \u0574\u0565\u0576\u0584 \u056f\u0561\u0580\u0578\u0572 \u0565\u0576\u0584 \u056d\u0578\u057d\u0565\u056c \u0561\u0575\u0564 \u0574\u0561\u057d\u056b\u0576:<\/span><br \/>\nn<br \/>\nn&nbsp;<br \/>\nn<br \/>\nn<b>\u0546\u0577\u0578\u0582\u0574:<\/b><span style=\"font-weight: 400;\"> \u0535\u0569\u0565 \u0564\u0578\u0582\u0584 \u0561\u0574\u0580\u0561\u0563\u0580\u0578\u0582\u0574 \u0565\u0584 \u0577\u0580\u057b\u0561\u0563\u0561\u0575\u0578\u0582\u0569\u0575\u0561\u0576\/\u0537\u0584\u057d\u056f\u0578\u0582\u0580\u057d\u056b\u0561\u0575\u056b \u0574\u0565\u056f\u0576\u0574\u0561\u0576 \u056a\u0561\u0574\u056b\u0581 \u0570\u0565\u057f\u0578 24 \u056a\u0561\u0574\u057e\u0561 \u0568\u0576\u0569\u0561\u0581\u0584\u0578\u0582\u0574, \u0574\u0565\u0576\u0584 \u056f\u0561\u0580\u0578\u0572 \u0565\u0576\u0584 \u056f\u0561\u0566\u0574\u0561\u056f\u0565\u0580\u057a\u0565\u056c \u0570\u0575\u0578\u0582\u0580\u0561\u0576\u0578\u0581\u056b \u057f\u0565\u0572\u0561\u0583\u0578\u056d\u0578\u0582\u0574: \u0535\u0580\u0562 \u0563\u0576\u0578\u0582\u0574\u0576 \u0561\u057e\u0561\u0580\u057f\u057e\u056b, \u0574\u0565\u0576\u0584 \u0571\u0565\u0566 \u056f\u0578\u0582\u0572\u0561\u0580\u056f\u0565\u0576\u0584 \u0561\u0574\u0562\u0578\u0572\u057b\u0561\u056f\u0561\u0576 \u056f\u0578\u0576\u057f\u0561\u056f\u057f\u0561\u0575\u056b\u0576 \u057f\u057e\u0575\u0561\u056c\u0576\u0565\u0580 (\u0570\u0565\u057c\u0561\u056d\u0578\u057d\u0561\u0570\u0561\u0574\u0561\u0580, \u0567\u056c. \u0583\u0578\u057d\u057f\u056b \u0570\u0561\u057d\u0581\u0565 \u0587 \u0561\u0575\u056c\u0576) \u0574\u0565\u0580 \u057f\u0565\u0572\u0561\u056f\u0561\u0576 \u057f\u0578\u0582\u0580\u056b\u057d\u057f\u0561\u056f\u0561\u0576 \u0578\u0582\u0572\u0565\u0581\u0578\u0582\u0575\u0581\u056b \u0570\u0561\u0574\u0561\u0580\u055d \u057e\u0565\u0580\u0581\u0576\u0565\u056c\u0578\u0582 \u057a\u0561\u0575\u0574\u0561\u0576\u0561\u057e\u0578\u0580\u057e\u0561\u056e\u0578\u0582\u0569\u0575\u0578\u0582\u0576\u0576\u0565\u0580 \u056f\u0561\u0566\u0574\u0561\u056f\u0565\u0580\u057a\u0565\u056c\u0578\u0582 \u0570\u0561\u0574\u0561\u0580:<\/span><br \/>\nn<\/p>\n<h4><b><i>\u053c\u0580\u0561\u0581\u0578\u0582\u0581\u056b\u0579 \u057f\u0565\u0572\u0565\u056f\u0578\u0582\u0569\u0575\u0578\u0582\u0576\u0576\u0565\u0580\u056b \u0570\u0561\u057d\u057f\u0561\u057f\u0578\u0582\u0574 <\/i><\/b><\/h4>\n<p>n<\/p>\n<ol>\nn \t<\/p>\n<li>\u054f\u0578\u0574\u057d\u0565\u0580\u0568 \u0561\u0576\u0564\u0578\u0580\u0580\u0561\u0563\u056b\u0580 \u0565\u0576 \u0561\u0575\u057d \u057f\u0578\u0582\u0580\u0568 \u057e\u0573\u0561\u0580\u0565\u056c\u0578\u0582\u0581 \u0570\u0565\u057f\u0578: \u0534\u0578\u0582\u0584 \u056f\u0561\u0580\u0578\u0572 \u0565\u0584 \u0581\u0578\u0582\u0575\u0581 \u057f\u0561\u056c \u057e\u0573\u0561\u0580\u0578\u0582\u0574\u0568 \u0571\u0565\u0580 \u0570\u0565\u057c\u0561\u056d\u0578\u057d\u0578\u0582\u0574:<\/li>\n<p>n \t<\/p>\n<li style=\"font-weight: 400;\"><span style=\"font-weight: 400;\">\u0540\u0561\u0576\u0564\u056b\u057a\u0574\u0561\u0576 \u056f\u0565\u057f\u0568 \u056f\u057d\u057f\u0561\u0581\u057e\u056b \u0561\u0574\u0580\u0561\u0563\u0580\u0574\u0561\u0576 \u0563\u0578\u0580\u056e\u0568\u0576\u0569\u0561\u0581\u056b\u0581 \u0570\u0565\u057f\u0578:<\/span><\/li>\n<p>n \t<\/p>\n<li style=\"font-weight: 400;\"><span style=\"font-weight: 400;\">\u0535\u0580\u0565\u056d\u0561\u0576\u0565\u0580\u056b\u0576 \u057a\u0565\u057f\u0584 \u0567 \u0578\u0582\u0572\u0565\u056f\u0581\u056b \u0574\u0565\u056e\u0561\u0570\u0561\u057d\u0561\u056f:<\/span><\/li>\n<p>n \t<\/p>\n<li style=\"font-weight: 400;\"><span style=\"font-weight: 400;\"> \u0540\u0561\u0577\u0574\u0561\u0576\u0564\u0561\u0574\u056b \u057d\u0561\u0575\u056c\u0561\u056f\u056b\u0576 \u0570\u0561\u057d\u0561\u0576\u0565\u056c\u056b \u0579\u0567 <\/span><\/li>\n<p>n \t<\/p>\n<li style=\"font-weight: 400;\"><span style=\"font-weight: 400;\">\u0546\u0578\u0580\u0561\u056e\u056b\u0576\u0576\u0565\u0580\u0568 \u057a\u0565\u057f\u0584 \u0567 \u0576\u057d\u057f\u0565\u0576 \u0563\u056b\u0580\u056f\u0568 <\/span><\/li>\n<p>n \t<\/p>\n<li style=\"font-weight: 400;\"><span style=\"font-weight: 400;\">\u053d\u0578\u0580\u0570\u0578\u0582\u0580\u0564 \u0579\u056b \u057f\u0580\u057e\u0578\u0582\u0574 \u0574\u0565\u057b\u0584\u056b \u056d\u0576\u0564\u056b\u0580\u0576\u0565\u0580 \u0578\u0582\u0576\u0565\u0581\u0578\u0572 \u0573\u0561\u0576\u0561\u057a\u0561\u0580\u0570\u0578\u0580\u0564\u0576\u0565\u0580\u056b\u0576<\/span><\/li>\n<p>n \t<\/p>\n<li style=\"font-weight: 400;\"><span style=\"font-weight: 400;\">\u053d\u0578\u0580\u0570\u0578\u0582\u0580\u0564 \u0579\u056b \u057f\u0580\u057e\u0578\u0582\u0574 \u0570\u0572\u056b \u0573\u0561\u0576\u0561\u057a\u0561\u0580\u0570\u0578\u0580\u0564\u0576\u0565\u0580\u056b\u0576 <\/span><\/li>\n<p>n \t<\/p>\n<li style=\"font-weight: 400;\"><span style=\"font-weight: 400;\"> \u054d\u0580\u057f\u056b \u0570\u0565\u057f \u056f\u0561\u057a\u057e\u0561\u056e \u056d\u0576\u0564\u056b\u0580\u0576\u0565\u0580 \u056f\u0561\u0574 \u0561\u0575\u056c \u056c\u0578\u0582\u0580\u057b \u0562\u056a\u0577\u056f\u0561\u056f\u0561\u0576 \u057a\u0561\u0575\u0574\u0561\u0576\u0576\u0565\u0580 \u0579\u056f\u0561\u0576 <\/span><\/li>\n<p>n \t<\/p>\n<li style=\"font-weight: 400;\"><span style=\"font-weight: 400;\">\u0547\u0561\u057f \u0573\u0561\u0576\u0561\u057a\u0561\u0580\u0570\u0578\u0580\u0564\u0576\u0565\u0580 \u056f\u0561\u0580\u0578\u0572 \u0565\u0576 \u0574\u0561\u057d\u0576\u0561\u056f\u0581\u0565\u056c<\/span><\/li>\n<p>n<\/ol>\n<p>n<\/p>\n<h4><b><i>\u0549\u0565\u0572\u0561\u0580\u056f\u0574\u0561\u0576 \u0584\u0561\u0572\u0561\u0584\u0561\u056f\u0561\u0576\u0578\u0582\u0569\u0575\u0578\u0582\u0576<\/i><\/b><\/h4>\n<p>\u0531\u0574\u0562\u0578\u0572\u057b \u0563\u0578\u0582\u0574\u0561\u0580\u0568 \u057e\u0565\u0580\u0561\u0564\u0561\u0580\u0571\u0576\u0565\u056c\u0578\u0582 \u0570\u0561\u0574\u0561\u0580 \u056f\u0561\u0580\u0564\u0561\u0581\u0565\u0584 \u0574\u0565\u0580 \u0579\u0565\u0572\u0561\u0580\u056f\u0574\u0561\u0576 \u0584\u0561\u0572\u0561\u0584\u0561\u056f\u0561\u0576\u0578\u0582\u0569\u0575\u0578\u0582\u0576\u0568\u00a0<a href=\"https:\/\/www.boattoursamana.com\/hy\/%d5%a1%d5%bc%d6%81%d5%a1%d5%b6%d6%81-%d5%a1%d5%b4%d6%80%d5%a1%d5%a3%d6%80%d5%b8%d6%82%d5%b4\/\" target=\"_blank\" rel=\"noopener\" data-saferedirecturl=\"https:\/\/www.google.com\/url?q=https:\/\/www.boattoursamana.com\/online-booking\/&amp;source=gmail&amp;ust=1672449202351000&amp;usg=AOvVaw1yAeVAPktmaVCqDujgUn90\">\u054d\u0565\u0572\u0574\u0565\u0584 \u0561\u0575\u057d\u057f\u0565\u0572<\/a>. \u0533\u0578\u0582\u0574\u0561\u0580\u0576\u0565\u0580\u0568 \u056f\u056f\u0578\u0580\u0579\u0565\u0576, \u0565\u0569\u0565 \u0561\u0574\u0580\u0561\u0563\u0580\u0578\u0582\u0574\u0568 \u0579\u0565\u0572\u0561\u0580\u056f\u057e\u056b \u0578\u0582\u0572\u0587\u0578\u0580\u0578\u0582\u0569\u0575\u0561\u0576 \u0576\u0578\u0582\u0575\u0576 \u0585\u0580\u0568:<\/p>\n\n\t\t<\/div>\n\t<\/div>\n<div class=\"vc_btn3-container vc_btn3-inline\" ><button class=\"vc_general vc_btn3 vc_btn3-size-md vc_btn3-shape-rounded vc_btn3-style-modern vc_btn3-color-green\">\u0531\u0544\u0550\u0531\u0533\u0550\u0535\u053c \u0540\u053b\u0544\u0531<\/button><\/div><\/div><\/div><\/div><\/div><div class=\"vc_row wpb_row vc_row-fluid\" ><div class=\"wpb_column vc_column_container vc_col-sm-12\"><div class=\"vc_column-inner\"><div class=\"wpb_wrapper\"><div class=\"vc_empty_space\"   style=\"height: 32px\"><span class=\"vc_empty_space_inner\"><\/span><\/div>\n\t<div class=\"wpb_text_column wpb_content_element\" >\n\t\t<div class=\"wpb_wrapper\">\n\t\t\t<p>\nn<\/p>\n<h4>\u053f\u0561\u057a\u057e\u0565\u0584 \u0574\u0565\u0566 \u0570\u0565\u057f<\/h4>\n<p>n<\/p>\n<h5><em><strong>\u0531\u0580\u056f\u0561\u056e\u0576\u0565\u0580\u056b \u0561\u0574\u0580\u0561\u0563\u0580\u0578\u0582\u0574<\/strong><\/em><\/h5>\n<p>n<em><strong>\u054f\u0565\u0572\u0561\u0581\u056b\u0576\u0565\u0580<\/strong> \u0587 <strong>\u0531\u0566\u0563\u0561\u0575\u056b\u0576\u0576\u0565\u0580\u0568<\/strong> \u0537\u0584\u057d\u056f\u0578\u0582\u0580\u057d\u0561\u057e\u0561\u0580\u0576\u0565\u0580 \u0587 \u0570\u0575\u0578\u0582\u0580\u0565\u0580\u056b \u056e\u0561\u057c\u0561\u0575\u0578\u0582\u0569\u0575\u0578\u0582\u0576\u0576\u0565\u0580<\/em><br \/>\nn<br \/>\nn<span class=\"text-turquoise\">\u0531\u0574\u0580\u0561\u0563\u0580\u0578\u0582\u0574\u0576\u0565\u0580:<\/span> \u0547\u0580\u057b\u0561\u0563\u0561\u0575\u0578\u0582\u0569\u0575\u0578\u0582\u0576\u0576\u0565\u0580 \u0587 \u0567\u0584\u057d\u056f\u0578\u0582\u0580\u057d\u056b\u0561\u0576\u0565\u0580 \u0534\u0578\u0574. Rep.<br \/>\nn<br \/>\nn<img decoding=\"async\" class=\"emoji\" draggable=\"false\" src=\"https:\/\/s.w.org\/images\/core\/emoji\/11.2.0\/svg\/1f4de.svg\" alt=\" \" title=\"\"> \u0540\u0565\u057c \/ Whatsapp\u00a0 <a href=\"tel:+1-809-720-6035\">+1-809-720-6035<\/a>.<br \/>\nn<br \/>\nn<img decoding=\"async\" class=\"emoji\" draggable=\"false\" src=\"https:\/\/s.w.org\/images\/core\/emoji\/11.2.0\/svg\/1f4e9.svg\" alt=\" \" title=\"\"> <a href=\"mailto:info@bookingadventures.com.do\">info@bookingadventures.com.do<\/a><br \/>\nn<br \/>\nn<strong>\u0544\u0565\u0576\u0584 \u0573\u056f\u0578\u0582\u0576 \u0565\u0576\u0584 \u057d\u0561\u0570\u0574\u0561\u0576\u0578\u0582\u0574 \u0561\u0576\u0571\u0576\u0561\u056f\u0561\u0576 \u0577\u0580\u057b\u0561\u0563\u0561\u0575\u0578\u0582\u0569\u0575\u0578\u0582\u0576\u0576\u0565\u0580 Whatsapp-\u056b \u056f\u0578\u0572\u0574\u056b\u0581. <a href=\"tel:+18097206035\">+18097206035.<\/a><\/strong><\/p>\n\n\t\t<\/div>\n\t<\/div>\n<div class=\"vc_empty_space\"   style=\"height: 32px\"><span class=\"vc_empty_space_inner\"><\/span><\/div><\/div><\/div><\/div><\/div><div class=\"vc_row wpb_row vc_row-fluid\" ><div class=\"wpb_column vc_column_container vc_col-sm-12\"><div class=\"vc_column-inner\"><div class=\"wpb_wrapper\"><div class=\"vc_btn3-container vc_btn3-inline\" ><button class=\"vc_general vc_btn3 vc_btn3-size-md vc_btn3-shape-rounded vc_btn3-style-modern vc_btn3-color-green\">\u0531\u0544\u0550\u0531\u0533\u0550\u0535\u053c \u0540\u053b\u0544\u0531<\/button><\/div><\/div><\/div><\/div><\/div>","protected":false},"excerpt":{"rendered":"<p>\u053d\u0576\u0564\u0580\u0578\u0582\u0574 \u0565\u0576\u0584 \u0568\u0576\u057f\u0580\u0565\u056c \u0577\u0580\u057b\u0561\u0563\u0561\u0575\u0578\u0582\u0569\u0575\u0561\u0576 \u0561\u0574\u057d\u0561\u0569\u056b\u057e\u0568\u00a0 &nbsp;<\/p>","protected":false},"author":2,"featured_media":0,"parent":0,"menu_order":0,"comment_status":"open","ping_status":"closed","template":"","meta":{"footnotes":""},"class_list":["post-15732","page","type-page","status-publish","hentry"],"_links":{"self":[{"href":"https:\/\/www.boattoursamana.com\/hy\/wp-json\/wp\/v2\/pages\/15732","targetHints":{"allow":["GET"]}}],"collection":[{"href":"https:\/\/www.boattoursamana.com\/hy\/wp-json\/wp\/v2\/pages"}],"about":[{"href":"https:\/\/www.boattoursamana.com\/hy\/wp-json\/wp\/v2\/types\/page"}],"author":[{"embeddable":true,"href":"https:\/\/www.boattoursamana.com\/hy\/wp-json\/wp\/v2\/users\/2"}],"replies":[{"embeddable":true,"href":"https:\/\/www.boattoursamana.com\/hy\/wp-json\/wp\/v2\/comments?post=15732"}],"version-history":[{"count":0,"href":"https:\/\/www.boattoursamana.com\/hy\/wp-json\/wp\/v2\/pages\/15732\/revisions"}],"wp:attachment":[{"href":"https:\/\/www.boattoursamana.com\/hy\/wp-json\/wp\/v2\/media?parent=15732"}],"curies":[{"name":"wp","href":"https:\/\/api.w.org\/{rel}","templated":true}]}}