{"id":15767,"date":"2023-07-15T07:43:13","date_gmt":"2023-07-15T07:43:13","guid":{"rendered":"https:\/\/www.ticketswhales.com\/media-luna-miches-half-moon-natural-pool-half-day-pass-and-snorkeling\/"},"modified":"2023-07-15T07:43:13","modified_gmt":"2023-07-15T07:43:13","slug":"media-luna-miches-half-moon-natural-pool-half-day-pass-and-snorkeling","status":"publish","type":"page","link":"https:\/\/www.boattoursamana.com\/hy\/media-luna-miches-half-moon-natural-pool-half-day-pass-and-snorkeling","title":{"rendered":"Media Luna Miches (Half-Moon) \u0562\u0576\u0561\u056f\u0561\u0576 \u056c\u0578\u0572\u0561\u057e\u0561\u0566\u0561\u0576 Half \u2013 Day Pass and Snorkeling"},"content":{"rendered":"<p><span style=\"vertical-align: inherit;\"><span style=\"vertical-align: inherit;\">Media Luna Miches (Media Luna) Pase de medio d\u00eda y snorkel en la piscina natural. <\/span><span style=\"vertical-align: inherit;\">Visitar la bah\u00eda de Saman\u00e1 desde Miches con lugare\u00f1os y nadar en el medio de la bah\u00eda de Saman\u00e1: <\/span><span style=\"vertical-align: inherit;\">Peque\u00f1as \u00e1reas de arrecifes de coral para explorar y hacer snorkel. <\/span><span style=\"vertical-align: inherit;\">Media Luna es una Nueva Atracci\u00f3n en Rep\u00fablica Dominicana.<\/span><\/span><br \/>\nn<br \/>\nn<em><strong><span style=\"vertical-align: inherit;\"><span style=\"vertical-align: inherit;\">\u0538\u0576\u057f\u0580\u0565\u0584 \u0577\u0580\u057b\u0561\u0563\u0561\u0575\u0578\u0582\u0569\u0575\u0578\u0582\u0576.<\/span><\/span><\/strong><\/em><\/p>\n<p>&nbsp;<\/p>\n<div class=\"vc_row wpb_row vc_row-fluid\" ><div class=\"wpb_column vc_column_container vc_col-sm-12\"><div class=\"vc_column-inner\"><div class=\"wpb_wrapper\"><div class=\"mkdf-section-title-holder\" style=\"text-align: left\">\n\t<div class=\"mkdf-st-inner\">\n\t\t\t\t\t<h5 class=\"mkdf-st-subtitle\" >\n\t\t\t\t\u053f\u0565\u057d\u0585\u0580\u0575\u0561 \u056f\u057f\u0580\u0578\u0576 \u0587 \u057d\u0576\u0578\u0580\u0584\u0565\u056c\u056b\u0576\u0563 \u0587 \u056c\u0578\u0572 \u0562\u0576\u0561\u056f\u0561\u0576 \u056c\u0578\u0572\u0561\u057e\u0561\u0566\u0561\u0576\u0578\u0582\u0574\t\t\t<\/h5>\n\t\t\t\t\t\t\t<h3 class=\"mkdf-st-title\" >\n\t\t\t\tMedia Luna Miches (\u053f\u056b\u057d\u0561\u056c\u0578\u0582\u057d\u056b\u0576)\t\t\t<\/h3>\n\t\t\t\t\t<\/div>\n<\/div><\/div><\/div><\/div><\/div><div class=\"vc_row wpb_row vc_row-fluid\" ><div class=\"wpb_column vc_column_container vc_col-sm-12\"><div class=\"vc_column-inner\"><div class=\"wpb_wrapper\"><div class=\"vc_empty_space\"   style=\"height: 32px\"><span class=\"vc_empty_space_inner\"><\/span><\/div><\/div><\/div><\/div><\/div><div class=\"vc_row wpb_row vc_row-fluid\" ><div class=\"wpb_column vc_column_container vc_col-sm-12\"><div class=\"vc_column-inner\"><div class=\"wpb_wrapper\"><div class=\"vc_btn3-container vc_btn3-inline\" ><button class=\"vc_general vc_btn3 vc_btn3-size-md vc_btn3-shape-rounded vc_btn3-style-modern vc_btn3-color-green\">\u0531\u0544\u0550\u0531\u0533\u0550\u0535\u053c \u0540\u053b\u0544\u0531<\/button><\/div>\n\t<div class=\"wpb_text_column wpb_content_element\" >\n\t\t<div class=\"wpb_wrapper\">\n\t\t\t<p>\nn<\/p>\n<h4><b><i>\u0538\u0576\u0564\u0570\u0561\u0576\u0578\u0582\u0580 \u0561\u056f\u0576\u0561\u0580\u056f <\/i><\/b><\/h4>\n<p>n<span style=\"font-weight: 400;\">\u0535\u0569\u0565 \u0564\u0578\u0582\u0584 \u0561\u0575\u057d\u057f\u0565\u0572 \u0565\u0584 \u056f\u0561\u0574 \u057a\u0561\u057f\u0580\u0561\u057d\u057f\u057e\u0578\u0582\u0574 \u0565\u0584 \u0563\u0561\u056c \u0534\u0578\u0574\u056b\u0576\u056b\u056f\u0575\u0561\u0576 \u0540\u0561\u0576\u0580\u0561\u057a\u0565\u057f\u0578\u0582\u0569\u0575\u0578\u0582\u0576, \u0561\u057a\u0561 \u0579\u057a\u0565\u057f\u0584 \u0567 \u0562\u0561\u0581 \u0569\u0578\u0572\u0576\u0565\u0584 \u0561\u0575\u057d \u0566\u0561\u0580\u0574\u0561\u0576\u0561\u0570\u0580\u0561\u0577 \u057e\u0561\u0575\u0580\u055d \u00ab\u053f\u056b\u057d\u0561\u056c\u0578\u0582\u057d\u056b\u0576\u00bb (Media Luna)\u055d \u0576\u0565\u0580\u0561\u057c\u0575\u0561\u056c \u0573\u0561\u0577\u0568, \u057d\u0561 \u0569\u0561\u0576\u056f\u0561\u0580\u056a\u0565\u0584 \u0562\u0576\u0561\u056f\u0561\u0576 \u056c\u0578\u0572\u0561\u057e\u0561\u0566\u0561\u0576 \u0567 \u0585\u057e\u056f\u056b\u0561\u0576\u0578\u057d\u056b \u0576\u0565\u0580\u057d\u0578\u0582\u0574\u055d \u0566\u0561\u0580\u0564\u0561\u0580\u057e\u0561\u056e \u056b\u0580 \u056d\u0578\u0582\u0569\u0565\u0580\u0578\u057e\u0589 , \u0574\u0561\u0580\u057b\u0561\u0576\u0576\u0565\u0580 \u0587 \u057d\u057a\u056b\u057f\u0561\u056f \u0561\u057e\u0561\u0566\u0589 <\/span><br \/>\nn<br \/>\nn<span style=\"font-weight: 400;\">\u054d\u0561 \u0561\u0575\u0576 \u057e\u0561\u0575\u0580\u0576 \u0567, \u0578\u0580\u057f\u0565\u0572 \u0574\u0565\u0576\u0584 \u056f\u0561\u0580\u0578\u0572 \u0565\u0576\u0584 \u057e\u0561\u0575\u0565\u056c\u0565\u056c \u056c\u0578\u0572\u0561\u056c\u0568, \u0564\u056b\u057f\u0565\u056c\u0568 \u0587 \u057d\u057f\u0578\u0580\u057b\u0580\u0575\u0561 \u0576\u056f\u0561\u0580\u0576\u0565\u0580\u0568: \u0539\u0578\u0582\u0575\u056c\u0561\u057f\u0580\u057e\u0578\u0582\u0574 \u0567 \u056c\u0578\u0582\u057d\u0561\u0576\u056f\u0561\u0580\u0565\u056c \u056e\u0578\u057e\u0561\u0575\u056b\u0576 \u0561\u057d\u057f\u0572\u0565\u0580\u056b\u0576 \u056f\u0561\u0574 \u0576\u0580\u0561\u0576\u0581 \u0570\u0565\u057f \u056b\u0580\u0565\u0576\u0581 \u0562\u0576\u0561\u056f\u0561\u0576 \u0574\u056b\u057b\u0561\u057e\u0561\u0575\u0580\u0578\u0582\u0574:<\/span><br \/>\nn<br \/>\nn&nbsp;<br \/>\nn<\/p>\n<ul>\nn \t<\/p>\n<li>\u0546\u0561\u057e\u0578\u057e \u057f\u0565\u0572\u0561\u0583\u0578\u056d\u0578\u0582\u0574 Media Luna<\/li>\n<p>n \t<\/p>\n<li style=\"font-weight: 400;\"><span style=\"font-weight: 400;\">\u053f\u0561\u057a\u056b\u057f\u0561\u0576\u0568 \u057f\u0561\u056c\u056b\u057d \u0567 \u0570\u0580\u0561\u0570\u0561\u0576\u0563\u0576\u0565\u0580 \u0587 \u0570\u057d\u056f\u0578\u0572\u0578\u0582\u0569\u0575\u0578\u0582\u0576<\/span><\/li>\n<p>n<\/ul>\n<p>n&nbsp;<br \/>\nn<\/p>\n<h4><b>\u0546\u0565\u0580\u0561\u057c\u0578\u0582\u0574\u0576\u0565\u0580 \u0587 \u0562\u0561\u0581\u0561\u057c\u0578\u0582\u0574\u0576\u0565\u0580<\/b><\/h4>\n<p>n&nbsp;<br \/>\nn<br \/>\nn<b>\u0546\u0565\u0580\u0561\u057c\u0578\u0582\u0574\u0576\u0565\u0580<\/b><br \/>\nn<\/p>\n<ol>\nn \t<\/p>\n<li style=\"font-weight: 400;\"><span style=\"font-weight: 400;\">\u0532\u0578\u056c\u0578\u0580 \u0570\u0561\u0580\u056f\u0565\u0580\u0568, \u057f\u0578\u0582\u0580\u0584\u0565\u0580\u0568 \u0587 \u0562\u0565\u057c\u0576\u0561\u0569\u0561\u0583\u0574\u0561\u0576 \u057e\u0573\u0561\u0580\u0576\u0565\u0580\u0568<\/span><\/li>\n<p>n \t<\/p>\n<li style=\"font-weight: 400;\"><span style=\"font-weight: 400;\">\u054f\u0565\u0572\u0561\u056f\u0561\u0576 \u0570\u0561\u0580\u056f\u0565\u0580<\/span><\/li>\n<p>n \t<\/p>\n<li style=\"font-weight: 400;\"><span style=\"font-weight: 400;\">\u0538\u0574\u057a\u0565\u056c\u056b\u0584\u0576\u0565\u0580<\/span><\/li>\n<p>n<\/ol>\n<p>n<b> \u0532\u0561\u0581\u0561\u057c\u0578\u0582\u0574\u0576\u0565\u0580<\/b><br \/>\nn<\/p>\n<ol>\nn \t<\/p>\n<li style=\"font-weight: 400;\"><span style=\"font-weight: 400;\">\u0547\u0561\u0570\u0561\u057e\u0573\u0561\u0580\u0576\u0565\u0580<\/span><\/li>\n<p>n \t<\/p>\n<li style=\"font-weight: 400;\"><span style=\"font-weight: 400;\">\u054f\u0580\u0561\u0576\u057d\u0586\u0565\u0580\u0561\u0575\u056b\u0576 \u0574\u0565\u0584\u0565\u0576\u0561<\/span><\/li>\n<p>n \t<\/p>\n<li>\u053c\u0561\u0576\u0579<\/li>\n<p>n \t<\/p>\n<li style=\"font-weight: 400;\"><span style=\"font-weight: 400;\">\u0531\u056c\u056f\u0578\u0570\u0578\u056c\u0561\u0575\u056b\u0576 \u056d\u0574\u056b\u0579\u0584\u0576\u0565\u0580<\/span><\/li>\n<p>n \t<\/p>\n<li>\u054f\u0565\u0572\u0561\u056f\u0561\u0576 \u0578\u0582\u0572\u0565\u0581\u0578\u0582\u0575\u0581<\/li>\n<p>n<\/ol>\n<p>n&nbsp;<br \/>\nn<\/p>\n<h4><em><strong>\u0544\u0565\u056f\u0576\u0578\u0582\u0574 \u0587 \u057e\u0565\u0580\u0561\u0564\u0561\u0580\u0571<\/strong><\/em><\/h4>\n<p>n<span style=\"font-weight: 400;\">\u0531\u0574\u0580\u0561\u0563\u0580\u0574\u0561\u0576 \u0563\u0578\u0580\u056e\u0568\u0576\u0569\u0561\u0581\u056b\u0581 \u0570\u0565\u057f\u0578 \u0573\u0561\u0576\u0561\u057a\u0561\u0580\u0570\u0578\u0580\u0564\u0568 \u056f\u057d\u057f\u0561\u0576\u0561 \u0570\u0561\u0576\u0564\u056b\u057a\u0574\u0561\u0576 \u056f\u0565\u057f: \u0547\u0580\u057b\u0561\u0563\u0561\u0575\u0578\u0582\u0569\u0575\u0578\u0582\u0576\u0576\u0565\u0580\u0568 \u057d\u056f\u057d\u057e\u0578\u0582\u0574 \u0587 \u0561\u057e\u0561\u0580\u057f\u057e\u0578\u0582\u0574 \u0565\u0576 \u0574\u0565\u0580 \u0570\u0561\u0576\u0564\u056b\u057a\u0574\u0561\u0576 \u056f\u0565\u057f\u0565\u0580\u0578\u0582\u0574:<\/span><br \/>\nn<br \/>\nn&nbsp;<br \/>\nn<\/p>\n<h3>Media Luna Miches (Half-Moon) \u0562\u0576\u0561\u056f\u0561\u0576 \u056c\u0578\u0572\u0561\u057e\u0561\u0566\u0561\u0576 Half \u2013 Day Pass and Snorkeling<\/h3>\n<p>n<\/p>\n<h4><b><i>\u053b\u055e\u0576\u0579 \u057d\u057a\u0561\u057d\u0565\u056c:<\/i><\/b><\/h4>\n<p>n&nbsp;<br \/>\nn<br \/>\n\u054a\u0561\u0570\u057a\u0561\u0576\u0565\u0584 \u0571\u0565\u0580 \u057f\u0578\u0574\u057d\u0565\u0580\u0568, \u0578\u0580\u057a\u0565\u057d\u0566\u056b \u0563\u0561\u0584 \u0574\u0565\u0566 \u0570\u0565\u057f \u0587 \u0561\u0575\u0581\u0565\u056c\u0565\u0584 Half Moon \u0587 \u057e\u0561\u0575\u0565\u056c\u0565\u0584 \u057d\u0578\u057e\u0578\u0580\u0561\u056f\u0561\u0576 \u0573\u0561\u0577 \u0544\u056b\u0577\u0565\u057d \u0570\u0561\u0574\u0561\u0575\u0576\u0584\u0578\u0582\u0574: \u0531\u0575\u057d \u0567\u0584\u057d\u056f\u0578\u0582\u0580\u057d\u056b\u0561\u0576 \u0574\u0565\u056f\u0576\u0578\u0582\u0574 \u0567 \u0544\u056b\u0579\u0565\u057d\u055d \u0569\u0578\u0582\u0575\u056c \u057f\u0561\u056c\u0578\u057e \u0561\u0583\u0568 \u0564\u0565\u057a\u056b \u0561\u0580\u0587\u0574\u0578\u0582\u057f\u0584, \u0578\u0580\u057f\u0565\u0572\u056b\u0581 \u0574\u0565\u0576\u0584 \u0576\u057d\u057f\u0578\u0582\u0574 \u0565\u0576\u0584 \u056a\u0561\u0574\u0561\u0576\u0561\u056f\u0561\u056f\u056b\u0581 \u056f\u0561\u057f\u0561\u0574\u0561\u0580\u0561\u0576\u0576\u0565\u0580 \u0587 \u0561\u0580\u0561\u0563\u0568\u0576\u0569\u0561\u0581 \u0576\u0561\u057e\u0561\u056f\u0576\u0565\u0580, \u0578\u0580\u0578\u0576\u0584 \u0578\u0582\u0576\u0565\u0576 \u056c\u056b\u0581\u0565\u0576\u0566\u0561\u057e\u0578\u0580\u057e\u0561\u056e \u057f\u0580\u0561\u0576\u057d\u057a\u0578\u0580\u057f \u057f\u0578\u0582\u0580\u056b\u057d\u057f\u0561\u056f\u0561\u0576 \u0563\u0578\u057f\u0578\u0582\u0574 \u0563\u0578\u0580\u056e\u0565\u056c\u0578\u0582 \u0570\u0561\u0574\u0561\u0580: \u0533\u056c\u056d\u0561\u057e\u0578\u0580 \u0583\u0578\u057d \u0570\u0561\u057d\u0576\u0565\u056c\u0578\u0582 \u0570\u0561\u0574\u0561\u0580 \u0564\u0578\u0582\u0584 \u057a\u0565\u057f\u0584 \u0567 \u0561\u0576\u0581\u0576\u0565\u0584 \u057b\u0580\u0561\u0575\u056b\u0576 \u056c\u0561\u0562\u056b\u0580\u056b\u0576\u0569\u0578\u057d\u0578\u057e, \u0578\u0580\u0568 \u0577\u0580\u057b\u0561\u057a\u0561\u057f\u057e\u0561\u056e \u0567 \u0561\u057e\u0561\u0566\u056b \u0573\u0561\u0572\u0565\u0580\u0578\u057e:<br \/>\nn<br \/>\n\u0548\u0579 \u0578\u0584 \u0579\u056b \u056f\u0561\u0580\u0578\u0572 \u0583\u0561\u056d\u0579\u0565\u056c \u0544\u056b\u056d\u0565\u057d\u056b \u0566\u0562\u0578\u057d\u0561\u0577\u0580\u057b\u0561\u0575\u056b\u0576 \u0563\u0580\u0561\u057e\u0579\u0578\u0582\u0569\u0575\u0578\u0582\u0576 \u0578\u0582\u0576\u0565\u0581\u0578\u0572 \u0561\u0575\u057d \u057b\u0580\u0561\u0575\u056b\u0576 \u057c\u0565\u057d\u0578\u0582\u0580\u057d\u056b\u0576 \u056e\u0561\u0576\u0578\u0569\u0561\u0576\u0561\u056c\u0578\u0582\u0581 \u0570\u0565\u057f\u0578, \u0584\u0561\u0576\u056b \u0578\u0580 \u057d\u0561 \u057f\u0561\u0580\u0561\u056e\u0584\u056b \u0574\u056b\u0561\u056f \u057e\u0561\u0575\u0580\u0576 \u0567, \u0578\u0580\u057f\u0565\u0572 \u0566\u0562\u0578\u057d\u0561\u0577\u0580\u057b\u056b\u056f\u0576\u0565\u0580\u0568 \u0587 \u0570\u0561\u0576\u0563\u057d\u057f\u0561\u0581\u0578\u0572\u0576\u0565\u0580\u0568 \u056f\u0561\u0580\u0578\u0572 \u0565\u0576 \u057e\u0561\u0575\u0565\u056c\u0565\u056c \u0587 \u0562\u0561\u056d\u057e\u0565\u056c \u0566\u0563\u0561\u056c\u056b \u0579\u0561\u0583\u0565\u0580\u056b \u0561\u057d\u057f\u0572\u0565\u0580\u056b\u0576 \u0578\u0582 \u0571\u056f\u0576\u0565\u0580\u056b\u0576: \u0534\u0561 \u0574\u056b \u057e\u0561\u0575\u0580 \u0567, \u0578\u0580\u057f\u0565\u0572 \u057b\u0580\u056b \u0574\u0561\u056f\u0561\u0580\u0564\u0561\u056f\u0568 \u056f\u0561\u056d\u057e\u0561\u056e \u0567 \u0574\u0561\u056f\u0568\u0576\u0569\u0561\u0581\u0578\u0582\u0569\u0575\u0578\u0582\u0576\u0576\u0565\u0580\u056b \u056f\u0561\u0574 \u056e\u0578\u057e\u0561\u0575\u056b\u0576 \u0570\u0578\u057d\u0561\u0576\u0584\u0576\u0565\u0580\u056b \u0570\u0578\u0580\u056b\u0566\u0578\u0576\u056b\u0581, \u0578\u0580\u0568 \u0565\u0580\u0562 \u0562\u0561\u0580\u0571\u0580 \u0567 \u0564\u0561\u057c\u0576\u0578\u0582\u0574 \u0561\u057e\u0565\u056c\u056b \u056d\u0578\u0580\u0568, \u056b\u057d\u056f \u0565\u0580\u0562 \u0581\u0561\u056e\u0580 \u0567, \u0561\u057e\u0561\u0566\u0561\u0576\u056b \u0570\u0578\u057d\u0584\u0568 \u0576\u057e\u0561\u0566\u0578\u0582\u0574 \u0567\u0589 \u0539\u0561\u0584\u0576\u057e\u0561\u056e \u056c\u056b\u0576\u0565\u056c\u0568 \u0587 \u0576\u0580\u0561 \u0574\u0578\u0582\u057f\u0584\u0568 \u056e\u0578\u057e\u056b \u0561\u0583\u056b\u0576 \u0561\u0575\u0576 \u0564\u0561\u0580\u0571\u0576\u0578\u0582\u0574 \u0567 \u056f\u0561\u056d\u0561\u0580\u0564\u0561\u056f\u0561\u0576 \u0587 \u056f\u0578\u0582\u057d\u0561\u056f\u0561\u0576 \u057e\u0561\u0575\u0580 \u0576\u0580\u0561\u0576\u0581 \u0570\u0561\u0574\u0561\u0580, \u0578\u057e\u0584\u0565\u0580 \u0561\u0575\u0581\u0565\u056c\u0578\u0582\u0574 \u0565\u0576 \u0561\u0575\u0576\u057f\u0565\u0572\u055d \u0579\u0581\u0561\u0576\u056f\u0561\u0576\u0561\u056c\u0578\u057e \u0570\u0565\u057c\u0561\u0576\u0561\u056c: \u0531\u0575\u057d\u057f\u0565\u0572 \u0561\u0580\u0587\u056b\u0581 \u057a\u0561\u057f\u057d\u057a\u0561\u0580\u057e\u0565\u056c\u0578\u0582 \u0570\u0561\u0574\u0561\u0580 \u056e\u0561\u057c\u0565\u0580 \u0579\u056f\u0561\u0576, \u0562\u0561\u0575\u0581 \u057b\u0578\u0582\u0580\u0568 \u057d\u0561\u057c\u0579\u0578\u0582\u0574 \u0567 \u057f\u0565\u0572\u0561\u0576\u0584\u056b \u0585\u0580\u0578\u0580\u0578\u0581\u0561\u0575\u056b\u0576 \u056f\u0561\u0574 \u0585\u0580\u0578\u0580\u057e\u0578\u0572 \u0561\u057c\u0587\u057f\u0580\u0561\u0575\u056b\u0576 \u0584\u0561\u0574\u056b\u0576\u0565\u0580\u056b\u0581: \u053f\u0561\u0580\u0565\u056c\u056b \u0567 \u0561\u0574\u0583\u0578\u0583\u0565\u056c, \u0578\u0580 \u0564\u0561 \u0562\u0576\u0561\u056f\u0561\u0576 \u056e\u0578\u057e\u0561\u056e\u0578\u0581 \u0567 \u0531\u057f\u056c\u0561\u0576\u057f\u0575\u0561\u0576 \u0585\u057e\u056f\u056b\u0561\u0576\u0578\u057d\u0578\u0582\u0574, \u0578\u0580\u0576 \u056b\u0580 \u0561\u0576\u057e\u0561\u0576 \u0570\u0561\u0574\u0561\u0580 \u057a\u0561\u0580\u057f\u0561\u056f\u0561\u0576 \u0567 \u0561\u0575\u0576 \u0562\u0561\u0576\u056b\u0576, \u0578\u0580 \u057e\u0565\u0580\u0587\u056b\u0581 \u0576\u056f\u0561\u057f\u057e\u0561\u056e \u056f\u056b\u057d\u0561\u056c\u0578\u0582\u057d\u056b\u0576 \u0567 \u0570\u056b\u0577\u0565\u0581\u0576\u0578\u0582\u0574:<br \/>\nn<br \/>\n\u054f\u0565\u0572\u0561\u0581\u056b\u0576\u0565\u0580\u0576 \u0561\u0575\u0576 \u0576\u0561\u0587 \u0561\u0576\u057e\u0561\u0576\u0578\u0582\u0574 \u0565\u0576 Cayo de la Media Luna, \u0578\u0580\u0568 \u0571\u0587\u0561\u057e\u0578\u0580\u057e\u0565\u056c \u0567 \u056f\u0578\u0580\u0561\u056c\u0561\u0575\u056b\u0576 \u056d\u0578\u0582\u0569\u0565\u0580\u0578\u057e \u0587 \u057d\u057a\u056b\u057f\u0561\u056f \u0561\u057e\u0561\u0566\u0578\u057e, \u0562\u0575\u0578\u0582\u0580\u0565\u0572\u0561\u0575\u056b\u0576 \u057b\u0580\u056b\u0581, \u0578\u0580\u0568 \u056f\u0565\u057f\u0561\u057e\u0578\u0580 \u0567 \u0561\u0574\u0565\u0576\u0578\u0582\u0580\u055d \u056f\u0578\u057f\u0580\u0565\u056c\u0578\u0582 \u0562\u0576\u0561\u056f\u0561\u0576 \u0561\u056c\u056b\u0584\u0576\u0565\u0580\u0568, \u0578\u0580\u0578\u0576\u0584 \u0570\u0561\u0576\u0563\u057d\u057f\u0561\u0581\u0576\u0578\u0582\u0574 \u0565\u0576 \u0576\u0580\u0561 \u057b\u0580\u0565\u0580\u0568: \u0535\u0580\u0562 \u0574\u0561\u056f\u0568\u0576\u0569\u0561\u0581\u0578\u0582\u0569\u0575\u0578\u0582\u0576\u0568 \u056f\u0561\u0575\u0578\u0582\u0576 \u0567, \u0564\u0580\u0561 \u056d\u0578\u0580\u0578\u0582\u0569\u0575\u0578\u0582\u0576\u0568 \u0579\u056b \u0563\u0565\u0580\u0561\u0566\u0561\u0576\u0581\u0578\u0582\u0574 \u0565\u0580\u0565\u0584 \u0578\u057f\u0576\u0561\u0579\u0561\u0583\u0568, \u056b\u0576\u0579\u0568 \u057d\u057f\u056b\u057a\u0578\u0582\u0574 \u0567 \u0565\u0580\u0565\u056d\u0561\u0576\u0565\u0580\u056b\u0576 \u0587 \u0574\u0565\u056e\u0561\u0570\u0561\u057d\u0561\u056f\u0576\u0565\u0580\u056b\u0576 \u057e\u0561\u0575\u0565\u056c\u0565\u056c \u0561\u0572\u056b \u057b\u0580\u056b \u0561\u0575\u057d \u0564\u0580\u0561\u056d\u057f\u0561\u0575\u056b\u0576 \u057e\u0561\u0575\u0580\u0568:<br \/>\nn<br \/>\nn<strong>\u053a\u0561\u0574\u0561\u0576\u0561\u056f\u0561\u0581\u0578\u0582\u0575\u0581:<\/strong><br \/>\nn<br \/>\nn8:45 - 13:30<br \/>\nn<br \/>\nn&nbsp;<br \/>\nn<\/p>\n<h4><em><strong>\u053b\u0576\u0579 \u057a\u0565\u057f\u0584 \u0567 \u0562\u0565\u0580\u0565\u0584:<\/strong><\/em><\/h4>\n<p>n<\/p>\n<ul>\nn \t<\/p>\n<li style=\"font-weight: 400;\"><span style=\"font-weight: 400;\">\u054f\u0565\u057d\u0561\u056d\u0581\u056b\u056f<\/span><\/li>\n<p>n \t<\/p>\n<li style=\"font-weight: 400;\"><span style=\"font-weight: 400;\">\u057e\u0561\u0576\u0578\u0572 \u0562\u0578\u0572\u0562\u0578\u057b\u0576\u0565\u0580<\/span><\/li>\n<p>n \t<\/p>\n<li style=\"font-weight: 400;\"><span style=\"font-weight: 400;\">\u0561\u0580\u0587\u0561\u057a\u0561\u0577\u057f\u057a\u0561\u0576 \u0584\u057d\u0578\u0582\u0584<\/span><\/li>\n<p>n \t<\/p>\n<li style=\"font-weight: 400;\"><span style=\"font-weight: 400;\">\u0533\u056c\u056d\u0561\u0580\u056f<\/span><\/li>\n<p>n \t<\/p>\n<li style=\"font-weight: 400;\"><span style=\"font-weight: 400;\">\u0540\u0561\u0580\u0574\u0561\u0580\u0561\u057e\u0565\u057f \u057f\u0561\u0562\u0561\u057f<\/span><\/li>\n<p>n \t<\/p>\n<li style=\"font-weight: 400;\"><span style=\"font-weight: 400;\">\u0531\u0580\u0577\u0561\u057e\u0561\u0575\u056b\u0576 \u056f\u0578\u0577\u056b\u056f\u0576\u0565\u0580 \u0561\u0576\u057f\u0561\u057c\u056b \u0570\u0561\u0574\u0561\u0580<\/span><\/li>\n<p>n \t<\/p>\n<li style=\"font-weight: 400;\"><span style=\"font-weight: 400;\">\u054d\u0561\u0576\u0564\u0561\u056c\u0576\u0565\u0580 \u0564\u0565\u057a\u056b \u056c\u0578\u0572\u0561\u0583<\/span><\/li>\n<p>n \t<\/p>\n<li style=\"font-weight: 400;\"><span style=\"font-weight: 400;\">\u053c\u0578\u0572\u0561\u0566\u0563\u0565\u057d\u057f<\/span><\/li>\n<p>n \t<\/p>\n<li>\u053f\u0561\u0576\u056d\u056b\u056f \u0570\u0578\u0582\u0577\u0561\u0576\u057e\u0565\u0580\u0576\u0565\u0580\u056b \u0570\u0561\u0574\u0561\u0580<\/li>\n<p>n<\/ul>\n<p>n&nbsp;<br \/>\nn<\/p>\n<h4><b><i>\u0540\u0575\u0578\u0582\u0580\u0561\u0576\u0578\u0581\u056b \u057a\u056b\u056f\u0561\u057a <\/i><\/b><\/h4>\n<p>n<span style=\"font-weight: 400;\">\u0531\u0575\u057d \u0577\u0580\u057b\u0561\u0563\u0561\u0575\u0578\u0582\u0569\u0575\u0561\u0576 \u0570\u0561\u0574\u0561\u0580 \u0570\u0575\u0578\u0582\u0580\u0561\u0576\u0578\u0581\u056b\u0581 \u057e\u0565\u0580\u0581\u0576\u0565\u056c\u0568 \u0579\u056b \u0561\u057c\u0561\u057b\u0561\u0580\u056f\u057e\u0578\u0582\u0574: <\/span><br \/>\nn<br \/>\nn&nbsp;<br \/>\nn<br \/>\nn<b>\u0546\u0577\u0578\u0582\u0574:<\/b><span style=\"font-weight: 400;\"> \u0535\u0569\u0565 \u0564\u0578\u0582\u0584 \u0561\u0574\u0580\u0561\u0563\u0580\u0578\u0582\u0574 \u0565\u0584 \u0577\u0580\u057b\u0561\u0563\u0561\u0575\u0578\u0582\u0569\u0575\u0561\u0576\/\u0537\u0584\u057d\u056f\u0578\u0582\u0580\u057d\u056b\u0561\u0575\u056b \u0574\u0565\u056f\u0576\u0574\u0561\u0576 \u056a\u0561\u0574\u056b\u0581 \u0570\u0565\u057f\u0578 24 \u056a\u0561\u0574\u057e\u0561 \u0568\u0576\u0569\u0561\u0581\u0584\u0578\u0582\u0574, \u0574\u0565\u0576\u0584 \u056f\u0561\u0580\u0578\u0572 \u0565\u0576\u0584 \u056f\u0561\u0566\u0574\u0561\u056f\u0565\u0580\u057a\u0565\u056c \u0570\u0575\u0578\u0582\u0580\u0561\u0576\u0578\u0581\u056b \u057f\u0565\u0572\u0561\u0583\u0578\u056d\u0578\u0582\u0574: \u0535\u0580\u0562 \u0563\u0576\u0578\u0582\u0574\u0576 \u0561\u057e\u0561\u0580\u057f\u057e\u056b, \u0574\u0565\u0576\u0584 \u0571\u0565\u0566 \u056f\u0578\u0582\u0572\u0561\u0580\u056f\u0565\u0576\u0584 \u0561\u0574\u0562\u0578\u0572\u057b\u0561\u056f\u0561\u0576 \u056f\u0578\u0576\u057f\u0561\u056f\u057f\u0561\u0575\u056b\u0576 \u057f\u057e\u0575\u0561\u056c\u0576\u0565\u0580 (\u0570\u0565\u057c\u0561\u056d\u0578\u057d\u0561\u0570\u0561\u0574\u0561\u0580, \u0567\u056c. \u0583\u0578\u057d\u057f\u056b \u0570\u0561\u057d\u0581\u0565 \u0587 \u0561\u0575\u056c\u0576) \u0574\u0565\u0580 \u057f\u0565\u0572\u0561\u056f\u0561\u0576 \u057f\u0578\u0582\u0580\u056b\u057d\u057f\u0561\u056f\u0561\u0576 \u0578\u0582\u0572\u0565\u0581\u0578\u0582\u0575\u0581\u056b \u0570\u0561\u0574\u0561\u0580\u055d \u057e\u0565\u0580\u0581\u0576\u0565\u056c\u0578\u0582 \u057a\u0561\u0575\u0574\u0561\u0576\u0561\u057e\u0578\u0580\u057e\u0561\u056e\u0578\u0582\u0569\u0575\u0578\u0582\u0576\u0576\u0565\u0580 \u056f\u0561\u0566\u0574\u0561\u056f\u0565\u0580\u057a\u0565\u056c\u0578\u0582 \u0570\u0561\u0574\u0561\u0580:<\/span><br \/>\nn<\/p>\n<h4><b><i>\u053c\u0580\u0561\u0581\u0578\u0582\u0581\u056b\u0579 \u057f\u0565\u0572\u0565\u056f\u0578\u0582\u0569\u0575\u0578\u0582\u0576\u0576\u0565\u0580\u056b \u0570\u0561\u057d\u057f\u0561\u057f\u0578\u0582\u0574 <\/i><\/b><\/h4>\n<p>n<\/p>\n<ol>\nn \t<\/p>\n<li>\u054f\u0578\u0574\u057d\u0565\u0580\u0568 \u0561\u0576\u0564\u0578\u0580\u0580\u0561\u0563\u056b\u0580 \u0565\u0576 \u0561\u0575\u057d \u057f\u0578\u0582\u0580\u0568 \u057e\u0573\u0561\u0580\u0565\u056c\u0578\u0582\u0581 \u0570\u0565\u057f\u0578: \u0534\u0578\u0582\u0584 \u056f\u0561\u0580\u0578\u0572 \u0565\u0584 \u0581\u0578\u0582\u0575\u0581 \u057f\u0561\u056c \u057e\u0573\u0561\u0580\u0578\u0582\u0574\u0568 \u0571\u0565\u0580 \u0570\u0565\u057c\u0561\u056d\u0578\u057d\u0578\u0582\u0574:<\/li>\n<p>n \t<\/p>\n<li style=\"font-weight: 400;\"><span style=\"font-weight: 400;\">\u0540\u0561\u0576\u0564\u056b\u057a\u0574\u0561\u0576 \u056f\u0565\u057f\u0568 \u056f\u057d\u057f\u0561\u0581\u057e\u056b \u0561\u0574\u0580\u0561\u0563\u0580\u0574\u0561\u0576 \u0563\u0578\u0580\u056e\u0568\u0576\u0569\u0561\u0581\u056b\u0581 \u0570\u0565\u057f\u0578:<\/span><\/li>\n<p>n \t<\/p>\n<li style=\"font-weight: 400;\"><span style=\"font-weight: 400;\">\u0535\u0580\u0565\u056d\u0561\u0576\u0565\u0580\u056b\u0576 \u057a\u0565\u057f\u0584 \u0567 \u0578\u0582\u0572\u0565\u056f\u0581\u056b \u0574\u0565\u056e\u0561\u0570\u0561\u057d\u0561\u056f:<\/span><\/li>\n<p>n \t<\/p>\n<li style=\"font-weight: 400;\"><span style=\"font-weight: 400;\">\u0570\u0561\u057d\u0561\u0576\u0565\u056c\u056b \u0567 \u0561\u0576\u057e\u0561\u057d\u0561\u0575\u056c\u0561\u056f\u0578\u057e <\/span><\/li>\n<p>n \t<\/p>\n<li style=\"font-weight: 400;\"><span style=\"font-weight: 400;\">\u0546\u0578\u0580\u0561\u056e\u056b\u0576\u0576\u0565\u0580\u0568 \u057a\u0565\u057f\u0584 \u0567 \u0576\u057d\u057f\u0565\u0576 \u0563\u056b\u0580\u056f\u0568 <\/span><\/li>\n<p>n \t<\/p>\n<li style=\"font-weight: 400;\"><span style=\"font-weight: 400;\">\u0547\u0561\u057f \u0573\u0561\u0576\u0561\u057a\u0561\u0580\u0570\u0578\u0580\u0564\u0576\u0565\u0580 \u056f\u0561\u0580\u0578\u0572 \u0565\u0576 \u0574\u0561\u057d\u0576\u0561\u056f\u0581\u0565\u056c<\/span><\/li>\n<p>n<\/ol>\n<p>n<\/p>\n<h4><b><i>\u0549\u0565\u0572\u0561\u0580\u056f\u0574\u0561\u0576 \u0584\u0561\u0572\u0561\u0584\u0561\u056f\u0561\u0576\u0578\u0582\u0569\u0575\u0578\u0582\u0576<\/i><\/b><\/h4>\n<p>\u0531\u0574\u0562\u0578\u0572\u057b \u0563\u0578\u0582\u0574\u0561\u0580\u0568 \u057e\u0565\u0580\u0561\u0564\u0561\u0580\u0571\u0576\u0565\u056c\u0578\u0582 \u0570\u0561\u0574\u0561\u0580 \u056f\u0561\u0580\u0564\u0561\u0581\u0565\u0584 \u0574\u0565\u0580 \u0579\u0565\u0572\u0561\u0580\u056f\u0574\u0561\u0576 \u0584\u0561\u0572\u0561\u0584\u0561\u056f\u0561\u0576\u0578\u0582\u0569\u0575\u0578\u0582\u0576\u0568\u00a0<a href=\"https:\/\/www.boattoursamana.com\/hy\/%d5%a1%d5%bc%d6%81%d5%a1%d5%b6%d6%81-%d5%a1%d5%b4%d6%80%d5%a1%d5%a3%d6%80%d5%b8%d6%82%d5%b4\/\" target=\"_blank\" rel=\"noopener\" data-saferedirecturl=\"https:\/\/www.google.com\/url?q=https:\/\/www.boattoursamana.com\/online-booking\/&amp;source=gmail&amp;ust=1672532492004000&amp;usg=AOvVaw3ylqI1cdbIPTimEqEWneyd\">\u054d\u0565\u0572\u0574\u0565\u0584 \u0561\u0575\u057d\u057f\u0565\u0572<\/a>. \u0533\u0578\u0582\u0574\u0561\u0580\u0576\u0565\u0580\u0568 \u056f\u056f\u0578\u0580\u0579\u0565\u0576, \u0565\u0569\u0565 \u0561\u0574\u0580\u0561\u0563\u0580\u0578\u0582\u0574\u0568 \u0579\u0565\u0572\u0561\u0580\u056f\u057e\u056b \u0578\u0582\u0572\u0587\u0578\u0580\u0578\u0582\u0569\u0575\u0561\u0576 \u0576\u0578\u0582\u0575\u0576 \u0585\u0580\u0568:<\/p>\n\n\t\t<\/div>\n\t<\/div>\n<\/div><\/div><\/div><\/div><div class=\"vc_row wpb_row vc_row-fluid\" ><\/div><div class=\"wpb_column vc_column_container vc_col-sm-12\"><div class=\"vc_column-inner\"><div class=\"wpb_wrapper\"><\/div><\/div><\/div><div class=\"vc_empty_space\"   style=\"height: 32px\"><span class=\"vc_empty_space_inner\"><\/span><\/div><div class=\"vc_empty_space\"   style=\"height: 32px\"><span class=\"vc_empty_space_inner\"><\/span><\/div><div class=\"vc_row wpb_row vc_row-fluid\" ><\/div><div class=\"wpb_column vc_column_container vc_col-sm-12\"><div class=\"vc_column-inner\"><div class=\"wpb_wrapper\"><\/div><\/div><\/div><div class=\"vc_row wpb_row vc_row-fluid\" ><div class=\"wpb_column vc_column_container vc_col-sm-12\"><div class=\"vc_column-inner\"><div class=\"wpb_wrapper\"><div class=\"vc_btn3-container vc_btn3-inline\" ><button class=\"vc_general vc_btn3 vc_btn3-size-md vc_btn3-shape-rounded vc_btn3-style-modern vc_btn3-color-green\">\u0531\u0544\u0550\u0531\u0533\u0550\u0535\u053c \u0540\u053b\u0544\u0531<\/button><\/div><\/div><\/div><\/div><\/div>","protected":false},"excerpt":{"rendered":"<p>Media Luna Miches (Media Luna) Pase de medio d\u00eda y snorkel en la piscina natural. Visitar la bah\u00eda de Saman\u00e1 desde Miches con lugare\u00f1os y nadar en el medio de la bah\u00eda de Saman\u00e1: Peque\u00f1as \u00e1reas de arrecifes de coral para explorar y hacer snorkel. Media Luna es una Nueva Atracci\u00f3n en Rep\u00fablica Dominicana. n nSeleccione la fecha del Tour: &nbsp;<\/p>","protected":false},"author":2,"featured_media":0,"parent":0,"menu_order":0,"comment_status":"open","ping_status":"closed","template":"","meta":{"footnotes":""},"class_list":["post-15767","page","type-page","status-publish","hentry"],"_links":{"self":[{"href":"https:\/\/www.boattoursamana.com\/hy\/wp-json\/wp\/v2\/pages\/15767","targetHints":{"allow":["GET"]}}],"collection":[{"href":"https:\/\/www.boattoursamana.com\/hy\/wp-json\/wp\/v2\/pages"}],"about":[{"href":"https:\/\/www.boattoursamana.com\/hy\/wp-json\/wp\/v2\/types\/page"}],"author":[{"embeddable":true,"href":"https:\/\/www.boattoursamana.com\/hy\/wp-json\/wp\/v2\/users\/2"}],"replies":[{"embeddable":true,"href":"https:\/\/www.boattoursamana.com\/hy\/wp-json\/wp\/v2\/comments?post=15767"}],"version-history":[{"count":0,"href":"https:\/\/www.boattoursamana.com\/hy\/wp-json\/wp\/v2\/pages\/15767\/revisions"}],"wp:attachment":[{"href":"https:\/\/www.boattoursamana.com\/hy\/wp-json\/wp\/v2\/media?parent=15767"}],"curies":[{"name":"wp","href":"https:\/\/api.w.org\/{rel}","templated":true}]}}