{"id":15803,"date":"2023-07-15T07:43:59","date_gmt":"2023-07-15T07:43:59","guid":{"rendered":"https:\/\/www.ticketswhales.com\/27-waterfalls-buggies-hiking-and-swimming\/"},"modified":"2023-07-15T07:43:59","modified_gmt":"2023-07-15T07:43:59","slug":"27-waterfalls-buggies-hiking-and-swimming","status":"publish","type":"page","link":"https:\/\/www.boattoursamana.com\/hy\/27-waterfalls-buggies-hiking-and-swimming","title":{"rendered":"27 \u057b\u0580\u057e\u0565\u056a Buggies (\u0584\u0561\u0575\u056c\u0561\u0580\u0577\u0561\u057e \u0587 \u056c\u0578\u0572)"},"content":{"rendered":"<p><span style=\"vertical-align: inherit;\"><span style=\"vertical-align: inherit;\"><span style=\"vertical-align: inherit;\"><span style=\"vertical-align: inherit;\">Esta excursi\u00f3n desde 27 cascadas de Damajagua en Puerto Plata, Almuerzo y Excursi\u00f3n por las 27 cascadas, caminata y salto al r\u00edo.<\/span><\/span><\/span><\/span><br \/>\nn<br \/>\nn<span style=\"vertical-align: inherit;\"><span style=\"vertical-align: inherit;\"><span style=\"vertical-align: inherit;\"><span style=\"vertical-align: inherit;\">Viaje Ecol\u00f3gico a las 27 cascadas de Puerto Plata. <\/span><\/span><\/span><span style=\"vertical-align: inherit;\"><span style=\"vertical-align: inherit;\"><span style=\"vertical-align: inherit;\">Obtenga sus boletos para una excursi\u00f3n de medio d\u00eda aqu\u00ed en la Cascada 27 de Damajagua. <\/span><\/span><\/span><span style=\"vertical-align: inherit;\"><span style=\"vertical-align: inherit;\"><span style=\"vertical-align: inherit;\">Los boletos de ingreso con almuerzo y excursi\u00f3n incluyen salto y nado en las cascadas m\u00e1s hermosas de la Rep\u00fablica Dominicana. <\/span><\/span><\/span><span style=\"vertical-align: inherit;\"><span style=\"vertical-align: inherit;\"><span style=\"vertical-align: inherit;\">Caminata y nataci\u00f3n con equipo de seguridad para tener la mejor experiencia!<\/span><\/span><\/span><\/span><br \/>\nn<br \/>\nn&nbsp;<br \/>\nn<br \/>\nn<strong><span style=\"vertical-align: inherit;\"><span style=\"vertical-align: inherit;\"><span style=\"vertical-align: inherit;\"><span style=\"vertical-align: inherit;\">Sleccione la fecha para el Tour:\u00a0<\/span><\/span><\/span><\/span><\/strong><\/p>\n<p>&nbsp;<\/p>\n<div class=\"vc_row wpb_row vc_row-fluid\" ><div class=\"wpb_column vc_column_container vc_col-sm-12\"><div class=\"vc_column-inner\"><div class=\"wpb_wrapper\"><div class=\"mkdf-section-title-holder\" style=\"text-align: left\">\n\t<div class=\"mkdf-st-inner\">\n\t\t\t\t\t<h5 class=\"mkdf-st-subtitle\" >\n\t\t\t\t\u0543\u0561\u0577\u0568 \u0576\u0565\u0580\u0561\u057c\u057e\u0561\u056e \u0567\t\t\t<\/h5>\n\t\t\t\t\t\t\t<h3 class=\"mkdf-st-title\" >\n\t\t\t\t27 Waterfalls Buggies Tour Puerto Plata\t\t\t<\/h3>\n\t\t\t\t\t<\/div>\n<\/div><div class=\"vc_message_box vc_message_box-standard vc_message_box-rounded vc_color-info\" ><div class=\"vc_message_box-icon\"><i class=\"fas fa-info-circle\"><\/i><\/div><p>Book Just The entrance Tickets or With Transportation : <a href=\"https:\/\/www.boattoursamana.com\/hy\/?s=27+waterfalls&amp;post_type=product&amp;dgwt_wcas=1\">\u054d\u0565\u0572\u0574\u0565\u0584 \u0561\u0575\u057d\u057f\u0565\u0572.<\/a><\/p>\n<\/div><div class=\"vc_empty_space\"   style=\"height: 32px\"><span class=\"vc_empty_space_inner\"><\/span><\/div><\/div><\/div><\/div><\/div><div class=\"vc_row wpb_row vc_row-fluid\" ><div class=\"wpb_column vc_column_container vc_col-sm-12\"><div class=\"vc_column-inner\"><div class=\"wpb_wrapper\">\n\t<div class=\"wpb_text_column wpb_content_element\" >\n\t\t<div class=\"wpb_wrapper\">\n\t\t\t<p>\nn<\/p>\n<h2 class=\"ui_header h1 attractions-product-info-ProductTitle__title--1qM0o\">27 Waterfalls Buggies Tour Puerto Plata<\/h2>\n<p>n<b><i>\u0538\u0576\u0564\u0570\u0561\u0576\u0578\u0582\u0580 \u0561\u056f\u0576\u0561\u0580\u056f <\/i><\/b><br \/>\nn<br \/>\nnGet your Tickets for Buggies in Puerto Plata with lowest damajagua waterfalls price. Damajagua areas with the best <strong data-key=\"puerto plata waterfall excursion\">puerto plata waterfall excursion.\u00a0<\/strong><br \/>\nn<br \/>\nnThere\u2019s no more thrilling way to explore the wild Dominican countryside than one of these buggies on a tour featured by Locals. Take off-road trails with 27 waterfalls forest areas your backdrop, and swim in a river or at the beach on this half-day, morning adventure.<br \/>\nn<br \/>\nnAfter expert instruction, it\u2019s time to hit the trails and venture into the countryside. You\u2019ll pass palm groves, rustic farmland, and villages, as you speed down the dusty, jungle trails \u2013 well off the beaten path.<br \/>\nn<br \/>\nnThere\u2019ll be a couple of pit stops where you can grab a fresh coconut for the road, if you\u2019re feeling thirsty. Also, one way or another you\u2019ll get dirty, so bring your swimwear and cool off at the beach or natural river \u2013 a lovely way to dust yourself off. You\u2019ll also get to wash down a thrilling day with complimentary ice-cold beer or cocktail back at the base. Contac Us for our <strong>waterfalls of damajagua and off-road buggy combo<\/strong> .<br \/>\nn<\/p>\n<ul>\nn \t<\/p>\n<li style=\"font-weight: 400;\">\u0546\u0565\u0580\u0561\u057c\u057e\u0561\u056e \u057e\u0573\u0561\u0580\u0576\u0565\u0580\u0568<\/li>\n<p>n \t<\/p>\n<li>\u053c\u0561\u0576\u0579<\/li>\n<p>n \t<\/p>\n<li>\u0546\u0561\u056d\u0578\u0582\u057f\u0565\u057d\u057f\u0576\u0565\u0580<\/li>\n<p>n \t<\/p>\n<li style=\"font-weight: 400;\">\u054f\u0565\u0572\u0561\u056f\u0561\u0576 \u0567\u0584\u057d\u056f\u0578\u0582\u0580\u057d\u0561\u057e\u0561\u0580 \u0561\u0576\u0563\u056c\u0565\u0580\u0565\u0576 \u056c\u0565\u0566\u057e\u0578\u057e<\/li>\n<p>n<\/ul>\n<p>n&nbsp;<br \/>\nn<\/p>\n<h4><b>\u0546\u0565\u0580\u0561\u057c\u0578\u0582\u0574\u0576\u0565\u0580 \u0587 \u0562\u0561\u0581\u0561\u057c\u0578\u0582\u0574\u0576\u0565\u0580<\/b><\/h4>\n<p>n&nbsp;<br \/>\nn<br \/>\nn<b>\u0546\u0565\u0580\u0561\u057c\u0578\u0582\u0574\u0576\u0565\u0580<\/b><br \/>\nn<\/p>\n<ol>\nn \t<\/p>\n<li>\u053c\u0561\u0576\u0579<\/li>\n<p>n \t<\/p>\n<li style=\"font-weight: 400;\"><span style=\"font-weight: 400;\">\u0532\u0578\u056c\u0578\u0580 \u0570\u0561\u0580\u056f\u0565\u0580\u0568, \u057e\u0573\u0561\u0580\u0576\u0565\u0580\u0568 \u0587 \u0562\u0565\u057c\u0576\u0561\u0569\u0561\u0583\u0574\u0561\u0576 \u057e\u0573\u0561\u0580\u0576\u0565\u0580\u0568<\/span><\/li>\n<p>n \t<\/p>\n<li style=\"font-weight: 400;\"><span style=\"font-weight: 400;\">\u054f\u0565\u0572\u0561\u056f\u0561\u0576 \u0570\u0561\u0580\u056f\u0565\u0580<\/span><\/li>\n<p>n \t<\/p>\n<li style=\"font-weight: 400;\"><span style=\"font-weight: 400;\">\u0538\u0574\u057a\u0565\u056c\u056b\u0584\u0576\u0565\u0580<\/span><\/li>\n<p>n \t<\/p>\n<li>\u0546\u0561\u056d\u0578\u0582\u057f\u0565\u057d\u057f\u0576\u0565\u0580<\/li>\n<p>n \t<\/p>\n<li style=\"font-weight: 400;\"><span style=\"font-weight: 400;\">\u0532\u0578\u056c\u0578\u0580 \u0563\u0578\u0580\u056e\u0578\u0572\u0578\u0582\u0569\u0575\u0578\u0582\u0576\u0576\u0565\u0580\u0568<\/span><\/li>\n<p>n \t<\/p>\n<li style=\"font-weight: 400;\"><span style=\"font-weight: 400;\">\u054f\u0565\u0572\u0561\u056f\u0561\u0576 \u0578\u0582\u0572\u0565\u0581\u0578\u0582\u0575\u0581<\/span><\/li>\n<p>n<\/ol>\n<p>n<b> \u0532\u0561\u0581\u0561\u057c\u0578\u0582\u0574\u0576\u0565\u0580<\/b><br \/>\nn<\/p>\n<ol>\nn \t<\/p>\n<li style=\"font-weight: 400;\"><span style=\"font-weight: 400;\">\u0547\u0561\u0570\u0561\u057e\u0573\u0561\u0580\u0576\u0565\u0580<\/span><\/li>\n<p>n \t<\/p>\n<li>\u0583\u0578\u056d\u0561\u0564\u0580\u0578\u0582\u0574 (\u054d\u0561\u0570\u0574\u0561\u0576\u057e\u0561\u056e \u0567 \u0574\u0565\u0566 \u0570\u0565\u057f \u056f\u0561\u057a \u0570\u0561\u057d\u057f\u0561\u057f\u0565\u056c\u0578\u057e)<\/li>\n<p>n \t<\/p>\n<li style=\"font-weight: 400;\"><span style=\"font-weight: 400;\">\u0531\u056c\u056f\u0578\u0570\u0578\u056c\u0561\u0575\u056b\u0576 \u056d\u0574\u056b\u0579\u0584\u0576\u0565\u0580<\/span><\/li>\n<p>n<\/ol>\n<p>n&nbsp;<br \/>\nn<br \/>\nn<em><strong>\u0544\u0565\u056f\u0576\u0578\u0582\u0574 \u0587 \u057e\u0565\u0580\u0561\u0564\u0561\u0580\u0571<\/strong><\/em><br \/>\nn<br \/>\nn<span style=\"font-weight: 400;\">\u0531\u0574\u0580\u0561\u0563\u0580\u0574\u0561\u0576 \u0563\u0578\u0580\u056e\u0568\u0576\u0569\u0561\u0581\u056b\u0581 \u0570\u0565\u057f\u0578 \u0573\u0561\u0576\u0561\u057a\u0561\u0580\u0570\u0578\u0580\u0564\u0568 \u056f\u057d\u057f\u0561\u0576\u0561 \u0570\u0561\u0576\u0564\u056b\u057a\u0574\u0561\u0576 \u056f\u0565\u057f: \u0547\u0580\u057b\u0561\u0563\u0561\u0575\u0578\u0582\u0569\u0575\u0578\u0582\u0576\u0576\u0565\u0580\u0568 \u057d\u056f\u057d\u057e\u0578\u0582\u0574 \u0587 \u0561\u057e\u0561\u0580\u057f\u057e\u0578\u0582\u0574 \u0565\u0576 \u0574\u0565\u0580 \u0570\u0561\u0576\u0564\u056b\u057a\u0574\u0561\u0576 \u056f\u0565\u057f\u0565\u0580\u0578\u0582\u0574:<\/span><br \/>\nn<\/p>\n<h4><\/h4>\n<p>n<\/p>\n<h3 class=\"ui_header h1 attractions-product-info-ProductTitle__title--1qM0o\">27 waterfalls of damajagua puerto plata tours excursions<\/h3>\n<p>n<b><i>\u053b\u055e\u0576\u0579 \u057d\u057a\u0561\u057d\u0565\u056c:<\/i><\/b><br \/>\nn<\/p>\n<div class=\"apd_content_block\" data-tab=\"TABS_OVERVIEW\"><\/div>\n<p>n<\/p>\n<div data-tab=\"TABS_WHAT_TO_EXPECT\">\nn<\/p>\n<div class=\"ui_card attractions-card-CollapsibleProductDetailsCard__cardContainer--3r2wk attractions-card-CollapsibleProductDetailsCard__cleanslateOverrideDT--2AJh0\">\nn<\/p>\n<div class=\"attractions-card-CollapsibleCard__content--2Ws8q\">\nn<\/p>\n<div class=\"attractions-card-CollapsibleCard__contentWrap--374jk attractions-card-CollapsibleCard__titleUnderline--1uHze\">\nn<\/p>\n<div class=\"attractions-card-CollapsibleProductDetailsCard__cardContent--23ext\">\nn<\/p>\n<div class=\"common-text-ReadMore__readMore--3Iu8c common-text-ReadMore__variantFadeOut--1tInd\">\nn<\/p>\n<div class=\"common-text-ReadMore__content--2X4LR\">\nn<\/p>\n<div class=\"ui_columns is-desktop\">\nn<\/p>\n<div class=\"ui_column\">\nn<br \/>\nnDamajagua Buggy\u2019s<br \/>\nn<br \/>\nnLet\u2019s start our engines and begin an exciting route through muddy trails, tropical forest,s, and rivers. This is an hour and a half tour between 10 and 15 kilometers long.<br \/>\nn<br \/>\nnThe first stop will be in the Bajabonico River in Bellaco Community. On the road, you are going to be able to pick up some fruits and even eat locals made Patty.<br \/>\nn<br \/>\nnWe will continue the buggy route to the communities of Bajabonico Arriba,\u00a0 were we can try the\u00a0 <strong>damajagua waterfalls water temperature .<\/strong> Palmar Grande y Los Felix. Once we are driving within those communities, we have to slow down our speed because of the kids, animals, and local people living their normal life.<br \/>\nnWe will descend from the vehicles and have a chance to swimming in the freshwater of the river!<br \/>\nnOn the way back, we will take an external road being able to cross as much as 12 times the river one by one.<br \/>\nnFinally, we will get back to the meeting point and you can go back to your place and talk to your friends about this unforgettable tour.<br \/>\nn<br \/>\nn<\/div>\n<p>n\n<\/p><\/div>\n<p>n\n<\/p><\/div>\n<p>n\n<\/p><\/div>\n<p>n\n<\/p><\/div>\n<p>n\n<\/p><\/div>\n<p>n\n<\/p><\/div>\n<p>n\n<\/p><\/div>\n<p>n\n<\/p><\/div>\n<p>n<em><strong>\u053b\u0576\u0579 \u057a\u0565\u057f\u0584 \u0567 \u0562\u0565\u0580\u0565\u0584:<\/strong><\/em><br \/>\nn<\/p>\n<ul>\nn \t<\/p>\n<li style=\"font-weight: 400;\"><span style=\"font-weight: 400;\">\u054f\u0565\u057d\u0561\u056d\u0581\u056b\u056f<\/span><\/li>\n<p>n \t<\/p>\n<li style=\"font-weight: 400;\"><span style=\"font-weight: 400;\">\u057e\u0561\u0576\u0578\u0572 \u0562\u0578\u0572\u0562\u0578\u057b\u0576\u0565\u0580<\/span><\/li>\n<p>n \t<\/p>\n<li style=\"font-weight: 400;\"><span style=\"font-weight: 400;\">\u0531\u0580\u0587\u0561\u057a\u0561\u0577\u057f\u057a\u0561\u0576 \u0584\u057d\u0578\u0582\u0584<\/span><\/li>\n<p>n \t<\/p>\n<li style=\"font-weight: 400;\"><span style=\"font-weight: 400;\">\u0533\u056c\u056d\u0561\u0580\u056f<\/span><\/li>\n<p>n \t<\/p>\n<li style=\"font-weight: 400;\"><span style=\"font-weight: 400;\">\u0540\u0561\u0580\u0574\u0561\u0580\u0561\u057e\u0565\u057f \u057f\u0561\u0562\u0561\u057f<\/span><\/li>\n<p>n \t<\/p>\n<li style=\"font-weight: 400;\"><span style=\"font-weight: 400;\">\u0531\u0580\u0577\u0561\u057e\u0561\u0575\u056b\u0576 \u056f\u0578\u0577\u056b\u056f\u0576\u0565\u0580 \u0561\u0576\u057f\u0561\u057c\u056b \u0570\u0561\u0574\u0561\u0580<\/span><\/li>\n<p>n \t<\/p>\n<li style=\"font-weight: 400;\"><span style=\"font-weight: 400;\">\u054d\u0561\u0576\u0564\u0561\u056c\u0576\u0565\u0580 \u0564\u0565\u057a\u056b \u0533\u0561\u0580\u0576\u0561\u0576\u0561\u0575\u056b\u0576 \u057f\u0561\u0580\u0561\u056e\u0584\u0576\u0565\u0580.<\/span><\/li>\n<p>n \t<\/p>\n<li style=\"font-weight: 400;\"><span style=\"font-weight: 400;\">\u053c\u0578\u0572\u0561\u0566\u0563\u0565\u057d\u057f<\/span><\/li>\n<p>n<\/ul>\n<p>n&nbsp;<br \/>\nn<\/p>\n<h3><b><i>Hotel Pickup:\u00a0<\/i><\/b><\/h3>\n<p>n<span style=\"font-weight: 400;\"><strong>Hotel pick-up is not<\/strong> offered for this tour. We set Pick up by contacting us by Whatsapp. We have offers In Case You are coming from <strong>amber cove 27 waterfalls.\u00a0<\/strong><\/span><br \/>\nn<br \/>\nn&nbsp;<br \/>\nn<br \/>\nn<b>\u0546\u0577\u0578\u0582\u0574:<\/b><span style=\"font-weight: 400;\"> \u0535\u0569\u0565 \u0564\u0578\u0582\u0584 \u0561\u0574\u0580\u0561\u0563\u0580\u0578\u0582\u0574 \u0565\u0584 \u0577\u0580\u057b\u0561\u0563\u0561\u0575\u0578\u0582\u0569\u0575\u0561\u0576\/\u0537\u0584\u057d\u056f\u0578\u0582\u0580\u057d\u056b\u0561\u0575\u056b \u0574\u0565\u056f\u0576\u0574\u0561\u0576 \u056a\u0561\u0574\u056b\u0581 \u0570\u0565\u057f\u0578 24 \u056a\u0561\u0574\u057e\u0561 \u0568\u0576\u0569\u0561\u0581\u0584\u0578\u0582\u0574, \u0574\u0565\u0576\u0584 \u056f\u0561\u0580\u0578\u0572 \u0565\u0576\u0584 \u056f\u0561\u0566\u0574\u0561\u056f\u0565\u0580\u057a\u0565\u056c \u0570\u0575\u0578\u0582\u0580\u0561\u0576\u0578\u0581\u056b \u057f\u0565\u0572\u0561\u0583\u0578\u056d\u0578\u0582\u0574: \u0535\u0580\u0562 \u0563\u0576\u0578\u0582\u0574\u0576 \u0561\u057e\u0561\u0580\u057f\u057e\u056b, \u0574\u0565\u0576\u0584 \u0571\u0565\u0566 \u056f\u0578\u0582\u0572\u0561\u0580\u056f\u0565\u0576\u0584 \u0561\u0574\u0562\u0578\u0572\u057b\u0561\u056f\u0561\u0576 \u056f\u0578\u0576\u057f\u0561\u056f\u057f\u0561\u0575\u056b\u0576 \u057f\u057e\u0575\u0561\u056c\u0576\u0565\u0580 (\u0570\u0565\u057c\u0561\u056d\u0578\u057d\u0561\u0570\u0561\u0574\u0561\u0580, \u0567\u056c. \u0583\u0578\u057d\u057f\u056b \u0570\u0561\u057d\u0581\u0565 \u0587 \u0561\u0575\u056c\u0576) \u0574\u0565\u0580 \u057f\u0565\u0572\u0561\u056f\u0561\u0576 \u057f\u0578\u0582\u0580\u056b\u057d\u057f\u0561\u056f\u0561\u0576 \u0578\u0582\u0572\u0565\u0581\u0578\u0582\u0575\u0581\u056b \u0570\u0561\u0574\u0561\u0580\u055d \u057e\u0565\u0580\u0581\u0576\u0565\u056c\u0578\u0582 \u057a\u0561\u0575\u0574\u0561\u0576\u0561\u057e\u0578\u0580\u057e\u0561\u056e\u0578\u0582\u0569\u0575\u0578\u0582\u0576\u0576\u0565\u0580 \u056f\u0561\u0566\u0574\u0561\u056f\u0565\u0580\u057a\u0565\u056c\u0578\u0582 \u0570\u0561\u0574\u0561\u0580:<\/span><br \/>\nn<br \/>\nn<b><i>\u053c\u0580\u0561\u0581\u0578\u0582\u0581\u056b\u0579 \u057f\u0565\u0572\u0565\u056f\u0578\u0582\u0569\u0575\u0578\u0582\u0576\u0576\u0565\u0580\u056b \u0570\u0561\u057d\u057f\u0561\u057f\u0578\u0582\u0574 <\/i><\/b><br \/>\nn<\/p>\n<ol>\nn \t<\/p>\n<li>\u054f\u0578\u0574\u057d\u0565\u0580\u0568 \u0561\u0576\u0564\u0578\u0580\u0580\u0561\u0563\u056b\u0580 \u0565\u0576 \u0561\u0575\u057d \u057f\u0578\u0582\u0580\u0568 \u057e\u0573\u0561\u0580\u0565\u056c\u0578\u0582\u0581 \u0570\u0565\u057f\u0578: \u0534\u0578\u0582\u0584 \u056f\u0561\u0580\u0578\u0572 \u0565\u0584 \u0581\u0578\u0582\u0575\u0581 \u057f\u0561\u056c \u057e\u0573\u0561\u0580\u0578\u0582\u0574\u0568 \u0571\u0565\u0580 \u0570\u0565\u057c\u0561\u056d\u0578\u057d\u0578\u0582\u0574:<\/li>\n<p>n \t<\/p>\n<li style=\"font-weight: 400;\"><span style=\"font-weight: 400;\">\u0540\u0561\u0576\u0564\u056b\u057a\u0574\u0561\u0576 \u056f\u0565\u057f\u0568 \u056f\u057d\u057f\u0561\u0581\u057e\u056b \u0561\u0574\u0580\u0561\u0563\u0580\u0574\u0561\u0576 \u0563\u0578\u0580\u056e\u0568\u0576\u0569\u0561\u0581\u056b\u0581 \u0570\u0565\u057f\u0578:<\/span><\/li>\n<p>n \t<\/p>\n<li style=\"font-weight: 400;\"><span style=\"font-weight: 400;\">\u0535\u0580\u0565\u056d\u0561\u0576\u0565\u0580\u056b\u0576 \u057a\u0565\u057f\u0584 \u0567 \u0578\u0582\u0572\u0565\u056f\u0581\u056b \u0574\u0565\u056e\u0561\u0570\u0561\u057d\u0561\u056f:<\/span><\/li>\n<p>n \t<\/p>\n<li style=\"font-weight: 400;\"><span style=\"font-weight: 400;\"> \u0540\u0561\u0577\u0574\u0561\u0576\u0564\u0561\u0574\u056b \u057d\u0561\u0575\u056c\u0561\u056f\u056b\u0576 \u0570\u0561\u057d\u0561\u0576\u0565\u056c\u056b \u0579\u0567 <\/span><\/li>\n<p>n \t<\/p>\n<li style=\"font-weight: 400;\"><span style=\"font-weight: 400;\">\u0546\u0578\u0580\u0561\u056e\u056b\u0576\u0576\u0565\u0580\u0568 \u057a\u0565\u057f\u0584 \u0567 \u0576\u057d\u057f\u0565\u0576 \u0563\u056b\u0580\u056f\u0568 <\/span><\/li>\n<p>n \t<\/p>\n<li style=\"font-weight: 400;\"><span style=\"font-weight: 400;\">\u053d\u0578\u0580\u0570\u0578\u0582\u0580\u0564 \u0579\u056b \u057f\u0580\u057e\u0578\u0582\u0574 \u0574\u0565\u057b\u0584\u056b \u056d\u0576\u0564\u056b\u0580\u0576\u0565\u0580 \u0578\u0582\u0576\u0565\u0581\u0578\u0572 \u0573\u0561\u0576\u0561\u057a\u0561\u0580\u0570\u0578\u0580\u0564\u0576\u0565\u0580\u056b\u0576<\/span><\/li>\n<p>n \t<\/p>\n<li style=\"font-weight: 400;\"><span style=\"font-weight: 400;\">\u053d\u0578\u0580\u0570\u0578\u0582\u0580\u0564 \u0579\u056b \u057f\u0580\u057e\u0578\u0582\u0574 \u0570\u0572\u056b \u0573\u0561\u0576\u0561\u057a\u0561\u0580\u0570\u0578\u0580\u0564\u0576\u0565\u0580\u056b\u0576 <\/span><\/li>\n<p>n \t<\/p>\n<li style=\"font-weight: 400;\"><span style=\"font-weight: 400;\"> \u054d\u0580\u057f\u056b \u0570\u0565\u057f \u056f\u0561\u057a\u057e\u0561\u056e \u056d\u0576\u0564\u056b\u0580\u0576\u0565\u0580 \u056f\u0561\u0574 \u0561\u0575\u056c \u056c\u0578\u0582\u0580\u057b \u0562\u056a\u0577\u056f\u0561\u056f\u0561\u0576 \u057a\u0561\u0575\u0574\u0561\u0576\u0576\u0565\u0580 \u0579\u056f\u0561\u0576 <\/span><\/li>\n<p>n \t<\/p>\n<li style=\"font-weight: 400;\"><span style=\"font-weight: 400;\">\u0547\u0561\u057f \u0573\u0561\u0576\u0561\u057a\u0561\u0580\u0570\u0578\u0580\u0564\u0576\u0565\u0580 \u056f\u0561\u0580\u0578\u0572 \u0565\u0576 \u0574\u0561\u057d\u0576\u0561\u056f\u0581\u0565\u056c<\/span><\/li>\n<p>n<\/ol>\n<p>n<\/p>\n<h4><b><i>\u0549\u0565\u0572\u0561\u0580\u056f\u0574\u0561\u0576 \u0584\u0561\u0572\u0561\u0584\u0561\u056f\u0561\u0576\u0578\u0582\u0569\u0575\u0578\u0582\u0576<\/i><\/b><\/h4>\n<p>\u0531\u0574\u0562\u0578\u0572\u057b \u0563\u0578\u0582\u0574\u0561\u0580\u0568 \u057e\u0565\u0580\u0561\u0564\u0561\u0580\u0571\u0576\u0565\u056c\u0578\u0582 \u0570\u0561\u0574\u0561\u0580 \u056f\u0561\u0580\u0564\u0561\u0581\u0565\u0584 \u0574\u0565\u0580 \u0579\u0565\u0572\u0561\u0580\u056f\u0574\u0561\u0576 \u0584\u0561\u0572\u0561\u0584\u0561\u056f\u0561\u0576\u0578\u0582\u0569\u0575\u0578\u0582\u0576\u0568\u00a0<a href=\"https:\/\/www.boattoursamana.com\/hy\/%d5%a1%d5%bc%d6%81%d5%a1%d5%b6%d6%81-%d5%a1%d5%b4%d6%80%d5%a1%d5%a3%d6%80%d5%b8%d6%82%d5%b4\/\" target=\"_blank\" rel=\"noopener\" data-saferedirecturl=\"https:\/\/www.google.com\/url?q=https:\/\/www.boattoursamana.com\/online-booking\/&amp;source=gmail&amp;ust=1672449202351000&amp;usg=AOvVaw1yAeVAPktmaVCqDujgUn90\">\u054d\u0565\u0572\u0574\u0565\u0584 \u0561\u0575\u057d\u057f\u0565\u0572<\/a>. \u0533\u0578\u0582\u0574\u0561\u0580\u0576\u0565\u0580\u0568 \u056f\u056f\u0578\u0580\u0579\u0565\u0576, \u0565\u0569\u0565 \u0561\u0574\u0580\u0561\u0563\u0580\u0578\u0582\u0574\u0568 \u0579\u0565\u0572\u0561\u0580\u056f\u057e\u056b \u0578\u0582\u0572\u0587\u0578\u0580\u0578\u0582\u0569\u0575\u0561\u0576 \u0576\u0578\u0582\u0575\u0576 \u0585\u0580\u0568:<br \/>\nn<br \/>\nn&nbsp;<br \/>\nn<br \/>\nn<em><strong>People Also search for:\u00a0<\/strong><\/em><br \/>\nn<br \/>\nnoverview inclusions exclusions departure<br \/>\nn<br \/>\nninclusions exclusions departure return<br \/>\nn<br \/>\nndamajagua waterfalls deaths<br \/>\nn<br \/>\nn27 waterfalls dominican republic death<br \/>\nn<br \/>\nndamajagua waterfalls price<br \/>\nn<br \/>\nn&nbsp;<br \/>\nn<br \/>\nn<\/p>\n\n\t\t<\/div>\n\t<\/div>\n<\/div><\/div><\/div><\/div><div class=\"vc_row wpb_row vc_row-fluid\" ><div class=\"wpb_column vc_column_container vc_col-sm-12\"><div class=\"vc_column-inner\"><div class=\"wpb_wrapper\">\n\t<div class=\"wpb_video_widget wpb_content_element vc_clearfix   vc_video-aspect-ratio-169 vc_video-el-width-100 vc_video-align-left\" >\n\t\t<div class=\"wpb_wrapper\">\n\t\t\t<h2 class=\"wpb_heading wpb_video_heading\">27 \u0534\u0561\u0574\u0561\u057b\u0561\u0563\u0578\u0582\u0561\u0575\u056b \u057b\u0580\u057e\u0565\u056a\u0576\u0565\u0580 \u0547\u0580\u057b\u0561\u0563\u0561\u0575\u0578\u0582\u0569\u0575\u0578\u0582\u0576 \u054a\u0578\u0582\u0565\u0580\u057f\u0578 \u054a\u056c\u0561\u057f\u0561\u0575\u056b\u0581.<\/h2>\n\t\t\t<div class=\"wpb_video_wrapper\"><iframe loading=\"lazy\" title=\"\u0534\u0561\u0574\u0561\u057b\u0561\u0563\u0578\u0582\u0561\u0575\u056b 27 \u057b\u0580\u057e\u0565\u056a\u0576\u0565\u0580\u055d \u0561\u0574\u0580\u0561\u0563\u0580\u0565\u056c\u0578\u057e Adventures &amp; Travel \u0534\u0578\u0574\u056b\u0576\u056b\u056f\u0575\u0561\u0576 \u0540\u0561\u0576\u0580\u0561\u057a\u0565\u057f\u0578\u0582\u0569\u0575\u0578\u0582\u0576\" width=\"1100\" height=\"619\" src=\"https:\/\/www.youtube.com\/embed\/AVNh_we_RQE?start=17&feature=oembed\" frameborder=\"0\" allow=\"accelerometer; autoplay; clipboard-write; encrypted-media; gyroscope; picture-in-picture; web-share\" allowfullscreen><\/iframe><\/div>\n\t\t<\/div>\n\t<\/div>\n<\/div><\/div><\/div><\/div><div class=\"vc_row wpb_row vc_row-fluid\" ><\/div><div class=\"wpb_column vc_column_container vc_col-sm-12\"><div class=\"vc_column-inner\"><div class=\"wpb_wrapper\"><\/div><\/div><\/div><div class=\"vc_empty_space\"   style=\"height: 32px\"><span class=\"vc_empty_space_inner\"><\/span><\/div><div class=\"vc_empty_space\"   style=\"height: 32px\"><span class=\"vc_empty_space_inner\"><\/span><\/div>","protected":false},"excerpt":{"rendered":"<p>Esta excursi\u00f3n desde 27 cascadas de Damajagua en Puerto Plata, Almuerzo y Excursi\u00f3n por las 27 cascadas, caminata y salto al r\u00edo. n nViaje Ecol\u00f3gico a las 27 cascadas de Puerto Plata. Obtenga sus boletos para una excursi\u00f3n de medio d\u00eda aqu\u00ed en la Cascada 27 de Damajagua. Los boletos de ingreso con almuerzo y excursi\u00f3n incluyen salto y nado en las cascadas m\u00e1s hermosas de la Rep\u00fablica Dominicana. Caminata y nataci\u00f3n con equipo de seguridad para tener la mejor [&hellip;]<\/p>\n","protected":false},"author":2,"featured_media":0,"parent":0,"menu_order":0,"comment_status":"open","ping_status":"closed","template":"","meta":{"footnotes":""},"class_list":["post-15803","page","type-page","status-publish","hentry"],"_links":{"self":[{"href":"https:\/\/www.boattoursamana.com\/hy\/wp-json\/wp\/v2\/pages\/15803","targetHints":{"allow":["GET"]}}],"collection":[{"href":"https:\/\/www.boattoursamana.com\/hy\/wp-json\/wp\/v2\/pages"}],"about":[{"href":"https:\/\/www.boattoursamana.com\/hy\/wp-json\/wp\/v2\/types\/page"}],"author":[{"embeddable":true,"href":"https:\/\/www.boattoursamana.com\/hy\/wp-json\/wp\/v2\/users\/2"}],"replies":[{"embeddable":true,"href":"https:\/\/www.boattoursamana.com\/hy\/wp-json\/wp\/v2\/comments?post=15803"}],"version-history":[{"count":0,"href":"https:\/\/www.boattoursamana.com\/hy\/wp-json\/wp\/v2\/pages\/15803\/revisions"}],"wp:attachment":[{"href":"https:\/\/www.boattoursamana.com\/hy\/wp-json\/wp\/v2\/media?parent=15803"}],"curies":[{"name":"wp","href":"https:\/\/api.w.org\/{rel}","templated":true}]}}