{"id":9913,"date":"2020-03-29T08:08:03","date_gmt":"2020-03-29T08:08:03","guid":{"rendered":"https:\/\/www.ticketswhales.com\/Tours-Excursions\/uncategorized\/import-placeholder-for-9853\/"},"modified":"2023-03-25T08:06:44","modified_gmt":"2023-03-25T08:06:44","slug":"samana-whale-watching-from-las-terrenas-hotels-half-day-trip-for-whale-watching","status":"publish","type":"product","link":"https:\/\/www.boattoursamana.com\/hy\/%d5%b7%d6%80%d5%bb%d5%a1%d5%a3%d5%a1%d5%b5%d5%b8%d6%82%d5%a9%d5%b5%d5%b8%d6%82%d5%b6\/samana-whale-watching-from-las-terrenas-hotels-%d5%af%d5%a5%d5%bd%d6%85%d6%80%d5%b5%d5%a1-%d5%b8%d6%82%d5%b2%d6%87%d5%b8%d6%80%d5%b8%d6%82%d5%a9%d5%b5%d5%b8%d6%82%d5%b6-%d5%af%d5%a5%d5%bf-%d5%a4%d5%ab","title":{"rendered":"Saman\u00e1 \u056f\u0565\u057f\u056b \u0564\u056b\u057f\u0578\u0582\u0574 \u053c\u0561\u057d \u054f\u0565\u0580\u0565\u0576\u0561\u057d \u0570\u0575\u0578\u0582\u0580\u0561\u0576\u0578\u0581\u0576\u0565\u0580\u056b\u0581: \u053f\u0565\u057d\u0585\u0580\u0575\u0561 \u0573\u0561\u0574\u0583\u0578\u0580\u0564\u0578\u0582\u0569\u0575\u0578\u0582\u0576 \u056f\u0565\u057f \u0564\u056b\u057f\u0565\u056c\u0578\u0582 \u0570\u0561\u0574\u0561\u0580:"},"content":{"rendered":"<div class=\"vc_row wpb_row vc_row-fluid\" ><div class=\"wpb_column vc_column_container vc_col-sm-12\"><div class=\"vc_column-inner\"><div class=\"wpb_wrapper\"><div class=\"mkdf-section-title-holder\" style=\"text-align: left\">\n\t<div class=\"mkdf-st-inner\">\n\t\t\t\t\t<h5 class=\"mkdf-st-subtitle\" >\n\t\t\t\t\u054d\u0561\u0574\u0561\u0576\u0561 \u056f\u0565\u057f\u056b \u0564\u056b\u057f\u0578\u0582\u0574 \u053c\u0561\u057d \u054f\u0565\u0580\u0565\u0576\u0561\u057d \u0570\u0575\u0578\u0582\u0580\u0561\u0576\u0578\u0581\u0576\u0565\u0580\u056b\u0581: \u053f\u0565\u057d\u0585\u0580\u0575\u0561 \u0573\u0561\u0574\u0583\u0578\u0580\u0564\u0578\u0582\u0569\u0575\u0578\u0582\u0576 \u056f\u0565\u057f \u0564\u056b\u057f\u0565\u056c\u0578\u0582 \u0570\u0561\u0574\u0561\u0580:\t\t\t<\/h5>\n\t\t\t\t\t\t\t<h3 class=\"mkdf-st-title\" >\n\t\t\t\t\u053f\u0565\u057f\u0565\u0580\u056b \u0564\u056b\u057f\u0578\u0582\u0574 \u053c\u0561\u057d \u054f\u0565\u0580\u0565\u0576\u0561\u057d\u0578\u0582\u0574 \u0574\u056b\u0576\u0579\u0587 \u054d\u0561\u0574\u0561\u0576\u0561 \u056e\u0578\u057e\u0561\u056e\u0578\u0581\t\t\t<\/h3>\n\t\t\t\t\t<\/div>\n<\/div><div class=\"vc_btn3-container vc_btn3-inline\" ><a class=\"vc_general vc_btn3 vc_btn3-size-md vc_btn3-shape-rounded vc_btn3-style-modern vc_btn3-color-green\" href=\"https:\/\/bookingadventures.tours\/booking.php?tour_id=1fac9dad475945457a173ae31c2897d2\" title=\"\" rel=\"noopener\">\u0531\u0544\u0550\u0531\u0533\u0550\u0535\u053c \u0540\u053b\u0544\u0531<\/a><\/div><\/div><\/div><\/div><\/div><div class=\"wpb_column vc_column_container vc_col-sm-12\"><div class=\"vc_column-inner\"><div class=\"wpb_wrapper\"><\/div><\/div><\/div><div class=\"vc_row wpb_row vc_row-fluid\" ><div class=\"wpb_column vc_column_container vc_col-sm-12\"><div class=\"vc_column-inner\"><div class=\"wpb_wrapper\">\n\t<div class=\"wpb_text_column wpb_content_element\" >\n\t\t<div class=\"wpb_wrapper\">\n\t\t\t<div class=\"vc_row wpb_row vc_row-fluid\">\n<div class=\"wpb_column vc_column_container vc_col-sm-12\">\n<div class=\"vc_column-inner\">\n<div class=\"wpb_wrapper\">\n<div class=\"wpb_text_column wpb_content_element\">\n<div class=\"wpb_wrapper\">\n<div class=\"vc_row wpb_row vc_row-fluid\">\n<div class=\"wpb_column vc_column_container vc_col-sm-12\">\n<div class=\"vc_column-inner\">\n<div class=\"wpb_wrapper\">\n<div class=\"wpb_text_column wpb_content_element\">\n<div class=\"wpb_wrapper\">\n<h4><b><i>\u054f\u0565\u057d\u0578\u0582\u0569\u0575\u0578\u0582\u0576 \ud83d\udc33<\/i><\/b><\/h4>\n<p>\u053f\u0565\u057f \u053c\u0561\u057d \u054f\u0565\u0580\u0565\u0576\u0561\u057d, \u056f\u0565\u057f\u0565\u0580\u056b \u0564\u056b\u057f\u0578\u0582\u0574 \u054d\u0561\u0574\u0561\u0576\u0561\u0575\u056b \u056e\u0578\u0581\u0578\u0582\u0574 \u053c\u0561\u057d \u054f\u0565\u0580\u0565\u0576\u0561\u057d \u0570\u0575\u0578\u0582\u0580\u0561\u0576\u0578\u0581\u0576\u0565\u0580\u056b\u0581 \u056f\u0565\u057d\u0585\u0580\u0575\u0561 \u0548\u0582\u0572\u0587\u0578\u0580\u0578\u0582\u0569\u0575\u0578\u0582\u0576. \u0543\u0561\u0574\u0583\u0578\u0580\u0564\u0565\u0584 \u054d\u0561\u0574\u0561\u0576\u0561\u0575\u056b \u056e\u0578\u057e\u0561\u056e\u0578\u0581 \u0570\u0561\u0580\u0574\u0561\u0580\u0561\u057e\u0565\u057f, \u0585\u0564\u0578\u0580\u0561\u056f\u056b\u0579\u0578\u057e, \u0561\u0575\u0576\u0578\u0582\u0570\u0565\u057f\u0587 \u057f\u0565\u0572\u0561\u0583\u0578\u056d\u0565\u0584 \u0576\u0561\u057e: \u0546\u0561\u057e\u0561\u0580\u056f\u0565\u0584 \u0564\u0565\u057a\u056b \u0562\u0561\u0581 \u057b\u0580\u0565\u0580\u055d \u0583\u0576\u057f\u0580\u0565\u056c\u0578\u0582 \u056f\u0578\u0582\u0566\u0561\u0575\u056b\u0576 \u056f\u0565\u057f\u0565\u0580\u056b \u057a\u0561\u057f\u056b\u0573\u0576\u0565\u0580\u0568, \u0578\u0580\u0578\u0576\u0584 \u0561\u0575\u0581\u0565\u056c\u0578\u0582\u0574 \u0565\u0576 \u0562\u0561\u0566\u0574\u0561\u0576\u0561\u056c\u0578\u0582 \u0587 \u056b\u0580\u0565\u0576\u0581 \u057d\u0580\u0578\u0582\u0576\u0584\u0576\u0565\u0580\u056b\u0576 \u0561\u0575\u0564 \u057f\u0561\u0580\u0561\u056e\u0584\u0578\u0582\u0574 \u057a\u0561\u0570\u0565\u056c\u0578\u0582 \u0570\u0561\u0574\u0561\u0580: \u053b\u0574\u0561\u0581\u0565\u0584 \u0561\u0575\u057d \u056e\u0578\u057e\u0561\u0575\u056b\u0576 \u056f\u0561\u0569\u0576\u0561\u057d\u0578\u0582\u0576\u0576\u0565\u0580\u056b \u057e\u0561\u0580\u0584\u0561\u0563\u056e\u056b \u0587 \u056f\u0565\u0576\u057d\u0561\u0562\u0561\u0576\u0578\u0582\u0569\u0575\u0561\u0576 \u0574\u0561\u057d\u056b\u0576 \u0571\u0565\u0580 \u0583\u0578\u0580\u0571\u0561\u0563\u0565\u057f \u0562\u0576\u0561\u0563\u0565\u057f \u0578\u0582\u0572\u0565\u0581\u0578\u0582\u0575\u0581\u056b\u0581: \u0531\u0575\u057d \u056f\u0565\u057d\u0585\u0580\u0575\u0561 \u0573\u0561\u0574\u0583\u0578\u0580\u0564\u0578\u0582\u0569\u0575\u0578\u0582\u0576\u056b\u0581 \u0570\u0565\u057f\u0578 \u0574\u0565\u0576\u0584 \u057e\u0565\u0580\u0561\u0564\u0561\u057c\u0576\u0578\u0582\u0574 \u0565\u0576\u0584 \u0570\u0561\u0576\u0564\u056b\u057a\u0574\u0561\u0576 \u056f\u0565\u057f \u053c\u0561\u057d \u054f\u0565\u0580\u0565\u0576\u0561\u057d\u0578\u0582\u0574:<\/p>\n<p>&nbsp;<\/p>\n<p><strong>\u0546\u0577\u0578\u0582\u0574:<\/strong>\u00a0\u0531\u0575\u057d \u0577\u0580\u057b\u0561\u0563\u0561\u0575\u0578\u0582\u0569\u0575\u0578\u0582\u0576\u0568 \u0574\u0561\u057d\u0576\u0561\u057e\u0578\u0580 \u0579\u0567:<\/p>\n<ul>\n<li>\u053f\u0565\u057f \u0564\u056b\u057f\u0565\u056c\u0578\u0582 \u0573\u0561\u0574\u0583\u0578\u0580\u0564\u0578\u0582\u0569\u0575\u0578\u0582\u0576<\/li>\n<li>\u0531\u057d\u057f\u0572\u0561\u0564\u056b\u057f\u0561\u0580\u0561\u0576\u056b \u0574\u0578\u0582\u057f\u0584\u056b \u057e\u0573\u0561\u0580\u0576\u0565\u0580<\/li>\n<li>\u054d\u0561\u0574\u0561\u0576\u0561 \u054d\u0561\u0586\u0561\u0580\u056b<\/li>\n<li>\u0546\u0561\u057e\u0578\u057e \u057f\u0565\u0572\u0561\u0583\u0578\u056d\u0578\u0582\u0574<\/li>\n<li>\u053f\u0561\u057a\u056b\u057f\u0561\u0576\u0568 \u057f\u0561\u056c\u056b\u057d \u0567 \u0570\u0580\u0561\u0570\u0561\u0576\u0563\u0576\u0565\u0580 \u0587 \u0570\u057d\u056f\u0578\u0572\u0578\u0582\u0569\u0575\u0578\u0582\u0576<\/li>\n<li>\u0533\u056b\u0564<\/li>\n<\/ul>\n<p>&nbsp;<\/p>\n<h4><b>\u0546\u0565\u0580\u0561\u057c\u0578\u0582\u0574\u0576\u0565\u0580 \u0587 \u0562\u0561\u0581\u0561\u057c\u0578\u0582\u0574\u0576\u0565\u0580<\/b><\/h4>\n<p>&nbsp;<\/p>\n<p><b>\u0546\u0565\u0580\u0561\u057c\u0578\u0582\u0574\u0576\u0565\u0580<\/b><\/p>\n<p>&nbsp;<\/p>\n<ol>\n<li>\u0556\u0578\u0582\u0580\u0577\u0565\u057f\u0561\u0575\u056b\u0576 \u0573\u0561\u0577<\/li>\n<li>\u054f\u0580\u0561\u0576\u057d\u0586\u0565\u0580 \u0570\u0575\u0578\u0582\u0580\u0561\u0576\u0578\u0581\u0576\u0565\u0580\u056b\u0581<\/li>\n<li>\u0533\u056b\u0564<\/li>\n<li>\u0546\u0561\u057e\u0578\u057e \u0577\u0580\u057b\u0561\u0563\u0561\u0575\u0578\u0582\u0569\u0575\u0578\u0582\u0576<\/li>\n<li>\u0532\u0578\u056c\u0578\u0580 \u0570\u0561\u0580\u056f\u0565\u0580\u0568, \u057f\u0578\u0582\u0580\u0584\u0565\u0580\u0568 \u0587 \u0562\u0565\u057c\u0576\u0561\u0569\u0561\u0583\u0574\u0561\u0576 \u057e\u0573\u0561\u0580\u0576\u0565\u0580\u0568<\/li>\n<li>\u054f\u0565\u0572\u0561\u056f\u0561\u0576 \u0570\u0561\u0580\u056f\u0565\u0580<\/li>\n<li>\u0538\u0574\u057a\u0565\u056c\u056b\u0584\u0576\u0565\u0580<\/li>\n<\/ol>\n<p><b>\u0532\u0561\u0581\u0561\u057c\u0578\u0582\u0574\u0576\u0565\u0580<\/b><\/p>\n<ol>\n<li>\u0547\u0561\u0570\u0561\u057e\u0573\u0561\u0580\u0576\u0565\u0580<\/li>\n<\/ol>\n<p>&nbsp;<\/p>\n<h4><em><strong>\u0544\u0565\u056f\u0576\u0578\u0582\u0574 \u0587 \u057e\u0565\u0580\u0561\u0564\u0561\u0580\u0571<\/strong><\/em><\/h4>\n<p>\u0531\u0574\u0580\u0561\u0563\u0580\u0574\u0561\u0576 \u0563\u0578\u0580\u056e\u0568\u0576\u0569\u0561\u0581\u056b\u0581 \u0570\u0565\u057f\u0578 \u0573\u0561\u0576\u0561\u057a\u0561\u0580\u0570\u0578\u0580\u0564\u0568 \u056f\u057d\u057f\u0561\u0576\u0561 \u0570\u0561\u0576\u0564\u056b\u057a\u0574\u0561\u0576 \u056f\u0565\u057f: \u0547\u0580\u057b\u0561\u0563\u0561\u0575\u0578\u0582\u0569\u0575\u0578\u0582\u0576\u0576\u0565\u0580\u0568 \u057d\u056f\u057d\u057e\u0578\u0582\u0574 \u0587 \u0561\u057e\u0561\u0580\u057f\u057e\u0578\u0582\u0574 \u0565\u0576 \u0574\u0565\u0580 \u0570\u0561\u0576\u0564\u056b\u057a\u0574\u0561\u0576 \u056f\u0565\u057f\u0565\u0580\u0578\u0582\u0574:<\/p>\n<p>&nbsp;<\/p>\n<h3>\u054d\u0561\u0574\u0561\u0576\u0561 \u056f\u0565\u057f\u056b \u0564\u056b\u057f\u0578\u0582\u0574 \u053c\u0561\u057d \u054f\u0565\u0580\u0565\u0576\u0561\u057d \u0570\u0575\u0578\u0582\u0580\u0561\u0576\u0578\u0581\u0576\u0565\u0580\u056b\u0581: \u053f\u0565\u057d\u0585\u0580\u0575\u0561 \u0573\u0561\u0574\u0583\u0578\u0580\u0564\u0578\u0582\u0569\u0575\u0578\u0582\u0576 \u056f\u0565\u057f \u0564\u056b\u057f\u0565\u056c\u0578\u0582 \u0570\u0561\u0574\u0561\u0580:<\/h3>\n<h4><b><i>\u053b\u055e\u0576\u0579 \u057d\u057a\u0561\u057d\u0565\u056c:<\/i><\/b><\/h4>\n<p>\u053f\u0578\u0582\u0566 \u056f\u0565\u057f\u0565\u0580\u0568 \u0563\u0561\u056c\u056b\u057d \u0565\u0576 \u054d\u0561\u0574\u0561\u0576\u0561\u0575\u056b \u056e\u0578\u0581\u055d \u056e\u0576\u0576\u0564\u0561\u0562\u0565\u0580\u0565\u056c\u0578\u0582 \u0587 \u0566\u0578\u0582\u0563\u0561\u057e\u0578\u0580\u057e\u0565\u056c\u0578\u0582\u0589 \u053f\u0565\u057f\u0565\u0580\u056b \u0564\u056b\u057f\u0578\u0582\u0574\u0568 \u0569\u0578\u0582\u0575\u056c\u0561\u057f\u0580\u057e\u0578\u0582\u0574 \u0567 \u0574\u056b\u0561\u0575\u0576 \u0570\u0578\u0582\u0576\u057e\u0561\u0580\u056b 15-\u056b\u0581 \u0574\u0561\u0580\u057f\u056b 15-\u0568\u0589 \u0549\u0561\u0583\u0565\u056c\u0578\u057e \u0574\u0578\u057f 12 \u0574\u0565\u057f\u0580 \u0587 \u056f\u0577\u057c\u0565\u056c\u0578\u057e 40 \u057f\u0578\u0576\u0576\u0561, \u056f\u0565\u057f\u0565\u0580\u0568 \u0561\u0576\u0574\u0578\u057c\u0561\u0576\u0561\u056c\u056b \u057f\u0565\u057d\u0561\u0580\u0561\u0576 \u0565\u0576 \u0561\u057c\u0561\u057b\u0561\u0580\u056f\u0578\u0582\u0574 \u0571\u0565\u0580 \u0561\u057a\u0577\u0561\u056e \u0561\u0579\u0584\u0565\u0580\u056b \u0570\u0561\u0574\u0561\u0580: \u0532\u0561\u0581 \u0574\u056b \u0569\u0578\u0572\u0565\u0584 \u0570\u0576\u0561\u0580\u0561\u057e\u0578\u0580\u0578\u0582\u0569\u0575\u0578\u0582\u0576\u0568 \u056c\u057d\u0565\u056c\u0578\u0582 \u0570\u0566\u0578\u0580 \u0571\u0561\u0575\u0576\u0568, \u0584\u0561\u0576\u056b \u0578\u0580 \u0561\u0575\u057d \u0570\u0578\u0575\u0561\u056f\u0561\u057a \u056f\u0561\u0569\u0576\u0561\u057d\u0578\u0582\u0576\u0568 \u0585\u0564 \u0567 \u0561\u0580\u057f\u0561\u0576\u0565\u057f\u0578\u0582\u0574: \u0534\u056b\u057f\u0565\u0584, \u0569\u0565 \u056b\u0576\u0579\u057a\u0565\u057d \u0565\u0576 \u0561\u0580\u0578\u0582\u0576\u0565\u0580\u0568 \u0564\u0578\u0582\u0580\u057d \u0576\u0565\u057f\u057e\u0578\u0582\u0574 \u057b\u0580\u056b\u0581\u055d \u0583\u0578\u0580\u0571\u0565\u056c\u0578\u057e \u057f\u057a\u0561\u057e\u0578\u0580\u0578\u0582\u0569\u0575\u0578\u0582\u0576 \u0569\u0578\u0572\u0576\u0565\u056c \u00ab\u057f\u056b\u056f\u0576\u0561\u0576\u0581\u00bb\u055d \u0578\u0580\u057a\u0565\u057d \u0566\u0578\u0582\u0563\u0561\u057e\u0578\u0580\u0574\u0561\u0576 \u056e\u0565\u057d:<\/p>\n<p>\u0531\u0575\u0576\u0584\u0561\u0576 \u0570\u0578\u0582\u0566\u056b\u0579 \u0567 \u057f\u0565\u057d\u0576\u0565\u056c, \u0569\u0565 \u056b\u0576\u0579\u057a\u0565\u057d \u0565\u0576 \u0576\u0578\u0580 \u056e\u0576\u057e\u0561\u056e \u0570\u0578\u0580\u0569\u0565\u0580\u0568 \u056f\u0561\u057c\u0579\u0578\u0582\u0574 \u056b\u0580\u0565\u0576\u0581 \u0574\u0561\u0575\u0580\u056b\u056f\u0576\u0565\u0580\u056b\u0581, \u0578\u057e\u0584\u0565\u0580 \u056b\u0580\u0565\u0576\u0581 \u0570\u0565\u0580\u0569\u056b\u0576 \u056b\u0580\u0565\u0576\u0581 \u0561\u0574\u0562\u0578\u0572\u057b \u056a\u0561\u0574\u0561\u0576\u0561\u056f\u0576 \u0561\u0576\u0581\u056f\u0561\u0581\u0576\u0578\u0582\u0574 \u0565\u0576 \u0576\u0580\u0561\u0576\u0581 \u0570\u0565\u057f \u0577\u0578\u0575\u0565\u056c\u0578\u057e \u0587 \u056d\u0561\u0572\u0561\u056c\u0578\u057e: \u0544\u0565\u0580 \u0567\u0584\u057d\u056f\u0578\u0582\u0580\u057d\u0561\u057e\u0561\u0580\u0568 \u0574\u0561\u057d\u0576\u0561\u0563\u056b\u057f\u0561\u0581\u0561\u056e \u0567 \u056e\u0578\u057e\u0561\u0575\u056b\u0576 \u056f\u0561\u0569\u0576\u0561\u057d\u0578\u0582\u0576\u0576\u0565\u0580\u056b \u0574\u0565\u057b \u0587 \u056f\u0566\u0561\u0580\u0574\u0561\u0581\u0576\u056b \u0571\u0565\u0566 \u056b\u0580 \u0563\u056b\u057f\u0565\u056c\u056b\u0584\u0576\u0565\u0580\u0578\u057e \u0587 \u056f\u0585\u0563\u0576\u056b \u0571\u0565\u0566 \u0574\u0565\u056f\u0576\u0561\u0562\u0561\u0576\u0565\u056c \u056f\u0565\u057f\u0565\u0580\u056b \u0575\u0578\u0582\u0580\u0561\u0584\u0561\u0576\u0579\u0575\u0578\u0582\u0580 \u0577\u0561\u0580\u056a\u0578\u0582\u0574\u0568:<\/p>\n<p>\u0531\u057c\u0561\u057e\u0578\u057f\u0575\u0561\u0576 \u056a\u0561\u0574\u0568 9:00-\u056b\u0581 \u0574\u056b\u0576\u0579\u0587 12:00-\u0576 \u053f\u0565\u057f\u0565\u0580\u056b \u0564\u056b\u057f\u0574\u0561\u0576 \u0561\u057d\u057f\u0572\u0561\u0564\u056b\u057f\u0561\u0580\u0561\u0576 \u0587 \u053f\u0565\u057f\u0565\u0580\u056b \u0561\u0575\u057d \u0573\u0561\u0574\u0583\u0578\u0580\u0564\u0578\u0582\u0569\u0575\u0578\u0582\u0576\u056b\u0581 \u0570\u0565\u057f\u0578 \u0574\u0565\u0576\u0584 \u056f\u0573\u0561\u0577\u0565\u0576\u0584: \u0547\u0580\u057b\u0561\u0563\u0561\u0575\u0578\u0582\u0569\u0575\u0578\u0582\u0576\u0568 \u056f\u0561\u057e\u0561\u0580\u057f\u057e\u056b 13:30-\u056b\u0576 \u0576\u0578\u0582\u0575\u0576 \u0576\u0561\u057e\u0561\u0570\u0561\u0576\u0563\u057d\u057f\u0578\u0582\u0574, \u0578\u0580\u057f\u0565\u0572\u056b\u0581 \u0561\u0575\u0576 \u056f\u057d\u056f\u057d\u057e\u056b: \u0534\u0580\u0561\u0576\u056b\u0581 \u0570\u0565\u057f\u0578 \u0574\u0565\u0576\u0584 \u056f\u057e\u0565\u0580\u0561\u0564\u0561\u057c\u0576\u0561\u0576\u0584 \u053c\u0561\u057d \u054f\u0565\u0580\u0565\u0576\u0561\u057d:<\/p>\n<p><strong>\u053a\u0561\u0574\u0561\u0576\u0561\u056f\u0561\u0581\u0578\u0582\u0575\u0581:<\/strong><\/p>\n<p>8:00 - 13:30<\/p>\n<p>&nbsp;<\/p>\n<h4><em><strong>\u053b\u0576\u0579 \u057a\u0565\u057f\u0584 \u0567 \u0562\u0565\u0580\u0565\u0584:<\/strong><\/em><\/h4>\n<ul>\n<li>\u054f\u0565\u057d\u0561\u056d\u0581\u056b\u056f<\/li>\n<li>\u057e\u0561\u0576\u0578\u0572 \u0562\u0578\u0572\u0562\u0578\u057b\u0576\u0565\u0580<\/li>\n<li>\u0561\u0580\u0587\u0561\u057a\u0561\u0577\u057f\u057a\u0561\u0576 \u0584\u057d\u0578\u0582\u0584<\/li>\n<li>\u0533\u056c\u056d\u0561\u0580\u056f<\/li>\n<li>\u0540\u0561\u0580\u0574\u0561\u0580\u0561\u057e\u0565\u057f \u057f\u0561\u0562\u0561\u057f<\/li>\n<li>\u054d\u0561\u0576\u0564\u0561\u056c\u0576\u0565\u0580 \u0564\u0565\u057a\u056b \u056c\u0578\u0572\u0561\u0583<\/li>\n<li>\u053c\u0578\u0572\u0561\u0566\u0563\u0565\u057d\u057f<\/li>\n<li>\u053f\u0561\u0576\u056d\u056b\u056f \u0570\u0578\u0582\u0577\u0561\u0576\u057e\u0565\u0580\u0576\u0565\u0580\u056b \u0587 \u0570\u0578\u0582\u0577\u0578\u0582\u0574\u0576\u0565\u0580\u056b \u0570\u0561\u0574\u0561\u0580<\/li>\n<\/ul>\n<p>&nbsp;<\/p>\n<h4><b><i>\u0540\u0575\u0578\u0582\u0580\u0561\u0576\u0578\u0581\u056b \u057a\u056b\u056f\u0561\u057a<\/i><\/b><\/h4>\n<p>\u0531\u0575\u057d \u057f\u0578\u0582\u0580\u056b \u0570\u0561\u0574\u0561\u0580 \u0561\u057c\u0561\u057b\u0561\u0580\u056f\u057e\u0578\u0582\u0574 \u0567 \u057e\u0565\u0580\u0581\u0576\u0565\u056c \u0570\u0575\u0578\u0582\u0580\u0561\u0576\u0578\u0581: \u0540\u0565\u0576\u0581 \u053c\u0561\u057d \u054f\u0565\u0580\u0565\u0576\u0561\u057d\u0578\u0582\u0574:<\/p>\n<p><b>\u0546\u0577\u0578\u0582\u0574:<\/b>\u00a0\u0535\u0569\u0565 \u0564\u0578\u0582\u0584 \u0561\u0574\u0580\u0561\u0563\u0580\u0578\u0582\u0574 \u0565\u0584 \u0577\u0580\u057b\u0561\u0563\u0561\u0575\u0578\u0582\u0569\u0575\u0561\u0576\/\u0537\u0584\u057d\u056f\u0578\u0582\u0580\u057d\u056b\u0561\u0575\u056b \u0574\u0565\u056f\u0576\u0574\u0561\u0576 \u056a\u0561\u0574\u056b\u0581 \u0570\u0565\u057f\u0578 24 \u056a\u0561\u0574\u057e\u0561 \u0568\u0576\u0569\u0561\u0581\u0584\u0578\u0582\u0574, \u0574\u0565\u0576\u0584 \u056f\u0561\u0580\u0578\u0572 \u0565\u0576\u0584 \u056f\u0561\u0566\u0574\u0561\u056f\u0565\u0580\u057a\u0565\u056c \u0570\u0575\u0578\u0582\u0580\u0561\u0576\u0578\u0581\u056b \u057f\u0565\u0572\u0561\u0583\u0578\u056d\u0578\u0582\u0574: \u0535\u0580\u0562 \u0563\u0576\u0578\u0582\u0574\u0576 \u0561\u057e\u0561\u0580\u057f\u057e\u056b, \u0574\u0565\u0576\u0584 \u0571\u0565\u0566 \u056f\u0578\u0582\u0572\u0561\u0580\u056f\u0565\u0576\u0584 \u0561\u0574\u0562\u0578\u0572\u057b\u0561\u056f\u0561\u0576 \u056f\u0578\u0576\u057f\u0561\u056f\u057f\u0561\u0575\u056b\u0576 \u057f\u057e\u0575\u0561\u056c\u0576\u0565\u0580 (\u0570\u0565\u057c\u0561\u056d\u0578\u057d\u0561\u0570\u0561\u0574\u0561\u0580, \u0567\u056c. \u0583\u0578\u057d\u057f\u056b \u0570\u0561\u057d\u0581\u0565 \u0587 \u0561\u0575\u056c\u0576) \u0574\u0565\u0580 \u057f\u0565\u0572\u0561\u056f\u0561\u0576 \u057f\u0578\u0582\u0580\u056b\u057d\u057f\u0561\u056f\u0561\u0576 \u0578\u0582\u0572\u0565\u0581\u0578\u0582\u0575\u0581\u056b \u0570\u0561\u0574\u0561\u0580\u055d \u057e\u0565\u0580\u0581\u0576\u0565\u056c\u0578\u0582 \u057a\u0561\u0575\u0574\u0561\u0576\u0561\u057e\u0578\u0580\u057e\u0561\u056e\u0578\u0582\u0569\u0575\u0578\u0582\u0576\u0576\u0565\u0580 \u056f\u0561\u0566\u0574\u0561\u056f\u0565\u0580\u057a\u0565\u056c\u0578\u0582 \u0570\u0561\u0574\u0561\u0580:<\/p>\n<h4><b><i>\u053c\u0580\u0561\u0581\u0578\u0582\u0581\u056b\u0579 \u057f\u0565\u0572\u0565\u056f\u0578\u0582\u0569\u0575\u0578\u0582\u0576\u0576\u0565\u0580\u056b \u0570\u0561\u057d\u057f\u0561\u057f\u0578\u0582\u0574<\/i><\/b><\/h4>\n<ol>\n<li>\u054f\u0578\u0574\u057d\u0565\u0580\u0568 \u0561\u0576\u0564\u0578\u0580\u0580\u0561\u0563\u056b\u0580 \u0565\u0576 \u0561\u0575\u057d \u057f\u0578\u0582\u0580\u0568 \u057e\u0573\u0561\u0580\u0565\u056c\u0578\u0582\u0581 \u0570\u0565\u057f\u0578: \u0534\u0578\u0582\u0584 \u056f\u0561\u0580\u0578\u0572 \u0565\u0584 \u0581\u0578\u0582\u0575\u0581 \u057f\u0561\u056c \u057e\u0573\u0561\u0580\u0578\u0582\u0574\u0568 \u0571\u0565\u0580 \u0570\u0565\u057c\u0561\u056d\u0578\u057d\u0578\u0582\u0574:<\/li>\n<li>\u0540\u0561\u0576\u0564\u056b\u057a\u0574\u0561\u0576 \u056f\u0565\u057f\u0568 \u056f\u057d\u057f\u0561\u0581\u057e\u056b \u0561\u0574\u0580\u0561\u0563\u0580\u0574\u0561\u0576 \u0563\u0578\u0580\u056e\u0568\u0576\u0569\u0561\u0581\u056b\u0581 \u0570\u0565\u057f\u0578:<\/li>\n<li>\u0535\u0580\u0565\u056d\u0561\u0576\u0565\u0580\u056b\u0576 \u057a\u0565\u057f\u0584 \u0567 \u0578\u0582\u0572\u0565\u056f\u0581\u056b \u0574\u0565\u056e\u0561\u0570\u0561\u057d\u0561\u056f:<\/li>\n<li>\u0570\u0561\u057d\u0561\u0576\u0565\u056c\u056b \u0567 \u0561\u0576\u057e\u0561\u057d\u0561\u0575\u056c\u0561\u056f\u0578\u057e<\/li>\n<li>\u0546\u0578\u0580\u0561\u056e\u056b\u0576\u0576\u0565\u0580\u0568 \u057a\u0565\u057f\u0584 \u0567 \u0576\u057d\u057f\u0565\u0576 \u0563\u056b\u0580\u056f\u0568<\/li>\n<li>\u0547\u0561\u057f \u0573\u0561\u0576\u0561\u057a\u0561\u0580\u0570\u0578\u0580\u0564\u0576\u0565\u0580 \u056f\u0561\u0580\u0578\u0572 \u0565\u0576 \u0574\u0561\u057d\u0576\u0561\u056f\u0581\u0565\u056c<\/li>\n<\/ol>\n<h4><b><i>\u0549\u0565\u0572\u0561\u0580\u056f\u0574\u0561\u0576 \u0584\u0561\u0572\u0561\u0584\u0561\u056f\u0561\u0576\u0578\u0582\u0569\u0575\u0578\u0582\u0576<\/i><\/b><\/h4>\n<p>\u0531\u0574\u0562\u0578\u0572\u057b \u0563\u0578\u0582\u0574\u0561\u0580\u0568 \u057e\u0565\u0580\u0561\u0564\u0561\u0580\u0571\u0576\u0565\u056c\u0578\u0582 \u0570\u0561\u0574\u0561\u0580 \u0579\u0565\u0572\u0561\u0580\u056f\u0565\u0584 \u0583\u0578\u0580\u0571\u056b \u0574\u0565\u056f\u0576\u0561\u0580\u056f\u056b \u0561\u0574\u057d\u0561\u0569\u057e\u056b\u0581 \u0561\u057c\u0576\u057e\u0561\u0566\u0576 24 \u056a\u0561\u0574 \u0561\u057c\u0561\u057b:<\/p>\n<\/div>\n<\/div>\n<\/div>\n<\/div>\n<\/div>\n<\/div>\n<\/div>\n<\/div>\n<\/div>\n<\/div>\n<\/div>\n<\/div>\n<div class=\"vc_row wpb_row vc_row-fluid\">\n<div class=\"wpb_column vc_column_container vc_col-sm-12\">\n<div class=\"vc_column-inner\">\n<div class=\"wpb_wrapper\">\n<div class=\"vc_empty_space\"><\/div>\n<div class=\"wpb_text_column wpb_content_element\">\n<div class=\"wpb_wrapper\">\n<h4>\u053f\u0561\u057a\u057e\u0565\u0584 \u0574\u0565\u0566 \u0570\u0565\u057f<\/h4>\n<h5><b><i>\u054f\u0548\u0552\u0550 \u053f\u0535\u054f\u0535\u0550 \u054d\u0531\u0544\u0531\u0546\u0531<\/i><\/b><\/h5>\n<p><em><strong>\u054f\u0565\u0572\u0561\u0581\u056b\u0576\u0565\u0580<\/strong>\u00a0\u0587\u00a0<strong>\u0531\u0566\u0563\u0561\u0575\u056b\u0576\u0576\u0565\u0580\u0568<\/strong>\u00a0\u0537\u0584\u057d\u056f\u0578\u0582\u0580\u057d\u0561\u057e\u0561\u0580\u0576\u0565\u0580 \u0587 \u0570\u0575\u0578\u0582\u0580\u0565\u0580\u056b \u056e\u0561\u057c\u0561\u0575\u0578\u0582\u0569\u0575\u0578\u0582\u0576\u0576\u0565\u0580<\/em><\/p>\n<p><span class=\"text-turquoise\">\u0531\u0574\u0580\u0561\u0563\u0580\u0578\u0582\u0574\u0576\u0565\u0580:<\/span>\u00a0\u0547\u0580\u057b\u0561\u0563\u0561\u0575\u0578\u0582\u0569\u0575\u0578\u0582\u0576\u0576\u0565\u0580 \u0587 \u0567\u0584\u057d\u056f\u0578\u0582\u0580\u057d\u056b\u0561\u0576\u0565\u0580 \u0534\u0578\u0574. Rep.<\/p>\n<p>\ud83d\udcde \u0540\u0565\u057c \/ Whatsapp\u00a0\u00a0<a href=\"tel:+1-809-720-6035\">+1-809-720-6035<\/a>.<\/p>\n<p>\ud83d\udce9\u00a0<a href=\"mailto:reservabatour@gmail.com\">reservabatour@gmail.com<\/a><\/p>\n<p><strong>\u0544\u0565\u0576\u0584 \u0573\u056f\u0578\u0582\u0576 \u0565\u0576\u0584 \u057d\u0561\u0570\u0574\u0561\u0576\u0578\u0582\u0574 \u0561\u0576\u0571\u0576\u0561\u056f\u0561\u0576 \u0577\u0580\u057b\u0561\u0563\u0561\u0575\u0578\u0582\u0569\u0575\u0578\u0582\u0576\u0576\u0565\u0580 Whatsapp-\u056b \u056f\u0578\u0572\u0574\u056b\u0581.\u00a0<a href=\"tel:+1 (829) 318-9463\">+1 (829) 318-9463.<\/a><\/strong><\/p>\n<\/div>\n<\/div>\n<\/div>\n<\/div>\n<\/div>\n<\/div>\n\n\t\t<\/div>\n\t<\/div>\n<\/div><\/div><\/div><\/div>","protected":false},"excerpt":{"rendered":"<p><span style=\"vertical-align: inherit;\"><span style=\"vertical-align: inherit;\">Desde los hoteles de Las Terrenas ven con nosotros a visitor las ballenas jorobadas en el santuario de la Bah\u00eda de Saman\u00e1, P\u00fablica Dominicana: <\/span><span style=\"vertical-align: inherit;\">Viajes diarios de avistamiento de ballenas desde las Terrenas en Saman\u00e1. <\/span><span style=\"vertical-align: inherit;\">Cont\u00e1ctenos si tiene alguna pregunta sobre los viajes de avistamiento de ballenas en la bah\u00eda de Saman\u00e1 desde Las Terrenas.<\/span><\/span><\/p>\n<p>&nbsp;<\/p>\n<p><em><strong><span style=\"vertical-align: inherit;\"><span style=\"vertical-align: inherit;\">\u0537\u0584\u057d\u056f\u0578\u0582\u0580\u057d\u056b\u0561\u0576\u0565\u0580\u056b \u0568\u0576\u057f\u0580\u0578\u0582\u0569\u0575\u0578\u0582\u0576.<\/span><\/span><\/strong><\/em><\/p>","protected":false},"featured_media":12070,"template":"","meta":[],"product_cat":[159,655,273],"product_tag":[631,184,328,480,380,651,267,522,652,649,327,199,526,342,653,276,529,274,654],"class_list":["post-9913","product","type-product","status-publish","has-post-thumbnail","hentry","product_cat-fees-entrace","product_cat-1-samana","product_cat-whale-watching-samana","product_tag-631","product_tag-bacardi-island","product_tag-cayo-levantado-day-pass","product_tag-cheap-punta-cana-excursions","product_tag-el-limon-waterfall-and-bacardi-island-tour-from-punta-cana","product_tag-half-day-whale-watching-las-terrenas","product_tag-las-terrenas","product_tag-las-terrenas-excursions","product_tag-las-terrenas-whale-watching","product_tag-limon-from-punta-cana","product_tag-private-tours-samana","product_tag-samana-bay","product_tag-samana-day-trip","product_tag-samana-whale-watching","product_tag-whale-las-terrenas","product_tag-whale-samana","product_tag-whale-watching-2020","product_tag-whale-watching-dominican-republic","product_tag-whale-watching-trips-las-terrenas"],"_links":{"self":[{"href":"https:\/\/www.boattoursamana.com\/hy\/wp-json\/wp\/v2\/product\/9913","targetHints":{"allow":["GET"]}}],"collection":[{"href":"https:\/\/www.boattoursamana.com\/hy\/wp-json\/wp\/v2\/product"}],"about":[{"href":"https:\/\/www.boattoursamana.com\/hy\/wp-json\/wp\/v2\/types\/product"}],"wp:featuredmedia":[{"embeddable":true,"href":"https:\/\/www.boattoursamana.com\/hy\/wp-json\/wp\/v2\/media\/12070"}],"wp:attachment":[{"href":"https:\/\/www.boattoursamana.com\/hy\/wp-json\/wp\/v2\/media?parent=9913"}],"wp:term":[{"taxonomy":"product_cat","embeddable":true,"href":"https:\/\/www.boattoursamana.com\/hy\/wp-json\/wp\/v2\/product_cat?post=9913"},{"taxonomy":"product_tag","embeddable":true,"href":"https:\/\/www.boattoursamana.com\/hy\/wp-json\/wp\/v2\/product_tag?post=9913"}],"curies":[{"name":"wp","href":"https:\/\/api.w.org\/{rel}","templated":true}]}}